{"id":3639,"date":"2025-01-03T01:54:34","date_gmt":"2025-01-03T01:54:34","guid":{"rendered":"https:\/\/vapestornado.com\/?post_type=product&#038;p=3639"},"modified":"2025-08-28T07:39:36","modified_gmt":"2025-08-28T07:39:36","slug":"bang-king-vape-35000-puff-smart-digital-display-wholesale-disposable-electronic-cigarette-wholesale","status":"publish","type":"product","link":"https:\/\/vapestornado.com\/sl\/product\/bang-king-vape-35000-puff-smart-digital-display-wholesale-disposable-electronic-cigarette-wholesale\/","title":{"rendered":"Bang King Vape 35000 Puff Pametni digitalni zaslon Veleprodaja Elektronska cigareta za enkratno uporabo Veleprodaja"},"content":{"rendered":"<h1 class=\"product-title\">Bang King Vape 35000 Puff Pametni digitalni zaslon Veleprodaja Elektronska cigareta za enkratno uporabo Veleprodaja<\/h1>\n<p data-start=\"389\" data-end=\"758\">\u010ce i\u0161\u010dete vape za enkratno uporabo, ki uravnote\u017ei dolgotrajno delovanje, sodobne funkcije in drzne izbire okusov, je <strong data-start=\"517\" data-end=\"546\">Bang King Vape 35000 Vdihov<\/strong> narejen, da naredi vtis. Zasnovan z <strong data-start=\"584\" data-end=\"609\">pametni digitalni zaslon<\/strong> in ga poganja <strong data-start=\"627\" data-end=\"659\">baterija za ponovno polnjenje 1000 mAh<\/strong>, ta naprava dvigne udobje vapinga na vi\u0161jo raven, hkrati pa ostaja elegantna in \u017eepu prijazna.<\/p>\n<h4 data-start=\"760\" data-end=\"797\">35.000 vdihov \u010distega u\u017eitka<\/h4>\n<p data-start=\"798\" data-end=\"1171\">S svojim <strong data-start=\"807\" data-end=\"829\">23-mililitrsko posodo za e-teko\u010dino<\/strong> in napredno <strong data-start=\"843\" data-end=\"863\">mre\u017eastim sistemom grelne spirale<\/strong>, Bang King Vape zagotavlja doslednost od prvega do zadnjega vdiha. Vsak vdiha zagotavlja gladko paro in bogat okus brez suhih udarcev, ki jih povzro\u010dajo \u0161tevilni drugi izdelki za enkratno uporabo. Ponuja do <strong data-start=\"1060\" data-end=\"1076\">35.000 vpihih<\/strong>, je odli\u010dna izbira za mo\u0161ke, ki cenijo vzdr\u017eljivost in vrhunsko zmogljivost v eni napravi.<\/p>\n<h4 data-start=\"1173\" data-end=\"1204\">Prilagodljive mo\u017enosti nikotina<\/h4>\n<p data-start=\"1205\" data-end=\"1495\">Ta vape za enkratno uporabo, ki ustreza razli\u010dnim \u017eeljam, je na voljo z <strong data-start=\"1272\" data-end=\"1312\">0%, 2%, 3% in 5% jakosti nikotina<\/strong>. Ne glede na to, ali postopoma zmanj\u0161ujete ali imate raje mo\u010dnej\u0161i udarec, se Bang King Vape prilagodi va\u0161im potrebam, zaradi \u010desar je odli\u010dna veleprodajna mo\u017enost za razli\u010dne trge po vsej Evropi.<\/p>\n<h4 data-start=\"1497\" data-end=\"1542\">Pametni digitalni zaslon za popoln nadzor<\/h4>\n<p data-start=\"1543\" data-end=\"1881\">Ni\u010d ve\u010d ugibanja. Vgrajeni zaslon prikazuje va\u0161o <strong data-start=\"1593\" data-end=\"1632\">raven baterije in prostornino e-teko\u010dine<\/strong> v realnem \u010dasu, tako da vedno veste, kdaj je \u010das za ponovno polnjenje ali preklop. Ta funkcija ga lo\u010di od tradicionalnih vapeov za enkratno uporabo in ga uvr\u0161\u010da v isti vrhunski razred kot priljubljeni modeli, kot je <strong data-start=\"1830\" data-end=\"1878\">Elf Bar GH23000 Nikotinska kapsula za vape za enkratno uporabo<\/strong>.<\/p>\n<h4 data-start=\"1883\" data-end=\"1915\">Hitro polnjenje s Type-C<\/h4>\n<p data-start=\"1916\" data-end=\"2180\">Opremljen z <strong data-start=\"1930\" data-end=\"1953\">USB-C hitro polnjenje<\/strong>, je baterija 1000 mAh pripravljena v kratkem \u010dasu. Zaradi tega je \u0161e posebej privla\u010dna za veleprodajne kupce, ki i\u0161\u010dejo vape za enkratno uporabo, ki zdru\u017euje udobje ponovne uporabe s preprostostjo napolnjenih kapsul.<\/p>\n<p>&nbsp;<\/p>\n<p><span style=\"color: #ff0000;\"><strong>Dodajte Amy na Whatsapp in prejmite takoj\u0161en odgovor ter kupon za vape!<\/strong><\/span><\/p>\n<p><img fetchpriority=\"high\" decoding=\"async\" class=\"size-full wp-image-2932\" src=\"https:\/\/vapestornado.com\/wp-content\/uploads\/2024\/12\/Vape-Wholesale.jpg\" alt=\"Vape Veleprodaja\" width=\"229\" height=\"300\" \/><\/p>\n<h3><a href=\"https:\/\/wa.me\/8617776015835\" target=\"_blank\" rel=\"noopener\"><span style=\"color: #ff0000;\"><strong>WhatsApp: +386 17776015835<\/strong><\/span><\/a><\/h3>\n<p>&nbsp;<\/p>\n<h2 class=\"product-title\"><strong>Lastnosti izdelka Bang King Vape 35000<\/strong><\/h2>\n<div role=\"article\" data-tabster=\"{&quot;groupper&quot;:{&quot;tabbability&quot;:2},&quot;focusable&quot;:{}}\" data-content=\"ai-message\" aria-labelledby=\"juhNTJ6o7Gk1cgwZMJgv2-author juhNTJ6o7Gk1cgwZMJgv2-content\">\n<div id=\"juhNTJ6o7Gk1cgwZMJgv2-content\">\n<div role=\"article\" data-tabster=\"{&quot;groupper&quot;:{&quot;tabbability&quot;:2},&quot;focusable&quot;:{}}\" data-content=\"ai-message\" aria-labelledby=\"x4EZuCZWrTbh3weWUt7CU-author x4EZuCZWrTbh3weWUt7CU-content\">\n<div id=\"x4EZuCZWrTbh3weWUt7CU-content\">\n<div class=\"flex max-w-full flex-col flex-grow\">\n<div class=\"min-h-8 text-message flex w-full flex-col items-end gap-2 whitespace-normal break-words text-start [.text-message+&amp;]:mt-5\" dir=\"auto\" data-message-author-role=\"assistant\" data-message-id=\"52c6e00a-252f-4104-805d-2f1a84739c71\" data-message-model-slug=\"gpt-4o\">\n<div class=\"flex w-full flex-col gap-1 empty:hidden first:pt-[3px]\">\n<div class=\"markdown prose w-full break-words dark:prose-invert light\">\n<ol>\n<li><strong>35.000 vpihov<\/strong>: Izjemno \u0161tevilo vpihov za dolgotrajno zadovoljstvo.<\/li>\n<li><strong>Pametni digitalni zaslon<\/strong>: Prikazuje nivo baterije in e-teko\u010dine za enostavno uporabo.<\/li>\n<li><strong>23 ml prostornina e-teko\u010dine<\/strong>: Velika prostornina za dalj\u0161e seanse vapinga.<\/li>\n<li><strong>Tehnologija Mre\u017easte Tuljave<\/strong>: Izbolj\u0161a okus in zagotavlja dosledno delovanje.<\/li>\n<li><strong>1000 mAh baterija za ponovno polnjenje<\/strong>: Zanesljiva mo\u010d s hitrim polnjenjem USB-C.<\/li>\n<li><strong>Za\u0161\u010dita proti suhemu gorenju<\/strong>: Zagotavlja gladke in zadovoljive vpihe.<\/li>\n<\/ol>\n<\/div>\n<\/div>\n<\/div>\n<\/div>\n<div class=\"mb-2 flex gap-3 empty:hidden -ml-2\"><img decoding=\"async\" class=\"wp-image-3635 size-full\" src=\"https:\/\/vapestornado.com\/wp-content\/uploads\/2025\/01\/Bang-King-35000-Puffs-Disposable-Vapes-Wholesale.jpg\" alt=\"Bang King 35000 Puffs Disposable Vapes Veleprodaja\" width=\"800\" height=\"800\" srcset=\"https:\/\/vapestornado.com\/wp-content\/uploads\/2025\/01\/Bang-King-35000-Puffs-Disposable-Vapes-Wholesale.jpg 800w, https:\/\/vapestornado.com\/wp-content\/uploads\/2025\/01\/Bang-King-35000-Puffs-Disposable-Vapes-Wholesale-300x300.jpg 300w, https:\/\/vapestornado.com\/wp-content\/uploads\/2025\/01\/Bang-King-35000-Puffs-Disposable-Vapes-Wholesale-150x150.jpg 150w, https:\/\/vapestornado.com\/wp-content\/uploads\/2025\/01\/Bang-King-35000-Puffs-Disposable-Vapes-Wholesale-768x768.jpg 768w, https:\/\/vapestornado.com\/wp-content\/uploads\/2025\/01\/Bang-King-35000-Puffs-Disposable-Vapes-Wholesale-600x600.jpg 600w, https:\/\/vapestornado.com\/wp-content\/uploads\/2025\/01\/Bang-King-35000-Puffs-Disposable-Vapes-Wholesale-100x100.jpg 100w\" sizes=\"(max-width: 800px) 100vw, 800px\" \/><\/div>\n<\/div>\n<\/div>\n<\/div>\n<\/div>\n<h2 class=\"product-title\"><strong>Priljubljeni okusi za Bang King Vape 35000<\/strong><strong>\u00a0<\/strong><strong>ve\u010dkratne vape<\/strong><\/h2>\n<p>Bang King Vape 35000 ponuja raznoliko in vznemirljivo izbiro mo\u017enosti za va\u0161o linijo izdelkov, ki ustreza razli\u010dnim okusom! Spodaj so priljubljeni okusi, dolo\u010deni na podlagi na\u0161ih prodajnih podatkov in povratnih informacij strank.<\/p>\n<p>1. Jagoda Mango <strong><span style=\"color: #ff0000;\">&gt;&gt;&gt; Vro\u010de!<\/span><\/strong><br \/>\n2.Love66<br \/>\n3.Modra malina led <strong><span style=\"color: #ff0000;\">&gt;&gt;&gt; Vro\u010de!<\/span><\/strong><br \/>\n4. Jagoda Lubenica<br \/>\n5.Limonina meta<br \/>\n6.Dvojno jabolko<br \/>\n7.Energijska pija\u010da<br \/>\n8.Breskev Led<br \/>\n9.Jagoda Kivi <strong><span style=\"color: #ff0000;\">&gt;&gt;&gt; Najbolj\u0161e!<\/span><\/strong><br \/>\n10.Grozdni led<br \/>\n11. Borovnica z ledom <strong><span style=\"color: #ff0000;\">&gt;&gt;&gt; Vro\u010de!<\/span><\/strong><br \/>\n12.Lubenica<\/p>\n<div class=\"flex-shrink-0 flex flex-col relative items-end\">\n<div class=\"pt-0\">\n<div class=\"gizmo-bot-avatar flex h-8 w-8 items-center justify-center overflow-hidden rounded-full\">\n<div class=\"relative p-1 rounded-sm flex items-center justify-center bg-token-main-surface-primary text-token-text-primary h-8 w-8\">\n<h2>Pogosta vpra\u0161anja za BangKing Vape 35000 Smart<strong>\u00a0<\/strong>Vape za enkratno uporabo<\/h2>\n<h3><\/h3>\n<ol>\n<li><strong>Koliko vdihov zagotavlja Bang King 35000?<\/strong><br \/>\nThe <strong>Bang King 35000<\/strong> ponuja osupljivo <strong>35.000 vpihih<\/strong>, zaradi \u010desar je eden najdlje obstojnih vapov za enkratno uporabo na voljo.<\/li>\n<li><strong>Kak\u0161na je prostornina e-teko\u010dine v vapu Bang King 35000?<\/strong><br \/>\nIma <strong>23-mililitrsko zmogljivost e-teko\u010dine<\/strong>, kar zagotavlja dolgotrajno uporabo brez pogostih ponovnih polnjenj.<\/li>\n<li><strong>Ali ima BangKing 35000 baterijo za ponovno polnjenje?<\/strong><br \/>\nDa, vklju\u010duje <strong>baterija za ponovno polnjenje 1000 mAh<\/strong> z <strong>USB-C polnjenje<\/strong>, kar omogo\u010da trajnostno in priro\u010dno uporabo.<\/li>\n<li><strong>Po \u010dem je pametni digitalni zaslon edinstven?<\/strong><br \/>\nThe <strong>digitalni zaslon<\/strong> prikazuje klju\u010dne podrobnosti, kot so <strong>odstotkom baterije<\/strong> in <strong>ravni e-teko\u010dine<\/strong>, kar olaj\u0161a spremljanje va\u0161e uporabe.<\/li>\n<li><strong>Kje lahko kupim Bang King Vape 35000 Puff po veleprodajnih cenah?<\/strong><br \/>\nZa najbolj\u0161e <strong>veleprodajne cene<\/strong>, obi\u0161\u010dite <strong>vapestornado Spletna trgovina za vapovanje<\/strong>, ki ponuja odli\u010dne ponudbe in \u0161iroko paleto izdelkov.<\/li>\n<\/ol>\n<div class=\"flex max-w-full flex-col flex-grow\">\n<div class=\"min-h-8 text-message flex w-full flex-col items-end gap-2 whitespace-normal break-words text-start [.text-message+&amp;]:mt-5\" dir=\"auto\" data-message-author-role=\"assistant\" data-message-id=\"4dc48248-df95-45bd-b800-6dedb43cf7f1\" data-message-model-slug=\"gpt-4o\">\n<div class=\"flex w-full flex-col gap-1 empty:hidden first:pt-[3px]\"><\/div>\n<\/div>\n<\/div>\n<\/div>\n<\/div>\n<\/div>\n<\/div>\n<div class=\"flex-shrink-0 flex flex-col relative items-end\">\n<div class=\"pt-0\">\n<div class=\"gizmo-bot-avatar flex h-8 w-8 items-center justify-center overflow-hidden rounded-full\">\n<div class=\"relative p-1 rounded-sm flex items-center justify-center bg-token-main-surface-primary text-token-text-primary h-8 w-8\">\n<div class=\"mb-2 flex gap-3 empty:hidden -ml-2\">\n<div role=\"article\" data-tabster=\"{&quot;groupper&quot;:{&quot;tabbability&quot;:2},&quot;focusable&quot;:{}}\" data-content=\"ai-message\" aria-labelledby=\"Vdt5ez4X7Tg813x6rFVha-author Vdt5ez4X7Tg813x6rFVha-content\">\n<div id=\"Vdt5ez4X7Tg813x6rFVha-content\">\n<div role=\"article\" data-tabster=\"{&quot;groupper&quot;:{&quot;tabbability&quot;:2},&quot;focusable&quot;:{}}\" data-content=\"ai-message\" aria-labelledby=\"o968oC7CEo2fGHsGdsRYC-author o968oC7CEo2fGHsGdsRYC-content\">\n<div id=\"o968oC7CEo2fGHsGdsRYC-content\">\n<h2>Zakaj izbrati vapestornado za veleprodajo vape Bang King 35k Puff?<\/h2>\n<div class=\"flex-shrink-0 flex flex-col relative items-end\">\n<div class=\"pt-0\">\n<div class=\"gizmo-bot-avatar flex h-8 w-8 items-center justify-center overflow-hidden rounded-full\">\n<div class=\"relative p-1 rounded-sm flex items-center justify-center bg-token-main-surface-primary text-token-text-primary h-8 w-8\">\n<p>Dobrodo\u0161li v vapestornadu, va\u0161i zaupanja vredni spletni trgovini z veipi za vrhunske veipe za enkratno uporabo. Z ve\u010d kot 5-letnimi izku\u0161njami vam prina\u0161amo priljubljene blagovne znamke veipov za enkratno uporabo, kot so Fumot RandM Vape, <a href=\"https:\/\/vapestornado.com\/sl\/product-category\/vapme-shisha\/\">Vapme<\/a>, Bang Vape, Waspe Vape in WGA Vape, itd.<\/p>\n<p>Na\u0161a ponudba vklju\u010duje vro\u010de prodajane veipe, kot je <a href=\"https:\/\/vapestornado.com\/sl\/product\/randm-12000-puffs-fumot-digital-disposable-vape-wholesale-price\/\">RandM Tornado 12000<\/a>, in izbire, bogate z okusi, kot je <a href=\"https:\/\/vapestornado.com\/sl\/product\/wga-crystal-pro-max-extra-15000-puffs-rechargeable-disposable-vape-wholesale-bulk-buy\/\">\u00a0WGA Kristal 15k Vdihov<\/a> Vsak izdelek je izbran s poudarkom na kakovosti, vrednosti in raznolikosti, kar zagotavlja, da boste na\u0161li popolno ujemanje za svoje potrebe. Odkrijte izjemno storitev in \u0161iroko paleto vrhunskih izdelkov po veleprodajni ceni pri vapestornado.<\/p>\n<\/div>\n<p>&nbsp;<\/p>\n<p><strong>Druge vro\u010de prodajane e-cigarete za enkratno uporabo<\/strong><\/p>\n<p><a href=\"https:\/\/vapestornado.com\/sl\/product\/vozol-star-20000-puffs-disposable-vape-2-low-nicotine-bulk-buy-wholesale-cheap-price\/\">VOZOL Star 20000 vdihov <span style=\"color: #ff0000;\"><strong>&gt;&gt;&gt;&gt; Pojdi !<\/strong><\/span><\/a><\/p>\n<p><a href=\"https:\/\/vapestornado.com\/sl\/product\/refillable-disposable-vape-bang-40000-puffs-with-smart-screen-display-wholesale\/\">Bang 40000 vdihov<span style=\"color: #ff0000;\"><strong>&gt;&gt;&gt;&gt; Pojdi !<\/strong><\/span><\/a><\/p>\n<p><a href=\"https:\/\/vapestornado.com\/sl\/product\/puff-25k-bang-king-25000-puffs-rechargeable-disposable-vape-wholesale-bulk-buy\/\">Bang King 25000 <span style=\"color: #ff0000;\"><strong>&gt;&gt;&gt;&gt; Pojdi !<\/strong><\/span><\/a><\/p>\n<\/div>\n<\/div>\n<\/div>\n<p>&nbsp;<\/p>\n<\/div>\n<\/div>\n<\/div>\n<\/div>\n<\/div>\n<\/div>\n<\/div>\n<\/div>\n<\/div>","protected":false},"excerpt":{"rendered":"<p>BangKing Vape 35000 Puffs 2% nizek nikotin Vape za enkratno uporabo Veleprodaja<br \/>\nBang King 35000 Puff Digitalni zaslon Vape za enkratno uporabo Ve\u010dji nakup<br \/>\nBang King Vape 35k Polnilni Vape za enkratno uporabo Ugodna cena<\/p>\n<p><strong>Dodajte Amy na WhatsApp in prejmite takoj\u0161en odgovor ter kupon za vape!<\/strong><\/p>\n<p><img fetchpriority=\"high\" decoding=\"async\" class=\"size-full wp-image-2932\" src=\"https:\/\/vapestornado.com\/wp-content\/uploads\/2024\/12\/Vape-Wholesale.jpg\" alt=\"Vape Veleprodaja\" width=\"229\" height=\"300\" \/><\/p>\n<h3><a href=\"https:\/\/wa.me\/8617776015835\"><span style=\"color: #ff0000;\"><strong>WhatsApp: +386 17776015835<\/strong><\/span><\/a><\/h3>\n<p>&nbsp;<\/p>","protected":false},"featured_media":3636,"comment_status":"open","ping_status":"closed","template":"","meta":{"_acf_changed":false,"_uag_custom_page_level_css":"","_lmt_disableupdate":"no","_lmt_disable":"","_monsterinsights_skip_tracking":false,"_monsterinsights_sitenote_active":false,"_monsterinsights_sitenote_note":"","_monsterinsights_sitenote_category":0,"site-sidebar-layout":"default","site-content-layout":"","ast-site-content-layout":"default","site-content-style":"default","site-sidebar-style":"default","ast-global-header-display":"","ast-banner-title-visibility":"","ast-main-header-display":"","ast-hfb-above-header-display":"","ast-hfb-below-header-display":"","ast-hfb-mobile-header-display":"","site-post-title":"","ast-breadcrumbs-content":"","ast-featured-img":"","footer-sml-layout":"","ast-disable-related-posts":"","theme-transparent-header-meta":"default","adv-header-id-meta":"","stick-header-meta":"","header-above-stick-meta":"","header-main-stick-meta":"","header-below-stick-meta":"","astra-migrate-meta-layouts":"set","ast-page-background-enabled":"default","ast-page-background-meta":{"desktop":{"background-color":"","background-image":"","background-repeat":"repeat","background-position":"center center","background-size":"auto","background-attachment":"scroll","background-type":"","background-media":"","overlay-type":"","overlay-color":"","overlay-opacity":"","overlay-gradient":""},"tablet":{"background-color":"","background-image":"","background-repeat":"repeat","background-position":"center center","background-size":"auto","background-attachment":"scroll","background-type":"","background-media":"","overlay-type":"","overlay-color":"","overlay-opacity":"","overlay-gradient":""},"mobile":{"background-color":"","background-image":"","background-repeat":"repeat","background-position":"center center","background-size":"auto","background-attachment":"scroll","background-type":"","background-media":"","overlay-type":"","overlay-color":"","overlay-opacity":"","overlay-gradient":""}},"ast-content-background-meta":{"desktop":{"background-color":"var(--ast-global-color-5)","background-image":"","background-repeat":"repeat","background-position":"center center","background-size":"auto","background-attachment":"scroll","background-type":"","background-media":"","overlay-type":"","overlay-color":"","overlay-opacity":"","overlay-gradient":""},"tablet":{"background-color":"var(--ast-global-color-5)","background-image":"","background-repeat":"repeat","background-position":"center center","background-size":"auto","background-attachment":"scroll","background-type":"","background-media":"","overlay-type":"","overlay-color":"","overlay-opacity":"","overlay-gradient":""},"mobile":{"background-color":"var(--ast-global-color-5)","background-image":"","background-repeat":"repeat","background-position":"center center","background-size":"auto","background-attachment":"scroll","background-type":"","background-media":"","overlay-type":"","overlay-color":"","overlay-opacity":"","overlay-gradient":""}},"_joinchat":{"telephone":"+8617776015835"}},"product_brand":[],"product_cat":[175,63,152,157,160,143,144],"product_tag":[224,223,165,105,97,166,94],"class_list":{"0":"post-3639","1":"product","2":"type-product","3":"status-publish","4":"has-post-thumbnail","6":"product_cat-35000-puff","7":"product_cat-bangking","8":"product_cat-buy-disposable-vapes-in-cermany","9":"product_cat-buy-disposable-vapes-in-portugal","10":"product_cat-buy-disposable-vapes-in-switzerland","11":"product_cat-dual-mesh-disposable-vapes","12":"product_cat-low-nicotine-disposable-vapes","13":"product_tag-bang-king-35000","14":"product_tag-bang-king-vape-35000","15":"product_tag-cheap-vapes","16":"product_tag-digital-disposable-vape","17":"product_tag-hot-sale-disposable-vape","18":"product_tag-low-nicotine-vape","19":"product_tag-rechargeable-disposable-vape","20":"desktop-align-left","21":"tablet-align-left","22":"mobile-align-left","24":"first","25":"instock","26":"sale","27":"shipping-taxable","28":"purchasable","29":"product-type-simple"},"acf":[],"uagb_featured_image_src":{"full":["https:\/\/vapestornado.com\/wp-content\/uploads\/2025\/01\/Bang-King-Vape-35000-Puffs-Wholesale.webp",800,800,false],"thumbnail":["https:\/\/vapestornado.com\/wp-content\/uploads\/2025\/01\/Bang-King-Vape-35000-Puffs-Wholesale-150x150.webp",150,150,true],"medium":["https:\/\/vapestornado.com\/wp-content\/uploads\/2025\/01\/Bang-King-Vape-35000-Puffs-Wholesale-300x300.webp",300,300,true],"medium_large":["https:\/\/vapestornado.com\/wp-content\/uploads\/2025\/01\/Bang-King-Vape-35000-Puffs-Wholesale-768x768.webp",768,768,true],"large":["https:\/\/vapestornado.com\/wp-content\/uploads\/2025\/01\/Bang-King-Vape-35000-Puffs-Wholesale.webp",800,800,false],"1536x1536":["https:\/\/vapestornado.com\/wp-content\/uploads\/2025\/01\/Bang-King-Vape-35000-Puffs-Wholesale.webp",800,800,false],"2048x2048":["https:\/\/vapestornado.com\/wp-content\/uploads\/2025\/01\/Bang-King-Vape-35000-Puffs-Wholesale.webp",800,800,false],"trp-custom-language-flag":["https:\/\/vapestornado.com\/wp-content\/uploads\/2025\/01\/Bang-King-Vape-35000-Puffs-Wholesale.webp",12,12,false],"woocommerce_thumbnail":["https:\/\/vapestornado.com\/wp-content\/uploads\/2025\/01\/Bang-King-Vape-35000-Puffs-Wholesale-300x300.webp",300,300,true],"woocommerce_single":["https:\/\/vapestornado.com\/wp-content\/uploads\/2025\/01\/Bang-King-Vape-35000-Puffs-Wholesale-600x600.webp",600,600,true],"woocommerce_gallery_thumbnail":["https:\/\/vapestornado.com\/wp-content\/uploads\/2025\/01\/Bang-King-Vape-35000-Puffs-Wholesale-100x100.webp",100,100,true]},"uagb_author_info":{"display_name":"ESAMY","author_link":"https:\/\/vapestornado.com\/sl\/author\/"},"uagb_comment_info":0,"uagb_excerpt":"BangKing Vape 35000 Puffs 2% Low Nicotine Disposable Vape Wholesale Bang King 35000 Puff \u00a0Digital Display Disposable Vape Bulk Buy Bang King Vape 35k Rechargeable Disposable Vape Cheap Price Add Amy's whatsapp get right reply and vape coupon! WhatsApp: +86 17776015835 &nbsp;","_links":{"self":[{"href":"https:\/\/vapestornado.com\/sl\/wp-json\/wp\/v2\/product\/3639","targetHints":{"allow":["GET"]}}],"collection":[{"href":"https:\/\/vapestornado.com\/sl\/wp-json\/wp\/v2\/product"}],"about":[{"href":"https:\/\/vapestornado.com\/sl\/wp-json\/wp\/v2\/types\/product"}],"replies":[{"embeddable":true,"href":"https:\/\/vapestornado.com\/sl\/wp-json\/wp\/v2\/comments?post=3639"}],"wp:featuredmedia":[{"embeddable":true,"href":"https:\/\/vapestornado.com\/sl\/wp-json\/wp\/v2\/media\/3636"}],"wp:attachment":[{"href":"https:\/\/vapestornado.com\/sl\/wp-json\/wp\/v2\/media?parent=3639"}],"wp:term":[{"taxonomy":"product_brand","embeddable":true,"href":"https:\/\/vapestornado.com\/sl\/wp-json\/wp\/v2\/product_brand?post=3639"},{"taxonomy":"product_cat","embeddable":true,"href":"https:\/\/vapestornado.com\/sl\/wp-json\/wp\/v2\/product_cat?post=3639"},{"taxonomy":"product_tag","embeddable":true,"href":"https:\/\/vapestornado.com\/sl\/wp-json\/wp\/v2\/product_tag?post=3639"}],"curies":[{"name":"wp","href":"https:\/\/api.w.org\/{rel}","templated":true}]}}