{"id":3631,"date":"2025-01-02T09:26:09","date_gmt":"2025-01-02T09:26:09","guid":{"rendered":"https:\/\/vapestornado.com\/?post_type=product&#038;p=3631"},"modified":"2025-08-23T09:38:46","modified_gmt":"2025-08-23T09:38:46","slug":"uwin-tornado-vape-music-35000-puffs-wholesale-price","status":"publish","type":"product","link":"https:\/\/vapestornado.com\/sl\/product\/uwin-tornado-vape-music-35000-puffs-wholesale-price\/","title":{"rendered":"UWIN Tornado Vape Music 35000 Puffs Veleprodajna cena"},"content":{"rendered":"<h1>UWIN Tornado Vape Music 35000 Puffs Veleprodajna cena<\/h1>\n<p>&nbsp;<\/p>\n<div role=\"article\" data-tabster=\"{&quot;groupper&quot;:{&quot;tabbability&quot;:2},&quot;focusable&quot;:{}}\" data-content=\"ai-message\" aria-labelledby=\"64JRvXrTnY7mRmPkEQLLT-author 64JRvXrTnY7mRmPkEQLLT-content\">\n<div id=\"64JRvXrTnY7mRmPkEQLLT-content\">\n<p data-start=\"318\" data-end=\"611\">The <strong data-start=\"322\" data-end=\"377\">UWIN Tornado Vape Music 35000 Vpihov E-cigareta za enkratno uporabo<\/strong> zdru\u017euje visoko kapaciteto, zmogljivost in edinstven dizajn za posamezne uporabnike in kupce na debelo. Z do <strong data-start=\"492\" data-end=\"508\">35.000 vpihih<\/strong> in <strong data-start=\"513\" data-end=\"535\">16 vrhunskih okusov<\/strong>vpihi zagotavlja dolgotrajno uporabo in raznolikost, ki ustreza razli\u010dnim \u017eeljam.<\/p>\n<p data-start=\"613\" data-end=\"882\">Na voljo v <strong data-start=\"626\" data-end=\"667\">0%, 2%, 3% in 5% jakosti nikotina<\/strong>ta vape je primeren za \u0161irok krog uporabnikov. The <strong data-start=\"710\" data-end=\"728\">Mre\u017ena tuljava 1,0 \u03a9<\/strong> zagotavlja gladko proizvodnjo pare, medtem ko <strong data-start=\"772\" data-end=\"803\">650mAh polnilno baterijo<\/strong> z <strong data-start=\"809\" data-end=\"833\">hitro polnjenje Type-C<\/strong> zagotavlja zanesljivo mo\u010d za dalj\u0161e seanse.<\/p>\n<p data-start=\"884\" data-end=\"1179\">Njegov izstopajo\u010di <strong data-start=\"897\" data-end=\"920\">RGB sistem osvetlitve<\/strong> se sinhronizira z glasbenimi ritmi in ponuja interaktivno izku\u0161njo ob doslednem okusu in zmogljivosti. Pakirano v <strong data-start=\"1037\" data-end=\"1058\">kartonih po 160 kosov<\/strong> (21 kg na karton), je <strong data-start=\"1082\" data-end=\"1102\">UWIN Tornado 35K<\/strong> zasnovan za u\u010dinkovito veleprodajno distribucijo in mo\u010dno maloprodajno povpra\u0161evanje.<\/p>\n<figure id=\"attachment_3652\" aria-describedby=\"caption-attachment-3652\" style=\"width: 669px\" class=\"wp-caption alignnone\"><img fetchpriority=\"high\" decoding=\"async\" class=\"wp-image-3652\" src=\"https:\/\/vapestornado.com\/wp-content\/uploads\/2025\/01\/Cheap-Price-Uwin-Tornado-35k-Puffs-Vape.jpg\" alt=\"Poceni cena Uwin Tornado 35k Puffs Vape\" width=\"669\" height=\"669\" srcset=\"https:\/\/vapestornado.com\/wp-content\/uploads\/2025\/01\/Cheap-Price-Uwin-Tornado-35k-Puffs-Vape.jpg 800w, https:\/\/vapestornado.com\/wp-content\/uploads\/2025\/01\/Cheap-Price-Uwin-Tornado-35k-Puffs-Vape-300x300.jpg 300w, https:\/\/vapestornado.com\/wp-content\/uploads\/2025\/01\/Cheap-Price-Uwin-Tornado-35k-Puffs-Vape-150x150.jpg 150w, https:\/\/vapestornado.com\/wp-content\/uploads\/2025\/01\/Cheap-Price-Uwin-Tornado-35k-Puffs-Vape-768x768.jpg 768w, https:\/\/vapestornado.com\/wp-content\/uploads\/2025\/01\/Cheap-Price-Uwin-Tornado-35k-Puffs-Vape-600x600.jpg 600w, https:\/\/vapestornado.com\/wp-content\/uploads\/2025\/01\/Cheap-Price-Uwin-Tornado-35k-Puffs-Vape-100x100.jpg 100w\" sizes=\"(max-width: 669px) 100vw, 669px\" \/><figcaption id=\"caption-attachment-3652\" class=\"wp-caption-text\">Poceni cena Uwin Tornado 35k Puffs Vape<\/figcaption><\/figure>\n<\/div>\n<\/div>\n<p><img decoding=\"async\" class=\"alignleft wp-image-2951 size-medium\" src=\"https:\/\/vapestornado.com\/wp-content\/uploads\/2024\/12\/Wholesale-Disposable-Vape-265x300.jpg\" alt=\"Veleprodaja Vape za Enkratno Uporabo\" width=\"265\" height=\"300\" srcset=\"https:\/\/vapestornado.com\/wp-content\/uploads\/2024\/12\/Wholesale-Disposable-Vape-265x300.jpg 265w, https:\/\/vapestornado.com\/wp-content\/uploads\/2024\/12\/Wholesale-Disposable-Vape-768x871.jpg 768w, https:\/\/vapestornado.com\/wp-content\/uploads\/2024\/12\/Wholesale-Disposable-Vape-600x680.jpg 600w, https:\/\/vapestornado.com\/wp-content\/uploads\/2024\/12\/Wholesale-Disposable-Vape.jpg 823w\" sizes=\"(max-width: 265px) 100vw, 265px\" \/><\/p>\n<h5>Za Zni\u017eano Ceno se Obrnite na Mandy na WhatsApp<a href=\"https:\/\/wa.me\/8618077105796\" target=\"_blank\" rel=\"noopener\">+8618077105796<\/a><\/h5>\n<div class=\"flex max-w-full flex-col flex-grow\">\n<div class=\"min-h-8 text-message flex w-full flex-col items-end gap-2 whitespace-normal break-words text-start [.text-message+&amp;]:mt-5\" dir=\"auto\" data-message-author-role=\"assistant\" data-message-id=\"cdb991c0-f594-4bff-b2d5-fbbdd7ce9e54\" data-message-model-slug=\"gpt-4o-mini\">\n<div class=\"flex w-full flex-col gap-1 empty:hidden first:pt-[3px]\">\n<div class=\"markdown prose w-full break-words dark:prose-invert light\"><\/div>\n<\/div>\n<\/div>\n<\/div>\n<div class=\"mb-2 flex gap-3 empty:hidden -ml-2\">\n<h2>UWIN Tornado Vape Music 35000 Puffs Klju\u010dne lastnosti:<\/h2>\n<ul>\n<li><strong>Mo\u017enosti nikotina<\/strong>: 0%, 2%, 3%, 5% \u2013 Prilagojeno za izpolnjevanje razli\u010dnih preferenc.<\/li>\n<li><strong>Vpihov<\/strong>: 35,000 \u2013 Izjemna dolgo\u017eivost za neprekinjeno izku\u0161njo vapinga.<\/li>\n<li><strong>Koli\u010dina v \u0161katli<\/strong>: 160 kosov \u2013 Idealno za veleprodajo in obse\u017eno distribucijo.<\/li>\n<li><strong>Okusi<\/strong>: 16 \u2013 Velik izbor, ki ustreza vsakemu okusu.<\/li>\n<li><strong>Baterija<\/strong>: 650mAh polnilna baterija s priklju\u010dkom Type-C \u2013 Zanesljiva mo\u010d s hitrim polnjenjem.<\/li>\n<li><strong>Tuljava<\/strong>: 1.0-ohmska mre\u017easta tuljava \u2013 Zagotavlja gladko in dosledno proizvodnjo pare.<\/li>\n<li><strong>Te\u017ea \u0161katle<\/strong>: 21kg \u2013 \u010cvrsta embala\u017ea za enostavno rokovanje.<\/li>\n<li><strong>Dimenzije \u0161katle<\/strong>: Kompaktne in optimizirane za u\u010dinkovito shranjevanje in po\u0161iljanje.<\/li>\n<li><strong>RGB lu\u010di<\/strong>: \u017divahna osvetlitev za moderno estetiko.<\/li>\n<li><strong>Dinami\u010dna osvetlitev<\/strong>: Lu\u010dke utripajo v ritmu glasbe in ustvarjajo izjemno izku\u0161njo vapinga.<\/li>\n<\/ul>\n<\/div>\n<h2>UWIN Tornado Music 35000 Vlekov Vapov za Enkratno Uporabo Okus:<\/h2>\n<p>1. Borovnica Malina<br \/>\n2. Grozdje Led<br \/>\n3. Jagodna lubenica<br \/>\n4.Borovnica na ledu<br \/>\n5.Ledena Lubenica<br \/>\n6.Ledena \u010ce\u0161nja<br \/>\n7.Jagoda Malina \u010ce\u0161nja Led<br \/>\n8.Kivi Pasijonka Guava<br \/>\n9. Jagodni Led<br \/>\n10.Breskev Mango Ananas<br \/>\n11.Borovnica \u010ce\u0161nja Brusnica<br \/>\n12. Breskev, jagodi\u010devje<br \/>\n13.\u010ce\u0161njeva kola<br \/>\n14.Me\u0161ano jagodi\u010devje<br \/>\n15.Gospod Modri<br \/>\n16.Poletna breskev led<\/p>\n<div role=\"article\" data-tabster=\"{&quot;groupper&quot;:{&quot;tabbability&quot;:2},&quot;focusable&quot;:{}}\" data-content=\"ai-message\" aria-labelledby=\"dARUyEWDoEYhnSPXFwx5A-author dARUyEWDoEYhnSPXFwx5A-content\">\n<div id=\"dARUyEWDoEYhnSPXFwx5A-content\">\n<h2>Zakaj izbrati UWIN Tornado Vapes Music 35000 Puf <strong>\u00a0<\/strong>at <a href=\"https:\/\/vapestornado.com\/sl\/product\/bang-box-35k-puffs-high-capacity-long-lasting-disposable-vape\/\">vapestornado.com?<\/a><\/h2>\n<ul>\n<li><strong>Neprimerljiva Kapaciteta Vpihov<\/strong>: 35.000 vdihov na napravo zagotavlja izjemno vrednost in dolgo \u017eivljenjsko dobo ter privablja ve\u010d strank.<\/li>\n<li><strong>Inovativna zasnova<\/strong>: Opremljen z RGB lu\u010dmi, ki se sinhronizirajo z glasbo, kar zagotavlja edinstveno in poglobljeno izku\u0161njo vapinga, ki izstopa na trgu.<\/li>\n<li><strong>Visokokakovostne komponente<\/strong>: Vsebuje 650 mAh baterijo za ponovno polnjenje, vrata tipa C in 1,0-ohmsko mre\u017easto tuljavo za dosledno in zanesljivo delovanje.<\/li>\n<li><strong>Raznolikost okusov<\/strong>: S 16 razli\u010dnimi okusi lahko stranke raziskujejo \u0161iroko paleto okusov, kar zagotavlja ponovne nakupe.<\/li>\n<li><strong>Embala\u017ea, primerna za razsuti tovor<\/strong>: Vsak karton vsebuje 160 kosov, zaradi \u010desar je popoln za veleprodajo in maloprodajo.<\/li>\n<li><strong>Konkuren\u010dne cene<\/strong>: vapestornado.com ponuja vodilne veleprodajne cene za maksimiranje va\u0161ih profitnih mar\u017e.<\/li>\n<li><strong>Zaupanja vreden dobavitelj<\/strong>: Z zavezanostjo kakovosti in zanesljivi dostavi je vapestornado.com partner, ki mu lahko zaupate pri rasti va\u0161ega podjetja.<\/li>\n<\/ul>\n<\/div>\n<\/div>\n<h2>Pogosta vpra\u0161anja o UWIN Tornado Vape Music 35000 Puffs Vape Pods<\/h2>\n<ul>\n<li><strong>Kaj dela UWIN 35k vdihov Tornado Vape Music edinstven?<\/strong><br \/>\nUWIN Tornado izstopa s svojim <strong>zmogljivostjo 35.000 vdihov<\/strong>, RGB lu\u010di, ki se sinhronizirajo z glasbo, in \u0161iroko paleto <strong>16 vrhunskih okusov<\/strong>, kar ponuja elegantno in poglobljeno izku\u0161njo vapinga.<\/li>\n<li><strong>Kak\u0161no vrsto tuljave uporablja UWIN Tornado Vape Music 35k puff?<\/strong><br \/>\nUWIN Tornado ima <strong>1,0-ohmska mre\u017easta tuljava<\/strong>, kar zagotavlja gladko, okusno in dosledno proizvodnjo pare pri vsakem vdihu.<\/li>\n<li><strong>Kako delujejo RGB lu\u010di?<\/strong><br \/>\nRGB lu\u010di naprave so dinami\u010dne in utripajo v ritmu glasbe, kar ustvarja vizualno privla\u010dno izku\u0161njo, ki dopolnjuje sodoben dizajn.<\/li>\n<li><strong>Zakaj bi moral izbrati UWIN Tornado Vapes 35000 Puffs namesto drugih e-cigaret za enkratno uporabo?<\/strong><br \/>\nUWIN Tornado zdru\u017euje vrhunsko kakovost, inovativne funkcije in neprimerljivo zmogljivost vdihov, zaradi \u010desar je vrhunska izbira na trgu vrhunskih e-cigaret.<\/li>\n<\/ul>","protected":false},"excerpt":{"rendered":"<p><strong>UWIN Tornado Vape Music 35000 vdihov<\/strong>, ki spreminja pravila igre v svetu vejpanja za enkratno uporabo. Z dinami\u010dnimi LED-lu\u010dmi, ki se sinhronizirajo z glasbo, izjemno kapaciteto 35.000 vdihov in polnilnim dizajnom Type-C, ta vejp zdru\u017euje inovativnost s stilom. Popoln za veletrgovce, ki i\u0161\u010dejo vrhunske naprave z visokim delovanjem po konkuren\u010dnih cenah.<\/p>\n<figure id=\"attachment_2951\" aria-describedby=\"caption-attachment-2951\" style=\"width: 265px\" class=\"wp-caption alignnone\"><img decoding=\"async\" class=\"size-medium wp-image-2951\" src=\"https:\/\/vapestornado.com\/wp-content\/uploads\/2024\/12\/Wholesale-Disposable-Vape-265x300.jpg\" alt=\"Veleprodaja Vape za Enkratno Uporabo\" width=\"265\" height=\"300\" srcset=\"https:\/\/vapestornado.com\/wp-content\/uploads\/2024\/12\/Wholesale-Disposable-Vape-265x300.jpg 265w, https:\/\/vapestornado.com\/wp-content\/uploads\/2024\/12\/Wholesale-Disposable-Vape-768x871.jpg 768w, https:\/\/vapestornado.com\/wp-content\/uploads\/2024\/12\/Wholesale-Disposable-Vape-600x680.jpg 600w, https:\/\/vapestornado.com\/wp-content\/uploads\/2024\/12\/Wholesale-Disposable-Vape.jpg 823w\" sizes=\"(max-width: 265px) 100vw, 265px\" \/><figcaption id=\"caption-attachment-2951\" class=\"wp-caption-text\">Za Zni\u017eano Ceno se Obrnite na Mandy na WhatsApp\u00a0 <a href=\"https:\/\/wa.me\/8618077105796\">+8618077105796<\/a><\/figcaption><\/figure>\n<p>&nbsp;<\/p>","protected":false},"featured_media":3654,"comment_status":"open","ping_status":"closed","template":"","meta":{"_acf_changed":false,"_uag_custom_page_level_css":"","_lmt_disableupdate":"no","_lmt_disable":"","_monsterinsights_skip_tracking":false,"_monsterinsights_sitenote_active":false,"_monsterinsights_sitenote_note":"","_monsterinsights_sitenote_category":0,"site-sidebar-layout":"default","site-content-layout":"","ast-site-content-layout":"default","site-content-style":"default","site-sidebar-style":"default","ast-global-header-display":"","ast-banner-title-visibility":"","ast-main-header-display":"","ast-hfb-above-header-display":"","ast-hfb-below-header-display":"","ast-hfb-mobile-header-display":"","site-post-title":"","ast-breadcrumbs-content":"","ast-featured-img":"","footer-sml-layout":"","ast-disable-related-posts":"","theme-transparent-header-meta":"default","adv-header-id-meta":"","stick-header-meta":"","header-above-stick-meta":"","header-main-stick-meta":"","header-below-stick-meta":"","astra-migrate-meta-layouts":"set","ast-page-background-enabled":"default","ast-page-background-meta":{"desktop":{"background-color":"","background-image":"","background-repeat":"repeat","background-position":"center center","background-size":"auto","background-attachment":"scroll","background-type":"","background-media":"","overlay-type":"","overlay-color":"","overlay-opacity":"","overlay-gradient":""},"tablet":{"background-color":"","background-image":"","background-repeat":"repeat","background-position":"center center","background-size":"auto","background-attachment":"scroll","background-type":"","background-media":"","overlay-type":"","overlay-color":"","overlay-opacity":"","overlay-gradient":""},"mobile":{"background-color":"","background-image":"","background-repeat":"repeat","background-position":"center center","background-size":"auto","background-attachment":"scroll","background-type":"","background-media":"","overlay-type":"","overlay-color":"","overlay-opacity":"","overlay-gradient":""}},"ast-content-background-meta":{"desktop":{"background-color":"var(--ast-global-color-5)","background-image":"","background-repeat":"repeat","background-position":"center center","background-size":"auto","background-attachment":"scroll","background-type":"","background-media":"","overlay-type":"","overlay-color":"","overlay-opacity":"","overlay-gradient":""},"tablet":{"background-color":"var(--ast-global-color-5)","background-image":"","background-repeat":"repeat","background-position":"center center","background-size":"auto","background-attachment":"scroll","background-type":"","background-media":"","overlay-type":"","overlay-color":"","overlay-opacity":"","overlay-gradient":""},"mobile":{"background-color":"var(--ast-global-color-5)","background-image":"","background-repeat":"repeat","background-position":"center center","background-size":"auto","background-attachment":"scroll","background-type":"","background-media":"","overlay-type":"","overlay-color":"","overlay-opacity":"","overlay-gradient":""}},"_joinchat":{"telephone":"+8618077105796"}},"product_brand":[],"product_cat":[175,140,150,157,233],"product_tag":[97,133],"class_list":{"0":"post-3631","1":"product","2":"type-product","3":"status-publish","4":"has-post-thumbnail","6":"product_cat-35000-puff","7":"product_cat-big-puffs-disposable-vapes","8":"product_cat-buy-disposable-vapes-in-belgium","9":"product_cat-buy-disposable-vapes-in-portugal","10":"product_cat-uwin-vape","11":"product_tag-hot-sale-disposable-vape","12":"product_tag-uwin-tornado-35000","13":"desktop-align-left","14":"tablet-align-left","15":"mobile-align-left","17":"first","18":"instock","19":"sale","20":"shipping-taxable","21":"purchasable","22":"product-type-simple"},"acf":[],"uagb_featured_image_src":{"full":["https:\/\/vapestornado.com\/wp-content\/uploads\/2025\/01\/Good-Sale-Uwin-Tornado-35k-Puffs-Disposable-Vape.jpg",800,800,false],"thumbnail":["https:\/\/vapestornado.com\/wp-content\/uploads\/2025\/01\/Good-Sale-Uwin-Tornado-35k-Puffs-Disposable-Vape-150x150.jpg",150,150,true],"medium":["https:\/\/vapestornado.com\/wp-content\/uploads\/2025\/01\/Good-Sale-Uwin-Tornado-35k-Puffs-Disposable-Vape-300x300.jpg",300,300,true],"medium_large":["https:\/\/vapestornado.com\/wp-content\/uploads\/2025\/01\/Good-Sale-Uwin-Tornado-35k-Puffs-Disposable-Vape-768x768.jpg",768,768,true],"large":["https:\/\/vapestornado.com\/wp-content\/uploads\/2025\/01\/Good-Sale-Uwin-Tornado-35k-Puffs-Disposable-Vape.jpg",800,800,false],"1536x1536":["https:\/\/vapestornado.com\/wp-content\/uploads\/2025\/01\/Good-Sale-Uwin-Tornado-35k-Puffs-Disposable-Vape.jpg",800,800,false],"2048x2048":["https:\/\/vapestornado.com\/wp-content\/uploads\/2025\/01\/Good-Sale-Uwin-Tornado-35k-Puffs-Disposable-Vape.jpg",800,800,false],"trp-custom-language-flag":["https:\/\/vapestornado.com\/wp-content\/uploads\/2025\/01\/Good-Sale-Uwin-Tornado-35k-Puffs-Disposable-Vape.jpg",12,12,false],"woocommerce_thumbnail":["https:\/\/vapestornado.com\/wp-content\/uploads\/2025\/01\/Good-Sale-Uwin-Tornado-35k-Puffs-Disposable-Vape-300x300.jpg",300,300,true],"woocommerce_single":["https:\/\/vapestornado.com\/wp-content\/uploads\/2025\/01\/Good-Sale-Uwin-Tornado-35k-Puffs-Disposable-Vape-600x600.jpg",600,600,true],"woocommerce_gallery_thumbnail":["https:\/\/vapestornado.com\/wp-content\/uploads\/2025\/01\/Good-Sale-Uwin-Tornado-35k-Puffs-Disposable-Vape-100x100.jpg",100,100,true]},"uagb_author_info":{"display_name":"ESMANDY","author_link":"https:\/\/vapestornado.com\/sl\/author\/"},"uagb_comment_info":0,"uagb_excerpt":"UWIN Tornado Vape Music 35000 Puffs, a game-changer in disposable vaping. With its dynamic music-synced LED lights, massive 35,000 puffs capacity, and rechargeable Type-C design, this vape blends innovation with style. Perfect for wholesalers seeking premium, high-performance devices at competitive prices. [caption id=\"attachment_2951\" align=\"alignnone\" width=\"265\"] Pls Contact Mandy's WhatsApp For Discount Price\u00a0 +8618077105796[\/caption] &nbsp;","_links":{"self":[{"href":"https:\/\/vapestornado.com\/sl\/wp-json\/wp\/v2\/product\/3631","targetHints":{"allow":["GET"]}}],"collection":[{"href":"https:\/\/vapestornado.com\/sl\/wp-json\/wp\/v2\/product"}],"about":[{"href":"https:\/\/vapestornado.com\/sl\/wp-json\/wp\/v2\/types\/product"}],"replies":[{"embeddable":true,"href":"https:\/\/vapestornado.com\/sl\/wp-json\/wp\/v2\/comments?post=3631"}],"wp:featuredmedia":[{"embeddable":true,"href":"https:\/\/vapestornado.com\/sl\/wp-json\/wp\/v2\/media\/3654"}],"wp:attachment":[{"href":"https:\/\/vapestornado.com\/sl\/wp-json\/wp\/v2\/media?parent=3631"}],"wp:term":[{"taxonomy":"product_brand","embeddable":true,"href":"https:\/\/vapestornado.com\/sl\/wp-json\/wp\/v2\/product_brand?post=3631"},{"taxonomy":"product_cat","embeddable":true,"href":"https:\/\/vapestornado.com\/sl\/wp-json\/wp\/v2\/product_cat?post=3631"},{"taxonomy":"product_tag","embeddable":true,"href":"https:\/\/vapestornado.com\/sl\/wp-json\/wp\/v2\/product_tag?post=3631"}],"curies":[{"name":"wp","href":"https:\/\/api.w.org\/{rel}","templated":true}]}}