{"id":3624,"date":"2025-01-02T07:15:34","date_gmt":"2025-01-02T07:15:34","guid":{"rendered":"https:\/\/vapestornado.com\/?post_type=product&#038;p=3624"},"modified":"2025-08-23T11:39:50","modified_gmt":"2025-08-23T11:39:50","slug":"vozol-star-20000-puffs-disposable-vape-2-low-nicotine-bulk-buy-wholesale-cheap-price","status":"publish","type":"product","link":"https:\/\/vapestornado.com\/sl\/product\/vozol-star-20000-puffs-disposable-vape-2-low-nicotine-bulk-buy-wholesale-cheap-price\/","title":{"rendered":"VOZOL Star 20000 Puffs Vape za enkratno uporabo 2% Nizka vsebnost nikotina Nakup na debelo Ugodna cena"},"content":{"rendered":"<h1 class=\"product-title\">VOZOL Star 20000 Puffs Vape za enkratno uporabo 2% Nizka vsebnost nikotina Nakup na debelo Ugodna cena<\/h1>\n<p data-start=\"197\" data-end=\"530\">The <strong data-start=\"201\" data-end=\"243\">VOZOL Star 20000 Vlekov, elektronska cigareta za enkratno uporabo<\/strong> je inovativna naprava, zasnovana za vaperje in <strong data-start=\"289\" data-end=\"315\">veleprodajne distributerje<\/strong> ki \u017eelijo na polici nekaj edinstvenega. Kot prvi za enkratno uporabo na svetu z <strong data-start=\"395\" data-end=\"421\">2,2-pal\u010dnim HD ogledalom z zaslonom<\/strong>, ponuja futuristi\u010dno zasnovo in prakti\u010dno funkcionalnost, zaradi \u010desar izstopa v vsaki maloprodajni ponudbi.<\/p>\n<p data-start=\"532\" data-end=\"840\">Z do <strong data-start=\"543\" data-end=\"559\">20.000 vdihov<\/strong>, je Star napajan z <strong data-start=\"586\" data-end=\"617\">650mAh polnilno baterijo<\/strong> in <strong data-start=\"624\" data-end=\"657\">24 ml prednapolnjene posode za e-teko\u010dino<\/strong>, kar zagotavlja podalj\u0161ano delovanje. Naprava <strong data-start=\"694\" data-end=\"719\">sistem z dvojno mre\u017easto tuljavo<\/strong> proizvaja bogat okus in goste oblake, medtem ko nastavljive nastavitve omogo\u010dajo uporabnikom, da prilagodijo svoje izku\u0161nje vapinga.<\/p>\n<p data-start=\"842\" data-end=\"1136\">The <strong data-start=\"846\" data-end=\"874\">interaktivni barvni zaslon<\/strong> prikazuje \u0161tevilo vdihov, nivo baterije in preostalo e-teko\u010dino v realnem \u010dasu, kar strankam daje popoln nadzor nad njihovo izku\u0161njo. Njegov eleganten in moderen zaklju\u010dek ga naredi \u0161e posebej privla\u010dnega za mlaj\u0161e demografske skupine v Sloveniji, Franciji, \u0160paniji in drugih trgih EU.<\/p>\n<p data-start=\"1138\" data-end=\"1324\">Za veletrgovce <strong data-start=\"1159\" data-end=\"1177\">VOZOL Star 20K<\/strong> zdru\u017euje napredne funkcije, dolgotrajno uporabo in konkuren\u010dne cene v razsutem stanju \u2013 zaradi \u010desar je priljubljena vape za enkratno uporabo za evropsko distribucijo.<\/p>\n<p><strong>Naro\u010dite VOZOL Star 20000 Disposable Vape<\/strong> prek spleta pri <strong>spletni trgovini za vape vapestornado<\/strong>\u00a0in u\u017eivajte v edinstvenih storitvah dostave po vsej <strong>Sloveniji<\/strong>, <strong>Nizozemski<\/strong>, <strong>Franciji<\/strong>, <strong>Italiji<\/strong>, <strong>\u0160paniji<\/strong>, <strong>\u0160vici<\/strong>, <strong>\u0160vedski<\/strong>, <strong>Poljski<\/strong>, <strong>Belgiji<\/strong>, <strong>Avstrija<\/strong>, <strong>Norve\u0161ka<\/strong>, <strong>Danska<\/strong>, <strong>Finska<\/strong>, <strong>Portugalska<\/strong>, <strong>Mad\u017earska<\/strong>, in \u0161e ve\u010d.<\/p>\n<p>&nbsp;<\/p>\n<p><span style=\"color: #ff0000;\"><strong>Dodajte Amy na Whatsapp in prejmite takoj\u0161en odgovor ter kupon za vape!<\/strong><\/span><\/p>\n<p><img fetchpriority=\"high\" decoding=\"async\" class=\"size-full wp-image-2932\" src=\"https:\/\/vapestornado.com\/wp-content\/uploads\/2024\/12\/Vape-Wholesale.jpg\" alt=\"Vape Veleprodaja\" width=\"229\" height=\"300\" \/><\/p>\n<h3><a href=\"https:\/\/wa.me\/8617776015835\" target=\"_blank\" rel=\"noopener\"><span style=\"color: #ff0000;\"><strong>WhatsApp: +386 17776015835<\/strong><\/span><\/a><\/h3>\n<p>&nbsp;<\/p>\n<h2 class=\"product-title\"><strong>Zna\u010dilnosti izdelka VOZOL Star 20000<\/strong><\/h2>\n<div role=\"article\" data-tabster=\"{&quot;groupper&quot;:{&quot;tabbability&quot;:2},&quot;focusable&quot;:{}}\" data-content=\"ai-message\" aria-labelledby=\"juhNTJ6o7Gk1cgwZMJgv2-author juhNTJ6o7Gk1cgwZMJgv2-content\">\n<div id=\"juhNTJ6o7Gk1cgwZMJgv2-content\">\n<div role=\"article\" data-tabster=\"{&quot;groupper&quot;:{&quot;tabbability&quot;:2},&quot;focusable&quot;:{}}\" data-content=\"ai-message\" aria-labelledby=\"x4EZuCZWrTbh3weWUt7CU-author x4EZuCZWrTbh3weWUt7CU-content\">\n<div id=\"x4EZuCZWrTbh3weWUt7CU-content\">\n<div class=\"flex max-w-full flex-col flex-grow\">\n<div class=\"min-h-8 text-message flex w-full flex-col items-end gap-2 whitespace-normal break-words text-start [.text-message+&amp;]:mt-5\" dir=\"auto\" data-message-author-role=\"assistant\" data-message-id=\"52c6e00a-252f-4104-805d-2f1a84739c71\" data-message-model-slug=\"gpt-4o\">\n<div class=\"flex w-full flex-col gap-1 empty:hidden first:pt-[3px]\">\n<div class=\"markdown prose w-full break-words dark:prose-invert light\">\n<p>&nbsp;<\/p>\n<ol>\n<li><strong>2,2\u2033 HD zrcalni zaslon<\/strong>: Jasen, interaktivni zaslon za enostavno spremljanje statistike vapinga.<\/li>\n<li><strong>Tehnologija dvojne mre\u017easte tuljave<\/strong>: Izbolj\u0161a intenzivnost okusa in zagotavlja enakomerno proizvodnjo pare.<\/li>\n<li><strong>Do 20.000 vdihov<\/strong>: Dolgotrajno vaping do\u017eivetje s prilagodljivo zmogljivostjo.<\/li>\n<li><strong>650mAh polnilna baterija<\/strong>: Hitro polnjenje za dalj\u0161o uporabo z minimalnim \u010dasom nedelovanja.<\/li>\n<li><strong>24 ml prostornina e-teko\u010dine<\/strong>: Zagotavlja dovolj e-teko\u010dine za dalj\u0161e seje brez pogostega ponovnega polnjenja.<\/li>\n<li><strong>Prozorna zasnova<\/strong>: Prikazuje preostalo e-teko\u010dino za dodatno udobje in enostavnost uporabe.<\/li>\n<\/ol>\n<figure id=\"attachment_3630\" aria-describedby=\"caption-attachment-3630\" style=\"width: 800px\" class=\"wp-caption alignnone\"><img decoding=\"async\" class=\"wp-image-3630 size-full\" src=\"https:\/\/vapestornado.com\/wp-content\/uploads\/2025\/01\/Vozol-Star-20000-Puff-Rechargeable-Disposable-Vape.webp\" alt=\"Vozol Star 20000 vpihov polnilni vape za enkratno uporabo\" width=\"800\" height=\"800\" srcset=\"https:\/\/vapestornado.com\/wp-content\/uploads\/2025\/01\/Vozol-Star-20000-Puff-Rechargeable-Disposable-Vape.webp 800w, https:\/\/vapestornado.com\/wp-content\/uploads\/2025\/01\/Vozol-Star-20000-Puff-Rechargeable-Disposable-Vape-300x300.webp 300w, https:\/\/vapestornado.com\/wp-content\/uploads\/2025\/01\/Vozol-Star-20000-Puff-Rechargeable-Disposable-Vape-150x150.webp 150w, https:\/\/vapestornado.com\/wp-content\/uploads\/2025\/01\/Vozol-Star-20000-Puff-Rechargeable-Disposable-Vape-768x768.webp 768w, https:\/\/vapestornado.com\/wp-content\/uploads\/2025\/01\/Vozol-Star-20000-Puff-Rechargeable-Disposable-Vape-600x600.webp 600w, https:\/\/vapestornado.com\/wp-content\/uploads\/2025\/01\/Vozol-Star-20000-Puff-Rechargeable-Disposable-Vape-100x100.webp 100w\" sizes=\"(max-width: 800px) 100vw, 800px\" \/><figcaption id=\"caption-attachment-3630\" class=\"wp-caption-text\">Vozol Star 20000 vpihov polnilni vape za enkratno uporabo<\/figcaption><\/figure>\n<\/div>\n<\/div>\n<\/div>\n<\/div>\n<div class=\"mb-2 flex gap-3 empty:hidden -ml-2\"><\/div>\n<\/div>\n<\/div>\n<\/div>\n<\/div>\n<h2 class=\"product-title\"><strong>Priljubljeni okusi za VOZOL Star 20000<\/strong><strong>\u00a0<\/strong><strong>ve\u010dkratne vape<\/strong><\/h2>\n<p>Vozol Star 20000 ponuja raznoliko in vznemirljivo paleto mo\u017enosti za va\u0161o linijo izdelkov, ki ustreza razli\u010dnim okusom! Prosimo, poi\u0161\u010dite priljubljene okuse glede na na\u0161 datum prodaje in povratne informacije strank.<\/p>\n<p>1. Limona in meta<br \/>\n2. Me\u0161ano jagodi\u010devje<span style=\"color: #ff0000;\"> <strong>&gt;&gt;&gt; Vro\u010de!<\/strong><\/span><br \/>\n3. Jagoda in mango<br \/>\n4. Mango led<br \/>\n5. Mango, ananas in grenivka<br \/>\n6. Grozdni led<span style=\"color: #ff0000;\"><strong>&gt;&gt;&gt; Vro\u010de!<\/strong><\/span><br \/>\n7.Breskev Led<br \/>\n8.Limona Limeta<br \/>\n9.Lubenica Led <span style=\"color: #ff0000;\"><strong>&gt;&gt;&gt; Vro\u010de!<\/strong><\/span><br \/>\n10.Zmajev Sade\u017e Banana \u010ce\u0161nja<br \/>\n11.Dvojno Jabolko Led<br \/>\n12.\u010ce\u0161njeva Limonada<br \/>\n13.Jagoda Lubenica<br \/>\n14.Modra Malina Led <span style=\"color: #ff0000;\"><strong>&gt;&gt;&gt; Vro\u010de!<\/strong><\/span><br \/>\n15.Borovni\u010deva Nevihta<br \/>\n16.Modri Mojito <span style=\"color: #ff0000;\"><strong>&gt;&gt;&gt; Najbolj\u0161e!<\/strong><\/span><br \/>\n17.Malina Lubenica<br \/>\n18.Lavaogenj<\/p>\n<p>&nbsp;<\/p>\n<div class=\"flex-shrink-0 flex flex-col relative items-end\">\n<div class=\"pt-0\">\n<div class=\"gizmo-bot-avatar flex h-8 w-8 items-center justify-center overflow-hidden rounded-full\">\n<div class=\"relative p-1 rounded-sm flex items-center justify-center bg-token-main-surface-primary text-token-text-primary h-8 w-8\">\n<h2>Pogosta vpra\u0161anja za VOZOL Star 20k<strong>\u00a0<\/strong>Vape za enkratno uporabo<\/h2>\n<p>&nbsp;<\/p>\n<ol>\n<li><strong>Kako dolgo zdr\u017ei VOZOL Star 20000?<\/strong><br \/>\nVOZOL Star zagotavlja do <strong>20.000 vdihov<\/strong>, kar nudi dolgotrajno izku\u0161njo za strastne vejpiste.<\/li>\n<li><strong>Kak\u0161en je namen 2,2-pal\u010dnega HD zrcalnega zaslona?<\/strong><br \/>\nThe <strong>2,2-pal\u010dnim HD zrcalnim zaslonom<\/strong> prikazuje pomembne informacije, kot so \u0161tevilo vdihov, \u017eivljenjska doba baterije in nivoji e-teko\u010dine za interaktivno, uporabniku prijazno izku\u0161njo.<\/li>\n<li><strong>Kako tehnologija dvojne mre\u017easte tuljave izbolj\u0161a izku\u0161njo vejpistov?<\/strong><br \/>\nThe <strong>dvojne mre\u017easte tuljave<\/strong> izbolj\u0161a intenzivnost okusa in zagotavlja dosledno proizvodnjo pare, kar uporabnikom omogo\u010da bolj gladko in bogatej\u0161o izku\u0161njo.<\/li>\n<li><strong>Ali je VOZOL Star mogo\u010de ponovno napolniti?<\/strong><br \/>\nDa, naprava je opremljena s <strong>650mAh polnilno baterijo<\/strong> in se lahko hitro napolni, da zmanj\u0161a \u010das izpadov.<\/li>\n<li><strong>Koliko e-teko\u010dine dr\u017ei VOZOL Star?<\/strong><br \/>\nThe <strong>VOZOL Star<\/strong> ima <strong>24mL kapaciteto e-teko\u010dine<\/strong>, kar je idealno za dalj\u0161e seje vapinga.<\/li>\n<li><strong>Kje lahko kupim VOZOL Star 20000 Puffs?<\/strong><br \/>\nThe <strong>VOZOL Star 20000 vdihov<\/strong> je na voljo za nakup na spletu na <strong>vapestornado<\/strong>s storitvami dostave v razli\u010dne evropske dr\u017eave, vklju\u010dno s <strong>Sloveniji<\/strong>, <strong>Franciji<\/strong>, <strong>Italiji<\/strong>, in \u0161e ve\u010d.<\/li>\n<\/ol>\n<div class=\"flex max-w-full flex-col flex-grow\"><\/div>\n<\/div>\n<\/div>\n<\/div>\n<\/div>\n<div class=\"flex-shrink-0 flex flex-col relative items-end\">\n<div class=\"pt-0\">\n<div class=\"gizmo-bot-avatar flex h-8 w-8 items-center justify-center overflow-hidden rounded-full\">\n<div class=\"relative p-1 rounded-sm flex items-center justify-center bg-token-main-surface-primary text-token-text-primary h-8 w-8\">\n<div class=\"mb-2 flex gap-3 empty:hidden -ml-2\">\n<div role=\"article\" data-tabster=\"{&quot;groupper&quot;:{&quot;tabbability&quot;:2},&quot;focusable&quot;:{}}\" data-content=\"ai-message\" aria-labelledby=\"Vdt5ez4X7Tg813x6rFVha-author Vdt5ez4X7Tg813x6rFVha-content\">\n<div id=\"Vdt5ez4X7Tg813x6rFVha-content\">\n<div role=\"article\" data-tabster=\"{&quot;groupper&quot;:{&quot;tabbability&quot;:2},&quot;focusable&quot;:{}}\" data-content=\"ai-message\" aria-labelledby=\"o968oC7CEo2fGHsGdsRYC-author o968oC7CEo2fGHsGdsRYC-content\">\n<div id=\"o968oC7CEo2fGHsGdsRYC-content\">\n<h2>Zakaj izbrati vapestornado za veleprodajo vape naprav VOZOL Star 20k Puffs?<\/h2>\n<div class=\"flex-shrink-0 flex flex-col relative items-end\">\n<div class=\"pt-0\">\n<div class=\"gizmo-bot-avatar flex h-8 w-8 items-center justify-center overflow-hidden rounded-full\">\n<div class=\"relative p-1 rounded-sm flex items-center justify-center bg-token-main-surface-primary text-token-text-primary h-8 w-8\">\n<p>Dobrodo\u0161li v vapestornadu, va\u0161i zaupanja vredni spletni trgovini z veipi za vrhunske veipe za enkratno uporabo. Z ve\u010d kot 5-letnimi izku\u0161njami vam prina\u0161amo priljubljene blagovne znamke veipov za enkratno uporabo, kot so Fumot RandM Vape, <a href=\"https:\/\/vapestornado.com\/sl\/product-category\/vapme-shisha\/\">Vapme<\/a>, Bang Vape, Waspe Vape in WGA Vape, itd.<\/p>\n<p>Na\u0161a ponudba vklju\u010duje vro\u010de prodajane veipe, kot je <a href=\"https:\/\/vapestornado.com\/sl\/product\/randm-12000-puffs-fumot-digital-disposable-vape-wholesale-price\/\">RandM Tornado 12000<\/a>, in izbire, bogate z okusi, kot je <a href=\"https:\/\/vapestornado.com\/sl\/product\/wga-crystal-pro-max-extra-15000-puffs-rechargeable-disposable-vape-wholesale-bulk-buy\/\">\u00a0WGA Kristal 15k Vdihov<\/a> Vsak izdelek je izbran s poudarkom na kakovosti, vrednosti in raznolikosti, kar zagotavlja, da boste na\u0161li popolno ujemanje za svoje potrebe. Odkrijte izjemno storitev in \u0161iroko paleto vrhunskih izdelkov po veleprodajni ceni pri vapestornado.<\/p>\n<\/div>\n<p>&nbsp;<\/p>\n<p><strong>Druge vro\u010de prodajane e-cigarete za enkratno uporabo<\/strong><\/p>\n<p><a href=\"https:\/\/vapestornado.com\/sl\/product\/vozol-vista-20000-vape-rechargeable-disposable-vape-wholesale-cheap-price\/\">VOZOL VISTA 20000 Vdihov <span style=\"color: #ff0000;\"><strong>&gt;&gt;&gt;&gt; Pojdi !<\/strong><\/span><\/a><\/p>\n<p><a href=\"https:\/\/vapestornado.com\/sl\/product\/vozol-gear-power-20k-20000-puffs-vape-rechargeable-disposable-box-bulk-buy-cheap-price\/\">VOZOL Star 20000<span style=\"color: #ff0000;\"><strong>&gt;&gt;&gt;&gt; Pojdi !<\/strong><\/span><\/a><\/p>\n<p><a href=\"https:\/\/vapestornado.com\/sl\/product\/puff-25k-bang-king-25000-puffs-rechargeable-disposable-vape-wholesale-bulk-buy\/\">Bang King 25000 <span style=\"color: #ff0000;\"><strong>&gt;&gt;&gt;&gt; Pojdi !<\/strong><\/span><\/a><\/p>\n<\/div>\n<\/div>\n<\/div>\n<p>&nbsp;<\/p>\n<\/div>\n<\/div>\n<\/div>\n<\/div>\n<\/div>\n<\/div>\n<\/div>\n<\/div>\n<\/div>","protected":false},"excerpt":{"rendered":"<p>VOZOL Star 20000 Vlekov 2%, nizka vsebnost nikotina, elektronska cigareta za enkratno uporabo, veleprodaja<br \/>\nVOZOL Star 20000 Vlekov, elektronska cigareta za enkratno uporabo z digitalnim zaslonom, masovni nakup<br \/>\nVOZOL Star 20k, elektronska cigareta za enkratno uporabo z mo\u017enostjo polnjenja, ugodna cena<\/p>\n<p><strong>Dodajte Amy na WhatsApp in prejmite takoj\u0161en odgovor ter kupon za vape!<\/strong><\/p>\n<p><img fetchpriority=\"high\" decoding=\"async\" class=\"size-full wp-image-2932\" src=\"https:\/\/vapestornado.com\/wp-content\/uploads\/2024\/12\/Vape-Wholesale.jpg\" alt=\"Vape Veleprodaja\" width=\"229\" height=\"300\" \/><\/p>\n<h3><a href=\"https:\/\/wa.me\/8617776015835\"><span style=\"color: #ff0000;\"><strong>WhatsApp: +386 17776015835<\/strong><\/span><\/a><\/h3>\n<p>&nbsp;<\/p>","protected":false},"featured_media":3625,"comment_status":"open","ping_status":"closed","template":"","meta":{"_acf_changed":false,"_uag_custom_page_level_css":"","_lmt_disableupdate":"no","_lmt_disable":"","_monsterinsights_skip_tracking":false,"_monsterinsights_sitenote_active":false,"_monsterinsights_sitenote_note":"","_monsterinsights_sitenote_category":0,"site-sidebar-layout":"default","site-content-layout":"","ast-site-content-layout":"default","site-content-style":"default","site-sidebar-style":"default","ast-global-header-display":"","ast-banner-title-visibility":"","ast-main-header-display":"","ast-hfb-above-header-display":"","ast-hfb-below-header-display":"","ast-hfb-mobile-header-display":"","site-post-title":"","ast-breadcrumbs-content":"","ast-featured-img":"","footer-sml-layout":"","ast-disable-related-posts":"","theme-transparent-header-meta":"default","adv-header-id-meta":"","stick-header-meta":"","header-above-stick-meta":"","header-main-stick-meta":"","header-below-stick-meta":"","astra-migrate-meta-layouts":"set","ast-page-background-enabled":"default","ast-page-background-meta":{"desktop":{"background-color":"","background-image":"","background-repeat":"repeat","background-position":"center center","background-size":"auto","background-attachment":"scroll","background-type":"","background-media":"","overlay-type":"","overlay-color":"","overlay-opacity":"","overlay-gradient":""},"tablet":{"background-color":"","background-image":"","background-repeat":"repeat","background-position":"center center","background-size":"auto","background-attachment":"scroll","background-type":"","background-media":"","overlay-type":"","overlay-color":"","overlay-opacity":"","overlay-gradient":""},"mobile":{"background-color":"","background-image":"","background-repeat":"repeat","background-position":"center center","background-size":"auto","background-attachment":"scroll","background-type":"","background-media":"","overlay-type":"","overlay-color":"","overlay-opacity":"","overlay-gradient":""}},"ast-content-background-meta":{"desktop":{"background-color":"var(--ast-global-color-5)","background-image":"","background-repeat":"repeat","background-position":"center center","background-size":"auto","background-attachment":"scroll","background-type":"","background-media":"","overlay-type":"","overlay-color":"","overlay-opacity":"","overlay-gradient":""},"tablet":{"background-color":"var(--ast-global-color-5)","background-image":"","background-repeat":"repeat","background-position":"center center","background-size":"auto","background-attachment":"scroll","background-type":"","background-media":"","overlay-type":"","overlay-color":"","overlay-opacity":"","overlay-gradient":""},"mobile":{"background-color":"var(--ast-global-color-5)","background-image":"","background-repeat":"repeat","background-position":"center center","background-size":"auto","background-attachment":"scroll","background-type":"","background-media":"","overlay-type":"","overlay-color":"","overlay-opacity":"","overlay-gradient":""}},"_joinchat":{"telephone":"+8617776015835"}},"product_brand":[],"product_cat":[69,154,155,157,160,142,146,57],"product_tag":[165,105,97,166,94,222,221,220],"class_list":{"0":"post-3624","1":"product","2":"type-product","3":"status-publish","4":"has-post-thumbnail","6":"product_cat-20000-puff","7":"product_cat-buy-disposable-vapes-in-netherlands","8":"product_cat-buy-disposable-vapes-in-norway","9":"product_cat-buy-disposable-vapes-in-portugal","10":"product_cat-buy-disposable-vapes-in-switzerland","11":"product_cat-digital-box-disposable-vapes","12":"product_cat-rechargeable-disposable-vapes","13":"product_cat-vozol-vape","14":"product_tag-cheap-vapes","15":"product_tag-digital-disposable-vape","16":"product_tag-hot-sale-disposable-vape","17":"product_tag-low-nicotine-vape","18":"product_tag-rechargeable-disposable-vape","19":"product_tag-vozol-gear-power-20000","20":"product_tag-vozol-gear-power-20k","21":"product_tag-vozol-vape","22":"desktop-align-left","23":"tablet-align-left","24":"mobile-align-left","26":"first","27":"instock","28":"sale","29":"shipping-taxable","30":"purchasable","31":"product-type-simple"},"acf":[],"uagb_featured_image_src":{"full":["https:\/\/vapestornado.com\/wp-content\/uploads\/2025\/01\/Vozol-Star-20000-Puff-Disposable-Vape-Love-777-Flavor.webp",800,800,false],"thumbnail":["https:\/\/vapestornado.com\/wp-content\/uploads\/2025\/01\/Vozol-Star-20000-Puff-Disposable-Vape-Love-777-Flavor-150x150.webp",150,150,true],"medium":["https:\/\/vapestornado.com\/wp-content\/uploads\/2025\/01\/Vozol-Star-20000-Puff-Disposable-Vape-Love-777-Flavor-300x300.webp",300,300,true],"medium_large":["https:\/\/vapestornado.com\/wp-content\/uploads\/2025\/01\/Vozol-Star-20000-Puff-Disposable-Vape-Love-777-Flavor-768x768.webp",768,768,true],"large":["https:\/\/vapestornado.com\/wp-content\/uploads\/2025\/01\/Vozol-Star-20000-Puff-Disposable-Vape-Love-777-Flavor.webp",800,800,false],"1536x1536":["https:\/\/vapestornado.com\/wp-content\/uploads\/2025\/01\/Vozol-Star-20000-Puff-Disposable-Vape-Love-777-Flavor.webp",800,800,false],"2048x2048":["https:\/\/vapestornado.com\/wp-content\/uploads\/2025\/01\/Vozol-Star-20000-Puff-Disposable-Vape-Love-777-Flavor.webp",800,800,false],"trp-custom-language-flag":["https:\/\/vapestornado.com\/wp-content\/uploads\/2025\/01\/Vozol-Star-20000-Puff-Disposable-Vape-Love-777-Flavor.webp",12,12,false],"woocommerce_thumbnail":["https:\/\/vapestornado.com\/wp-content\/uploads\/2025\/01\/Vozol-Star-20000-Puff-Disposable-Vape-Love-777-Flavor-300x300.webp",300,300,true],"woocommerce_single":["https:\/\/vapestornado.com\/wp-content\/uploads\/2025\/01\/Vozol-Star-20000-Puff-Disposable-Vape-Love-777-Flavor-600x600.webp",600,600,true],"woocommerce_gallery_thumbnail":["https:\/\/vapestornado.com\/wp-content\/uploads\/2025\/01\/Vozol-Star-20000-Puff-Disposable-Vape-Love-777-Flavor-100x100.webp",100,100,true]},"uagb_author_info":{"display_name":"ESAMY","author_link":"https:\/\/vapestornado.com\/sl\/author\/"},"uagb_comment_info":0,"uagb_excerpt":"VOZOL Star 20000 Puffs 2% Low Nicotine Disposable Vape Wholesale VOZOL Star 20000 Puff \u00a0Digital Display Disposable Vape Bulk Buy VOZOL Star 20k Rechargeable Disposable Vape Cheap Price Add Amy's whatsapp get right reply and vape coupon! WhatsApp: +86 17776015835 &nbsp;","_links":{"self":[{"href":"https:\/\/vapestornado.com\/sl\/wp-json\/wp\/v2\/product\/3624","targetHints":{"allow":["GET"]}}],"collection":[{"href":"https:\/\/vapestornado.com\/sl\/wp-json\/wp\/v2\/product"}],"about":[{"href":"https:\/\/vapestornado.com\/sl\/wp-json\/wp\/v2\/types\/product"}],"replies":[{"embeddable":true,"href":"https:\/\/vapestornado.com\/sl\/wp-json\/wp\/v2\/comments?post=3624"}],"wp:featuredmedia":[{"embeddable":true,"href":"https:\/\/vapestornado.com\/sl\/wp-json\/wp\/v2\/media\/3625"}],"wp:attachment":[{"href":"https:\/\/vapestornado.com\/sl\/wp-json\/wp\/v2\/media?parent=3624"}],"wp:term":[{"taxonomy":"product_brand","embeddable":true,"href":"https:\/\/vapestornado.com\/sl\/wp-json\/wp\/v2\/product_brand?post=3624"},{"taxonomy":"product_cat","embeddable":true,"href":"https:\/\/vapestornado.com\/sl\/wp-json\/wp\/v2\/product_cat?post=3624"},{"taxonomy":"product_tag","embeddable":true,"href":"https:\/\/vapestornado.com\/sl\/wp-json\/wp\/v2\/product_tag?post=3624"}],"curies":[{"name":"wp","href":"https:\/\/api.w.org\/{rel}","templated":true}]}}