{"id":3599,"date":"2024-12-31T09:42:44","date_gmt":"2024-12-31T09:42:44","guid":{"rendered":"https:\/\/vapestornado.com\/?post_type=product&#038;p=3599"},"modified":"2025-08-23T09:39:43","modified_gmt":"2025-08-23T09:39:43","slug":"hayati-pro-ultra-bang-box-30k-puffs-dual-flavor-vape","status":"publish","type":"product","link":"https:\/\/vapestornado.com\/sl\/product\/hayati-pro-ultra-bang-box-30k-puffs-dual-flavor-vape\/","title":{"rendered":"Hayati Pro ULTRA Bang Box 30k Vpihov Vape z Dvojnim Okusom"},"content":{"rendered":"<h1>Kaj je Hayati Pro ULTRA Bang Box 30000 Puffs Dual Flavor?<\/h1>\n<p data-start=\"398\" data-end=\"668\">The <strong data-start=\"402\" data-end=\"454\">Bang Box 30000 Vpihov Dvojni Okus Vape za Enkratno Uporabo<\/strong> je zasnovan za kapaciteto, raznolikost in dosledno delovanje. Z <strong data-start=\"522\" data-end=\"549\">35 ml rezervoar za e-teko\u010dino<\/strong> in <strong data-start=\"557\" data-end=\"595\">850mAh polnilna kobaltna baterija<\/strong>, zagotavlja ve\u010d kot <strong data-start=\"614\" data-end=\"630\">30.000 vpihov<\/strong>\u2014dale\u010d presega standardne vape za enkratno uporabo.<\/p>\n<p data-start=\"670\" data-end=\"960\">Zaradi <strong data-start=\"674\" data-end=\"696\">sistem z dvojnim okusom<\/strong> uporabnikom omogo\u010da preklapljanje med dvema mo\u017enostma okusa v eni napravi, kar ponuja prilagodljivost in sve\u017eino brez prena\u0161anja ve\u010d vapov. The <strong data-start=\"828\" data-end=\"846\">0,8\u03a9 mre\u017easta tuljava<\/strong> izbolj\u0161a proizvodnjo pare in intenzivnost okusa, medtem ko <strong data-start=\"905\" data-end=\"929\">hitro polnjenje Type-C<\/strong> ohranja \u010das nedelovanja na minimumu.<\/p>\n<p data-start=\"962\" data-end=\"1207\">Kompakten in enostaven za uporabo, <strong data-start=\"991\" data-end=\"1012\">Bang Box 30K Vape<\/strong> zdru\u017euje dolgotrajno delovanje z vrhunskimi funkcijami, zaradi \u010desar je mo\u010dna izbira za trgovce na debelo, trgovce na drobno in vsakodnevne uporabnike, ki i\u0161\u010dejo udobje dvojnega okusa v visoko zmogljivem izdelku za enkratno uporabo.<\/p>\n<figure id=\"attachment_3601\" aria-describedby=\"caption-attachment-3601\" style=\"width: 1024px\" class=\"wp-caption alignnone\"><img fetchpriority=\"high\" decoding=\"async\" class=\"size-large wp-image-3601\" src=\"https:\/\/vapestornado.com\/wp-content\/uploads\/2024\/12\/Bang-Box-30000-Puffs-Dual-Flavor-Cheap-Price-Dual-Flavor-Satisfaction-at-an-Affordable-1024x576.jpg\" alt=\"Bang Box 30000 Puffs Dual Flavor Ugodna cena Dvojno zadovoljstvo okusa po ugodni ceni\" width=\"1024\" height=\"576\" srcset=\"https:\/\/vapestornado.com\/wp-content\/uploads\/2024\/12\/Bang-Box-30000-Puffs-Dual-Flavor-Cheap-Price-Dual-Flavor-Satisfaction-at-an-Affordable-1024x576.jpg 1024w, https:\/\/vapestornado.com\/wp-content\/uploads\/2024\/12\/Bang-Box-30000-Puffs-Dual-Flavor-Cheap-Price-Dual-Flavor-Satisfaction-at-an-Affordable-300x169.jpg 300w, https:\/\/vapestornado.com\/wp-content\/uploads\/2024\/12\/Bang-Box-30000-Puffs-Dual-Flavor-Cheap-Price-Dual-Flavor-Satisfaction-at-an-Affordable-768x432.jpg 768w, https:\/\/vapestornado.com\/wp-content\/uploads\/2024\/12\/Bang-Box-30000-Puffs-Dual-Flavor-Cheap-Price-Dual-Flavor-Satisfaction-at-an-Affordable-1536x864.jpg 1536w, https:\/\/vapestornado.com\/wp-content\/uploads\/2024\/12\/Bang-Box-30000-Puffs-Dual-Flavor-Cheap-Price-Dual-Flavor-Satisfaction-at-an-Affordable-2048x1152.jpg 2048w, https:\/\/vapestornado.com\/wp-content\/uploads\/2024\/12\/Bang-Box-30000-Puffs-Dual-Flavor-Cheap-Price-Dual-Flavor-Satisfaction-at-an-Affordable-600x338.jpg 600w\" sizes=\"(max-width: 1024px) 100vw, 1024px\" \/><figcaption id=\"caption-attachment-3601\" class=\"wp-caption-text\">Bang Box 30000 Puffs Dual Flavor Ugodna cena Dvojno zadovoljstvo okusa po ugodni ceni<\/figcaption><\/figure>\n<p>&nbsp;<\/p>\n<h3>Zna\u010dilnosti izdelka<\/h3>\n<ol>\n<li>Ogromnih 30.000+ vpihov z dvojno funkcijo okusa za vrhunsko raznolikost.<\/li>\n<li>35 ml prostornina e-teko\u010dine za podalj\u0161ano uporabo brez pogostih zamenjav.<\/li>\n<li>850 mAh polnilna baterija s hitrim polnjenjem Type-C.<\/li>\n<li>Napredna 0,8\u03a9 mre\u017easta tuljava za intenzivne okuse in gladko proizvodnjo pare.<\/li>\n<li>Elegantna, prenosna zasnova, popolna za vaping na poti.<\/li>\n<\/ol>\n<h3>Seznam Okusov<\/h3>\n<ol>\n<li>Jagoda Kivi\/Ledena lubenica<\/li>\n<li>Jagoda Kivi\/Jagoda Lubenica<\/li>\n<li>Sok breskve\/Borovni\u010dev led<\/li>\n<li>Borovni\u010dev led\/Kivi Pasijonka Guava<\/li>\n<li>Borovni\u010dev kisli malinov led\/Me\u0161ano sadje<\/li>\n<li>Led s trojnimi jagodami\/Jagoda Mango<\/li>\n<li>\u017dve\u010dilni gumi z lubenico\/Jagoda Lubenica<\/li>\n<li>Borovni\u010dev led\/Lubenica z ledom<\/li>\n<li>Jagoda Lubenica\/Kivi Pasijonka Guava<\/li>\n<li>Led s \u010drnim zmajem\/Mango Breskev Lubenica<\/li>\n<li>Borovni\u010dev led\/Dvojno grozdje<\/li>\n<li>Modre maline led\/jagodni mango<\/li>\n<li><\/li>\n<\/ol>\n<h4><strong>Bang box 30k \u2013 top 5 okusov<\/strong><\/h4>\n<ol>\n<li><strong>Jagoda Kivi\/Ledena lubenica<\/strong>: Osve\u017eujo\u010da me\u0161anica tropskega sadja in ledene sladkosti.<\/li>\n<li><strong>Sok breskve\/Borovni\u010dev led<\/strong>: Sladka breskev se sre\u010da s hladilno borovnico za uravnote\u017eeno izku\u0161njo vapinga.<\/li>\n<li><strong>Borovni\u010dev kisli malinov led\/Me\u0161ano sadje<\/strong>: Oster, sladek in leden v vsakem vdihu.<\/li>\n<li><strong>Led s trojnimi jagodami\/Jagoda Mango<\/strong>: Jagodi\u010dje in mango se zdru\u017eita za sadno eksplozijo.<\/li>\n<li><strong>Borovni\u010dev led\/Dvojno grozdje<\/strong>: Drzen okus grozdja, zdru\u017een z ledeno modro malino.<\/li>\n<\/ol>\n<h4><strong>Zakaj izbrati Bang Box 30k Puffs Dual Flavor?<\/strong><\/h4>\n<p>Bang Box 30000 Puffs Dual Flavor ponuja izjemno vrednost in vsestranskost za vaperje. Njegov sistem z dvojnim okusom omogo\u010da uporabnikom, da preklapljajo med dvema edinstvenima profiloma okusa v eni napravi, kar zagotavlja prijetno in raznoliko izku\u0161njo vapinga. Z visoko zmogljivo 35 ml teko\u010dino za vape in 850 mAh baterijo za ponovno polnjenje je ta naprava zasnovana za dolgo \u017eivljenjsko dobo, zaradi \u010desar je popolna za pogoste uporabnike ali tiste, ki ne marajo pogostih zamenjav. Napredna tehnologija mre\u017ene tuljave 0,8\u03a9 zagotavlja gladke, okusne in goste oblake pare, kar izbolj\u0161a va\u0161e seje vapinga. Poleg tega eleganten dizajn in kompaktna velikost omogo\u010data priro\u010dno prena\u0161anje kamor koli, medtem ko polnilna vrata Type-C zagotavljajo hitro polnjenje. Ne glede na to, ali ste navdu\u0161enec nad okusi ali i\u0161\u010dete vzdr\u017eljivost, ta izdelek izpolnjuje vse ravni.<\/p>\n<h2><strong>Bang Box 30k Puffs Dual Flavor \u2013 Pogosta vpra\u0161anja<\/strong><\/h2>\n<ol>\n<li><strong>Koliko vdihov zagotavlja Bang Box 30000 Puffs Dual Flavor?<\/strong><br \/>\nZagotavlja ve\u010d kot 30.000 vdihov z dvojno funkcijo okusa.<\/li>\n<li><strong>Ali je Bang Box 30000 Puffs Dual Flavor mogo\u010de ponovno napolniti?<\/strong><br \/>\nDa, ima 850 mAh baterijo za ponovno polnjenje s polnilnimi vrati Type-C.<\/li>\n<li><strong>Kaj dela sistem dvojnega okusa edinstvenega?<\/strong><br \/>\nNaprava omogo\u010da brezhibno preklapljanje med dvema okusoma, kar ponuja raznolikost v enem vapu.<\/li>\n<li><strong>Kak\u0161no tehnologijo tuljave uporablja ta naprava?<\/strong><br \/>\nUporablja mre\u017eno tuljavo 0,8\u03a9 za izbolj\u0161an okus in proizvodnjo pare.<\/li>\n<li><strong>Koliko kombinacij okusov je na voljo?<\/strong><br \/>\nNa voljo je 12 razburljivih kombinacij dvojnih okusov.<\/li>\n<\/ol>\n<h4>Bang Box Dual Flavor 30000 vejpov na debelo Kontaktirajte nas in prejmite popust zdaj!<a href=\"https:\/\/wa.me\/8618077105750\" target=\"_blank\" rel=\"noopener\">+8618077105750<\/a><\/h4>\n<p><img decoding=\"async\" class=\"size-large wp-image-2921\" src=\"https:\/\/vapestornado.com\/wp-content\/uploads\/2024\/11\/20062b3a285f900e79520aad496b94d-887x1024.jpg\" alt=\"vapestornado Vicky\" width=\"887\" height=\"1024\" srcset=\"https:\/\/vapestornado.com\/wp-content\/uploads\/2024\/11\/20062b3a285f900e79520aad496b94d-887x1024.jpg 887w, https:\/\/vapestornado.com\/wp-content\/uploads\/2024\/11\/20062b3a285f900e79520aad496b94d-260x300.jpg 260w, https:\/\/vapestornado.com\/wp-content\/uploads\/2024\/11\/20062b3a285f900e79520aad496b94d-768x887.jpg 768w, https:\/\/vapestornado.com\/wp-content\/uploads\/2024\/11\/20062b3a285f900e79520aad496b94d-600x693.jpg 600w, https:\/\/vapestornado.com\/wp-content\/uploads\/2024\/11\/20062b3a285f900e79520aad496b94d.jpg 1080w\" sizes=\"(max-width: 887px) 100vw, 887px\" \/><\/p>","protected":false},"excerpt":{"rendered":"<p>Bang Box 30000 Puffs Dual Flavor zagotavlja 30.000+ vpihov, dvojne okuse, polnilno baterijo in 0,8\u03a9 mre\u017easto tuljavo za intenziven okus.<\/p>\n<p><strong><span style=\"color: #ff0000;\">(cena na na\u0161i spletni strani ne vklju\u010duje stro\u0161kov po\u0161iljanja, prosimo, kontaktirajte me za celotno ceno in va\u0161 popust!)<\/span><\/strong><\/p>\n<p><img decoding=\"async\" class=\"size-medium wp-image-2921\" src=\"https:\/\/vapestornado.com\/wp-content\/uploads\/2024\/11\/20062b3a285f900e79520aad496b94d-260x300.jpg\" alt=\"vapestornado Vicky\" width=\"260\" height=\"300\" srcset=\"https:\/\/vapestornado.com\/wp-content\/uploads\/2024\/11\/20062b3a285f900e79520aad496b94d-260x300.jpg 260w, https:\/\/vapestornado.com\/wp-content\/uploads\/2024\/11\/20062b3a285f900e79520aad496b94d-887x1024.jpg 887w, https:\/\/vapestornado.com\/wp-content\/uploads\/2024\/11\/20062b3a285f900e79520aad496b94d-768x887.jpg 768w, https:\/\/vapestornado.com\/wp-content\/uploads\/2024\/11\/20062b3a285f900e79520aad496b94d-600x693.jpg 600w, https:\/\/vapestornado.com\/wp-content\/uploads\/2024\/11\/20062b3a285f900e79520aad496b94d.jpg 1080w\" sizes=\"(max-width: 260px) 100vw, 260px\" \/><\/p>","protected":false},"featured_media":3605,"comment_status":"open","ping_status":"closed","template":"","meta":{"_acf_changed":false,"_uag_custom_page_level_css":"","_lmt_disableupdate":"no","_lmt_disable":"","_monsterinsights_skip_tracking":false,"_monsterinsights_sitenote_active":false,"_monsterinsights_sitenote_note":"","_monsterinsights_sitenote_category":0,"site-sidebar-layout":"default","site-content-layout":"","ast-site-content-layout":"default","site-content-style":"default","site-sidebar-style":"default","ast-global-header-display":"","ast-banner-title-visibility":"","ast-main-header-display":"","ast-hfb-above-header-display":"","ast-hfb-below-header-display":"","ast-hfb-mobile-header-display":"","site-post-title":"","ast-breadcrumbs-content":"","ast-featured-img":"","footer-sml-layout":"","ast-disable-related-posts":"","theme-transparent-header-meta":"default","adv-header-id-meta":"","stick-header-meta":"","header-above-stick-meta":"","header-main-stick-meta":"","header-below-stick-meta":"","astra-migrate-meta-layouts":"set","ast-page-background-enabled":"default","ast-page-background-meta":{"desktop":{"background-color":"","background-image":"","background-repeat":"repeat","background-position":"center center","background-size":"auto","background-attachment":"scroll","background-type":"","background-media":"","overlay-type":"","overlay-color":"","overlay-opacity":"","overlay-gradient":""},"tablet":{"background-color":"","background-image":"","background-repeat":"repeat","background-position":"center center","background-size":"auto","background-attachment":"scroll","background-type":"","background-media":"","overlay-type":"","overlay-color":"","overlay-opacity":"","overlay-gradient":""},"mobile":{"background-color":"","background-image":"","background-repeat":"repeat","background-position":"center center","background-size":"auto","background-attachment":"scroll","background-type":"","background-media":"","overlay-type":"","overlay-color":"","overlay-opacity":"","overlay-gradient":""}},"ast-content-background-meta":{"desktop":{"background-color":"var(--ast-global-color-5)","background-image":"","background-repeat":"repeat","background-position":"center center","background-size":"auto","background-attachment":"scroll","background-type":"","background-media":"","overlay-type":"","overlay-color":"","overlay-opacity":"","overlay-gradient":""},"tablet":{"background-color":"var(--ast-global-color-5)","background-image":"","background-repeat":"repeat","background-position":"center center","background-size":"auto","background-attachment":"scroll","background-type":"","background-media":"","overlay-type":"","overlay-color":"","overlay-opacity":"","overlay-gradient":""},"mobile":{"background-color":"var(--ast-global-color-5)","background-image":"","background-repeat":"repeat","background-position":"center center","background-size":"auto","background-attachment":"scroll","background-type":"","background-media":"","overlay-type":"","overlay-color":"","overlay-opacity":"","overlay-gradient":""}},"_joinchat":{"telephone":"+8618077105750"}},"product_brand":[],"product_cat":[67,64,153,154,159,143,144,146],"product_tag":[],"class_list":{"0":"post-3599","1":"product","2":"type-product","3":"status-publish","4":"has-post-thumbnail","6":"product_cat-30000-puff","7":"product_cat-bangbox-vape","8":"product_cat-buy-disposable-vapes-in-italy","9":"product_cat-buy-disposable-vapes-in-netherlands","10":"product_cat-buy-disposable-vapes-in-sweden","11":"product_cat-dual-mesh-disposable-vapes","12":"product_cat-low-nicotine-disposable-vapes","13":"product_cat-rechargeable-disposable-vapes","14":"desktop-align-left","15":"tablet-align-left","16":"mobile-align-left","18":"first","19":"instock","20":"sale","21":"shipping-taxable","22":"purchasable","23":"product-type-simple"},"acf":[],"uagb_featured_image_src":{"full":["https:\/\/vapestornado.com\/wp-content\/uploads\/2024\/12\/Bang-Box-30000-Puffs-Dual-Flavor-Review-Explore-Its-Unique-Dual-Flavor-Technology.jpg",939,935,false],"thumbnail":["https:\/\/vapestornado.com\/wp-content\/uploads\/2024\/12\/Bang-Box-30000-Puffs-Dual-Flavor-Review-Explore-Its-Unique-Dual-Flavor-Technology-150x150.jpg",150,150,true],"medium":["https:\/\/vapestornado.com\/wp-content\/uploads\/2024\/12\/Bang-Box-30000-Puffs-Dual-Flavor-Review-Explore-Its-Unique-Dual-Flavor-Technology-300x300.jpg",300,300,true],"medium_large":["https:\/\/vapestornado.com\/wp-content\/uploads\/2024\/12\/Bang-Box-30000-Puffs-Dual-Flavor-Review-Explore-Its-Unique-Dual-Flavor-Technology-768x765.jpg",768,765,true],"large":["https:\/\/vapestornado.com\/wp-content\/uploads\/2024\/12\/Bang-Box-30000-Puffs-Dual-Flavor-Review-Explore-Its-Unique-Dual-Flavor-Technology.jpg",939,935,false],"1536x1536":["https:\/\/vapestornado.com\/wp-content\/uploads\/2024\/12\/Bang-Box-30000-Puffs-Dual-Flavor-Review-Explore-Its-Unique-Dual-Flavor-Technology.jpg",939,935,false],"2048x2048":["https:\/\/vapestornado.com\/wp-content\/uploads\/2024\/12\/Bang-Box-30000-Puffs-Dual-Flavor-Review-Explore-Its-Unique-Dual-Flavor-Technology.jpg",939,935,false],"trp-custom-language-flag":["https:\/\/vapestornado.com\/wp-content\/uploads\/2024\/12\/Bang-Box-30000-Puffs-Dual-Flavor-Review-Explore-Its-Unique-Dual-Flavor-Technology.jpg",12,12,false],"woocommerce_thumbnail":["https:\/\/vapestornado.com\/wp-content\/uploads\/2024\/12\/Bang-Box-30000-Puffs-Dual-Flavor-Review-Explore-Its-Unique-Dual-Flavor-Technology-300x300.jpg",300,300,true],"woocommerce_single":["https:\/\/vapestornado.com\/wp-content\/uploads\/2024\/12\/Bang-Box-30000-Puffs-Dual-Flavor-Review-Explore-Its-Unique-Dual-Flavor-Technology-600x597.jpg",600,597,true],"woocommerce_gallery_thumbnail":["https:\/\/vapestornado.com\/wp-content\/uploads\/2024\/12\/Bang-Box-30000-Puffs-Dual-Flavor-Review-Explore-Its-Unique-Dual-Flavor-Technology-100x100.jpg",100,100,true]},"uagb_author_info":{"display_name":"ESvicky","author_link":"https:\/\/vapestornado.com\/sl\/author\/"},"uagb_comment_info":0,"uagb_excerpt":"Bang Box 30000 Puffs Dual Flavor delivers 30,000+ puffs, dual flavors, rechargeable battery, and 0.8\u03a9 mesh coil for intense flavor. (our website price not include shipping cost, please contact me to get whole price and your disccount!)","_links":{"self":[{"href":"https:\/\/vapestornado.com\/sl\/wp-json\/wp\/v2\/product\/3599","targetHints":{"allow":["GET"]}}],"collection":[{"href":"https:\/\/vapestornado.com\/sl\/wp-json\/wp\/v2\/product"}],"about":[{"href":"https:\/\/vapestornado.com\/sl\/wp-json\/wp\/v2\/types\/product"}],"replies":[{"embeddable":true,"href":"https:\/\/vapestornado.com\/sl\/wp-json\/wp\/v2\/comments?post=3599"}],"wp:featuredmedia":[{"embeddable":true,"href":"https:\/\/vapestornado.com\/sl\/wp-json\/wp\/v2\/media\/3605"}],"wp:attachment":[{"href":"https:\/\/vapestornado.com\/sl\/wp-json\/wp\/v2\/media?parent=3599"}],"wp:term":[{"taxonomy":"product_brand","embeddable":true,"href":"https:\/\/vapestornado.com\/sl\/wp-json\/wp\/v2\/product_brand?post=3599"},{"taxonomy":"product_cat","embeddable":true,"href":"https:\/\/vapestornado.com\/sl\/wp-json\/wp\/v2\/product_cat?post=3599"},{"taxonomy":"product_tag","embeddable":true,"href":"https:\/\/vapestornado.com\/sl\/wp-json\/wp\/v2\/product_tag?post=3599"}],"curies":[{"name":"wp","href":"https:\/\/api.w.org\/{rel}","templated":true}]}}