{"id":3598,"date":"2024-12-31T09:02:37","date_gmt":"2024-12-31T09:02:37","guid":{"rendered":"https:\/\/vapestornado.com\/?post_type=product&#038;p=3598"},"modified":"2025-08-23T12:23:15","modified_gmt":"2025-08-23T12:23:15","slug":"vozol-vista-20000-vape-rechargeable-disposable-vape-wholesale-cheap-price","status":"publish","type":"product","link":"https:\/\/vapestornado.com\/sl\/product\/vozol-vista-20000-vape-rechargeable-disposable-vape-wholesale-cheap-price\/","title":{"rendered":"Vozol Vista 20000 Vape polnilna e-cigareta za enkratno uporabo \u0161katla veleprodajna poceni cena"},"content":{"rendered":"<h1 class=\"product-title\">Vozol Vista 20000 Vape Polnilna Razpolo\u017eljiva Vape Poceni Cena na Debelo<\/h1>\n<p>The <strong data-start=\"324\" data-end=\"374\">Vozol Vista 20000 polnilna e-cigareta za enkratno uporabo<\/strong> zagotavlja vrhunsko delovanje z napredno tehnologijo in elegantnim dizajnom, zaradi \u010desar je nepogre\u0161ljiva za veleprodajne kupce po vsej Evropi. Ponuja do <strong data-start=\"522\" data-end=\"538\">20.000 vdihov<\/strong>vdihov, ta naprava je izdelana z <strong data-start=\"568\" data-end=\"599\">650mAh polnilno baterijo<\/strong> in <strong data-start=\"604\" data-end=\"628\">hitro polnjenje Type-C<\/strong>, ki zagotavlja neprekinjeno uporabo in minimalne prekinitve.<\/p>\n<p>Vsebuje <strong data-start=\"703\" data-end=\"732\">tehnologija dvojne mre\u017easte tuljave<\/strong>, vsak vdih je gladek, okusen in dosleden. Funkcija <strong data-start=\"787\" data-end=\"814\">6-stopenjskim nadzorom mo\u010di<\/strong> in <strong data-start=\"819\" data-end=\"848\">nastavljiv sistem pretoka zraka<\/strong> omogo\u010da uporabnikom, da prilagodijo izhod pare, od mo\u010dnih oblakov do mehkej\u0161ega vle\u010denja. Sodoben <strong data-start=\"934\" data-end=\"958\">barvni zaslon<\/strong> zaslon prikazuje \u017eivljenjsko dobo baterije in nastavitve mo\u010di v realnem \u010dasu, kar uporabnikom omogo\u010da popoln nadzor nad njihovo izku\u0161njo vapinga.<\/p>\n<p>Kompakten, prenosen in vizualno osupljiv, Vozol Vista 20K je zasnovan za udobje in stil. Na voljo je v razli\u010dnih okusih in mo\u017enostih nikotina, zadovoljuje razli\u010dne preference, hkrati pa ohranja vrhunsko kakovost. Z <strong data-start=\"1305\" data-end=\"1337\">ugodno veleprodajno ceno e-cigaret<\/strong>, je popoln za preprodajalce, distributerje in lastnike trgovin z e-cigaretami, ki \u017eelijo strankam ponuditi najbolj\u0161o kombinacijo zmogljivosti, dizajna in vrednosti.<\/p>\n<p><span style=\"color: #ff0000;\"><strong>Dodajte Amy na Whatsapp in prejmite takoj\u0161en odgovor ter kupon za vape!<\/strong><\/span><\/p>\n<p><img fetchpriority=\"high\" decoding=\"async\" class=\"size-full wp-image-2932\" src=\"https:\/\/vapestornado.com\/wp-content\/uploads\/2024\/12\/Vape-Wholesale.jpg\" alt=\"Vape Veleprodaja\" width=\"229\" height=\"300\" \/><\/p>\n<h3><a href=\"https:\/\/wa.me\/8617776015835\" target=\"_blank\" rel=\"noopener\"><span style=\"color: #ff0000;\"><strong>WhatsApp: +386 17776015835<\/strong><\/span><\/a><\/h3>\n<p>&nbsp;<\/p>\n<h2 class=\"product-title\"><strong>Zna\u010dilnosti izdelka Vozol Vista 20000<\/strong><\/h2>\n<div role=\"article\" data-tabster=\"{&quot;groupper&quot;:{&quot;tabbability&quot;:2},&quot;focusable&quot;:{}}\" data-content=\"ai-message\" aria-labelledby=\"juhNTJ6o7Gk1cgwZMJgv2-author juhNTJ6o7Gk1cgwZMJgv2-content\">\n<div id=\"juhNTJ6o7Gk1cgwZMJgv2-content\">\n<div role=\"article\" data-tabster=\"{&quot;groupper&quot;:{&quot;tabbability&quot;:2},&quot;focusable&quot;:{}}\" data-content=\"ai-message\" aria-labelledby=\"x4EZuCZWrTbh3weWUt7CU-author x4EZuCZWrTbh3weWUt7CU-content\">\n<div id=\"x4EZuCZWrTbh3weWUt7CU-content\">\n<div class=\"flex max-w-full flex-col flex-grow\">\n<div class=\"min-h-8 text-message flex w-full flex-col items-end gap-2 whitespace-normal break-words text-start [.text-message+&amp;]:mt-5\" dir=\"auto\" data-message-author-role=\"assistant\" data-message-id=\"52c6e00a-252f-4104-805d-2f1a84739c71\" data-message-model-slug=\"gpt-4o\">\n<div class=\"flex w-full flex-col gap-1 empty:hidden first:pt-[3px]\">\n<div class=\"markdown prose w-full break-words dark:prose-invert light\">\n<h4><\/h4>\n<ul>\n<li><strong>Visoko \u0161tevilo vdihov<\/strong>: U\u017eivajte do <strong>14,000<\/strong> in <strong>20.000 vdihov<\/strong> za dolgotrajno uporabo.<\/li>\n<li><strong>6-stopenjska regulacija mo\u010di<\/strong>: Prilagodite svojo izku\u0161njo vapinga z nastavljivo mo\u010djo.<\/li>\n<li><strong>Gladki potegi<\/strong>: Napredna tehnologija pretoka zraka zagotavlja gladek in dosleden udarec.<\/li>\n<li><strong>Prenosljiv<\/strong>: Kompaktna, elegantna oblika, ki jo je enostavno prena\u0161ati in je popolna za na pot.<\/li>\n<li><strong>Dvojna Mre\u017easta Tuljava<\/strong>: Izkusite izbolj\u0161an okus in vrhunsko proizvodnjo pare.<\/li>\n<li><strong>Barvni zaslon<\/strong>: Zaslon, ki je enostaven za branje, zagotavlja optimalno uporabni\u0161ko izku\u0161njo.<\/li>\n<\/ul>\n<\/div>\n<\/div>\n<\/div>\n<\/div>\n<div class=\"mb-2 flex gap-3 empty:hidden -ml-2\">\n<p>&nbsp;<\/p>\n<\/div>\n<\/div>\n<\/div>\n<\/div>\n<\/div>\n<h2 class=\"product-title\"><strong>Priljubljen okus za Vozol Vista 20000<\/strong><strong>\u00a0<\/strong><strong>ve\u010dkratne vape<\/strong><\/h2>\n<p>Vozol Star 20000 ponuja raznoliko in vznemirljivo paleto mo\u017enosti za va\u0161o linijo izdelkov, ki ustreza razli\u010dnim okusom! Prosimo, poi\u0161\u010dite priljubljene okuse glede na na\u0161 datum prodaje in povratne informacije strank.<\/p>\n<ol>\n<li><strong>\u010ce\u0161njeva kola<\/strong><br \/>\nPopolna me\u0161anica klasi\u010dnega okusa \u010de\u0161nje in osve\u017eilne kole, ki ponuja sladek, a ne preve\u010d sladek okus, ki prina\u0161a nostalgi\u010dno vzdu\u0161je pija\u010de.<\/li>\n<li><strong>Ledena breskev <span style=\"color: #ff0000;\">&gt;&gt;&gt;&gt; Vro\u010de!<\/span><\/strong><br \/>\nSladek, so\u010den okus zrelih breskev v kombinaciji s hladilnim ob\u010dutkom ledu ustvarja gladko, osve\u017eujo\u010do izku\u0161njo, ki je popolna za vro\u010de dni.<\/li>\n<li><strong>Kislo jabolko led<\/strong><br \/>\nOkus trpkega zelenega jabolka v kombinaciji s hladilnim u\u010dinkom ledu zagotavlja hrustljavo, kislo-sladko ravnovesje, ki osve\u017ei z vsakim vdihom.<\/li>\n<li><strong>Miamijeva Meta<\/strong><br \/>\nHladen, po\u017eivljajo\u010d okus mete, ki prina\u0161a osve\u017eujo\u010d vetri\u010d, kot je oceanski zrak v Miamiju, popoln za osve\u017eujo\u010d in po\u017eivljajo\u010d vape.<\/li>\n<li><strong>Grozdni led<\/strong><br \/>\nBogata, sladka aroma grozdja s pridihom ledu, ki ponuja poln okus, ki je hkrati okusen in osve\u017eujo\u010d, idealen za tiste, ki imajo radi sadne vape izku\u0161nje.<\/li>\n<li><strong>Lubenica Led <span style=\"color: #ff0000;\">&gt;&gt;&gt;&gt; Vro\u010de!<\/span><\/strong><br \/>\nSo\u010den okus lubenice v kombinaciji z u\u010dinkom hladnega ledu, ki zagotavlja sladko in osve\u017eujo\u010do poletno izku\u0161njo z vsakim vdihom.<\/li>\n<li><strong>Modra Razz Ice <span style=\"color: #ff0000;\">&gt;&gt;&gt;&gt; Najbolj\u0161e !<\/span><\/strong><br \/>\nMe\u0161anica sladkih borovnic in trpke maline s hladilnim u\u010dinkom ledu, ki ponuja osve\u017eujo\u010d in \u017eivahen okus jagodi\u010devja, ki je hkrati sladek in pikanten.<\/li>\n<li><strong>Breskev Mango Lubenica<\/strong><br \/>\nTropski trio zrelih breskev, so\u010dnih mangov in osve\u017eujo\u010de lubenice, ki ponuja ve\u010dplasten, sladek in saden okus, ki je kot nala\u0161\u010d za ljubitelje sadja.<\/li>\n<li><strong>Jagoda Mango<\/strong><br \/>\nNaravna sladkost zrelih jagod v kombinaciji z eksoti\u010dno bogatostjo manga, ki zagotavlja gladko in uravnote\u017eeno sadno izku\u0161njo.<\/li>\n<li><strong>Malinova lubenica<\/strong><br \/>\nOsve\u017eujo\u010da kombinacija trpke maline in sladke, so\u010dne lubenice, ki ustvarja sadno in hidrirajo\u010do vape izku\u0161njo s popolnim ravnovesjem okusov.<\/li>\n<li><strong>VZBull <span style=\"color: #ff0000;\">&gt;&gt;&gt;&gt; Vro\u010de!<\/span><\/strong><br \/>\nDrzen okus, ki ga navdihuje energijska pija\u010da, ki je sladek z rahlo pikantnostjo in ponuja osve\u017eujo\u010d in po\u017eivljajo\u010d okus klasi\u010dne energijske pija\u010de.<\/li>\n<li><strong>\u017dve\u010dilni gumi z okusom lubenice<\/strong><br \/>\nNostalgi\u010dna me\u0161anica so\u010dne lubenice in sladkega \u017eve\u010dilnega gumija, ki zagotavlja igriv okus po sladkarijah, ki je hkrati saden in zabaven.<\/li>\n<li><strong>Me\u0161ano jagodi\u010devje <span style=\"color: #ff0000;\">&gt;&gt;&gt;&gt; Vro\u010de!<\/span><\/strong><br \/>\nMe\u0161anica razli\u010dnih jagod, ki zagotavlja bogato, trpko in sladko sadno izku\u0161njo, s plastmi okusa, ki so popolne za tiste, ki u\u017eivajo v me\u0161anicah jagodi\u010devja.<\/li>\n<li><strong>Limona Limeta<\/strong><br \/>\nOstra in pikantna me\u0161anica limone in limete, ki ponuja osve\u017eujo\u010d, citrusni vape, ki je hkrati trpek in osve\u017eujo\u010d \u2013 popoln za ljubitelje citrusov.<\/li>\n<li><strong>Jagoda Malina \u010ce\u0161nja Mango Led<\/strong><br \/>\nKompleksna me\u0161anica jagode, maline, \u010de\u0161nje in manga s hladilnim u\u010dinkom ledu, ki zagotavlja sadno, sladko in osve\u017eujo\u010do izku\u0161njo z vsakim vdihom.<\/li>\n<li><strong>Zmajevo sadje Banana \u010ce\u0161nja<\/strong><br \/>\nEdinstvena kombinacija zmajevega sadja, banane in \u010de\u0161nje, ki ponuja tropski, eksoti\u010den profil okusa, ki je sladek, gladek in kremast s pridihom pikantnosti.<\/li>\n<li><strong>Bezgov Cvet Grenivka<\/strong><br \/>\nNe\u017een okus bezga, zdru\u017een s trpkostjo grenivke, ustvarja osve\u017eujo\u010d, cvetli\u010dni in citrusni okus, ki je hkrati edinstven in pomirjujo\u010d.<\/li>\n<li><strong>LavaFire<\/strong><br \/>\nOgnjen in drzen okus z rahlim pikantnim pridihom, ki ponuja intenzivno izku\u0161njo vape, polno toplote, ki je popolna za tiste, ki u\u017eivajo v drznih in pustolovskih okusih.<\/li>\n<\/ol>\n<figure id=\"attachment_3586\" aria-describedby=\"caption-attachment-3586\" style=\"width: 1024px\" class=\"wp-caption alignnone\"><img decoding=\"async\" class=\"wp-image-3586 size-large\" src=\"https:\/\/vapestornado.com\/wp-content\/uploads\/2024\/12\/Vozol-Vista-20000-Disposable-Pod-Device-1024x1024.jpg\" alt=\"Vozol Vista 20000 naprava za enkratno uporabo\" width=\"1024\" height=\"1024\" srcset=\"https:\/\/vapestornado.com\/wp-content\/uploads\/2024\/12\/Vozol-Vista-20000-Disposable-Pod-Device-1024x1024.jpg 1024w, https:\/\/vapestornado.com\/wp-content\/uploads\/2024\/12\/Vozol-Vista-20000-Disposable-Pod-Device-300x300.jpg 300w, https:\/\/vapestornado.com\/wp-content\/uploads\/2024\/12\/Vozol-Vista-20000-Disposable-Pod-Device-150x150.jpg 150w, https:\/\/vapestornado.com\/wp-content\/uploads\/2024\/12\/Vozol-Vista-20000-Disposable-Pod-Device-768x768.jpg 768w, https:\/\/vapestornado.com\/wp-content\/uploads\/2024\/12\/Vozol-Vista-20000-Disposable-Pod-Device-600x600.jpg 600w, https:\/\/vapestornado.com\/wp-content\/uploads\/2024\/12\/Vozol-Vista-20000-Disposable-Pod-Device-100x100.jpg 100w, https:\/\/vapestornado.com\/wp-content\/uploads\/2024\/12\/Vozol-Vista-20000-Disposable-Pod-Device.jpg 1126w\" sizes=\"(max-width: 1024px) 100vw, 1024px\" \/><figcaption id=\"caption-attachment-3586\" class=\"wp-caption-text\">Vozol Vista 20000 naprava za enkratno uporabo<\/figcaption><\/figure>\n<div class=\"flex-shrink-0 flex flex-col relative items-end\">\n<div class=\"pt-0\">\n<div class=\"gizmo-bot-avatar flex h-8 w-8 items-center justify-center overflow-hidden rounded-full\">\n<div class=\"relative p-1 rounded-sm flex items-center justify-center bg-token-main-surface-primary text-token-text-primary h-8 w-8\">\n<h2>Pogosta vpra\u0161anja za Vozol Vista 20000<strong>\u00a0<\/strong>Vape za enkratno uporabo<\/h2>\n<div class=\"flex max-w-full flex-col flex-grow\">\n<div class=\"min-h-8 text-message flex w-full flex-col items-end gap-2 whitespace-normal break-words text-start [.text-message+&amp;]:mt-5\" dir=\"auto\" data-message-author-role=\"assistant\" data-message-id=\"4dc48248-df95-45bd-b800-6dedb43cf7f1\" data-message-model-slug=\"gpt-4o\">\n<div class=\"flex w-full flex-col gap-1 empty:hidden first:pt-[3px]\">\n<div class=\"markdown prose w-full break-words dark:prose-invert light\">\n<p><strong>1. Kaj razlikuje serijo Vozol Vista 20000 od drugih vape za enkratno uporabo?<\/strong><br \/>\nSerija Vozol Vista izstopa z visokim \u0161tevilom vdihov (do 14.000 do 20.000 vdihov), 6-stopenjskim nadzorom mo\u010di in tehnologijo dvojne mre\u017easte tuljave, ki zagotavlja bolj gladek in dosleden poteg z izbolj\u0161anim okusom in proizvodnjo pare. Poleg tega je zaradi elegantne in prenosne zasnove idealna za vaping na poti.<\/p>\n<p><strong>2. Kako dolgo trajajo naprave serije Vozol Vista 20k?<\/strong><br \/>\nOdvisno od modela, ki ga izberete, naprave Vozol Vista ponujajo impresivnih 14.000 do 20.000 vdihov, kar zagotavlja dolgotrajno uporabo. To pomeni, da lahko v napravi u\u017eivate dlje \u010dasa, preden jo morate zamenjati.<\/p>\n<p><strong>3. Ali lahko prilagodim izku\u0161njo vapinga z Vozol Vista 20k?<\/strong><br \/>\nDa! Serija Vozol Vista ima 6-stopenjski nadzor mo\u010di, ki vam omogo\u010da, da prilagodite nastavitve mo\u010di, da ustrezajo va\u0161emu najljub\u0161emu na\u010dinu vapinga. Ne glede na to, ali imate raje bolj gladek, la\u017eji poteg ali bolj intenziven, okusen udarec.<\/p>\n<p><strong>4. Katere okuse ponuja Vozol Vista 20000?<\/strong><br \/>\nSerija Vozol Vista ponuja \u0161iroko paleto vznemirljivih okusov, vklju\u010dno z mo\u017enostmi, kot so \u010de\u0161njeva kola, ledena breskev, ledeno kislo jabolko, me\u0161ano jagodi\u010devje, \u017eve\u010dilni gumi z okusom lubenice in \u0161e veliko ve\u010d. Ne glede na to, ali u\u017eivate v sadnih, mentolovih ali celo energijskih okusih, se za vsakogar najde nekaj.<\/p>\n<p><strong>5. Ali so naprave Vozol Vista prenosne in enostavne za uporabo?<\/strong><br \/>\nSeveda! Serija Vozol Vista ima elegantno in prenosno zasnovo, ki omogo\u010da enostavno prena\u0161anje kamor koli greste. Poleg tega naprava s svojim barvnim zaslonom za lahko berljive prikaze ponuja intuitivno uporabni\u0161ko izku\u0161njo, zaradi \u010desar je idealna tako za za\u010detnike kot za izku\u0161ene uporabnike.<\/p>\n<\/div>\n<\/div>\n<\/div>\n<\/div>\n<\/div>\n<\/div>\n<\/div>\n<\/div>\n<div class=\"flex-shrink-0 flex flex-col relative items-end\">\n<div class=\"pt-0\">\n<div class=\"gizmo-bot-avatar flex h-8 w-8 items-center justify-center overflow-hidden rounded-full\">\n<div class=\"relative p-1 rounded-sm flex items-center justify-center bg-token-main-surface-primary text-token-text-primary h-8 w-8\">\n<div class=\"mb-2 flex gap-3 empty:hidden -ml-2\">\n<div role=\"article\" data-tabster=\"{&quot;groupper&quot;:{&quot;tabbability&quot;:2},&quot;focusable&quot;:{}}\" data-content=\"ai-message\" aria-labelledby=\"Vdt5ez4X7Tg813x6rFVha-author Vdt5ez4X7Tg813x6rFVha-content\">\n<div id=\"Vdt5ez4X7Tg813x6rFVha-content\">\n<div role=\"article\" data-tabster=\"{&quot;groupper&quot;:{&quot;tabbability&quot;:2},&quot;focusable&quot;:{}}\" data-content=\"ai-message\" aria-labelledby=\"o968oC7CEo2fGHsGdsRYC-author o968oC7CEo2fGHsGdsRYC-content\">\n<div id=\"o968oC7CEo2fGHsGdsRYC-content\">\n<p>&nbsp;<\/p>\n<h2>Zakaj izbrati vapestornado za veleprodajo vape FIHP 15000 Puffs?<\/h2>\n<div class=\"flex-shrink-0 flex flex-col relative items-end\">\n<div class=\"pt-0\">\n<div class=\"gizmo-bot-avatar flex h-8 w-8 items-center justify-center overflow-hidden rounded-full\">\n<div class=\"relative p-1 rounded-sm flex items-center justify-center bg-token-main-surface-primary text-token-text-primary h-8 w-8\">\n<p>Dobrodo\u0161li v vapestornadu, va\u0161i zaupanja vredni spletni trgovini z veipi za vrhunske veipe za enkratno uporabo. Z ve\u010d kot 5-letnimi izku\u0161njami vam prina\u0161amo priljubljene blagovne znamke veipov za enkratno uporabo, kot so Fumot RandM Vape, <a href=\"https:\/\/vapestornado.com\/sl\/product-category\/vapme-shisha\/\">Vapme<\/a>, Bang Vape, Waspe Vape in WGA Vape, itd.<\/p>\n<p>Na\u0161a ponudba vklju\u010duje vro\u010de prodajane veipe, kot je <a href=\"https:\/\/vapestornado.com\/sl\/product\/randm-12000-puffs-fumot-digital-disposable-vape-wholesale-price\/\">RandM Tornado 12000<\/a>, in izbire, bogate z okusi, kot je <a href=\"https:\/\/vapestornado.com\/sl\/product\/wga-crystal-pro-max-extra-15000-puffs-rechargeable-disposable-vape-wholesale-bulk-buy\/\">\u00a0WGA Kristal 15k Vdihov<\/a> Vsak izdelek je izbran s poudarkom na kakovosti, vrednosti in raznolikosti, kar zagotavlja, da boste na\u0161li popolno ujemanje za svoje potrebe. Odkrijte izjemno storitev in \u0161iroko paleto vrhunskih izdelkov po veleprodajni ceni pri vapestornado.<\/p>\n<\/div>\n<p>&nbsp;<\/p>\n<p><strong>Druge vro\u010de prodajane e-cigarete za enkratno uporabo<\/strong><\/p>\n<p><a href=\"https:\/\/vapestornado.com\/sl\/product\/bang-vape-35000-puffs-low-nicotine-bulk-buy-rechargeable-disposable-vapes-box-wholesale-price\/\">Bang Vape 40000 Vpihov <span style=\"color: #ff0000;\"><strong>&gt;&gt;&gt;&gt; Pojdi !<\/strong><\/span><\/a><\/p>\n<p><a href=\"https:\/\/vapestornado.com\/sl\/product\/vopk-ultra-40000-puffs-2-in-1-digital-screen-rechargeable-disposable-vape\/\">VOPK 40000 Dvojni Okus<span style=\"color: #ff0000;\"><strong>&gt;&gt;&gt;&gt; Pojdi !<\/strong><\/span><\/a><\/p>\n<p><a href=\"https:\/\/vapestornado.com\/sl\/product\/puff-25k-bang-king-25000-puffs-rechargeable-disposable-vape-wholesale-bulk-buy\/\">Bang King 25000 <span style=\"color: #ff0000;\"><strong>&gt;&gt;&gt;&gt; Pojdi !<\/strong><\/span><\/a><\/p>\n<\/div>\n<\/div>\n<\/div>\n<p>&nbsp;<\/p>\n<\/div>\n<\/div>\n<\/div>\n<\/div>\n<\/div>\n<\/div>\n<\/div>\n<\/div>\n<\/div>","protected":false},"excerpt":{"rendered":"<p>Vozol Vista 20000 Vpihov Razpolo\u017eljiva Vape na Debelo<br \/>\nVozol Vista 20000 Vape Polnilna Razpolo\u017eljiva Vape<br \/>\nVozol Vista 20000 Vpihov Razpolo\u017eljiva Pod Naprava Nakup v Razsutem Stanju<\/p>\n<p><strong>Dodajte Amy na WhatsApp in prejmite takoj\u0161en odgovor ter kupon za vape!<\/strong><\/p>\n<p><img fetchpriority=\"high\" decoding=\"async\" class=\"size-full wp-image-2932\" src=\"https:\/\/vapestornado.com\/wp-content\/uploads\/2024\/12\/Vape-Wholesale.jpg\" alt=\"Vape Veleprodaja\" width=\"229\" height=\"300\" \/><\/p>\n<h3><a href=\"https:\/\/wa.me\/8617776015835\"><span style=\"color: #ff0000;\"><strong>WhatsApp: +386 17776015835<\/strong><\/span><\/a><\/h3>\n<p>&nbsp;<\/p>","protected":false},"featured_media":3588,"comment_status":"open","ping_status":"closed","template":"","meta":{"_acf_changed":false,"_uag_custom_page_level_css":"","_lmt_disableupdate":"no","_lmt_disable":"","_monsterinsights_skip_tracking":false,"_monsterinsights_sitenote_active":false,"_monsterinsights_sitenote_note":"","_monsterinsights_sitenote_category":0,"site-sidebar-layout":"default","site-content-layout":"","ast-site-content-layout":"default","site-content-style":"default","site-sidebar-style":"default","ast-global-header-display":"","ast-banner-title-visibility":"","ast-main-header-display":"","ast-hfb-above-header-display":"","ast-hfb-below-header-display":"","ast-hfb-mobile-header-display":"","site-post-title":"","ast-breadcrumbs-content":"","ast-featured-img":"","footer-sml-layout":"","ast-disable-related-posts":"","theme-transparent-header-meta":"default","adv-header-id-meta":"","stick-header-meta":"","header-above-stick-meta":"","header-main-stick-meta":"","header-below-stick-meta":"","astra-migrate-meta-layouts":"set","ast-page-background-enabled":"default","ast-page-background-meta":{"desktop":{"background-color":"","background-image":"","background-repeat":"repeat","background-position":"center center","background-size":"auto","background-attachment":"scroll","background-type":"","background-media":"","overlay-type":"","overlay-color":"","overlay-opacity":"","overlay-gradient":""},"tablet":{"background-color":"","background-image":"","background-repeat":"repeat","background-position":"center center","background-size":"auto","background-attachment":"scroll","background-type":"","background-media":"","overlay-type":"","overlay-color":"","overlay-opacity":"","overlay-gradient":""},"mobile":{"background-color":"","background-image":"","background-repeat":"repeat","background-position":"center center","background-size":"auto","background-attachment":"scroll","background-type":"","background-media":"","overlay-type":"","overlay-color":"","overlay-opacity":"","overlay-gradient":""}},"ast-content-background-meta":{"desktop":{"background-color":"var(--ast-global-color-5)","background-image":"","background-repeat":"repeat","background-position":"center center","background-size":"auto","background-attachment":"scroll","background-type":"","background-media":"","overlay-type":"","overlay-color":"","overlay-opacity":"","overlay-gradient":""},"tablet":{"background-color":"var(--ast-global-color-5)","background-image":"","background-repeat":"repeat","background-position":"center center","background-size":"auto","background-attachment":"scroll","background-type":"","background-media":"","overlay-type":"","overlay-color":"","overlay-opacity":"","overlay-gradient":""},"mobile":{"background-color":"var(--ast-global-color-5)","background-image":"","background-repeat":"repeat","background-position":"center center","background-size":"auto","background-attachment":"scroll","background-type":"","background-media":"","overlay-type":"","overlay-color":"","overlay-opacity":"","overlay-gradient":""}},"_joinchat":{"telephone":"+8617776015835"}},"product_brand":[],"product_cat":[69,152,153,143,144,57],"product_tag":[165,105,97,166,94,220,219],"class_list":{"0":"post-3598","1":"product","2":"type-product","3":"status-publish","4":"has-post-thumbnail","6":"product_cat-20000-puff","7":"product_cat-buy-disposable-vapes-in-cermany","8":"product_cat-buy-disposable-vapes-in-italy","9":"product_cat-dual-mesh-disposable-vapes","10":"product_cat-low-nicotine-disposable-vapes","11":"product_cat-vozol-vape","12":"product_tag-cheap-vapes","13":"product_tag-digital-disposable-vape","14":"product_tag-hot-sale-disposable-vape","15":"product_tag-low-nicotine-vape","16":"product_tag-rechargeable-disposable-vape","17":"product_tag-vozol-vape","18":"product_tag-vozol-vista-20000","19":"desktop-align-left","20":"tablet-align-left","21":"mobile-align-left","23":"first","24":"instock","25":"sale","26":"shipping-taxable","27":"purchasable","28":"product-type-simple"},"acf":[],"uagb_featured_image_src":{"full":["https:\/\/vapestornado.com\/wp-content\/uploads\/2024\/12\/Vozol-Vista-20000-Disposable-Vape-Wholesale.jpg",1126,1126,false],"thumbnail":["https:\/\/vapestornado.com\/wp-content\/uploads\/2024\/12\/Vozol-Vista-20000-Disposable-Vape-Wholesale-150x150.jpg",150,150,true],"medium":["https:\/\/vapestornado.com\/wp-content\/uploads\/2024\/12\/Vozol-Vista-20000-Disposable-Vape-Wholesale-300x300.jpg",300,300,true],"medium_large":["https:\/\/vapestornado.com\/wp-content\/uploads\/2024\/12\/Vozol-Vista-20000-Disposable-Vape-Wholesale-768x768.jpg",768,768,true],"large":["https:\/\/vapestornado.com\/wp-content\/uploads\/2024\/12\/Vozol-Vista-20000-Disposable-Vape-Wholesale-1024x1024.jpg",1024,1024,true],"1536x1536":["https:\/\/vapestornado.com\/wp-content\/uploads\/2024\/12\/Vozol-Vista-20000-Disposable-Vape-Wholesale.jpg",1126,1126,false],"2048x2048":["https:\/\/vapestornado.com\/wp-content\/uploads\/2024\/12\/Vozol-Vista-20000-Disposable-Vape-Wholesale.jpg",1126,1126,false],"trp-custom-language-flag":["https:\/\/vapestornado.com\/wp-content\/uploads\/2024\/12\/Vozol-Vista-20000-Disposable-Vape-Wholesale.jpg",12,12,false],"woocommerce_thumbnail":["https:\/\/vapestornado.com\/wp-content\/uploads\/2024\/12\/Vozol-Vista-20000-Disposable-Vape-Wholesale-300x300.jpg",300,300,true],"woocommerce_single":["https:\/\/vapestornado.com\/wp-content\/uploads\/2024\/12\/Vozol-Vista-20000-Disposable-Vape-Wholesale-600x600.jpg",600,600,true],"woocommerce_gallery_thumbnail":["https:\/\/vapestornado.com\/wp-content\/uploads\/2024\/12\/Vozol-Vista-20000-Disposable-Vape-Wholesale-100x100.jpg",100,100,true]},"uagb_author_info":{"display_name":"ESAMY","author_link":"https:\/\/vapestornado.com\/sl\/author\/"},"uagb_comment_info":0,"uagb_excerpt":"Vozol Vista 20000 Puffs Disposable Vape Wholesale Vozol Vista 20000 Vape Rechargeable Disposable Vape Vozol Vista 20000 Puffs Disposable Pod Device Bulk Buy Add Amy's whatsapp get right reply and vape coupon! WhatsApp: +86 17776015835 &nbsp;","_links":{"self":[{"href":"https:\/\/vapestornado.com\/sl\/wp-json\/wp\/v2\/product\/3598","targetHints":{"allow":["GET"]}}],"collection":[{"href":"https:\/\/vapestornado.com\/sl\/wp-json\/wp\/v2\/product"}],"about":[{"href":"https:\/\/vapestornado.com\/sl\/wp-json\/wp\/v2\/types\/product"}],"replies":[{"embeddable":true,"href":"https:\/\/vapestornado.com\/sl\/wp-json\/wp\/v2\/comments?post=3598"}],"wp:featuredmedia":[{"embeddable":true,"href":"https:\/\/vapestornado.com\/sl\/wp-json\/wp\/v2\/media\/3588"}],"wp:attachment":[{"href":"https:\/\/vapestornado.com\/sl\/wp-json\/wp\/v2\/media?parent=3598"}],"wp:term":[{"taxonomy":"product_brand","embeddable":true,"href":"https:\/\/vapestornado.com\/sl\/wp-json\/wp\/v2\/product_brand?post=3598"},{"taxonomy":"product_cat","embeddable":true,"href":"https:\/\/vapestornado.com\/sl\/wp-json\/wp\/v2\/product_cat?post=3598"},{"taxonomy":"product_tag","embeddable":true,"href":"https:\/\/vapestornado.com\/sl\/wp-json\/wp\/v2\/product_tag?post=3598"}],"curies":[{"name":"wp","href":"https:\/\/api.w.org\/{rel}","templated":true}]}}