{"id":3568,"date":"2024-12-31T08:17:50","date_gmt":"2024-12-31T08:17:50","guid":{"rendered":"https:\/\/vapestornado.com\/?post_type=product&#038;p=3568"},"modified":"2025-08-23T09:40:26","modified_gmt":"2025-08-23T09:40:26","slug":"vookbar-cyber-pro-3000-puffs-wholesale-e-cigarette-hookah-vape","status":"publish","type":"product","link":"https:\/\/vapestornado.com\/sl\/product\/vookbar-cyber-pro-3000-puffs-wholesale-e-cigarette-hookah-vape\/","title":{"rendered":"Vookbar Cyber PRO 30000 Puffs Veleprodaja E-cigareta Hookah Vape"},"content":{"rendered":"<h1>Vookbar Cyber PRO 3000 Puffs e-cigareta na debelo<\/h1>\n<p>&nbsp;<\/p>\n<div role=\"article\" data-tabster=\"{&quot;groupper&quot;:{&quot;tabbability&quot;:2},&quot;focusable&quot;:{}}\" data-content=\"ai-message\" aria-labelledby=\"64JRvXrTnY7mRmPkEQLLT-author 64JRvXrTnY7mRmPkEQLLT-content\">\n<div id=\"64JRvXrTnY7mRmPkEQLLT-content\">\n<p data-start=\"513\" data-end=\"779\">The <strong data-start=\"517\" data-end=\"565\">Vookbar Cyber PRO 3000 Vpihov Vape za enkratno uporabo<\/strong> je zasnovan za gladko delovanje, eleganten dizajn in veleprodajno vrednost. Z do <strong data-start=\"650\" data-end=\"665\">3.000 vpihov<\/strong> na napravo, zagotavlja zanesljivo mo\u017enost za uporabnike vape, ki \u017eelijo udobje in kakovost v kompaktni obliki.<\/p>\n<p data-start=\"781\" data-end=\"1194\">Opremljen z <strong data-start=\"798\" data-end=\"829\">850 mAh baterijo za ponovno polnjenje<\/strong> in <strong data-start=\"834\" data-end=\"858\">hitro polnjenje Type-C<\/strong>, Cyber PRO zagotavlja dosledno mo\u010d. Njegova <strong data-start=\"904\" data-end=\"932\">22 ml vnaprej napolnjene e-teko\u010dine<\/strong> z <strong data-start=\"938\" data-end=\"962\">5% jakost nikotina<\/strong> zagotavlja zadovoljive zadetke neposredno v plju\u010da (DTL) in intenzivnost drznega okusa. Izdelan iz vrhunskih sestavin, vklju\u010dno z rastlinskim glicerinom, propilen glikolom in naravnimi aromami, zagotavlja bogato, gladko paro od za\u010detka do konca.<\/p>\n<p data-start=\"1196\" data-end=\"1407\">Zdru\u017euje elegantno estetiko z napredno tehnologijo tuljave, <strong data-start=\"1258\" data-end=\"1290\">Vookbar Cyber PRO 3000 Vpihov<\/strong> je idealen za trgovine z vape, distributerje in potro\u0161nike, ki i\u0161\u010dejo kompakten, a mo\u010dan <strong data-start=\"1379\" data-end=\"1404\">veleprodajni hookah vape<\/strong>.<\/p>\n<figure id=\"attachment_3596\" aria-describedby=\"caption-attachment-3596\" style=\"width: 572px\" class=\"wp-caption alignnone\"><img fetchpriority=\"high\" decoding=\"async\" class=\"wp-image-3596\" src=\"https:\/\/vapestornado.com\/wp-content\/uploads\/2024\/12\/Vookbar-3000-Puffs-Hot-Sale-Disposable-Vapes-Germany.jpg\" alt=\"Vookbar 3000 Puffs Vro\u010da prodaja e-cigaret za enkratno uporabo v Sloveniji\" width=\"572\" height=\"572\" srcset=\"https:\/\/vapestornado.com\/wp-content\/uploads\/2024\/12\/Vookbar-3000-Puffs-Hot-Sale-Disposable-Vapes-Germany.jpg 800w, https:\/\/vapestornado.com\/wp-content\/uploads\/2024\/12\/Vookbar-3000-Puffs-Hot-Sale-Disposable-Vapes-Germany-300x300.jpg 300w, https:\/\/vapestornado.com\/wp-content\/uploads\/2024\/12\/Vookbar-3000-Puffs-Hot-Sale-Disposable-Vapes-Germany-150x150.jpg 150w, https:\/\/vapestornado.com\/wp-content\/uploads\/2024\/12\/Vookbar-3000-Puffs-Hot-Sale-Disposable-Vapes-Germany-768x768.jpg 768w, https:\/\/vapestornado.com\/wp-content\/uploads\/2024\/12\/Vookbar-3000-Puffs-Hot-Sale-Disposable-Vapes-Germany-600x600.jpg 600w, https:\/\/vapestornado.com\/wp-content\/uploads\/2024\/12\/Vookbar-3000-Puffs-Hot-Sale-Disposable-Vapes-Germany-100x100.jpg 100w\" sizes=\"(max-width: 572px) 100vw, 572px\" \/><figcaption id=\"caption-attachment-3596\" class=\"wp-caption-text\">Vookbar 3000 Puffs Vro\u010da prodaja e-cigaret za enkratno uporabo v Sloveniji<\/figcaption><\/figure>\n<\/div>\n<\/div>\n<p><img decoding=\"async\" class=\"alignleft wp-image-2951 size-medium\" src=\"https:\/\/vapestornado.com\/wp-content\/uploads\/2024\/12\/Wholesale-Disposable-Vape-265x300.jpg\" alt=\"Veleprodaja Vape za Enkratno Uporabo\" width=\"265\" height=\"300\" srcset=\"https:\/\/vapestornado.com\/wp-content\/uploads\/2024\/12\/Wholesale-Disposable-Vape-265x300.jpg 265w, https:\/\/vapestornado.com\/wp-content\/uploads\/2024\/12\/Wholesale-Disposable-Vape-768x871.jpg 768w, https:\/\/vapestornado.com\/wp-content\/uploads\/2024\/12\/Wholesale-Disposable-Vape-600x680.jpg 600w, https:\/\/vapestornado.com\/wp-content\/uploads\/2024\/12\/Wholesale-Disposable-Vape.jpg 823w\" sizes=\"(max-width: 265px) 100vw, 265px\" \/><\/p>\n<h6>Za Zni\u017eano Ceno se Obrnite na Mandy na WhatsApp<a href=\"https:\/\/wa.me\/8618077105796\" target=\"_blank\" rel=\"noopener\">+8618077105796<\/a><\/h6>\n<div class=\"flex max-w-full flex-col flex-grow\">\n<div class=\"min-h-8 text-message flex w-full flex-col items-end gap-2 whitespace-normal break-words text-start [.text-message+&amp;]:mt-5\" dir=\"auto\" data-message-author-role=\"assistant\" data-message-id=\"cdb991c0-f594-4bff-b2d5-fbbdd7ce9e54\" data-message-model-slug=\"gpt-4o-mini\">\n<div class=\"flex w-full flex-col gap-1 empty:hidden first:pt-[3px]\">\n<div class=\"markdown prose w-full break-words dark:prose-invert light\"><\/div>\n<\/div>\n<\/div>\n<\/div>\n<div class=\"mb-2 flex gap-3 empty:hidden -ml-2\">\n<h2><strong>Vookbar Cyber PRO 30000 Vdihov <\/strong>Izjemne lastnosti:<\/h2>\n<ul>\n<li><strong>Impresivno \u0161tevilo vdihov<\/strong>: Do 30.000 vdihov na napravo za dolgotrajne seanse.<\/li>\n<li><strong>Baterija<\/strong>: 850mAh baterija za ponovno polnjenje zagotavlja stalno delovanje.<\/li>\n<li><strong>Kapaciteta e-teko\u010dine<\/strong>: 22 ml vrhunske e-teko\u010dine.<\/li>\n<li><strong>Vsebnost nikotina<\/strong>: 2-odstotni nikotin za gladek, zadovoljiv vlek.<\/li>\n<li><strong>Vrhunske sestavine<\/strong>: Vsebuje rastlinski glicerin, propilen glikol, nikotin in naravne arome.<\/li>\n<li><strong>Slog uparjanja<\/strong>: Zasnovano za navdu\u0161ence nad neposrednim plju\u010dnim vdihavanjem (DTL), ki i\u0161\u010dejo bogate oblake pare in intenziven okus.<\/li>\n<li><strong>Uporabniku prijazen dizajn<\/strong>: Kompakten, eleganten in pripravljen za uporabo takoj iz \u0161katle.<\/li>\n<\/ul>\n<\/div>\n<h2>Seznam okusov Vookbar Cyber PRO 3000 Puffs:<\/h2>\n<p>1.Ledena modra malina<br \/>\n2.Ledena breskev<br \/>\n3.Ledeno grozdje<br \/>\n4.Jagoda in lubenica<br \/>\n5. Jagoda banana<br \/>\n6.\u010ce\u0161nja in lubenica<br \/>\n7.Ledena lubenica<br \/>\n8.Breskev in mango<br \/>\n9.Jagoda in kivi<br \/>\n10.Bela jagoda z ledom<br \/>\n11.Ledeni beli gumijasti bonbon<br \/>\n12.Zamrznjena pina colada<br \/>\n13.Presneto dobro<br \/>\n14.Mojito me\u0161ano jagodi\u010devje<\/p>\n<div role=\"article\" data-tabster=\"{&quot;groupper&quot;:{&quot;tabbability&quot;:2},&quot;focusable&quot;:{}}\" data-content=\"ai-message\" aria-labelledby=\"dARUyEWDoEYhnSPXFwx5A-author dARUyEWDoEYhnSPXFwx5A-content\">\n<div id=\"dARUyEWDoEYhnSPXFwx5A-content\">\n<h2>Zakaj izbrati Vookbar Cyber PRO 3000 Puffs <strong>\u00a0<\/strong>at <a href=\"https:\/\/vapestornado.com\/sl\/product\/bang-box-35k-puffs-high-capacity-long-lasting-disposable-vape\/\">vapestornado.com?<\/a><\/h2>\n<ul>\n<li><strong>Visoka zmogljivost vdihov<\/strong>: Z izjemnim \u0161tevilom <strong>30.000 vpihov<\/strong>vdihov zagotavlja Vookbar Cyber PRO dolgotrajno uporabo, zaradi \u010desar je priljubljena izbira med strankami, ki i\u0161\u010dejo vrednost in udobje.<\/li>\n<li><strong>Vrhunska kakovost<\/strong>: S <strong>22ml kapaciteto e-teko\u010dine<\/strong> in vsebnostjo nikotina<strong>% nikotinske jakosti<\/strong>, ta naprava zagotavlja bogat okus in zadovoljive vdihe, izdelane iz visokokakovostnih sestavin, kot so <strong>rastlinski glicerin, propilen glikol in naravne arome<\/strong>.<\/li>\n<li><strong>Napredna tehnologija<\/strong>: Napaja se z <strong>850 mAh baterijo za ponovno polnjenje<\/strong>, ta vejp zagotavlja dosledno delovanje in podpira dalj\u0161e seje vejp, kar je idealno za navdu\u0161ence nad neposrednim plju\u010dnim vdihavanjem (DTL).<\/li>\n<li><strong>Eleganten in kompakten dizajn<\/strong>: Vookbar Cyber PRO zdru\u017euje moderno estetiko z uporabniku prijazno funkcionalnostjo, zaradi \u010desar je privla\u010den za \u0161irok krog strank.<\/li>\n<li><strong>Prijazno do veleprodaje<\/strong>: Na voljo po konkuren\u010dnih cenah na spletni strani <strong>vapestornado.si<\/strong>, ta izdelek je popoln za nakupe v ve\u010djih koli\u010dinah, kar zagotavlja odli\u010dne stopnje dobi\u010dka za va\u0161e podjetje.<\/li>\n<li><strong>Tr\u017eno povpra\u0161evanje<\/strong>: S svojimi vrhunskimi funkcijami in visokim \u0161tevilom vpihov, Vookbar Cyber PRO zadovolji rasto\u010de tr\u017ei\u0161\u010de vrhunskih uporabnikov vejpov, kar pove\u010da privla\u010dnost va\u0161ega podjetja.<\/li>\n<\/ul>\n<\/div>\n<\/div>\n<h2>Pogosta vpra\u0161anja o vape podih Vookbar Cyber PRO 30000 vpihov<\/h2>\n<p><strong>1. Koliko vpihov omogo\u010da Vookbar Cyber PRO 30000?<\/strong><br \/>\nVookbar Cyber PRO ponuja impresivnih <strong>30.000 vpihov<\/strong>, zaradi \u010desar je eden najdlje trajajo\u010dih vapeov za enkratno uporabo na trgu.<\/p>\n<p><strong>2. Kolik\u0161na je kapaciteta e-teko\u010dine v tej napravi?<\/strong><br \/>\nVsak Vookbar Cyber PRO pod vsebuje <strong>22 ml e-teko\u010dine<\/strong>, kar zagotavlja stalen in bogat okus skozi celotno \u017eivljenjsko dobo.<\/p>\n<p><strong>3. Kolik\u0161na je vsebnost nikotina v Vookbar Vape Cyber PRO 30k VPIHOV?<\/strong><br \/>\nNaprava ima <strong>5% jakost nikotina<\/strong>, idealno za vaperje, ki i\u0161\u010dejo gladek in zadovoljiv zadetek.<\/p>\n<p><strong>4. Ali je Vookbar Cyber PRO mogo\u010de ponovno polniti?<\/strong><br \/>\nDa, napaja ga <strong>850 mAh baterijo za ponovno polnjenje<\/strong> z doslednim delovanjem za dalj\u0161e seje vapinga.<\/p>\n<p><strong>5. Kako prenosljiv je Vookbar Cyber PRO?<\/strong><br \/>\nEleganten in kompakten dizajn omogo\u010da, da je popoln za uporabo na poti, zdru\u017euje udobje z vrhunsko zmogljivostjo.<\/p>","protected":false},"excerpt":{"rendered":"<p>Vookbar Cyber PRO 3000 Puffs je vrhunska e-cigareta na debelo, ki ponuja dolgotrajno uporabo, gladek okus in eleganten dizajn. Idealna za nakupe v ve\u010djih koli\u010dinah.<\/p>\n<figure id=\"attachment_2951\" aria-describedby=\"caption-attachment-2951\" style=\"width: 265px\" class=\"wp-caption alignnone\"><img decoding=\"async\" class=\"size-medium wp-image-2951\" src=\"https:\/\/vapestornado.com\/wp-content\/uploads\/2024\/12\/Wholesale-Disposable-Vape-265x300.jpg\" alt=\"Veleprodaja Vape za Enkratno Uporabo\" width=\"265\" height=\"300\" srcset=\"https:\/\/vapestornado.com\/wp-content\/uploads\/2024\/12\/Wholesale-Disposable-Vape-265x300.jpg 265w, https:\/\/vapestornado.com\/wp-content\/uploads\/2024\/12\/Wholesale-Disposable-Vape-768x871.jpg 768w, https:\/\/vapestornado.com\/wp-content\/uploads\/2024\/12\/Wholesale-Disposable-Vape-600x680.jpg 600w, https:\/\/vapestornado.com\/wp-content\/uploads\/2024\/12\/Wholesale-Disposable-Vape.jpg 823w\" sizes=\"(max-width: 265px) 100vw, 265px\" \/><figcaption id=\"caption-attachment-2951\" class=\"wp-caption-text\">Za Zni\u017eano Ceno se Obrnite na Mandy na WhatsApp\u00a0 <a href=\"https:\/\/wa.me\/8618077105796\">+8618077105796<\/a><\/figcaption><\/figure>\n<p>&nbsp;<\/p>","protected":false},"featured_media":3592,"comment_status":"open","ping_status":"closed","template":"","meta":{"_acf_changed":false,"_uag_custom_page_level_css":"","_lmt_disableupdate":"no","_lmt_disable":"","_monsterinsights_skip_tracking":false,"_monsterinsights_sitenote_active":false,"_monsterinsights_sitenote_note":"","_monsterinsights_sitenote_category":0,"site-sidebar-layout":"default","site-content-layout":"","ast-site-content-layout":"default","site-content-style":"default","site-sidebar-style":"default","ast-global-header-display":"","ast-banner-title-visibility":"","ast-main-header-display":"","ast-hfb-above-header-display":"","ast-hfb-below-header-display":"","ast-hfb-mobile-header-display":"","site-post-title":"","ast-breadcrumbs-content":"","ast-featured-img":"","footer-sml-layout":"","ast-disable-related-posts":"","theme-transparent-header-meta":"default","adv-header-id-meta":"","stick-header-meta":"","header-above-stick-meta":"","header-main-stick-meta":"","header-below-stick-meta":"","astra-migrate-meta-layouts":"set","ast-page-background-enabled":"default","ast-page-background-meta":{"desktop":{"background-color":"","background-image":"","background-repeat":"repeat","background-position":"center center","background-size":"auto","background-attachment":"scroll","background-type":"","background-media":"","overlay-type":"","overlay-color":"","overlay-opacity":"","overlay-gradient":""},"tablet":{"background-color":"","background-image":"","background-repeat":"repeat","background-position":"center center","background-size":"auto","background-attachment":"scroll","background-type":"","background-media":"","overlay-type":"","overlay-color":"","overlay-opacity":"","overlay-gradient":""},"mobile":{"background-color":"","background-image":"","background-repeat":"repeat","background-position":"center center","background-size":"auto","background-attachment":"scroll","background-type":"","background-media":"","overlay-type":"","overlay-color":"","overlay-opacity":"","overlay-gradient":""}},"ast-content-background-meta":{"desktop":{"background-color":"var(--ast-global-color-5)","background-image":"","background-repeat":"repeat","background-position":"center center","background-size":"auto","background-attachment":"scroll","background-type":"","background-media":"","overlay-type":"","overlay-color":"","overlay-opacity":"","overlay-gradient":""},"tablet":{"background-color":"var(--ast-global-color-5)","background-image":"","background-repeat":"repeat","background-position":"center center","background-size":"auto","background-attachment":"scroll","background-type":"","background-media":"","overlay-type":"","overlay-color":"","overlay-opacity":"","overlay-gradient":""},"mobile":{"background-color":"var(--ast-global-color-5)","background-image":"","background-repeat":"repeat","background-position":"center center","background-size":"auto","background-attachment":"scroll","background-type":"","background-media":"","overlay-type":"","overlay-color":"","overlay-opacity":"","overlay-gradient":""}},"_joinchat":{"telephone":"+8618077105796"}},"product_brand":[],"product_cat":[67,140,153,157],"product_tag":[97,188],"class_list":{"0":"post-3568","1":"product","2":"type-product","3":"status-publish","4":"has-post-thumbnail","6":"product_cat-30000-puff","7":"product_cat-big-puffs-disposable-vapes","8":"product_cat-buy-disposable-vapes-in-italy","9":"product_cat-buy-disposable-vapes-in-portugal","10":"product_tag-hot-sale-disposable-vape","11":"product_tag-vookbar-cyber-pro-30000-puffs","12":"desktop-align-left","13":"tablet-align-left","14":"mobile-align-left","16":"first","17":"instock","18":"sale","19":"shipping-taxable","20":"purchasable","21":"product-type-simple"},"acf":[],"uagb_featured_image_src":{"full":["https:\/\/vapestornado.com\/wp-content\/uploads\/2024\/12\/Vookbar-3000-Puff-Vapes-Cheap-Price.jpg",800,800,false],"thumbnail":["https:\/\/vapestornado.com\/wp-content\/uploads\/2024\/12\/Vookbar-3000-Puff-Vapes-Cheap-Price-150x150.jpg",150,150,true],"medium":["https:\/\/vapestornado.com\/wp-content\/uploads\/2024\/12\/Vookbar-3000-Puff-Vapes-Cheap-Price-300x300.jpg",300,300,true],"medium_large":["https:\/\/vapestornado.com\/wp-content\/uploads\/2024\/12\/Vookbar-3000-Puff-Vapes-Cheap-Price-768x768.jpg",768,768,true],"large":["https:\/\/vapestornado.com\/wp-content\/uploads\/2024\/12\/Vookbar-3000-Puff-Vapes-Cheap-Price.jpg",800,800,false],"1536x1536":["https:\/\/vapestornado.com\/wp-content\/uploads\/2024\/12\/Vookbar-3000-Puff-Vapes-Cheap-Price.jpg",800,800,false],"2048x2048":["https:\/\/vapestornado.com\/wp-content\/uploads\/2024\/12\/Vookbar-3000-Puff-Vapes-Cheap-Price.jpg",800,800,false],"trp-custom-language-flag":["https:\/\/vapestornado.com\/wp-content\/uploads\/2024\/12\/Vookbar-3000-Puff-Vapes-Cheap-Price.jpg",12,12,false],"woocommerce_thumbnail":["https:\/\/vapestornado.com\/wp-content\/uploads\/2024\/12\/Vookbar-3000-Puff-Vapes-Cheap-Price-300x300.jpg",300,300,true],"woocommerce_single":["https:\/\/vapestornado.com\/wp-content\/uploads\/2024\/12\/Vookbar-3000-Puff-Vapes-Cheap-Price-600x600.jpg",600,600,true],"woocommerce_gallery_thumbnail":["https:\/\/vapestornado.com\/wp-content\/uploads\/2024\/12\/Vookbar-3000-Puff-Vapes-Cheap-Price-100x100.jpg",100,100,true]},"uagb_author_info":{"display_name":"ESMANDY","author_link":"https:\/\/vapestornado.com\/sl\/author\/"},"uagb_comment_info":0,"uagb_excerpt":"Vookbar Cyber PRO 3000 Puffs is a premium wholesale e-cigarette hookah vape, offering long-lasting puffs, smooth flavor, and a sleek design. Ideal for bulk purchases. [caption id=\"attachment_2951\" align=\"alignnone\" width=\"265\"] Pls Contact Mandy's WhatsApp For Discount Price\u00a0 +8618077105796[\/caption] &nbsp;","_links":{"self":[{"href":"https:\/\/vapestornado.com\/sl\/wp-json\/wp\/v2\/product\/3568","targetHints":{"allow":["GET"]}}],"collection":[{"href":"https:\/\/vapestornado.com\/sl\/wp-json\/wp\/v2\/product"}],"about":[{"href":"https:\/\/vapestornado.com\/sl\/wp-json\/wp\/v2\/types\/product"}],"replies":[{"embeddable":true,"href":"https:\/\/vapestornado.com\/sl\/wp-json\/wp\/v2\/comments?post=3568"}],"wp:featuredmedia":[{"embeddable":true,"href":"https:\/\/vapestornado.com\/sl\/wp-json\/wp\/v2\/media\/3592"}],"wp:attachment":[{"href":"https:\/\/vapestornado.com\/sl\/wp-json\/wp\/v2\/media?parent=3568"}],"wp:term":[{"taxonomy":"product_brand","embeddable":true,"href":"https:\/\/vapestornado.com\/sl\/wp-json\/wp\/v2\/product_brand?post=3568"},{"taxonomy":"product_cat","embeddable":true,"href":"https:\/\/vapestornado.com\/sl\/wp-json\/wp\/v2\/product_cat?post=3568"},{"taxonomy":"product_tag","embeddable":true,"href":"https:\/\/vapestornado.com\/sl\/wp-json\/wp\/v2\/product_tag?post=3568"}],"curies":[{"name":"wp","href":"https:\/\/api.w.org\/{rel}","templated":true}]}}