{"id":3567,"date":"2024-12-31T08:11:45","date_gmt":"2024-12-31T08:11:45","guid":{"rendered":"https:\/\/vapestornado.com\/?post_type=product&#038;p=3567"},"modified":"2025-08-23T09:41:24","modified_gmt":"2025-08-23T09:41:24","slug":"vapme-crystal-7000-puffs-disposable-vape","status":"publish","type":"product","link":"https:\/\/vapestornado.com\/sl\/product\/vapme-crystal-7000-puffs-disposable-vape\/","title":{"rendered":"Vapme Crystal 7000 Vdihov Vape za enkratno uporabo RGB Lu\u010d"},"content":{"rendered":"<h1>Vapme Crystal 7000 Vdihov Vape za enkratno uporabo RGB Lu\u010d<\/h1>\n<p data-start=\"359\" data-end=\"637\">The <strong data-start=\"363\" data-end=\"407\">Vapme Crystal 7000 Vpihov za Enkratno Uporabo<\/strong> zdru\u017euje zmogljivost, u\u010dinkovitost in stil v kompaktni napravi. Z <strong data-start=\"478\" data-end=\"500\">14 ml rezervoarjem za e-teko\u010dino<\/strong> in do <strong data-start=\"511\" data-end=\"526\">7.000 vpihov<\/strong>zagotavlja dolgotrajno uporabo, zaradi \u010desar je prakti\u010dna izbira tako za vsakodnevne uporabnike kot za veleprodajne kupce.<\/p>\n<p data-start=\"639\" data-end=\"892\">Napaja ga <strong data-start=\"652\" data-end=\"683\">650mAh polnilno baterijo<\/strong> z <strong data-start=\"689\" data-end=\"713\">hitro polnjenje Type-C<\/strong>Vapme Crystal 7K zmanj\u0161uje \u010das nedelovanja in zagotavlja dosledno delovanje. Njegova <strong data-start=\"795\" data-end=\"813\">Mre\u017ena tuljava 1,0 \u03a9<\/strong> izbolj\u0161uje okus in proizvodnjo pare, kar zagotavlja gladke in zadovoljive vdihe.<\/p>\n<p data-start=\"894\" data-end=\"1237\">Naprava ima tudi <strong data-start=\"919\" data-end=\"935\">RGB osvetlitev<\/strong>kar dodaja eleganten pridih kristalno \u010disti obliki. Z <strong data-start=\"992\" data-end=\"1013\">30 mo\u017enostmi okusa<\/strong>\u2014od sadnih in ledenih do profilov, ki jih navdihujejo sladkarije\u2014 <strong data-start=\"1073\" data-end=\"1106\">Vapme Crystal 7000 Vpihov Vape<\/strong> ponuja nekaj za vsak okus. Kompakten, enostaven za uporabo in zanesljiv, idealen je tako za za\u010detnike kot za izku\u0161ene uporabnike.<\/p>\n<p><img fetchpriority=\"high\" decoding=\"async\" class=\"size-full wp-image-3585\" src=\"https:\/\/vapestornado.com\/wp-content\/uploads\/2024\/12\/Vapme-Crystal-7000-Puffs-Wholesale-Supplier-Affordable-Bulk-Vape-Solutions.jpg\" alt=\"Vapme Crystal 7000 Puffs Veleprodajni dobavitelj Ugodne re\u0161itve za ve\u010dje koli\u010dine vape\" width=\"1000\" height=\"666\" srcset=\"https:\/\/vapestornado.com\/wp-content\/uploads\/2024\/12\/Vapme-Crystal-7000-Puffs-Wholesale-Supplier-Affordable-Bulk-Vape-Solutions.jpg 1000w, https:\/\/vapestornado.com\/wp-content\/uploads\/2024\/12\/Vapme-Crystal-7000-Puffs-Wholesale-Supplier-Affordable-Bulk-Vape-Solutions-300x200.jpg 300w, https:\/\/vapestornado.com\/wp-content\/uploads\/2024\/12\/Vapme-Crystal-7000-Puffs-Wholesale-Supplier-Affordable-Bulk-Vape-Solutions-768x511.jpg 768w, https:\/\/vapestornado.com\/wp-content\/uploads\/2024\/12\/Vapme-Crystal-7000-Puffs-Wholesale-Supplier-Affordable-Bulk-Vape-Solutions-600x400.jpg 600w\" sizes=\"(max-width: 1000px) 100vw, 1000px\" \/><\/p>\n<h3>Zna\u010dilnosti izdelka<\/h3>\n<ol>\n<li>Dolgotrajnih ve\u010d kot 7.000 vdihov s 14 ml prostornino e-teko\u010dine.<\/li>\n<li>Polnilna 650 mAh baterija s hitrim polnjenjem Type-C.<\/li>\n<li>Mre\u017easta tuljava 1,0\u03a9 za bogat okus in gosto paro.<\/li>\n<li>Elegantna RGB osvetlitev za vrhunsko izku\u0161njo vapinga.<\/li>\n<li>Na voljo v 30 edinstvenih in okusnih okusih.<\/li>\n<\/ol>\n<h3>Seznam Okusov<\/h3>\n<ol>\n<li>Borovnica Malina<\/li>\n<li>Grozdna Jagoda<\/li>\n<li>\u017dve\u010dilni gumi Jagoda Lubenica<\/li>\n<li>Jagoda Malina Sladkarije<\/li>\n<li>Jagoda Banana<\/li>\n<li>Jagoda Mango<\/li>\n<li>Breskev Mango Ananas<\/li>\n<li>Lubenica Led<\/li>\n<li>Trojni Mango<\/li>\n<li>\u010ce\u0161njev Led<\/li>\n<li>Pasijonka Melona Led<\/li>\n<li>Kivi Pasijonka Guava<\/li>\n<li>Jagoda Led<\/li>\n<li>Ledena breskev<\/li>\n<li>Blue Razz Limonada<\/li>\n<li>Jagoda kivi<\/li>\n<li>Energijska Pija\u010da<\/li>\n<li>\u010ce\u0161njeva kola<\/li>\n<li>Me\u0161ani Gozdni Sade\u017ei Led<\/li>\n<li>Limona<\/li>\n<li>Jagoda grozdje<\/li>\n<li>\u010crni Ribez Led<\/li>\n<li>Borovnica Brusnica \u010ce\u0161nja<\/li>\n<li>Lubenica Kivi Led<\/li>\n<li>\u010ce\u0161nja Jagoda<\/li>\n<li>Meta<\/li>\n<li>Tropski sadni pun\u010d<\/li>\n<li>Gospod Modri<\/li>\n<li>Dvojno Jabolko<\/li>\n<li>Banana Led<\/li>\n<\/ol>\n<h4><strong>Vapme 7000 Puffs Vrhunski okusi<\/strong><\/h4>\n<ol>\n<li><strong>Borovnica Malina<\/strong>: Popolnoma uravnote\u017eena me\u0161anica sladkih borovnic in pikantnih malin.<\/li>\n<li><strong>Grozdna Jagoda<\/strong>: Intenziven okus grozdja, pome\u0161an s so\u010dnimi me\u0161animi jagodami za osve\u017eilno izku\u0161njo.<\/li>\n<li><strong>\u017dve\u010dilni gumi Jagoda Lubenica<\/strong>: So\u010dne jagode in lubenica v kombinaciji s sladkostjo nostalgije po \u017eve\u010dilnem gumiju.<\/li>\n<li><strong>Breskev Mango Ananas<\/strong>: Tropska me\u0161anica sladke breskve, manga in pikantnega ananasa.<\/li>\n<li><strong>Lubenica Led<\/strong>: Sladka, osve\u017eilna lubenica s hladnim pridihom mentola.<\/li>\n<\/ol>\n<h4><strong>Zakaj izbrati Vapme Crystal 7000 Puffs?<\/strong><\/h4>\n<p>Vapme Crystal 7000 Puffs izstopa zaradi izjemne zmogljivosti, elegantnega dizajna in \u0161irokega izbora okusov. Z masivno zmogljivostjo 7000+ vdihov, je bolj obstojen od ve\u010dine vejpic za enkratno uporabo, kar ga dela stro\u0161kovno u\u010dinkovito izbiro za pogoste uporabnike. Polnilna 650mAh baterija in polnjenje prek Type-C kabla zagotavljata udobje in zmanj\u0161anje odpadkov v primerjavi z napravami za enkratno uporabo. Opremljen z napredno 1.0\u03a9 tehnologijo mre\u017easte tuljave, ta vejp zagotavlja neprimerljivo intenzivnost okusa in gladko proizvodnjo pare. Njegova lahka, kompaktna zasnova in RGB lu\u010dka ga naredijo popolnega spremljevalca za vaping na poti. Ne glede na to, ali ste navdu\u0161enec nad okusi ali nekdo, ki i\u0161\u010de vzdr\u017eljivost in stil, je Vapme Crystal 7000 Puffs vrhunska izbira.<\/p>\n<h3><strong>Pogosta vpra\u0161anja<\/strong><\/h3>\n<ol>\n<li><strong>Koliko vdihov zagotavlja Vapme Crystal 7k Puff?<\/strong><br \/>\nPonuja ve\u010d kot 7000 vdihov, kar zagotavlja dolgotrajno uporabo.<\/li>\n<li><strong>Ali je Vapme Crystal 7000 Puffs polnilen?<\/strong><br \/>\nDa, ima polnilno 650mAh baterijo z vhodom Type-C.<\/li>\n<li><strong>Kateri okusi so na voljo za Vapme Crystal 7k vejpe?<\/strong><br \/>\nNa voljo je 30 edinstvenih okusov, vklju\u010dno s sadnimi, ledenimi in tistimi, ki spominjajo na bonbone.<\/li>\n<li><strong>Kak\u0161no tehnologijo tuljave uporablja ta Vapme vejp 7k crystal?<\/strong><br \/>\nOpremljen je z 1.0\u03a9 mre\u017easto tuljavo za izbolj\u0161an okus in proizvodnjo pare.<\/li>\n<li><strong>Ali ima Vapme Crystal 7k Puffs RGB osvetlitev?<\/strong><br \/>\nDa, ima elegantno RGB osvetlitev za izbolj\u0161ano izku\u0161njo vapinga.<\/li>\n<\/ol>\n<h4>Vapme Crystal 7k vape veleprodaja Kontaktirajte in pridobite popust zdaj!<a href=\"https:\/\/wa.me\/8618077105750\" target=\"_blank\" rel=\"noopener\">+8618077105750<\/a><\/h4>\n<p><img decoding=\"async\" class=\"size-large wp-image-2921\" src=\"https:\/\/vapestornado.com\/wp-content\/uploads\/2024\/11\/20062b3a285f900e79520aad496b94d-887x1024.jpg\" alt=\"vapestornado Vicky\" width=\"887\" height=\"1024\" srcset=\"https:\/\/vapestornado.com\/wp-content\/uploads\/2024\/11\/20062b3a285f900e79520aad496b94d-887x1024.jpg 887w, https:\/\/vapestornado.com\/wp-content\/uploads\/2024\/11\/20062b3a285f900e79520aad496b94d-260x300.jpg 260w, https:\/\/vapestornado.com\/wp-content\/uploads\/2024\/11\/20062b3a285f900e79520aad496b94d-768x887.jpg 768w, https:\/\/vapestornado.com\/wp-content\/uploads\/2024\/11\/20062b3a285f900e79520aad496b94d-600x693.jpg 600w, https:\/\/vapestornado.com\/wp-content\/uploads\/2024\/11\/20062b3a285f900e79520aad496b94d.jpg 1080w\" sizes=\"(max-width: 887px) 100vw, 887px\" \/><\/p>","protected":false},"excerpt":{"rendered":"<p>Vapme Crystal 7000 Puffs ponuja ve\u010d kot 7.000 vdihov, 30 okusov, polnilno baterijo in mre\u017easto tuljavo 1,0\u03a9 za vrhunski okus.<\/p>\n<p><strong><span style=\"color: #ff0000;\">(cena na na\u0161i spletni strani ne vklju\u010duje stro\u0161kov po\u0161iljanja, prosimo, kontaktirajte me za celotno ceno in va\u0161 popust!)<\/span><\/strong><\/p>\n<p><img decoding=\"async\" class=\"size-medium wp-image-2921\" src=\"https:\/\/vapestornado.com\/wp-content\/uploads\/2024\/11\/20062b3a285f900e79520aad496b94d-260x300.jpg\" alt=\"vapestornado Vicky\" width=\"260\" height=\"300\" srcset=\"https:\/\/vapestornado.com\/wp-content\/uploads\/2024\/11\/20062b3a285f900e79520aad496b94d-260x300.jpg 260w, https:\/\/vapestornado.com\/wp-content\/uploads\/2024\/11\/20062b3a285f900e79520aad496b94d-887x1024.jpg 887w, https:\/\/vapestornado.com\/wp-content\/uploads\/2024\/11\/20062b3a285f900e79520aad496b94d-768x887.jpg 768w, https:\/\/vapestornado.com\/wp-content\/uploads\/2024\/11\/20062b3a285f900e79520aad496b94d-600x693.jpg 600w, https:\/\/vapestornado.com\/wp-content\/uploads\/2024\/11\/20062b3a285f900e79520aad496b94d.jpg 1080w\" sizes=\"(max-width: 260px) 100vw, 260px\" \/><\/p>","protected":false},"featured_media":3579,"comment_status":"open","ping_status":"closed","template":"","meta":{"_acf_changed":false,"_uag_custom_page_level_css":"","_lmt_disableupdate":"no","_lmt_disable":"","_monsterinsights_skip_tracking":false,"_monsterinsights_sitenote_active":false,"_monsterinsights_sitenote_note":"","_monsterinsights_sitenote_category":0,"site-sidebar-layout":"default","site-content-layout":"","ast-site-content-layout":"default","site-content-style":"default","site-sidebar-style":"default","ast-global-header-display":"","ast-banner-title-visibility":"","ast-main-header-display":"","ast-hfb-above-header-display":"","ast-hfb-below-header-display":"","ast-hfb-mobile-header-display":"","site-post-title":"","ast-breadcrumbs-content":"","ast-featured-img":"","footer-sml-layout":"","ast-disable-related-posts":"","theme-transparent-header-meta":"default","adv-header-id-meta":"","stick-header-meta":"","header-above-stick-meta":"","header-main-stick-meta":"","header-below-stick-meta":"","astra-migrate-meta-layouts":"set","ast-page-background-enabled":"default","ast-page-background-meta":{"desktop":{"background-color":"","background-image":"","background-repeat":"repeat","background-position":"center center","background-size":"auto","background-attachment":"scroll","background-type":"","background-media":"","overlay-type":"","overlay-color":"","overlay-opacity":"","overlay-gradient":""},"tablet":{"background-color":"","background-image":"","background-repeat":"repeat","background-position":"center center","background-size":"auto","background-attachment":"scroll","background-type":"","background-media":"","overlay-type":"","overlay-color":"","overlay-opacity":"","overlay-gradient":""},"mobile":{"background-color":"","background-image":"","background-repeat":"repeat","background-position":"center center","background-size":"auto","background-attachment":"scroll","background-type":"","background-media":"","overlay-type":"","overlay-color":"","overlay-opacity":"","overlay-gradient":""}},"ast-content-background-meta":{"desktop":{"background-color":"var(--ast-global-color-5)","background-image":"","background-repeat":"repeat","background-position":"center center","background-size":"auto","background-attachment":"scroll","background-type":"","background-media":"","overlay-type":"","overlay-color":"","overlay-opacity":"","overlay-gradient":""},"tablet":{"background-color":"var(--ast-global-color-5)","background-image":"","background-repeat":"repeat","background-position":"center center","background-size":"auto","background-attachment":"scroll","background-type":"","background-media":"","overlay-type":"","overlay-color":"","overlay-opacity":"","overlay-gradient":""},"mobile":{"background-color":"var(--ast-global-color-5)","background-image":"","background-repeat":"repeat","background-position":"center center","background-size":"auto","background-attachment":"scroll","background-type":"","background-media":"","overlay-type":"","overlay-color":"","overlay-opacity":"","overlay-gradient":""}},"_joinchat":{"telephone":"+8618077105750"}},"product_brand":[],"product_cat":[74,154,159,143,144,61],"product_tag":[],"class_list":{"0":"post-3567","1":"product","2":"type-product","3":"status-publish","4":"has-post-thumbnail","6":"product_cat-7000-puff","7":"product_cat-buy-disposable-vapes-in-netherlands","8":"product_cat-buy-disposable-vapes-in-sweden","9":"product_cat-dual-mesh-disposable-vapes","10":"product_cat-low-nicotine-disposable-vapes","11":"product_cat-vapme-shisha","12":"desktop-align-left","13":"tablet-align-left","14":"mobile-align-left","16":"first","17":"instock","18":"sale","19":"shipping-taxable","20":"purchasable","21":"product-type-simple"},"acf":[],"uagb_featured_image_src":{"full":["https:\/\/vapestornado.com\/wp-content\/uploads\/2024\/12\/Vapme-Crystal-7000-Puffs-Price-Best-Value-for-High-Performance-Disposable-Vapes.jpg",1000,1000,false],"thumbnail":["https:\/\/vapestornado.com\/wp-content\/uploads\/2024\/12\/Vapme-Crystal-7000-Puffs-Price-Best-Value-for-High-Performance-Disposable-Vapes-150x150.jpg",150,150,true],"medium":["https:\/\/vapestornado.com\/wp-content\/uploads\/2024\/12\/Vapme-Crystal-7000-Puffs-Price-Best-Value-for-High-Performance-Disposable-Vapes-300x300.jpg",300,300,true],"medium_large":["https:\/\/vapestornado.com\/wp-content\/uploads\/2024\/12\/Vapme-Crystal-7000-Puffs-Price-Best-Value-for-High-Performance-Disposable-Vapes-768x768.jpg",768,768,true],"large":["https:\/\/vapestornado.com\/wp-content\/uploads\/2024\/12\/Vapme-Crystal-7000-Puffs-Price-Best-Value-for-High-Performance-Disposable-Vapes.jpg",1000,1000,false],"1536x1536":["https:\/\/vapestornado.com\/wp-content\/uploads\/2024\/12\/Vapme-Crystal-7000-Puffs-Price-Best-Value-for-High-Performance-Disposable-Vapes.jpg",1000,1000,false],"2048x2048":["https:\/\/vapestornado.com\/wp-content\/uploads\/2024\/12\/Vapme-Crystal-7000-Puffs-Price-Best-Value-for-High-Performance-Disposable-Vapes.jpg",1000,1000,false],"trp-custom-language-flag":["https:\/\/vapestornado.com\/wp-content\/uploads\/2024\/12\/Vapme-Crystal-7000-Puffs-Price-Best-Value-for-High-Performance-Disposable-Vapes.jpg",12,12,false],"woocommerce_thumbnail":["https:\/\/vapestornado.com\/wp-content\/uploads\/2024\/12\/Vapme-Crystal-7000-Puffs-Price-Best-Value-for-High-Performance-Disposable-Vapes-300x300.jpg",300,300,true],"woocommerce_single":["https:\/\/vapestornado.com\/wp-content\/uploads\/2024\/12\/Vapme-Crystal-7000-Puffs-Price-Best-Value-for-High-Performance-Disposable-Vapes-600x600.jpg",600,600,true],"woocommerce_gallery_thumbnail":["https:\/\/vapestornado.com\/wp-content\/uploads\/2024\/12\/Vapme-Crystal-7000-Puffs-Price-Best-Value-for-High-Performance-Disposable-Vapes-100x100.jpg",100,100,true]},"uagb_author_info":{"display_name":"ESvicky","author_link":"https:\/\/vapestornado.com\/sl\/author\/"},"uagb_comment_info":0,"uagb_excerpt":"Vapme Crystal 7000 Puffs offers 7,000+ puffs, 30 flavors, rechargeable battery, and 1.0\u03a9 mesh coil for superior flavor. (our website price not include shipping cost, please contact me to get whole price and your disccount!)","_links":{"self":[{"href":"https:\/\/vapestornado.com\/sl\/wp-json\/wp\/v2\/product\/3567","targetHints":{"allow":["GET"]}}],"collection":[{"href":"https:\/\/vapestornado.com\/sl\/wp-json\/wp\/v2\/product"}],"about":[{"href":"https:\/\/vapestornado.com\/sl\/wp-json\/wp\/v2\/types\/product"}],"replies":[{"embeddable":true,"href":"https:\/\/vapestornado.com\/sl\/wp-json\/wp\/v2\/comments?post=3567"}],"wp:featuredmedia":[{"embeddable":true,"href":"https:\/\/vapestornado.com\/sl\/wp-json\/wp\/v2\/media\/3579"}],"wp:attachment":[{"href":"https:\/\/vapestornado.com\/sl\/wp-json\/wp\/v2\/media?parent=3567"}],"wp:term":[{"taxonomy":"product_brand","embeddable":true,"href":"https:\/\/vapestornado.com\/sl\/wp-json\/wp\/v2\/product_brand?post=3567"},{"taxonomy":"product_cat","embeddable":true,"href":"https:\/\/vapestornado.com\/sl\/wp-json\/wp\/v2\/product_cat?post=3567"},{"taxonomy":"product_tag","embeddable":true,"href":"https:\/\/vapestornado.com\/sl\/wp-json\/wp\/v2\/product_tag?post=3567"}],"curies":[{"name":"wp","href":"https:\/\/api.w.org\/{rel}","templated":true}]}}