{"id":3533,"date":"2024-12-28T09:56:42","date_gmt":"2024-12-28T09:56:42","guid":{"rendered":"https:\/\/vapestornado.com\/?post_type=product&#038;p=3533"},"modified":"2025-08-23T09:46:04","modified_gmt":"2025-08-23T09:46:04","slug":"vapme-spacex-22000-puffs-disposable-vape","status":"publish","type":"product","link":"https:\/\/vapestornado.com\/sl\/product\/vapme-spacex-22000-puffs-disposable-vape\/","title":{"rendered":"Vapme Spacex 22000 Vpihov Vape za enkratno uporabo"},"content":{"rendered":"<h1>Vapme Spacex 22000 Vpihov Vape za enkratno uporabo<\/h1>\n<p data-start=\"397\" data-end=\"648\">The <strong data-start=\"401\" data-end=\"445\">Vapme Spacex 22000 Vpihov Vape za enkratno uporabo<\/strong> zagotavlja zmogljivost, u\u010dinkovitost in uporabniku prijazno zasnovo v eni napravi. Z do <strong data-start=\"529\" data-end=\"545\">22.000 vdihov<\/strong> in <strong data-start=\"552\" data-end=\"585\">28 ml predhodno napolnjen rezervoar za e-teko\u010dino<\/strong>zagotavlja dolgotrajno uporabo brez pogostih zamenjav.<\/p>\n<p data-start=\"650\" data-end=\"962\">Napaja ga <strong data-start=\"664\" data-end=\"695\">850 mAh baterijo za ponovno polnjenje<\/strong> z <strong data-start=\"701\" data-end=\"725\">hitro polnjenje Type-C<\/strong>Vapme Spacex 22K zagotavlja dosledno delovanje za dalj\u0161e seje. Njegova <strong data-start=\"806\" data-end=\"824\">dvojna mre\u017easta tuljava<\/strong> izbolj\u0161a dostavo okusa in gostoto pare, medtem ko <strong data-start=\"879\" data-end=\"908\">nastavljiv sistem pretoka zraka<\/strong> omogo\u010da uporabnikom, da prilagodijo vsak vdih po svojih \u017eeljah.<\/p>\n<p data-start=\"964\" data-end=\"1368\">Na voljo v <strong data-start=\"977\" data-end=\"1009\">2% in 5% jakosti nikotina<\/strong>ta vape za enkratno uporabo je primeren tako za zmerne kot za mo\u010dne uporabnike. Vgrajen <strong data-start=\"1084\" data-end=\"1099\">LED zaslon<\/strong> prikazuje \u017eivljenjsko dobo baterije in nivoje e-teko\u010dine v realnem \u010dasu, kar dodaja udobje in nadzor. Kompakten in zanesljiv, <strong data-start=\"1211\" data-end=\"1244\">Vapme Spacex 22000 vdihov Vape<\/strong> je primeren tako za za\u010detnike kot izku\u0161ene uporabnike, pa tudi za trgovce na debelo, ki i\u0161\u010dejo naprave z veliko kapaciteto in velikim povpra\u0161evanjem.<\/p>\n<h1><img fetchpriority=\"high\" decoding=\"async\" class=\"alignnone size-large wp-image-3536\" style=\"font-size: 16px; font-style: inherit; font-weight: inherit;\" src=\"https:\/\/vapestornado.com\/wp-content\/uploads\/2024\/12\/Real-Pictures-of-Vapme-Spacex-22000-Puffs-Disposable-Vape-Authentic-Product-Gallery-1024x576.jpg\" alt=\"Prave slike Vapme Spacex 22000 Vlekov E-cigareta Avtenti\u010dna galerija izdelkov\" width=\"1024\" height=\"576\" srcset=\"https:\/\/vapestornado.com\/wp-content\/uploads\/2024\/12\/Real-Pictures-of-Vapme-Spacex-22000-Puffs-Disposable-Vape-Authentic-Product-Gallery-1024x576.jpg 1024w, https:\/\/vapestornado.com\/wp-content\/uploads\/2024\/12\/Real-Pictures-of-Vapme-Spacex-22000-Puffs-Disposable-Vape-Authentic-Product-Gallery-300x169.jpg 300w, https:\/\/vapestornado.com\/wp-content\/uploads\/2024\/12\/Real-Pictures-of-Vapme-Spacex-22000-Puffs-Disposable-Vape-Authentic-Product-Gallery-768x432.jpg 768w, https:\/\/vapestornado.com\/wp-content\/uploads\/2024\/12\/Real-Pictures-of-Vapme-Spacex-22000-Puffs-Disposable-Vape-Authentic-Product-Gallery-1536x864.jpg 1536w, https:\/\/vapestornado.com\/wp-content\/uploads\/2024\/12\/Real-Pictures-of-Vapme-Spacex-22000-Puffs-Disposable-Vape-Authentic-Product-Gallery-2048x1152.jpg 2048w, https:\/\/vapestornado.com\/wp-content\/uploads\/2024\/12\/Real-Pictures-of-Vapme-Spacex-22000-Puffs-Disposable-Vape-Authentic-Product-Gallery-600x338.jpg 600w\" sizes=\"(max-width: 1024px) 100vw, 1024px\" \/><\/h1>\n<h3>Zna\u010dilnosti izdelka<\/h3>\n<ol>\n<li><strong>Zmogljivost 22.000 vdihov<\/strong> za dolgotrajno vaping brez pogostih zamenjav.<\/li>\n<li><strong>Dvojna Mre\u017easta Tuljava<\/strong> zagotavlja gladko proizvodnjo pare in izbolj\u0161ano dostavo okusa.<\/li>\n<li><strong>Polnilna 850mAh baterija<\/strong> z vhodom Type-C za hitro in u\u010dinkovito polnjenje.<\/li>\n<li><strong>Nastavljiv sistem pretoka zraka<\/strong> omogo\u010da prilagodljive preference vdihavanja.<\/li>\n<li><strong>LED zaslon<\/strong> spremlja vdihe in \u017eivljenjsko dobo baterije za udobje uporabnika<\/li>\n<\/ol>\n<p><img decoding=\"async\" class=\"alignnone size-large wp-image-3535\" src=\"https:\/\/vapestornado.com\/wp-content\/uploads\/2024\/12\/Bulk-Buy-Vapme-Spacex-22000-Puffs-Save-Big-on-Large-Quantities-1024x576.jpg\" alt=\"Nakup na veliko Vapme Spacex 22000 Vlekov Veliki prihranki pri velikih koli\u010dinah\" width=\"1024\" height=\"576\" srcset=\"https:\/\/vapestornado.com\/wp-content\/uploads\/2024\/12\/Bulk-Buy-Vapme-Spacex-22000-Puffs-Save-Big-on-Large-Quantities-1024x576.jpg 1024w, https:\/\/vapestornado.com\/wp-content\/uploads\/2024\/12\/Bulk-Buy-Vapme-Spacex-22000-Puffs-Save-Big-on-Large-Quantities-300x169.jpg 300w, https:\/\/vapestornado.com\/wp-content\/uploads\/2024\/12\/Bulk-Buy-Vapme-Spacex-22000-Puffs-Save-Big-on-Large-Quantities-768x432.jpg 768w, https:\/\/vapestornado.com\/wp-content\/uploads\/2024\/12\/Bulk-Buy-Vapme-Spacex-22000-Puffs-Save-Big-on-Large-Quantities-1536x864.jpg 1536w, https:\/\/vapestornado.com\/wp-content\/uploads\/2024\/12\/Bulk-Buy-Vapme-Spacex-22000-Puffs-Save-Big-on-Large-Quantities-2048x1152.jpg 2048w, https:\/\/vapestornado.com\/wp-content\/uploads\/2024\/12\/Bulk-Buy-Vapme-Spacex-22000-Puffs-Save-Big-on-Large-Quantities-600x338.jpg 600w\" sizes=\"(max-width: 1024px) 100vw, 1024px\" \/><\/p>\n<p><img decoding=\"async\" class=\"size-large wp-image-3541\" src=\"https:\/\/vapestornado.com\/wp-content\/uploads\/2024\/12\/Vapme-Spacex-22000-Puffs-Disposable-Vape-Review-Honest-Feedback-and-Real-Insights-1024x576.jpg\" alt=\"Pregled Vapme Spacex 22000 Vlekov E-cigareta Iskrene povratne informacije in resni\u010dni vpogledi\" width=\"1024\" height=\"576\" srcset=\"https:\/\/vapestornado.com\/wp-content\/uploads\/2024\/12\/Vapme-Spacex-22000-Puffs-Disposable-Vape-Review-Honest-Feedback-and-Real-Insights-1024x576.jpg 1024w, https:\/\/vapestornado.com\/wp-content\/uploads\/2024\/12\/Vapme-Spacex-22000-Puffs-Disposable-Vape-Review-Honest-Feedback-and-Real-Insights-300x169.jpg 300w, https:\/\/vapestornado.com\/wp-content\/uploads\/2024\/12\/Vapme-Spacex-22000-Puffs-Disposable-Vape-Review-Honest-Feedback-and-Real-Insights-768x432.jpg 768w, https:\/\/vapestornado.com\/wp-content\/uploads\/2024\/12\/Vapme-Spacex-22000-Puffs-Disposable-Vape-Review-Honest-Feedback-and-Real-Insights-1536x864.jpg 1536w, https:\/\/vapestornado.com\/wp-content\/uploads\/2024\/12\/Vapme-Spacex-22000-Puffs-Disposable-Vape-Review-Honest-Feedback-and-Real-Insights-2048x1152.jpg 2048w, https:\/\/vapestornado.com\/wp-content\/uploads\/2024\/12\/Vapme-Spacex-22000-Puffs-Disposable-Vape-Review-Honest-Feedback-and-Real-Insights-600x338.jpg 600w\" sizes=\"(max-width: 1024px) 100vw, 1024px\" \/><\/p>\n<p><img loading=\"lazy\" decoding=\"async\" class=\"size-large wp-image-3542\" src=\"https:\/\/vapestornado.com\/wp-content\/uploads\/2024\/12\/Vapme-Spacex-22000-Puffs-Flavor-List-Explore-16-Unique-and-Delicious-Flavors-1024x576.jpg\" alt=\"Seznam okusov Vapme Spacex 22000 Vlekov Razi\u0161\u010dite 16 edinstvenih in slastnih okusov\" width=\"1024\" height=\"576\" srcset=\"https:\/\/vapestornado.com\/wp-content\/uploads\/2024\/12\/Vapme-Spacex-22000-Puffs-Flavor-List-Explore-16-Unique-and-Delicious-Flavors-1024x576.jpg 1024w, https:\/\/vapestornado.com\/wp-content\/uploads\/2024\/12\/Vapme-Spacex-22000-Puffs-Flavor-List-Explore-16-Unique-and-Delicious-Flavors-300x169.jpg 300w, https:\/\/vapestornado.com\/wp-content\/uploads\/2024\/12\/Vapme-Spacex-22000-Puffs-Flavor-List-Explore-16-Unique-and-Delicious-Flavors-768x432.jpg 768w, https:\/\/vapestornado.com\/wp-content\/uploads\/2024\/12\/Vapme-Spacex-22000-Puffs-Flavor-List-Explore-16-Unique-and-Delicious-Flavors-1536x864.jpg 1536w, https:\/\/vapestornado.com\/wp-content\/uploads\/2024\/12\/Vapme-Spacex-22000-Puffs-Flavor-List-Explore-16-Unique-and-Delicious-Flavors-2048x1152.jpg 2048w, https:\/\/vapestornado.com\/wp-content\/uploads\/2024\/12\/Vapme-Spacex-22000-Puffs-Flavor-List-Explore-16-Unique-and-Delicious-Flavors-600x338.jpg 600w\" sizes=\"(max-width: 1024px) 100vw, 1024px\" \/><\/p>\n<p><img loading=\"lazy\" decoding=\"async\" class=\"size-large wp-image-3543\" src=\"https:\/\/vapestornado.com\/wp-content\/uploads\/2024\/12\/Vapme-Spacex-22000-Puffs-Price-Comparison-Affordable-Premium-Disposable-Vape-1024x576.jpg\" alt=\"Primerjava cen Vapme Spacex 22000 Vlekov Ugodna vrhunska e-cigareta za enkratno uporabo\" width=\"1024\" height=\"576\" srcset=\"https:\/\/vapestornado.com\/wp-content\/uploads\/2024\/12\/Vapme-Spacex-22000-Puffs-Price-Comparison-Affordable-Premium-Disposable-Vape-1024x576.jpg 1024w, https:\/\/vapestornado.com\/wp-content\/uploads\/2024\/12\/Vapme-Spacex-22000-Puffs-Price-Comparison-Affordable-Premium-Disposable-Vape-300x169.jpg 300w, https:\/\/vapestornado.com\/wp-content\/uploads\/2024\/12\/Vapme-Spacex-22000-Puffs-Price-Comparison-Affordable-Premium-Disposable-Vape-768x432.jpg 768w, https:\/\/vapestornado.com\/wp-content\/uploads\/2024\/12\/Vapme-Spacex-22000-Puffs-Price-Comparison-Affordable-Premium-Disposable-Vape-1536x864.jpg 1536w, https:\/\/vapestornado.com\/wp-content\/uploads\/2024\/12\/Vapme-Spacex-22000-Puffs-Price-Comparison-Affordable-Premium-Disposable-Vape-2048x1152.jpg 2048w, https:\/\/vapestornado.com\/wp-content\/uploads\/2024\/12\/Vapme-Spacex-22000-Puffs-Price-Comparison-Affordable-Premium-Disposable-Vape-600x338.jpg 600w\" sizes=\"(max-width: 1024px) 100vw, 1024px\" \/><\/p>\n<p><img loading=\"lazy\" decoding=\"async\" class=\"size-large wp-image-3544\" src=\"https:\/\/vapestornado.com\/wp-content\/uploads\/2024\/12\/Wholesale-Vapme-Spacex-22000-Puffs-Best-Bulk-Deals-for-Retailers-1024x576.jpg\" alt=\"Veleprodaja Vapme Spacex 22000 Vlekov Najbolj\u0161e ponudbe na veliko za trgovce na drobno\" width=\"1024\" height=\"576\" srcset=\"https:\/\/vapestornado.com\/wp-content\/uploads\/2024\/12\/Wholesale-Vapme-Spacex-22000-Puffs-Best-Bulk-Deals-for-Retailers-1024x576.jpg 1024w, https:\/\/vapestornado.com\/wp-content\/uploads\/2024\/12\/Wholesale-Vapme-Spacex-22000-Puffs-Best-Bulk-Deals-for-Retailers-300x169.jpg 300w, https:\/\/vapestornado.com\/wp-content\/uploads\/2024\/12\/Wholesale-Vapme-Spacex-22000-Puffs-Best-Bulk-Deals-for-Retailers-768x432.jpg 768w, https:\/\/vapestornado.com\/wp-content\/uploads\/2024\/12\/Wholesale-Vapme-Spacex-22000-Puffs-Best-Bulk-Deals-for-Retailers-1536x864.jpg 1536w, https:\/\/vapestornado.com\/wp-content\/uploads\/2024\/12\/Wholesale-Vapme-Spacex-22000-Puffs-Best-Bulk-Deals-for-Retailers-2048x1152.jpg 2048w, https:\/\/vapestornado.com\/wp-content\/uploads\/2024\/12\/Wholesale-Vapme-Spacex-22000-Puffs-Best-Bulk-Deals-for-Retailers-600x338.jpg 600w\" sizes=\"(max-width: 1024px) 100vw, 1024px\" \/><\/p>\n<h3>Seznam Okusov<\/h3>\n<ol>\n<li>Jagoda Mango<\/li>\n<li>Me\u0161ano jagodi\u010devje<\/li>\n<li>Lubenica Led<\/li>\n<li>Jagoda Lubenica<\/li>\n<li>Jagoda Red Bull<\/li>\n<li>Kivi pasijonka guava<\/li>\n<li>Grozdni led<\/li>\n<li>Dvojno Jabolko Led<\/li>\n<li>Borovnica Malina<\/li>\n<li>Led Vodna Lubenica Mango<\/li>\n<li>Borovni\u010dev Led<\/li>\n<li>Breskev jagodi\u010devje<\/li>\n<li>Jagoda kivi<\/li>\n<li>\u010ce\u0161njev Led<\/li>\n<li>Jagoda Superburst \u010ce\u0161nja<\/li>\n<li>Lubenica \u017dve\u010dilni gumi<\/li>\n<\/ol>\n<h3>Vapme Spacex 22000 Puffs 10 najbolj\u0161ih okusov<\/h3>\n<ol>\n<li style=\"list-style-type: none;\">\n<ol>\n<li><strong>Jagoda Mango<\/strong>: Tropska me\u0161anica zrelega manga in sve\u017eih jagod.<\/li>\n<li><strong>Me\u0161ano jagodi\u010devje<\/strong>: So\u010dna me\u0161anica borovnic, robidnic in malin.<\/li>\n<li><strong>Lubenica Led<\/strong>: Sladka vodna lubenica z osve\u017eilnim ledenim udarcem.<\/li>\n<li><strong>Jagoda Lubenica<\/strong>: Fuzija so\u010dnih jagod in hladne vodne lubenice.<\/li>\n<li><strong>Jagoda Red Bull<\/strong>: Mo\u010dan okus jagode z zasukom energijske pija\u010de.<\/li>\n<li><strong>Kivi pasijonka guava<\/strong>: Eksoti\u010dni kivi, pasijonka in guave za tropski pobeg.<\/li>\n<li><strong>Grozdni led<\/strong>: Hrustljavo in so\u010dno grozdje s hladnim mentolovim zaklju\u010dkom.<\/li>\n<li><strong>Dvojno Jabolko Led<\/strong>: Sladka rde\u010da in zelena jabolka v paru z zmrznjenim ob\u010dutkom.<\/li>\n<li><strong>Borovnica Malina<\/strong>: Kisli maline in sladke borovnice so se popolnoma zdru\u017eile.<\/li>\n<li><strong>Led Vodna Lubenica Mango<\/strong>: So\u010dni mango in lubenica z zmrznjenim pridihom.<\/li>\n<\/ol>\n<\/li>\n<\/ol>\n<h3><strong>Zakaj izbrati Vapme Spacex 22000 Puffs?<\/strong><\/h3>\n<p>Elektronska cigareta za enkratno uporabo Vapme Spacex 22000 Puffs izstopa po svoji priro\u010dnosti, zanesljivosti in izjemni dostavi okusa. Njegova velika zmogljivost 22.000 vdihov zagotavlja dalj\u0161o uporabo, kar vam prihrani denar za pogoste zamenjave. Tehnologija Dual Mesh Coil izbolj\u0161a tako proizvodnjo pare kot okus, zaradi \u010desar je vsak vdih zadovoljiv. S sistemom nastavljivega pretoka zraka lahko svojo izku\u0161njo vapinga prilagodite svojim \u017eeljam. Naprava se polni prek vhoda Type-C, kar zagotavlja hitro in u\u010dinkovito polnjenje, medtem ko vas LED zaslon obve\u0161\u010da o stanju baterije in \u0161tevilu vdihov. \u0160irok izbor okusov ustreza razli\u010dnim okusom, zaradi \u010desar je vsestranska mo\u017enost za vse vaperje.<\/p>\n<h3><strong>Pogosta vpra\u0161anja<\/strong><\/h3>\n<ol>\n<li><strong>Kako dolgo zdr\u017ei Vapme Spacex 22000 Puffs?<\/strong><br \/>\nZagotavlja do 22.000 vdihov, zaradi \u010desar je idealen za dalj\u0161o uporabo.<\/li>\n<li><strong>Ali je Vapme Spacex mogo\u010de ponovno polniti?<\/strong><br \/>\nDa, ima 850 mAh polnilno baterijo s polnjenjem Type-C.<\/li>\n<li><strong>Kak\u0161ne so razpolo\u017eljive jakosti nikotina?<\/strong><br \/>\nIzbirajte med 2% ali 5% nikotina, da bo ustrezalo va\u0161im \u017eeljam.<\/li>\n<li><strong>Ali ima nastavljiv pretok zraka?<\/strong><br \/>\nDa, sistem nastavljivega pretoka zraka vam omogo\u010da, da prilagodite svojo izku\u0161njo vdihavanja.<\/li>\n<li><strong>Kako vem stanje baterije?<\/strong><br \/>\nVgrajeni LED zaslon prikazuje stanje baterije in \u0161tevilo vdihov v realnem \u010dasu.<\/li>\n<\/ol>\n<h4>Veleprodaja Vapme vape Kontaktirajte in si zagotovite popust zdaj!<\/h4>\n<p><img loading=\"lazy\" decoding=\"async\" class=\"size-large wp-image-2921\" src=\"https:\/\/vapestornado.com\/wp-content\/uploads\/2024\/11\/20062b3a285f900e79520aad496b94d-887x1024.jpg\" alt=\"vapestornado Vicky\" width=\"887\" height=\"1024\" srcset=\"https:\/\/vapestornado.com\/wp-content\/uploads\/2024\/11\/20062b3a285f900e79520aad496b94d-887x1024.jpg 887w, https:\/\/vapestornado.com\/wp-content\/uploads\/2024\/11\/20062b3a285f900e79520aad496b94d-260x300.jpg 260w, https:\/\/vapestornado.com\/wp-content\/uploads\/2024\/11\/20062b3a285f900e79520aad496b94d-768x887.jpg 768w, https:\/\/vapestornado.com\/wp-content\/uploads\/2024\/11\/20062b3a285f900e79520aad496b94d-600x693.jpg 600w, https:\/\/vapestornado.com\/wp-content\/uploads\/2024\/11\/20062b3a285f900e79520aad496b94d.jpg 1080w\" sizes=\"(max-width: 887px) 100vw, 887px\" \/><\/p>","protected":false},"excerpt":{"rendered":"<p>Vapme Spacex 22000 Puffs Disposable Vape ponuja neprekosljivo zmogljivost z 22.000 vdihi, dvojno mre\u017easto tuljavo, nastavljivim pretokom zraka in polnilno baterijo Type-C.<\/p>\n<p><strong><span style=\"color: #ff0000;\">(cena na na\u0161i spletni strani ne vklju\u010duje stro\u0161kov po\u0161iljanja, prosimo, kontaktirajte me za celotno ceno in va\u0161 popust!)<\/span><\/strong><\/p>\n<p><img loading=\"lazy\" decoding=\"async\" class=\"size-medium wp-image-2921\" src=\"https:\/\/vapestornado.com\/wp-content\/uploads\/2024\/11\/20062b3a285f900e79520aad496b94d-260x300.jpg\" alt=\"vapestornado Vicky\" width=\"260\" height=\"300\" srcset=\"https:\/\/vapestornado.com\/wp-content\/uploads\/2024\/11\/20062b3a285f900e79520aad496b94d-260x300.jpg 260w, https:\/\/vapestornado.com\/wp-content\/uploads\/2024\/11\/20062b3a285f900e79520aad496b94d-887x1024.jpg 887w, https:\/\/vapestornado.com\/wp-content\/uploads\/2024\/11\/20062b3a285f900e79520aad496b94d-768x887.jpg 768w, https:\/\/vapestornado.com\/wp-content\/uploads\/2024\/11\/20062b3a285f900e79520aad496b94d-600x693.jpg 600w, https:\/\/vapestornado.com\/wp-content\/uploads\/2024\/11\/20062b3a285f900e79520aad496b94d.jpg 1080w\" sizes=\"(max-width: 260px) 100vw, 260px\" \/><\/p>","protected":false},"featured_media":3534,"comment_status":"open","ping_status":"closed","template":"","meta":{"_acf_changed":false,"_uag_custom_page_level_css":"","_lmt_disableupdate":"no","_lmt_disable":"","_monsterinsights_skip_tracking":false,"_monsterinsights_sitenote_active":false,"_monsterinsights_sitenote_note":"","_monsterinsights_sitenote_category":0,"site-sidebar-layout":"default","site-content-layout":"","ast-site-content-layout":"default","site-content-style":"default","site-sidebar-style":"default","ast-global-header-display":"","ast-banner-title-visibility":"","ast-main-header-display":"","ast-hfb-above-header-display":"","ast-hfb-below-header-display":"","ast-hfb-mobile-header-display":"","site-post-title":"","ast-breadcrumbs-content":"","ast-featured-img":"","footer-sml-layout":"","ast-disable-related-posts":"","theme-transparent-header-meta":"default","adv-header-id-meta":"","stick-header-meta":"","header-above-stick-meta":"","header-main-stick-meta":"","header-below-stick-meta":"","astra-migrate-meta-layouts":"set","ast-page-background-enabled":"default","ast-page-background-meta":{"desktop":{"background-color":"","background-image":"","background-repeat":"repeat","background-position":"center center","background-size":"auto","background-attachment":"scroll","background-type":"","background-media":"","overlay-type":"","overlay-color":"","overlay-opacity":"","overlay-gradient":""},"tablet":{"background-color":"","background-image":"","background-repeat":"repeat","background-position":"center center","background-size":"auto","background-attachment":"scroll","background-type":"","background-media":"","overlay-type":"","overlay-color":"","overlay-opacity":"","overlay-gradient":""},"mobile":{"background-color":"","background-image":"","background-repeat":"repeat","background-position":"center center","background-size":"auto","background-attachment":"scroll","background-type":"","background-media":"","overlay-type":"","overlay-color":"","overlay-opacity":"","overlay-gradient":""}},"ast-content-background-meta":{"desktop":{"background-color":"var(--ast-global-color-5)","background-image":"","background-repeat":"repeat","background-position":"center center","background-size":"auto","background-attachment":"scroll","background-type":"","background-media":"","overlay-type":"","overlay-color":"","overlay-opacity":"","overlay-gradient":""},"tablet":{"background-color":"var(--ast-global-color-5)","background-image":"","background-repeat":"repeat","background-position":"center center","background-size":"auto","background-attachment":"scroll","background-type":"","background-media":"","overlay-type":"","overlay-color":"","overlay-opacity":"","overlay-gradient":""},"mobile":{"background-color":"var(--ast-global-color-5)","background-image":"","background-repeat":"repeat","background-position":"center center","background-size":"auto","background-attachment":"scroll","background-type":"","background-media":"","overlay-type":"","overlay-color":"","overlay-opacity":"","overlay-gradient":""}},"_joinchat":{"telephone":"+8618077105750"}},"product_brand":[],"product_cat":[149,152,153,157,142,146],"product_tag":[],"class_list":{"0":"post-3533","1":"product","2":"type-product","3":"status-publish","4":"has-post-thumbnail","6":"product_cat-buy-disposable-vapes-in-austria","7":"product_cat-buy-disposable-vapes-in-cermany","8":"product_cat-buy-disposable-vapes-in-italy","9":"product_cat-buy-disposable-vapes-in-portugal","10":"product_cat-digital-box-disposable-vapes","11":"product_cat-rechargeable-disposable-vapes","12":"desktop-align-left","13":"tablet-align-left","14":"mobile-align-left","16":"first","17":"instock","18":"sale","19":"shipping-taxable","20":"purchasable","21":"product-type-simple"},"acf":[],"uagb_featured_image_src":{"full":["https:\/\/vapestornado.com\/wp-content\/uploads\/2024\/12\/Affordable-VAPME-Disposable-Vape-SPACEX-22k.jpg",900,1125,false],"thumbnail":["https:\/\/vapestornado.com\/wp-content\/uploads\/2024\/12\/Affordable-VAPME-Disposable-Vape-SPACEX-22k-150x150.jpg",150,150,true],"medium":["https:\/\/vapestornado.com\/wp-content\/uploads\/2024\/12\/Affordable-VAPME-Disposable-Vape-SPACEX-22k-240x300.jpg",240,300,true],"medium_large":["https:\/\/vapestornado.com\/wp-content\/uploads\/2024\/12\/Affordable-VAPME-Disposable-Vape-SPACEX-22k-768x960.jpg",768,960,true],"large":["https:\/\/vapestornado.com\/wp-content\/uploads\/2024\/12\/Affordable-VAPME-Disposable-Vape-SPACEX-22k-819x1024.jpg",819,1024,true],"1536x1536":["https:\/\/vapestornado.com\/wp-content\/uploads\/2024\/12\/Affordable-VAPME-Disposable-Vape-SPACEX-22k.jpg",900,1125,false],"2048x2048":["https:\/\/vapestornado.com\/wp-content\/uploads\/2024\/12\/Affordable-VAPME-Disposable-Vape-SPACEX-22k.jpg",900,1125,false],"trp-custom-language-flag":["https:\/\/vapestornado.com\/wp-content\/uploads\/2024\/12\/Affordable-VAPME-Disposable-Vape-SPACEX-22k.jpg",10,12,false],"woocommerce_thumbnail":["https:\/\/vapestornado.com\/wp-content\/uploads\/2024\/12\/Affordable-VAPME-Disposable-Vape-SPACEX-22k-300x300.jpg",300,300,true],"woocommerce_single":["https:\/\/vapestornado.com\/wp-content\/uploads\/2024\/12\/Affordable-VAPME-Disposable-Vape-SPACEX-22k-600x750.jpg",600,750,true],"woocommerce_gallery_thumbnail":["https:\/\/vapestornado.com\/wp-content\/uploads\/2024\/12\/Affordable-VAPME-Disposable-Vape-SPACEX-22k-100x100.jpg",100,100,true]},"uagb_author_info":{"display_name":"ESvicky","author_link":"https:\/\/vapestornado.com\/sl\/author\/"},"uagb_comment_info":0,"uagb_excerpt":"Vapme Spacex 22000 Puffs Disposable Vape offers unmatched performance with 22,000 puffs, Dual Mesh Coil, adjustable airflow, and rechargeable Type-C battery. (our website price not include shipping cost, please contact me to get whole price and your disccount!)","_links":{"self":[{"href":"https:\/\/vapestornado.com\/sl\/wp-json\/wp\/v2\/product\/3533","targetHints":{"allow":["GET"]}}],"collection":[{"href":"https:\/\/vapestornado.com\/sl\/wp-json\/wp\/v2\/product"}],"about":[{"href":"https:\/\/vapestornado.com\/sl\/wp-json\/wp\/v2\/types\/product"}],"replies":[{"embeddable":true,"href":"https:\/\/vapestornado.com\/sl\/wp-json\/wp\/v2\/comments?post=3533"}],"wp:featuredmedia":[{"embeddable":true,"href":"https:\/\/vapestornado.com\/sl\/wp-json\/wp\/v2\/media\/3534"}],"wp:attachment":[{"href":"https:\/\/vapestornado.com\/sl\/wp-json\/wp\/v2\/media?parent=3533"}],"wp:term":[{"taxonomy":"product_brand","embeddable":true,"href":"https:\/\/vapestornado.com\/sl\/wp-json\/wp\/v2\/product_brand?post=3533"},{"taxonomy":"product_cat","embeddable":true,"href":"https:\/\/vapestornado.com\/sl\/wp-json\/wp\/v2\/product_cat?post=3533"},{"taxonomy":"product_tag","embeddable":true,"href":"https:\/\/vapestornado.com\/sl\/wp-json\/wp\/v2\/product_tag?post=3533"}],"curies":[{"name":"wp","href":"https:\/\/api.w.org\/{rel}","templated":true}]}}