{"id":3515,"date":"2024-12-28T08:19:21","date_gmt":"2024-12-28T08:19:21","guid":{"rendered":"https:\/\/vapestornado.com\/?post_type=product&#038;p=3515"},"modified":"2025-08-23T12:19:13","modified_gmt":"2025-08-23T12:19:13","slug":"uwin-shisha-hookah-crystal-20000-puffs-new-vape-bulk-price","status":"publish","type":"product","link":"https:\/\/vapestornado.com\/sl\/product\/uwin-shisha-hookah-crystal-20000-puffs-new-vape-bulk-price\/","title":{"rendered":"Uwin SHISHA HOOKAH Kristal 20000 Vdihov Nova Vape Bulk Cena"},"content":{"rendered":"<h1>Uwin SHISHA HOOKAH Kristal 20000 Vdihov Nova Vape Bulk Cena<\/h1>\n<p>The <strong data-start=\"291\" data-end=\"333\">Uwin Shisha Hookah Crystal 20000 Vpihov<\/strong> je vrhunska vape naprava za enkratno uporabo, zasnovana za trgovce na drobno in distributerje, ki i\u0161\u010dejo <strong data-start=\"415\" data-end=\"438\">re\u0161itve za vape v razsutem stanju<\/strong> z velikim povpra\u0161evanjem po vsej Evropi. Vsaka naprava zagotavlja do <strong data-start=\"500\" data-end=\"523\">20.000 gladkih vpihov<\/strong>, predhodno napolnjena z <strong data-start=\"541\" data-end=\"561\">25 ml e-teko\u010dine<\/strong> in jo poganja <strong data-start=\"580\" data-end=\"618\">850mAh polnilna kobaltna baterija<\/strong> s hitrim <strong data-start=\"629\" data-end=\"648\">polnjenje tipa C<\/strong>.<\/p>\n<p>Na voljo v <strong data-start=\"672\" data-end=\"713\">0%, 2%, 3% in 5% jakosti nikotina<\/strong>, ponuja prilagodljivost za vsako vrsto stranke. The <strong data-start=\"769\" data-end=\"793\">tehnologijo mre\u017easte tuljave<\/strong> zagotavlja bogat okus in goste oblake, medtem ko <strong data-start=\"842\" data-end=\"867\">kristalni dizajn shishe<\/strong> dodaja sodoben, eleganten videz.<\/p>\n<p>S <strong data-start=\"913\" data-end=\"940\">12 najbolje prodajanih okusov<\/strong> in prakti\u010dna embala\u017ea za veleprodajo (<strong data-start=\"976\" data-end=\"1019\">10 kosov\/\u0161katla, 200 kosov\/karton, 20,3 kg\/karton<\/strong>), je Uwin Crystal 20K narejen za oboje <strong data-start=\"1061\" data-end=\"1109\">prodajne police in velika distribucijska naro\u010dila<\/strong>. Kompakten, a mo\u010dan, zdru\u017euje <strong data-start=\"1145\" data-end=\"1192\">zanesljivost, zmogljivost in cenovno dostopnost<\/strong>, zaradi \u010desar je eden najbolj konkuren\u010dnih vape naprav za veleprodajo v kategoriji 20k vpihov.<img fetchpriority=\"high\" decoding=\"async\" class=\"wp-image-3531\" style=\"font-style: inherit; font-weight: 600;\" src=\"https:\/\/vapestornado.com\/wp-content\/uploads\/2024\/12\/UWIN-VAPES-HOOKAH-Crystal-20000-Puffs-Grape-ice.jpg\" alt=\"UWIN VAPES HOOKAH Crystal 20000 Puffs grozdni led\" width=\"473\" height=\"473\" srcset=\"https:\/\/vapestornado.com\/wp-content\/uploads\/2024\/12\/UWIN-VAPES-HOOKAH-Crystal-20000-Puffs-Grape-ice.jpg 800w, https:\/\/vapestornado.com\/wp-content\/uploads\/2024\/12\/UWIN-VAPES-HOOKAH-Crystal-20000-Puffs-Grape-ice-300x300.jpg 300w, https:\/\/vapestornado.com\/wp-content\/uploads\/2024\/12\/UWIN-VAPES-HOOKAH-Crystal-20000-Puffs-Grape-ice-150x150.jpg 150w, https:\/\/vapestornado.com\/wp-content\/uploads\/2024\/12\/UWIN-VAPES-HOOKAH-Crystal-20000-Puffs-Grape-ice-768x768.jpg 768w, https:\/\/vapestornado.com\/wp-content\/uploads\/2024\/12\/UWIN-VAPES-HOOKAH-Crystal-20000-Puffs-Grape-ice-600x600.jpg 600w, https:\/\/vapestornado.com\/wp-content\/uploads\/2024\/12\/UWIN-VAPES-HOOKAH-Crystal-20000-Puffs-Grape-ice-100x100.jpg 100w\" sizes=\"(max-width: 473px) 100vw, 473px\" \/><\/p>\n<div role=\"article\" data-tabster=\"{&quot;groupper&quot;:{&quot;tabbability&quot;:2},&quot;focusable&quot;:{}}\" data-content=\"ai-message\" aria-labelledby=\"64JRvXrTnY7mRmPkEQLLT-author 64JRvXrTnY7mRmPkEQLLT-content\">\n<div id=\"64JRvXrTnY7mRmPkEQLLT-content\">UWIN VAPES HOOKAH Crystal 20000 Puffs grozdni led<\/div>\n<\/div>\n<p><img decoding=\"async\" class=\"alignleft wp-image-2951 size-medium\" src=\"https:\/\/vapestornado.com\/wp-content\/uploads\/2024\/12\/Wholesale-Disposable-Vape-265x300.jpg\" alt=\"Veleprodaja Vape za Enkratno Uporabo\" width=\"265\" height=\"300\" srcset=\"https:\/\/vapestornado.com\/wp-content\/uploads\/2024\/12\/Wholesale-Disposable-Vape-265x300.jpg 265w, https:\/\/vapestornado.com\/wp-content\/uploads\/2024\/12\/Wholesale-Disposable-Vape-768x871.jpg 768w, https:\/\/vapestornado.com\/wp-content\/uploads\/2024\/12\/Wholesale-Disposable-Vape-600x680.jpg 600w, https:\/\/vapestornado.com\/wp-content\/uploads\/2024\/12\/Wholesale-Disposable-Vape.jpg 823w\" sizes=\"(max-width: 265px) 100vw, 265px\" \/><\/p>\n<h6>Za Zni\u017eano Ceno se Obrnite na Mandy na WhatsApp<a href=\"https:\/\/wa.me\/8618077105796\" target=\"_blank\" rel=\"noopener\">+8618077105796<\/a><\/h6>\n<div class=\"flex max-w-full flex-col flex-grow\">\n<div class=\"min-h-8 text-message flex w-full flex-col items-end gap-2 whitespace-normal break-words text-start [.text-message+&amp;]:mt-5\" dir=\"auto\" data-message-author-role=\"assistant\" data-message-id=\"cdb991c0-f594-4bff-b2d5-fbbdd7ce9e54\" data-message-model-slug=\"gpt-4o-mini\">\n<div class=\"flex w-full flex-col gap-1 empty:hidden first:pt-[3px]\">\n<div class=\"markdown prose w-full break-words dark:prose-invert light\"><\/div>\n<\/div>\n<\/div>\n<\/div>\n<div class=\"mb-2 flex gap-3 empty:hidden -ml-2\">\n<h2><strong>Uwin SHISHA VAPE Kristal 20000 vdihov <\/strong>Izjemne lastnosti:<\/h2>\n<ul>\n<li><strong>Vsebnost nikotina<\/strong>: 0%, 2%, 3%, 5%<\/li>\n<li><strong>Vpihov<\/strong>: Do 20.000<\/li>\n<li><strong>E-teko\u010dina<\/strong>: 25ml prostornine<\/li>\n<li><strong>Baterija<\/strong>: 850mAh, mo\u017enost ponovnega polnjenja, vhod tipa C<\/li>\n<li><strong>Tuljava<\/strong>: Mre\u017easta tuljava za bogat okus<\/li>\n<li><strong>Okusi<\/strong>: 12 mo\u017enosti<\/li>\n<li><strong>Pakiranje<\/strong>: 10 kos\/\u0161katla, 200 kos\/karton<\/li>\n<li><strong>Specifikacije kartona<\/strong>: 20,3 kg, 39,5 \u00d7 39 \u00d7 30,5 cm<\/li>\n<li><strong>Slog uparjanja<\/strong>: V plju\u010da (DTL)<\/li>\n<\/ul>\n<\/div>\n<h2><strong>Uwin SHISHA HOOKAH Kristal VAPES 20k vdihov<\/strong> Seznam Okusov:<\/h2>\n<p>1.Borovnica na ledu<br \/>\n2.Kivi pasijonka guava<br \/>\n3.Jagoda kivi<br \/>\n4.Me\u0161ano jagodi\u010dje<br \/>\n5. Jagoda lubenica<br \/>\n6. Ledeni grozdje<br \/>\n7.Ledena lubenica<br \/>\n8. Ledena \u010de\u0161nja<br \/>\n9. Jagodni led<br \/>\n10. Ledena breskev<br \/>\n11. Borovnica malina<br \/>\n12. Love 66<\/p>\n<div role=\"article\" data-tabster=\"{&quot;groupper&quot;:{&quot;tabbability&quot;:2},&quot;focusable&quot;:{}}\" data-content=\"ai-message\" aria-labelledby=\"dARUyEWDoEYhnSPXFwx5A-author dARUyEWDoEYhnSPXFwx5A-content\">\n<div id=\"dARUyEWDoEYhnSPXFwx5A-content\">\n<h2>Zakaj izbrati <strong>Uwin SHISHA HOOKAH Kristal 20000 vdihov <\/strong>at <a href=\"https:\/\/vapestornado.com\/sl\/product\/bang-box-35k-puffs-high-capacity-long-lasting-disposable-vape\/\">vapestornado.com?<\/a><\/h2>\n<p>\u010ce i\u0161\u010dete vrhunske vape za enkratno uporabo po konkuren\u010dnih cenah, je vapestornado.com va\u0161 zaupanja vreden vir za <strong>Uwin Shisha Kristal 20000 vdihov<\/strong>. Tukaj je razlog, zakaj ta izdelek in platforma izstopata:<\/p>\n<ul>\n<li><strong>Izjemna vzdr\u017eljivost<\/strong><br \/>\nUwin Shisha Hookah Crystal zagotavlja do <strong>20.000 vdihov<\/strong>, kar ga uvr\u0161\u010da med najdlje obstojne vape za enkratno uporabo na trgu. Popoln za strastne vaperje in tiste, ki i\u0161\u010dejo dolgotrajno uporabo.<\/li>\n<li><strong>Razli\u010dne mo\u017enosti nikotina<\/strong><br \/>\nTa vape, ki ustreza vsem \u017eeljam, je na voljo v <strong>0%, 2%, 3% in 5% jakosti nikotina<\/strong>, zaradi \u010desar je idealen tako za ob\u010dasne kot redne uporabnike.<\/li>\n<li><strong>Raznolikost okusov<\/strong><br \/>\nIzbirajte med <strong>12 vrhunskih okusov<\/strong>, skrbno oblikovani, da zadovoljijo vrsto okusov, od sadnih priljubljencev do hladnih mentolovih me\u0161anic.<\/li>\n<li><strong>Napredna tehnologija<\/strong><br \/>\nOpremljen z <strong>mre\u017easto tuljavo<\/strong> in <strong>850mAh polnilna kobaltna baterija<\/strong>, naprava ponuja gladko paro, bogat okus in hitro, priro\u010dno polnjenje prek <strong>priklju\u010dkom Type-C<\/strong>.<\/li>\n<li><strong>Veleprodajno udobje<\/strong><br \/>\nNa vapestornado.com u\u017eivajte v mo\u017enostih pakiranja v razsutem stanju z <strong>10 kosov na \u0161katlo<\/strong> in <strong>200 kosi na karton<\/strong>, popolno za trgovce na drobno in distributerje.<\/li>\n<li><strong>Zaupanja vreden dobavitelj<\/strong><br \/>\nvapestornado.com je znan po svojih zanesljivih storitvah, pristnih izdelkih in konkuren\u010dnih cenah, zaradi \u010desar je prava platforma za visokokakovostne vape.<\/li>\n<\/ul>\n<\/div>\n<\/div>\n<h2>Pogosta vpra\u0161anja o <strong>Uwin SHISHA HOOKAH Kristal 20000 vdihov <\/strong>Vape stroki<\/h2>\n<p>&nbsp;<\/p>\n<p><strong>1. Koliko vdihov lahko dobim z Uwin Shisha Hookah Vapes 20k puff?<\/strong><br \/>\nVsak pod ponuja do <strong>20.000 vdihov<\/strong>, zaradi \u010desar je dolgotrajna mo\u017enost za redno vaping.<\/p>\n<p><strong>2. Katere jakosti nikotina so na voljo za Uwin Crystal 20000 Puffs?<\/strong><br \/>\nUwin Shisha Hookah Crystal je na voljo v <strong>0%, 2%, 3% in 5% nikotina<\/strong> mo\u017enostih, ki ustrezajo razli\u010dnim \u017eeljam.<\/p>\n<p><strong>3. Koliko e-teko\u010dine vsebujejo Uwin Crystal Vapes 20k Puffs?<\/strong><br \/>\nVsak pod je napolnjen z <strong>25 ml vrhunske e-teko\u010dine<\/strong> za podalj\u0161ano uporabo.<\/p>\n<p><strong>4. Kako dolgo traja dostava Uwin Shisha Hookah Crystal 20000 Puffs Vape Pods v mojo dr\u017eavo?<\/strong><br \/>\n\u010casi dostave se razlikujejo glede na va\u0161o lokacijo in izbrani na\u010din po\u0161iljanja. Za evropske dr\u017eave standardno po\u0161iljanje obi\u010dajno traja 10<strong>\u201315 delovnih dni.<\/strong> \u010ce so prazniki, bo dobavni rok paketa zamaknjen.<\/p>\n<p><strong>5. Kako sledim svojemu naro\u010dilu?<\/strong><br \/>\nKo bo va\u0161e naro\u010dilo odpremljeno, boste od dobavitelja ali trgovca prejeli sledilno \u0161tevilko. S to \u0161tevilko lahko spremljate napredek dostave.<\/p>","protected":false},"excerpt":{"rendered":"<p>Uwin Shisha Hookah Crystal 20000 Puffs Vape, veleprodajne cene, vrhunski okusi, mo\u017enost polnjenja, 2% ali 5% nikotina, okolju prijazen. Popoln za veleprodajne kupce v Evropi.<\/p>\n<figure id=\"attachment_2951\" aria-describedby=\"caption-attachment-2951\" style=\"width: 265px\" class=\"wp-caption alignnone\"><img decoding=\"async\" class=\"size-medium wp-image-2951\" src=\"https:\/\/vapestornado.com\/wp-content\/uploads\/2024\/12\/Wholesale-Disposable-Vape-265x300.jpg\" alt=\"Veleprodaja Vape za Enkratno Uporabo\" width=\"265\" height=\"300\" srcset=\"https:\/\/vapestornado.com\/wp-content\/uploads\/2024\/12\/Wholesale-Disposable-Vape-265x300.jpg 265w, https:\/\/vapestornado.com\/wp-content\/uploads\/2024\/12\/Wholesale-Disposable-Vape-768x871.jpg 768w, https:\/\/vapestornado.com\/wp-content\/uploads\/2024\/12\/Wholesale-Disposable-Vape-600x680.jpg 600w, https:\/\/vapestornado.com\/wp-content\/uploads\/2024\/12\/Wholesale-Disposable-Vape.jpg 823w\" sizes=\"(max-width: 265px) 100vw, 265px\" \/><figcaption id=\"caption-attachment-2951\" class=\"wp-caption-text\">Za Zni\u017eano Ceno se Obrnite na Mandy na WhatsApp\u00a0 <a href=\"https:\/\/wa.me\/8618077105796\">+8618077105796<\/a><\/figcaption><\/figure>\n<p>&nbsp;<\/p>","protected":false},"featured_media":3520,"comment_status":"open","ping_status":"closed","template":"","meta":{"_acf_changed":false,"_uag_custom_page_level_css":"","_lmt_disableupdate":"no","_lmt_disable":"","_monsterinsights_skip_tracking":false,"_monsterinsights_sitenote_active":false,"_monsterinsights_sitenote_note":"","_monsterinsights_sitenote_category":0,"site-sidebar-layout":"default","site-content-layout":"","ast-site-content-layout":"default","site-content-style":"default","site-sidebar-style":"default","ast-global-header-display":"","ast-banner-title-visibility":"","ast-main-header-display":"","ast-hfb-above-header-display":"","ast-hfb-below-header-display":"","ast-hfb-mobile-header-display":"","site-post-title":"","ast-breadcrumbs-content":"","ast-featured-img":"","footer-sml-layout":"","ast-disable-related-posts":"","theme-transparent-header-meta":"default","adv-header-id-meta":"","stick-header-meta":"","header-above-stick-meta":"","header-main-stick-meta":"","header-below-stick-meta":"","astra-migrate-meta-layouts":"set","ast-page-background-enabled":"default","ast-page-background-meta":{"desktop":{"background-color":"","background-image":"","background-repeat":"repeat","background-position":"center center","background-size":"auto","background-attachment":"scroll","background-type":"","background-media":"","overlay-type":"","overlay-color":"","overlay-opacity":"","overlay-gradient":""},"tablet":{"background-color":"","background-image":"","background-repeat":"repeat","background-position":"center center","background-size":"auto","background-attachment":"scroll","background-type":"","background-media":"","overlay-type":"","overlay-color":"","overlay-opacity":"","overlay-gradient":""},"mobile":{"background-color":"","background-image":"","background-repeat":"repeat","background-position":"center center","background-size":"auto","background-attachment":"scroll","background-type":"","background-media":"","overlay-type":"","overlay-color":"","overlay-opacity":"","overlay-gradient":""}},"ast-content-background-meta":{"desktop":{"background-color":"var(--ast-global-color-5)","background-image":"","background-repeat":"repeat","background-position":"center center","background-size":"auto","background-attachment":"scroll","background-type":"","background-media":"","overlay-type":"","overlay-color":"","overlay-opacity":"","overlay-gradient":""},"tablet":{"background-color":"var(--ast-global-color-5)","background-image":"","background-repeat":"repeat","background-position":"center center","background-size":"auto","background-attachment":"scroll","background-type":"","background-media":"","overlay-type":"","overlay-color":"","overlay-opacity":"","overlay-gradient":""},"mobile":{"background-color":"var(--ast-global-color-5)","background-image":"","background-repeat":"repeat","background-position":"center center","background-size":"auto","background-attachment":"scroll","background-type":"","background-media":"","overlay-type":"","overlay-color":"","overlay-opacity":"","overlay-gradient":""}},"_joinchat":{"telephone":"+8618077105796"}},"product_brand":[],"product_cat":[69,150,151,153,157,141],"product_tag":[97,217],"class_list":{"0":"post-3515","1":"product","2":"type-product","3":"status-publish","4":"has-post-thumbnail","6":"product_cat-20000-puff","7":"product_cat-buy-disposable-vapes-in-belgium","8":"product_cat-buy-disposable-vapes-in-france","9":"product_cat-buy-disposable-vapes-in-italy","10":"product_cat-buy-disposable-vapes-in-portugal","11":"product_cat-crystal-disposable-vapes","12":"product_tag-hot-sale-disposable-vape","13":"product_tag-uwin-shisha-hookah-crystal-20000-puffs","14":"desktop-align-left","15":"tablet-align-left","16":"mobile-align-left","18":"first","19":"instock","20":"sale","21":"shipping-taxable","22":"purchasable","23":"product-type-simple"},"acf":[],"uagb_featured_image_src":{"full":["https:\/\/vapestornado.com\/wp-content\/uploads\/2024\/12\/Good-Sale-UWIN-HOOKAH-Crystal-20000-Puffs-Watermelon-ice.jpg",800,800,false],"thumbnail":["https:\/\/vapestornado.com\/wp-content\/uploads\/2024\/12\/Good-Sale-UWIN-HOOKAH-Crystal-20000-Puffs-Watermelon-ice-150x150.jpg",150,150,true],"medium":["https:\/\/vapestornado.com\/wp-content\/uploads\/2024\/12\/Good-Sale-UWIN-HOOKAH-Crystal-20000-Puffs-Watermelon-ice-300x300.jpg",300,300,true],"medium_large":["https:\/\/vapestornado.com\/wp-content\/uploads\/2024\/12\/Good-Sale-UWIN-HOOKAH-Crystal-20000-Puffs-Watermelon-ice-768x768.jpg",768,768,true],"large":["https:\/\/vapestornado.com\/wp-content\/uploads\/2024\/12\/Good-Sale-UWIN-HOOKAH-Crystal-20000-Puffs-Watermelon-ice.jpg",800,800,false],"1536x1536":["https:\/\/vapestornado.com\/wp-content\/uploads\/2024\/12\/Good-Sale-UWIN-HOOKAH-Crystal-20000-Puffs-Watermelon-ice.jpg",800,800,false],"2048x2048":["https:\/\/vapestornado.com\/wp-content\/uploads\/2024\/12\/Good-Sale-UWIN-HOOKAH-Crystal-20000-Puffs-Watermelon-ice.jpg",800,800,false],"trp-custom-language-flag":["https:\/\/vapestornado.com\/wp-content\/uploads\/2024\/12\/Good-Sale-UWIN-HOOKAH-Crystal-20000-Puffs-Watermelon-ice.jpg",12,12,false],"woocommerce_thumbnail":["https:\/\/vapestornado.com\/wp-content\/uploads\/2024\/12\/Good-Sale-UWIN-HOOKAH-Crystal-20000-Puffs-Watermelon-ice-300x300.jpg",300,300,true],"woocommerce_single":["https:\/\/vapestornado.com\/wp-content\/uploads\/2024\/12\/Good-Sale-UWIN-HOOKAH-Crystal-20000-Puffs-Watermelon-ice-600x600.jpg",600,600,true],"woocommerce_gallery_thumbnail":["https:\/\/vapestornado.com\/wp-content\/uploads\/2024\/12\/Good-Sale-UWIN-HOOKAH-Crystal-20000-Puffs-Watermelon-ice-100x100.jpg",100,100,true]},"uagb_author_info":{"display_name":"ESMANDY","author_link":"https:\/\/vapestornado.com\/sl\/author\/"},"uagb_comment_info":0,"uagb_excerpt":"Uwin Shisha Hookah Crystal 20000 Puffs Vape, bulk prices, premium flavors, rechargeable, 2%5% nicotine, eco-friendly. Perfect for wholesale buyers in Europe. [caption id=\"attachment_2951\" align=\"alignnone\" width=\"265\"] Pls Contact Mandy's WhatsApp For Discount Price\u00a0 +8618077105796[\/caption] &nbsp;","_links":{"self":[{"href":"https:\/\/vapestornado.com\/sl\/wp-json\/wp\/v2\/product\/3515","targetHints":{"allow":["GET"]}}],"collection":[{"href":"https:\/\/vapestornado.com\/sl\/wp-json\/wp\/v2\/product"}],"about":[{"href":"https:\/\/vapestornado.com\/sl\/wp-json\/wp\/v2\/types\/product"}],"replies":[{"embeddable":true,"href":"https:\/\/vapestornado.com\/sl\/wp-json\/wp\/v2\/comments?post=3515"}],"wp:featuredmedia":[{"embeddable":true,"href":"https:\/\/vapestornado.com\/sl\/wp-json\/wp\/v2\/media\/3520"}],"wp:attachment":[{"href":"https:\/\/vapestornado.com\/sl\/wp-json\/wp\/v2\/media?parent=3515"}],"wp:term":[{"taxonomy":"product_brand","embeddable":true,"href":"https:\/\/vapestornado.com\/sl\/wp-json\/wp\/v2\/product_brand?post=3515"},{"taxonomy":"product_cat","embeddable":true,"href":"https:\/\/vapestornado.com\/sl\/wp-json\/wp\/v2\/product_cat?post=3515"},{"taxonomy":"product_tag","embeddable":true,"href":"https:\/\/vapestornado.com\/sl\/wp-json\/wp\/v2\/product_tag?post=3515"}],"curies":[{"name":"wp","href":"https:\/\/api.w.org\/{rel}","templated":true}]}}