{"id":3445,"date":"2024-12-27T09:09:56","date_gmt":"2024-12-27T09:09:56","guid":{"rendered":"https:\/\/vapestornado.com\/?post_type=product&#038;p=3445"},"modified":"2025-08-23T10:50:44","modified_gmt":"2025-08-23T10:50:44","slug":"bood-pulse-pro-25k-50k-puffs-geek-bar-new-vape-bulk-price","status":"publish","type":"product","link":"https:\/\/vapestornado.com\/sl\/product\/bood-pulse-pro-25k-50k-puffs-geek-bar-new-vape-bulk-price\/","title":{"rendered":"Bood Pulse Pro 25k 50k Vdihov Geek Bar Nova Vape Cena za Nakup v Razsutem Stanju"},"content":{"rendered":"<h1>Bood Pulse Pro 25k 50k Vdihov Geek Bar Nova Vape Cena za Nakup v Razsutem Stanju<\/h1>\n<p>&nbsp;<\/p>\n<div role=\"article\" data-tabster=\"{&quot;groupper&quot;:{&quot;tabbability&quot;:2},&quot;focusable&quot;:{}}\" data-content=\"ai-message\" aria-labelledby=\"64JRvXrTnY7mRmPkEQLLT-author 64JRvXrTnY7mRmPkEQLLT-content\">\n<div id=\"64JRvXrTnY7mRmPkEQLLT-content\">\n<p data-start=\"210\" data-end=\"488\">The <strong data-start=\"214\" data-end=\"268\">Bood Pulse Pro 25K \/ 50K Vpihov Vape Bar za enkratno uporabo<\/strong> je zasnovan za trgovce na debelo in drobno, ki \u017eelijo strankam ponuditi izbiro med napravami srednjega in ultra visokega razreda. Z <strong data-start=\"404\" data-end=\"437\">mo\u017enostmi 25.000 ali 50.000 vpihov<\/strong>ta vape ustreza tako ob\u010dasnim kot rednim uporabnikom.<\/p>\n<p data-start=\"490\" data-end=\"798\">Vsaka enota je opremljena z <strong data-start=\"517\" data-end=\"548\">850 mAh baterijo za ponovno polnjenje<\/strong> z <strong data-start=\"554\" data-end=\"578\">hitro polnjenje Type-C<\/strong>, kar zagotavlja zanesljivo delovanje in minimalne izpade. The <strong data-start=\"636\" data-end=\"669\">38 ml predhodno napolnjen rezervoar za e-teko\u010dino<\/strong> zagotavlja dalj\u0161o uporabo, medtem ko <strong data-start=\"701\" data-end=\"734\">napredno tehnologijo mre\u017easte tuljave<\/strong> zagotavlja bogat okus in gladek izpust hlapov od za\u010detka do konca.<\/p>\n<p data-start=\"800\" data-end=\"1124\">Na voljo v <strong data-start=\"813\" data-end=\"835\">brez nikotina (0%)<\/strong>kot tudi <strong data-start=\"848\" data-end=\"880\">2% in 5% jakosti nikotina<\/strong>, je <strong data-start=\"886\" data-end=\"912\">Bood Pulse Pro 25K\/50K<\/strong> ustreza \u0161irokemu krogu slovenskih strank. Njegova <strong data-start=\"959\" data-end=\"1027\">elegantna oblika, mo\u010dna proizvodnja hlapov in cenovno ugodne cene za nakup v velikih koli\u010dinah<\/strong> ga naredijo privla\u010dno mo\u017enost za trgovine z vape in distributerje, ki i\u0161\u010dejo zanesljivo veleprodajno zalogo.<\/p>\n<p>&nbsp;<\/p>\n<\/div>\n<\/div>\n<p><img fetchpriority=\"high\" decoding=\"async\" class=\"alignleft wp-image-2951 size-medium\" src=\"https:\/\/vapestornado.com\/wp-content\/uploads\/2024\/12\/Wholesale-Disposable-Vape-265x300.jpg\" alt=\"Veleprodaja Vape za Enkratno Uporabo\" width=\"265\" height=\"300\" srcset=\"https:\/\/vapestornado.com\/wp-content\/uploads\/2024\/12\/Wholesale-Disposable-Vape-265x300.jpg 265w, https:\/\/vapestornado.com\/wp-content\/uploads\/2024\/12\/Wholesale-Disposable-Vape-768x871.jpg 768w, https:\/\/vapestornado.com\/wp-content\/uploads\/2024\/12\/Wholesale-Disposable-Vape-600x680.jpg 600w, https:\/\/vapestornado.com\/wp-content\/uploads\/2024\/12\/Wholesale-Disposable-Vape.jpg 823w\" sizes=\"(max-width: 265px) 100vw, 265px\" \/><\/p>\n<h6>Za Zni\u017eano Ceno se Obrnite na Mandy na WhatsApp<a href=\"https:\/\/wa.me\/8618077105796\" target=\"_blank\" rel=\"noopener\">+8618077105796<\/a><\/h6>\n<div class=\"flex max-w-full flex-col flex-grow\">\n<div class=\"min-h-8 text-message flex w-full flex-col items-end gap-2 whitespace-normal break-words text-start [.text-message+&amp;]:mt-5\" dir=\"auto\" data-message-author-role=\"assistant\" data-message-id=\"cdb991c0-f594-4bff-b2d5-fbbdd7ce9e54\" data-message-model-slug=\"gpt-4o-mini\">\n<div class=\"flex w-full flex-col gap-1 empty:hidden first:pt-[3px]\">\n<div class=\"markdown prose w-full break-words dark:prose-invert light\"><\/div>\n<\/div>\n<\/div>\n<\/div>\n<div class=\"mb-2 flex gap-3 empty:hidden -ml-2\">\n<h2><strong>Bood Pulse Pro 50k Vdihi <\/strong>Izjemne lastnosti:<\/h2>\n<ul>\n<li><strong>50.000 vdihov<\/strong>: Izjemna dolga \u017eivljenjska doba za dalj\u0161e seje vapinga<\/li>\n<li><strong>Kapaciteta E-teko\u010dine<\/strong>: Velikodu\u0161nih 38 ml za manj polnjenj<\/li>\n<li><strong>\u017divljenjska doba baterije<\/strong>: Vzdr\u017eljiva 850 mAh polnilna baterija za dosledno delovanje<\/li>\n<li><strong>Mo\u017enosti nikotina<\/strong>: 0%, 2% in 5% razli\u010dice, ki ustrezajo individualnim \u017eeljam<\/li>\n<li><strong>Mre\u017easta tuljava<\/strong>: Izbolj\u0161an okus in proizvodnja pare<\/li>\n<\/ul>\n<\/div>\n<h2>Seznam okusov Bood Pulse Pro 50000 Vdihov:<\/h2>\n<p>1. MELONA ANANAS POMARAN\u010cA<br \/>\n2. BOROVNICA KISLA MALINA<br \/>\n3. LUBENICA KIWI<br \/>\n4. BOROVNICA LUBENICA<br \/>\n5. SLADNA KUPINA Z LEDOM<br \/>\n6. TROJNA MELONA<br \/>\n7. JAGODA Z LEDOM<br \/>\n8. JAGODA LUBENICA Z LEDOM<br \/>\n9. DVOJNA LIMONADA<br \/>\n10. GROZDJE BRUSNICA BOROVNICA MALINA<\/p>\n<div role=\"article\" data-tabster=\"{&quot;groupper&quot;:{&quot;tabbability&quot;:2},&quot;focusable&quot;:{}}\" data-content=\"ai-message\" aria-labelledby=\"dARUyEWDoEYhnSPXFwx5A-author dARUyEWDoEYhnSPXFwx5A-content\">\n<div id=\"dARUyEWDoEYhnSPXFwx5A-content\">\n<h2>Zakaj izbrati Bood Pulse Pro 25k\/50k Vdihov na vapestornado.com?<\/h2>\n<p>The <strong>Bood Pulse Pro 25k\/50k Vdihov<\/strong> Vape za enkratno uporabo je vrhunska izbira za uporabnike vape, ki i\u0161\u010dejo zmogljivost, priro\u010dnost in kakovost. Naprava, ki je na voljo izklju\u010dno na <strong>vapestornado.si<\/strong>ponuja vrsto funkcij, ki so zasnovane za izbolj\u0161anje va\u0161e izku\u0161nje z vejpom. Tukaj je razlog, zakaj bi morali izbrati Bood Pulse Pro:<\/p>\n<ul>\n<li><strong>Neprekosljiva vzdr\u017eljivost<\/strong><\/li>\n<\/ul>\n<p>Z impresivnimi <strong>25.000 do 50.000 vdihov<\/strong>Bood Pulse Pro je eden najtrajnej\u0161ih vape naprav za enkratno uporabo na trgu. Ne boste se morali skrbeti za pogoste menjave, zaradi \u010desar je idealen za vsakodnevno uporabo in dolgoro\u010dno zadovoljstvo.<\/p>\n<ul>\n<li><strong>Vsestranske mo\u017enosti nikotina<\/strong><\/li>\n<\/ul>\n<p>Bood Pulse Pro je na voljo z <strong>brez nikotina<\/strong>, <strong>2%<\/strong>in <strong>5%<\/strong> mo\u017enosti nikotina, kar vam daje prilagodljivost pri izbiri \u017eelene ravni nikotina. Ne glede na to, ali \u017eelite prenehati z nikotinom ali u\u017eivati v mo\u010dnem udarcu, obstaja popolna mo\u017enost za vas.<\/p>\n<ul>\n<li><strong>Velika prostornina e-teko\u010dine<\/strong><\/li>\n<\/ul>\n<p>Napolnjen z <strong>38 ml e-teko\u010dine<\/strong>Bood Pulse Pro ponuja ve\u010d kot dovolj soka za dalj\u0161e vejpanje brez potrebe po pogostem polnjenju. Zaradi tega je priro\u010dna in zanesljiva izbira za uporabnike na poti.<\/p>\n<ul>\n<li><strong>Zmogljiva zmogljivost<\/strong><\/li>\n<\/ul>\n<p>Opremljen z robustnim <strong>850 mAh baterijo za ponovno polnjenje<\/strong>Bood Pulse Pro zagotavlja dosledno delovanje skozi celotno dolgo \u017eivljenjsko dobo. Z <strong>mre\u017easto tuljavo<\/strong> za optimalen okus in gladko proizvodnjo pare, je vsak vdih vrhunska izku\u0161nja.<\/p>\n<ul>\n<li><strong>Kakovost, ki ji lahko zaupate<\/strong><\/li>\n<\/ul>\n<p>vapestornado.com ponuja izbran izbor najbolj\u0161ih izdelkov za vejp, in <strong>Bood Pulse Pro 25k\/50k Vdihov<\/strong> ni izjema. Ko nakupujete pri nas, imate zagotovljene pristne izdelke, konkuren\u010dne cene in hitro, zanesljivo dostavo v Slovenijo.<\/p>\n<ul>\n<li><strong>Zadovoljstvo strank<\/strong><\/li>\n<\/ul>\n<p>Pri vapestornado.com je zadovoljstvo strank na\u0161a glavna prioriteta. Nudimo odli\u010dno storitev za stranke, ki zagotavlja brezhibno nakupovalno izku\u0161njo, vklju\u010dno z enostavnim vra\u010dilom, podrobnimi informacijami o izdelkih in osebno podporo.<\/p>\n<p>&nbsp;<\/p>\n<\/div>\n<\/div>\n<h2>Pogosta vpra\u0161anja o Bood Pulse Pro 25k\/50k vdihih Pod za vape<\/h2>\n<p>Tukaj je nekaj pogostih vpra\u0161anj, ki vam bodo pomagali izvedeti ve\u010d o <strong>Bood Pulse Pro 25k\/50k Pufov Vape Pods<\/strong>:<\/p>\n<h4>1. <strong>Kako dolgo traja Bood Pulse Pro 50000 Puff vape?<\/strong><\/h4>\n<p>The <strong>Bood Pulse Pro<\/strong> ponuja impresivno \u017eivljenjsko dobo do <strong>25.000 do 50.000 vdihov<\/strong>, odvisno od va\u0161e uporabe. Ta dolgotrajen dizajn zagotavlja, da vam naprave ne bo treba pogosto menjati, zaradi \u010desar je odli\u010dna izbira za vsakodnevno uporabo.<\/p>\n<h4>2. <strong>Katere mo\u017enosti mo\u010di nikotina so na voljo v vapu Bood 50000 puffs?<\/strong><\/h4>\n<p>Bood Pulse Pro je na voljo z <strong>brez nikotina<\/strong>, <strong>2%<\/strong>in <strong>5%<\/strong> mo\u017enosti nikotina. Ne glede na to, ali \u017eelite blag ali mo\u010dnej\u0161i udarec nikotina, se najde mo\u017enost za vsakogar. Razli\u010dica brez nikotina je popolna za tiste, ki raje vapajo brez nikotina.<\/p>\n<h4>3. <strong>Kak\u0161na je kapaciteta e-teko\u010dine Bood Pulse Pro 50000 puff?<\/strong><\/h4>\n<p>Naprava je predhodno napolnjena z <strong>38 ml e-teko\u010dine<\/strong>, kar zagotavlja dovolj soka za dalj\u0161e seje vejpanja. To pomeni manj polnjenj in ve\u010djo priro\u010dnost za vejperje.<\/p>\n<h4>4. <strong>Kje lahko kupim Bood Pulse Pro 25000 50000 Puffs?<\/strong><\/h4>\n<p>Lahko kupite <strong>Bood Pulse Pro 25k\/50k Pufov Vape Pods<\/strong> neposredno pri <strong>vapestornado.si<\/strong>. Ponujamo hitro po\u0161iljanje, konkuren\u010dne cene in izjemne storitve za stranke, da zagotovimo nemoteno nakupovalno izku\u0161njo.<\/p>\n<p>Za ve\u010d informacij ali specifi\u010dna vpra\u0161anja se obrnite na na\u0161o ekipo za podporo strankam!<\/p>","protected":false},"excerpt":{"rendered":"<p>The <strong data-start=\"1168\" data-end=\"1205\">Bood Pulse Pro 25K\/50K Vpihov Vape<\/strong> ponuja mo\u017enosti dvojne kapacitete, zmogljivost mre\u017easte tuljave in mo\u017enost ponovnega polnjenja. Vsestranska naprava za enkratno uporabo, zasnovana za <strong data-start=\"1319\" data-end=\"1354\">veleprodajne kupce v Evropi<\/strong>.<\/p>\n<figure id=\"attachment_2951\" aria-describedby=\"caption-attachment-2951\" style=\"width: 265px\" class=\"wp-caption alignnone\"><img decoding=\"async\" class=\"size-medium wp-image-2951\" src=\"https:\/\/vapestornado.com\/wp-content\/uploads\/2024\/12\/Wholesale-Disposable-Vape-265x300.jpg\" alt=\"Veleprodaja Vape za Enkratno Uporabo\" width=\"265\" height=\"300\" srcset=\"https:\/\/vapestornado.com\/wp-content\/uploads\/2024\/12\/Wholesale-Disposable-Vape-265x300.jpg 265w, https:\/\/vapestornado.com\/wp-content\/uploads\/2024\/12\/Wholesale-Disposable-Vape-768x871.jpg 768w, https:\/\/vapestornado.com\/wp-content\/uploads\/2024\/12\/Wholesale-Disposable-Vape-600x680.jpg 600w, https:\/\/vapestornado.com\/wp-content\/uploads\/2024\/12\/Wholesale-Disposable-Vape.jpg 823w\" sizes=\"(max-width: 265px) 100vw, 265px\" \/><figcaption id=\"caption-attachment-2951\" class=\"wp-caption-text\">Za Zni\u017eano Ceno se Obrnite na Mandy na WhatsApp\u00a0 <a href=\"https:\/\/wa.me\/8618077105796\">+8618077105796<\/a><\/figcaption><\/figure>\n<p>&nbsp;<\/p>","protected":false},"featured_media":3504,"comment_status":"open","ping_status":"closed","template":"","meta":{"_acf_changed":false,"_uag_custom_page_level_css":"","_lmt_disableupdate":"no","_lmt_disable":"","_monsterinsights_skip_tracking":false,"_monsterinsights_sitenote_active":false,"_monsterinsights_sitenote_note":"","_monsterinsights_sitenote_category":0,"site-sidebar-layout":"default","site-content-layout":"","ast-site-content-layout":"default","site-content-style":"default","site-sidebar-style":"default","ast-global-header-display":"","ast-banner-title-visibility":"","ast-main-header-display":"","ast-hfb-above-header-display":"","ast-hfb-below-header-display":"","ast-hfb-mobile-header-display":"","site-post-title":"","ast-breadcrumbs-content":"","ast-featured-img":"","footer-sml-layout":"","ast-disable-related-posts":"","theme-transparent-header-meta":"default","adv-header-id-meta":"","stick-header-meta":"","header-above-stick-meta":"","header-main-stick-meta":"","header-below-stick-meta":"","astra-migrate-meta-layouts":"set","ast-page-background-enabled":"default","ast-page-background-meta":{"desktop":{"background-color":"","background-image":"","background-repeat":"repeat","background-position":"center center","background-size":"auto","background-attachment":"scroll","background-type":"","background-media":"","overlay-type":"","overlay-color":"","overlay-opacity":"","overlay-gradient":""},"tablet":{"background-color":"","background-image":"","background-repeat":"repeat","background-position":"center center","background-size":"auto","background-attachment":"scroll","background-type":"","background-media":"","overlay-type":"","overlay-color":"","overlay-opacity":"","overlay-gradient":""},"mobile":{"background-color":"","background-image":"","background-repeat":"repeat","background-position":"center center","background-size":"auto","background-attachment":"scroll","background-type":"","background-media":"","overlay-type":"","overlay-color":"","overlay-opacity":"","overlay-gradient":""}},"ast-content-background-meta":{"desktop":{"background-color":"var(--ast-global-color-5)","background-image":"","background-repeat":"repeat","background-position":"center center","background-size":"auto","background-attachment":"scroll","background-type":"","background-media":"","overlay-type":"","overlay-color":"","overlay-opacity":"","overlay-gradient":""},"tablet":{"background-color":"var(--ast-global-color-5)","background-image":"","background-repeat":"repeat","background-position":"center center","background-size":"auto","background-attachment":"scroll","background-type":"","background-media":"","overlay-type":"","overlay-color":"","overlay-opacity":"","overlay-gradient":""},"mobile":{"background-color":"var(--ast-global-color-5)","background-image":"","background-repeat":"repeat","background-position":"center center","background-size":"auto","background-attachment":"scroll","background-type":"","background-media":"","overlay-type":"","overlay-color":"","overlay-opacity":"","overlay-gradient":""}},"_joinchat":{"telephone":"+8618077105796"}},"product_brand":[],"product_cat":[192,140,193,155,156],"product_tag":[190,97],"class_list":{"0":"post-3445","1":"product","2":"type-product","3":"status-publish","4":"has-post-thumbnail","6":"product_cat-50000-puff","7":"product_cat-big-puffs-disposable-vapes","8":"product_cat-bood-disposable-vapes","9":"product_cat-buy-disposable-vapes-in-norway","10":"product_cat-buy-disposable-vapes-in-poland","11":"product_tag-bood-pulse-pro-50000","12":"product_tag-hot-sale-disposable-vape","13":"desktop-align-left","14":"tablet-align-left","15":"mobile-align-left","17":"first","18":"instock","19":"sale","20":"shipping-taxable","21":"purchasable","22":"product-type-simple"},"acf":[],"uagb_featured_image_src":{"full":["https:\/\/vapestornado.com\/wp-content\/uploads\/2024\/12\/Bood-vape-pulse-pro-25000-Puffs-50000-Puffs.jpg",800,800,false],"thumbnail":["https:\/\/vapestornado.com\/wp-content\/uploads\/2024\/12\/Bood-vape-pulse-pro-25000-Puffs-50000-Puffs-150x150.jpg",150,150,true],"medium":["https:\/\/vapestornado.com\/wp-content\/uploads\/2024\/12\/Bood-vape-pulse-pro-25000-Puffs-50000-Puffs-300x300.jpg",300,300,true],"medium_large":["https:\/\/vapestornado.com\/wp-content\/uploads\/2024\/12\/Bood-vape-pulse-pro-25000-Puffs-50000-Puffs-768x768.jpg",768,768,true],"large":["https:\/\/vapestornado.com\/wp-content\/uploads\/2024\/12\/Bood-vape-pulse-pro-25000-Puffs-50000-Puffs.jpg",800,800,false],"1536x1536":["https:\/\/vapestornado.com\/wp-content\/uploads\/2024\/12\/Bood-vape-pulse-pro-25000-Puffs-50000-Puffs.jpg",800,800,false],"2048x2048":["https:\/\/vapestornado.com\/wp-content\/uploads\/2024\/12\/Bood-vape-pulse-pro-25000-Puffs-50000-Puffs.jpg",800,800,false],"trp-custom-language-flag":["https:\/\/vapestornado.com\/wp-content\/uploads\/2024\/12\/Bood-vape-pulse-pro-25000-Puffs-50000-Puffs.jpg",12,12,false],"woocommerce_thumbnail":["https:\/\/vapestornado.com\/wp-content\/uploads\/2024\/12\/Bood-vape-pulse-pro-25000-Puffs-50000-Puffs-300x300.jpg",300,300,true],"woocommerce_single":["https:\/\/vapestornado.com\/wp-content\/uploads\/2024\/12\/Bood-vape-pulse-pro-25000-Puffs-50000-Puffs-600x600.jpg",600,600,true],"woocommerce_gallery_thumbnail":["https:\/\/vapestornado.com\/wp-content\/uploads\/2024\/12\/Bood-vape-pulse-pro-25000-Puffs-50000-Puffs-100x100.jpg",100,100,true]},"uagb_author_info":{"display_name":"ESMANDY","author_link":"https:\/\/vapestornado.com\/sl\/author\/"},"uagb_comment_info":0,"uagb_excerpt":"The Bood Pulse Pro 25K\/50K Puffs Vape offers dual capacity options, mesh coil performance, and rechargeable power. A versatile disposable designed for wholesale bulk buyers in Europe. [caption id=\"attachment_2951\" align=\"alignnone\" width=\"265\"] Pls Contact Mandy's WhatsApp For Discount Price\u00a0 +8618077105796[\/caption] &nbsp;","_links":{"self":[{"href":"https:\/\/vapestornado.com\/sl\/wp-json\/wp\/v2\/product\/3445","targetHints":{"allow":["GET"]}}],"collection":[{"href":"https:\/\/vapestornado.com\/sl\/wp-json\/wp\/v2\/product"}],"about":[{"href":"https:\/\/vapestornado.com\/sl\/wp-json\/wp\/v2\/types\/product"}],"replies":[{"embeddable":true,"href":"https:\/\/vapestornado.com\/sl\/wp-json\/wp\/v2\/comments?post=3445"}],"wp:featuredmedia":[{"embeddable":true,"href":"https:\/\/vapestornado.com\/sl\/wp-json\/wp\/v2\/media\/3504"}],"wp:attachment":[{"href":"https:\/\/vapestornado.com\/sl\/wp-json\/wp\/v2\/media?parent=3445"}],"wp:term":[{"taxonomy":"product_brand","embeddable":true,"href":"https:\/\/vapestornado.com\/sl\/wp-json\/wp\/v2\/product_brand?post=3445"},{"taxonomy":"product_cat","embeddable":true,"href":"https:\/\/vapestornado.com\/sl\/wp-json\/wp\/v2\/product_cat?post=3445"},{"taxonomy":"product_tag","embeddable":true,"href":"https:\/\/vapestornado.com\/sl\/wp-json\/wp\/v2\/product_tag?post=3445"}],"curies":[{"name":"wp","href":"https:\/\/api.w.org\/{rel}","templated":true}]}}