{"id":3429,"date":"2024-12-27T08:28:48","date_gmt":"2024-12-27T08:28:48","guid":{"rendered":"https:\/\/vapestornado.com\/?post_type=product&#038;p=3429"},"modified":"2025-08-23T12:20:11","modified_gmt":"2025-08-23T12:20:11","slug":"fumot-randm-tornado-9000-puffs-disposable-vape","status":"publish","type":"product","link":"https:\/\/vapestornado.com\/sl\/product\/fumot-randm-tornado-9000-puffs-disposable-vape\/","title":{"rendered":"Fumot RandM Tornado 9000 Vpihov Vape za enkratno uporabo"},"content":{"rendered":"<h1>Fumot RandM Tornado 9000 Vpihov Vape za enkratno uporabo<\/h1>\n<p>The <strong data-start=\"312\" data-end=\"362\">Fumot RandM Tornado 9000 Vpihov Vape za enkratno uporabo<\/strong> je zasnovan za uporabnike elektronskih cigaret, ki \u017eelijo zanesljivost in bogat okus v elegantni obliki. Poganja ga <strong data-start=\"459\" data-end=\"490\">600 mAh polnilna baterija<\/strong> z <strong data-start=\"496\" data-end=\"520\">hitro polnjenje Type-C<\/strong>, ta naprava podpira <strong data-start=\"543\" data-end=\"563\">do 9000 vdihov<\/strong> iz svoje <strong data-start=\"573\" data-end=\"610\">18 ml predhodno napolnjene e-teko\u010dine<\/strong>.<\/p>\n<p>Opremljen z <strong data-start=\"637\" data-end=\"655\">0,8\u03a9 mre\u017easta tuljava<\/strong>, zagotavlja gladke vdihe, dosledno proizvodnjo pare in izbolj\u0161ano intenzivnost okusa. Z <strong data-start=\"748\" data-end=\"786\">mo\u017enostmi nikotinske soli 2 % in 5 %<\/strong>, je primeren tako za ob\u010dasne kot za redne uporabnike.<\/p>\n<p>The <strong data-start=\"838\" data-end=\"861\">RGB svetlobni u\u010dinek<\/strong> doda zabaven, sodoben pridih, zaradi \u010desar je priljubljena izbira med mlaj\u0161imi slovenskimi strankami. Z impresivnimi <strong data-start=\"968\" data-end=\"982\">43 okusi<\/strong> na voljo \u2013 od sadnih me\u0161anic do ledenega mentola \u2013 RandM Tornado 9K zagotavlja \u0161iroko privla\u010dnost. Kompakten, prenosen in vizualno privla\u010den, je nepogre\u0161ljiv za <strong data-start=\"1132\" data-end=\"1182\">veleprodajne dobavitelje vape izdelkov in distributerje na debelo<\/strong> ki i\u0161\u010dejo izdelke z visokim povpra\u0161evanjem.<\/p>\n<figure id=\"attachment_3443\" aria-describedby=\"caption-attachment-3443\" style=\"width: 1000px\" class=\"wp-caption alignnone\"><img fetchpriority=\"high\" decoding=\"async\" class=\"size-full wp-image-3443\" src=\"https:\/\/vapestornado.com\/wp-content\/uploads\/2024\/12\/Mesh-Coil-Disposable-Vape-9000-Puffs.jpg\" alt=\"Mre\u017easta tuljava E-cigareta za enkratno uporabo 9000 vdihov\" width=\"1000\" height=\"520\" srcset=\"https:\/\/vapestornado.com\/wp-content\/uploads\/2024\/12\/Mesh-Coil-Disposable-Vape-9000-Puffs.jpg 1000w, https:\/\/vapestornado.com\/wp-content\/uploads\/2024\/12\/Mesh-Coil-Disposable-Vape-9000-Puffs-300x156.jpg 300w, https:\/\/vapestornado.com\/wp-content\/uploads\/2024\/12\/Mesh-Coil-Disposable-Vape-9000-Puffs-768x399.jpg 768w, https:\/\/vapestornado.com\/wp-content\/uploads\/2024\/12\/Mesh-Coil-Disposable-Vape-9000-Puffs-600x312.jpg 600w\" sizes=\"(max-width: 1000px) 100vw, 1000px\" \/><figcaption id=\"caption-attachment-3443\" class=\"wp-caption-text\">Mre\u017easta tuljava E-cigareta za enkratno uporabo 9000 vdihov<\/figcaption><\/figure>\n<h3>Zna\u010dilnosti izdelka<\/h3>\n<ol>\n<li><strong>Podalj\u0161ana Uporaba<\/strong>: 9000 vdihov z 18ml e-teko\u010dine za dolgotrajno zmogljivost.<\/li>\n<li><strong>Polnilna baterija<\/strong>: 600mAh baterija s podporo za hitro polnjenje Type-C.<\/li>\n<li><strong>Mre\u017easta tuljava<\/strong>: 0,8ohm tuljava za dosleden okus in gosto paro.<\/li>\n<li><strong>RGB lu\u010dka<\/strong>: Elegantna osvetlitev, ki izbolj\u0161a izku\u0161njo vapinga.<\/li>\n<li><strong>Na voljo 43 okusov<\/strong>: \u0160iroka paleta razburljivih mo\u017enosti okusov.<\/li>\n<\/ol>\n<h3>Seznam Okusov<\/h3>\n<ol>\n<li>Borovnica Malina<\/li>\n<li>Gospod Modri<\/li>\n<li>Jagoda Lubenica<\/li>\n<li>Pomaran\u010dna soda<\/li>\n<li>\u017dve\u010dilni gumi z okusom lubenice<\/li>\n<li>Mavri\u010dni bonboni<\/li>\n<li>Ro\u017enata Limonada<\/li>\n<li>Breskev Mango Ananas<\/li>\n<li>Jagoda Banana<\/li>\n<li>Bujni Led<\/li>\n<li>Ledeni \u010drni zmaj<\/li>\n<li>Aloja grozdje<\/li>\n<li>Modra Razz Ice<\/li>\n<li>Kivi pasijonka guava<\/li>\n<li>Gumijasti medvedek<\/li>\n<li>Me\u0161ano jagodi\u010devje<\/li>\n<li>Hladen Menta<\/li>\n<li>Malinova lubenica<\/li>\n<li>Breskova limonada<\/li>\n<li>Ledena guavaba<\/li>\n<li>Jagodna limonada<\/li>\n<li>Ledena lubenica Brazz<\/li>\n<li>Banana krema<\/li>\n<li>Breskev jagodi\u010devje<\/li>\n<li>Jagodna krema<\/li>\n<li>Kisli bomboni<\/li>\n<li>Limona<\/li>\n<li>\u010ce\u0161nja<\/li>\n<li>Pene\u010da \u010de\u0161nja<\/li>\n<li>Borovnica \u010de\u0161nja brusnica<\/li>\n<li>Vimto<\/li>\n<li>Skittles<\/li>\n<li>\u010crni Led<\/li>\n<li>Grozdje<\/li>\n<li>Ledena borovnica<\/li>\n<li>Jagoda Led<\/li>\n<li>Borovnica Razz Kush<\/li>\n<li>Ledena lizika<\/li>\n<li>Borovnica Kisla Malina<\/li>\n<li>Ananas<\/li>\n<li>\u010ce\u0161nja breskev limonada<\/li>\n<li>Jagoda malina \u010de\u0161nja<\/li>\n<li>Trojni Mango<\/li>\n<\/ol>\n<h3>RandM Tornado 9000 Puffs Top 5 okusov<\/h3>\n<ol>\n<li><strong>Modra Razz Ice<\/strong>: Sladka in pikantna modra malina s hladnim zaklju\u010dkom.<\/li>\n<li><strong>Breskev Mango Ananas<\/strong>: Tropski trio, ki poka od so\u010dne sladkosti.<\/li>\n<li><strong>\u017dve\u010dilni gumi z okusom lubenice<\/strong>: Klasi\u010den okus \u017eve\u010dilnega gumija z osve\u017eilnim pridihom lubenice.<\/li>\n<li><strong>Mavri\u010dni bonboni<\/strong>: Me\u0161anica sadnih bonbonov za nostalgi\u010dno poslastico.<\/li>\n<li><strong>Ledeni \u010drni zmaj<\/strong>: Drzna \u010drni ribez z ledenim mentolovim udarcem.<\/li>\n<\/ol>\n<h3>Zakaj izbrati Fumot RandM Tornado 9000 Puffs?<\/h3>\n<ul>\n<li><strong>Visoko \u0161tevilo vdihov<\/strong>: U\u017eivajte v do 9000 vdihih z 18 ml e-teko\u010dine.<\/li>\n<li><strong>Vrhunska zmogljivost<\/strong>: Mre\u017ena tuljava in polnilna baterija zagotavljata konstanten okus in priro\u010dnost.<\/li>\n<li><strong>Eleganten dizajn<\/strong>: RGB osvetlitev dodaja sodoben, zabaven pridih.<\/li>\n<li><strong>\u0160iroka paleta okusov<\/strong>: 43 vznemirljivih okusov, ki ustrezajo vsem \u017eeljam.<\/li>\n<li><strong>Prenosno in vzdr\u017eljivo<\/strong>: Kompaktno, a zmogljivo, popolno za vsakodnevno vaping.<\/li>\n<\/ul>\n<h3>Pogosta vpra\u0161anja<\/h3>\n<p><strong>V1: Kako dolgo zdr\u017ei 600mAh baterija z enim polnjenjem?<\/strong><br \/>\n600mAh polnilna baterija omogo\u010da ure neprekinjenega vapinga in se lahko polni preko Type-C kabla.<\/p>\n<p><strong>V2: Ali je vseh 43 okusov na voljo za nakup v ve\u010djih koli\u010dinah?<\/strong><br \/>\nDa, vseh 43 okusov je na voljo za veleprodajo in nakup v ve\u010djih koli\u010dinah.<\/p>\n<p><strong>Q3: Katere ravni nikotina so na voljo?<\/strong><br \/>\nFumot RandM Tornado 9000 Puffs je na voljo z 2 % in 5 % nikotinske soli.<\/p>\n<p><strong>Q4: Kak\u0161na je prednost mre\u017easte tuljave?<\/strong><br \/>\nMre\u017easta tuljava 0,8ohm zagotavlja bolj gladko proizvodnjo pare in izbolj\u0161ano dostavo okusa.<\/p>\n<p><strong>Q5: Ali RandM Vape 9k vklju\u010duje polnilni kabel?<\/strong><br \/>\nDa, RandM 9k je zdru\u017eljiv s polnilnimi kabli Type-C, \u010deprav se kabel prodaja lo\u010deno.<\/p>\n<h4>Fumot Vape 15k veleprodaja Kontaktirajte nas in pridobite popust zdaj!<\/h4>\n<p><img decoding=\"async\" class=\"size-large wp-image-2921\" src=\"https:\/\/vapestornado.com\/wp-content\/uploads\/2024\/11\/20062b3a285f900e79520aad496b94d-887x1024.jpg\" alt=\"vapestornado Vicky\" width=\"887\" height=\"1024\" srcset=\"https:\/\/vapestornado.com\/wp-content\/uploads\/2024\/11\/20062b3a285f900e79520aad496b94d-887x1024.jpg 887w, https:\/\/vapestornado.com\/wp-content\/uploads\/2024\/11\/20062b3a285f900e79520aad496b94d-260x300.jpg 260w, https:\/\/vapestornado.com\/wp-content\/uploads\/2024\/11\/20062b3a285f900e79520aad496b94d-768x887.jpg 768w, https:\/\/vapestornado.com\/wp-content\/uploads\/2024\/11\/20062b3a285f900e79520aad496b94d-600x693.jpg 600w, https:\/\/vapestornado.com\/wp-content\/uploads\/2024\/11\/20062b3a285f900e79520aad496b94d.jpg 1080w\" sizes=\"(max-width: 887px) 100vw, 887px\" \/><\/p>","protected":false},"excerpt":{"rendered":"<p><strong>RandM Tornado 9000 Puffs E-cigareta za enkratno uporabo<\/strong> ponuja 9000 vdihov, 600mAh baterijo, RGB osvetlitev, mre\u017easto tuljavo in 43 \u017eivahnih okusov za izjemno izku\u0161njo vapinga.<\/p>\n<p><strong><span style=\"color: #ff0000;\">(cena na na\u0161i spletni strani ne vklju\u010duje stro\u0161kov po\u0161iljanja, prosimo, kontaktirajte me za celotno ceno in va\u0161 popust!)<\/span><\/strong><\/p>\n<p><img decoding=\"async\" class=\"size-medium wp-image-2921\" src=\"https:\/\/vapestornado.com\/wp-content\/uploads\/2024\/11\/20062b3a285f900e79520aad496b94d-260x300.jpg\" alt=\"vapestornado Vicky\" width=\"260\" height=\"300\" srcset=\"https:\/\/vapestornado.com\/wp-content\/uploads\/2024\/11\/20062b3a285f900e79520aad496b94d-260x300.jpg 260w, https:\/\/vapestornado.com\/wp-content\/uploads\/2024\/11\/20062b3a285f900e79520aad496b94d-887x1024.jpg 887w, https:\/\/vapestornado.com\/wp-content\/uploads\/2024\/11\/20062b3a285f900e79520aad496b94d-768x887.jpg 768w, https:\/\/vapestornado.com\/wp-content\/uploads\/2024\/11\/20062b3a285f900e79520aad496b94d-600x693.jpg 600w, https:\/\/vapestornado.com\/wp-content\/uploads\/2024\/11\/20062b3a285f900e79520aad496b94d.jpg 1080w\" sizes=\"(max-width: 260px) 100vw, 260px\" \/><\/p>","protected":false},"featured_media":3439,"comment_status":"open","ping_status":"closed","template":"","meta":{"_acf_changed":false,"_uag_custom_page_level_css":"","_lmt_disableupdate":"no","_lmt_disable":"","_monsterinsights_skip_tracking":false,"_monsterinsights_sitenote_active":false,"_monsterinsights_sitenote_note":"","_monsterinsights_sitenote_category":0,"site-sidebar-layout":"default","site-content-layout":"","ast-site-content-layout":"default","site-content-style":"default","site-sidebar-style":"default","ast-global-header-display":"","ast-banner-title-visibility":"","ast-main-header-display":"","ast-hfb-above-header-display":"","ast-hfb-below-header-display":"","ast-hfb-mobile-header-display":"","site-post-title":"","ast-breadcrumbs-content":"","ast-featured-img":"","footer-sml-layout":"","ast-disable-related-posts":"","theme-transparent-header-meta":"default","adv-header-id-meta":"","stick-header-meta":"","header-above-stick-meta":"","header-main-stick-meta":"","header-below-stick-meta":"","astra-migrate-meta-layouts":"set","ast-page-background-enabled":"default","ast-page-background-meta":{"desktop":{"background-color":"","background-image":"","background-repeat":"repeat","background-position":"center center","background-size":"auto","background-attachment":"scroll","background-type":"","background-media":"","overlay-type":"","overlay-color":"","overlay-opacity":"","overlay-gradient":""},"tablet":{"background-color":"","background-image":"","background-repeat":"repeat","background-position":"center center","background-size":"auto","background-attachment":"scroll","background-type":"","background-media":"","overlay-type":"","overlay-color":"","overlay-opacity":"","overlay-gradient":""},"mobile":{"background-color":"","background-image":"","background-repeat":"repeat","background-position":"center center","background-size":"auto","background-attachment":"scroll","background-type":"","background-media":"","overlay-type":"","overlay-color":"","overlay-opacity":"","overlay-gradient":""}},"ast-content-background-meta":{"desktop":{"background-color":"var(--ast-global-color-5)","background-image":"","background-repeat":"repeat","background-position":"center center","background-size":"auto","background-attachment":"scroll","background-type":"","background-media":"","overlay-type":"","overlay-color":"","overlay-opacity":"","overlay-gradient":""},"tablet":{"background-color":"var(--ast-global-color-5)","background-image":"","background-repeat":"repeat","background-position":"center center","background-size":"auto","background-attachment":"scroll","background-type":"","background-media":"","overlay-type":"","overlay-color":"","overlay-opacity":"","overlay-gradient":""},"mobile":{"background-color":"var(--ast-global-color-5)","background-image":"","background-repeat":"repeat","background-position":"center center","background-size":"auto","background-attachment":"scroll","background-type":"","background-media":"","overlay-type":"","overlay-color":"","overlay-opacity":"","overlay-gradient":""}},"_joinchat":{"telephone":"+8618077105750"}},"product_brand":[],"product_cat":[73,151,152,157,58,144,148],"product_tag":[112],"class_list":{"0":"post-3429","1":"product","2":"type-product","3":"status-publish","4":"has-post-thumbnail","6":"product_cat-9000-puff","7":"product_cat-buy-disposable-vapes-in-france","8":"product_cat-buy-disposable-vapes-in-cermany","9":"product_cat-buy-disposable-vapes-in-portugal","10":"product_cat-fumot-vape","11":"product_cat-low-nicotine-disposable-vapes","12":"product_cat-tornado-disposable-vapes","13":"product_tag-randm-tornado-9000","14":"desktop-align-left","15":"tablet-align-left","16":"mobile-align-left","18":"first","19":"instock","20":"sale","21":"shipping-taxable","22":"purchasable","23":"product-type-simple"},"acf":[],"uagb_featured_image_src":{"full":["https:\/\/vapestornado.com\/wp-content\/uploads\/2024\/12\/Fumot-RandM-Tornado-9000-Puffs-Real-Pictures.jpg",1000,1000,false],"thumbnail":["https:\/\/vapestornado.com\/wp-content\/uploads\/2024\/12\/Fumot-RandM-Tornado-9000-Puffs-Real-Pictures-150x150.jpg",150,150,true],"medium":["https:\/\/vapestornado.com\/wp-content\/uploads\/2024\/12\/Fumot-RandM-Tornado-9000-Puffs-Real-Pictures-300x300.jpg",300,300,true],"medium_large":["https:\/\/vapestornado.com\/wp-content\/uploads\/2024\/12\/Fumot-RandM-Tornado-9000-Puffs-Real-Pictures-768x768.jpg",768,768,true],"large":["https:\/\/vapestornado.com\/wp-content\/uploads\/2024\/12\/Fumot-RandM-Tornado-9000-Puffs-Real-Pictures.jpg",1000,1000,false],"1536x1536":["https:\/\/vapestornado.com\/wp-content\/uploads\/2024\/12\/Fumot-RandM-Tornado-9000-Puffs-Real-Pictures.jpg",1000,1000,false],"2048x2048":["https:\/\/vapestornado.com\/wp-content\/uploads\/2024\/12\/Fumot-RandM-Tornado-9000-Puffs-Real-Pictures.jpg",1000,1000,false],"trp-custom-language-flag":["https:\/\/vapestornado.com\/wp-content\/uploads\/2024\/12\/Fumot-RandM-Tornado-9000-Puffs-Real-Pictures.jpg",12,12,false],"woocommerce_thumbnail":["https:\/\/vapestornado.com\/wp-content\/uploads\/2024\/12\/Fumot-RandM-Tornado-9000-Puffs-Real-Pictures-300x300.jpg",300,300,true],"woocommerce_single":["https:\/\/vapestornado.com\/wp-content\/uploads\/2024\/12\/Fumot-RandM-Tornado-9000-Puffs-Real-Pictures-600x600.jpg",600,600,true],"woocommerce_gallery_thumbnail":["https:\/\/vapestornado.com\/wp-content\/uploads\/2024\/12\/Fumot-RandM-Tornado-9000-Puffs-Real-Pictures-100x100.jpg",100,100,true]},"uagb_author_info":{"display_name":"ESvicky","author_link":"https:\/\/vapestornado.com\/sl\/author\/"},"uagb_comment_info":0,"uagb_excerpt":"RandM Tornado 9000 Puffs Disposable Vape offers 9000 puffs, 600mAh battery, RGB lighting, mesh coil, and 43 vibrant flavors for an exceptional vaping experience. (our website price not include shipping cost, please contact me to get whole price and your disccount!)","_links":{"self":[{"href":"https:\/\/vapestornado.com\/sl\/wp-json\/wp\/v2\/product\/3429","targetHints":{"allow":["GET"]}}],"collection":[{"href":"https:\/\/vapestornado.com\/sl\/wp-json\/wp\/v2\/product"}],"about":[{"href":"https:\/\/vapestornado.com\/sl\/wp-json\/wp\/v2\/types\/product"}],"replies":[{"embeddable":true,"href":"https:\/\/vapestornado.com\/sl\/wp-json\/wp\/v2\/comments?post=3429"}],"wp:featuredmedia":[{"embeddable":true,"href":"https:\/\/vapestornado.com\/sl\/wp-json\/wp\/v2\/media\/3439"}],"wp:attachment":[{"href":"https:\/\/vapestornado.com\/sl\/wp-json\/wp\/v2\/media?parent=3429"}],"wp:term":[{"taxonomy":"product_brand","embeddable":true,"href":"https:\/\/vapestornado.com\/sl\/wp-json\/wp\/v2\/product_brand?post=3429"},{"taxonomy":"product_cat","embeddable":true,"href":"https:\/\/vapestornado.com\/sl\/wp-json\/wp\/v2\/product_cat?post=3429"},{"taxonomy":"product_tag","embeddable":true,"href":"https:\/\/vapestornado.com\/sl\/wp-json\/wp\/v2\/product_tag?post=3429"}],"curies":[{"name":"wp","href":"https:\/\/api.w.org\/{rel}","templated":true}]}}