{"id":3421,"date":"2024-12-27T07:57:48","date_gmt":"2024-12-27T07:57:48","guid":{"rendered":"https:\/\/vapestornado.com\/?post_type=product&#038;p=3421"},"modified":"2025-08-23T12:05:35","modified_gmt":"2025-08-23T12:05:35","slug":"fumot-randm-tornado-15000-puffs-disposable-vape","status":"publish","type":"product","link":"https:\/\/vapestornado.com\/sl\/product\/fumot-randm-tornado-15000-puffs-disposable-vape\/","title":{"rendered":"Fumot RandM Tornado 15000 Vpihov Vape za enkratno uporabo"},"content":{"rendered":"<h1>Fumot RandM Tornado 15000 Vpihov Vape za enkratno uporabo<\/h1>\n<p>The <strong data-start=\"332\" data-end=\"383\">Fumot RandM Tornado 15000 Vpihov Vape za enkratno uporabo<\/strong> je zasnovan za trgovce na drobno in distributerje, ki \u017eelijo ponuditi napravo visoke zmogljivosti, polno funkcij, po konkuren\u010dnih veleprodajnih cenah. Zagotavlja do <strong data-start=\"534\" data-end=\"550\">15.000 vdihov<\/strong>, ta vape zdru\u017euje <strong data-start=\"571\" data-end=\"599\">25 ml predhodno napolnjene e-teko\u010dine<\/strong> z <strong data-start=\"605\" data-end=\"634\">tehnologija dvojne mre\u017easte tuljave<\/strong>, kar zagotavlja gladek izhlapevanje in dosleden okus vsaki\u010d.<\/p>\n<p>Napaja ga <strong data-start=\"714\" data-end=\"752\">robustno 850mAh polnilno baterijo<\/strong> in je opremljen z <strong data-start=\"771\" data-end=\"795\">hitro polnjenje Type-C<\/strong>, Tornado 15K zagotavlja minimalne prekinitve in zanesljivo delovanje. Njegov <strong data-start=\"871\" data-end=\"894\">LED digitalni zaslon<\/strong> omogo\u010da uporabnikom, da takoj preverijo \u0161tevilo vdihov in \u017eivljenjsko dobo baterije, kar dodaja moderen, uporabniku prijazen pridih.<\/p>\n<p>Na voljo v <strong data-start=\"1016\" data-end=\"1037\">51 edinstvenih okusov<\/strong> in jakosti nikotina <strong data-start=\"1064\" data-end=\"1076\">2% ali 5%<\/strong>, RandM Tornado 15000 ponuja raznolikost in zadovoljstvo za \u0161iroko bazo strank. Eleganten, trpe\u017een in u\u010dinkovit je odli\u010dna izbira za kupce na debelo in trgovine, ki \u017eelijo raz\u0161iriti svojo izbiro vape za enkratno uporabo s preverjeno uspe\u0161nico.<\/p>\n<p><img fetchpriority=\"high\" decoding=\"async\" class=\"alignnone size-large wp-image-3428\" src=\"https:\/\/vapestornado.com\/wp-content\/uploads\/2024\/12\/LED-Screen-Disposable-Vape-RandM-Tornado-15000-Puffs-1024x657.jpg\" alt=\"LED zaslon za enkratno uporabo Vape RandM Tornado 15000 Puffs\" width=\"1024\" height=\"657\" srcset=\"https:\/\/vapestornado.com\/wp-content\/uploads\/2024\/12\/LED-Screen-Disposable-Vape-RandM-Tornado-15000-Puffs-1024x657.jpg 1024w, https:\/\/vapestornado.com\/wp-content\/uploads\/2024\/12\/LED-Screen-Disposable-Vape-RandM-Tornado-15000-Puffs-300x192.jpg 300w, https:\/\/vapestornado.com\/wp-content\/uploads\/2024\/12\/LED-Screen-Disposable-Vape-RandM-Tornado-15000-Puffs-768x492.jpg 768w, https:\/\/vapestornado.com\/wp-content\/uploads\/2024\/12\/LED-Screen-Disposable-Vape-RandM-Tornado-15000-Puffs-1536x985.jpg 1536w, https:\/\/vapestornado.com\/wp-content\/uploads\/2024\/12\/LED-Screen-Disposable-Vape-RandM-Tornado-15000-Puffs-600x385.jpg 600w, https:\/\/vapestornado.com\/wp-content\/uploads\/2024\/12\/LED-Screen-Disposable-Vape-RandM-Tornado-15000-Puffs.jpg 2048w\" sizes=\"(max-width: 1024px) 100vw, 1024px\" \/><\/p>\n<hr \/>\n<h3>Zna\u010dilnosti izdelka<\/h3>\n<ol>\n<li><strong>Podalj\u0161ana Uporaba<\/strong>: <strong>15,000<\/strong> vpihov z <strong>25 ml<\/strong> e-teko\u010dine za dolgotrajno delovanje.<\/li>\n<li><strong>Polnilna baterija<\/strong>: Integrirana <strong>850mAh<\/strong> baterija z <strong>Type-C<\/strong> hitrim polnjenjem.<\/li>\n<li><strong>Dvojna Mre\u017easta Tuljava<\/strong>: Izbolj\u0161ana proizvodnja pare in dostava okusa.<\/li>\n<li><strong>LED Zaslon<\/strong>: Spremljanje vpihov in baterije v realnem \u010dasu.<\/li>\n<li><strong>Na Voljo 41 Okusov<\/strong>: \u0160iroka izbira vznemirljivih mo\u017enosti za vsako \u017eeljo.<\/li>\n<\/ol>\n<hr \/>\n<h3>Seznam Okusov<\/h3>\n<ol>\n<li>Blue Razz Limonada<\/li>\n<li>Ledena breskev<\/li>\n<li>Kislo jabolko<\/li>\n<li>Lubenica Led<\/li>\n<li>Borovnica na Ledu<\/li>\n<li>Borovnica Malina<\/li>\n<li>Ananas Led<\/li>\n<li>\u010ce\u0161nja<\/li>\n<li>Jagoda Led<\/li>\n<li>Vimto<\/li>\n<li>Grozdni led<\/li>\n<li>Ledena kola<\/li>\n<li>Jagoda Lubenica<\/li>\n<li>Ro\u017enata Limonada<\/li>\n<li>Me\u0161ano jagodi\u010devje<\/li>\n<li>Breskev mango<\/li>\n<li>Zmajevo sadje<\/li>\n<li>Jagoda grozdje<\/li>\n<li>Gospod Modri<\/li>\n<li>Bujni Led<\/li>\n<li>Ledena lizika<\/li>\n<li>Jagoda kivi<\/li>\n<li>Kivi pasijonka guava<\/li>\n<li>Trojno jagodi\u010devje<\/li>\n<li>Banana Led<\/li>\n<li>Breskev borovnica bonbon<\/li>\n<li>Jabolko breskev hru\u0161ka<\/li>\n<li>Jagodi\u010dasta limonada<\/li>\n<li>Modra malina \u010de\u0161nja<\/li>\n<li>Borovni\u010dni \u017eve\u010dilni gumi<\/li>\n<li>Borovnica \u010de\u0161nja brusnica<\/li>\n<li>Borovnica granatno jabolko<\/li>\n<li>Modra kisla malina<\/li>\n<li>\u010ce\u0161njeva kola<\/li>\n<li>Gumijasti medvedek<\/li>\n<li>Limona<\/li>\n<li>Mango na ledu<\/li>\n<li>Rde\u010da energija led<\/li>\n<li>Jagoda Banana<\/li>\n<li>Jagoda Red Bull<\/li>\n<li>Limonada iz jagode in lubenice<\/li>\n<\/ol>\n<hr \/>\n<h3>RandM Tornado 15000 Vdihov Top 5 Okusov<\/h3>\n<ol>\n<li><strong>Blue Razz Limonada<\/strong>: Osve\u017eujo\u010da borovnica s pikantnim limonadinim pridihom.<\/li>\n<li><strong>Breskev mango<\/strong>: Sladka breskev, pome\u0161ana s tropskim mangom.<\/li>\n<li><strong>Bujni Led<\/strong>: Lubenica z ledenim, mentolovim zaklju\u010dkom.<\/li>\n<li><strong>Gumijasti medvedek<\/strong>: Nostalgi\u010den okus sladkarij s sadnim pridihom.<\/li>\n<li><strong>Jagoda kivi<\/strong>: So\u010dna jagoda v kombinaciji s pikantno kivijem.<\/li>\n<\/ol>\n<hr \/>\n<h3>Zakaj izbrati RandM Tornado 15000 Vpihov?<\/h3>\n<ul>\n<li><strong>Ogromno \u0161tevilo vpihov<\/strong>: Ponuja 15.000 vpihov za dolgotrajno zadovoljstvo.<\/li>\n<li><strong>Vrhunski prenos okusa<\/strong>: Dvojna mre\u017easta tuljava zagotavlja dosleden, bogat okus.<\/li>\n<li><strong>Priro\u010dna oblika<\/strong>: Mo\u017enost polnjenja s priklju\u010dkom Type-C in LED zaslonom za sledenje.<\/li>\n<li><strong>Neprimerljiva raznolikost<\/strong>: 41 okusov, ki ustrezajo vsem okusom.<\/li>\n<li><strong>Prenosljiv in eleganten<\/strong>: Kompaktna oblika z elegantnim LED zaslonom.<\/li>\n<\/ul>\n<hr \/>\n<h3>Pogosta vpra\u0161anja<\/h3>\n<p><strong>V1: Kako dolgo zdr\u017ei baterija z enim polnjenjem?<\/strong><br \/>\nRandM 15000 puffs Vape za enkratno uporabo vsebuje 850mAh baterijo za ponovno polnjenje, ki zagotavlja ure neprekinjenega vapinga in jo je mogo\u010de enostavno napolniti s kablom Type-C.<\/p>\n<p><strong>V2: Ali je vseh 41 okusov na voljo v vseh regijah?<\/strong><br \/>\nDa, celotna paleta 41 okusov je na voljo po vsem svetu, kar zagotavlja, da boste na\u0161li svojega najljub\u0161ega, kjer koli \u017ee ste.<\/p>\n<p><strong>V3: Katere jakosti nikotina so na voljo?<\/strong><br \/>\nFumot RandM Tornado 15000 Puffs je na voljo z mo\u017enostmi nikotinske soli 2 % in 5 %.<\/p>\n<h4>Fumot Vape 15k veleprodaja Kontaktirajte nas in pridobite popust zdaj!<\/h4>\n<p><img decoding=\"async\" class=\"size-large wp-image-2921\" src=\"https:\/\/vapestornado.com\/wp-content\/uploads\/2024\/11\/20062b3a285f900e79520aad496b94d-887x1024.jpg\" alt=\"vapestornado Vicky\" width=\"887\" height=\"1024\" srcset=\"https:\/\/vapestornado.com\/wp-content\/uploads\/2024\/11\/20062b3a285f900e79520aad496b94d-887x1024.jpg 887w, https:\/\/vapestornado.com\/wp-content\/uploads\/2024\/11\/20062b3a285f900e79520aad496b94d-260x300.jpg 260w, https:\/\/vapestornado.com\/wp-content\/uploads\/2024\/11\/20062b3a285f900e79520aad496b94d-768x887.jpg 768w, https:\/\/vapestornado.com\/wp-content\/uploads\/2024\/11\/20062b3a285f900e79520aad496b94d-600x693.jpg 600w, https:\/\/vapestornado.com\/wp-content\/uploads\/2024\/11\/20062b3a285f900e79520aad496b94d.jpg 1080w\" sizes=\"(max-width: 887px) 100vw, 887px\" \/><\/p>","protected":false},"excerpt":{"rendered":"<p><strong>RandM Tornado 15000 Vpihov za Enkratno Uporabo<\/strong> ima 51 okusov, 850mAh polnilno baterijo, LED zaslon, dvojno mre\u017easto tuljavo in 15.000 vdihov za podalj\u0161ano u\u017eivanje.<\/p>\n<p><strong><span style=\"color: #ff0000;\">(cena na na\u0161i spletni strani ne vklju\u010duje stro\u0161kov po\u0161iljanja, prosimo, kontaktirajte me za celotno ceno in va\u0161 popust!)<\/span><\/strong><\/p>\n<p><img decoding=\"async\" class=\"size-medium wp-image-2921\" src=\"https:\/\/vapestornado.com\/wp-content\/uploads\/2024\/11\/20062b3a285f900e79520aad496b94d-260x300.jpg\" alt=\"vapestornado Vicky\" width=\"260\" height=\"300\" srcset=\"https:\/\/vapestornado.com\/wp-content\/uploads\/2024\/11\/20062b3a285f900e79520aad496b94d-260x300.jpg 260w, https:\/\/vapestornado.com\/wp-content\/uploads\/2024\/11\/20062b3a285f900e79520aad496b94d-887x1024.jpg 887w, https:\/\/vapestornado.com\/wp-content\/uploads\/2024\/11\/20062b3a285f900e79520aad496b94d-768x887.jpg 768w, https:\/\/vapestornado.com\/wp-content\/uploads\/2024\/11\/20062b3a285f900e79520aad496b94d-600x693.jpg 600w, https:\/\/vapestornado.com\/wp-content\/uploads\/2024\/11\/20062b3a285f900e79520aad496b94d.jpg 1080w\" sizes=\"(max-width: 260px) 100vw, 260px\" \/><\/p>","protected":false},"featured_media":3425,"comment_status":"open","ping_status":"closed","template":"","meta":{"_acf_changed":false,"_uag_custom_page_level_css":"","_lmt_disableupdate":"no","_lmt_disable":"","_monsterinsights_skip_tracking":false,"_monsterinsights_sitenote_active":false,"_monsterinsights_sitenote_note":"","_monsterinsights_sitenote_category":0,"site-sidebar-layout":"default","site-content-layout":"","ast-site-content-layout":"default","site-content-style":"default","site-sidebar-style":"default","ast-global-header-display":"","ast-banner-title-visibility":"","ast-main-header-display":"","ast-hfb-above-header-display":"","ast-hfb-below-header-display":"","ast-hfb-mobile-header-display":"","site-post-title":"","ast-breadcrumbs-content":"","ast-featured-img":"","footer-sml-layout":"","ast-disable-related-posts":"","theme-transparent-header-meta":"default","adv-header-id-meta":"","stick-header-meta":"","header-above-stick-meta":"","header-main-stick-meta":"","header-below-stick-meta":"","astra-migrate-meta-layouts":"set","ast-page-background-enabled":"default","ast-page-background-meta":{"desktop":{"background-color":"","background-image":"","background-repeat":"repeat","background-position":"center center","background-size":"auto","background-attachment":"scroll","background-type":"","background-media":"","overlay-type":"","overlay-color":"","overlay-opacity":"","overlay-gradient":""},"tablet":{"background-color":"","background-image":"","background-repeat":"repeat","background-position":"center center","background-size":"auto","background-attachment":"scroll","background-type":"","background-media":"","overlay-type":"","overlay-color":"","overlay-opacity":"","overlay-gradient":""},"mobile":{"background-color":"","background-image":"","background-repeat":"repeat","background-position":"center center","background-size":"auto","background-attachment":"scroll","background-type":"","background-media":"","overlay-type":"","overlay-color":"","overlay-opacity":"","overlay-gradient":""}},"ast-content-background-meta":{"desktop":{"background-color":"var(--ast-global-color-5)","background-image":"","background-repeat":"repeat","background-position":"center center","background-size":"auto","background-attachment":"scroll","background-type":"","background-media":"","overlay-type":"","overlay-color":"","overlay-opacity":"","overlay-gradient":""},"tablet":{"background-color":"var(--ast-global-color-5)","background-image":"","background-repeat":"repeat","background-position":"center center","background-size":"auto","background-attachment":"scroll","background-type":"","background-media":"","overlay-type":"","overlay-color":"","overlay-opacity":"","overlay-gradient":""},"mobile":{"background-color":"var(--ast-global-color-5)","background-image":"","background-repeat":"repeat","background-position":"center center","background-size":"auto","background-attachment":"scroll","background-type":"","background-media":"","overlay-type":"","overlay-color":"","overlay-opacity":"","overlay-gradient":""}},"_joinchat":{"telephone":"+8618077105750"}},"product_brand":[],"product_cat":[71,150,152,159,142,58,144,148,19],"product_tag":[],"class_list":{"0":"post-3421","1":"product","2":"type-product","3":"status-publish","4":"has-post-thumbnail","6":"product_cat-15000-puff","7":"product_cat-buy-disposable-vapes-in-belgium","8":"product_cat-buy-disposable-vapes-in-cermany","9":"product_cat-buy-disposable-vapes-in-sweden","10":"product_cat-digital-box-disposable-vapes","11":"product_cat-fumot-vape","12":"product_cat-low-nicotine-disposable-vapes","13":"product_cat-tornado-disposable-vapes","14":"product_cat-vapes","15":"desktop-align-left","16":"tablet-align-left","17":"mobile-align-left","19":"first","20":"instock","21":"sale","22":"shipping-taxable","23":"purchasable","24":"product-type-simple"},"acf":[],"uagb_featured_image_src":{"full":["https:\/\/vapestornado.com\/wp-content\/uploads\/2024\/12\/Fumot-RandM-Tornado-15000-Puffs-Review.jpg",1080,1350,false],"thumbnail":["https:\/\/vapestornado.com\/wp-content\/uploads\/2024\/12\/Fumot-RandM-Tornado-15000-Puffs-Review-150x150.jpg",150,150,true],"medium":["https:\/\/vapestornado.com\/wp-content\/uploads\/2024\/12\/Fumot-RandM-Tornado-15000-Puffs-Review-240x300.jpg",240,300,true],"medium_large":["https:\/\/vapestornado.com\/wp-content\/uploads\/2024\/12\/Fumot-RandM-Tornado-15000-Puffs-Review-768x960.jpg",768,960,true],"large":["https:\/\/vapestornado.com\/wp-content\/uploads\/2024\/12\/Fumot-RandM-Tornado-15000-Puffs-Review-819x1024.jpg",819,1024,true],"1536x1536":["https:\/\/vapestornado.com\/wp-content\/uploads\/2024\/12\/Fumot-RandM-Tornado-15000-Puffs-Review.jpg",1080,1350,false],"2048x2048":["https:\/\/vapestornado.com\/wp-content\/uploads\/2024\/12\/Fumot-RandM-Tornado-15000-Puffs-Review.jpg",1080,1350,false],"trp-custom-language-flag":["https:\/\/vapestornado.com\/wp-content\/uploads\/2024\/12\/Fumot-RandM-Tornado-15000-Puffs-Review.jpg",10,12,false],"woocommerce_thumbnail":["https:\/\/vapestornado.com\/wp-content\/uploads\/2024\/12\/Fumot-RandM-Tornado-15000-Puffs-Review-300x300.jpg",300,300,true],"woocommerce_single":["https:\/\/vapestornado.com\/wp-content\/uploads\/2024\/12\/Fumot-RandM-Tornado-15000-Puffs-Review-600x750.jpg",600,750,true],"woocommerce_gallery_thumbnail":["https:\/\/vapestornado.com\/wp-content\/uploads\/2024\/12\/Fumot-RandM-Tornado-15000-Puffs-Review-100x100.jpg",100,100,true]},"uagb_author_info":{"display_name":"ESvicky","author_link":"https:\/\/vapestornado.com\/sl\/author\/"},"uagb_comment_info":0,"uagb_excerpt":"RandM Tornado 15000 Puffs Disposable Vape features 51 flavors, 850mAh rechargeable battery, LED display, dual mesh coil, and 15,000 puffs for extended enjoyment. (our website price not include shipping cost, please contact me to get whole price and your disccount!)","_links":{"self":[{"href":"https:\/\/vapestornado.com\/sl\/wp-json\/wp\/v2\/product\/3421","targetHints":{"allow":["GET"]}}],"collection":[{"href":"https:\/\/vapestornado.com\/sl\/wp-json\/wp\/v2\/product"}],"about":[{"href":"https:\/\/vapestornado.com\/sl\/wp-json\/wp\/v2\/types\/product"}],"replies":[{"embeddable":true,"href":"https:\/\/vapestornado.com\/sl\/wp-json\/wp\/v2\/comments?post=3421"}],"wp:featuredmedia":[{"embeddable":true,"href":"https:\/\/vapestornado.com\/sl\/wp-json\/wp\/v2\/media\/3425"}],"wp:attachment":[{"href":"https:\/\/vapestornado.com\/sl\/wp-json\/wp\/v2\/media?parent=3421"}],"wp:term":[{"taxonomy":"product_brand","embeddable":true,"href":"https:\/\/vapestornado.com\/sl\/wp-json\/wp\/v2\/product_brand?post=3421"},{"taxonomy":"product_cat","embeddable":true,"href":"https:\/\/vapestornado.com\/sl\/wp-json\/wp\/v2\/product_cat?post=3421"},{"taxonomy":"product_tag","embeddable":true,"href":"https:\/\/vapestornado.com\/sl\/wp-json\/wp\/v2\/product_tag?post=3421"}],"curies":[{"name":"wp","href":"https:\/\/api.w.org\/{rel}","templated":true}]}}