{"id":3417,"date":"2024-12-27T07:34:13","date_gmt":"2024-12-27T07:34:13","guid":{"rendered":"https:\/\/vapestornado.com\/?post_type=product&#038;p=3417"},"modified":"2025-12-08T09:27:37","modified_gmt":"2025-12-08T09:27:37","slug":"puff-25k-bang-king-25000-puffs-rechargeable-disposable-vape-wholesale-bulk-buy","status":"publish","type":"product","link":"https:\/\/vapestornado.com\/sl\/product\/puff-25k-bang-king-25000-puffs-rechargeable-disposable-vape-wholesale-bulk-buy\/","title":{"rendered":"Veleprodaja PUFF 25k Bang King 25000 Puffs Rechargeable Disposable Vape"},"content":{"rendered":"<h1 class=\"product-title\">Bang King 25000 Puffs Disposable Vape z dvojnimi podi in mre\u017easto tuljavo po tovarni\u0161ki ceni<\/h1>\n<p data-start=\"109\" data-end=\"599\">The <strong data-start=\"113\" data-end=\"144\">Randm Bang King 25000 Vdihov<\/strong> je narejen za uporabnike vape, ki ne \u017eelijo, da bi se njihova naprava izklopila sredi tedna. Z <strong data-start=\"235\" data-end=\"257\">do 25.000 vdihov<\/strong> napaja <strong data-start=\"265\" data-end=\"295\">dva poda po 23 ml (skupaj 46 ml)<\/strong>je to naprava za enkratno uporabo z veliko kapaciteto, ki ostaja prakti\u010dna: velik rezervoar, mo\u017enost ponovnega polnjenja in mre\u017easta tuljava, ki ohranja okus mo\u010dan in ne zbledi zgodaj. Za veleprodajne kupce je format tudi enostaven za skladi\u0161\u010denje in enostaven za razlago strankam: dolg \u010das delovanja, jasne prednosti, mo\u010dno ponavljajo\u010de se povpra\u0161evanje.<\/p>\n<h3 data-start=\"825\" data-end=\"889\">Zakaj ljudje izberejo Bang King 25000 Vdihov<\/h3>\n<ul data-start=\"891\" data-end=\"1965\">\n<li data-start=\"891\" data-end=\"1126\">\n<p data-start=\"893\" data-end=\"1126\"><strong data-start=\"893\" data-end=\"934\">Prava zmogljivost, ne krhka zvija\u010da.<\/strong> The <strong data-start=\"939\" data-end=\"962\">46 ml skupne e-teko\u010dine<\/strong> v dveh podih je tisto, zaradi \u010desar je ocena 25K verjetna. Ve\u010d teko\u010dine pomeni manj suhih udarcev in manj tistega \u00bbtankega okusa ob koncu rezervoarja\u00ab, ki je pogost pri manj\u0161ih napravah za enkratno uporabo.<\/p>\n<\/li>\n<li data-start=\"1128\" data-end=\"1321\">\n<p data-start=\"1130\" data-end=\"1321\"><strong data-start=\"1130\" data-end=\"1162\">Mre\u017easta tuljava za enakomerno mo\u010d.<\/strong> The <strong data-start=\"1167\" data-end=\"1185\">Mre\u017ena tuljava 1,0 \u03a9<\/strong> se enakomerno segreva in podpira gosto paro z gladkim ob\u010dutkom v grlu. Cilj tukaj je doslednost pri dolgotrajni uporabi, ne vro\u010d, oster udarec.<\/p>\n<\/li>\n<li data-start=\"1323\" data-end=\"1536\">\n<p data-start=\"1325\" data-end=\"1536\"><strong data-start=\"1325\" data-end=\"1365\">Mo\u017enost ponovnega polnjenja, da porabite pode.<\/strong> Naprava za enkratno uporabo z veliko teko\u010dine brez mo\u017enosti ponovnega polnjenja je nesmiselna. The <strong data-start=\"1433\" data-end=\"1477\">650 mAh baterija s hitrim polnjenjem Type-C<\/strong> ohranja napravo uporabno, dokler teko\u010dina dejansko ni porabljena.<\/p>\n<\/li>\n<li data-start=\"1538\" data-end=\"1704\">\n<p data-start=\"1540\" data-end=\"1704\"><strong data-start=\"1540\" data-end=\"1587\">Izbira nikotina, ki ustreza razli\u010dnim navadam.<\/strong> <strong data-start=\"1588\" data-end=\"1606\">0%, 2%, 3%, 5%<\/strong> mo\u017enosti pokrivajo uporabnike brez nikotina, zmerne dnevne uporabnike in te\u017eje uporabnike, ki \u017eelijo trdnej\u0161i udarec.<\/p>\n<\/li>\n<li data-start=\"1706\" data-end=\"1965\">\n<p data-start=\"1708\" data-end=\"1965\"><strong data-start=\"1708\" data-end=\"1772\">Podprto s strani distributerja, osredoto\u010denega na zanesljivost na veleprodajnem trgu v Sloveniji.<\/strong> On <strong data-start=\"1776\" data-end=\"1792\">vapestornado<\/strong>, izdelki so izbrani za <strong data-start=\"1820\" data-end=\"1874\">stabilno povpra\u0161evanje, jasne specifikacije in prodajno uspe\u0161nost<\/strong> v Evropi. To je pomembno, ko kupujete na debelo ali \u017eelite napravo, ki je ne morate nadzorovati.<\/p>\n<\/li>\n<\/ul>\n<p><span style=\"color: #ff0000;\"><strong>Dodajte Amy na Whatsapp in prejmite takoj\u0161en odgovor ter kupon za vape!<\/strong><\/span><\/p>\n<p><img fetchpriority=\"high\" decoding=\"async\" class=\"size-full wp-image-2932\" src=\"https:\/\/vapestornado.com\/wp-content\/uploads\/2024\/12\/Vape-Wholesale.jpg\" alt=\"Vape Veleprodaja\" width=\"229\" height=\"300\" \/><\/p>\n<h3><a href=\"https:\/\/wa.me\/8617776015835\" target=\"_blank\" rel=\"noopener\"><span style=\"color: #ff0000;\"><strong>WhatsApp: +386 17776015835<\/strong><\/span><\/a><\/h3>\n<p>&nbsp;<\/p>\n<h2 class=\"product-title\">PUFF 25k Bang King 25000 Vape za Enkratno Uporabo<strong> Zna\u010dilnosti izdelka<\/strong><\/h2>\n<div role=\"article\" data-tabster=\"{&quot;groupper&quot;:{&quot;tabbability&quot;:2},&quot;focusable&quot;:{}}\" data-content=\"ai-message\" aria-labelledby=\"juhNTJ6o7Gk1cgwZMJgv2-author juhNTJ6o7Gk1cgwZMJgv2-content\">\n<div id=\"juhNTJ6o7Gk1cgwZMJgv2-content\">\n<div role=\"article\" data-tabster=\"{&quot;groupper&quot;:{&quot;tabbability&quot;:2},&quot;focusable&quot;:{}}\" data-content=\"ai-message\" aria-labelledby=\"x4EZuCZWrTbh3weWUt7CU-author x4EZuCZWrTbh3weWUt7CU-content\">\n<div id=\"x4EZuCZWrTbh3weWUt7CU-content\">\n<div class=\"flex max-w-full flex-col flex-grow\">\n<div class=\"min-h-8 text-message flex w-full flex-col items-end gap-2 whitespace-normal break-words text-start [.text-message+&amp;]:mt-5\" dir=\"auto\" data-message-author-role=\"assistant\" data-message-id=\"52c6e00a-252f-4104-805d-2f1a84739c71\" data-message-model-slug=\"gpt-4o\">\n<div class=\"flex w-full flex-col gap-1 empty:hidden first:pt-[3px]\">\n<div class=\"markdown prose w-full break-words dark:prose-invert light\">\n<div class=\"flex max-w-full flex-col flex-grow\">\n<div class=\"min-h-8 text-message flex w-full flex-col items-end gap-2 whitespace-normal break-words text-start [.text-message+&amp;]:mt-5\" dir=\"auto\" data-message-author-role=\"assistant\" data-message-id=\"d3382d71-de90-4719-8ad8-700b383ac952\" data-message-model-slug=\"gpt-4o\">\n<div class=\"flex w-full flex-col gap-1 empty:hidden first:pt-[3px]\">\n<div class=\"markdown prose w-full break-words dark:prose-invert light\">\n<table>\n<thead>\n<tr>\n<th>Zna\u010dilnosti<\/th>\n<th>Spec<\/th>\n<th>Podrobnosti<\/th>\n<\/tr>\n<\/thead>\n<tbody>\n<tr>\n<td>Zmogljivost vdihovanja<\/td>\n<td>Do 25.000 potegov<\/td>\n<td>Visoka \u017eivljenjska doba zasnovana za dolgoro\u010dno vsakodnevno uporabo.<\/td>\n<\/tr>\n<tr>\n<td>Sistem E-Liquida<\/td>\n<td>Dvojni vlo\u017eki, po 23 ml vsak (skupaj 46 ml)<\/td>\n<td>Velika skupna koli\u010dina teko\u010dine podpira 25.000 uradov in zmanj\u0161uje zamenjave.<\/td>\n<\/tr>\n<tr>\n<td>Vrsta Tuljave<\/td>\n<td>Mre\u017easta tuljava 1,0 \u03a9<\/td>\n<td>Enakomerno segrevanje za gladke poteke, mo\u010dan okus in gost dim.<\/td>\n<\/tr>\n<tr>\n<td>Baterija<\/td>\n<td>650 mAh mo\u017enost ponovnega polnjenja<\/td>\n<td>Nudi stabilen izhod; ponovno polnjenje za dokon\u010danje vse teko\u010dine.<\/td>\n<\/tr>\n<tr>\n<td>Vrata za polnjenje<\/td>\n<td>hitro polnjenje Type-C<\/td>\n<td>Hitra dopolnitev z obi\u010dajnimi EU kabli.<\/td>\n<\/tr>\n<tr>\n<td>Nivoji nikotina<\/td>\n<td>0% \/ 2% \/ 3% \/ 5% solni nikotin<\/td>\n<td>Ustreza uporabnikom brez nikotina, zmernim in te\u017ejim uporabnikom.<\/td>\n<\/tr>\n<tr>\n<td>Razpon okusov<\/td>\n<td>12 okusov<\/td>\n<td>Raznolikost za razli\u010dne preference in ponovne prodaje.<\/td>\n<\/tr>\n<tr>\n<td>Oblikovanje<\/td>\n<td>Lahek, prenosljiv<\/td>\n<td>Enostavno za prena\u0161anje kljub veliki kapaciteti.<\/td>\n<\/tr>\n<\/tbody>\n<\/table>\n<\/div>\n<\/div>\n<\/div>\n<\/div>\n<div class=\"mb-2 flex gap-3 empty:hidden -ml-2\">\n<div class=\"items-center justify-start rounded-xl p-1 flex\">\n<figure id=\"attachment_3416\" aria-describedby=\"caption-attachment-3416\" style=\"width: 1000px\" class=\"wp-caption alignnone\"><img decoding=\"async\" class=\"wp-image-3416 size-full\" src=\"https:\/\/vapestornado.com\/wp-content\/uploads\/2024\/12\/Bang-Vape-Wholesale-25000-Puffs.jpg\" alt=\"Bang Vape Veleprodaja 25000 Vlekov\" width=\"1000\" height=\"680\" srcset=\"https:\/\/vapestornado.com\/wp-content\/uploads\/2024\/12\/Bang-Vape-Wholesale-25000-Puffs.jpg 1000w, https:\/\/vapestornado.com\/wp-content\/uploads\/2024\/12\/Bang-Vape-Wholesale-25000-Puffs-300x204.jpg 300w, https:\/\/vapestornado.com\/wp-content\/uploads\/2024\/12\/Bang-Vape-Wholesale-25000-Puffs-768x522.jpg 768w, https:\/\/vapestornado.com\/wp-content\/uploads\/2024\/12\/Bang-Vape-Wholesale-25000-Puffs-600x408.jpg 600w\" sizes=\"(max-width: 1000px) 100vw, 1000px\" \/><figcaption id=\"caption-attachment-3416\" class=\"wp-caption-text\">Bang Vape Veleprodaja 25000 Vlekov<\/figcaption><\/figure>\n<\/div>\n<\/div>\n<\/div>\n<\/div>\n<\/div>\n<\/div>\n<\/div>\n<\/div>\n<\/div>\n<\/div>\n<h2 class=\"product-title\"><strong>Priljubljeni okusi za Bang King 25000 Vapes za enkratno uporabo<\/strong><\/h2>\n<p>U\u017eivajte v raznoliki izbiri <strong>12 slastnih okusov<\/strong>, od sadnih do ledenih me\u0161anic, ki zagotavljajo, da vsak vaper najde svojo popolno kombinacijo. Prosimo, preverite priljubljene okuse za Bang King 25000 Puffs Rechargeable Disposable Vape glede na na\u0161e prodajne podatke in povratne informacije strank.<\/p>\n<p>1. Modra Razz Ice <span style=\"color: #ff0000;\"><strong>&gt;&gt;&gt;&gt; Vro\u010de!<\/strong><\/span><br \/>\n2.Soj\u010dni breskov led<br \/>\n3. Jagodna lubenica<br \/>\n4.Lubenica Led<br \/>\n5.Jagoda Banana<br \/>\n6.Kisli led<br \/>\n7.Trojno jagodi\u010devje z ledom<br \/>\n8.TROPSKO SADJE <span style=\"color: #ff0000;\"><strong>&gt;&gt;&gt;&gt; Vro\u010de!<\/strong><\/span><br \/>\n9.\u010ce\u0161njeva bomba <span style=\"color: #ff0000;\"><strong>&gt;&gt;&gt;&gt; Najbolj\u0161e !<\/strong><\/span><br \/>\n10.Grozdni led<br \/>\n11.Breskev Mango<br \/>\n12.Jagoda Mango<\/p>\n<div class=\"flex-shrink-0 flex flex-col relative items-end\">\n<div class=\"pt-0\">\n<div class=\"gizmo-bot-avatar flex h-8 w-8 items-center justify-center overflow-hidden rounded-full\">\n<div class=\"relative p-1 rounded-sm flex items-center justify-center bg-token-main-surface-primary text-token-text-primary h-8 w-8\">\n<h3>Pogosta vpra\u0161anja za Bang King PUFF 25k Vape za enkratno uporabo<\/h3>\n<div class=\"flex max-w-full flex-col flex-grow\">\n<div class=\"min-h-8 text-message flex w-full flex-col items-end gap-2 whitespace-normal break-words text-start [.text-message+&amp;]:mt-5\" dir=\"auto\" data-message-author-role=\"assistant\" data-message-id=\"4dc48248-df95-45bd-b800-6dedb43cf7f1\" data-message-model-slug=\"gpt-4o\">\n<div class=\"flex w-full flex-col gap-1 empty:hidden first:pt-[3px]\">\n<div class=\"markdown prose w-full break-words dark:prose-invert light\">\n<ol data-start=\"3743\" data-end=\"4983\">\n<li data-start=\"3743\" data-end=\"4017\">\n<p data-start=\"3746\" data-end=\"4017\"><strong data-start=\"3746\" data-end=\"3835\">Kako sistem dvojnih vlo\u017ekov Randm Bang King 25000 potegov izbolj\u0161a resni\u010dno \u017eivljenjsko dobo?<\/strong><br data-start=\"3835\" data-end=\"3838\" \/>Dva <strong data-start=\"3842\" data-end=\"3855\">23 ml vlo\u017eki<\/strong> dajte a <strong data-start=\"3863\" data-end=\"3884\">46 ml skupne zaloge<\/strong>, tako da naprava ne temelji na enem majhnem rezervoarju. To ohranja stabilno zmogljivost in podpira dolgo uporabo brez stalnih zamenjav.<\/p>\n<\/li>\n<li data-start=\"4019\" data-end=\"4249\">\n<p data-start=\"4022\" data-end=\"4249\"><strong data-start=\"4022\" data-end=\"4110\">Ali disposable Randm Bang King 25K mre\u017ena tuljava ohranja gostoto pare skozi \u010das?<\/strong><br data-start=\"4110\" data-end=\"4113\" \/>Da. <strong data-start=\"4122\" data-end=\"4140\">Mre\u017ena tuljava 1,0 \u03a9<\/strong> enakomerno razporeja toploto po vati, kar pomaga, da para ostane gosta in okus ostane mo\u010dan globlje v kapsulah.<\/p>\n<\/li>\n<li data-start=\"4251\" data-end=\"4494\">\n<p data-start=\"4254\" data-end=\"4494\"><strong data-start=\"4254\" data-end=\"4346\">Kak\u0161no vlogo ima polnjenje Type-C pri Bang King 25000 ponovno napolnljivem disposable vape-u?<\/strong><br data-start=\"4346\" data-end=\"4349\" \/>Hitro polnjenje Type-C zmanj\u0161uje \u010das izpada in prepre\u010duje zgodnjo zavr\u017eenje zaradi nizke baterije. Polnite ga in ga uporabljajte, dokler kapsule niso kon\u010dane.<\/p>\n<\/li>\n<li data-start=\"4496\" data-end=\"4732\">\n<p data-start=\"4499\" data-end=\"4732\"><strong data-start=\"4499\" data-end=\"4589\">Katera raven nikotina najbolje deluje na Randm Bang King 25000 Puffs za dnevne uporabnike v Sloveniji?<\/strong><br data-start=\"4589\" data-end=\"4592\" \/><strong data-start=\"4592\" data-end=\"4604\">2% ali 3%<\/strong> prilega se ve\u010dini vsakodnevnih rutin, <strong data-start=\"4637\" data-end=\"4643\">5%<\/strong> je za te\u017eje uporabnike, ki \u017eelijo mo\u010dnej\u0161i udarec, in <strong data-start=\"4693\" data-end=\"4699\">0%<\/strong> je za okus brez nikotina.<\/p>\n<\/li>\n<li data-start=\"4734\" data-end=\"4983\">\n<p data-start=\"4737\" data-end=\"4983\"><strong data-start=\"4737\" data-end=\"4840\">Je disposable z visoko kapaciteto Randm Bang King 25000 dober izbor za potovanja ali dolge delovne izmene?<\/strong><br data-start=\"4840\" data-end=\"4843\" \/>Narejen je za ta primer uporabe: <strong data-start=\"4873\" data-end=\"4919\">25K vdihov, 46 ml teko\u010dine, ponovno napolnljiva mo\u010d<\/strong>, in brez nastavitev. Manj opreme v \u017eepu, manj postankov za ponovno nakup<\/p>\n<\/li>\n<\/ol>\n<\/div>\n<\/div>\n<\/div>\n<\/div>\n<\/div>\n<\/div>\n<\/div>\n<\/div>\n<div class=\"flex-shrink-0 flex flex-col relative items-end\">\n<div class=\"pt-0\">\n<div class=\"gizmo-bot-avatar flex h-8 w-8 items-center justify-center overflow-hidden rounded-full\">\n<div class=\"relative p-1 rounded-sm flex items-center justify-center bg-token-main-surface-primary text-token-text-primary h-8 w-8\">\n<div class=\"mb-2 flex gap-3 empty:hidden -ml-2\">\n<div role=\"article\" data-tabster=\"{&quot;groupper&quot;:{&quot;tabbability&quot;:2},&quot;focusable&quot;:{}}\" data-content=\"ai-message\" aria-labelledby=\"Vdt5ez4X7Tg813x6rFVha-author Vdt5ez4X7Tg813x6rFVha-content\">\n<div id=\"Vdt5ez4X7Tg813x6rFVha-content\">\n<div role=\"article\" data-tabster=\"{&quot;groupper&quot;:{&quot;tabbability&quot;:2},&quot;focusable&quot;:{}}\" data-content=\"ai-message\" aria-labelledby=\"o968oC7CEo2fGHsGdsRYC-author o968oC7CEo2fGHsGdsRYC-content\">\n<div id=\"o968oC7CEo2fGHsGdsRYC-content\">\n<h3>Zakaj izbrati vapestornado za veleprodajo Bang King PUFF 25k za enkratno uporabo?<\/h3>\n<div class=\"flex-shrink-0 flex flex-col relative items-end\">\n<div class=\"pt-0\">\n<div class=\"gizmo-bot-avatar flex h-8 w-8 items-center justify-center overflow-hidden rounded-full\">\n<div class=\"relative p-1 rounded-sm flex items-center justify-center bg-token-main-surface-primary text-token-text-primary h-8 w-8\">\n<p>Dobrodo\u0161li v vapestornado, va\u0161i zaupanja vredni spletni trgovini z vrhunskimi vape napravami za enkratno uporabo. Z ve\u010d kot 5 leti strokovnega znanja vam ponujamo priljubljene blagovne znamke vape naprav za enkratno uporabo, kot so Fumot RandM Vape, Vapme, Bang Vape, Waspe Vape in WGA Vape, itd.<\/p>\n<p>Na\u0161a ponudba vklju\u010duje vro\u010de prodajane veipe, kot je <a href=\"https:\/\/vapestornado.com\/sl\/product\/randm-12000-puffs-fumot-digital-disposable-vape-wholesale-price\/\">RandM Tornado 12000<\/a>, in izbire, bogate z okusi, kot je <a href=\"https:\/\/vapestornado.com\/sl\/product\/wga-crystal-pro-max-extra-15000-puffs-rechargeable-disposable-vape-wholesale-bulk-buy\/\">\u00a0WGA Kristal 15k Vdihov<\/a> Vsak izdelek je izbran s poudarkom na kakovosti, vrednosti in raznolikosti, kar zagotavlja, da boste na\u0161li popolno ujemanje za svoje potrebe. Odkrijte izjemno storitev in \u0161iroko paleto vrhunskih izdelkov po veleprodajni ceni pri vapestornado.<\/p>\n<\/div>\n<p>&nbsp;<\/p>\n<p><strong>Druge vro\u010de prodajane e-cigarete za enkratno uporabo<\/strong><\/p>\n<p><a href=\"https:\/\/vapestornado.com\/sl\/product\/wga-crystal-plus-20000-puff-vape-2-in-1-rechargeable-disposable-vape-wholesale-bulk-buy\/\">WGA Kristal 15k Vdihov <span style=\"color: #ff0000;\"><strong>&gt;&gt;&gt;&gt; Pojdi !<\/strong><\/span><\/a><\/p>\n<p><a href=\"https:\/\/vapestornado.com\/sl\/product\/vopk-ultra-40000-puffs-2-in-1-digital-screen-rechargeable-disposable-vape\/\">VOPK 40000 Dvojni Okus<span style=\"color: #ff0000;\"><strong>&gt;&gt;&gt;&gt; Pojdi !<\/strong><\/span><\/a><\/p>\n<p><a href=\"https:\/\/vapestornado.com\/sl\/product\/vookbar-cyber-pro-30000-puffs-touch-screen-2-low-nicotine-rechargeable-disposable-vapes-pen-bulk-buy-wholesale\/\">Vookbar Cyber 30000<span style=\"color: #ff0000;\"><strong>&gt;&gt;&gt;&gt; Pojdi !<\/strong><\/span><\/a><\/p>\n<\/div>\n<\/div>\n<\/div>\n<p>&nbsp;<\/p>\n<\/div>\n<\/div>\n<\/div>\n<\/div>\n<\/div>\n<\/div>\n<\/div>\n<\/div>\n<\/div>","protected":false},"excerpt":{"rendered":"<p>The <strong data-start=\"1265\" data-end=\"1287\">Bang King 25K Vape<\/strong> na voljo z dvojnim podom s 46 ml teko\u010dine za enkratno uporabo, ki zagotavlja do 25.000 vdihov z mo\u010dnim okusom mre\u017easte tuljave in mo\u017enostjo polnjenja prek Type-C, zasnovan za dalj\u0161o \u017eivljenjsko dobo \u2013 idealen za uporabnike vape, ki i\u0161\u010dejo napravo s podom, ki ima <strong data-start=\"1354\" data-end=\"1379\">veleprodajna cena, vendar po razumni ceni <\/strong>v Evropi.<\/p>\n<p><strong>Dodajte Amy na WhatsApp in prejmite takoj\u0161en odgovor ter kupon za vape!<\/strong><\/p>\n<p><img fetchpriority=\"high\" decoding=\"async\" class=\"size-full wp-image-2932\" src=\"https:\/\/vapestornado.com\/wp-content\/uploads\/2024\/12\/Vape-Wholesale.jpg\" alt=\"Vape Veleprodaja\" width=\"229\" height=\"300\" \/><\/p>\n<h3><a href=\"https:\/\/wa.me\/8617776015835\"><span style=\"color: #ff0000;\"><strong>WhatsApp: +386 17776015835<\/strong><\/span><\/a><\/h3>\n<p>&nbsp;<\/p>","protected":false},"featured_media":3400,"comment_status":"open","ping_status":"closed","template":"","meta":{"_acf_changed":false,"_uag_custom_page_level_css":"","_lmt_disableupdate":"no","_lmt_disable":"","_monsterinsights_skip_tracking":false,"_monsterinsights_sitenote_active":false,"_monsterinsights_sitenote_note":"","_monsterinsights_sitenote_category":0,"site-sidebar-layout":"default","site-content-layout":"","ast-site-content-layout":"default","site-content-style":"default","site-sidebar-style":"default","ast-global-header-display":"","ast-banner-title-visibility":"","ast-main-header-display":"","ast-hfb-above-header-display":"","ast-hfb-below-header-display":"","ast-hfb-mobile-header-display":"","site-post-title":"","ast-breadcrumbs-content":"","ast-featured-img":"","footer-sml-layout":"","ast-disable-related-posts":"","theme-transparent-header-meta":"default","adv-header-id-meta":"","stick-header-meta":"","header-above-stick-meta":"","header-main-stick-meta":"","header-below-stick-meta":"","astra-migrate-meta-layouts":"set","ast-page-background-enabled":"default","ast-page-background-meta":{"desktop":{"background-color":"","background-image":"","background-repeat":"repeat","background-position":"center center","background-size":"auto","background-attachment":"scroll","background-type":"","background-media":"","overlay-type":"","overlay-color":"","overlay-opacity":"","overlay-gradient":""},"tablet":{"background-color":"","background-image":"","background-repeat":"repeat","background-position":"center center","background-size":"auto","background-attachment":"scroll","background-type":"","background-media":"","overlay-type":"","overlay-color":"","overlay-opacity":"","overlay-gradient":""},"mobile":{"background-color":"","background-image":"","background-repeat":"repeat","background-position":"center center","background-size":"auto","background-attachment":"scroll","background-type":"","background-media":"","overlay-type":"","overlay-color":"","overlay-opacity":"","overlay-gradient":""}},"ast-content-background-meta":{"desktop":{"background-color":"var(--ast-global-color-5)","background-image":"","background-repeat":"repeat","background-position":"center center","background-size":"auto","background-attachment":"scroll","background-type":"","background-media":"","overlay-type":"","overlay-color":"","overlay-opacity":"","overlay-gradient":""},"tablet":{"background-color":"var(--ast-global-color-5)","background-image":"","background-repeat":"repeat","background-position":"center center","background-size":"auto","background-attachment":"scroll","background-type":"","background-media":"","overlay-type":"","overlay-color":"","overlay-opacity":"","overlay-gradient":""},"mobile":{"background-color":"var(--ast-global-color-5)","background-image":"","background-repeat":"repeat","background-position":"center center","background-size":"auto","background-attachment":"scroll","background-type":"","background-media":"","overlay-type":"","overlay-color":"","overlay-opacity":"","overlay-gradient":""}},"_joinchat":{"telephone":"+8617776015835"}},"product_brand":[],"product_cat":[68,63,151,153,155,143,146],"product_tag":[210,314,196,165,97,166,211,94],"class_list":{"0":"post-3417","1":"product","2":"type-product","3":"status-publish","4":"has-post-thumbnail","6":"product_cat-25000-puff","7":"product_cat-bangking","8":"product_cat-buy-disposable-vapes-in-france","9":"product_cat-buy-disposable-vapes-in-italy","10":"product_cat-buy-disposable-vapes-in-norway","11":"product_cat-dual-mesh-disposable-vapes","12":"product_cat-rechargeable-disposable-vapes","13":"product_tag-bang-king-25000","14":"product_tag-bang-king-vape","15":"product_tag-bang-vape","16":"product_tag-cheap-vapes","17":"product_tag-hot-sale-disposable-vape","18":"product_tag-low-nicotine-vape","19":"product_tag-puff-25k","20":"product_tag-rechargeable-disposable-vape","21":"desktop-align-left","22":"tablet-align-left","23":"mobile-align-left","25":"first","26":"instock","27":"sale","28":"shipping-taxable","29":"purchasable","30":"product-type-simple"},"acf":[],"uagb_featured_image_src":{"full":["https:\/\/vapestornado.com\/wp-content\/uploads\/2024\/12\/Bang-King-25k-Puff-Disposable-Vape-Bulk-Buy.jpg",1000,1000,false],"thumbnail":["https:\/\/vapestornado.com\/wp-content\/uploads\/2024\/12\/Bang-King-25k-Puff-Disposable-Vape-Bulk-Buy-150x150.jpg",150,150,true],"medium":["https:\/\/vapestornado.com\/wp-content\/uploads\/2024\/12\/Bang-King-25k-Puff-Disposable-Vape-Bulk-Buy-300x300.jpg",300,300,true],"medium_large":["https:\/\/vapestornado.com\/wp-content\/uploads\/2024\/12\/Bang-King-25k-Puff-Disposable-Vape-Bulk-Buy-768x768.jpg",768,768,true],"large":["https:\/\/vapestornado.com\/wp-content\/uploads\/2024\/12\/Bang-King-25k-Puff-Disposable-Vape-Bulk-Buy.jpg",1000,1000,false],"1536x1536":["https:\/\/vapestornado.com\/wp-content\/uploads\/2024\/12\/Bang-King-25k-Puff-Disposable-Vape-Bulk-Buy.jpg",1000,1000,false],"2048x2048":["https:\/\/vapestornado.com\/wp-content\/uploads\/2024\/12\/Bang-King-25k-Puff-Disposable-Vape-Bulk-Buy.jpg",1000,1000,false],"trp-custom-language-flag":["https:\/\/vapestornado.com\/wp-content\/uploads\/2024\/12\/Bang-King-25k-Puff-Disposable-Vape-Bulk-Buy.jpg",12,12,false],"woocommerce_thumbnail":["https:\/\/vapestornado.com\/wp-content\/uploads\/2024\/12\/Bang-King-25k-Puff-Disposable-Vape-Bulk-Buy-300x300.jpg",300,300,true],"woocommerce_single":["https:\/\/vapestornado.com\/wp-content\/uploads\/2024\/12\/Bang-King-25k-Puff-Disposable-Vape-Bulk-Buy-600x600.jpg",600,600,true],"woocommerce_gallery_thumbnail":["https:\/\/vapestornado.com\/wp-content\/uploads\/2024\/12\/Bang-King-25k-Puff-Disposable-Vape-Bulk-Buy-100x100.jpg",100,100,true]},"uagb_author_info":{"display_name":"ESAMY","author_link":"https:\/\/vapestornado.com\/sl\/author\/"},"uagb_comment_info":0,"uagb_excerpt":"The Bang King 25K Vape come with dual-pod 46ml disposable delivering up to 25,000 puffs with mesh-coil flavour strength and Type-C rechargeable, built to last longer.\u2014perfect for vape seeking for pod device that with wholesale price yet with reasonable price in Europe. Add Amy's whatsapp get right reply and vape coupon! WhatsApp: +86 17776015835 &nbsp;","_links":{"self":[{"href":"https:\/\/vapestornado.com\/sl\/wp-json\/wp\/v2\/product\/3417","targetHints":{"allow":["GET"]}}],"collection":[{"href":"https:\/\/vapestornado.com\/sl\/wp-json\/wp\/v2\/product"}],"about":[{"href":"https:\/\/vapestornado.com\/sl\/wp-json\/wp\/v2\/types\/product"}],"replies":[{"embeddable":true,"href":"https:\/\/vapestornado.com\/sl\/wp-json\/wp\/v2\/comments?post=3417"}],"wp:featuredmedia":[{"embeddable":true,"href":"https:\/\/vapestornado.com\/sl\/wp-json\/wp\/v2\/media\/3400"}],"wp:attachment":[{"href":"https:\/\/vapestornado.com\/sl\/wp-json\/wp\/v2\/media?parent=3417"}],"wp:term":[{"taxonomy":"product_brand","embeddable":true,"href":"https:\/\/vapestornado.com\/sl\/wp-json\/wp\/v2\/product_brand?post=3417"},{"taxonomy":"product_cat","embeddable":true,"href":"https:\/\/vapestornado.com\/sl\/wp-json\/wp\/v2\/product_cat?post=3417"},{"taxonomy":"product_tag","embeddable":true,"href":"https:\/\/vapestornado.com\/sl\/wp-json\/wp\/v2\/product_tag?post=3417"}],"curies":[{"name":"wp","href":"https:\/\/api.w.org\/{rel}","templated":true}]}}