{"id":3394,"date":"2024-12-26T07:40:36","date_gmt":"2024-12-26T07:40:36","guid":{"rendered":"https:\/\/vapestornado.com\/?post_type=product&#038;p=3394"},"modified":"2025-08-23T12:25:34","modified_gmt":"2025-08-23T12:25:34","slug":"vookbar-cyber-pro-30000-puffs-touch-screen-2-low-nicotine-rechargeable-disposable-vapes-pen-bulk-buy-wholesale","status":"publish","type":"product","link":"https:\/\/vapestornado.com\/sl\/product\/vookbar-cyber-pro-30000-puffs-touch-screen-2-low-nicotine-rechargeable-disposable-vapes-pen-bulk-buy-wholesale\/","title":{"rendered":"Vookbar Cyber Pro 30000 Puffs Touch Screen 2% Low Nicotine Polnilna Disposable Vapes Pen Nakup na veliko Veleprodaja"},"content":{"rendered":"<h1 class=\"product-title\">Vookbar Cyber Pro 30000 Puffs Touch Screen 2% Low Nicotine Polnilna Disposable Vapes Pen Nakup na veliko Veleprodaja<\/h1>\n<p>The <strong>Vookbar Cyber Pro 30000 Vpihov<\/strong> je tukaj, da na novo definira vaping za enkratno uporabo. S svojim elegantnim dizajnom, napredno tehnologijo in uporabniku prijaznimi funkcijami, je ta vape pisalo popolno tako za ob\u010dasne uporabnike kot za izku\u0161ene vaperje, ki i\u0161\u010dejo vrhunsko izku\u0161njo.<\/p>\n<h4><strong>Neprekosljiva vzdr\u017eljivost<\/strong><\/h4>\n<p>Opremljen z neverjetno <strong>30.000 vpihov<\/strong> zmogljivostjo, Vookbar Cyber Pro odpravlja potrebo po pogostih menjavah, kar zagotavlja dolgotrajno zadovoljstvo. <strong>22 ml rezervoar za e-teko\u010dino<\/strong> vam omogo\u010da nemoteno vaping u\u017eivanje z va\u0161imi najljub\u0161imi okusi.<\/p>\n<h4><strong>Zmogljiv in Polniln<\/strong><\/h4>\n<p>Napaja ga <strong>650mAh polnilno baterijo<\/strong>Vookbar Cyber Pro vas bo spremljal skozi ves dan. <strong>Vrata za hitro polnjenje Type-C<\/strong> zagotavljajo, da se lahko hitro napolnite in se brez odla\u0161anja vrnete k vapingu.<\/p>\n<h4><strong>Izbolj\u0161an Okus in Para<\/strong><\/h4>\n<p>Ima <strong>sistem z dvojno mre\u017easto tuljavo<\/strong>ta naprava zagotavlja bogate, dosledne okuse in impresivno proizvodnjo pare. Nastavljiv pretok zraka vam daje nadzor nad intenzivnostjo, kar ustreza tako ne\u017enim kot drznim preferencam vapinga.<\/p>\n<h4><strong>Tehnologija Pametnega Zaslona na Dotik<\/strong><\/h4>\n<p>Vookbar Cyber Pro izstopa s svojim <strong>2,1-pal\u010dnim zaslonom na dotik<\/strong>, ki ponuja enostavno navigacijo po svojih funkcijah. Z Bluetooth povezljivostjo ga lahko seznanite z aplikacijo Wearinos, da prilagodite svojo izku\u0161njo \u2013 prilagodite nastavitve, nastavite ozadja po meri in celo dostopate do edinstvenih mo\u017enosti, kot so oddaljeni selfiji in obvestila.<\/p>\n<h4><strong>Varnost in priro\u010dnost<\/strong><\/h4>\n<p>Vookbar Cyber Pro vklju\u010duje <strong>funkcijo otro\u0161ke klju\u010davnice<\/strong>, zaradi \u010desar je varnej\u0161a mo\u017enost za gospodinjstva. Zasnovan je za uporabnike z nizko vsebnostjo nikotina, z mo\u010dmi <strong>0%, 2%, 3% in 5%<\/strong>, ki ustreza razli\u010dnim preferencam.<\/p>\n<h4><strong>Onkraj vapinga<\/strong><\/h4>\n<p>Dvignite svojo izku\u0161njo na vi\u0161jo raven z dodatnimi funkcijami, kot so mini-igre in obvestila o dru\u017eabnih medijih, ki vaping neopazno vklju\u010dujejo v va\u0161 \u017eivljenjski slog. To je ve\u010d kot le vape \u2013 je pametna naprava za sodobnega uporabnika.<\/p>\n<h3><strong>Izbolj\u0161ajte svojo izku\u0161njo vapinga<\/strong><\/h3>\n<p>Ne glede na to, ali kupujete na debelo ali i\u0161\u010dete izjemno e-cigareto za enkratno uporabo, <strong>Vookbar Cyber Pro 30000 Vpihov<\/strong> ponuja popolno kombinacijo inovativnosti, zmogljivosti in sloga. Do\u017eivite prihodnost vapinga danes!<\/p>\n<p><span style=\"color: #ff0000;\"><strong>Dodajte Amy na Whatsapp in prejmite takoj\u0161en odgovor ter kupon za vape!<\/strong><\/span><\/p>\n<p><img fetchpriority=\"high\" decoding=\"async\" class=\"size-full wp-image-2932\" src=\"https:\/\/vapestornado.com\/wp-content\/uploads\/2024\/12\/Vape-Wholesale.jpg\" alt=\"Vape Veleprodaja\" width=\"229\" height=\"300\" \/><\/p>\n<h3><a href=\"https:\/\/wa.me\/8617776015835\" target=\"_blank\" rel=\"noopener\"><span style=\"color: #ff0000;\"><strong>WhatsApp: +386 17776015835<\/strong><\/span><\/a><\/h3>\n<p>&nbsp;<\/p>\n<h2 class=\"product-title\">Vookbar Cyber Pro 30000 e-cigareta za enkratno uporabo<strong> Zna\u010dilnosti izdelka<\/strong><\/h2>\n<div role=\"article\" data-tabster=\"{&quot;groupper&quot;:{&quot;tabbability&quot;:2},&quot;focusable&quot;:{}}\" data-content=\"ai-message\" aria-labelledby=\"juhNTJ6o7Gk1cgwZMJgv2-author juhNTJ6o7Gk1cgwZMJgv2-content\">\n<div id=\"juhNTJ6o7Gk1cgwZMJgv2-content\">\n<div role=\"article\" data-tabster=\"{&quot;groupper&quot;:{&quot;tabbability&quot;:2},&quot;focusable&quot;:{}}\" data-content=\"ai-message\" aria-labelledby=\"x4EZuCZWrTbh3weWUt7CU-author x4EZuCZWrTbh3weWUt7CU-content\">\n<div id=\"x4EZuCZWrTbh3weWUt7CU-content\">\n<div class=\"flex max-w-full flex-col flex-grow\">\n<div class=\"min-h-8 text-message flex w-full flex-col items-end gap-2 whitespace-normal break-words text-start [.text-message+&amp;]:mt-5\" dir=\"auto\" data-message-author-role=\"assistant\" data-message-id=\"52c6e00a-252f-4104-805d-2f1a84739c71\" data-message-model-slug=\"gpt-4o\">\n<div class=\"flex w-full flex-col gap-1 empty:hidden first:pt-[3px]\">\n<div class=\"markdown prose w-full break-words dark:prose-invert light\">\n<div class=\"flex max-w-full flex-col flex-grow\">\n<div class=\"min-h-8 text-message flex w-full flex-col items-end gap-2 whitespace-normal break-words text-start [.text-message+&amp;]:mt-5\" dir=\"auto\" data-message-author-role=\"assistant\" data-message-id=\"d3382d71-de90-4719-8ad8-700b383ac952\" data-message-model-slug=\"gpt-4o\">\n<div class=\"flex w-full flex-col gap-1 empty:hidden first:pt-[3px]\">\n<div class=\"markdown prose w-full break-words dark:prose-invert light\">\n<h3><\/h3>\n<ol>\n<li><strong>Visoka zmogljivost vdihov<\/strong>: 30.000 vdihov za podalj\u0161ano uporabo brez menjav.<\/li>\n<li><strong>Velika prostornina e-teko\u010dine<\/strong>: prostornina 22 ml za dolgotrajno u\u017eivanje v okusu.<\/li>\n<li><strong>Zmogljiva baterija<\/strong>: 650mAh polnilna baterija s hitrim polnjenjem Type-C.<\/li>\n<li><strong>Dvojna Mre\u017easta Tuljava<\/strong>: Zagotavlja gosto paro in gladke, aromati\u010dne vdihe.<\/li>\n<li><strong>Pametni nadzor na zaslonu na dotik<\/strong>: 2,1-pal\u010dni zaslon na dotik s povezavo Bluetooth in nastavitvami po meri.<\/li>\n<li><strong>Ve\u010dnamenska naprava<\/strong>: Podpira mini-igre, obvestila dru\u017eabnih omre\u017eij in ve\u010d.<\/li>\n<li><strong>Raznolikost nikotina<\/strong>: Na voljo v 0%, 2%, 3% in 5% jakostih nikotina.<\/li>\n<li><strong>Varnostne funkcije<\/strong>: Vgrajena otro\u0161ka klju\u010davnica za zanesljivo za\u0161\u010dito.<\/li>\n<\/ol>\n<\/div>\n<\/div>\n<\/div>\n<\/div>\n<div class=\"mb-2 flex gap-3 empty:hidden -ml-2\">\n<div class=\"items-center justify-start rounded-xl p-1 flex\"><\/div>\n<\/div>\n<\/div>\n<\/div>\n<\/div>\n<\/div>\n<\/div>\n<\/div>\n<\/div>\n<\/div>\n<h2 class=\"product-title\"><strong>Priljubljeni okusi za Vookbar Cyber Pro 30000 e-cigarete za enkratno uporabo<\/strong><\/h2>\n<p>Kolekcija ponuja raznoliko paleto okusov, ki zdru\u017eujejo klasi\u010dno sadje, tropske u\u017eitke in ledene zaklju\u010dke. Od sladkih in pikantnih kombinacij, kot je <strong>Breskev mango<\/strong> in <strong>Jagoda kivi<\/strong> do osve\u017eujo\u010dih mentolovih zasukov, kot je <strong>Lubenica Led<\/strong> in <strong>Modra Razz Ice<\/strong>, se najde nekaj za vsakega posameznika.<\/p>\n<p>1.Ledena modra malina <span style=\"color: #ff0000;\"><strong>&gt;&gt;&gt;&gt; Vro\u010de!<\/strong><\/span><br \/>\n2.Ledena breskev<br \/>\n3.Ledeno grozdje<br \/>\n4.Jagoda in lubenica <span style=\"color: #ff0000;\"><strong>&gt;&gt;&gt;&gt; Vro\u010de!<\/strong><\/span><br \/>\n5. Jagoda banana<br \/>\n6.\u010ce\u0161nja in lubenica<br \/>\n7.Ledena lubenica<br \/>\n8.Breskev in mango<br \/>\n9.Jagoda in kivi<br \/>\n10.Bela jagoda z ledom<br \/>\n11.Ledeni beli gumijasti bonbon<br \/>\n12.Zamrznjena pina colada<br \/>\n13.Presneto dobro<br \/>\n14.Mojito me\u0161ano jagodi\u010devje <span style=\"color: #ff0000;\"><strong>&gt;&gt;&gt;&gt; Najbolj\u0161e !<\/strong><\/span><\/p>\n<figure id=\"attachment_3554\" aria-describedby=\"caption-attachment-3554\" style=\"width: 1000px\" class=\"wp-caption alignnone\"><img decoding=\"async\" class=\"wp-image-3554 size-full\" src=\"https:\/\/vapestornado.com\/wp-content\/uploads\/2024\/12\/Bluetooth-Vape-Vookbar-Cyber-\u200b\u200bPro-30000-Puffs-Disposable-Vape-Wholesale.webp\" alt=\"Bluetooth Vape Vookbar Cyber Pro 30000 Puffs Vape za enkratno uporabo Veleprodaja\" width=\"1000\" height=\"1000\" srcset=\"https:\/\/vapestornado.com\/wp-content\/uploads\/2024\/12\/Bluetooth-Vape-Vookbar-Cyber-\u200b\u200bPro-30000-Puffs-Disposable-Vape-Wholesale.webp 1000w, https:\/\/vapestornado.com\/wp-content\/uploads\/2024\/12\/Bluetooth-Vape-Vookbar-Cyber-\u200b\u200bPro-30000-Puffs-Disposable-Vape-Wholesale-300x300.webp 300w, https:\/\/vapestornado.com\/wp-content\/uploads\/2024\/12\/Bluetooth-Vape-Vookbar-Cyber-\u200b\u200bPro-30000-Puffs-Disposable-Vape-Wholesale-150x150.webp 150w, https:\/\/vapestornado.com\/wp-content\/uploads\/2024\/12\/Bluetooth-Vape-Vookbar-Cyber-\u200b\u200bPro-30000-Puffs-Disposable-Vape-Wholesale-768x768.webp 768w, https:\/\/vapestornado.com\/wp-content\/uploads\/2024\/12\/Bluetooth-Vape-Vookbar-Cyber-\u200b\u200bPro-30000-Puffs-Disposable-Vape-Wholesale-600x600.webp 600w, https:\/\/vapestornado.com\/wp-content\/uploads\/2024\/12\/Bluetooth-Vape-Vookbar-Cyber-\u200b\u200bPro-30000-Puffs-Disposable-Vape-Wholesale-100x100.webp 100w\" sizes=\"(max-width: 1000px) 100vw, 1000px\" \/><figcaption id=\"caption-attachment-3554\" class=\"wp-caption-text\">Bluetooth Vape Vookbar Cyber Pro 30000 Puffs Vape za enkratno uporabo Veleprodaja<\/figcaption><\/figure>\n<div class=\"flex-shrink-0 flex flex-col relative items-end\">\n<div class=\"pt-0\">\n<div class=\"gizmo-bot-avatar flex h-8 w-8 items-center justify-center overflow-hidden rounded-full\">\n<div class=\"relative p-1 rounded-sm flex items-center justify-center bg-token-main-surface-primary text-token-text-primary h-8 w-8\">\n<h3>Pogosta vpra\u0161anja za Vookbar Cyber Pro 30000 Vape za enkratno uporabo<\/h3>\n<div class=\"flex max-w-full flex-col flex-grow\">\n<div class=\"min-h-8 text-message flex w-full flex-col items-end gap-2 whitespace-normal break-words text-start [.text-message+&amp;]:mt-5\" dir=\"auto\" data-message-author-role=\"assistant\" data-message-id=\"4dc48248-df95-45bd-b800-6dedb43cf7f1\" data-message-model-slug=\"gpt-4o\">\n<div class=\"flex w-full flex-col gap-1 empty:hidden first:pt-[3px]\">\n<div class=\"markdown prose w-full break-words dark:prose-invert light\">\n<ol>\n<li><strong>Kako dolgo zdr\u017ei Vookbar Cyber Pro 30000 Puffs?<\/strong><br \/>\nNaprava ponuja do 30.000 vdihov, kar zagotavlja dolgotrajno uporabo brez pogostih menjav.<\/li>\n<li><strong>Ali lahko prilagodim pretok zraka na Vookbar 30000 Vape za enkratno uporabo?<\/strong><br \/>\nDa, funkcija nastavljivega pretoka zraka vam omogo\u010da, da prilagodite svoj vdih za osebno izku\u0161njo vapinga.<\/li>\n<li><strong>Ali Vookbar Cyber Pro 30k Touch Vape za enkratno uporabo podpira hitro polnjenje?<\/strong><br \/>\nSeveda! Vsebuje polnilna vrata tipa C za hitro in u\u010dinkovito polnjenje.<\/li>\n<li><strong>Katere so na voljo jakosti nikotina za Vookbar 30000 vape za ponovno polnjenje?<\/strong><br \/>\nNaprava je na voljo v koncentracijah nikotina 0%, 2%, 3% in 5%, kar ustreza razli\u010dnim \u017eeljam.<\/li>\n<li><strong>Kak\u0161ne dodatne funkcije ponuja zaslon na dotik?<\/strong><br \/>\n2,1-pal\u010dni zaslon na dotik omogo\u010da spremljanje nastavitev, povezovanje prek Bluetootha, prilagajanje ozadij in celo daljinsko upravljanje selfijev.<\/li>\n<\/ol>\n<\/div>\n<\/div>\n<\/div>\n<\/div>\n<\/div>\n<\/div>\n<\/div>\n<\/div>\n<div class=\"flex-shrink-0 flex flex-col relative items-end\">\n<div class=\"pt-0\">\n<div class=\"gizmo-bot-avatar flex h-8 w-8 items-center justify-center overflow-hidden rounded-full\">\n<div class=\"relative p-1 rounded-sm flex items-center justify-center bg-token-main-surface-primary text-token-text-primary h-8 w-8\">\n<div class=\"mb-2 flex gap-3 empty:hidden -ml-2\">\n<div role=\"article\" data-tabster=\"{&quot;groupper&quot;:{&quot;tabbability&quot;:2},&quot;focusable&quot;:{}}\" data-content=\"ai-message\" aria-labelledby=\"Vdt5ez4X7Tg813x6rFVha-author Vdt5ez4X7Tg813x6rFVha-content\">\n<div id=\"Vdt5ez4X7Tg813x6rFVha-content\">\n<div role=\"article\" data-tabster=\"{&quot;groupper&quot;:{&quot;tabbability&quot;:2},&quot;focusable&quot;:{}}\" data-content=\"ai-message\" aria-labelledby=\"o968oC7CEo2fGHsGdsRYC-author o968oC7CEo2fGHsGdsRYC-content\">\n<div id=\"o968oC7CEo2fGHsGdsRYC-content\">\n<h3>Zakaj izbrati vapestornado za Vookbar 30000 Touch Vape za enkratno uporabo na debelo?<\/h3>\n<div class=\"flex-shrink-0 flex flex-col relative items-end\">\n<div class=\"pt-0\">\n<div class=\"gizmo-bot-avatar flex h-8 w-8 items-center justify-center overflow-hidden rounded-full\">\n<div class=\"relative p-1 rounded-sm flex items-center justify-center bg-token-main-surface-primary text-token-text-primary h-8 w-8\">\n<p>Dobrodo\u0161li v vapestornadu, va\u0161i zaupanja vredni spletni trgovini z veipi za vrhunske veipe za enkratno uporabo. Z ve\u010d kot 5-letnimi izku\u0161njami vam prina\u0161amo priljubljene blagovne znamke veipov za enkratno uporabo, kot so Fumot RandM Vape, <a href=\"https:\/\/vapestornado.com\/sl\/product-category\/vapme-shisha\/\">Vapme<\/a>, Bang Vape, Waspe Vape in WGA Vape, itd.<\/p>\n<p>Na\u0161a ponudba vklju\u010duje vro\u010de prodajane veipe, kot je <a href=\"https:\/\/vapestornado.com\/sl\/product\/randm-12000-puffs-fumot-digital-disposable-vape-wholesale-price\/\">RandM Tornado 12000<\/a>, in izbire, bogate z okusi, kot je <a href=\"https:\/\/vapestornado.com\/sl\/product\/wga-crystal-pro-max-extra-15000-puffs-rechargeable-disposable-vape-wholesale-bulk-buy\/\">\u00a0WGA Kristal 15k Vdihov<\/a> Vsak izdelek je izbran s poudarkom na kakovosti, vrednosti in raznolikosti, kar zagotavlja, da boste na\u0161li popolno ujemanje za svoje potrebe. Odkrijte izjemno storitev in \u0161iroko paleto vrhunskih izdelkov po veleprodajni ceni pri vapestornado.<\/p>\n<\/div>\n<p>&nbsp;<\/p>\n<p><strong>Druge vro\u010de prodajane e-cigarete za enkratno uporabo<\/strong><\/p>\n<p><a href=\"https:\/\/vapestornado.com\/sl\/product\/bang-vape-35000-puffs-low-nicotine-bulk-buy-rechargeable-disposable-vapes-box-wholesale-price\/\">Bang Vape 35000 vdihov <span style=\"color: #ff0000;\"><strong>&gt;&gt;&gt;&gt; Pojdi !<\/strong><\/span><\/a><\/p>\n<p><a href=\"https:\/\/vapestornado.com\/sl\/product\/vopk-ultra-40000-puffs-2-in-1-digital-screen-rechargeable-disposable-vape\/\">VOPK 40000 Dvojni Okus<span style=\"color: #ff0000;\"><strong>&gt;&gt;&gt;&gt; Pojdi !<\/strong><\/span><\/a><\/p>\n<p><a href=\"https:\/\/vapestornado.com\/sl\/product\/bood-twins-46000-puff-double-flavour-low-nicotine-disposable-vape-wholesale-bulk-buy-price\/\">Bood Twins 46000<span style=\"color: #ff0000;\"><strong>&gt;&gt;&gt;&gt; Pojdi !<\/strong><\/span><\/a><\/p>\n<\/div>\n<\/div>\n<\/div>\n<p>&nbsp;<\/p>\n<\/div>\n<\/div>\n<\/div>\n<\/div>\n<\/div>\n<\/div>\n<\/div>\n<\/div>\n<\/div>","protected":false},"excerpt":{"rendered":"<p>Vro\u010d Vookbar Cyber Pro 30000 Puffs 2.1% Nizkonikotinska E-cigareta za Enkratno Uporabo<br \/>\nVookbar Vape Cyber Pro 30000 Puffs Digitalni Zaslon E-cigareta za Enkratno Uporabo, nakup v ve\u010djih koli\u010dinah<br \/>\nVookbar Cyber Pro 30k na Dotik, Polnilna E-cigareta za Enkratno Uporabo, Veleprodaja<\/p>\n<p><strong>Dodajte Amy na WhatsApp in prejmite takoj\u0161en odgovor ter kupon za vape!<\/strong><\/p>\n<p><img fetchpriority=\"high\" decoding=\"async\" class=\"size-full wp-image-2932\" src=\"https:\/\/vapestornado.com\/wp-content\/uploads\/2024\/12\/Vape-Wholesale.jpg\" alt=\"Vape Veleprodaja\" width=\"229\" height=\"300\" \/><\/p>\n<h3><a href=\"https:\/\/wa.me\/8617776015835\"><span style=\"color: #ff0000;\"><strong>WhatsApp: +386 17776015835<\/strong><\/span><\/a><\/h3>\n<p>&nbsp;<\/p>","protected":false},"featured_media":3388,"comment_status":"open","ping_status":"closed","template":"","meta":{"_acf_changed":false,"_uag_custom_page_level_css":"","_lmt_disableupdate":"no","_lmt_disable":"","_monsterinsights_skip_tracking":false,"_monsterinsights_sitenote_active":false,"_monsterinsights_sitenote_note":"","_monsterinsights_sitenote_category":0,"site-sidebar-layout":"default","site-content-layout":"","ast-site-content-layout":"default","site-content-style":"default","site-sidebar-style":"default","ast-global-header-display":"","ast-banner-title-visibility":"","ast-main-header-display":"","ast-hfb-above-header-display":"","ast-hfb-below-header-display":"","ast-hfb-mobile-header-display":"","site-post-title":"","ast-breadcrumbs-content":"","ast-featured-img":"","footer-sml-layout":"","ast-disable-related-posts":"","theme-transparent-header-meta":"default","adv-header-id-meta":"","stick-header-meta":"","header-above-stick-meta":"","header-main-stick-meta":"","header-below-stick-meta":"","astra-migrate-meta-layouts":"set","ast-page-background-enabled":"default","ast-page-background-meta":{"desktop":{"background-color":"","background-image":"","background-repeat":"repeat","background-position":"center center","background-size":"auto","background-attachment":"scroll","background-type":"","background-media":"","overlay-type":"","overlay-color":"","overlay-opacity":"","overlay-gradient":""},"tablet":{"background-color":"","background-image":"","background-repeat":"repeat","background-position":"center center","background-size":"auto","background-attachment":"scroll","background-type":"","background-media":"","overlay-type":"","overlay-color":"","overlay-opacity":"","overlay-gradient":""},"mobile":{"background-color":"","background-image":"","background-repeat":"repeat","background-position":"center center","background-size":"auto","background-attachment":"scroll","background-type":"","background-media":"","overlay-type":"","overlay-color":"","overlay-opacity":"","overlay-gradient":""}},"ast-content-background-meta":{"desktop":{"background-color":"var(--ast-global-color-5)","background-image":"","background-repeat":"repeat","background-position":"center center","background-size":"auto","background-attachment":"scroll","background-type":"","background-media":"","overlay-type":"","overlay-color":"","overlay-opacity":"","overlay-gradient":""},"tablet":{"background-color":"var(--ast-global-color-5)","background-image":"","background-repeat":"repeat","background-position":"center center","background-size":"auto","background-attachment":"scroll","background-type":"","background-media":"","overlay-type":"","overlay-color":"","overlay-opacity":"","overlay-gradient":""},"mobile":{"background-color":"var(--ast-global-color-5)","background-image":"","background-repeat":"repeat","background-position":"center center","background-size":"auto","background-attachment":"scroll","background-type":"","background-media":"","overlay-type":"","overlay-color":"","overlay-opacity":"","overlay-gradient":""}},"_joinchat":{"telephone":"+8617776015835"}},"product_brand":[],"product_cat":[140,67,150,154,160,142,146],"product_tag":[165,105,97,166,94,207,208],"class_list":{"0":"post-3394","1":"product","2":"type-product","3":"status-publish","4":"has-post-thumbnail","6":"product_cat-big-puffs-disposable-vapes","7":"product_cat-30000-puff","8":"product_cat-buy-disposable-vapes-in-belgium","9":"product_cat-buy-disposable-vapes-in-netherlands","10":"product_cat-buy-disposable-vapes-in-switzerland","11":"product_cat-digital-box-disposable-vapes","12":"product_cat-rechargeable-disposable-vapes","13":"product_tag-cheap-vapes","14":"product_tag-digital-disposable-vape","15":"product_tag-hot-sale-disposable-vape","16":"product_tag-low-nicotine-vape","17":"product_tag-rechargeable-disposable-vape","18":"product_tag-vookbar-cyber-pro-30000","19":"product_tag-vookbar-vape","20":"desktop-align-left","21":"tablet-align-left","22":"mobile-align-left","24":"first","25":"instock","26":"sale","27":"shipping-taxable","28":"purchasable","29":"product-type-simple"},"acf":[],"uagb_featured_image_src":{"full":["https:\/\/vapestornado.com\/wp-content\/uploads\/2024\/12\/Vookbar-Cyber-\u200b\u200bPro-30k-Vape-Wholesale.jpg",1000,1000,false],"thumbnail":["https:\/\/vapestornado.com\/wp-content\/uploads\/2024\/12\/Vookbar-Cyber-\u200b\u200bPro-30k-Vape-Wholesale-150x150.jpg",150,150,true],"medium":["https:\/\/vapestornado.com\/wp-content\/uploads\/2024\/12\/Vookbar-Cyber-\u200b\u200bPro-30k-Vape-Wholesale-300x300.jpg",300,300,true],"medium_large":["https:\/\/vapestornado.com\/wp-content\/uploads\/2024\/12\/Vookbar-Cyber-\u200b\u200bPro-30k-Vape-Wholesale-768x768.jpg",768,768,true],"large":["https:\/\/vapestornado.com\/wp-content\/uploads\/2024\/12\/Vookbar-Cyber-\u200b\u200bPro-30k-Vape-Wholesale.jpg",1000,1000,false],"1536x1536":["https:\/\/vapestornado.com\/wp-content\/uploads\/2024\/12\/Vookbar-Cyber-\u200b\u200bPro-30k-Vape-Wholesale.jpg",1000,1000,false],"2048x2048":["https:\/\/vapestornado.com\/wp-content\/uploads\/2024\/12\/Vookbar-Cyber-\u200b\u200bPro-30k-Vape-Wholesale.jpg",1000,1000,false],"trp-custom-language-flag":["https:\/\/vapestornado.com\/wp-content\/uploads\/2024\/12\/Vookbar-Cyber-\u200b\u200bPro-30k-Vape-Wholesale.jpg",12,12,false],"woocommerce_thumbnail":["https:\/\/vapestornado.com\/wp-content\/uploads\/2024\/12\/Vookbar-Cyber-\u200b\u200bPro-30k-Vape-Wholesale-300x300.jpg",300,300,true],"woocommerce_single":["https:\/\/vapestornado.com\/wp-content\/uploads\/2024\/12\/Vookbar-Cyber-\u200b\u200bPro-30k-Vape-Wholesale-600x600.jpg",600,600,true],"woocommerce_gallery_thumbnail":["https:\/\/vapestornado.com\/wp-content\/uploads\/2024\/12\/Vookbar-Cyber-\u200b\u200bPro-30k-Vape-Wholesale-100x100.jpg",100,100,true]},"uagb_author_info":{"display_name":"ESAMY","author_link":"https:\/\/vapestornado.com\/sl\/author\/"},"uagb_comment_info":0,"uagb_excerpt":"Hot Vookbar Cyber Pro 30000 Puffs 2% Low Nicotine Disposable Vape Vookbar Vape Cyber Pro 30000 Puffs Digital Display Disposable Vape Bulk Buy Vookbar Cyber Pro 30k Touch Rechargeable Disposable Vape Wholesale Add Amy's whatsapp get right reply and vape coupon! WhatsApp: +86 17776015835 &nbsp;","_links":{"self":[{"href":"https:\/\/vapestornado.com\/sl\/wp-json\/wp\/v2\/product\/3394","targetHints":{"allow":["GET"]}}],"collection":[{"href":"https:\/\/vapestornado.com\/sl\/wp-json\/wp\/v2\/product"}],"about":[{"href":"https:\/\/vapestornado.com\/sl\/wp-json\/wp\/v2\/types\/product"}],"replies":[{"embeddable":true,"href":"https:\/\/vapestornado.com\/sl\/wp-json\/wp\/v2\/comments?post=3394"}],"wp:featuredmedia":[{"embeddable":true,"href":"https:\/\/vapestornado.com\/sl\/wp-json\/wp\/v2\/media\/3388"}],"wp:attachment":[{"href":"https:\/\/vapestornado.com\/sl\/wp-json\/wp\/v2\/media?parent=3394"}],"wp:term":[{"taxonomy":"product_brand","embeddable":true,"href":"https:\/\/vapestornado.com\/sl\/wp-json\/wp\/v2\/product_brand?post=3394"},{"taxonomy":"product_cat","embeddable":true,"href":"https:\/\/vapestornado.com\/sl\/wp-json\/wp\/v2\/product_cat?post=3394"},{"taxonomy":"product_tag","embeddable":true,"href":"https:\/\/vapestornado.com\/sl\/wp-json\/wp\/v2\/product_tag?post=3394"}],"curies":[{"name":"wp","href":"https:\/\/api.w.org\/{rel}","templated":true}]}}