{"id":3385,"date":"2024-12-26T03:09:17","date_gmt":"2024-12-26T03:09:17","guid":{"rendered":"https:\/\/vapestornado.com\/?post_type=product&#038;p=3385"},"modified":"2025-08-23T11:12:32","modified_gmt":"2025-08-23T11:12:32","slug":"wga-crystal-plus-20000-puff-vape-2-in-1-rechargeable-disposable-vape-wholesale-bulk-buy","status":"publish","type":"product","link":"https:\/\/vapestornado.com\/sl\/product\/wga-crystal-plus-20000-puff-vape-2-in-1-rechargeable-disposable-vape-wholesale-bulk-buy\/","title":{"rendered":"WGA Crystal Plus 20000 Vdihov Vape 2 v 1 Polnilna Vape za Enkratno Uporabo Veleprodajni Nakup v Razsutem Stanju"},"content":{"rendered":"<h1 class=\"product-title\">WGA Crystal Plus 20000 Vdihov Vape 2 v 1 Polnilna Vape za Enkratno Uporabo Veleprodajni Nakup v Razsutem Stanju<\/h1>\n<p data-start=\"239\" data-end=\"582\">The <strong data-start=\"243\" data-end=\"275\">WGA Crystal Plus 20000 Vpihov<\/strong> je prakti\u010dna mo\u017enost 2-v-1 za <strong data-start=\"309\" data-end=\"360\">trgovce na drobno, distributerje in B2B kupce v EU<\/strong> ki \u017eelijo raznolikost brez dodatnih zalog. Vsaka naprava zagotavlja do <strong data-start=\"433\" data-end=\"449\">20.000 vdihov<\/strong> in strankam omogo\u010da <strong data-start=\"469\" data-end=\"511\">preklapljanje med dvema predhodno napolnjenima okusoma<\/strong> takoj \u2013 idealno za trgovine, ki ponujajo me\u0161ane okuse v enem izdelku.<\/p>\n<p data-start=\"584\" data-end=\"988\">A <strong data-start=\"586\" data-end=\"616\">dizajn s polnjenjem Type-C<\/strong> pomaga zagotoviti, da je pod popolnoma izkori\u0161\u010den, kar zmanj\u0161uje koli\u010dino odpadne e-teko\u010dine in vra\u010dila. Kristalno ohi\u0161je je kompaktno za pultne zaslone in prena\u0161anje v \u017eepu, medtem ko \u010dist izhod okusa podpira ponavljajo\u010do se prodajo v priro\u010dnih in specializiranih kanalih za vape. <strong data-start=\"850\" data-end=\"881\">Razli\u010dne jakosti nikotina<\/strong> (razpolo\u017eljivost se razlikuje glede na trg) naredijo linijo primerno tako za ob\u010dasne uporabnike kot za redne uporabnike po vsej Evropi.<\/p>\n<p data-start=\"990\" data-end=\"1021\"><strong data-start=\"990\" data-end=\"1021\">Zakaj deluje za veleprodajo:<\/strong><\/p>\n<ul data-start=\"1022\" data-end=\"1325\">\n<li data-start=\"1022\" data-end=\"1079\">\n<p data-start=\"1024\" data-end=\"1079\"><strong data-start=\"1024\" data-end=\"1037\">20.000 vdihov<\/strong> na enoto za dalj\u0161e cikle prodaje<\/p>\n<\/li>\n<li data-start=\"1080\" data-end=\"1157\">\n<p data-start=\"1082\" data-end=\"1157\"><strong data-start=\"1082\" data-end=\"1105\">2-v-1 dvojni okus<\/strong> preklapljanje = \u0161ir\u0161a privla\u010dnost, manj razli\u010dic za zalogo<\/p>\n<\/li>\n<li data-start=\"1158\" data-end=\"1238\">\n<p data-start=\"1160\" data-end=\"1238\"><strong data-start=\"1160\" data-end=\"1187\">Polnjenje prek Type-C<\/strong> za bolj\u0161o izkori\u0161\u010denost in zadovoljstvo strank<\/p>\n<\/li>\n<li data-start=\"1239\" data-end=\"1325\">\n<p data-start=\"1241\" data-end=\"1325\"><strong data-start=\"1241\" data-end=\"1284\">Pakiranje, primerno za velike koli\u010dine<\/strong>, prilagojeno slovenskim trgovcem na drobno in distributerjem<\/p>\n<\/li>\n<\/ul>\n<p><span style=\"color: #ff0000;\"><strong>Dodajte Amy na Whatsapp in prejmite takoj\u0161en odgovor ter kupon za vape!<\/strong><\/span><\/p>\n<p><img fetchpriority=\"high\" decoding=\"async\" class=\"size-full wp-image-2932\" src=\"https:\/\/vapestornado.com\/wp-content\/uploads\/2024\/12\/Vape-Wholesale.jpg\" alt=\"Vape Veleprodaja\" width=\"229\" height=\"300\" \/><\/p>\n<h3><a href=\"https:\/\/wa.me\/8617776015835\" target=\"_blank\" rel=\"noopener\"><span style=\"color: #ff0000;\"><strong>WhatsApp: +386 17776015835<\/strong><\/span><\/a><\/h3>\n<p>&nbsp;<\/p>\n<h2 class=\"product-title\">WGA Crystal Plus 20000 Vape za enkratno uporabo<strong> Zna\u010dilnosti izdelka<\/strong><\/h2>\n<div role=\"article\" data-tabster=\"{&quot;groupper&quot;:{&quot;tabbability&quot;:2},&quot;focusable&quot;:{}}\" data-content=\"ai-message\" aria-labelledby=\"juhNTJ6o7Gk1cgwZMJgv2-author juhNTJ6o7Gk1cgwZMJgv2-content\">\n<div id=\"juhNTJ6o7Gk1cgwZMJgv2-content\">\n<div role=\"article\" data-tabster=\"{&quot;groupper&quot;:{&quot;tabbability&quot;:2},&quot;focusable&quot;:{}}\" data-content=\"ai-message\" aria-labelledby=\"x4EZuCZWrTbh3weWUt7CU-author x4EZuCZWrTbh3weWUt7CU-content\">\n<div id=\"x4EZuCZWrTbh3weWUt7CU-content\">\n<div class=\"flex max-w-full flex-col flex-grow\">\n<div class=\"min-h-8 text-message flex w-full flex-col items-end gap-2 whitespace-normal break-words text-start [.text-message+&amp;]:mt-5\" dir=\"auto\" data-message-author-role=\"assistant\" data-message-id=\"52c6e00a-252f-4104-805d-2f1a84739c71\" data-message-model-slug=\"gpt-4o\">\n<div class=\"flex w-full flex-col gap-1 empty:hidden first:pt-[3px]\">\n<div class=\"markdown prose w-full break-words dark:prose-invert light\">\n<h4><\/h4>\n<h4><strong>Neprimerljiva kapaciteta vpihov<\/strong><\/h4>\n<p>S <strong>20.000 vdihov<\/strong>, Crystal Plus zagotavlja dolgotrajno uporabo, zaradi \u010desar je zanesljiv spremljevalec za dalj\u0161e seje vapinga.<\/p>\n<h4><strong>Jasni LCD zaslon<\/strong><\/h4>\n<p>Naprava ima <strong>kristalno jasen LCD zaslon<\/strong> ki vas obve\u0161\u010da o stanju baterije in nivojih e-teko\u010dine, s \u010dimer odpravlja ugibanja.<\/p>\n<h4><strong>Polnilna baterija 650 mAh<\/strong><\/h4>\n<p>Napaja ga <strong>650mAh polnilno baterijo<\/strong>, ta vape je zasnovan za dolgo \u017eivljenjsko dobo in priro\u010dnost. The <strong>USB Type-C priklju\u010dek za polnjenje<\/strong> zagotavlja hitro in u\u010dinkovito polnjenje, tako da lahko ve\u010d \u010dasa posvetite vapingu in manj \u010dasa \u010dakanju.<\/p>\n<h4><strong>Tehnologija dvojne mre\u017easte tuljave<\/strong><\/h4>\n<p>Opremljen z naprednimi <strong>dvojne mre\u017easte tuljave<\/strong>, Crystal Plus zagotavlja gladek, dosleden izhlapevanje in bogat okus z vsakim vdihom. Ta tehnologija izbolj\u0161uje u\u010dinkovitost e-teko\u010dine in zagotavlja zadovoljivo izku\u0161njo vapinga Mouth-to-Lung (MTL).<\/p>\n<h4><strong>18 Izbranih okusov<\/strong><\/h4>\n<p>Izbirajte med razli\u010dnimi <strong>18 skrbno izdelanih okusov<\/strong>, vsak je zasnovan tako, da razveseli va\u0161e brbon\u010dice. Od sadnih do mentolovih in \u0161e ve\u010d, za vsak okus se najde nekaj.<\/p>\n<h4><strong>Pakirano za udobje<\/strong><\/h4>\n<p>Na voljo v <strong>Paketi v razsutem stanju po 10 enot<\/strong>, WGA Crystal Plus je odli\u010dna izbira za trgovce na debelo, trgovce na drobno ali vse, ki \u017eelijo zalo\u017eiti visoko zmogljiv vape za enkratno uporabo.<\/p>\n<\/div>\n<\/div>\n<\/div>\n<\/div>\n<div class=\"mb-2 flex gap-3 empty:hidden -ml-2\">\n<p>&nbsp;<\/p>\n<\/div>\n<\/div>\n<\/div>\n<\/div>\n<\/div>\n<h2 class=\"product-title\"><strong>Priljubljen okus za WGA Crystal Plus 20000 Vpihov Vape za enkratno uporabo<\/strong><\/h2>\n<p>1.MODRA MALINA VI\u0160NJA\/\u0160UME\u010cA VI\u0160NJA<br \/>\n2.MODRA MALINA GUMI\/MODRA MALINA\u00a0 <span style=\"color: #ff0000;\"><strong>&gt;&gt;&gt;&gt; Vro\u010de!<\/strong><\/span><br \/>\n3.MODRA MALINA LIMONADA\/COLA LIMONA<br \/>\n4. SVE\u017dA META\/DVOJNI MENTOL<br \/>\n5. GUMI MEDVEDKI\/SKITTLES <span style=\"color: #ff0000;\"><strong>&gt;&gt;&gt;&gt; Najbolj\u0161e !<\/strong><\/span><br \/>\n6. HEISENBERG\/ROZA MO\u017d<br \/>\n7. LIMONA<br \/>\n8. ANANAS LED\/ANANAS BRESKEV MANGO<br \/>\n9. ANANAS LIMONA\/GROZDJE LED<br \/>\n10. POLETNE SANJE\/VI\u0160NJEVA COLA LED<br \/>\n11. SLADOLED JAGODA\/JAGODA BANANA<br \/>\n12. LED JAGODA MALINA\/BOROVNICA VI\u0160NJA BRUSNICA <span style=\"color: #ff0000;\"><strong>&gt;&gt;&gt;&gt; Vro\u010de!<\/strong><\/span><br \/>\n13. TROJNI MANGO\/KIWI MARAKUJA GUAVA<br \/>\n14. SLADOLED LUBENICE\/DVOJNO JABOLKO<br \/>\n15. LUBENICA HUBBA BUBBA\/BOROVNICA HUBBA BUBBA<br \/>\n16. SLADOLED BANANE\/SLADOLED GUAVE<br \/>\n17. SLADOLED BOROVNICE\/SLADOLED JAGODE <span style=\"color: #ff0000;\"><strong>&gt;&gt;&gt;&gt; Vro\u010de!<\/strong><\/span><br \/>\n18. SLADOLED LIZIKA BOROVNICE\/SLADOLED LIZIKA JAGODE<br \/>\n19. SLADOLED VI\u0160NJE\/SLADOLED POMARAN\u010cE<br \/>\n20. SO\u010cNA BRESKEV\/BRESKEV JABOLKO SLADOLED <span style=\"color: #ff0000;\"><strong>&gt;&gt;&gt;&gt; Vro\u010de!<\/strong><\/span><\/p>\n<div class=\"flex-shrink-0 flex flex-col relative items-end\">\n<div class=\"pt-0\">\n<div class=\"gizmo-bot-avatar flex h-8 w-8 items-center justify-center overflow-hidden rounded-full\">\n<div class=\"relative p-1 rounded-sm flex items-center justify-center bg-token-main-surface-primary text-token-text-primary h-8 w-8\">\n<figure id=\"attachment_3374\" aria-describedby=\"caption-attachment-3374\" style=\"width: 1000px\" class=\"wp-caption alignnone\"><img decoding=\"async\" class=\"wp-image-3374 size-full\" src=\"https:\/\/vapestornado.com\/wp-content\/uploads\/2024\/12\/WGA-Crystal-20K-Puffs-Disposable-Vape-Bulk-Buy.jpg\" alt=\"WGA Crystal 20K Vpihov Enkratna Vape Naprava - Nakup v Velikih Koli\u010dinah\" width=\"1000\" height=\"520\" srcset=\"https:\/\/vapestornado.com\/wp-content\/uploads\/2024\/12\/WGA-Crystal-20K-Puffs-Disposable-Vape-Bulk-Buy.jpg 1000w, https:\/\/vapestornado.com\/wp-content\/uploads\/2024\/12\/WGA-Crystal-20K-Puffs-Disposable-Vape-Bulk-Buy-300x156.jpg 300w, https:\/\/vapestornado.com\/wp-content\/uploads\/2024\/12\/WGA-Crystal-20K-Puffs-Disposable-Vape-Bulk-Buy-768x399.jpg 768w, https:\/\/vapestornado.com\/wp-content\/uploads\/2024\/12\/WGA-Crystal-20K-Puffs-Disposable-Vape-Bulk-Buy-600x312.jpg 600w\" sizes=\"(max-width: 1000px) 100vw, 1000px\" \/><figcaption id=\"caption-attachment-3374\" class=\"wp-caption-text\">WGA Crystal 20K Vpihov Enkratna Vape Naprava - Nakup v Velikih Koli\u010dinah<\/figcaption><\/figure>\n<h2>Pogosta vpra\u0161anja o WGA Crystal Plus 20000 Vpihov Enkratni Vape napravi<\/h2>\n<div class=\"flex max-w-full flex-col flex-grow\">\n<div class=\"min-h-8 text-message flex w-full flex-col items-end gap-2 whitespace-normal break-words text-start [.text-message+&amp;]:mt-5\" dir=\"auto\" data-message-author-role=\"assistant\" data-message-id=\"4dc48248-df95-45bd-b800-6dedb43cf7f1\" data-message-model-slug=\"gpt-4o\">\n<div class=\"flex w-full flex-col gap-1 empty:hidden first:pt-[3px]\">\n<div class=\"markdown prose w-full break-words dark:prose-invert light\">\n<h3><\/h3>\n<ol>\n<li><strong>Kaj naredi WGA Crystal Plus 20000 Vpihov edinstveno?<\/strong><br \/>\nThe <strong>WGA Crystal Plus 20000 Vpihov<\/strong> ima <strong>sistem z dvojnim okusom<\/strong>, ki vam omogo\u010da preklapljanje med dvema predhodno napolnjenima okusoma v eni napravi, kar ponuja neprimerljivo vsestranskost in priro\u010dnost.<\/li>\n<li><strong>Kako preverim nivo baterije in e-teko\u010dine na WGA Crystal Plus 20k?<\/strong><br \/>\nTa naprava vklju\u010duje <strong>kristalno \u010dist LCD zaslon<\/strong>, ki prikazuje \u017eivljenjsko dobo baterije in nivo e-teko\u010dine, kar zagotavlja, da ste vedno obve\u0161\u010deni o stanju va\u0161e vape naprave.<\/li>\n<li><strong>Kateri okusi so na voljo za WGA Crystal 20000 Vape z dvojnim okusom?<\/strong><br \/>\nNa voljo je <strong>18 vznemirljivih kombinacij okusov<\/strong>, kot so <strong>Blue Razz Cherry<\/strong> in <strong>Watermelon Ice<\/strong>, ki zadovoljuje razli\u010dne okuse.<\/li>\n<li><strong>Ali lahko ponovno napolnim WGA Crystal 20k Puff Disposable Vape?<\/strong><br \/>\nDa, opremljena je z <strong>polnilna baterija 650 mAh<\/strong> in <strong>priklju\u010dkom za polnjenje tipa C<\/strong>, kar omogo\u010da hitro in priro\u010dno polnjenje za dalj\u0161o uporabo.<\/li>\n<li><strong>Ali je WGA Crystal Plus 20000 primeren za Mouth-to-Lung (MTL) vaping?<\/strong><br \/>\nSeveda! Njegova <strong>tehnologija dvojne mre\u017easte tuljave<\/strong> zagotavlja gladko proizvodnjo pare, zaradi \u010desar je idealen za MTL uporabnike, ki u\u017eivajo v nadzorovanih, okusnih vdihih.<\/li>\n<\/ol>\n<\/div>\n<\/div>\n<\/div>\n<\/div>\n<div class=\"mb-2 flex gap-3 empty:hidden -ml-2\">\n<div class=\"items-center justify-start rounded-xl p-1 flex\"><\/div>\n<\/div>\n<\/div>\n<\/div>\n<\/div>\n<\/div>\n<div class=\"flex-shrink-0 flex flex-col relative items-end\">\n<div class=\"pt-0\">\n<div class=\"gizmo-bot-avatar flex h-8 w-8 items-center justify-center overflow-hidden rounded-full\">\n<div class=\"relative p-1 rounded-sm flex items-center justify-center bg-token-main-surface-primary text-token-text-primary h-8 w-8\">\n<div class=\"mb-2 flex gap-3 empty:hidden -ml-2\">\n<div role=\"article\" data-tabster=\"{&quot;groupper&quot;:{&quot;tabbability&quot;:2},&quot;focusable&quot;:{}}\" data-content=\"ai-message\" aria-labelledby=\"Vdt5ez4X7Tg813x6rFVha-author Vdt5ez4X7Tg813x6rFVha-content\">\n<div id=\"Vdt5ez4X7Tg813x6rFVha-content\">\n<div role=\"article\" data-tabster=\"{&quot;groupper&quot;:{&quot;tabbability&quot;:2},&quot;focusable&quot;:{}}\" data-content=\"ai-message\" aria-labelledby=\"o968oC7CEo2fGHsGdsRYC-author o968oC7CEo2fGHsGdsRYC-content\">\n<div id=\"o968oC7CEo2fGHsGdsRYC-content\">\n<p>&nbsp;<\/p>\n<h2>Zakaj izbrati vapestornado za veleprodajo WGA Crystal 15000 Puffs Vape?<\/h2>\n<div class=\"flex-shrink-0 flex flex-col relative items-end\">\n<div class=\"pt-0\">\n<div class=\"gizmo-bot-avatar flex h-8 w-8 items-center justify-center overflow-hidden rounded-full\">\n<div class=\"relative p-1 rounded-sm flex items-center justify-center bg-token-main-surface-primary text-token-text-primary h-8 w-8\">\n<p>Dobrodo\u0161li v vapestornadu, va\u0161i zaupanja vredni spletni trgovini z veipi za vrhunske veipe za enkratno uporabo. Z ve\u010d kot 5-letnimi izku\u0161njami vam prina\u0161amo priljubljene blagovne znamke veipov za enkratno uporabo, kot so Fumot RandM Vape, <a href=\"https:\/\/vapestornado.com\/sl\/product-category\/vapme-shisha\/\">Vapme<\/a>, Bang Vape, Waspe Vape in WGA Vape, itd.<\/p>\n<p>Na\u0161a ponudba vklju\u010duje vro\u010de prodajane veipe, kot je <a href=\"https:\/\/vapestornado.com\/sl\/product\/randm-12000-puffs-fumot-digital-disposable-vape-wholesale-price\/\">RandM Tornado 12000<\/a>, in izbire, bogate z okusi, kot je <a href=\"https:\/\/vapestornado.com\/sl\/product\/wga-crystal-pro-max-extra-15000-puffs-rechargeable-disposable-vape-wholesale-bulk-buy\/\">\u00a0WGA Kristal 15k Vdihov<\/a> Vsak izdelek je izbran s poudarkom na kakovosti, vrednosti in raznolikosti, kar zagotavlja, da boste na\u0161li popolno ujemanje za svoje potrebe. Odkrijte izjemno storitev in \u0161iroko paleto vrhunskih izdelkov po veleprodajni ceni pri vapestornado.<\/p>\n<\/div>\n<p>&nbsp;<\/p>\n<p><strong>Druge vro\u010de prodajane e-cigarete za enkratno uporabo<\/strong><\/p>\n<p><a href=\"https:\/\/vapestornado.com\/sl\/product\/bang-vape-35000-puffs-low-nicotine-bulk-buy-rechargeable-disposable-vapes-box-wholesale-price\/\">Bang Vape 35000 vdihov <span style=\"color: #ff0000;\"><strong>&gt;&gt;&gt;&gt; Pojdi !<\/strong><\/span><\/a><\/p>\n<p><a href=\"https:\/\/vapestornado.com\/sl\/product\/vopk-ultra-40000-puffs-2-in-1-digital-screen-rechargeable-disposable-vape\/\">VOPK 40000 Dvojni Okus<span style=\"color: #ff0000;\"><strong>&gt;&gt;&gt;&gt; Pojdi !<\/strong><\/span><\/a><\/p>\n<p><a href=\"https:\/\/vapestornado.com\/sl\/product\/bood-twins-46000-puff-double-flavour-low-nicotine-disposable-vape-wholesale-bulk-buy-price\/\">Bood Twins 46000<span style=\"color: #ff0000;\"><strong>&gt;&gt;&gt;&gt; Pojdi !<\/strong><\/span><\/a><\/p>\n<\/div>\n<\/div>\n<\/div>\n<p>&nbsp;<\/p>\n<\/div>\n<\/div>\n<\/div>\n<\/div>\n<\/div>\n<\/div>\n<\/div>\n<\/div>\n<\/div>","protected":false},"excerpt":{"rendered":"<p><strong data-start=\"1473\" data-end=\"1505\">WGA Crystal Plus 20000 Vpihov<\/strong>\u2014a <strong data-start=\"1508\" data-end=\"1552\">2-v-1 dvojni okus, mo\u017enost polnjenja Type-C<\/strong> naprava za enkratno uporabo, narejena za <strong data-start=\"1574\" data-end=\"1606\">veleprodajo in mno\u017ei\u010dna naro\u010dila v EU<\/strong>. Visoka kapaciteta, enostavna menjava okusa in embala\u017ea, prijazna prodajalcu, za mo\u010dno in ponovljivo prodajo.<\/p>\n<p><strong>Dodajte Amy na WhatsApp in prejmite takoj\u0161en odgovor ter kupon za vape!<\/strong><\/p>\n<p><img fetchpriority=\"high\" decoding=\"async\" class=\"size-full wp-image-2932\" src=\"https:\/\/vapestornado.com\/wp-content\/uploads\/2024\/12\/Vape-Wholesale.jpg\" alt=\"Vape Veleprodaja\" width=\"229\" height=\"300\" \/><\/p>\n<h3><a href=\"https:\/\/wa.me\/8617776015835\"><span style=\"color: #ff0000;\"><strong>WhatsApp: +386 17776015835<\/strong><\/span><\/a><\/h3>\n<p>&nbsp;<\/p>","protected":false},"featured_media":3370,"comment_status":"open","ping_status":"closed","template":"","meta":{"_acf_changed":false,"_uag_custom_page_level_css":"","_lmt_disableupdate":"no","_lmt_disable":"","_monsterinsights_skip_tracking":false,"_monsterinsights_sitenote_active":false,"_monsterinsights_sitenote_note":"","_monsterinsights_sitenote_category":0,"site-sidebar-layout":"default","site-content-layout":"","ast-site-content-layout":"default","site-content-style":"default","site-sidebar-style":"default","ast-global-header-display":"","ast-banner-title-visibility":"","ast-main-header-display":"","ast-hfb-above-header-display":"","ast-hfb-below-header-display":"","ast-hfb-mobile-header-display":"","site-post-title":"","ast-breadcrumbs-content":"","ast-featured-img":"","footer-sml-layout":"","ast-disable-related-posts":"","theme-transparent-header-meta":"default","adv-header-id-meta":"","stick-header-meta":"","header-above-stick-meta":"","header-main-stick-meta":"","header-below-stick-meta":"","astra-migrate-meta-layouts":"set","ast-page-background-enabled":"default","ast-page-background-meta":{"desktop":{"background-color":"","background-image":"","background-repeat":"repeat","background-position":"center center","background-size":"auto","background-attachment":"scroll","background-type":"","background-media":"","overlay-type":"","overlay-color":"","overlay-opacity":"","overlay-gradient":""},"tablet":{"background-color":"","background-image":"","background-repeat":"repeat","background-position":"center center","background-size":"auto","background-attachment":"scroll","background-type":"","background-media":"","overlay-type":"","overlay-color":"","overlay-opacity":"","overlay-gradient":""},"mobile":{"background-color":"","background-image":"","background-repeat":"repeat","background-position":"center center","background-size":"auto","background-attachment":"scroll","background-type":"","background-media":"","overlay-type":"","overlay-color":"","overlay-opacity":"","overlay-gradient":""}},"ast-content-background-meta":{"desktop":{"background-color":"var(--ast-global-color-5)","background-image":"","background-repeat":"repeat","background-position":"center center","background-size":"auto","background-attachment":"scroll","background-type":"","background-media":"","overlay-type":"","overlay-color":"","overlay-opacity":"","overlay-gradient":""},"tablet":{"background-color":"var(--ast-global-color-5)","background-image":"","background-repeat":"repeat","background-position":"center center","background-size":"auto","background-attachment":"scroll","background-type":"","background-media":"","overlay-type":"","overlay-color":"","overlay-opacity":"","overlay-gradient":""},"mobile":{"background-color":"var(--ast-global-color-5)","background-image":"","background-repeat":"repeat","background-position":"center center","background-size":"auto","background-attachment":"scroll","background-type":"","background-media":"","overlay-type":"","overlay-color":"","overlay-opacity":"","overlay-gradient":""}},"_joinchat":{"telephone":"+8617776015835"}},"product_brand":[],"product_cat":[69,151,155,142,146,59],"product_tag":[165,105,97,166,94,205,206,204],"class_list":{"0":"post-3385","1":"product","2":"type-product","3":"status-publish","4":"has-post-thumbnail","6":"product_cat-20000-puff","7":"product_cat-buy-disposable-vapes-in-france","8":"product_cat-buy-disposable-vapes-in-norway","9":"product_cat-digital-box-disposable-vapes","10":"product_cat-rechargeable-disposable-vapes","11":"product_cat-wga-crystal-vape","12":"product_tag-cheap-vapes","13":"product_tag-digital-disposable-vape","14":"product_tag-hot-sale-disposable-vape","15":"product_tag-low-nicotine-vape","16":"product_tag-rechargeable-disposable-vape","17":"product_tag-wga-crystal-20k","18":"product_tag-wga-crystal-plus-20000","19":"product_tag-wga-vape","20":"desktop-align-left","21":"tablet-align-left","22":"mobile-align-left","24":"first","25":"instock","26":"sale","27":"shipping-taxable","28":"purchasable","29":"product-type-simple"},"acf":[],"uagb_featured_image_src":{"full":["https:\/\/vapestornado.com\/wp-content\/uploads\/2024\/12\/WGA-Crystal-Plus-20000-Disposable-Vape-Wholesale.jpg",1000,992,false],"thumbnail":["https:\/\/vapestornado.com\/wp-content\/uploads\/2024\/12\/WGA-Crystal-Plus-20000-Disposable-Vape-Wholesale-150x150.jpg",150,150,true],"medium":["https:\/\/vapestornado.com\/wp-content\/uploads\/2024\/12\/WGA-Crystal-Plus-20000-Disposable-Vape-Wholesale-300x298.jpg",300,298,true],"medium_large":["https:\/\/vapestornado.com\/wp-content\/uploads\/2024\/12\/WGA-Crystal-Plus-20000-Disposable-Vape-Wholesale-768x762.jpg",768,762,true],"large":["https:\/\/vapestornado.com\/wp-content\/uploads\/2024\/12\/WGA-Crystal-Plus-20000-Disposable-Vape-Wholesale.jpg",1000,992,false],"1536x1536":["https:\/\/vapestornado.com\/wp-content\/uploads\/2024\/12\/WGA-Crystal-Plus-20000-Disposable-Vape-Wholesale.jpg",1000,992,false],"2048x2048":["https:\/\/vapestornado.com\/wp-content\/uploads\/2024\/12\/WGA-Crystal-Plus-20000-Disposable-Vape-Wholesale.jpg",1000,992,false],"trp-custom-language-flag":["https:\/\/vapestornado.com\/wp-content\/uploads\/2024\/12\/WGA-Crystal-Plus-20000-Disposable-Vape-Wholesale.jpg",12,12,false],"woocommerce_thumbnail":["https:\/\/vapestornado.com\/wp-content\/uploads\/2024\/12\/WGA-Crystal-Plus-20000-Disposable-Vape-Wholesale-300x300.jpg",300,300,true],"woocommerce_single":["https:\/\/vapestornado.com\/wp-content\/uploads\/2024\/12\/WGA-Crystal-Plus-20000-Disposable-Vape-Wholesale-600x595.jpg",600,595,true],"woocommerce_gallery_thumbnail":["https:\/\/vapestornado.com\/wp-content\/uploads\/2024\/12\/WGA-Crystal-Plus-20000-Disposable-Vape-Wholesale-100x100.jpg",100,100,true]},"uagb_author_info":{"display_name":"ESAMY","author_link":"https:\/\/vapestornado.com\/sl\/author\/"},"uagb_comment_info":0,"uagb_excerpt":"WGA Crystal Plus 20000 Puffs\u2014a 2\u2011in\u20111 dual\u2011flavour, Type\u2011C rechargeable disposable built for EU wholesale and bulk orders. High capacity, easy flavour switch, and retailer\u2011friendly packaging for strong, repeatable sales. Add Amy's whatsapp get right reply and vape coupon! WhatsApp: +86 17776015835 &nbsp;","_links":{"self":[{"href":"https:\/\/vapestornado.com\/sl\/wp-json\/wp\/v2\/product\/3385","targetHints":{"allow":["GET"]}}],"collection":[{"href":"https:\/\/vapestornado.com\/sl\/wp-json\/wp\/v2\/product"}],"about":[{"href":"https:\/\/vapestornado.com\/sl\/wp-json\/wp\/v2\/types\/product"}],"replies":[{"embeddable":true,"href":"https:\/\/vapestornado.com\/sl\/wp-json\/wp\/v2\/comments?post=3385"}],"wp:featuredmedia":[{"embeddable":true,"href":"https:\/\/vapestornado.com\/sl\/wp-json\/wp\/v2\/media\/3370"}],"wp:attachment":[{"href":"https:\/\/vapestornado.com\/sl\/wp-json\/wp\/v2\/media?parent=3385"}],"wp:term":[{"taxonomy":"product_brand","embeddable":true,"href":"https:\/\/vapestornado.com\/sl\/wp-json\/wp\/v2\/product_brand?post=3385"},{"taxonomy":"product_cat","embeddable":true,"href":"https:\/\/vapestornado.com\/sl\/wp-json\/wp\/v2\/product_cat?post=3385"},{"taxonomy":"product_tag","embeddable":true,"href":"https:\/\/vapestornado.com\/sl\/wp-json\/wp\/v2\/product_tag?post=3385"}],"curies":[{"name":"wp","href":"https:\/\/api.w.org\/{rel}","templated":true}]}}