{"id":3366,"date":"2024-12-25T06:29:01","date_gmt":"2024-12-25T06:29:01","guid":{"rendered":"https:\/\/vapestornado.com\/?post_type=product&#038;p=3366"},"modified":"2025-08-23T12:25:43","modified_gmt":"2025-08-23T12:25:43","slug":"bang-box-30000-30k-puffs-low-nicotine-bulk-buy-rechargeable-digital-display-disposable-vapes-pen-wholesale","status":"publish","type":"product","link":"https:\/\/vapestornado.com\/sl\/product\/bang-box-30000-30k-puffs-low-nicotine-bulk-buy-rechargeable-digital-display-disposable-vapes-pen-wholesale\/","title":{"rendered":"Bang Box 30000 30k Puffs Low Nicotine Nakup na veliko Polnilna digitalni zaslon Disposable Vapes Pen Veleprodaja"},"content":{"rendered":"<h1 class=\"product-title\">Bang Box 30000 30k Puffs Low Nicotine Nakup na veliko Polnilna digitalni zaslon Disposable Vapes Pen Veleprodaja<\/h1>\n<p>The <strong>Bang Box 30000 30k vdihov, nizko nikotinska polnilna e-cigareta za enkratno uporabo z digitalnim zaslonom<\/strong> je va\u0161a izbira za dolgotrajno, okusno in priro\u010dno vapiranje. Zasnovana za vaperje, ki zahtevajo kakovost in inovacije, ta naprava ponuja osupljivih <strong>30.000 vpihov<\/strong> napaja zanesljiva <strong>850 mAh baterijo za ponovno polnjenje<\/strong>.<\/p>\n<p>S <strong>prostornina 35 ml e-teko\u010dine<\/strong>, a <strong>dvojna mre\u017easta tuljava<\/strong>in <strong>2 na\u010dina vapiranja (obi\u010dajno\/pove\u010dano)<\/strong>, Bang Box zagotavlja dosledno, bogato paro in okus. <strong>LED pametni zaslon<\/strong> vas obve\u0161\u010da o nivoju e-teko\u010dine in stanju baterije, kar zagotavlja, da ste vedno pripravljeni na vapiranje.<\/p>\n<p>Na voljo v <strong>12 vrhunskih okusov<\/strong> in ve\u010d jakosti nikotina (0%, 2%, 3%, 5%), je ta <strong>vrhunski vape za enkratno uporabo<\/strong> kot nala\u0161\u010d za tiste, ki i\u0161\u010dejo raznolikost in cenovno dostopnost. <strong>Bang Box 30000<\/strong> je odli\u010dna izbira za <strong>veleprodajni kupci<\/strong>, saj ponuja izjemno vrednost brez kompromisov pri zmogljivosti.<\/p>\n<p>&nbsp;<\/p>\n<p><strong>Dodajte Amy na Whatsapp in prejmite takoj\u0161en odgovor ter kupon za vape!<\/strong><\/p>\n<p><img fetchpriority=\"high\" decoding=\"async\" class=\"size-full wp-image-2932\" src=\"https:\/\/vapestornado.com\/wp-content\/uploads\/2024\/12\/Vape-Wholesale.jpg\" alt=\"Vape Veleprodaja\" width=\"229\" height=\"300\" \/><\/p>\n<h3><a href=\"https:\/\/wa.me\/8617776015835\" target=\"_blank\" rel=\"noopener\"><span style=\"color: #ff0000;\"><strong>WhatsApp: +386 17776015835<\/strong><\/span><\/a><\/h3>\n<p>&nbsp;<\/p>\n<h2 class=\"product-title\">Bang Box 30000 Vape za enkratno uporabo<strong> Zna\u010dilnosti izdelka<\/strong><\/h2>\n<div role=\"article\" data-tabster=\"{&quot;groupper&quot;:{&quot;tabbability&quot;:2},&quot;focusable&quot;:{}}\" data-content=\"ai-message\" aria-labelledby=\"juhNTJ6o7Gk1cgwZMJgv2-author juhNTJ6o7Gk1cgwZMJgv2-content\">\n<div id=\"juhNTJ6o7Gk1cgwZMJgv2-content\">\n<div role=\"article\" data-tabster=\"{&quot;groupper&quot;:{&quot;tabbability&quot;:2},&quot;focusable&quot;:{}}\" data-content=\"ai-message\" aria-labelledby=\"x4EZuCZWrTbh3weWUt7CU-author x4EZuCZWrTbh3weWUt7CU-content\">\n<div id=\"x4EZuCZWrTbh3weWUt7CU-content\">\n<div class=\"flex max-w-full flex-col flex-grow\">\n<div class=\"min-h-8 text-message flex w-full flex-col items-end gap-2 whitespace-normal break-words text-start [.text-message+&amp;]:mt-5\" dir=\"auto\" data-message-author-role=\"assistant\" data-message-id=\"52c6e00a-252f-4104-805d-2f1a84739c71\" data-message-model-slug=\"gpt-4o\">\n<div class=\"flex w-full flex-col gap-1 empty:hidden first:pt-[3px]\">\n<div class=\"markdown prose w-full break-words dark:prose-invert light\">\n<h3><\/h3>\n<ol>\n<li><strong>Kapaciteta 30.000 vdihov:<\/strong> U\u017eivajte v neprekinjenem vapiranju tedne ali mesece.<\/li>\n<li><strong>Polnilna baterija:<\/strong> The <strong>850 mAh<\/strong> s hitrim polnjenjem Type-C zagotavlja dolgotrajno uporabo.<\/li>\n<li><strong>LED pametni zaslon:<\/strong> Enostavno spremljajte nivoje e-teko\u010dine in baterije za izku\u0161njo brez te\u017eav.<\/li>\n<li><strong>Tehnologija dvojne mre\u017easte tuljave:<\/strong> Zagotavlja gladek in enakomeren okus v vsakem vdihu.<\/li>\n<li><strong>35-mililitrski rezervoar za e-teko\u010dino:<\/strong> Omogo\u010da podalj\u0161ano uporabo brez pogostega ponovnega polnjenja.<\/li>\n<li><strong>2 na\u010dina uparjanja:<\/strong> Preklapljajte med <strong>Normalnim in Boost na\u010dinom<\/strong> za prilagodljivo proizvodnjo pare.<\/li>\n<li><strong>Na voljo 12 okusov:<\/strong> Izbirajte med sadnimi in osve\u017eilnimi mo\u017enostmi, ki ustrezajo va\u0161emu okusu.<\/li>\n<li><strong>Mo\u017enosti nizke vsebnosti nikotina:<\/strong> Izbirajte med vsebnostjo nikotina 0%, 2%, 3% ali 5%, ki ustreza va\u0161im \u017eeljam.<\/li>\n<li><strong>Ugodna veleprodajna cena:<\/strong> Idealno za kupce na debelo, ki i\u0161\u010dejo visokokakovostne vape za enkratno uporabo.<\/li>\n<\/ol>\n<\/div>\n<\/div>\n<\/div>\n<\/div>\n<div class=\"mb-2 flex gap-3 empty:hidden -ml-2\"><\/div>\n<\/div>\n<\/div>\n<\/div>\n<\/div>\n<h2 class=\"product-title\"><strong>Priljubljeni okusi za Bang Box 30k Puffs Disposable Vape<\/strong><\/h2>\n<p>1. Jagoda kivi<br \/>\n2. \u010crni izbruh <strong><span style=\"color: #ff0000;\">&gt;&gt;&gt;&gt; Vro\u010de!<\/span><\/strong><br \/>\n3. Jagodna lubenica<br \/>\n4. Pasijonka<br \/>\n5. Borovnica, kisla malina, led <strong><span style=\"color: #ff0000;\">&gt;&gt;&gt;&gt; Najbolj\u0161e!<\/span><\/strong><br \/>\n6. Lubenica led<br \/>\n7. Borovnica, granatno jabolko <strong><span style=\"color: #ff0000;\">&gt;&gt;&gt;&gt; Vro\u010de!<\/span><\/strong><br \/>\n8. Jabolko, breskev<br \/>\n9.Borovni\u010dev led<br \/>\n10.Dvojno grozdje<br \/>\n11.Modri izbruh<br \/>\n12. D\u017eungelski sok<\/p>\n<p>&nbsp;<\/p>\n<figure id=\"attachment_3357\" aria-describedby=\"caption-attachment-3357\" style=\"width: 1241px\" class=\"wp-caption alignnone\"><img decoding=\"async\" class=\"wp-image-3357 size-full\" src=\"https:\/\/vapestornado.com\/wp-content\/uploads\/2024\/12\/Bang-Vape-Disposable-30000-Puffs-Wholesale.jpg\" alt=\"Bang Vape Disposable 30000 Puffs Veleprodaja\" width=\"1241\" height=\"2038\" srcset=\"https:\/\/vapestornado.com\/wp-content\/uploads\/2024\/12\/Bang-Vape-Disposable-30000-Puffs-Wholesale.jpg 1241w, https:\/\/vapestornado.com\/wp-content\/uploads\/2024\/12\/Bang-Vape-Disposable-30000-Puffs-Wholesale-183x300.jpg 183w, https:\/\/vapestornado.com\/wp-content\/uploads\/2024\/12\/Bang-Vape-Disposable-30000-Puffs-Wholesale-624x1024.jpg 624w, https:\/\/vapestornado.com\/wp-content\/uploads\/2024\/12\/Bang-Vape-Disposable-30000-Puffs-Wholesale-768x1261.jpg 768w, https:\/\/vapestornado.com\/wp-content\/uploads\/2024\/12\/Bang-Vape-Disposable-30000-Puffs-Wholesale-935x1536.jpg 935w, https:\/\/vapestornado.com\/wp-content\/uploads\/2024\/12\/Bang-Vape-Disposable-30000-Puffs-Wholesale-600x985.jpg 600w\" sizes=\"(max-width: 1241px) 100vw, 1241px\" \/><figcaption id=\"caption-attachment-3357\" class=\"wp-caption-text\">Bang Vape Disposable 30000 Puffs Veleprodaja<\/figcaption><\/figure>\n<div class=\"flex-shrink-0 flex flex-col relative items-end\">\n<div class=\"pt-0\">\n<div class=\"gizmo-bot-avatar flex h-8 w-8 items-center justify-center overflow-hidden rounded-full\">\n<div class=\"relative p-1 rounded-sm flex items-center justify-center bg-token-main-surface-primary text-token-text-primary h-8 w-8\">\n<h3>Pogosta vpra\u0161anja za Bang Box 30000 Disposable Vape<\/h3>\n<h3><\/h3>\n<ol>\n<li><strong>Koliko vdihov ponuja Bang Box 30k?<\/strong><br \/>\nNaprava ponuja impresivnih <strong>30.000 vpihov<\/strong>, zaradi \u010desar je eden najdlje obstojnih vapov za enkratno uporabo na voljo.<\/li>\n<li><strong>Ali lahko napolnim BangBox 30000?<\/strong><br \/>\nDa, ima <strong>850 mAh baterijo za ponovno polnjenje<\/strong> s hitrim polnjenjem Type-C za udobje.<\/li>\n<li><strong>Kaj je posebnega pri dvojni mre\u017easti tuljavi?<\/strong><br \/>\nThe <strong>dvojna mre\u017easta tuljava<\/strong> zagotavlja izbolj\u0161an okus in gladko proizvodnjo pare za optimalno izku\u0161njo vapinga.<\/li>\n<li><strong>Katere so razpolo\u017eljive vsebnosti nikotina za BangBOX 30K?<\/strong><br \/>\nIzbirajte med <strong>0 %, 2 %, 3 % ali 5 % vsebnost nikotina<\/strong>, ki ustreza razli\u010dnim preferencam.<\/li>\n<li><strong>Kje lahko kupim Bang Box 30000 po veleprodajnih cenah?<\/strong><br \/>\nZa najbolj\u0161e ponudbe in konkuren\u010dne cene obi\u0161\u010dite <strong>spletni trgovini z veipi vapestornado<\/strong> za nakup Bang Box 30000 v razsutem stanju!<\/li>\n<\/ol>\n<\/div>\n<\/div>\n<\/div>\n<\/div>\n<div class=\"flex-shrink-0 flex flex-col relative items-end\">\n<div class=\"pt-0\">\n<div class=\"gizmo-bot-avatar flex h-8 w-8 items-center justify-center overflow-hidden rounded-full\">\n<div class=\"relative p-1 rounded-sm flex items-center justify-center bg-token-main-surface-primary text-token-text-primary h-8 w-8\">\n<div class=\"mb-2 flex gap-3 empty:hidden -ml-2\">\n<div role=\"article\" data-tabster=\"{&quot;groupper&quot;:{&quot;tabbability&quot;:2},&quot;focusable&quot;:{}}\" data-content=\"ai-message\" aria-labelledby=\"Vdt5ez4X7Tg813x6rFVha-author Vdt5ez4X7Tg813x6rFVha-content\">\n<div id=\"Vdt5ez4X7Tg813x6rFVha-content\">\n<div role=\"article\" data-tabster=\"{&quot;groupper&quot;:{&quot;tabbability&quot;:2},&quot;focusable&quot;:{}}\" data-content=\"ai-message\" aria-labelledby=\"o968oC7CEo2fGHsGdsRYC-author o968oC7CEo2fGHsGdsRYC-content\">\n<div id=\"o968oC7CEo2fGHsGdsRYC-content\">\n<p>&nbsp;<\/p>\n<h3>Zakaj izbrati vapestornado za veleprodajo Bang Box 20000 Puffs Vape?<\/h3>\n<div class=\"flex-shrink-0 flex flex-col relative items-end\">\n<div class=\"pt-0\">\n<div class=\"gizmo-bot-avatar flex h-8 w-8 items-center justify-center overflow-hidden rounded-full\">\n<div class=\"relative p-1 rounded-sm flex items-center justify-center bg-token-main-surface-primary text-token-text-primary h-8 w-8\">\n<p>Dobrodo\u0161li v vapestornadu, va\u0161i zaupanja vredni spletni trgovini z veipi za vrhunske veipe za enkratno uporabo. Z ve\u010d kot 5-letnimi izku\u0161njami vam prina\u0161amo priljubljene blagovne znamke veipov za enkratno uporabo, kot so Fumot RandM Vape, <a href=\"https:\/\/vapestornado.com\/sl\/product\/vapme-crystal-7000-puffs-rechargeable-disposable-vape-wholesale-cheap-price\/\">Vapme<\/a>, Bang Vape, Waspe Vape in WGA Vape, itd.<\/p>\n<p>Na\u0161a ponudba vklju\u010duje vro\u010de prodajane veipe, kot je <a href=\"https:\/\/vapestornado.com\/sl\/product\/fumot-randm-tornado-15000-puffs-rechargeable-disposable-vape-wholesale\/\">RandM Tornado 15000<\/a>, in izbire, bogate z okusi, kot je <a href=\"https:\/\/vapestornado.com\/sl\/product\/vapsolo-dg-18000-puffs-smart-screen-wholesale-disposable-cheap-vapes\/\">\u00a0Vapsolo DG18000 Vpihov<\/a> Vsak izdelek je izbran s poudarkom na kakovosti, vrednosti in raznolikosti, kar zagotavlja, da boste na\u0161li popolno ujemanje za svoje potrebe. Odkrijte izjemno storitev in \u0161iroko paleto vrhunskih izdelkov po veleprodajni ceni pri vapestornado.<\/p>\n<\/div>\n<p>&nbsp;<\/p>\n<p>Druge vro\u010de prodajane e-cigarete za enkratno uporabo<\/p>\n<p><a href=\"https:\/\/vapestornado.com\/sl\/product\/bang-box-30000-puffs-double-flavour-0-2-5-low-nicotine-bulk-buy-rechargeable-disposable-vapes-pen-wholesale\/\">Bang Box 30000 Puffs Dvojni okus <span style=\"color: #ff0000;\"><strong>&gt;&gt;&gt;&gt; Pojdi !<\/strong><\/span><\/a><\/p>\n<p><a href=\"https:\/\/vapestornado.com\/sl\/product\/randm-12000-puffs-fumot-digital-disposable-vape-wholesale-price\/\">RandM Digital 12000 <span style=\"color: #ff0000;\"><strong>&gt;&gt;&gt;&gt; Pojdi !<\/strong><\/span><\/a><\/p>\n<p><a href=\"https:\/\/vapestornado.com\/sl\/product\/vapme-crystal-7000-puffs-rechargeable-disposable-vape-wholesale-cheap-price\/\">Vape Kristal 7000 <span style=\"color: #ff0000;\"><strong>&gt;&gt;&gt;&gt; Pojdi !<\/strong><\/span><\/a><\/p>\n<\/div>\n<\/div>\n<\/div>\n<p>&nbsp;<\/p>\n<\/div>\n<\/div>\n<\/div>\n<\/div>\n<\/div>\n<\/div>\n<\/div>\n<\/div>\n<\/div>","protected":false},"excerpt":{"rendered":"<p>Bang Box 30000 30k vdihov 0% 2% 5% nizko nikotinska e-cigareta za enkratno uporabo, veleprodajna cena<br \/>\nBang Box 30000 vdihov polnilna e-cigareta za enkratno uporabo, veleprodaja<br \/>\nUgodna tovarni\u0161ka cena Bang Box Vape 30000 vdihov, vsi okusi na zalogi<\/p>\n<p><strong>Dodajte Amy na WhatsApp in prejmite takoj\u0161en odgovor ter kupon za vape!<\/strong><\/p>\n<p><img fetchpriority=\"high\" decoding=\"async\" class=\"size-full wp-image-2932\" src=\"https:\/\/vapestornado.com\/wp-content\/uploads\/2024\/12\/Vape-Wholesale.jpg\" alt=\"Vape Veleprodaja\" width=\"229\" height=\"300\" \/><\/p>\n<h3><a href=\"https:\/\/wa.me\/8617776015835\"><span style=\"color: #ff0000;\"><strong>WhatsApp: +386 17776015835<\/strong><\/span><\/a><\/h3>\n<p>&nbsp;<\/p>","protected":false},"featured_media":3350,"comment_status":"open","ping_status":"closed","template":"","meta":{"_acf_changed":false,"_uag_custom_page_level_css":"","_lmt_disableupdate":"no","_lmt_disable":"","_monsterinsights_skip_tracking":false,"_monsterinsights_sitenote_active":false,"_monsterinsights_sitenote_note":"","_monsterinsights_sitenote_category":0,"site-sidebar-layout":"default","site-content-layout":"","ast-site-content-layout":"default","site-content-style":"default","site-sidebar-style":"default","ast-global-header-display":"","ast-banner-title-visibility":"","ast-main-header-display":"","ast-hfb-above-header-display":"","ast-hfb-below-header-display":"","ast-hfb-mobile-header-display":"","site-post-title":"","ast-breadcrumbs-content":"","ast-featured-img":"","footer-sml-layout":"","ast-disable-related-posts":"","theme-transparent-header-meta":"default","adv-header-id-meta":"","stick-header-meta":"","header-above-stick-meta":"","header-main-stick-meta":"","header-below-stick-meta":"","astra-migrate-meta-layouts":"set","ast-page-background-enabled":"default","ast-page-background-meta":{"desktop":{"background-color":"","background-image":"","background-repeat":"repeat","background-position":"center center","background-size":"auto","background-attachment":"scroll","background-type":"","background-media":"","overlay-type":"","overlay-color":"","overlay-opacity":"","overlay-gradient":""},"tablet":{"background-color":"","background-image":"","background-repeat":"repeat","background-position":"center center","background-size":"auto","background-attachment":"scroll","background-type":"","background-media":"","overlay-type":"","overlay-color":"","overlay-opacity":"","overlay-gradient":""},"mobile":{"background-color":"","background-image":"","background-repeat":"repeat","background-position":"center center","background-size":"auto","background-attachment":"scroll","background-type":"","background-media":"","overlay-type":"","overlay-color":"","overlay-opacity":"","overlay-gradient":""}},"ast-content-background-meta":{"desktop":{"background-color":"var(--ast-global-color-5)","background-image":"","background-repeat":"repeat","background-position":"center center","background-size":"auto","background-attachment":"scroll","background-type":"","background-media":"","overlay-type":"","overlay-color":"","overlay-opacity":"","overlay-gradient":""},"tablet":{"background-color":"var(--ast-global-color-5)","background-image":"","background-repeat":"repeat","background-position":"center center","background-size":"auto","background-attachment":"scroll","background-type":"","background-media":"","overlay-type":"","overlay-color":"","overlay-opacity":"","overlay-gradient":""},"mobile":{"background-color":"var(--ast-global-color-5)","background-image":"","background-repeat":"repeat","background-position":"center center","background-size":"auto","background-attachment":"scroll","background-type":"","background-media":"","overlay-type":"","overlay-color":"","overlay-opacity":"","overlay-gradient":""}},"_joinchat":{"telephone":"+8617776015835"}},"product_brand":[],"product_cat":[140,67,64,154,156,157,142,144,19],"product_tag":[197,196,165,105,97,166,94],"class_list":{"0":"post-3366","1":"product","2":"type-product","3":"status-publish","4":"has-post-thumbnail","6":"product_cat-big-puffs-disposable-vapes","7":"product_cat-30000-puff","8":"product_cat-bangbox-vape","9":"product_cat-buy-disposable-vapes-in-netherlands","10":"product_cat-buy-disposable-vapes-in-poland","11":"product_cat-buy-disposable-vapes-in-portugal","12":"product_cat-digital-box-disposable-vapes","13":"product_cat-low-nicotine-disposable-vapes","14":"product_cat-vapes","15":"product_tag-bang-30000","16":"product_tag-bang-vape","17":"product_tag-cheap-vapes","18":"product_tag-digital-disposable-vape","19":"product_tag-hot-sale-disposable-vape","20":"product_tag-low-nicotine-vape","21":"product_tag-rechargeable-disposable-vape","22":"desktop-align-left","23":"tablet-align-left","24":"mobile-align-left","26":"first","27":"instock","28":"sale","29":"shipping-taxable","30":"purchasable","31":"product-type-simple"},"acf":[],"uagb_featured_image_src":{"full":["https:\/\/vapestornado.com\/wp-content\/uploads\/2024\/12\/Bang-Box-30kPuff-Disposable-Vape-Wholesale.jpg",1126,1126,false],"thumbnail":["https:\/\/vapestornado.com\/wp-content\/uploads\/2024\/12\/Bang-Box-30kPuff-Disposable-Vape-Wholesale-150x150.jpg",150,150,true],"medium":["https:\/\/vapestornado.com\/wp-content\/uploads\/2024\/12\/Bang-Box-30kPuff-Disposable-Vape-Wholesale-300x300.jpg",300,300,true],"medium_large":["https:\/\/vapestornado.com\/wp-content\/uploads\/2024\/12\/Bang-Box-30kPuff-Disposable-Vape-Wholesale-768x768.jpg",768,768,true],"large":["https:\/\/vapestornado.com\/wp-content\/uploads\/2024\/12\/Bang-Box-30kPuff-Disposable-Vape-Wholesale-1024x1024.jpg",1024,1024,true],"1536x1536":["https:\/\/vapestornado.com\/wp-content\/uploads\/2024\/12\/Bang-Box-30kPuff-Disposable-Vape-Wholesale.jpg",1126,1126,false],"2048x2048":["https:\/\/vapestornado.com\/wp-content\/uploads\/2024\/12\/Bang-Box-30kPuff-Disposable-Vape-Wholesale.jpg",1126,1126,false],"trp-custom-language-flag":["https:\/\/vapestornado.com\/wp-content\/uploads\/2024\/12\/Bang-Box-30kPuff-Disposable-Vape-Wholesale.jpg",12,12,false],"woocommerce_thumbnail":["https:\/\/vapestornado.com\/wp-content\/uploads\/2024\/12\/Bang-Box-30kPuff-Disposable-Vape-Wholesale-300x300.jpg",300,300,true],"woocommerce_single":["https:\/\/vapestornado.com\/wp-content\/uploads\/2024\/12\/Bang-Box-30kPuff-Disposable-Vape-Wholesale-600x600.jpg",600,600,true],"woocommerce_gallery_thumbnail":["https:\/\/vapestornado.com\/wp-content\/uploads\/2024\/12\/Bang-Box-30kPuff-Disposable-Vape-Wholesale-100x100.jpg",100,100,true]},"uagb_author_info":{"display_name":"ESAMY","author_link":"https:\/\/vapestornado.com\/sl\/author\/"},"uagb_comment_info":0,"uagb_excerpt":"Bang Box 30000 30k Puffs 0% 2% 5% Low Nicotine Disposable Vape Bulk Buy Price Bang Box 30000 Puffs Rechargeable Disposable Vape Wholesale Cheap Factory Price Bang Box Vape 30000 Puffs All Flavour in Stock Add Amy's whatsapp get right reply and vape coupon! WhatsApp: +86 17776015835 &nbsp;","_links":{"self":[{"href":"https:\/\/vapestornado.com\/sl\/wp-json\/wp\/v2\/product\/3366","targetHints":{"allow":["GET"]}}],"collection":[{"href":"https:\/\/vapestornado.com\/sl\/wp-json\/wp\/v2\/product"}],"about":[{"href":"https:\/\/vapestornado.com\/sl\/wp-json\/wp\/v2\/types\/product"}],"replies":[{"embeddable":true,"href":"https:\/\/vapestornado.com\/sl\/wp-json\/wp\/v2\/comments?post=3366"}],"wp:featuredmedia":[{"embeddable":true,"href":"https:\/\/vapestornado.com\/sl\/wp-json\/wp\/v2\/media\/3350"}],"wp:attachment":[{"href":"https:\/\/vapestornado.com\/sl\/wp-json\/wp\/v2\/media?parent=3366"}],"wp:term":[{"taxonomy":"product_brand","embeddable":true,"href":"https:\/\/vapestornado.com\/sl\/wp-json\/wp\/v2\/product_brand?post=3366"},{"taxonomy":"product_cat","embeddable":true,"href":"https:\/\/vapestornado.com\/sl\/wp-json\/wp\/v2\/product_cat?post=3366"},{"taxonomy":"product_tag","embeddable":true,"href":"https:\/\/vapestornado.com\/sl\/wp-json\/wp\/v2\/product_tag?post=3366"}],"curies":[{"name":"wp","href":"https:\/\/api.w.org\/{rel}","templated":true}]}}