{"id":3320,"date":"2024-12-23T09:06:12","date_gmt":"2024-12-23T09:06:12","guid":{"rendered":"https:\/\/vapestornado.com\/?post_type=product&#038;p=3320"},"modified":"2025-08-23T12:20:34","modified_gmt":"2025-08-23T12:20:34","slug":"bang-box-35k-puffs-high-capacity-long-lasting-disposable-vape","status":"publish","type":"product","link":"https:\/\/vapestornado.com\/sl\/product\/bang-box-35k-puffs-high-capacity-long-lasting-disposable-vape\/","title":{"rendered":"Bang Box 35k Vpihov Visoko zmogljiva Dolgotrajna Vape za Enkratno Uporabo"},"content":{"rendered":"<h1>Bang Box 35k Vpihov Visoko zmogljiva Dolgotrajna Vape za Enkratno Uporabo<\/h1>\n<p>&nbsp;<\/p>\n<div role=\"article\" data-tabster=\"{&quot;groupper&quot;:{&quot;tabbability&quot;:2},&quot;focusable&quot;:{}}\" data-content=\"ai-message\" aria-labelledby=\"64JRvXrTnY7mRmPkEQLLT-author 64JRvXrTnY7mRmPkEQLLT-content\">\n<div id=\"64JRvXrTnY7mRmPkEQLLT-content\">\n<p>Bang Box 35k Puffs na novo opredeljuje udobje in zmogljivost v svetu vapov za enkratno uporabo. Zasnovana za uporabnike, ki i\u0161\u010dejo dolgotrajno mo\u010d in bogat okus, ta naprava zagotavlja <strong>35.000+ vdihov<\/strong> s svojo napredno nastavitvijo. Z <strong>23 ml vnaprej napolnjeno kartu\u0161o za e-teko\u010dino<\/strong> in <strong>nastavljivim pretokom zraka<\/strong>se naprava prilagaja stilom uparjanja MTL in DTL, kar zagotavlja prilagojeno izku\u0161njo za vsakega uporabnika. Njegovo <strong>dvojno grelno \u017ei\u010dno mre\u017easto jedro (0,8\u03a9)<\/strong> deluje pri izhodnem obmo\u010dju <strong>15W-25W<\/strong>, kar zagotavlja dosledno proizvodnjo pare in gladek okus z vsakim vdihom. Poganja jo <strong>112040-950mAh \u010dista kobaltna baterija<\/strong> z <strong>5A stopnja praznjenja<\/strong>, zagotavlja zanesljivo, dolgotrajno delovanje. Zmogljiva baterija zagotavlja podalj\u0161ano uporabo in hitro ponovno polnjenje prek vrat Type-C.<\/p>\n<p>Z zdru\u017eevanjem vrhunskih funkcij z elegantnim dizajnom so vapi Bang Box 35000 puffs popolni za celodnevno uporabo, ne glede na to, ali se spro\u0161\u010date doma ali ste na poti. Kompakten, zmogljiv in vsestranski, je vrhunska izbira za ljubitelje uparjanja.<\/p>\n<figure id=\"attachment_3482\" aria-describedby=\"caption-attachment-3482\" style=\"width: 742px\" class=\"wp-caption alignnone\"><img fetchpriority=\"high\" decoding=\"async\" class=\"wp-image-3482\" src=\"https:\/\/vapestornado.com\/wp-content\/uploads\/2024\/12\/Bang-Box-35000-puffs-Top-Sale-Vapes-1024x697.jpg\" alt=\"Bang Box 35000 vpihov najbolje prodajanih vapov\" width=\"742\" height=\"505\" srcset=\"https:\/\/vapestornado.com\/wp-content\/uploads\/2024\/12\/Bang-Box-35000-puffs-Top-Sale-Vapes-1024x697.jpg 1024w, https:\/\/vapestornado.com\/wp-content\/uploads\/2024\/12\/Bang-Box-35000-puffs-Top-Sale-Vapes-300x204.jpg 300w, https:\/\/vapestornado.com\/wp-content\/uploads\/2024\/12\/Bang-Box-35000-puffs-Top-Sale-Vapes-768x523.jpg 768w, https:\/\/vapestornado.com\/wp-content\/uploads\/2024\/12\/Bang-Box-35000-puffs-Top-Sale-Vapes-600x408.jpg 600w, https:\/\/vapestornado.com\/wp-content\/uploads\/2024\/12\/Bang-Box-35000-puffs-Top-Sale-Vapes.jpg 1500w\" sizes=\"(max-width: 742px) 100vw, 742px\" \/><figcaption id=\"caption-attachment-3482\" class=\"wp-caption-text\">Bang Box 35000 vpihov najbolje prodajanih vapov<\/figcaption><\/figure>\n<\/div>\n<\/div>\n<p><img decoding=\"async\" class=\"alignleft wp-image-2951 size-medium\" src=\"https:\/\/vapestornado.com\/wp-content\/uploads\/2024\/12\/Wholesale-Disposable-Vape-265x300.jpg\" alt=\"Veleprodaja Vape za Enkratno Uporabo\" width=\"265\" height=\"300\" srcset=\"https:\/\/vapestornado.com\/wp-content\/uploads\/2024\/12\/Wholesale-Disposable-Vape-265x300.jpg 265w, https:\/\/vapestornado.com\/wp-content\/uploads\/2024\/12\/Wholesale-Disposable-Vape-768x871.jpg 768w, https:\/\/vapestornado.com\/wp-content\/uploads\/2024\/12\/Wholesale-Disposable-Vape-600x680.jpg 600w, https:\/\/vapestornado.com\/wp-content\/uploads\/2024\/12\/Wholesale-Disposable-Vape.jpg 823w\" sizes=\"(max-width: 265px) 100vw, 265px\" \/><\/p>\n<h6>Za Zni\u017eano Ceno se Obrnite na Mandy na WhatsApp<a href=\"https:\/\/wa.me\/8618077105796\" target=\"_blank\" rel=\"noopener\">+8618077105796<\/a><\/h6>\n<div class=\"flex max-w-full flex-col flex-grow\">\n<div class=\"min-h-8 text-message flex w-full flex-col items-end gap-2 whitespace-normal break-words text-start [.text-message+&amp;]:mt-5\" dir=\"auto\" data-message-author-role=\"assistant\" data-message-id=\"cdb991c0-f594-4bff-b2d5-fbbdd7ce9e54\" data-message-model-slug=\"gpt-4o-mini\">\n<div class=\"flex w-full flex-col gap-1 empty:hidden first:pt-[3px]\">\n<div class=\"markdown prose w-full break-words dark:prose-invert light\">\n<h2>Bang vape 35k Puffs specifikacije<\/h2>\n<ul>\n<li><strong>Vpihov<\/strong>: 35,000+<\/li>\n<li><strong>E-teko\u010dina<\/strong>: 23 ml vnaprej napolnjena kartu\u0161a<\/li>\n<li><strong>Nikotin<\/strong>: Mo\u017enosti 0%, 2%, 3%, 5%<\/li>\n<li><strong>Baterija<\/strong>: 950mAh, Type-C polnjenje<\/li>\n<li><strong>Greli<\/strong>: <strong>dvojno grelno \u017ei\u010dno mre\u017easto jedro (0,8\u03a9)<\/strong><\/li>\n<li><strong>Zasloni<\/strong>: Dvojni z upravljanjem na dotik<\/li>\n<li><strong>Na\u010dini<\/strong>: 3-na\u010dinski pretok zraka, 2-na\u010dinsko preklapljanje mo\u010di<\/li>\n<li><strong>Lastnosti<\/strong>: Nastavljiv pretok zraka, kompakten in enostaven za uporabo<\/li>\n<\/ul>\n<\/div>\n<\/div>\n<\/div>\n<\/div>\n<div class=\"mb-2 flex gap-3 empty:hidden -ml-2\">\n<h2 class=\"items-center justify-start rounded-xl p-1 flex\"><\/h2>\n<\/div>\n<h2>Najbolj\u0161i Bang Box 35k Puffs razpolo\u017eljivi vapei z visoko zmogljivostjo, seznam okusov:<\/h2>\n<p>1.JAGODA KIVI<br \/>\n2.MODRA MALINA LED<br \/>\n3.JAGODA LUBENICA<br \/>\n4.PASIJONKA<br \/>\n5.LIMONA KOLA SODA<br \/>\n6.LUBENICA LED<br \/>\n7.LUBENICA \u017dVE\u010cILNI GUMI<br \/>\n8.KIVI PASIJONKA GVAJAVA<br \/>\n9.BOROVNICA LED<br \/>\n10.LUBENICA \u010cE\u0160NJA<br \/>\n11.RDE\u010cI BIK<br \/>\n12.META GRENIVKA<\/p>\n<div role=\"article\" data-tabster=\"{&quot;groupper&quot;:{&quot;tabbability&quot;:2},&quot;focusable&quot;:{}}\" data-content=\"ai-message\" aria-labelledby=\"dARUyEWDoEYhnSPXFwx5A-author dARUyEWDoEYhnSPXFwx5A-content\">\n<div id=\"dARUyEWDoEYhnSPXFwx5A-content\">\n<h3>Zakaj izbrati Bang Box 35000 Puff vape podi v <a href=\"https:\/\/vapestornado.com\/sl\/store\/\">vapestornado.si<\/a>?<\/h3>\n<ul>\n<li><strong>Neprekosljiva zmogljivost<\/strong>: U\u017eivajte v <strong>35.000+ vdihov<\/strong> z izdatnimi <strong>23ml e-teko\u010dine<\/strong> in <strong>nastavljivim pretokom zraka<\/strong> za prilagojeno izku\u0161njo vapinga.<\/li>\n<li><strong>Napredna tehnologija<\/strong>: Napaja ga <strong>950mAh baterija iz \u010distega kobalta<\/strong> z <strong>5A praznjenje<\/strong> in <strong>dvojno mre\u017easto jedro (0.8\u03a9)<\/strong> zagotavlja <strong>15W-25W<\/strong> izhod.<\/li>\n<li><strong>Uporabniku prijazen<\/strong>: Kompaktna, elegantna zasnova s hitrim polnjenjem Type-C za popolno udobje.<\/li>\n<li><strong>vapestornado.com Prednosti<\/strong>: Pristni izdelki, konkuren\u010dne cene in hitra dostava po vsej Evropi.<\/li>\n<\/ul>\n<\/div>\n<\/div>\n<h3>Pogosta vpra\u0161anja o dolgotrajnem vapu Bang Box s 35000 vdihi<\/h3>\n<p><strong>V: Kako dolgo zdr\u017ei vape Bang Box 35.000 vpihov?<\/strong><br \/>\nO: Zagotavlja <strong>35.000 vpihov<\/strong>\u00a0z vzdr\u017eljivo <strong>950mAh baterija iz \u010distega kobalta<\/strong>, kar zagotavlja dolgotrajno uporabo.<\/p>\n<p><strong>V: Ali je pretok zraka nastavljiv?<\/strong><br \/>\nO: Da, ima <strong>nastavljivim pretokom zraka<\/strong>, primerno za MTL in DTL na\u010dine uparjanja.<\/p>\n<p><strong>V: Zakaj je Bang Box Vape z 35k vpihi edinstven?<\/strong><br \/>\nO: Opremljen je z <strong>dvojno mre\u017easto grelno \u017eico (0,8\u03a9)<\/strong>, ponuja <strong>izhodno mo\u010d 15W-25W<\/strong>ter zdru\u017euje elegantno zasnovo z inovativno tehnologijo za vrhunsko zmogljivost.<\/p>\n<p><strong>V: Kje lahko kupim Bang Box vape z 35000 vpihi, ki se lahko polni?<\/strong><br \/>\nO: Na voljo je na <strong>vapestornado.si<\/strong>, kjer ponujajo pristne izdelke, odli\u010dne cene in hitro dostavo po Evropi.<\/p>","protected":false},"excerpt":{"rendered":"<p>Bang Box 35000 Puffs ponuja visoko zmogljivost, dolgotrajno uparjanje s 35.000 vdi, vrhunske okuse in eleganten, prenosni dizajn za izjemno izku\u0161njo uparjanja.<\/p>\n<figure id=\"attachment_2951\" aria-describedby=\"caption-attachment-2951\" style=\"width: 265px\" class=\"wp-caption alignnone\"><img decoding=\"async\" class=\"size-medium wp-image-2951\" src=\"https:\/\/vapestornado.com\/wp-content\/uploads\/2024\/12\/Wholesale-Disposable-Vape-265x300.jpg\" alt=\"Veleprodaja Vape za Enkratno Uporabo\" width=\"265\" height=\"300\" srcset=\"https:\/\/vapestornado.com\/wp-content\/uploads\/2024\/12\/Wholesale-Disposable-Vape-265x300.jpg 265w, https:\/\/vapestornado.com\/wp-content\/uploads\/2024\/12\/Wholesale-Disposable-Vape-768x871.jpg 768w, https:\/\/vapestornado.com\/wp-content\/uploads\/2024\/12\/Wholesale-Disposable-Vape-600x680.jpg 600w, https:\/\/vapestornado.com\/wp-content\/uploads\/2024\/12\/Wholesale-Disposable-Vape.jpg 823w\" sizes=\"(max-width: 265px) 100vw, 265px\" \/><figcaption id=\"caption-attachment-2951\" class=\"wp-caption-text\">Za Zni\u017eano Ceno se Obrnite na Mandy na WhatsApp\u00a0 <a href=\"https:\/\/wa.me\/8618077105796\">+8618077105796<\/a><\/figcaption><\/figure>\n<p>&nbsp;<\/p>","protected":false},"featured_media":3480,"comment_status":"open","ping_status":"closed","template":"","meta":{"_acf_changed":false,"_uag_custom_page_level_css":"","_lmt_disableupdate":"no","_lmt_disable":"","_monsterinsights_skip_tracking":false,"_monsterinsights_sitenote_active":false,"_monsterinsights_sitenote_note":"","_monsterinsights_sitenote_category":0,"site-sidebar-layout":"default","site-content-layout":"","ast-site-content-layout":"default","site-content-style":"default","site-sidebar-style":"default","ast-global-header-display":"","ast-banner-title-visibility":"","ast-main-header-display":"","ast-hfb-above-header-display":"","ast-hfb-below-header-display":"","ast-hfb-mobile-header-display":"","site-post-title":"","ast-breadcrumbs-content":"","ast-featured-img":"","footer-sml-layout":"","ast-disable-related-posts":"","theme-transparent-header-meta":"default","adv-header-id-meta":"","stick-header-meta":"","header-above-stick-meta":"","header-main-stick-meta":"","header-below-stick-meta":"","astra-migrate-meta-layouts":"set","ast-page-background-enabled":"default","ast-page-background-meta":{"desktop":{"background-color":"","background-image":"","background-repeat":"repeat","background-position":"center center","background-size":"auto","background-attachment":"scroll","background-type":"","background-media":"","overlay-type":"","overlay-color":"","overlay-opacity":"","overlay-gradient":""},"tablet":{"background-color":"","background-image":"","background-repeat":"repeat","background-position":"center center","background-size":"auto","background-attachment":"scroll","background-type":"","background-media":"","overlay-type":"","overlay-color":"","overlay-opacity":"","overlay-gradient":""},"mobile":{"background-color":"","background-image":"","background-repeat":"repeat","background-position":"center center","background-size":"auto","background-attachment":"scroll","background-type":"","background-media":"","overlay-type":"","overlay-color":"","overlay-opacity":"","overlay-gradient":""}},"ast-content-background-meta":{"desktop":{"background-color":"var(--ast-global-color-5)","background-image":"","background-repeat":"repeat","background-position":"center center","background-size":"auto","background-attachment":"scroll","background-type":"","background-media":"","overlay-type":"","overlay-color":"","overlay-opacity":"","overlay-gradient":""},"tablet":{"background-color":"var(--ast-global-color-5)","background-image":"","background-repeat":"repeat","background-position":"center center","background-size":"auto","background-attachment":"scroll","background-type":"","background-media":"","overlay-type":"","overlay-color":"","overlay-opacity":"","overlay-gradient":""},"mobile":{"background-color":"var(--ast-global-color-5)","background-image":"","background-repeat":"repeat","background-position":"center center","background-size":"auto","background-attachment":"scroll","background-type":"","background-media":"","overlay-type":"","overlay-color":"","overlay-opacity":"","overlay-gradient":""}},"_joinchat":{"telephone":"+8618077105796"}},"product_brand":[],"product_cat":[175,64,150,158],"product_tag":[179,97],"class_list":{"0":"post-3320","1":"product","2":"type-product","3":"status-publish","4":"has-post-thumbnail","6":"product_cat-35000-puff","7":"product_cat-bangbox-vape","8":"product_cat-buy-disposable-vapes-in-belgium","9":"product_cat-buy-disposable-vapes-in-spain","10":"product_tag-bang-box-35000","11":"product_tag-hot-sale-disposable-vape","12":"desktop-align-left","13":"tablet-align-left","14":"mobile-align-left","16":"first","17":"instock","18":"sale","19":"shipping-taxable","20":"purchasable","21":"product-type-simple"},"acf":[],"uagb_featured_image_src":{"full":["https:\/\/vapestornado.com\/wp-content\/uploads\/2024\/12\/Bang-Box-35k-puff-disposable-Vape-good-price.jpg",800,800,false],"thumbnail":["https:\/\/vapestornado.com\/wp-content\/uploads\/2024\/12\/Bang-Box-35k-puff-disposable-Vape-good-price-150x150.jpg",150,150,true],"medium":["https:\/\/vapestornado.com\/wp-content\/uploads\/2024\/12\/Bang-Box-35k-puff-disposable-Vape-good-price-300x300.jpg",300,300,true],"medium_large":["https:\/\/vapestornado.com\/wp-content\/uploads\/2024\/12\/Bang-Box-35k-puff-disposable-Vape-good-price-768x768.jpg",768,768,true],"large":["https:\/\/vapestornado.com\/wp-content\/uploads\/2024\/12\/Bang-Box-35k-puff-disposable-Vape-good-price.jpg",800,800,false],"1536x1536":["https:\/\/vapestornado.com\/wp-content\/uploads\/2024\/12\/Bang-Box-35k-puff-disposable-Vape-good-price.jpg",800,800,false],"2048x2048":["https:\/\/vapestornado.com\/wp-content\/uploads\/2024\/12\/Bang-Box-35k-puff-disposable-Vape-good-price.jpg",800,800,false],"trp-custom-language-flag":["https:\/\/vapestornado.com\/wp-content\/uploads\/2024\/12\/Bang-Box-35k-puff-disposable-Vape-good-price.jpg",12,12,false],"woocommerce_thumbnail":["https:\/\/vapestornado.com\/wp-content\/uploads\/2024\/12\/Bang-Box-35k-puff-disposable-Vape-good-price-300x300.jpg",300,300,true],"woocommerce_single":["https:\/\/vapestornado.com\/wp-content\/uploads\/2024\/12\/Bang-Box-35k-puff-disposable-Vape-good-price-600x600.jpg",600,600,true],"woocommerce_gallery_thumbnail":["https:\/\/vapestornado.com\/wp-content\/uploads\/2024\/12\/Bang-Box-35k-puff-disposable-Vape-good-price-100x100.jpg",100,100,true]},"uagb_author_info":{"display_name":"ESMANDY","author_link":"https:\/\/vapestornado.com\/sl\/author\/"},"uagb_comment_info":0,"uagb_excerpt":"Bang Box 35000 Puffs offers high-capacity, long-lasting vaping with 35,000 puffs, premium flavors, and a sleek, portable design for an exceptional vaping experience. [caption id=\"attachment_2951\" align=\"alignnone\" width=\"265\"] Pls Contact Mandy's WhatsApp For Discount Price\u00a0 +8618077105796[\/caption] &nbsp;","_links":{"self":[{"href":"https:\/\/vapestornado.com\/sl\/wp-json\/wp\/v2\/product\/3320","targetHints":{"allow":["GET"]}}],"collection":[{"href":"https:\/\/vapestornado.com\/sl\/wp-json\/wp\/v2\/product"}],"about":[{"href":"https:\/\/vapestornado.com\/sl\/wp-json\/wp\/v2\/types\/product"}],"replies":[{"embeddable":true,"href":"https:\/\/vapestornado.com\/sl\/wp-json\/wp\/v2\/comments?post=3320"}],"wp:featuredmedia":[{"embeddable":true,"href":"https:\/\/vapestornado.com\/sl\/wp-json\/wp\/v2\/media\/3480"}],"wp:attachment":[{"href":"https:\/\/vapestornado.com\/sl\/wp-json\/wp\/v2\/media?parent=3320"}],"wp:term":[{"taxonomy":"product_brand","embeddable":true,"href":"https:\/\/vapestornado.com\/sl\/wp-json\/wp\/v2\/product_brand?post=3320"},{"taxonomy":"product_cat","embeddable":true,"href":"https:\/\/vapestornado.com\/sl\/wp-json\/wp\/v2\/product_cat?post=3320"},{"taxonomy":"product_tag","embeddable":true,"href":"https:\/\/vapestornado.com\/sl\/wp-json\/wp\/v2\/product_tag?post=3320"}],"curies":[{"name":"wp","href":"https:\/\/api.w.org\/{rel}","templated":true}]}}