{"id":3302,"date":"2024-12-20T09:00:58","date_gmt":"2024-12-20T09:00:58","guid":{"rendered":"https:\/\/vapestornado.com\/?post_type=product&#038;p=3302"},"modified":"2025-08-23T10:40:53","modified_gmt":"2025-08-23T10:40:53","slug":"fumot-digital-box-12000-puffs-disposable-vape","status":"publish","type":"product","link":"https:\/\/vapestornado.com\/sl\/product\/fumot-digital-box-12000-puffs-disposable-vape\/","title":{"rendered":"Fumot Digital Box 12000 Vpihov Vape za enkratno uporabo"},"content":{"rendered":"<h1>Fumot Digital Box 12000 Vpihov Vape za enkratno uporabo<\/h1>\n<p data-start=\"283\" data-end=\"581\">The <strong data-start=\"287\" data-end=\"336\">Fumot Digital Box 12000 Vpihov Vape za enkratno uporabo<\/strong> je narejen za trgovce na drobno in distributerje, ki i\u0161\u010dejo zanesljivo napravo, polno funkcij. Z do <strong data-start=\"437\" data-end=\"453\">12.000 vpihov<\/strong> na enoto in <strong data-start=\"469\" data-end=\"502\">20 ml predhodno napolnjen rezervoar za e-teko\u010dino<\/strong>, ponuja odli\u010dno vrednost in dolgotrajno uporabo za stranke po vsej Evropi.<\/p>\n<p data-start=\"583\" data-end=\"889\">Napaja ga <strong data-start=\"596\" data-end=\"627\">550mAh polnilna baterija<\/strong> z <strong data-start=\"633\" data-end=\"652\">polnjenje tipa C<\/strong>, Fumot 12K zagotavlja dosleden izhod in minimalne izpade. Njegova <strong data-start=\"720\" data-end=\"744\">tehnologijo mre\u017easte tuljave<\/strong> zagotavlja gladko paro in poln okus, medtem ko <strong data-start=\"794\" data-end=\"823\">indikatorji digitalnega zaslona<\/strong> jasno prikazujejo nivoje e-teko\u010dine in baterije za dodatno udobje.<\/p>\n<p data-start=\"891\" data-end=\"1195\">Kompaktna in elegantna, ta naprava je zasnovana za za\u010detnike in izku\u0161ene uporabnike vape, ki \u017eelijo zanesljivo delovanje v prenosni obliki. Za trgovce na debelo <strong data-start=\"1049\" data-end=\"1074\">Fumot Digitalna \u0160katla 12K<\/strong> zdru\u017euje kapaciteto, sodoben dizajn in <strong data-start=\"1113\" data-end=\"1146\">konkuren\u010dne veleprodajne cene<\/strong>, zaradi \u010desar je donosna mo\u017enost za prodajo v velikem obsegu.<\/p>\n<p><img fetchpriority=\"high\" decoding=\"async\" class=\"alignnone size-full wp-image-3415\" src=\"https:\/\/vapestornado.com\/wp-content\/uploads\/2024\/12\/RandM-Fumot-Vape-Distributor-Best-Price.jpg\" alt=\"Distributer RandM Fumot Vape Najbolj\u0161a cena\" width=\"1684\" height=\"1080\" srcset=\"https:\/\/vapestornado.com\/wp-content\/uploads\/2024\/12\/RandM-Fumot-Vape-Distributor-Best-Price.jpg 1684w, https:\/\/vapestornado.com\/wp-content\/uploads\/2024\/12\/RandM-Fumot-Vape-Distributor-Best-Price-300x192.jpg 300w, https:\/\/vapestornado.com\/wp-content\/uploads\/2024\/12\/RandM-Fumot-Vape-Distributor-Best-Price-1024x657.jpg 1024w, https:\/\/vapestornado.com\/wp-content\/uploads\/2024\/12\/RandM-Fumot-Vape-Distributor-Best-Price-768x493.jpg 768w, https:\/\/vapestornado.com\/wp-content\/uploads\/2024\/12\/RandM-Fumot-Vape-Distributor-Best-Price-1536x985.jpg 1536w, https:\/\/vapestornado.com\/wp-content\/uploads\/2024\/12\/RandM-Fumot-Vape-Distributor-Best-Price-600x385.jpg 600w\" sizes=\"(max-width: 1684px) 100vw, 1684px\" \/><\/p>\n<h3><strong>Lastnosti izdelka:<\/strong><\/h3>\n<ul>\n<li><strong>12000 Puffs Kapaciteta<\/strong>: Dolgotrajna zmogljivost za ve\u010ddnevno vaping brez ponovnega polnjenja.<\/li>\n<li><strong>20 ml E-teko\u010dina<\/strong>: Vnaprej napolnjena za va\u0161e udobje in popoln okus.<\/li>\n<li><strong>Tehnologija Mre\u017easte Tuljave<\/strong>: Gladka proizvodnja pare in intenziven okus.<\/li>\n<li><strong>550mAh polnilna baterija<\/strong>: Podpira podalj\u0161ano uporabo z zanesljivo mo\u010djo.<\/li>\n<li><strong>E-teko\u010dina<\/strong>: Bodite obve\u0161\u010deni o statusu va\u0161ega vape-a brez napora.<\/li>\n<\/ul>\n<p><img decoding=\"async\" class=\"alignnone size-full wp-image-3413\" src=\"https:\/\/vapestornado.com\/wp-content\/uploads\/2024\/12\/Mesh-Coil-12000-Puffs-Disposable-Vape.png\" alt=\"Mre\u017ena tuljava 12000 Puffs Vape za enkratno uporabo\" width=\"1033\" height=\"592\" srcset=\"https:\/\/vapestornado.com\/wp-content\/uploads\/2024\/12\/Mesh-Coil-12000-Puffs-Disposable-Vape.png 1033w, https:\/\/vapestornado.com\/wp-content\/uploads\/2024\/12\/Mesh-Coil-12000-Puffs-Disposable-Vape-300x172.png 300w, https:\/\/vapestornado.com\/wp-content\/uploads\/2024\/12\/Mesh-Coil-12000-Puffs-Disposable-Vape-1024x587.png 1024w, https:\/\/vapestornado.com\/wp-content\/uploads\/2024\/12\/Mesh-Coil-12000-Puffs-Disposable-Vape-768x440.png 768w, https:\/\/vapestornado.com\/wp-content\/uploads\/2024\/12\/Mesh-Coil-12000-Puffs-Disposable-Vape-600x344.png 600w\" sizes=\"(max-width: 1033px) 100vw, 1033px\" \/> <img decoding=\"async\" class=\"alignnone size-full wp-image-3414\" src=\"https:\/\/vapestornado.com\/wp-content\/uploads\/2024\/12\/RandM-Fumot-12000-Puffs-Vape-Hot-Sale.png\" alt=\"RandM Fumot 12000 Puffs Vape Vro\u010da prodaja\" width=\"1067\" height=\"609\" srcset=\"https:\/\/vapestornado.com\/wp-content\/uploads\/2024\/12\/RandM-Fumot-12000-Puffs-Vape-Hot-Sale.png 1067w, https:\/\/vapestornado.com\/wp-content\/uploads\/2024\/12\/RandM-Fumot-12000-Puffs-Vape-Hot-Sale-300x171.png 300w, https:\/\/vapestornado.com\/wp-content\/uploads\/2024\/12\/RandM-Fumot-12000-Puffs-Vape-Hot-Sale-1024x584.png 1024w, https:\/\/vapestornado.com\/wp-content\/uploads\/2024\/12\/RandM-Fumot-12000-Puffs-Vape-Hot-Sale-768x438.png 768w, https:\/\/vapestornado.com\/wp-content\/uploads\/2024\/12\/RandM-Fumot-12000-Puffs-Vape-Hot-Sale-600x342.png 600w\" sizes=\"(max-width: 1067px) 100vw, 1067px\" \/> <img loading=\"lazy\" decoding=\"async\" class=\"alignnone size-full wp-image-3410\" src=\"https:\/\/vapestornado.com\/wp-content\/uploads\/2024\/12\/Fumot-Digital-box-12000-Puffs-Disposable-Vape-Wholesale.png\" alt=\"Fumot Digital box 12000 Puffs Vape za enkratno uporabo Veleprodaja\" width=\"1010\" height=\"659\" srcset=\"https:\/\/vapestornado.com\/wp-content\/uploads\/2024\/12\/Fumot-Digital-box-12000-Puffs-Disposable-Vape-Wholesale.png 1010w, https:\/\/vapestornado.com\/wp-content\/uploads\/2024\/12\/Fumot-Digital-box-12000-Puffs-Disposable-Vape-Wholesale-300x196.png 300w, https:\/\/vapestornado.com\/wp-content\/uploads\/2024\/12\/Fumot-Digital-box-12000-Puffs-Disposable-Vape-Wholesale-768x501.png 768w, https:\/\/vapestornado.com\/wp-content\/uploads\/2024\/12\/Fumot-Digital-box-12000-Puffs-Disposable-Vape-Wholesale-600x391.png 600w\" sizes=\"(max-width: 1010px) 100vw, 1010px\" \/> <img loading=\"lazy\" decoding=\"async\" class=\"alignnone size-full wp-image-3406\" src=\"https:\/\/vapestornado.com\/wp-content\/uploads\/2024\/12\/550mAh-Fumot-Digital-Box-Vape-Trader.png\" alt=\"550mAh Fumot Digital Box Vape Trgovec\" width=\"1050\" height=\"659\" srcset=\"https:\/\/vapestornado.com\/wp-content\/uploads\/2024\/12\/550mAh-Fumot-Digital-Box-Vape-Trader.png 1050w, https:\/\/vapestornado.com\/wp-content\/uploads\/2024\/12\/550mAh-Fumot-Digital-Box-Vape-Trader-300x188.png 300w, https:\/\/vapestornado.com\/wp-content\/uploads\/2024\/12\/550mAh-Fumot-Digital-Box-Vape-Trader-1024x643.png 1024w, https:\/\/vapestornado.com\/wp-content\/uploads\/2024\/12\/550mAh-Fumot-Digital-Box-Vape-Trader-768x482.png 768w, https:\/\/vapestornado.com\/wp-content\/uploads\/2024\/12\/550mAh-Fumot-Digital-Box-Vape-Trader-600x377.png 600w\" sizes=\"(max-width: 1050px) 100vw, 1050px\" \/><\/p>\n<h2>RandM Digitalna \u0160katla 12k Vdihov<strong> Seznam Okusov:<\/strong><\/h2>\n<ul>\n<li>Banana Led<\/li>\n<li>\u010crni Led<\/li>\n<li>Modra Razz Ice<\/li>\n<li>Borovnica na Ledu<\/li>\n<li>Borovnica Malina<\/li>\n<li>Borovnica Kisla Malina<\/li>\n<li>\u010ce\u0161njev Led<\/li>\n<li>\u010ce\u0161njeva kola<\/li>\n<li>Ledena kola<\/li>\n<li>Hladen Menta<\/li>\n<li>Dvojno Jabolko<\/li>\n<li>Dr Modri<\/li>\n<li>Grozdni led<\/li>\n<li>Ledena lizika<\/li>\n<li>Kivi pasijonka guava<\/li>\n<li>Ljubezen 66<\/li>\n<li>Bujni Led<\/li>\n<li>Me\u0161ano jagodi\u010devje<\/li>\n<li>Breskev jagodi\u010devje<\/li>\n<li>Ledena breskev<\/li>\n<li>Breskev Mango Ananas<\/li>\n<li>Ananas Led<\/li>\n<li>Ro\u017enata Limonada<\/li>\n<li>Skittles<\/li>\n<li>Jagoda Banana<\/li>\n<li>Jagoda grozdje<\/li>\n<li>Jagoda Led<\/li>\n<li>Jagoda Lubenica<\/li>\n<li>Trojni Mango<\/li>\n<li>Vimto<\/li>\n<\/ul>\n<h3>RandM 12000 5 najbolj\u0161ih okusov<\/h3>\n<ol>\n<li><strong>Banana Led<\/strong>: Sladka banana s hladilnim mentolovim zaklju\u010dkom.<\/li>\n<li><strong>Borovnica Kisla Malina<\/strong>: Pikantna borovnica s kislo malinovo noto.<\/li>\n<li><strong>Kivi pasijonka guava<\/strong>: Tropska me\u0161anica eksoti\u010dnega sadja.<\/li>\n<li><strong>Breskev Mango Ananas<\/strong>: So\u010dna fuzija breskve, manga in ananasa.<\/li>\n<li><strong>Ledena kola<\/strong>: Klasi\u010den okus kole z osve\u017eujo\u010dim ledenim pridihom.<\/li>\n<\/ol>\n<h2>Zakaj izbrati Fumot digital box 12000 Puff Vape?<\/h2>\n<p><strong>Fumot 12000 digitalnih \u0161katel za vapovanje<\/strong> ponuja neprekosljivo vrednost s svojo ogromno kapaciteto, visokokakovostnimi materiali in inovativnimi funkcijami. Popoln za tiste, ki dajejo prednost udobju, je vnaprej napolnjen, ponovno polnljiv in zagotavlja vrhunsko izku\u0161njo vapinga. \u0160iroka paleta okusov zadovolji vsako \u017eeljo, eleganten dizajn pa ga lo\u010di od konkurentov.<\/p>\n<h4>Fumot Vape 15k veleprodaja Kontaktirajte nas in pridobite popust zdaj!<\/h4>\n<figure id=\"attachment_2921\" aria-describedby=\"caption-attachment-2921\" style=\"width: 887px\" class=\"wp-caption alignnone\"><img loading=\"lazy\" decoding=\"async\" class=\"size-large wp-image-2921\" src=\"https:\/\/vapestornado.com\/wp-content\/uploads\/2024\/11\/20062b3a285f900e79520aad496b94d-887x1024.jpg\" alt=\"vapestornado Vicky\" width=\"887\" height=\"1024\" srcset=\"https:\/\/vapestornado.com\/wp-content\/uploads\/2024\/11\/20062b3a285f900e79520aad496b94d-887x1024.jpg 887w, https:\/\/vapestornado.com\/wp-content\/uploads\/2024\/11\/20062b3a285f900e79520aad496b94d-260x300.jpg 260w, https:\/\/vapestornado.com\/wp-content\/uploads\/2024\/11\/20062b3a285f900e79520aad496b94d-768x887.jpg 768w, https:\/\/vapestornado.com\/wp-content\/uploads\/2024\/11\/20062b3a285f900e79520aad496b94d-600x693.jpg 600w, https:\/\/vapestornado.com\/wp-content\/uploads\/2024\/11\/20062b3a285f900e79520aad496b94d.jpg 1080w\" sizes=\"(max-width: 887px) 100vw, 887px\" \/><figcaption id=\"caption-attachment-2921\" class=\"wp-caption-text\">vapestornado Vicky<\/figcaption><\/figure>","protected":false},"excerpt":{"rendered":"<p><strong><span style=\"color: #ff0000;\"><span style=\"color: #000000;\">Fumot Digital Box 12000 Vpihov ponuja 20 ml e-teko\u010dine, okus mre\u017easte tuljave in digitalni zaslon. Kompakten vape, ki ga je mogo\u010de ponovno napolniti, idealen za veleprodajne kupce v Evropi.<\/span>(cena na na\u0161i spletni strani ne vklju\u010duje stro\u0161kov po\u0161iljanja, prosimo, kontaktirajte me za celotno ceno in va\u0161 popust!)<\/span><\/strong><\/p>\n<p><img loading=\"lazy\" decoding=\"async\" class=\"size-medium wp-image-2921\" src=\"https:\/\/vapestornado.com\/wp-content\/uploads\/2024\/11\/20062b3a285f900e79520aad496b94d-260x300.jpg\" alt=\"vapestornado Vicky\" width=\"260\" height=\"300\" srcset=\"https:\/\/vapestornado.com\/wp-content\/uploads\/2024\/11\/20062b3a285f900e79520aad496b94d-260x300.jpg 260w, https:\/\/vapestornado.com\/wp-content\/uploads\/2024\/11\/20062b3a285f900e79520aad496b94d-887x1024.jpg 887w, https:\/\/vapestornado.com\/wp-content\/uploads\/2024\/11\/20062b3a285f900e79520aad496b94d-768x887.jpg 768w, https:\/\/vapestornado.com\/wp-content\/uploads\/2024\/11\/20062b3a285f900e79520aad496b94d-600x693.jpg 600w, https:\/\/vapestornado.com\/wp-content\/uploads\/2024\/11\/20062b3a285f900e79520aad496b94d.jpg 1080w\" sizes=\"(max-width: 260px) 100vw, 260px\" \/><\/p>","protected":false},"featured_media":3409,"comment_status":"open","ping_status":"closed","template":"","meta":{"_acf_changed":false,"_uag_custom_page_level_css":"","_lmt_disableupdate":"no","_lmt_disable":"","_monsterinsights_skip_tracking":false,"_monsterinsights_sitenote_active":false,"_monsterinsights_sitenote_note":"","_monsterinsights_sitenote_category":0,"site-sidebar-layout":"default","site-content-layout":"","ast-site-content-layout":"default","site-content-style":"default","site-sidebar-style":"default","ast-global-header-display":"","ast-banner-title-visibility":"","ast-main-header-display":"","ast-hfb-above-header-display":"","ast-hfb-below-header-display":"","ast-hfb-mobile-header-display":"","site-post-title":"","ast-breadcrumbs-content":"","ast-featured-img":"","footer-sml-layout":"","ast-disable-related-posts":"","theme-transparent-header-meta":"default","adv-header-id-meta":"","stick-header-meta":"","header-above-stick-meta":"","header-main-stick-meta":"","header-below-stick-meta":"","astra-migrate-meta-layouts":"set","ast-page-background-enabled":"default","ast-page-background-meta":{"desktop":{"background-color":"","background-image":"","background-repeat":"repeat","background-position":"center center","background-size":"auto","background-attachment":"scroll","background-type":"","background-media":"","overlay-type":"","overlay-color":"","overlay-opacity":"","overlay-gradient":""},"tablet":{"background-color":"","background-image":"","background-repeat":"repeat","background-position":"center center","background-size":"auto","background-attachment":"scroll","background-type":"","background-media":"","overlay-type":"","overlay-color":"","overlay-opacity":"","overlay-gradient":""},"mobile":{"background-color":"","background-image":"","background-repeat":"repeat","background-position":"center center","background-size":"auto","background-attachment":"scroll","background-type":"","background-media":"","overlay-type":"","overlay-color":"","overlay-opacity":"","overlay-gradient":""}},"ast-content-background-meta":{"desktop":{"background-color":"var(--ast-global-color-5)","background-image":"","background-repeat":"repeat","background-position":"center center","background-size":"auto","background-attachment":"scroll","background-type":"","background-media":"","overlay-type":"","overlay-color":"","overlay-opacity":"","overlay-gradient":""},"tablet":{"background-color":"var(--ast-global-color-5)","background-image":"","background-repeat":"repeat","background-position":"center center","background-size":"auto","background-attachment":"scroll","background-type":"","background-media":"","overlay-type":"","overlay-color":"","overlay-opacity":"","overlay-gradient":""},"mobile":{"background-color":"var(--ast-global-color-5)","background-image":"","background-repeat":"repeat","background-position":"center center","background-size":"auto","background-attachment":"scroll","background-type":"","background-media":"","overlay-type":"","overlay-color":"","overlay-opacity":"","overlay-gradient":""}},"_joinchat":{"telephone":"+8618077105750"}},"product_brand":[],"product_cat":[72,157,159,160,142,58,144,19],"product_tag":[],"class_list":{"0":"post-3302","1":"product","2":"type-product","3":"status-publish","4":"has-post-thumbnail","6":"product_cat-12000-puff","7":"product_cat-buy-disposable-vapes-in-portugal","8":"product_cat-buy-disposable-vapes-in-sweden","9":"product_cat-buy-disposable-vapes-in-switzerland","10":"product_cat-digital-box-disposable-vapes","11":"product_cat-fumot-vape","12":"product_cat-low-nicotine-disposable-vapes","13":"product_cat-vapes","14":"desktop-align-left","15":"tablet-align-left","16":"mobile-align-left","18":"first","19":"instock","20":"sale","21":"shipping-taxable","22":"purchasable","23":"product-type-simple"},"acf":[],"uagb_featured_image_src":{"full":["https:\/\/vapestornado.com\/wp-content\/uploads\/2024\/12\/Fumot-Digital-12000-Puffs-E-liquid-Indicator-Vape.png",900,900,false],"thumbnail":["https:\/\/vapestornado.com\/wp-content\/uploads\/2024\/12\/Fumot-Digital-12000-Puffs-E-liquid-Indicator-Vape-150x150.png",150,150,true],"medium":["https:\/\/vapestornado.com\/wp-content\/uploads\/2024\/12\/Fumot-Digital-12000-Puffs-E-liquid-Indicator-Vape-300x300.png",300,300,true],"medium_large":["https:\/\/vapestornado.com\/wp-content\/uploads\/2024\/12\/Fumot-Digital-12000-Puffs-E-liquid-Indicator-Vape-768x768.png",768,768,true],"large":["https:\/\/vapestornado.com\/wp-content\/uploads\/2024\/12\/Fumot-Digital-12000-Puffs-E-liquid-Indicator-Vape.png",900,900,false],"1536x1536":["https:\/\/vapestornado.com\/wp-content\/uploads\/2024\/12\/Fumot-Digital-12000-Puffs-E-liquid-Indicator-Vape.png",900,900,false],"2048x2048":["https:\/\/vapestornado.com\/wp-content\/uploads\/2024\/12\/Fumot-Digital-12000-Puffs-E-liquid-Indicator-Vape.png",900,900,false],"trp-custom-language-flag":["https:\/\/vapestornado.com\/wp-content\/uploads\/2024\/12\/Fumot-Digital-12000-Puffs-E-liquid-Indicator-Vape.png",12,12,false],"woocommerce_thumbnail":["https:\/\/vapestornado.com\/wp-content\/uploads\/2024\/12\/Fumot-Digital-12000-Puffs-E-liquid-Indicator-Vape-300x300.png",300,300,true],"woocommerce_single":["https:\/\/vapestornado.com\/wp-content\/uploads\/2024\/12\/Fumot-Digital-12000-Puffs-E-liquid-Indicator-Vape-600x600.png",600,600,true],"woocommerce_gallery_thumbnail":["https:\/\/vapestornado.com\/wp-content\/uploads\/2024\/12\/Fumot-Digital-12000-Puffs-E-liquid-Indicator-Vape-100x100.png",100,100,true]},"uagb_author_info":{"display_name":"ESvicky","author_link":"https:\/\/vapestornado.com\/sl\/author\/"},"uagb_comment_info":0,"uagb_excerpt":"The Fumot Digital Box 12000 Puffs offers 20ml e-liquid, mesh coil flavor, and a digital screen. A compact, rechargeable vape perfect for wholesale buyers in Europe.(our website price not include shipping cost, please contact me to get whole price and your disccount!)","_links":{"self":[{"href":"https:\/\/vapestornado.com\/sl\/wp-json\/wp\/v2\/product\/3302","targetHints":{"allow":["GET"]}}],"collection":[{"href":"https:\/\/vapestornado.com\/sl\/wp-json\/wp\/v2\/product"}],"about":[{"href":"https:\/\/vapestornado.com\/sl\/wp-json\/wp\/v2\/types\/product"}],"replies":[{"embeddable":true,"href":"https:\/\/vapestornado.com\/sl\/wp-json\/wp\/v2\/comments?post=3302"}],"wp:featuredmedia":[{"embeddable":true,"href":"https:\/\/vapestornado.com\/sl\/wp-json\/wp\/v2\/media\/3409"}],"wp:attachment":[{"href":"https:\/\/vapestornado.com\/sl\/wp-json\/wp\/v2\/media?parent=3302"}],"wp:term":[{"taxonomy":"product_brand","embeddable":true,"href":"https:\/\/vapestornado.com\/sl\/wp-json\/wp\/v2\/product_brand?post=3302"},{"taxonomy":"product_cat","embeddable":true,"href":"https:\/\/vapestornado.com\/sl\/wp-json\/wp\/v2\/product_cat?post=3302"},{"taxonomy":"product_tag","embeddable":true,"href":"https:\/\/vapestornado.com\/sl\/wp-json\/wp\/v2\/product_tag?post=3302"}],"curies":[{"name":"wp","href":"https:\/\/api.w.org\/{rel}","templated":true}]}}