{"id":3301,"date":"2024-12-20T08:43:41","date_gmt":"2024-12-20T08:43:41","guid":{"rendered":"https:\/\/vapestornado.com\/?post_type=product&#038;p=3301"},"modified":"2025-08-23T12:25:51","modified_gmt":"2025-08-23T12:25:51","slug":"vookbar-cyber-pro-30000-puffs-disposable-vape-5-wholesale-price","status":"publish","type":"product","link":"https:\/\/vapestornado.com\/sl\/product\/vookbar-cyber-pro-30000-puffs-disposable-vape-5-wholesale-price\/","title":{"rendered":"Vookbar Cyber PRO 30000 Vdigljajev za enkratno uporabo, veleprodajna cena"},"content":{"rendered":"<h1>Vookbar Cyber PRO 30000 Vdigljajev za enkratno uporabo, veleprodajna cena<\/h1>\n<p>&nbsp;<\/p>\n<div role=\"article\" data-tabster=\"{&quot;groupper&quot;:{&quot;tabbability&quot;:2},&quot;focusable&quot;:{}}\" data-content=\"ai-message\" aria-labelledby=\"64JRvXrTnY7mRmPkEQLLT-author 64JRvXrTnY7mRmPkEQLLT-content\">\n<div id=\"64JRvXrTnY7mRmPkEQLLT-content\">\n<p>The <strong>Vookbar Cyber PRO 30000 Puffs Disposable Vape<\/strong> redefinira meje sodobnega vapinga z zdru\u017eevanjem napredne tehnologije z izjemno zmogljivostjo. Zasnovan za vaperje, ki i\u0161\u010dejo ve\u010d kot le obi\u010dajno napravo, Cyber PRO zdru\u017euje inteligentne funkcije z elegantnim dizajnom, kar ustvarja resni\u010dno futuristi\u010dno izku\u0161njo vapinga.<\/p>\n<p><strong>Neprekosljiva zmogljivost<\/strong><\/p>\n<p>Z impresivnimi <strong>\u017divljenjska doba 30k potegov<\/strong>, Vookbar Cyber PRO ponuja neprimerljivo dolgo \u017eivljenjsko dobo, zaradi \u010desar je idealna izbira za dolgotrajno uporabo. Naprava je opremljena z <strong>22ml kapaciteto e-teko\u010dine<\/strong> in ima jakost nikotina <strong>20 mg\/ml<\/strong>, kar zagotavlja dosledno in zadovoljivo paro z vsakim potegom. Napaja ga robustna <strong>2,850mAh polnilna baterija<\/strong> in uporablja <strong>priklju\u010dkom za polnjenje tipa C<\/strong>, Cyber PRO zagotavlja hitro, zanesljivo polnjenje za neprekinjeno uporabo.<\/p>\n<p><strong>Integracija pametne tehnologije<\/strong><\/p>\n<p>Vookbar Cyber PRO presega tradicionalno uparjanje in slu\u017ei kot ve\u010dnamenska naprava, ki se brezhibno integrira z va\u0161im digitalnim \u017eivljenjskim slogom. Povezuje se prek <strong>Bluetootha<\/strong> ali lastni\u0161ke aplikacije, ki omogo\u010da pametne funkcije, kot so:<\/p>\n<ul>\n<li><strong>Prilagodljive nastavitve vapinga<\/strong> za prilagoditev va\u0161e izku\u0161nje va\u0161im \u017eeljam.<\/li>\n<li><strong>Daljinsko upravljanje kamere<\/strong>, kot nala\u0161\u010d za selfije in kreativno fotografijo.<\/li>\n<li><strong>Dru\u017eabna obvestila<\/strong> da boste na teko\u010dem, ko ste na poti.<\/li>\n<li><strong>Mo\u017enosti ozadij po meri<\/strong>, ki omogo\u010dajo personalizacijo dinami\u010dnega zaslona va\u0161e naprave.<\/li>\n<li>Vgrajena orodja, kot so <strong>kalkulator<\/strong>, <strong>mini igre<\/strong>in \u0161e ve\u010d za dodatno udobje.<\/li>\n<\/ul>\n<figure id=\"attachment_3493\" aria-describedby=\"caption-attachment-3493\" style=\"width: 518px\" class=\"wp-caption alignnone\"><img fetchpriority=\"high\" decoding=\"async\" class=\"wp-image-3493\" src=\"https:\/\/vapestornado.com\/wp-content\/uploads\/2024\/12\/Vookbar-vape-30000-Puffs-Wholesale-Prcie-Disposable-Vapes.jpg\" alt=\"Vookbar vape 30000 Puffs Veleprodajna cena Vapes za enkratno uporabo\" width=\"518\" height=\"518\" srcset=\"https:\/\/vapestornado.com\/wp-content\/uploads\/2024\/12\/Vookbar-vape-30000-Puffs-Wholesale-Prcie-Disposable-Vapes.jpg 800w, https:\/\/vapestornado.com\/wp-content\/uploads\/2024\/12\/Vookbar-vape-30000-Puffs-Wholesale-Prcie-Disposable-Vapes-300x300.jpg 300w, https:\/\/vapestornado.com\/wp-content\/uploads\/2024\/12\/Vookbar-vape-30000-Puffs-Wholesale-Prcie-Disposable-Vapes-150x150.jpg 150w, https:\/\/vapestornado.com\/wp-content\/uploads\/2024\/12\/Vookbar-vape-30000-Puffs-Wholesale-Prcie-Disposable-Vapes-768x768.jpg 768w, https:\/\/vapestornado.com\/wp-content\/uploads\/2024\/12\/Vookbar-vape-30000-Puffs-Wholesale-Prcie-Disposable-Vapes-600x600.jpg 600w, https:\/\/vapestornado.com\/wp-content\/uploads\/2024\/12\/Vookbar-vape-30000-Puffs-Wholesale-Prcie-Disposable-Vapes-100x100.jpg 100w\" sizes=\"(max-width: 518px) 100vw, 518px\" \/><figcaption id=\"caption-attachment-3493\" class=\"wp-caption-text\">Vookbar vape 30000 Puffs Veleprodajna cena Vapes za enkratno uporabo<\/figcaption><\/figure>\n<h2><strong>Zakaj izbrati vape Vookbar Cyber PRO 30000 Puffs?<\/strong><\/h2>\n<ul>\n<li><strong>Inovacije<\/strong> Zdru\u017euje vrhunsko tehnologijo z elegantnim dizajnom.<\/li>\n<li><strong>Velika zmogljivost:<\/strong> Zagotavlja gladko, zadovoljivo izku\u0161njo vapinga z zmogljivostjo 30.000 vpihov.<\/li>\n<li><strong>Prilagodljive funkcije:<\/strong> Prilagodite mo\u010d in estetiko, da ustrezata va\u0161im edinstvenim \u017eeljam.<\/li>\n<li><strong>Vzdr\u017eljiva izdelava:<\/strong> Visokokakovostni materiali in zanesljiva baterija zagotavljajo dolgoro\u010dno delovanje.<\/li>\n<\/ul>\n<p>Ne glede na to, ali ste tehni\u010dno podkovani vaper ali preprosto i\u0161\u010dete zmogljivo in elegantno napravo za vaping, <strong>Vookbar Cyber PRO 30000 Puffs Vape za enkratno uporabo<\/strong> ponuja me\u0161anico <strong>inovacija<\/strong>, <strong>zmogljivost<\/strong>in <strong>personalizacija<\/strong>. Izbolj\u0161ajte svojo izku\u0161njo vapinga \u0161e danes!<\/p>\n<\/div>\n<\/div>\n<p><img decoding=\"async\" class=\"wp-image-2951\" src=\"https:\/\/vapestornado.com\/wp-content\/uploads\/2024\/12\/Wholesale-Disposable-Vape-265x300.jpg\" alt=\"Veleprodaja Vape za Enkratno Uporabo\" width=\"295\" height=\"334\" srcset=\"https:\/\/vapestornado.com\/wp-content\/uploads\/2024\/12\/Wholesale-Disposable-Vape-265x300.jpg 265w, https:\/\/vapestornado.com\/wp-content\/uploads\/2024\/12\/Wholesale-Disposable-Vape-768x871.jpg 768w, https:\/\/vapestornado.com\/wp-content\/uploads\/2024\/12\/Wholesale-Disposable-Vape-600x680.jpg 600w, https:\/\/vapestornado.com\/wp-content\/uploads\/2024\/12\/Wholesale-Disposable-Vape.jpg 823w\" sizes=\"(max-width: 295px) 100vw, 295px\" \/><\/p>\n<h6>Za Zni\u017eano Ceno se Obrnite na Mandy na WhatsApp:<a href=\"https:\/\/wa.me\/8618077105796\" target=\"_blank\" rel=\"noopener\">+8618077105796<\/a><\/h6>\n<p>&nbsp;<\/p>\n<div class=\"flex max-w-full flex-col flex-grow\">\n<div class=\"min-h-8 text-message flex w-full flex-col items-end gap-2 whitespace-normal break-words text-start [.text-message+&amp;]:mt-5\" dir=\"auto\" data-message-author-role=\"assistant\" data-message-id=\"cdb991c0-f594-4bff-b2d5-fbbdd7ce9e54\" data-message-model-slug=\"gpt-4o-mini\">\n<div class=\"flex w-full flex-col gap-1 empty:hidden first:pt-[3px]\">\n<div class=\"markdown prose w-full break-words dark:prose-invert light\">\n<h3>Veleprodaja vape Vookbar Cyber PRO 30.000 Vpihov \u2013 Specifikacije<\/h3>\n<ul>\n<li><strong>Velikost:<\/strong> Kompakten in prenosljiv, <strong>49x24x93 mm<\/strong>.<\/li>\n<li><strong>Zaslon:<\/strong> <strong>2,01-pal\u010dni HD zaslon<\/strong>, popolno za nastavitve in obvestila.<\/li>\n<li><strong>Vrsta tuljave:<\/strong> <strong>Dvojna mre\u017easta tuljava<\/strong> za bogat okus in gladke oblake.<\/li>\n<li><strong>Kapaciteta e-teko\u010dine:<\/strong> Predhodno napolnjen z <strong>22 ml vrhunske e-teko\u010dine za vape<\/strong>.<\/li>\n<li><strong>Vsebnost nikotina:<\/strong> Zagotavlja zadovoljiv <strong>5% nikotina<\/strong> u\u010dinek.<\/li>\n<li><strong>Baterija:<\/strong> Dolgotrajen <strong>850 mAh baterijo za ponovno polnjenje<\/strong> s hitrim <strong>polnjenje tipa C<\/strong>.<\/li>\n<li><strong>Na\u010dini vdihovanja:<\/strong>\n<ul>\n<li><strong>Norm na\u010din:<\/strong> Do <strong>30.000 vpihov<\/strong> za dalj\u0161e vapiranje.<\/li>\n<li><strong>Mo\u010dan na\u010din:<\/strong> Do <strong>15.000 vdihov<\/strong> za mo\u010dnej\u0161e delovanje.<\/li>\n<\/ul>\n<\/li>\n<li><strong>Delovanje:<\/strong> Enostavno <strong>stransko upravljanje<\/strong> za vklop\/izklop in nastavitve.<\/li>\n<li><strong>Lastnosti:<\/strong> Bluetooth povezljivost, okolju prijazni materiali in prilagodljivi na\u010dini uparjanja.<\/li>\n<\/ul>\n<\/div>\n<\/div>\n<\/div>\n<\/div>\n<div class=\"mb-2 flex gap-3 empty:hidden -ml-2\">\n<h3 class=\"items-center justify-start rounded-xl p-1 flex\"><\/h3>\n<\/div>\n<h3><strong>Seznam okusov Vookbar Cyber PRO 30k Puffs Vape Pods:<\/strong><\/h3>\n<p>1.Ledena modra malina<br \/>\n2.Ledena breskev<br \/>\n3.Ledeno grozdje<br \/>\n4.Jagoda in lubenica<br \/>\n5. Jagoda banana<br \/>\n6.\u010ce\u0161nja in lubenica<br \/>\n7.Ledena lubenica<br \/>\n8.Breskev in mango<br \/>\n9.Jagoda in kivi<br \/>\n10.Bela jagoda z ledom<br \/>\n11.Ledeni beli gumijasti bonbon<br \/>\n12.Zamrznjena pina colada<br \/>\n13.Presneto dobro<br \/>\n14.Mojito me\u0161ano jagodi\u010devje<\/p>\n<div role=\"article\" data-tabster=\"{&quot;groupper&quot;:{&quot;tabbability&quot;:2},&quot;focusable&quot;:{}}\" data-content=\"ai-message\" aria-labelledby=\"dARUyEWDoEYhnSPXFwx5A-author dARUyEWDoEYhnSPXFwx5A-content\">\n<div id=\"dARUyEWDoEYhnSPXFwx5A-content\">\n<h4>Zakaj izbrati Vookbar Cyber PRO 30000 Puffs za enkratno uporabo na <a href=\"https:\/\/vapestornado.com\/sl\/store\/\">vapestornado.si<\/a>?<\/h4>\n<p><strong>1. Izjemna zmogljivost \u0161obice:<\/strong><br \/>\nZasnovan za dolgotrajno u\u017eivanje, <strong>Vookbar Cyber PRO<\/strong> ponuja do <strong>30.000 vpihov<\/strong> v na\u010dinu Norm in <strong>15.000 vdihov<\/strong> v na\u010dinu Power.<\/p>\n<p><strong>2. Vrhunske funkcije:<\/strong><br \/>\nOpremljen z <strong>2,01-pal\u010dni HD zaslon<\/strong>, <strong>tehnologija dvojne mre\u017easte tuljave<\/strong>in <strong>prilagodljivi na\u010dini uparjanja<\/strong>, zdru\u017euje zmogljivost s slogom.<\/p>\n<p><strong>3. Vrhunska e-teko\u010dina in mo\u017enosti nikotina:<\/strong><br \/>\nS <strong>22 ml predhodno napolnjene e-teko\u010dine<\/strong> in <strong>5% jakost nikotina<\/strong>, do\u017eivite gladke, okusne in zadovoljive vdihe vsaki\u010d.<\/p>\n<p><strong>4. Inovativen in uporabniku prijazen dizajn:<\/strong><br \/>\nFunkcije, kot so <strong>Bluetooth povezljivost<\/strong>, <strong>stransko upravljanje<\/strong>in <strong>na\u010din gibanja<\/strong> omogo\u010dajo preprosto uporabo in ve\u010dnamenskost naprave.<\/p>\n<p><strong>5. Nakupujte z zaupanjem na vapestornado.com:<\/strong><\/p>\n<ul>\n<li>U\u017eivajte v <strong>konkuren\u010dne cene<\/strong> za najnovej\u0161o tehnologijo vapinga.<\/li>\n<li>Izkoristite <strong>hitra in zanesljiva dostava<\/strong> po vsej Evropi.<\/li>\n<li>Izbirajte med <strong>ekskluzivne veleprodajne ponudbe<\/strong> za nakupe v ve\u010djih koli\u010dinah.<\/li>\n<li>Nakupujte varno z zaupanja vrednimi pla\u010dilnimi metodami in odli\u010dno podporo strankam.<\/li>\n<\/ul>\n<p>Nadgradite svojo igro vapinga \u0161e danes z <strong>Vookbar Cyber PRO 30K Vdihov<\/strong> na voljo na <strong>vapestornado.si<\/strong>!<\/p>\n<\/div>\n<\/div>\n<h4>Pogosta vpra\u0161anja o Vookbar Cyber PRO 30000 Puffs Vapi za dolgotrajno uporabo<\/h4>\n<p>&nbsp;<\/p>\n<h6><strong>1. V \u010dem je Vookbar Cyber PRO 30.000 Puffs Vape edinstven?<\/strong><\/h6>\n<ul>\n<li>Naprava zdru\u017euje <strong>napredno tehnologijo uparjanja<\/strong> s funkcijami, kot sta <strong>prilagodljivi na\u010dini uparjanja<\/strong>, a <strong>2,01-pal\u010dni HD zaslon<\/strong>in <strong>na\u010dina dvojnega vpihavanja<\/strong> za podalj\u0161ano ali mo\u010dno delovanje.<\/li>\n<\/ul>\n<h6>2. <strong>Koliko vpihov lahko dobim z Vookbar Cyber PRO Vape Box?<\/strong><\/h6>\n<ul>\n<li>In <strong>Norm Mod<\/strong>, lahko u\u017eivate do <strong>30.000 vpihov<\/strong>, medtem ko <strong>Power na\u010din<\/strong> ponudbe <strong>15.000 vdihov<\/strong> za intenzivnej\u0161o izku\u0161njo uparjanja.<\/li>\n<\/ul>\n<h6>3. <strong>Kak\u0161no mo\u010d nikotina ponuja Vookbar 30000 Puffs?<\/strong><\/h6>\n<ul>\n<li>Vookbar Cyber PRO ima <strong>5% jakost nikotina<\/strong>, ki zagotavlja gladko in zadovoljivo izku\u0161njo.<\/li>\n<\/ul>\n<h6>4. <strong>Ali so Vookbar Cyber PRO ponovno napolnljivi veipi?<\/strong><\/h6>\n<ul>\n<li>Da, vklju\u010duje <strong>850 mAh baterijo za ponovno polnjenje<\/strong> in podpira <strong>hitro polnjenje Type-C<\/strong>.<\/li>\n<\/ul>\n<h6>5. <strong>Ali 30k Puffs Vape Vookbar uporablja tehnologijo mre\u017easte tuljave?<\/strong><\/h6>\n<ul>\n<li>Da, naprava ima <strong>tehnologija dvojne mre\u017easte tuljave<\/strong> za dosleden okus in gosto proizvodnjo pare.<\/li>\n<\/ul>","protected":false},"excerpt":{"rendered":"<div class=\"flex-shrink-0 flex flex-col relative items-end\">\n<div>\n<div class=\"pt-0\">\n<div class=\"gizmo-bot-avatar flex h-8 w-8 items-center justify-center overflow-hidden rounded-full\">\n<div class=\"relative p-1 rounded-sm flex items-center justify-center bg-token-main-surface-primary text-token-text-primary h-8 w-8\"><\/div>\n<\/div>\n<\/div>\n<\/div>\n<\/div>\n<div class=\"group\/conversation-turn relative flex w-full min-w-0 flex-col agent-turn\">\n<div class=\"flex-col gap-1 md:gap-3\">\n<div class=\"flex max-w-full flex-col flex-grow\">\n<div class=\"min-h-8 text-message flex w-full flex-col items-end gap-2 whitespace-normal break-words text-start [.text-message+&amp;]:mt-5\" dir=\"auto\" data-message-author-role=\"assistant\" data-message-id=\"cffa29e8-f112-46da-81c0-9ed74f60547a\" data-message-model-slug=\"gpt-4o\">\n<div class=\"flex w-full flex-col gap-1 empty:hidden first:pt-[3px]\">\n<div class=\"markdown prose w-full break-words dark:prose-invert light\">\n<p>Vookbar Cyber PRO 30000 Puffs Disposable Vape, 5,% nikotina, eleganten dizajn, visoka kapaciteta, idealen za veleprodajo in mno\u017ei\u010dna naro\u010dila.<\/p>\n<\/div>\n<\/div>\n<\/div>\n<\/div>\n<\/div>\n<\/div>\n<figure id=\"attachment_2951\" aria-describedby=\"caption-attachment-2951\" style=\"width: 265px\" class=\"wp-caption alignnone\"><img decoding=\"async\" class=\"size-medium wp-image-2951\" src=\"https:\/\/vapestornado.com\/wp-content\/uploads\/2024\/12\/Wholesale-Disposable-Vape-265x300.jpg\" alt=\"Veleprodaja Vape za Enkratno Uporabo\" width=\"265\" height=\"300\" srcset=\"https:\/\/vapestornado.com\/wp-content\/uploads\/2024\/12\/Wholesale-Disposable-Vape-265x300.jpg 265w, https:\/\/vapestornado.com\/wp-content\/uploads\/2024\/12\/Wholesale-Disposable-Vape-768x871.jpg 768w, https:\/\/vapestornado.com\/wp-content\/uploads\/2024\/12\/Wholesale-Disposable-Vape-600x680.jpg 600w, https:\/\/vapestornado.com\/wp-content\/uploads\/2024\/12\/Wholesale-Disposable-Vape.jpg 823w\" sizes=\"(max-width: 265px) 100vw, 265px\" \/><figcaption id=\"caption-attachment-2951\" class=\"wp-caption-text\">Za Zni\u017eano Ceno se Obrnite na Mandy na WhatsApp\u00a0 <a href=\"https:\/\/wa.me\/8618077105796\">+8618077105796<\/a><\/figcaption><\/figure>\n<p>&nbsp;<\/p>","protected":false},"featured_media":3489,"comment_status":"open","ping_status":"closed","template":"","meta":{"_acf_changed":false,"_uag_custom_page_level_css":"","_lmt_disableupdate":"no","_lmt_disable":"","_monsterinsights_skip_tracking":false,"_monsterinsights_sitenote_active":false,"_monsterinsights_sitenote_note":"","_monsterinsights_sitenote_category":0,"site-sidebar-layout":"default","site-content-layout":"","ast-site-content-layout":"default","site-content-style":"default","site-sidebar-style":"default","ast-global-header-display":"","ast-banner-title-visibility":"","ast-main-header-display":"","ast-hfb-above-header-display":"","ast-hfb-below-header-display":"","ast-hfb-mobile-header-display":"","site-post-title":"","ast-breadcrumbs-content":"","ast-featured-img":"","footer-sml-layout":"","ast-disable-related-posts":"","theme-transparent-header-meta":"default","adv-header-id-meta":"","stick-header-meta":"","header-above-stick-meta":"","header-main-stick-meta":"","header-below-stick-meta":"","astra-migrate-meta-layouts":"set","ast-page-background-enabled":"default","ast-page-background-meta":{"desktop":{"background-color":"","background-image":"","background-repeat":"repeat","background-position":"center center","background-size":"auto","background-attachment":"scroll","background-type":"","background-media":"","overlay-type":"","overlay-color":"","overlay-opacity":"","overlay-gradient":""},"tablet":{"background-color":"","background-image":"","background-repeat":"repeat","background-position":"center center","background-size":"auto","background-attachment":"scroll","background-type":"","background-media":"","overlay-type":"","overlay-color":"","overlay-opacity":"","overlay-gradient":""},"mobile":{"background-color":"","background-image":"","background-repeat":"repeat","background-position":"center center","background-size":"auto","background-attachment":"scroll","background-type":"","background-media":"","overlay-type":"","overlay-color":"","overlay-opacity":"","overlay-gradient":""}},"ast-content-background-meta":{"desktop":{"background-color":"var(--ast-global-color-5)","background-image":"","background-repeat":"repeat","background-position":"center center","background-size":"auto","background-attachment":"scroll","background-type":"","background-media":"","overlay-type":"","overlay-color":"","overlay-opacity":"","overlay-gradient":""},"tablet":{"background-color":"var(--ast-global-color-5)","background-image":"","background-repeat":"repeat","background-position":"center center","background-size":"auto","background-attachment":"scroll","background-type":"","background-media":"","overlay-type":"","overlay-color":"","overlay-opacity":"","overlay-gradient":""},"mobile":{"background-color":"var(--ast-global-color-5)","background-image":"","background-repeat":"repeat","background-position":"center center","background-size":"auto","background-attachment":"scroll","background-type":"","background-media":"","overlay-type":"","overlay-color":"","overlay-opacity":"","overlay-gradient":""}},"_joinchat":{"telephone":"+8618077105796"}},"product_brand":[],"product_cat":[67,149,150,154,155],"product_tag":[97,188],"class_list":{"0":"post-3301","1":"product","2":"type-product","3":"status-publish","4":"has-post-thumbnail","6":"product_cat-30000-puff","7":"product_cat-buy-disposable-vapes-in-austria","8":"product_cat-buy-disposable-vapes-in-belgium","9":"product_cat-buy-disposable-vapes-in-netherlands","10":"product_cat-buy-disposable-vapes-in-norway","11":"product_tag-hot-sale-disposable-vape","12":"product_tag-vookbar-cyber-pro-30000-puffs","13":"desktop-align-left","14":"tablet-align-left","15":"mobile-align-left","17":"first","18":"instock","19":"sale","20":"shipping-taxable","21":"purchasable","22":"product-type-simple"},"acf":[],"uagb_featured_image_src":{"full":["https:\/\/vapestornado.com\/wp-content\/uploads\/2024\/12\/Best-Price-Vookbar-30000-Puff-Vapes.jpg",800,800,false],"thumbnail":["https:\/\/vapestornado.com\/wp-content\/uploads\/2024\/12\/Best-Price-Vookbar-30000-Puff-Vapes-150x150.jpg",150,150,true],"medium":["https:\/\/vapestornado.com\/wp-content\/uploads\/2024\/12\/Best-Price-Vookbar-30000-Puff-Vapes-300x300.jpg",300,300,true],"medium_large":["https:\/\/vapestornado.com\/wp-content\/uploads\/2024\/12\/Best-Price-Vookbar-30000-Puff-Vapes-768x768.jpg",768,768,true],"large":["https:\/\/vapestornado.com\/wp-content\/uploads\/2024\/12\/Best-Price-Vookbar-30000-Puff-Vapes.jpg",800,800,false],"1536x1536":["https:\/\/vapestornado.com\/wp-content\/uploads\/2024\/12\/Best-Price-Vookbar-30000-Puff-Vapes.jpg",800,800,false],"2048x2048":["https:\/\/vapestornado.com\/wp-content\/uploads\/2024\/12\/Best-Price-Vookbar-30000-Puff-Vapes.jpg",800,800,false],"trp-custom-language-flag":["https:\/\/vapestornado.com\/wp-content\/uploads\/2024\/12\/Best-Price-Vookbar-30000-Puff-Vapes.jpg",12,12,false],"woocommerce_thumbnail":["https:\/\/vapestornado.com\/wp-content\/uploads\/2024\/12\/Best-Price-Vookbar-30000-Puff-Vapes-300x300.jpg",300,300,true],"woocommerce_single":["https:\/\/vapestornado.com\/wp-content\/uploads\/2024\/12\/Best-Price-Vookbar-30000-Puff-Vapes-600x600.jpg",600,600,true],"woocommerce_gallery_thumbnail":["https:\/\/vapestornado.com\/wp-content\/uploads\/2024\/12\/Best-Price-Vookbar-30000-Puff-Vapes-100x100.jpg",100,100,true]},"uagb_author_info":{"display_name":"ESMANDY","author_link":"https:\/\/vapestornado.com\/sl\/author\/"},"uagb_comment_info":0,"uagb_excerpt":"Vookbar Cyber PRO 30000 Puffs Disposable Vape, 5% nicotine, sleek design, high capacity, ideal for wholesale and bulk orders. [caption id=\"attachment_2951\" align=\"alignnone\" width=\"265\"] Pls Contact Mandy's WhatsApp For Discount Price\u00a0 +8618077105796[\/caption] &nbsp;","_links":{"self":[{"href":"https:\/\/vapestornado.com\/sl\/wp-json\/wp\/v2\/product\/3301","targetHints":{"allow":["GET"]}}],"collection":[{"href":"https:\/\/vapestornado.com\/sl\/wp-json\/wp\/v2\/product"}],"about":[{"href":"https:\/\/vapestornado.com\/sl\/wp-json\/wp\/v2\/types\/product"}],"replies":[{"embeddable":true,"href":"https:\/\/vapestornado.com\/sl\/wp-json\/wp\/v2\/comments?post=3301"}],"wp:featuredmedia":[{"embeddable":true,"href":"https:\/\/vapestornado.com\/sl\/wp-json\/wp\/v2\/media\/3489"}],"wp:attachment":[{"href":"https:\/\/vapestornado.com\/sl\/wp-json\/wp\/v2\/media?parent=3301"}],"wp:term":[{"taxonomy":"product_brand","embeddable":true,"href":"https:\/\/vapestornado.com\/sl\/wp-json\/wp\/v2\/product_brand?post=3301"},{"taxonomy":"product_cat","embeddable":true,"href":"https:\/\/vapestornado.com\/sl\/wp-json\/wp\/v2\/product_cat?post=3301"},{"taxonomy":"product_tag","embeddable":true,"href":"https:\/\/vapestornado.com\/sl\/wp-json\/wp\/v2\/product_tag?post=3301"}],"curies":[{"name":"wp","href":"https:\/\/api.w.org\/{rel}","templated":true}]}}