{"id":3289,"date":"2024-12-20T06:26:27","date_gmt":"2024-12-20T06:26:27","guid":{"rendered":"https:\/\/vapestornado.com\/?post_type=product&#038;p=3289"},"modified":"2025-12-09T08:34:55","modified_gmt":"2025-12-09T08:34:55","slug":"aivono-flash-35000-puffs-rechargeable-disposable-vape-bulk-buy","status":"publish","type":"product","link":"https:\/\/vapestornado.com\/sl\/product\/aivono-flash-35000-puffs-rechargeable-disposable-vape-bulk-buy\/","title":{"rendered":"Aivono Flash 35000 Vpihov Polnilni Vape za enkratno uporabo - Nakup v razsutem stanju"},"content":{"rendered":"<h2 class=\"sr-only\">Aivono Flash 35000 vdihov Polnljiv in enkratni vape z nastavljivim na\u010dinom vapinga in dvojno mre\u017eno tuljavo<\/h2>\n<p><strong data-start=\"107\" data-end=\"135\">Aivono Flash 35000 Vpihov<\/strong> je visokozmogljiv polnljiv enkratni vapor za vaperje, ki \u017eelijo dolgo delovanje, jasen nadzor in zagon, ki ga je mogo\u010de prilagoditi osebnemu okusu. Z <strong data-start=\"281\" data-end=\"303\">do 35.000 vdihov<\/strong> in <strong data-start=\"310\" data-end=\"334\">36 ml vnapolnjen rezervoar<\/strong>, je zasnovan tako, da zdr\u017ei tedne namesto dni. <strong data-start=\"386\" data-end=\"404\">dvojna mre\u017easta tuljava<\/strong> nudi gost oblak pare in stabilen okus, medtem ko <strong data-start=\"453\" data-end=\"487\">nastavljiv pretok zraka in mo\u010d<\/strong> dovolita, da nastavite napravo po svoji \u017eelji, namesto da sprejmete enoten na\u010din delovanja. A <strong data-start=\"580\" data-end=\"603\">ukrivljen pametni zaslon<\/strong> vas obve\u0161\u010da o stanju baterije in teko\u010dine, in <strong data-start=\"652\" data-end=\"666\">otro\u0161ka zaklepka<\/strong> doda plast prakti\u010dne varnosti.<\/p>\n<h3 data-start=\"921\" data-end=\"996\">Zakaj je Aivono Flash 35000 vdihov dobra izbira za vaperje v Sloveniji?<\/h3>\n<ul data-start=\"998\" data-end=\"1872\">\n<li data-start=\"998\" data-end=\"1192\">\n<p data-start=\"1000\" data-end=\"1192\"><strong data-start=\"1000\" data-end=\"1037\">Kapaciteta podprta z dejanskimi specifikacijami.<\/strong> Trditev 35K je podprta z <strong data-start=\"1065\" data-end=\"1085\">36 ml e-teko\u010dine<\/strong> in polnilno baterijo, zato lahko naprava realno zagotavlja dalj\u0161o uporabo brez zgodnjega izpraznjenja.<\/p>\n<\/li>\n<li data-start=\"1194\" data-end=\"1399\">\n<p data-start=\"1196\" data-end=\"1399\"><strong data-start=\"1196\" data-end=\"1237\">Prilagodljivost, ki spreminja vsakodnevno uporabo.<\/strong> <strong data-start=\"1238\" data-end=\"1283\">Dvosmerni pretok zraka in nastavljiva mo\u010d<\/strong> dovolita, da prilagodite zagon in raven pare \u2014 tesnej\u0161i in mirnej\u0161i za dnevno uporabo, bolj odprt in mo\u010dan, ko ga \u017eelite.<\/p>\n<\/li>\n<li data-start=\"1401\" data-end=\"1580\">\n<p data-start=\"1403\" data-end=\"1580\"><strong data-start=\"1403\" data-end=\"1443\">Dvojne mre\u017ene tuljave ohranjajo okus stabilen.<\/strong> Mre\u017eno ogrevanje enakomerno razporeja toploto. Pri dolgotrajni uporabi to pomeni <strong data-start=\"1504\" data-end=\"1546\">manj\u0161o bledenje okusa in manj ostrega zadaha<\/strong> v primerjavi s standardnimi nastavki tuljav.<\/p>\n<\/li>\n<li data-start=\"1582\" data-end=\"1757\">\n<p data-start=\"1584\" data-end=\"1757\"><strong data-start=\"1584\" data-end=\"1641\">Polnljiva baterija kobalta je zasnovana za doslednost.<\/strong> The <strong data-start=\"1646\" data-end=\"1690\">Baterija 850mAh z hitrim polnjenjem Type-C<\/strong> ohranja nizko obdobje izpada in stabilno delovanje, dokler ne zmanjka rezervoarja.<\/p>\n<\/li>\n<li data-start=\"1759\" data-end=\"1872\">\n<p data-start=\"1761\" data-end=\"1872\"><strong data-start=\"1761\" data-end=\"1787\">Preprosta varnostna nadgradnja.<\/strong> The <strong data-start=\"1792\" data-end=\"1806\">otro\u0161ka zaklepka<\/strong> je resni\u010dna korist za gospodinjstva in potovanja, ne le marketin\u0161ki trik.<\/p>\n<\/li>\n<\/ul>\n<p><strong>Dodajte Amy na Whatsapp in prejmite takoj\u0161en odgovor ter kupon za vape!<\/strong><\/p>\n<p><img fetchpriority=\"high\" decoding=\"async\" class=\"size-full wp-image-2932\" src=\"https:\/\/vapestornado.com\/wp-content\/uploads\/2024\/12\/Vape-Wholesale.jpg\" alt=\"Vape Veleprodaja\" width=\"229\" height=\"300\" \/><\/p>\n<h3><a href=\"https:\/\/wa.me\/8617776015835\" target=\"_blank\" rel=\"noopener\"><span style=\"color: #ff0000;\"><strong>WhatsApp: +386 17776015835<\/strong><\/span><\/a><\/h3>\n<p>&nbsp;<\/p>\n<p><span style=\"font-size: 1.5em; font-weight: bold;\">Aivono Flash 35000 Klju\u010dne lastnosti izdelka\u00a0<\/span><\/p>\n<div role=\"article\" data-tabster=\"{&quot;groupper&quot;:{&quot;tabbability&quot;:2},&quot;focusable&quot;:{}}\" data-content=\"ai-message\" aria-labelledby=\"juhNTJ6o7Gk1cgwZMJgv2-author juhNTJ6o7Gk1cgwZMJgv2-content\">\n<div id=\"juhNTJ6o7Gk1cgwZMJgv2-content\">\n<div role=\"article\" data-tabster=\"{&quot;groupper&quot;:{&quot;tabbability&quot;:2},&quot;focusable&quot;:{}}\" data-content=\"ai-message\" aria-labelledby=\"x4EZuCZWrTbh3weWUt7CU-author x4EZuCZWrTbh3weWUt7CU-content\">\n<div id=\"x4EZuCZWrTbh3weWUt7CU-content\">\n<table>\n<thead>\n<tr>\n<th>Zna\u010dilnosti<\/th>\n<th>Spec<\/th>\n<th>Podrobnosti<\/th>\n<\/tr>\n<\/thead>\n<tbody>\n<tr>\n<td>Zmogljivost vdihovanja<\/td>\n<td>Do 35.000 vpihov<\/td>\n<td>Podalj\u0161ana \u017eivljenjska doba namenjena ve\u010dtedenski uporabi.<\/td>\n<\/tr>\n<tr>\n<td>Prostornina E-teko\u010dine<\/td>\n<td>36 ml vnaprej napolnjeno<\/td>\n<td>Velik rezervoar podpira dolge seje in stabilen izhod.<\/td>\n<\/tr>\n<tr>\n<td>Sistem tuljave<\/td>\n<td>Dvojna mre\u017easta tuljava<\/td>\n<td>Enakomerno segrevanje za gosto paro in trajen okus.<\/td>\n<\/tr>\n<tr>\n<td>Baterija<\/td>\n<td>850mAh polnilna kobaltna baterija<\/td>\n<td>Zanesljivo zagotavljanje mo\u010di; ponovno polnjenje za uporabo celotnega rezervoarja.<\/td>\n<\/tr>\n<tr>\n<td>Polnjenje<\/td>\n<td>hitro polnjenje Type-C<\/td>\n<td>Hitra dopolnjevanja z modernimi EU-standardnimi kabli.<\/td>\n<\/tr>\n<tr>\n<td>Zra\u010dni tok<\/td>\n<td>Prilagodljiv, z dvema hitrostma<\/td>\n<td>Preklapljajte med tesnej\u0161im MTL in bolj zra\u010dno DTL slogom.<\/td>\n<\/tr>\n<tr>\n<td>Mo\u010d<\/td>\n<td>Nastavljiv izhod<\/td>\n<td>Prilagaja mo\u010d pare in toploto.<\/td>\n<\/tr>\n<tr>\n<td>Zaslon<\/td>\n<td>Pameten ukrivljen zaslon<\/td>\n<td>\u017divi prikaz stanja baterije + e-tekline, enostavno berljivo.<\/td>\n<\/tr>\n<tr>\n<td>Varnost<\/td>\n<td>Zaklepanje za otroke<\/td>\n<td>Zmanj\u0161uje nenamerno aktivacijo in zagotavlja mir v du\u0161i.<\/td>\n<\/tr>\n<tr>\n<td>Nivoji nikotina<\/td>\n<td>0% \/ 2% \/ 5% solni nikotin<\/td>\n<td>Brez nikotina, mo\u017enosti z nizko in mo\u010dno vsebnostjo.<\/td>\n<\/tr>\n<tr>\n<td>Okusi<\/td>\n<td>15 okusov<\/td>\n<td>\u0160irok izbor, vklju\u010dno z sadnimi in hlajilnimi profili.<\/td>\n<\/tr>\n<\/tbody>\n<\/table>\n<figure id=\"attachment_3284\" aria-describedby=\"caption-attachment-3284\" style=\"width: 800px\" class=\"wp-caption alignnone\"><img decoding=\"async\" class=\"wp-image-3284 size-full\" src=\"https:\/\/vapestornado.com\/wp-content\/uploads\/2024\/12\/AIVONO-FLASH-35000-Disposable-Vape-Wholesale.jpg\" alt=\"AIVONO FLASH 35000 Vape za enkratno uporabo na debelo\" width=\"800\" height=\"800\" srcset=\"https:\/\/vapestornado.com\/wp-content\/uploads\/2024\/12\/AIVONO-FLASH-35000-Disposable-Vape-Wholesale.jpg 800w, https:\/\/vapestornado.com\/wp-content\/uploads\/2024\/12\/AIVONO-FLASH-35000-Disposable-Vape-Wholesale-300x300.jpg 300w, https:\/\/vapestornado.com\/wp-content\/uploads\/2024\/12\/AIVONO-FLASH-35000-Disposable-Vape-Wholesale-150x150.jpg 150w, https:\/\/vapestornado.com\/wp-content\/uploads\/2024\/12\/AIVONO-FLASH-35000-Disposable-Vape-Wholesale-768x768.jpg 768w, https:\/\/vapestornado.com\/wp-content\/uploads\/2024\/12\/AIVONO-FLASH-35000-Disposable-Vape-Wholesale-600x600.jpg 600w, https:\/\/vapestornado.com\/wp-content\/uploads\/2024\/12\/AIVONO-FLASH-35000-Disposable-Vape-Wholesale-100x100.jpg 100w\" sizes=\"(max-width: 800px) 100vw, 800px\" \/><figcaption id=\"caption-attachment-3284\" class=\"wp-caption-text\">AIVONO FLASH 35000 Vape za enkratno uporabo na debelo<\/figcaption><\/figure>\n<\/div>\n<\/div>\n<\/div>\n<\/div>\n<h2 class=\"product-title\"><strong>Priljubljen okus za Aivono Flash 35000 Puffs<\/strong><\/h2>\n<h3><\/h3>\n<ol>\n<li>Jagoda Led<\/li>\n<li>Jagoda Lubenica<strong> <span style=\"color: #ff0000;\">&gt;&gt;&gt;&gt;&gt; Vro\u010de!<\/span><\/strong><\/li>\n<li>Malina \u010de\u0161nja<\/li>\n<li>Modra malina <strong><span style=\"color: #ff0000;\">&gt;&gt;&gt;&gt;&gt; Vro\u010de!<\/span><\/strong><\/li>\n<li>Limona Meta<\/li>\n<li>Sok breskve<\/li>\n<li>Borovnica grozdje<\/li>\n<li>Lubenica Led<\/li>\n<li>Jabol\u010dna jagoda<\/li>\n<li>Mango Ananas<\/li>\n<li>Modri ran\u010d<\/li>\n<li>Jagodni sladoled<\/li>\n<li>Grozdni led<\/li>\n<li>Me\u0161ano jagodi\u010devje <strong><span style=\"color: #ff0000;\">&gt;&gt;&gt;&gt;&gt; Najbolj\u0161e!<\/span><\/strong><\/li>\n<li>Jagoda kivi<\/li>\n<\/ol>\n<h3>Zakaj izbrati vapestornado za veleprodajo vape Aivono Flash 35000 Puffs?<\/h3>\n<div class=\"flex-shrink-0 flex flex-col relative items-end\">\n<div class=\"pt-0\">\n<div class=\"gizmo-bot-avatar flex h-8 w-8 items-center justify-center overflow-hidden rounded-full\">\n<div class=\"relative p-1 rounded-sm flex items-center justify-center bg-token-main-surface-primary text-token-text-primary h-8 w-8\">\n<p>Dobrodo\u0161li v vapestornadu, va\u0161i zaupanja vredni spletni trgovini z veipi za vrhunske veipe za enkratno uporabo. Z ve\u010d kot 5-letnimi izku\u0161njami vam prina\u0161amo priljubljene blagovne znamke veipov za enkratno uporabo, kot so Fumot RandM Vape, <a href=\"https:\/\/vapestornado.com\/sl\/product\/vapme-crystal-7000-puffs-rechargeable-disposable-vape-wholesale-cheap-price\/\">Vapme<\/a>, Bang Vape, Waspe Vape in WGA Vape, itd.<\/p>\n<p>Na\u0161a ponudba vklju\u010duje vro\u010de prodajane veipe, kot je <a href=\"https:\/\/vapestornado.com\/sl\/product\/fumot-randm-tornado-15000-puffs-rechargeable-disposable-vape-wholesale\/\">RandM Tornado 15000<\/a>, in izbire, bogate z okusi, kot je <a href=\"https:\/\/vapestornado.com\/sl\/product\/vapsolo-dg-18000-puffs-smart-screen-wholesale-disposable-cheap-vapes\/\">\u00a0Vapsolo DG18000 Vpihov<\/a> Vsak izdelek je izbran s poudarkom na kakovosti, vrednosti in raznolikosti, kar zagotavlja, da boste na\u0161li popolno ujemanje za svoje potrebe. Odkrijte izjemno storitev in \u0161iroko paleto vrhunskih izdelkov po veleprodajni ceni pri vapestornado.<\/p>\n<\/div>\n<h3><\/h3>\n<div class=\"relative p-1 rounded-sm flex items-center justify-center bg-token-main-surface-primary text-token-text-primary h-8 w-8\">\n<h3>Pogosta vpra\u0161anja za vape Aivono Flash 35k za enkratno uporabo<\/h3>\n<\/div>\n<\/div>\n<\/div>\n<\/div>\n<div class=\"flex-shrink-0 flex flex-col relative items-end\">\n<div class=\"pt-0\">\n<div class=\"gizmo-bot-avatar flex h-8 w-8 items-center justify-center overflow-hidden rounded-full\">\n<div class=\"relative p-1 rounded-sm flex items-center justify-center bg-token-main-surface-primary text-token-text-primary h-8 w-8\">\n<div class=\"mb-2 flex gap-3 empty:hidden -ml-2\">\n<div role=\"article\" data-tabster=\"{&quot;groupper&quot;:{&quot;tabbability&quot;:2},&quot;focusable&quot;:{}}\" data-content=\"ai-message\" aria-labelledby=\"Vdt5ez4X7Tg813x6rFVha-author Vdt5ez4X7Tg813x6rFVha-content\">\n<div id=\"Vdt5ez4X7Tg813x6rFVha-content\">\n<div role=\"article\" data-tabster=\"{&quot;groupper&quot;:{&quot;tabbability&quot;:2},&quot;focusable&quot;:{}}\" data-content=\"ai-message\" aria-labelledby=\"o968oC7CEo2fGHsGdsRYC-author o968oC7CEo2fGHsGdsRYC-content\">\n<div id=\"o968oC7CEo2fGHsGdsRYC-content\">\n<div class=\"flex max-w-full flex-col flex-grow\">\n<div class=\"min-h-8 text-message flex w-full flex-col items-end gap-2 whitespace-normal break-words text-start [.text-message+&amp;]:mt-5\" dir=\"auto\" data-message-author-role=\"assistant\" data-message-id=\"b080906d-586a-45a5-bbed-ade28bd7e809\" data-message-model-slug=\"gpt-4o\">\n<div class=\"flex w-full flex-col gap-1 empty:hidden first:pt-[3px]\">\n<div class=\"markdown prose w-full break-words dark:prose-invert light\">\n<ol data-start=\"3738\" data-end=\"4924\">\n<li data-start=\"3738\" data-end=\"3959\">\n<p data-start=\"3741\" data-end=\"3959\"><strong data-start=\"3741\" data-end=\"3827\">Kako vpliva dvojna mre\u017ena tuljava Aivono Flash 35000 Puffs na okus pri dolgotrajni uporabi?<\/strong><br data-start=\"3827\" data-end=\"3830\" \/>Dvojne mre\u017ene tuljave segrevajo enakomerneje kot enojne \u017ei\u010dne tuljave, kar pomaga, da Flash 35K ohrani konsistenten okus globlje v 36 ml rezervoarju.<\/p>\n<\/li>\n<li data-start=\"3961\" data-end=\"4212\">\n<p data-start=\"3964\" data-end=\"4212\"><strong data-start=\"3964\" data-end=\"4065\">Kak\u0161na je prednost nastavljive mo\u010di na Aivono Flash 35000 ponovno polnljivi enkratni vape?<\/strong><br data-start=\"4065\" data-end=\"4068\" \/>Nastavljiva mo\u010d vam omogo\u010da nadzor nad toploto in intenzivnostjo pare. Ni\u017eje nastavitve ustrezajo bolj gladkemu vsakodnevnemu vdihu, vi\u0161je nastavitve pa ustvarjajo gostej\u0161e oblake.<\/p>\n<\/li>\n<li data-start=\"4214\" data-end=\"4429\">\n<p data-start=\"4217\" data-end=\"4429\"><strong data-start=\"4217\" data-end=\"4297\">Ali deluje dvostopenjsko pretok zraka Aivono Flash 35K za uporabnike MTL in DTL?<\/strong><br data-start=\"4297\" data-end=\"4300\" \/>Da. Tesnej\u0161a nastavitev pretoka zraka podpira vdihavanje v stilu MTL, medtem ko bolj odprta nastavitev omogo\u010da uporabnikom DTL svobodnej\u0161i, vi\u0161ji vdiha pare.<\/p>\n<\/li>\n<li data-start=\"4431\" data-end=\"4670\">\n<p data-start=\"4434\" data-end=\"4670\"><strong data-start=\"4434\" data-end=\"4533\">Ali lahko Aivono Flash 35000 Type-C ponovno polnljivi enkratni vape izprazni celoten rezervoar z 36 ml e-tek\u010dine?<\/strong><br data-start=\"4533\" data-end=\"4536\" \/>To je namen njegovega ponovno polnljivega dizajna. \u010ce se baterija izprazni pred izpraznitvijo teko\u010dine, hitro polnjenje preko Type-C omogo\u010da nadaljevanje uporabe.<\/p>\n<\/li>\n<li data-start=\"4672\" data-end=\"4924\">\n<p data-start=\"4675\" data-end=\"4924\"><strong data-start=\"4675\" data-end=\"4785\">Je Aivono Flash 35000 Puffs visokozmogljiv vape primeren za te\u017eke uporabnike, ki \u017eelijo stabilen izpust pare?<\/strong><br data-start=\"4785\" data-end=\"4788\" \/>Zasnovan je za tak\u0161no rutino: velik volumen teko\u010dine, dvojne mre\u017ene tuljave in nastavljiva mo\u010d ohranjajo gostoto pare stabilno skozi dolge seje.<\/p>\n<\/li>\n<\/ol>\n<\/div>\n<\/div>\n<\/div>\n<\/div>\n<\/div>\n<\/div>\n<\/div>\n<\/div>\n<\/div>\n<\/div>\n<\/div>\n<\/div>\n<\/div>","protected":false},"excerpt":{"rendered":"<p>Aivono Aim Flash 35000 Puffs 2% 5% nizka vsebnost nikotina za enkratno uporabo, veleprodajna cena<br \/>\nAivono Flash 35000 Puffs, ponovno polnjenje, za enkratno uporabo, veleprodaja<br \/>\nPoceni tovarna Aivono Aim Flash 35000 Puffs 2% 5% nizka vsebnost nikotina za enkratno uporabo<\/p>\n<p><strong>Dodajte Amy na WhatsApp in prejmite takoj\u0161en odgovor ter kupon za vape!<\/strong><\/p>\n<p><img fetchpriority=\"high\" decoding=\"async\" class=\"size-full wp-image-2932\" src=\"https:\/\/vapestornado.com\/wp-content\/uploads\/2024\/12\/Vape-Wholesale.jpg\" alt=\"Vape Veleprodaja\" width=\"229\" height=\"300\" \/><\/p>\n<h3><a href=\"https:\/\/wa.me\/8617776015835\"><span style=\"color: #ff0000;\"><strong>WhatsApp: +386 17776015835<\/strong><\/span><\/a><\/h3>\n<p>&nbsp;<\/p>","protected":false},"featured_media":3283,"comment_status":"open","ping_status":"closed","template":"","meta":{"_acf_changed":false,"_uag_custom_page_level_css":"","_lmt_disableupdate":"no","_lmt_disable":"","_monsterinsights_skip_tracking":false,"_monsterinsights_sitenote_active":false,"_monsterinsights_sitenote_note":"","_monsterinsights_sitenote_category":0,"site-sidebar-layout":"default","site-content-layout":"","ast-site-content-layout":"default","site-content-style":"default","site-sidebar-style":"default","ast-global-header-display":"","ast-banner-title-visibility":"","ast-main-header-display":"","ast-hfb-above-header-display":"","ast-hfb-below-header-display":"","ast-hfb-mobile-header-display":"","site-post-title":"","ast-breadcrumbs-content":"","ast-featured-img":"","footer-sml-layout":"","ast-disable-related-posts":"","theme-transparent-header-meta":"default","adv-header-id-meta":"","stick-header-meta":"","header-above-stick-meta":"","header-main-stick-meta":"","header-below-stick-meta":"","astra-migrate-meta-layouts":"set","ast-page-background-enabled":"default","ast-page-background-meta":{"desktop":{"background-color":"","background-image":"","background-repeat":"repeat","background-position":"center center","background-size":"auto","background-attachment":"scroll","background-type":"","background-media":"","overlay-type":"","overlay-color":"","overlay-opacity":"","overlay-gradient":""},"tablet":{"background-color":"","background-image":"","background-repeat":"repeat","background-position":"center center","background-size":"auto","background-attachment":"scroll","background-type":"","background-media":"","overlay-type":"","overlay-color":"","overlay-opacity":"","overlay-gradient":""},"mobile":{"background-color":"","background-image":"","background-repeat":"repeat","background-position":"center center","background-size":"auto","background-attachment":"scroll","background-type":"","background-media":"","overlay-type":"","overlay-color":"","overlay-opacity":"","overlay-gradient":""}},"ast-content-background-meta":{"desktop":{"background-color":"var(--ast-global-color-5)","background-image":"","background-repeat":"repeat","background-position":"center center","background-size":"auto","background-attachment":"scroll","background-type":"","background-media":"","overlay-type":"","overlay-color":"","overlay-opacity":"","overlay-gradient":""},"tablet":{"background-color":"var(--ast-global-color-5)","background-image":"","background-repeat":"repeat","background-position":"center center","background-size":"auto","background-attachment":"scroll","background-type":"","background-media":"","overlay-type":"","overlay-color":"","overlay-opacity":"","overlay-gradient":""},"mobile":{"background-color":"var(--ast-global-color-5)","background-image":"","background-repeat":"repeat","background-position":"center center","background-size":"auto","background-attachment":"scroll","background-type":"","background-media":"","overlay-type":"","overlay-color":"","overlay-opacity":"","overlay-gradient":""}},"_joinchat":{"telephone":"+8617776015835"}},"product_brand":[],"product_cat":[175,176,151,157,158,142,144],"product_tag":[185,165,97,166,184,94],"class_list":{"0":"post-3289","1":"product","2":"type-product","3":"status-publish","4":"has-post-thumbnail","6":"product_cat-35000-puff","7":"product_cat-aivono-vape","8":"product_cat-buy-disposable-vapes-in-france","9":"product_cat-buy-disposable-vapes-in-portugal","10":"product_cat-buy-disposable-vapes-in-spain","11":"product_cat-digital-box-disposable-vapes","12":"product_cat-low-nicotine-disposable-vapes","13":"product_tag-aivono-flash-35000-puffs","14":"product_tag-cheap-vapes","15":"product_tag-hot-sale-disposable-vape","16":"product_tag-low-nicotine-vape","17":"product_tag-puff-35k","18":"product_tag-rechargeable-disposable-vape","19":"desktop-align-left","20":"tablet-align-left","21":"mobile-align-left","23":"first","24":"instock","25":"sale","26":"shipping-taxable","27":"purchasable","28":"product-type-simple"},"acf":[],"uagb_featured_image_src":{"full":["https:\/\/vapestornado.com\/wp-content\/uploads\/2024\/12\/Aivono-35000-Puffs-Disposable-Vape-Wholesale.jpg",800,800,false],"thumbnail":["https:\/\/vapestornado.com\/wp-content\/uploads\/2024\/12\/Aivono-35000-Puffs-Disposable-Vape-Wholesale-150x150.jpg",150,150,true],"medium":["https:\/\/vapestornado.com\/wp-content\/uploads\/2024\/12\/Aivono-35000-Puffs-Disposable-Vape-Wholesale-300x300.jpg",300,300,true],"medium_large":["https:\/\/vapestornado.com\/wp-content\/uploads\/2024\/12\/Aivono-35000-Puffs-Disposable-Vape-Wholesale-768x768.jpg",768,768,true],"large":["https:\/\/vapestornado.com\/wp-content\/uploads\/2024\/12\/Aivono-35000-Puffs-Disposable-Vape-Wholesale.jpg",800,800,false],"1536x1536":["https:\/\/vapestornado.com\/wp-content\/uploads\/2024\/12\/Aivono-35000-Puffs-Disposable-Vape-Wholesale.jpg",800,800,false],"2048x2048":["https:\/\/vapestornado.com\/wp-content\/uploads\/2024\/12\/Aivono-35000-Puffs-Disposable-Vape-Wholesale.jpg",800,800,false],"trp-custom-language-flag":["https:\/\/vapestornado.com\/wp-content\/uploads\/2024\/12\/Aivono-35000-Puffs-Disposable-Vape-Wholesale.jpg",12,12,false],"woocommerce_thumbnail":["https:\/\/vapestornado.com\/wp-content\/uploads\/2024\/12\/Aivono-35000-Puffs-Disposable-Vape-Wholesale-300x300.jpg",300,300,true],"woocommerce_single":["https:\/\/vapestornado.com\/wp-content\/uploads\/2024\/12\/Aivono-35000-Puffs-Disposable-Vape-Wholesale-600x600.jpg",600,600,true],"woocommerce_gallery_thumbnail":["https:\/\/vapestornado.com\/wp-content\/uploads\/2024\/12\/Aivono-35000-Puffs-Disposable-Vape-Wholesale-100x100.jpg",100,100,true]},"uagb_author_info":{"display_name":"ESAMY","author_link":"https:\/\/vapestornado.com\/sl\/author\/"},"uagb_comment_info":0,"uagb_excerpt":"Aivono Aim Flash 35000 Puffs 2% 5% Low Nicotine Disposable Vape Bulk Buy Price Aivono Flash 35000 Puffs Rechargeable Disposable Vape Wholesale Cheap Factory\u00a0Aivono Aim Flash 35000 Puffs 2% 5% Low Nicotine Disposable Vape Add Amy's whatsapp get right reply and vape vape coupon! WhatsApp: +86 17776015835 &nbsp;","_links":{"self":[{"href":"https:\/\/vapestornado.com\/sl\/wp-json\/wp\/v2\/product\/3289","targetHints":{"allow":["GET"]}}],"collection":[{"href":"https:\/\/vapestornado.com\/sl\/wp-json\/wp\/v2\/product"}],"about":[{"href":"https:\/\/vapestornado.com\/sl\/wp-json\/wp\/v2\/types\/product"}],"replies":[{"embeddable":true,"href":"https:\/\/vapestornado.com\/sl\/wp-json\/wp\/v2\/comments?post=3289"}],"wp:featuredmedia":[{"embeddable":true,"href":"https:\/\/vapestornado.com\/sl\/wp-json\/wp\/v2\/media\/3283"}],"wp:attachment":[{"href":"https:\/\/vapestornado.com\/sl\/wp-json\/wp\/v2\/media?parent=3289"}],"wp:term":[{"taxonomy":"product_brand","embeddable":true,"href":"https:\/\/vapestornado.com\/sl\/wp-json\/wp\/v2\/product_brand?post=3289"},{"taxonomy":"product_cat","embeddable":true,"href":"https:\/\/vapestornado.com\/sl\/wp-json\/wp\/v2\/product_cat?post=3289"},{"taxonomy":"product_tag","embeddable":true,"href":"https:\/\/vapestornado.com\/sl\/wp-json\/wp\/v2\/product_tag?post=3289"}],"curies":[{"name":"wp","href":"https:\/\/api.w.org\/{rel}","templated":true}]}}