{"id":3275,"date":"2024-12-19T09:37:17","date_gmt":"2024-12-19T09:37:17","guid":{"rendered":"https:\/\/vapestornado.com\/?post_type=product&#038;p=3275"},"modified":"2025-08-23T11:21:53","modified_gmt":"2025-08-23T11:21:53","slug":"fumot-tornado-30000-puffs-music-disposable-vape","status":"publish","type":"product","link":"https:\/\/vapestornado.com\/sl\/product\/fumot-tornado-30000-puffs-music-disposable-vape\/","title":{"rendered":"Fumot Tornado 30000 Vpihov Music Vape za enkratno uporabo"},"content":{"rendered":"<h1>Fumot Tornado 30000 Vpihov Music Vape za enkratno uporabo<\/h1>\n<h2>Kaj je Fumot Tornado 30000 Vpihov Glasbena Vape za Enkratno Uporabo?<\/h2>\n<p data-start=\"206\" data-end=\"569\">The <strong data-start=\"210\" data-end=\"261\">Fumot Tornado 30000 Vpihov Music Vape za enkratno uporabo<\/strong> zdru\u017euje zabavo z zmogljivostjo in ponuja trgovcem na debelo in drobno napravo, ki presega standardne izdelke za enkratno uporabo. Z masivnim <strong data-start=\"399\" data-end=\"423\">Kapaciteta 30.000 vdihov<\/strong> in <strong data-start=\"430\" data-end=\"461\">600 mAh polnilna baterija<\/strong>ponuja podalj\u0161ane seje z doslednim izhodom, kar je kot nala\u0161\u010d za kupce na debelo, ki ciljajo na dolgoro\u010dno vrednost.<\/p>\n<p data-start=\"571\" data-end=\"885\">Njegova izjemna lastnost je <strong data-start=\"599\" data-end=\"628\">RGB osvetlitev, sinhronizirana z glasbo<\/strong>, ki ustvarja dinami\u010dno vzdu\u0161je, podobno klubu, ki odmeva pri mlaj\u0161ih slovenskih potro\u0161nikih. V kombinaciji z <strong data-start=\"727\" data-end=\"745\">Mre\u017ena tuljava 1,0 \u03a9<\/strong>Tornado 30K zagotavlja gladko paro, goste oblake in mo\u010dan okus v <strong data-start=\"835\" data-end=\"856\">30 edinstvenih mo\u017enostih<\/strong>\u2014od sadnih do ledenih me\u0161anic.<\/p>\n<p data-start=\"887\" data-end=\"1306\">The <strong data-start=\"891\" data-end=\"920\">Vrata za hitro polnjenje Type-C<\/strong> zmanj\u0161uje \u010das nedelovanja, medtem ko izbira nikotina <strong data-start=\"967\" data-end=\"980\">2% in 5%<\/strong> omogo\u010da prilagodljivost za razli\u010dne uporabni\u0161ke segmente. Eleganten, prenosen in privla\u010den model ni zanimiv samo kot vape, temve\u010d tudi kot \u017eivljenjski slog. Za distributerje je njegova <strong data-start=\"1158\" data-end=\"1215\">konkuren\u010dna veleprodajna cena in mo\u010dna privla\u010dnost na policah<\/strong> odli\u010dna dopolnitev zalogi po vsej Sloveniji.<\/p>\n<h3><strong>Zna\u010dilnosti izdelka<\/strong><\/h3>\n<ul>\n<li><strong>Visoko \u0161tevilo vdihov<\/strong>: Zagotavlja do 30.000 vpihov za dalj\u0161o uporabo.<\/li>\n<li><strong>Lu\u010di, Sinhronizirane z Glasbo<\/strong>: LED lu\u010di, ki se spreminjajo z ritmom va\u0161e glasbe.<\/li>\n<li><strong>Vrhunska Mre\u017easta Tuljava<\/strong>: 1,0\u03a9 mre\u017easta tuljava zagotavlja gladko paro in poln okus.<\/li>\n<li><strong>Polnilna baterija<\/strong>: 600mAh baterija s hitrim polnjenjem Type-C.<\/li>\n<li><strong>\u0160irok Izbor Okusov<\/strong>: 30 edinstvenih okusov za zadovoljitev vseh preferenc.<\/li>\n<\/ul>\n<p><img fetchpriority=\"high\" decoding=\"async\" class=\"alignnone size-full wp-image-3277\" src=\"https:\/\/vapestornado.com\/wp-content\/uploads\/2024\/12\/Fumot-Tornado-Vape-30000-Puffs-Wholesale-Store.png\" alt=\"Veleprodajna trgovina za Fumot Tornado Vape 30000 Vpihov\" width=\"900\" height=\"416\" srcset=\"https:\/\/vapestornado.com\/wp-content\/uploads\/2024\/12\/Fumot-Tornado-Vape-30000-Puffs-Wholesale-Store.png 900w, https:\/\/vapestornado.com\/wp-content\/uploads\/2024\/12\/Fumot-Tornado-Vape-30000-Puffs-Wholesale-Store-300x139.png 300w, https:\/\/vapestornado.com\/wp-content\/uploads\/2024\/12\/Fumot-Tornado-Vape-30000-Puffs-Wholesale-Store-768x355.png 768w, https:\/\/vapestornado.com\/wp-content\/uploads\/2024\/12\/Fumot-Tornado-Vape-30000-Puffs-Wholesale-Store-600x277.png 600w\" sizes=\"(max-width: 900px) 100vw, 900px\" \/><img decoding=\"async\" class=\"alignnone size-full wp-image-3281\" src=\"https:\/\/vapestornado.com\/wp-content\/uploads\/2024\/12\/30000-Puffs-Fumot-Tornado-Disposable-Vape-Wholesale.png\" alt=\"Veleprodaja 30000 Vpihov za Enkratno Uporabo Fumot Tornado\" width=\"900\" height=\"393\" srcset=\"https:\/\/vapestornado.com\/wp-content\/uploads\/2024\/12\/30000-Puffs-Fumot-Tornado-Disposable-Vape-Wholesale.png 900w, https:\/\/vapestornado.com\/wp-content\/uploads\/2024\/12\/30000-Puffs-Fumot-Tornado-Disposable-Vape-Wholesale-300x131.png 300w, https:\/\/vapestornado.com\/wp-content\/uploads\/2024\/12\/30000-Puffs-Fumot-Tornado-Disposable-Vape-Wholesale-768x335.png 768w, https:\/\/vapestornado.com\/wp-content\/uploads\/2024\/12\/30000-Puffs-Fumot-Tornado-Disposable-Vape-Wholesale-600x262.png 600w\" sizes=\"(max-width: 900px) 100vw, 900px\" \/> <img decoding=\"async\" class=\"alignnone size-full wp-image-3282\" src=\"https:\/\/vapestornado.com\/wp-content\/uploads\/2024\/12\/Bulk-Fumot-Tornado-30K-Disposable-Vape-Music-Edition.png\" alt=\"\" width=\"900\" height=\"392\" srcset=\"https:\/\/vapestornado.com\/wp-content\/uploads\/2024\/12\/Bulk-Fumot-Tornado-30K-Disposable-Vape-Music-Edition.png 900w, https:\/\/vapestornado.com\/wp-content\/uploads\/2024\/12\/Bulk-Fumot-Tornado-30K-Disposable-Vape-Music-Edition-300x131.png 300w, https:\/\/vapestornado.com\/wp-content\/uploads\/2024\/12\/Bulk-Fumot-Tornado-30K-Disposable-Vape-Music-Edition-768x335.png 768w, https:\/\/vapestornado.com\/wp-content\/uploads\/2024\/12\/Bulk-Fumot-Tornado-30K-Disposable-Vape-Music-Edition-600x261.png 600w\" sizes=\"(max-width: 900px) 100vw, 900px\" \/> <img loading=\"lazy\" decoding=\"async\" class=\"alignnone size-full wp-image-3276\" src=\"https:\/\/vapestornado.com\/wp-content\/uploads\/2024\/12\/Fumot-Tornado-30K-Music-Vape-for-Sale.png\" alt=\"Fumot Tornado 30K Glasbeni Vape Naprodaj\" width=\"900\" height=\"439\" srcset=\"https:\/\/vapestornado.com\/wp-content\/uploads\/2024\/12\/Fumot-Tornado-30K-Music-Vape-for-Sale.png 900w, https:\/\/vapestornado.com\/wp-content\/uploads\/2024\/12\/Fumot-Tornado-30K-Music-Vape-for-Sale-300x146.png 300w, https:\/\/vapestornado.com\/wp-content\/uploads\/2024\/12\/Fumot-Tornado-30K-Music-Vape-for-Sale-768x375.png 768w, https:\/\/vapestornado.com\/wp-content\/uploads\/2024\/12\/Fumot-Tornado-30K-Music-Vape-for-Sale-600x293.png 600w\" sizes=\"(max-width: 900px) 100vw, 900px\" \/><\/p>\n<h2>Fumot Tornado 30000 Vpihov<strong> Seznam Okusov:<\/strong><\/h2>\n<ol>\n<li>Banana Led<\/li>\n<li>\u010crni Led<\/li>\n<li>Modra Razz Ice<\/li>\n<li>Borovnica na Ledu<\/li>\n<li>Borovnica Malina<\/li>\n<li>Borovnica Kisla Malina<\/li>\n<li>\u010ce\u0161njev Led<\/li>\n<li>\u010ce\u0161njeva kola<\/li>\n<li>Ledena kola<\/li>\n<li>Hladen Menta<\/li>\n<li>Dvojno Jabolko<\/li>\n<li>Dr Modri<\/li>\n<li>Grozdni led<\/li>\n<li>Ledena lizika<\/li>\n<li>Kivi pasijonka guava<\/li>\n<li>Ljubezen 66<\/li>\n<li>Bujni Led<\/li>\n<li>Me\u0161ano jagodi\u010devje<\/li>\n<li>Breskev jagodi\u010devje<\/li>\n<li>Ledena breskev<\/li>\n<li>Breskev Mango Ananas<\/li>\n<li>Ananas Led<\/li>\n<li>Ro\u017enata Limonada<\/li>\n<li>Skittles<\/li>\n<li>Jagoda Banana<\/li>\n<li>Jagoda grozdje<\/li>\n<li>Jagoda Led<\/li>\n<li>Jagoda Lubenica<\/li>\n<li>Trojni Mango<\/li>\n<li>Vimto<\/li>\n<\/ol>\n<h3>Fumot Tornado 30000 Vpihov Top 5 Okusov<\/h3>\n<ol>\n<li><strong>Banana Led<\/strong>: Sladka banana s hladilnim mentolovim zaklju\u010dkom.<\/li>\n<li><strong>Borovnica Kisla Malina<\/strong>: Pikantna borovnica s kislo malinovo noto.<\/li>\n<li><strong>Kivi pasijonka guava<\/strong>: Tropska me\u0161anica eksoti\u010dnega sadja.<\/li>\n<li><strong>Breskev Mango Ananas<\/strong>: So\u010dna fuzija breskve, manga in ananasa.<\/li>\n<li><strong>Ledena kola<\/strong>: Klasi\u010den okus kole z osve\u017eujo\u010dim ledenim pridihom.<\/li>\n<\/ol>\n<h2>Zakaj izbrati Fumot RandM 30000 Vpihov Vape za enkratno uporabo?<\/h2>\n<ul>\n<li><strong>Neprekosljiva vzdr\u017eljivost<\/strong>: Ogromna kapaciteta 30.000 vpihov preka\u0161a obi\u010dajne naprave za enkratno uporabo.<\/li>\n<li><strong>Izjemna Izku\u0161nja<\/strong>: LED lu\u010di se sinhronizirajo z va\u0161o glasbo za edinstveno vaping vzdu\u0161je.<\/li>\n<li><strong>Vrhunska Zmogljivost<\/strong>: Premium mre\u017easta tuljava zagotavlja dosleden izpust pare in mo\u010dan okus.<\/li>\n<li><strong>Priro\u010dnost polnjenja<\/strong>: Vrata Type-C omogo\u010dajo hitro in zanesljivo polnjenje za dalj\u0161o uporabo.<\/li>\n<li><strong>Raznolikost Okusov<\/strong>: 30 okusnih mo\u017enosti za zadovoljitev vseh okusov.<\/li>\n<\/ul>\n<h4>Fumot Tornado 30000 veleprodaja Kontaktirajte nas in pridobite popust zdaj!<\/h4>\n<figure id=\"attachment_2921\" aria-describedby=\"caption-attachment-2921\" style=\"width: 887px\" class=\"wp-caption alignnone\"><img loading=\"lazy\" decoding=\"async\" class=\"size-large wp-image-2921\" src=\"https:\/\/vapestornado.com\/wp-content\/uploads\/2024\/11\/20062b3a285f900e79520aad496b94d-887x1024.jpg\" alt=\"vapestornado Vicky\" width=\"887\" height=\"1024\" srcset=\"https:\/\/vapestornado.com\/wp-content\/uploads\/2024\/11\/20062b3a285f900e79520aad496b94d-887x1024.jpg 887w, https:\/\/vapestornado.com\/wp-content\/uploads\/2024\/11\/20062b3a285f900e79520aad496b94d-260x300.jpg 260w, https:\/\/vapestornado.com\/wp-content\/uploads\/2024\/11\/20062b3a285f900e79520aad496b94d-768x887.jpg 768w, https:\/\/vapestornado.com\/wp-content\/uploads\/2024\/11\/20062b3a285f900e79520aad496b94d-600x693.jpg 600w, https:\/\/vapestornado.com\/wp-content\/uploads\/2024\/11\/20062b3a285f900e79520aad496b94d.jpg 1080w\" sizes=\"(max-width: 887px) 100vw, 887px\" \/><figcaption id=\"caption-attachment-2921\" class=\"wp-caption-text\">vapestornado Vicky<\/figcaption><\/figure>","protected":false},"excerpt":{"rendered":"<p data-start=\"1346\" data-end=\"1528\">The <strong data-start=\"1350\" data-end=\"1384\">Fumot Tornado 30000 Glasbeni Vape<\/strong> ponuja 30K vdihov, RGB glasbene lu\u010di in polnilno baterijo 600 mAh. Eleganten izdelek za enkratno uporabo, zasnovan za <strong data-start=\"1490\" data-end=\"1525\">veleprodajne kupce v Evropi<\/strong>.<\/p>\n<p><strong><span style=\"color: #ff0000;\">(cena na na\u0161i spletni strani ne vklju\u010duje stro\u0161kov po\u0161iljanja, prosimo, kontaktirajte me za celotno ceno in va\u0161 popust!)<\/span><\/strong><\/p>\n<p><img loading=\"lazy\" decoding=\"async\" class=\"size-medium wp-image-2921\" src=\"https:\/\/vapestornado.com\/wp-content\/uploads\/2024\/11\/20062b3a285f900e79520aad496b94d-260x300.jpg\" alt=\"vapestornado Vicky\" width=\"260\" height=\"300\" srcset=\"https:\/\/vapestornado.com\/wp-content\/uploads\/2024\/11\/20062b3a285f900e79520aad496b94d-260x300.jpg 260w, https:\/\/vapestornado.com\/wp-content\/uploads\/2024\/11\/20062b3a285f900e79520aad496b94d-887x1024.jpg 887w, https:\/\/vapestornado.com\/wp-content\/uploads\/2024\/11\/20062b3a285f900e79520aad496b94d-768x887.jpg 768w, https:\/\/vapestornado.com\/wp-content\/uploads\/2024\/11\/20062b3a285f900e79520aad496b94d-600x693.jpg 600w, https:\/\/vapestornado.com\/wp-content\/uploads\/2024\/11\/20062b3a285f900e79520aad496b94d.jpg 1080w\" sizes=\"(max-width: 260px) 100vw, 260px\" \/><\/p>","protected":false},"featured_media":3278,"comment_status":"open","ping_status":"closed","template":"","meta":{"_acf_changed":false,"_uag_custom_page_level_css":"","_lmt_disableupdate":"no","_lmt_disable":"","_monsterinsights_skip_tracking":false,"_monsterinsights_sitenote_active":false,"_monsterinsights_sitenote_note":"","_monsterinsights_sitenote_category":0,"site-sidebar-layout":"default","site-content-layout":"","ast-site-content-layout":"default","site-content-style":"default","site-sidebar-style":"default","ast-global-header-display":"","ast-banner-title-visibility":"","ast-main-header-display":"","ast-hfb-above-header-display":"","ast-hfb-below-header-display":"","ast-hfb-mobile-header-display":"","site-post-title":"","ast-breadcrumbs-content":"","ast-featured-img":"","footer-sml-layout":"","ast-disable-related-posts":"","theme-transparent-header-meta":"default","adv-header-id-meta":"","stick-header-meta":"","header-above-stick-meta":"","header-main-stick-meta":"","header-below-stick-meta":"","astra-migrate-meta-layouts":"set","ast-page-background-enabled":"default","ast-page-background-meta":{"desktop":{"background-color":"","background-image":"","background-repeat":"repeat","background-position":"center center","background-size":"auto","background-attachment":"scroll","background-type":"","background-media":"","overlay-type":"","overlay-color":"","overlay-opacity":"","overlay-gradient":""},"tablet":{"background-color":"","background-image":"","background-repeat":"repeat","background-position":"center center","background-size":"auto","background-attachment":"scroll","background-type":"","background-media":"","overlay-type":"","overlay-color":"","overlay-opacity":"","overlay-gradient":""},"mobile":{"background-color":"","background-image":"","background-repeat":"repeat","background-position":"center center","background-size":"auto","background-attachment":"scroll","background-type":"","background-media":"","overlay-type":"","overlay-color":"","overlay-opacity":"","overlay-gradient":""}},"ast-content-background-meta":{"desktop":{"background-color":"var(--ast-global-color-5)","background-image":"","background-repeat":"repeat","background-position":"center center","background-size":"auto","background-attachment":"scroll","background-type":"","background-media":"","overlay-type":"","overlay-color":"","overlay-opacity":"","overlay-gradient":""},"tablet":{"background-color":"var(--ast-global-color-5)","background-image":"","background-repeat":"repeat","background-position":"center center","background-size":"auto","background-attachment":"scroll","background-type":"","background-media":"","overlay-type":"","overlay-color":"","overlay-opacity":"","overlay-gradient":""},"mobile":{"background-color":"var(--ast-global-color-5)","background-image":"","background-repeat":"repeat","background-position":"center center","background-size":"auto","background-attachment":"scroll","background-type":"","background-media":"","overlay-type":"","overlay-color":"","overlay-opacity":"","overlay-gradient":""}},"_joinchat":{"telephone":"+8618077105750"}},"product_brand":[],"product_cat":[67,152,158,159,142,58,144,148],"product_tag":[],"class_list":{"0":"post-3275","1":"product","2":"type-product","3":"status-publish","4":"has-post-thumbnail","6":"product_cat-30000-puff","7":"product_cat-buy-disposable-vapes-in-cermany","8":"product_cat-buy-disposable-vapes-in-spain","9":"product_cat-buy-disposable-vapes-in-sweden","10":"product_cat-digital-box-disposable-vapes","11":"product_cat-fumot-vape","12":"product_cat-low-nicotine-disposable-vapes","13":"product_cat-tornado-disposable-vapes","14":"desktop-align-left","15":"tablet-align-left","16":"mobile-align-left","18":"first","19":"instock","20":"sale","21":"shipping-taxable","22":"purchasable","23":"product-type-simple"},"acf":[],"uagb_featured_image_src":{"full":["https:\/\/vapestornado.com\/wp-content\/uploads\/2024\/12\/Fumot-Vape-Wholesale-Store-Best-Prices.jpg",900,900,false],"thumbnail":["https:\/\/vapestornado.com\/wp-content\/uploads\/2024\/12\/Fumot-Vape-Wholesale-Store-Best-Prices-150x150.jpg",150,150,true],"medium":["https:\/\/vapestornado.com\/wp-content\/uploads\/2024\/12\/Fumot-Vape-Wholesale-Store-Best-Prices-300x300.jpg",300,300,true],"medium_large":["https:\/\/vapestornado.com\/wp-content\/uploads\/2024\/12\/Fumot-Vape-Wholesale-Store-Best-Prices-768x768.jpg",768,768,true],"large":["https:\/\/vapestornado.com\/wp-content\/uploads\/2024\/12\/Fumot-Vape-Wholesale-Store-Best-Prices.jpg",900,900,false],"1536x1536":["https:\/\/vapestornado.com\/wp-content\/uploads\/2024\/12\/Fumot-Vape-Wholesale-Store-Best-Prices.jpg",900,900,false],"2048x2048":["https:\/\/vapestornado.com\/wp-content\/uploads\/2024\/12\/Fumot-Vape-Wholesale-Store-Best-Prices.jpg",900,900,false],"trp-custom-language-flag":["https:\/\/vapestornado.com\/wp-content\/uploads\/2024\/12\/Fumot-Vape-Wholesale-Store-Best-Prices.jpg",12,12,false],"woocommerce_thumbnail":["https:\/\/vapestornado.com\/wp-content\/uploads\/2024\/12\/Fumot-Vape-Wholesale-Store-Best-Prices-300x300.jpg",300,300,true],"woocommerce_single":["https:\/\/vapestornado.com\/wp-content\/uploads\/2024\/12\/Fumot-Vape-Wholesale-Store-Best-Prices-600x600.jpg",600,600,true],"woocommerce_gallery_thumbnail":["https:\/\/vapestornado.com\/wp-content\/uploads\/2024\/12\/Fumot-Vape-Wholesale-Store-Best-Prices-100x100.jpg",100,100,true]},"uagb_author_info":{"display_name":"ESvicky","author_link":"https:\/\/vapestornado.com\/sl\/author\/"},"uagb_comment_info":0,"uagb_excerpt":"The Fumot Tornado 30000 Music Vape offers 30K puffs, RGB music lights, and a rechargeable 600mAh battery. A stylish disposable designed for wholesale bulk buyers in Europe. (our website price not include shipping cost, please contact me to get whole price and your disccount!)","_links":{"self":[{"href":"https:\/\/vapestornado.com\/sl\/wp-json\/wp\/v2\/product\/3275","targetHints":{"allow":["GET"]}}],"collection":[{"href":"https:\/\/vapestornado.com\/sl\/wp-json\/wp\/v2\/product"}],"about":[{"href":"https:\/\/vapestornado.com\/sl\/wp-json\/wp\/v2\/types\/product"}],"replies":[{"embeddable":true,"href":"https:\/\/vapestornado.com\/sl\/wp-json\/wp\/v2\/comments?post=3275"}],"wp:featuredmedia":[{"embeddable":true,"href":"https:\/\/vapestornado.com\/sl\/wp-json\/wp\/v2\/media\/3278"}],"wp:attachment":[{"href":"https:\/\/vapestornado.com\/sl\/wp-json\/wp\/v2\/media?parent=3275"}],"wp:term":[{"taxonomy":"product_brand","embeddable":true,"href":"https:\/\/vapestornado.com\/sl\/wp-json\/wp\/v2\/product_brand?post=3275"},{"taxonomy":"product_cat","embeddable":true,"href":"https:\/\/vapestornado.com\/sl\/wp-json\/wp\/v2\/product_cat?post=3275"},{"taxonomy":"product_tag","embeddable":true,"href":"https:\/\/vapestornado.com\/sl\/wp-json\/wp\/v2\/product_tag?post=3275"}],"curies":[{"name":"wp","href":"https:\/\/api.w.org\/{rel}","templated":true}]}}