{"id":3238,"date":"2024-12-19T03:54:42","date_gmt":"2024-12-19T03:54:42","guid":{"rendered":"https:\/\/vapestornado.com\/?post_type=product&#038;p=3238"},"modified":"2025-12-11T09:33:33","modified_gmt":"2025-12-11T09:33:33","slug":"bang-vape-35000-puffs-low-nicotine-bulk-buy-rechargeable-disposable-vapes-box-wholesale-price","status":"publish","type":"product","link":"https:\/\/vapestornado.com\/sl\/product\/bang-vape-35000-puffs-low-nicotine-bulk-buy-rechargeable-disposable-vapes-box-wholesale-price\/","title":{"rendered":"Bang Vape 35000 Vpihov Nizka Vsebnost Nikotina Nakup v Razsutem Stanju Polnilni Vape za Enkratno Uporabo \u0160katla Veleprodajna Cena"},"content":{"rendered":"<h2 class=\"product-title\">Bang Vape 35000 Pufov Enkratna BangBOX 35K Dolgotrajna naprava<\/h2>\n<p><strong data-start=\"105\" data-end=\"130\">Bang Vape 35000 vdihov<\/strong> je zasnovan za vaperje, ki \u017eelijo resno kapaciteto, jasno upravljanje in vle\u010denje, ki ga je mogo\u010de prilagoditi trenutku. Z <strong data-start=\"242\" data-end=\"264\">do 35.000 vdihov<\/strong>, a <strong data-start=\"268\" data-end=\"290\">rezervoarjem za 35 ml e-tekline<\/strong>, <strong data-start=\"292\" data-end=\"305\">mre\u017easto tuljavo<\/strong>in <strong data-start=\"311\" data-end=\"345\">dvosmernim napajanjem (Normalno\/Turbo)<\/strong>, je Bang BOX 35K narejen za dolge dneve in tedne brez ob\u010dutka prevelikosti. Da <strong data-start=\"436\" data-end=\"474\">950mAh Type-C polnljivi bateriji<\/strong> in <strong data-start=\"479\" data-end=\"494\">LCD zaslonom<\/strong> ga zaokro\u017eite, da vedno veste, kaj naprava po\u010dne, ne da bi ugibali.<\/p>\n<h3>Zakaj se Bang Box 35K izstopa med enkratnimi napravami z visokim \u0161tevilom pufov?<\/h3>\n<p data-start=\"867\" data-end=\"1254\"><strong data-start=\"867\" data-end=\"921\">Kapaciteta, ki dejansko spreminja va\u0161e nakupne navade.<\/strong> Z <strong data-start=\"929\" data-end=\"959\">rezervoar 35 ml in 35.000 pufov<\/strong>, je <strong data-start=\"965\" data-end=\"1007\">Bang Vape 35000 Pufov nizko nikotinsko \u0161katlo<\/strong> je zasnovan tako, da traja precej dlje kot standardne enkratne naprave. Za redne uporabnike v <strong data-start=\"1084\" data-end=\"1099\">vape Slovenija<\/strong>, Sloveniji, ali na obmo\u010dju, to obi\u010dajno pomeni manj zadnjih minutnih obiskov v <strong data-start=\"1167\" data-end=\"1188\">trgovini z e-cigaretami<\/strong> in opazno ni\u017ejo stro\u0161kovno ceno na dan v primerjavi z 5K ali 10K palicami.<\/p>\n<p data-start=\"1258\" data-end=\"1604\"><strong data-start=\"1258\" data-end=\"1304\">Normalno vs Turbo: dve napravi v eni ohi\u0161ju.<\/strong> The <strong data-start=\"1309\" data-end=\"1351\">dvosmerni sistem napajanja na Bang BOX 35K<\/strong> vam omogo\u010da preklapljanje med Normalnim na\u010dinom za mirnej\u0161o, po\u010dasnej\u0161o uporabo in Turbo na\u010dinom, ko \u017eelite mo\u010dnej\u0161o, toplej\u0161o vle\u010dko z ve\u010djimi oblaki. V praksi to pomeni, da ena naprava lahko pokrije tihe odmore pri delu in te\u017eje ve\u010derne seje brez potrebe po drugi vapki.<\/p>\n<p data-start=\"1608\" data-end=\"1953\"><strong data-start=\"1608\" data-end=\"1663\">Mre\u017ena tuljava za stabilen okus, ne le velike \u0161tevilke.<\/strong> Znotraj <strong data-start=\"1675\" data-end=\"1721\">Bang Vape 35000 Vpihov z mre\u017easto grelno glavo za enkratno uporabo<\/strong>, grelna glava enakomerno porazdeli toploto, s \u010dimer ohranja paro gladko in okus polnej\u0161i pri dolgotrajni uporabi. Manj je za\u017eganega roba, ki se pojavi na osnovnih grelnih glavah, ko se starajo, kar je pomembno, ko je naprava zasnovana za tiso\u010de vpihov.<\/p>\n<p data-start=\"1957\" data-end=\"2279\"><strong data-start=\"1957\" data-end=\"1999\">LCD zaslon, ki vam omogo\u010da nadzor.<\/strong> Zaslon na <strong data-start=\"2018\" data-end=\"2058\">Bang BOX 35K polnilni napravi za enkratno uporabo<\/strong> prikazuje nivo baterije, \u0161tevilo vpihov in trenutni na\u010din mo\u010di. To vam pomaga, da se odlo\u010dite, ali potrebujete hitro polnjenje Type-C, preden se odpravite ven, ali pa bo naprava udobno pokrila dolg dan v Sloveniji.<\/p>\n<p data-start=\"2283\" data-end=\"2609\"><strong data-start=\"2283\" data-end=\"2331\">Primerno za osebno uporabo in naro\u010dila v razsutem stanju.<\/strong> Zahvaljujo\u010d <strong data-start=\"2342\" data-end=\"2373\">veleprodajnim cenam cigaret<\/strong> in mo\u010dnim funkcijam je Bang Vape 35000 Puffs primeren tako za posamezne kupce kot za vse, ki nabavljajo pri <strong data-start=\"2473\" data-end=\"2504\">spletni veleprodaji cigaret<\/strong>. Prodajalci dobijo napravo z dolgo \u017eivljenjsko dobo, ki se dobro prodaja; uporabniki dobijo \u0161katlo, ki ne odpove po koncu tedna.<\/p>\n<p>&nbsp;<\/p>\n<p><strong>Dodajte Amy na Whatsapp in prejmite takoj\u0161en odgovor ter kupon za vape!<\/strong><\/p>\n<p><img fetchpriority=\"high\" decoding=\"async\" class=\"size-full wp-image-2932\" src=\"https:\/\/vapestornado.com\/wp-content\/uploads\/2024\/12\/Vape-Wholesale.jpg\" alt=\"Vape Veleprodaja\" width=\"229\" height=\"300\" \/><\/p>\n<h3><a href=\"https:\/\/wa.me\/8617776015835\" target=\"_blank\" rel=\"noopener\"><span style=\"color: #ff0000;\"><strong>WhatsApp: +386 17776015835<\/strong><\/span><\/a><\/h3>\n<p>&nbsp;<\/p>\n<h2><strong>Bang Vape 35000 vpihov Lastnosti izdelka<\/strong><\/h2>\n<div role=\"article\" data-tabster=\"{&quot;groupper&quot;:{&quot;tabbability&quot;:2},&quot;focusable&quot;:{}}\" data-content=\"ai-message\" aria-labelledby=\"juhNTJ6o7Gk1cgwZMJgv2-author juhNTJ6o7Gk1cgwZMJgv2-content\">\n<div id=\"juhNTJ6o7Gk1cgwZMJgv2-content\">\n<div role=\"article\" data-tabster=\"{&quot;groupper&quot;:{&quot;tabbability&quot;:2},&quot;focusable&quot;:{}}\" data-content=\"ai-message\" aria-labelledby=\"x4EZuCZWrTbh3weWUt7CU-author x4EZuCZWrTbh3weWUt7CU-content\">\n<div id=\"x4EZuCZWrTbh3weWUt7CU-content\">\n<table>\n<thead>\n<tr>\n<th>Zna\u010dilnosti<\/th>\n<th>specifikacije<\/th>\n<th>podrobnosti<\/th>\n<\/tr>\n<\/thead>\n<tbody>\n<tr>\n<td>Ime izdelka<\/td>\n<td>Bang Vape 35000 Vpihov \/ Bang BOX 35K<\/td>\n<td>Polnilna vape \u0161katla za enkratno uporabo z visoko kapaciteto<\/td>\n<\/tr>\n<tr>\n<td>Zmogljivost vdihovanja<\/td>\n<td>Do 35.000 vpihov<\/td>\n<td>Zasnovana za dalj\u0161o ve\u010dtedensko uporabo, odvisno od navade<\/td>\n<\/tr>\n<tr>\n<td>Prostornina e-teko\u010dine<\/td>\n<td>35ml vnaprej napolnjenega<\/td>\n<td>Velik rezervoar, ki ustreza visoki oceni vpihov<\/td>\n<\/tr>\n<tr>\n<td>Baterija<\/td>\n<td>950mAh polnljiva baterija<\/td>\n<td>Podpira ponovno polnjenje skozi celotno \u017eivljenjsko dobo naprave<\/td>\n<\/tr>\n<tr>\n<td>Polnjenje<\/td>\n<td>hitro polnjenje Type-C<\/td>\n<td>Hitra, priro\u010dna polnitev z modernimi EU kabli<\/td>\n<\/tr>\n<tr>\n<td>Na\u010dini napajanja<\/td>\n<td>Dvojni na\u010din: Normalni in Turbo<\/td>\n<td>Izberi bolj gladko, hladnej\u0161o ali mo\u010dnej\u0161o, toplej\u0161o izhodno mo\u010d<\/td>\n<\/tr>\n<tr>\n<td>Vrsta Tuljave<\/td>\n<td>Tehnologija mre\u017ene tuljave<\/td>\n<td>Enakomerno segrevanje za bogat okus in dosledno paro<\/td>\n<\/tr>\n<tr>\n<td>Vsebnost nikotina<\/td>\n<td>0% \/ 2% \/ 3% \/ 5%<\/td>\n<td>Mo\u017enosti z nizko nikotinom plus mo\u010dnej\u0161e razli\u010dice<\/td>\n<\/tr>\n<tr>\n<td>Zaslon<\/td>\n<td>LCD zaslon<\/td>\n<td>Prikaz v realnem \u010dasu baterije, \u0161tevila vdihov in na\u010dina napajanja<\/td>\n<\/tr>\n<tr>\n<td>Oblikovanje<\/td>\n<td>Kompaktna, vzdr\u017eljiva \u0161katla<\/td>\n<td>Enostavno za prena\u0161anje za vsakodnevno vo\u017enjo, delo in potovanja<\/td>\n<\/tr>\n<tr>\n<td>Postavitev<\/td>\n<td>Maloprodaja in veleprodaja<\/td>\n<td>Primerno za police trgovin z elektronskimi cigaretami in kataloge spletnih veleprodajalcev cigaret<\/td>\n<\/tr>\n<\/tbody>\n<\/table>\n<p><img decoding=\"async\" width=\"278\" height=\"300\" class=\"wp-image-3234\" src=\"https:\/\/vapestornado.com\/wp-content\/uploads\/2024\/12\/Bang-Box-35000-Puffs-Smart-Screen-Disposable-Vape-Bulk-Buy-278x300.jpg\" alt=\"&lt;yoastmark class=\" srcset=\"https:\/\/vapestornado.com\/wp-content\/uploads\/2024\/12\/Bang-Box-35000-Puffs-Smart-Screen-Disposable-Vape-Bulk-Buy-278x300.jpg 278w, https:\/\/vapestornado.com\/wp-content\/uploads\/2024\/12\/Bang-Box-35000-Puffs-Smart-Screen-Disposable-Vape-Bulk-Buy-950x1024.jpg 950w, https:\/\/vapestornado.com\/wp-content\/uploads\/2024\/12\/Bang-Box-35000-Puffs-Smart-Screen-Disposable-Vape-Bulk-Buy-768x828.jpg 768w, https:\/\/vapestornado.com\/wp-content\/uploads\/2024\/12\/Bang-Box-35000-Puffs-Smart-Screen-Disposable-Vape-Bulk-Buy-600x647.jpg 600w, https:\/\/vapestornado.com\/wp-content\/uploads\/2024\/12\/Bang-Box-35000-Puffs-Smart-Screen-Disposable-Vape-Bulk-Buy.jpg 1000w\" sizes=\"(max-width: 278px) 100vw, 278px\" \/><\/p>\n<\/div>\n<\/div>\n<\/div>\n<\/div>\n<h2 class=\"product-title\"><strong>Seznam okusov Bang Vape 35000 vpihov<\/strong><\/h2>\n<p>1.JAGODA KIVI<br \/>\n2.MODRA MALINA LED<br \/>\n3.JAGODA LUBENICA<br \/>\n4.PASIJONKA<br \/>\n5.LIMONA KOLA SODA<br \/>\n6.LUBENICA LED<br \/>\n7.LUBENICA \u017dVE\u010cILNI GUMI<br \/>\n8.KIVI PASIJONKA GVAJAVA<br \/>\n9.BOROVNICA LED<br \/>\n10.LUBENICA \u010cE\u0160NJA<br \/>\n11.RDE\u010cI BIK<br \/>\n12.META GRENIVKA<\/p>\n<h3>Zakaj izbrati vapestornado za veleprodajo Bang Vape 35000 Puffs Vape?<\/h3>\n<div class=\"flex-shrink-0 flex flex-col relative items-end\">\n<div class=\"pt-0\">\n<div class=\"gizmo-bot-avatar flex h-8 w-8 items-center justify-center overflow-hidden rounded-full\">\n<div class=\"relative p-1 rounded-sm flex items-center justify-center bg-token-main-surface-primary text-token-text-primary h-8 w-8\">\n<p>Dobrodo\u0161li v vapestornadu, va\u0161i zaupanja vredni spletni trgovini z veipi za vrhunske veipe za enkratno uporabo. Z ve\u010d kot 5-letnimi izku\u0161njami vam prina\u0161amo priljubljene blagovne znamke veipov za enkratno uporabo, kot so Fumot RandM Vape, <a href=\"https:\/\/vapestornado.com\/sl\/product\/vapme-crystal-7000-puffs-rechargeable-disposable-vape-wholesale-cheap-price\/\">Vapme<\/a>, Bang Vape, Waspe Vape in WGA Vape, itd.<\/p>\n<p>Na\u0161a ponudba vklju\u010duje vro\u010de prodajane veipe, kot je <a href=\"https:\/\/vapestornado.com\/sl\/product\/fumot-randm-tornado-15000-puffs-rechargeable-disposable-vape-wholesale\/\">RandM Tornado 15000<\/a>, in izbire, bogate z okusi, kot je <a href=\"https:\/\/vapestornado.com\/sl\/product\/vapsolo-dg-18000-puffs-smart-screen-wholesale-disposable-cheap-vapes\/\">\u00a0Vapsolo DG18000 Vpihov<\/a> Vsak izdelek je izbran s poudarkom na kakovosti, vrednosti in raznolikosti, kar zagotavlja, da boste na\u0161li popolno ujemanje za svoje potrebe. Odkrijte izjemno storitev in \u0161iroko paleto vrhunskih izdelkov po veleprodajni ceni pri vapestornado.<\/p>\n<\/div>\n<h3><\/h3>\n<div class=\"relative p-1 rounded-sm flex items-center justify-center bg-token-main-surface-primary text-token-text-primary h-8 w-8\">\n<h3>Pogosta vpra\u0161anja za Bang Vape 35000 Puffs Disposable Vape<\/h3>\n<\/div>\n<\/div>\n<\/div>\n<\/div>\n<div class=\"flex-shrink-0 flex flex-col relative items-end\">\n<div class=\"pt-0\">\n<div class=\"gizmo-bot-avatar flex h-8 w-8 items-center justify-center overflow-hidden rounded-full\">\n<div class=\"relative p-1 rounded-sm flex items-center justify-center bg-token-main-surface-primary text-token-text-primary h-8 w-8\">\n<div class=\"mb-2 flex gap-3 empty:hidden -ml-2\">\n<div role=\"article\" data-tabster=\"{&quot;groupper&quot;:{&quot;tabbability&quot;:2},&quot;focusable&quot;:{}}\" data-content=\"ai-message\" aria-labelledby=\"Vdt5ez4X7Tg813x6rFVha-author Vdt5ez4X7Tg813x6rFVha-content\">\n<div id=\"Vdt5ez4X7Tg813x6rFVha-content\">\n<div role=\"article\" data-tabster=\"{&quot;groupper&quot;:{&quot;tabbability&quot;:2},&quot;focusable&quot;:{}}\" data-content=\"ai-message\" aria-labelledby=\"o968oC7CEo2fGHsGdsRYC-author o968oC7CEo2fGHsGdsRYC-content\">\n<div id=\"o968oC7CEo2fGHsGdsRYC-content\">\n<h3 data-start=\"3750\" data-end=\"3845\">1. Koliko \u010dasa obi\u010dajno traja \u0161katla Bang Vape 35000 vdihov z nizko nikotinsko vsebnostjo v resni\u010dni uporabi?<\/h3>\n<p data-start=\"3846\" data-end=\"4197\">Za mnoge uporabnike v <strong data-start=\"3864\" data-end=\"3879\">vape Slovenija<\/strong> ali Sloveniji, <strong data-start=\"3896\" data-end=\"3945\">Bang Vape 35000 vdihov z nizko nikotinsko vsebnostjo na voljo za enkratno uporabo<\/strong> s svojimi <strong data-start=\"3955\" data-end=\"3968\">Tank 35 ml<\/strong> lahko enostavno pokrije <strong data-start=\"3986\" data-end=\"4016\">ve\u010d tednov vsakodnevne uporabe<\/strong>. Natan\u010dna \u017eivljenjska doba je odvisna od tega, kako pogosto in mo\u010dno vdiha\u0161, ter ali ve\u010d \u010dasa pre\u017eivi\u0161 v na\u010dinu Normal ali Turbo, vendar jasno presega tipi\u010dne kratkoro\u010dne enkratne izdelke.<\/p>\n<hr data-start=\"4199\" data-end=\"4202\" \/>\n<h3 data-start=\"4204\" data-end=\"4308\">2. Kak\u0161na prednost daje tehnologija mre\u017ene tuljave v Bang BOX 35K ponovno polnljivi enkratni vape?<\/h3>\n<p data-start=\"4309\" data-end=\"4608\">V <strong data-start=\"4316\" data-end=\"4354\">Bang BOX 35K mre\u017ena tuljava e-cigaretka<\/strong>, mre\u017ea enakomerno razporedi toploto skozi vato. To pomaga, da je para gosta in gladka, zmanj\u0161a mo\u017enost suhe ali za\u017egane izku\u0161nje in ohranja okus bolj stabilen, ko se raven teko\u010dine zmanj\u0161uje \u2014 pomembna razlika, ko je naprava ocenjena na 35.000 vdihov.<\/p>\n<hr data-start=\"4610\" data-end=\"4613\" \/>\n<h3 data-start=\"4615\" data-end=\"4709\">3. Kako se razlikujeta ob\u010dutki Normalnega in Turbo na\u010dina na napravi Bang Vape 35000 vdihov?<\/h3>\n<p data-start=\"4710\" data-end=\"5059\">Na <strong data-start=\"4717\" data-end=\"4756\">Bang Vape 35000 vdihov napravi z dvema na\u010dinama<\/strong>, <strong data-start=\"4758\" data-end=\"4773\">Normalni na\u010din<\/strong> nudi hladnej\u0161i, bolj spro\u0161\u010den poteg, primeren za celodnevno uporabo ali odmore na delu, medtem ko <strong data-start=\"4859\" data-end=\"4873\">Turbo na\u010din<\/strong> pove\u010da mo\u010d za toplej\u0161o paro, mo\u010dnej\u0161i ob\u010dutek v grlu in ve\u010dje oblake. Veliko uporabnikov v Sloveniji ali Italiji ga ve\u010dino dneva uporablja v Normalnem na\u010dinu in preklopi na Turbo, ko \u017eeli ve\u010dji u\u010dinek.<\/p>\n<hr data-start=\"5061\" data-end=\"5064\" \/>\n<h3 data-start=\"5066\" data-end=\"5152\">4. Je LCD zaslon na Bang BOX 35K e-cigaretki dejansko uporaben vsak dan?<\/h3>\n<p data-start=\"5153\" data-end=\"5443\">Da. <strong data-start=\"5162\" data-end=\"5208\">LCD zaslon na Bang BOX 35K enkratni napravi<\/strong> sledi \u0161tevilu vdihov, odstotku baterije in aktivnem na\u010dinu. To pomeni, da veste, \u010de lahko naprava pokrije cel ve\u010der ali pa je najprej treba priklju\u010diti kabel Type-C. Prav tako vam pomaga videti, kako Turbo v primerjavi z Normalnim vpliva na va\u0161o porabo vdihov skozi \u010das.<\/p>\n<hr data-start=\"5445\" data-end=\"5448\" \/>\n<h3 data-start=\"5450\" data-end=\"5568\">5. Je Bang Vape 35000 vdihov primeren za trgovino z e-cigaretami ali spletnega veletrgovca s cigaretami, osredoto\u010denega na vrednost?<\/h3>\n<p data-start=\"5569\" data-end=\"5931\">Za <strong data-start=\"5576\" data-end=\"5597\">trgovini z e-cigaretami<\/strong> or <strong data-start=\"5601\" data-end=\"5632\">spletni veleprodaji cigaret<\/strong>, je <strong data-start=\"5638\" data-end=\"5672\">Bang Vape 35000 vdihov veleprodajna \u0161katla<\/strong> nudi mo\u010dno vrednostno zgodbo: velik \u0161t. vdihov, <strong data-start=\"5718\" data-end=\"5757\">nizko nikotinsko mo\u017enost (0\u20133%) plus 5%<\/strong>, mre\u017ena tuljava, dvojni na\u010din mo\u010di in LCD zaslon, vse po konkuren\u010dnih veleprodajnih cenah. Ta kombinacija se obi\u010dajno dobro prodaja v sekcijah z visoko kapaciteto in<\/p>\n<p>&nbsp;<\/p>\n<\/div>\n<\/div>\n<\/div>\n<\/div>\n<\/div>\n<\/div>\n<\/div>\n<\/div>\n<\/div>","protected":false},"excerpt":{"rendered":"<p>Najbolj\u0161i Bang Vape 35000 vpihov 2% 5% nizek nikotin za enkratno uporabo, veleprodajna cena<br \/>\nBang Vape 35000 vpihov, polnljiv, za enkratno uporabo, veleprodaja<br \/>\nUgodno iz tovarne, Bang Vape 35000 vpihov 2% 5% nizek nikotin za enkratno uporabo<\/p>\n<p><strong>Dodajte Amy na WhatsApp in prejmite takoj\u0161en odgovor ter kupon za vape!<\/strong><\/p>\n<p><img fetchpriority=\"high\" decoding=\"async\" class=\"size-full wp-image-2932\" src=\"https:\/\/vapestornado.com\/wp-content\/uploads\/2024\/12\/Vape-Wholesale.jpg\" alt=\"Vape Veleprodaja\" width=\"229\" height=\"300\" \/><\/p>\n<h3><a href=\"https:\/\/wa.me\/8617776015835\"><span style=\"color: #ff0000;\"><strong>WhatsApp: +386 17776015835<\/strong><\/span><\/a><\/h3>\n<p>&nbsp;<\/p>","protected":false},"featured_media":3236,"comment_status":"open","ping_status":"closed","template":"","meta":{"_acf_changed":false,"_uag_custom_page_level_css":"","_lmt_disableupdate":"no","_lmt_disable":"","_monsterinsights_skip_tracking":false,"_monsterinsights_sitenote_active":false,"_monsterinsights_sitenote_note":"","_monsterinsights_sitenote_category":0,"site-sidebar-layout":"default","site-content-layout":"","ast-site-content-layout":"default","site-content-style":"default","site-sidebar-style":"default","ast-global-header-display":"","ast-banner-title-visibility":"","ast-main-header-display":"","ast-hfb-above-header-display":"","ast-hfb-below-header-display":"","ast-hfb-mobile-header-display":"","site-post-title":"","ast-breadcrumbs-content":"","ast-featured-img":"","footer-sml-layout":"","ast-disable-related-posts":"","theme-transparent-header-meta":"default","adv-header-id-meta":"","stick-header-meta":"","header-above-stick-meta":"","header-main-stick-meta":"","header-below-stick-meta":"","astra-migrate-meta-layouts":"set","ast-page-background-enabled":"default","ast-page-background-meta":{"desktop":{"background-color":"","background-image":"","background-repeat":"repeat","background-position":"center center","background-size":"auto","background-attachment":"scroll","background-type":"","background-media":"","overlay-type":"","overlay-color":"","overlay-opacity":"","overlay-gradient":""},"tablet":{"background-color":"","background-image":"","background-repeat":"repeat","background-position":"center center","background-size":"auto","background-attachment":"scroll","background-type":"","background-media":"","overlay-type":"","overlay-color":"","overlay-opacity":"","overlay-gradient":""},"mobile":{"background-color":"","background-image":"","background-repeat":"repeat","background-position":"center center","background-size":"auto","background-attachment":"scroll","background-type":"","background-media":"","overlay-type":"","overlay-color":"","overlay-opacity":"","overlay-gradient":""}},"ast-content-background-meta":{"desktop":{"background-color":"var(--ast-global-color-5)","background-image":"","background-repeat":"repeat","background-position":"center center","background-size":"auto","background-attachment":"scroll","background-type":"","background-media":"","overlay-type":"","overlay-color":"","overlay-opacity":"","overlay-gradient":""},"tablet":{"background-color":"var(--ast-global-color-5)","background-image":"","background-repeat":"repeat","background-position":"center center","background-size":"auto","background-attachment":"scroll","background-type":"","background-media":"","overlay-type":"","overlay-color":"","overlay-opacity":"","overlay-gradient":""},"mobile":{"background-color":"var(--ast-global-color-5)","background-image":"","background-repeat":"repeat","background-position":"center center","background-size":"auto","background-attachment":"scroll","background-type":"","background-media":"","overlay-type":"","overlay-color":"","overlay-opacity":"","overlay-gradient":""}},"_joinchat":{"telephone":"+8617776015835"}},"product_brand":[],"product_cat":[140,175,64,153,157,159,142,143,146],"product_tag":[179,178,165,97,166,94,139],"class_list":{"0":"post-3238","1":"product","2":"type-product","3":"status-publish","4":"has-post-thumbnail","6":"product_cat-big-puffs-disposable-vapes","7":"product_cat-35000-puff","8":"product_cat-bangbox-vape","9":"product_cat-buy-disposable-vapes-in-italy","10":"product_cat-buy-disposable-vapes-in-portugal","11":"product_cat-buy-disposable-vapes-in-sweden","12":"product_cat-digital-box-disposable-vapes","13":"product_cat-dual-mesh-disposable-vapes","14":"product_cat-rechargeable-disposable-vapes","15":"product_tag-bang-box-35000","16":"product_tag-bang-vape-35000","17":"product_tag-cheap-vapes","18":"product_tag-hot-sale-disposable-vape","19":"product_tag-low-nicotine-vape","20":"product_tag-rechargeable-disposable-vape","21":"product_tag-vapsolo","22":"desktop-align-left","23":"tablet-align-left","24":"mobile-align-left","26":"first","27":"instock","28":"sale","29":"shipping-taxable","30":"purchasable","31":"product-type-simple"},"acf":[],"uagb_featured_image_src":{"full":["https:\/\/vapestornado.com\/wp-content\/uploads\/2024\/12\/Bang-Vape-35000-Puffs-Touch-Screen-Vape.jpg",1000,1000,false],"thumbnail":["https:\/\/vapestornado.com\/wp-content\/uploads\/2024\/12\/Bang-Vape-35000-Puffs-Touch-Screen-Vape-150x150.jpg",150,150,true],"medium":["https:\/\/vapestornado.com\/wp-content\/uploads\/2024\/12\/Bang-Vape-35000-Puffs-Touch-Screen-Vape-300x300.jpg",300,300,true],"medium_large":["https:\/\/vapestornado.com\/wp-content\/uploads\/2024\/12\/Bang-Vape-35000-Puffs-Touch-Screen-Vape-768x768.jpg",768,768,true],"large":["https:\/\/vapestornado.com\/wp-content\/uploads\/2024\/12\/Bang-Vape-35000-Puffs-Touch-Screen-Vape.jpg",1000,1000,false],"1536x1536":["https:\/\/vapestornado.com\/wp-content\/uploads\/2024\/12\/Bang-Vape-35000-Puffs-Touch-Screen-Vape.jpg",1000,1000,false],"2048x2048":["https:\/\/vapestornado.com\/wp-content\/uploads\/2024\/12\/Bang-Vape-35000-Puffs-Touch-Screen-Vape.jpg",1000,1000,false],"trp-custom-language-flag":["https:\/\/vapestornado.com\/wp-content\/uploads\/2024\/12\/Bang-Vape-35000-Puffs-Touch-Screen-Vape.jpg",12,12,false],"woocommerce_thumbnail":["https:\/\/vapestornado.com\/wp-content\/uploads\/2024\/12\/Bang-Vape-35000-Puffs-Touch-Screen-Vape-300x300.jpg",300,300,true],"woocommerce_single":["https:\/\/vapestornado.com\/wp-content\/uploads\/2024\/12\/Bang-Vape-35000-Puffs-Touch-Screen-Vape-600x600.jpg",600,600,true],"woocommerce_gallery_thumbnail":["https:\/\/vapestornado.com\/wp-content\/uploads\/2024\/12\/Bang-Vape-35000-Puffs-Touch-Screen-Vape-100x100.jpg",100,100,true]},"uagb_author_info":{"display_name":"ESAMY","author_link":"https:\/\/vapestornado.com\/sl\/author\/"},"uagb_comment_info":0,"uagb_excerpt":"Best Bang Vape 35000 Puffs 2% 5% Low Nicotine Disposable Vape Bulk Buy Price Bang Vape 35000 Puffs Rechargeable Disposable Vape Wholesale Cheap Factory Bang Vape 35000 Puffs 2% 5% Low Nicotine Disposable Vape Add Amy's whatsapp get right reply and vape vape coupon! WhatsApp: +86 17776015835 &nbsp;","_links":{"self":[{"href":"https:\/\/vapestornado.com\/sl\/wp-json\/wp\/v2\/product\/3238","targetHints":{"allow":["GET"]}}],"collection":[{"href":"https:\/\/vapestornado.com\/sl\/wp-json\/wp\/v2\/product"}],"about":[{"href":"https:\/\/vapestornado.com\/sl\/wp-json\/wp\/v2\/types\/product"}],"replies":[{"embeddable":true,"href":"https:\/\/vapestornado.com\/sl\/wp-json\/wp\/v2\/comments?post=3238"}],"wp:featuredmedia":[{"embeddable":true,"href":"https:\/\/vapestornado.com\/sl\/wp-json\/wp\/v2\/media\/3236"}],"wp:attachment":[{"href":"https:\/\/vapestornado.com\/sl\/wp-json\/wp\/v2\/media?parent=3238"}],"wp:term":[{"taxonomy":"product_brand","embeddable":true,"href":"https:\/\/vapestornado.com\/sl\/wp-json\/wp\/v2\/product_brand?post=3238"},{"taxonomy":"product_cat","embeddable":true,"href":"https:\/\/vapestornado.com\/sl\/wp-json\/wp\/v2\/product_cat?post=3238"},{"taxonomy":"product_tag","embeddable":true,"href":"https:\/\/vapestornado.com\/sl\/wp-json\/wp\/v2\/product_tag?post=3238"}],"curies":[{"name":"wp","href":"https:\/\/api.w.org\/{rel}","templated":true}]}}