{"id":3231,"date":"2024-12-18T09:42:32","date_gmt":"2024-12-18T09:42:32","guid":{"rendered":"https:\/\/vapestornado.com\/?post_type=product&#038;p=3231"},"modified":"2025-08-23T12:12:36","modified_gmt":"2025-08-23T12:12:36","slug":"wholesale-price-aivono-curved-smart-screen-35000-puffs-disposable-vape","status":"publish","type":"product","link":"https:\/\/vapestornado.com\/sl\/product\/wholesale-price-aivono-curved-smart-screen-35000-puffs-disposable-vape\/","title":{"rendered":"Veleprodajna cena AIVONO Curved Smart Screen 35000 Puffs Vape za enkratno uporabo"},"content":{"rendered":"<h1>Veleprodajna cena AIVONO Curved Smart Screen 35000 Puffs Vape za enkratno uporabo<\/h1>\n<p>The <strong data-start=\"346\" data-end=\"404\">AIVONO Ukrivljen Pametni Zaslon 35000 Vpihov Vape za Enkratno Uporabo<\/strong> je zasnovan za uporabnike vape, ki cenijo napredno tehnologijo, vrhunski dizajn in dolgotrajno delovanje. Zagotavlja do <strong data-start=\"524\" data-end=\"540\">35.000 vpihih<\/strong>vpihov, to napravo poganja zanesljiva <strong data-start=\"579\" data-end=\"622\">850mAh \u010dista kobaltna baterija za ponovno polnjenje<\/strong> z <strong data-start=\"628\" data-end=\"652\">hitro polnjenje Type-C<\/strong>, ki zagotavlja neprekinjeno vapenje. Njegova <strong data-start=\"689\" data-end=\"726\">28ml predhodno napolnjena kapaciteta e-teko\u010dine<\/strong> in razli\u010dne jakosti nikotina (0%, 2%, 3%, 5%) ga naredijo primernega za \u0161iroko publiko.<\/p>\n<p>A <strong data-start=\"825\" data-end=\"848\">1,0\u03a9 dvojna mre\u017easta tuljava<\/strong> zagotavlja bogat okus in gladke oblake, medtem ko <strong data-start=\"898\" data-end=\"927\">nastavljivimi nastavitvami mo\u010di<\/strong> omogo\u010data uporabnikom, da prilagodijo gostoto in intenzivnost pare. Ukrivljen dinami\u010dni <strong data-start=\"998\" data-end=\"1015\">pametni zaslon<\/strong> prikazuje \u017eivljenjsko dobo baterije in nivoje e-teko\u010dine v realnem \u010dasu, dopolnjen z animiranimi vizualnimi elementi polnjenja in prilagodljivim osvetljenim logotipom.<\/p>\n<p>S svojim <strong data-start=\"1166\" data-end=\"1190\">eleganten, kompakten dizajn<\/strong> in mo\u017enosti OEM\/ODM, je AIVONO Ukrivljen Pametni Zaslon 35K idealen tako za osebne uporabnike kot za <strong data-start=\"1284\" data-end=\"1304\">veleprodajni kupci<\/strong> po vsej Sloveniji. Zdru\u017euje inovativnost, vzdr\u017eljivost in stil, je izjemna izbira za <strong data-start=\"1392\" data-end=\"1452\">trgovce na drobno in distributerje, ki i\u0161\u010dejo vape za enkratno uporabo v velikem obsegu<\/strong> po konkuren\u010dnih cenah.<\/p>\n<figure id=\"attachment_3474\" aria-describedby=\"caption-attachment-3474\" style=\"width: 800px\" class=\"wp-caption alignnone\"><img fetchpriority=\"high\" decoding=\"async\" class=\"wp-image-3474 size-full\" src=\"https:\/\/vapestornado.com\/wp-content\/uploads\/2024\/12\/AIVONO-35k-puff-vape-Box.jpg\" alt=\"AIVONO 35k puff vape \u0161katla\" width=\"800\" height=\"800\" srcset=\"https:\/\/vapestornado.com\/wp-content\/uploads\/2024\/12\/AIVONO-35k-puff-vape-Box.jpg 800w, https:\/\/vapestornado.com\/wp-content\/uploads\/2024\/12\/AIVONO-35k-puff-vape-Box-300x300.jpg 300w, https:\/\/vapestornado.com\/wp-content\/uploads\/2024\/12\/AIVONO-35k-puff-vape-Box-150x150.jpg 150w, https:\/\/vapestornado.com\/wp-content\/uploads\/2024\/12\/AIVONO-35k-puff-vape-Box-768x768.jpg 768w, https:\/\/vapestornado.com\/wp-content\/uploads\/2024\/12\/AIVONO-35k-puff-vape-Box-600x600.jpg 600w, https:\/\/vapestornado.com\/wp-content\/uploads\/2024\/12\/AIVONO-35k-puff-vape-Box-100x100.jpg 100w\" sizes=\"(max-width: 800px) 100vw, 800px\" \/><figcaption id=\"caption-attachment-3474\" class=\"wp-caption-text\">AIVONO 35k puff vape \u0161katla<\/figcaption><\/figure>\n<p><img decoding=\"async\" class=\"wp-image-2951\" src=\"https:\/\/vapestornado.com\/wp-content\/uploads\/2024\/12\/Wholesale-Disposable-Vape-265x300.jpg\" alt=\"Veleprodaja Vape za Enkratno Uporabo\" width=\"295\" height=\"334\" srcset=\"https:\/\/vapestornado.com\/wp-content\/uploads\/2024\/12\/Wholesale-Disposable-Vape-265x300.jpg 265w, https:\/\/vapestornado.com\/wp-content\/uploads\/2024\/12\/Wholesale-Disposable-Vape-768x871.jpg 768w, https:\/\/vapestornado.com\/wp-content\/uploads\/2024\/12\/Wholesale-Disposable-Vape-600x680.jpg 600w, https:\/\/vapestornado.com\/wp-content\/uploads\/2024\/12\/Wholesale-Disposable-Vape.jpg 823w\" sizes=\"(max-width: 295px) 100vw, 295px\" \/><\/p>\n<h6>Za Zni\u017eano Ceno se Obrnite na Mandy na WhatsApp:<a href=\"https:\/\/wa.me\/8618077105796\" target=\"_blank\" rel=\"noopener\">+8618077105796<\/a><\/h6>\n<h2><strong>AIVONO Vape ukrivljen zaslon 35000 vpihov \u2013 klju\u010dne specifikacije<\/strong><\/h2>\n<div class=\"flex max-w-full flex-col flex-grow\">\n<div class=\"min-h-8 text-message flex w-full flex-col items-end gap-2 whitespace-normal break-words text-start [.text-message+&amp;]:mt-5\" dir=\"auto\" data-message-author-role=\"assistant\" data-message-id=\"cdb991c0-f594-4bff-b2d5-fbbdd7ce9e54\" data-message-model-slug=\"gpt-4o-mini\">\n<div class=\"flex w-full flex-col gap-1 empty:hidden first:pt-[3px]\">\n<div class=\"markdown prose w-full break-words dark:prose-invert light\">\n<ul>\n<li><strong>Vpihi:<\/strong> Do 35.000 vpihov<\/li>\n<li><strong>Kapaciteta e-teko\u010dine:<\/strong> 28 ml<\/li>\n<li><strong>Baterija:<\/strong> 17350 \u010disti kobalt, 850mAh (mo\u017enost ponovnega polnjenja, tip-C)<\/li>\n<li><strong>Upornost tuljave:<\/strong> 1,0\u03a9 dvojna mre\u017easta tuljava<\/li>\n<li><strong>Mo\u017enosti nikotina:<\/strong> 5%, 3%, 2%, 0%<\/li>\n<li><strong>Funkcije zaslona:<\/strong> Indikatorske lu\u010dke za e-teko\u010dino in baterijo, prilagodljiv osvetljen logotip<\/li>\n<li><strong>Prikaz:<\/strong> Ukrivljen dinami\u010den zaslon z animacijskimi u\u010dinki polnjenja in pare<\/li>\n<li><strong>Nastavljiva mo\u010d:<\/strong> Podpira nadzor okusa in pare<\/li>\n<li><strong>Oblikovanje:<\/strong> Kompaktna velikost (55*95mm), podpira OEM\/ODM prilagoditev<\/li>\n<\/ul>\n<\/div>\n<\/div>\n<\/div>\n<\/div>\n<div class=\"mb-2 flex gap-3 empty:hidden -ml-2\">\n<div class=\"items-center justify-start rounded-xl p-1 flex\"><\/div>\n<\/div>\n<h2><strong>Veleprodajne e-cigarete AIVONO Ukrivljen zaslon 35k Vdih Seznam okusov:<\/strong><\/h2>\n<p>1.AIM FLASH: Jagodni led<br \/>\n2.AIM FLASH: Jagoda Lubenica<br \/>\n3.AIM FLASH: \u010ce\u0161nja Malina<br \/>\n4.AIM FLASH: Modra Malina led<br \/>\n5.AIM FLASH: Limonada<br \/>\n6.AIM FLASH: Breskov sok<br \/>\n7.AIM FLASH: Borovnica Grozdje<br \/>\n8.AIM FLASH: Lubenica led<br \/>\n9.AIM FLASH:Jabol\u010dna jagoda<br \/>\n10.AIM FLASH:Mango ananas<br \/>\n11.AIM FLASH:Modri ran\u010d<br \/>\n12.AIM FLASH:Jagodni led<br \/>\n13.AIM FLASH:Grozdje<br \/>\n14.AIM FLASH:Me\u0161ano jagodi\u010dje<br \/>\n15.AIM FLASH:Jagodni kivi led<\/p>\n<div role=\"article\" data-tabster=\"{&quot;groupper&quot;:{&quot;tabbability&quot;:2},&quot;focusable&quot;:{}}\" data-content=\"ai-message\" aria-labelledby=\"dARUyEWDoEYhnSPXFwx5A-author dARUyEWDoEYhnSPXFwx5A-content\">\n<div id=\"dARUyEWDoEYhnSPXFwx5A-content\">\n<h3>Zakaj izbrati AIVONO Curved Smart Screen 35000 Puffs pri <a href=\"https:\/\/vapestornado.com\/sl\/store\/\">vapestornado.si<\/a>?<\/h3>\n<ol>\n<li><strong>Vrhunska kakovost in zmogljivost<\/strong><br \/>\nAIVONO Curved Smart Screen 35000 Puffs E-cigareta za enkratno uporabo ponuja izjemno izku\u0161njo vapinga z do 35.000 vdihi. Poganja jo visokozmogljiva 850mAh baterija za ponovno polnjenje, ki zagotavlja dosledno delovanje in vrhunsko vzdr\u017eljivost.<\/li>\n<li><strong>Napredne funkcije za vrhunsko izku\u0161njo<\/strong><br \/>\nNaprava je opremljena z 1.0\u03a9 dvojno mre\u017easto tuljavo, ki zagotavlja gladko proizvodnjo pare in bogat okus z vsakim vdihom. Ukrivljen dinami\u010den pametni zaslon v realnem \u010dasu prikazuje nivo e-teko\u010dine in baterije, medtem ko prilagodljiv osvetljen logotip doda kan\u010dek prefinjenosti.<\/li>\n<li><strong>Prilagojeno vsakemu vejperju<\/strong><br \/>\nZ razli\u010dnimi mo\u017enostmi nikotina (5%, 3%, 2%, 0%) se AIVONO vejp prilagaja razli\u010dnim \u017eeljam, kar zagotavlja idealno izbiro za vsakega vejperja.<\/li>\n<li><strong>Eleganten, kompakten dizajn<\/strong><br \/>\nZasnovan z mislijo na priro\u010dnost, AIVONO Curved Smart Screen Vejp se pona\u0161a s kompaktno obliko 55*95 mm, zaradi \u010desar ga je enostavno prena\u0161ati, hkrati pa ohranja eleganten in moderen videz.<\/li>\n<li><strong>Ekskluzivna dostopnost na vapestornado.com<\/strong><br \/>\nvapestornado.com ponuja ekskluziven dostop do AIVONO Curved Smart Screen 35000 Puffs, kar zagotavlja konkuren\u010dne cene, hitro po\u0161iljanje in odli\u010dno storitev za stranke za slovenske kupce in \u0161ir\u0161e.<\/li>\n<li><strong>Idealno za slovenske vejperje<\/strong><br \/>\nS svojim inovativnim dizajnom in vrhunsko zmogljivostjo je AIVONO Curved Smart Screen Vejp popolnoma primeren za prefinjen okus slovenskih vejperjev, saj zdru\u017euje visoko tehnologijo in vzdr\u017eljivost v eni napravi.<\/li>\n<\/ol>\n<\/div>\n<\/div>\n<h3>Pogosta vpra\u0161anja o AIVONO Curved Smart Screen 35000 Puffs<\/h3>\n<p><strong>V: Koliko vdihov lahko pri\u010dakujem od AIVONO Curved Smart Screen 35000 Puffs?<\/strong><br \/>\n<strong>A:<\/strong> AIVONO Curved Smart Screen zagotavlja do <strong>35.000 vpihih<\/strong>, kar zagotavlja dolgotrajno in zadovoljivo izku\u0161njo vejpanja.<\/p>\n<p><strong>V: Kak\u0161na je zmogljivost baterije vejpa 35k puff AIVONO CurvedScreen?<\/strong><br \/>\n<strong>A:<\/strong> Napravo poganja <strong>17350 polnilna baterija iz \u010distega kobalta<\/strong> z zmogljivostjo <strong>850mAh<\/strong>, ki ponuja zanesljivo delovanje in dolgo \u017eivljenjsko dobo baterije.<\/p>\n<p><strong>V: Ali AIVONO Screen vejp 35k puff podpira polnjenje Type-C?<\/strong><br \/>\n<strong>A:<\/strong> Da, naprava ima <strong>priklju\u010dkom za polnjenje tipa C<\/strong>, kar omogo\u010da hitro in priro\u010dno polnjenje.<\/p>\n<p><strong>V: Kak\u0161no tuljavo uporablja AIVONO Curved Screen 35k puffs?<\/strong><br \/>\n<strong>A:<\/strong> Ta vape uporablja <strong>1,0\u03a9 dvojna mre\u017easta tuljava<\/strong>, kar zagotavlja gladko in dosledno proizvodnjo pare, skupaj z bogatimi in aromati\u010dnimi okusi.<\/p>\n<p><strong>V: Kako lahko preverim ravni e-teko\u010dine in baterije na AIVONO Curved Smart Screen 35000 vape baru?<\/strong><br \/>\n<strong>A:<\/strong> Naprava ima <strong>ukrivljen dinami\u010den pametni zaslon<\/strong> ki prikazuje ravni e-teko\u010dine in baterije v realnem \u010dasu, tako da vedno veste, kdaj je treba napolniti ali doto\u010diti.<\/p>\n<p><strong>V: Zakaj so poceni AIVONO Curved Smart Screen 35k Vapes idealne za slovenske vaperje?<\/strong><br \/>\n<strong>A:<\/strong> AIVONO Curved 35k puff vape zdru\u017euje vrhunsko tehnologijo, elegantno obliko in ve\u010d mo\u017enosti nikotina, zaradi \u010desar je odli\u010dna izbira za zahtevne preference slovenskih vaperjev.<\/p>","protected":false},"excerpt":{"rendered":"<p>AIVONO ukrivljeni pametni zaslon 35000 Puffs vape podi: Vrhunska e-cigareta za enkratno uporabo, 35.000 vpihov, prilagodljive funkcije, dvojna mre\u017easta tuljava, polnjenje Type-C, idealna za slovenske vaperje.<\/p>\n<figure id=\"attachment_2951\" aria-describedby=\"caption-attachment-2951\" style=\"width: 265px\" class=\"wp-caption alignnone\"><img decoding=\"async\" class=\"size-medium wp-image-2951\" src=\"https:\/\/vapestornado.com\/wp-content\/uploads\/2024\/12\/Wholesale-Disposable-Vape-265x300.jpg\" alt=\"Veleprodaja Vape za Enkratno Uporabo\" width=\"265\" height=\"300\" srcset=\"https:\/\/vapestornado.com\/wp-content\/uploads\/2024\/12\/Wholesale-Disposable-Vape-265x300.jpg 265w, https:\/\/vapestornado.com\/wp-content\/uploads\/2024\/12\/Wholesale-Disposable-Vape-768x871.jpg 768w, https:\/\/vapestornado.com\/wp-content\/uploads\/2024\/12\/Wholesale-Disposable-Vape-600x680.jpg 600w, https:\/\/vapestornado.com\/wp-content\/uploads\/2024\/12\/Wholesale-Disposable-Vape.jpg 823w\" sizes=\"(max-width: 265px) 100vw, 265px\" \/><figcaption id=\"caption-attachment-2951\" class=\"wp-caption-text\">Za Zni\u017eano Ceno se Obrnite na Mandy na WhatsApp\u00a0 <a href=\"https:\/\/wa.me\/8618077105796\">+8618077105796<\/a><\/figcaption><\/figure>\n<p>&nbsp;<\/p>","protected":false},"featured_media":3479,"comment_status":"open","ping_status":"closed","template":"","meta":{"_acf_changed":false,"_uag_custom_page_level_css":"","_lmt_disableupdate":"no","_lmt_disable":"","_monsterinsights_skip_tracking":false,"_monsterinsights_sitenote_active":false,"_monsterinsights_sitenote_note":"","_monsterinsights_sitenote_category":0,"site-sidebar-layout":"default","site-content-layout":"","ast-site-content-layout":"default","site-content-style":"default","site-sidebar-style":"default","ast-global-header-display":"","ast-banner-title-visibility":"","ast-main-header-display":"","ast-hfb-above-header-display":"","ast-hfb-below-header-display":"","ast-hfb-mobile-header-display":"","site-post-title":"","ast-breadcrumbs-content":"","ast-featured-img":"","footer-sml-layout":"","ast-disable-related-posts":"","theme-transparent-header-meta":"default","adv-header-id-meta":"","stick-header-meta":"","header-above-stick-meta":"","header-main-stick-meta":"","header-below-stick-meta":"","astra-migrate-meta-layouts":"set","ast-page-background-enabled":"default","ast-page-background-meta":{"desktop":{"background-color":"","background-image":"","background-repeat":"repeat","background-position":"center center","background-size":"auto","background-attachment":"scroll","background-type":"","background-media":"","overlay-type":"","overlay-color":"","overlay-opacity":"","overlay-gradient":""},"tablet":{"background-color":"","background-image":"","background-repeat":"repeat","background-position":"center center","background-size":"auto","background-attachment":"scroll","background-type":"","background-media":"","overlay-type":"","overlay-color":"","overlay-opacity":"","overlay-gradient":""},"mobile":{"background-color":"","background-image":"","background-repeat":"repeat","background-position":"center center","background-size":"auto","background-attachment":"scroll","background-type":"","background-media":"","overlay-type":"","overlay-color":"","overlay-opacity":"","overlay-gradient":""}},"ast-content-background-meta":{"desktop":{"background-color":"var(--ast-global-color-5)","background-image":"","background-repeat":"repeat","background-position":"center center","background-size":"auto","background-attachment":"scroll","background-type":"","background-media":"","overlay-type":"","overlay-color":"","overlay-opacity":"","overlay-gradient":""},"tablet":{"background-color":"var(--ast-global-color-5)","background-image":"","background-repeat":"repeat","background-position":"center center","background-size":"auto","background-attachment":"scroll","background-type":"","background-media":"","overlay-type":"","overlay-color":"","overlay-opacity":"","overlay-gradient":""},"mobile":{"background-color":"var(--ast-global-color-5)","background-image":"","background-repeat":"repeat","background-position":"center center","background-size":"auto","background-attachment":"scroll","background-type":"","background-media":"","overlay-type":"","overlay-color":"","overlay-opacity":"","overlay-gradient":""}},"_joinchat":{"telephone":"+8618077105796"}},"product_brand":[],"product_cat":[175,176,140,153,157],"product_tag":[177,97],"class_list":{"0":"post-3231","1":"product","2":"type-product","3":"status-publish","4":"has-post-thumbnail","6":"product_cat-35000-puff","7":"product_cat-aivono-vape","8":"product_cat-big-puffs-disposable-vapes","9":"product_cat-buy-disposable-vapes-in-italy","10":"product_cat-buy-disposable-vapes-in-portugal","11":"product_tag-aivono-35000-puffs","12":"product_tag-hot-sale-disposable-vape","13":"desktop-align-left","14":"tablet-align-left","15":"mobile-align-left","17":"first","18":"instock","19":"sale","20":"shipping-taxable","21":"purchasable","22":"product-type-simple"},"acf":[],"uagb_featured_image_src":{"full":["https:\/\/vapestornado.com\/wp-content\/uploads\/2024\/12\/AIVONO-35000-Puffs-Good-Sale-Vape.jpg",800,800,false],"thumbnail":["https:\/\/vapestornado.com\/wp-content\/uploads\/2024\/12\/AIVONO-35000-Puffs-Good-Sale-Vape-150x150.jpg",150,150,true],"medium":["https:\/\/vapestornado.com\/wp-content\/uploads\/2024\/12\/AIVONO-35000-Puffs-Good-Sale-Vape-300x300.jpg",300,300,true],"medium_large":["https:\/\/vapestornado.com\/wp-content\/uploads\/2024\/12\/AIVONO-35000-Puffs-Good-Sale-Vape-768x768.jpg",768,768,true],"large":["https:\/\/vapestornado.com\/wp-content\/uploads\/2024\/12\/AIVONO-35000-Puffs-Good-Sale-Vape.jpg",800,800,false],"1536x1536":["https:\/\/vapestornado.com\/wp-content\/uploads\/2024\/12\/AIVONO-35000-Puffs-Good-Sale-Vape.jpg",800,800,false],"2048x2048":["https:\/\/vapestornado.com\/wp-content\/uploads\/2024\/12\/AIVONO-35000-Puffs-Good-Sale-Vape.jpg",800,800,false],"trp-custom-language-flag":["https:\/\/vapestornado.com\/wp-content\/uploads\/2024\/12\/AIVONO-35000-Puffs-Good-Sale-Vape.jpg",12,12,false],"woocommerce_thumbnail":["https:\/\/vapestornado.com\/wp-content\/uploads\/2024\/12\/AIVONO-35000-Puffs-Good-Sale-Vape-300x300.jpg",300,300,true],"woocommerce_single":["https:\/\/vapestornado.com\/wp-content\/uploads\/2024\/12\/AIVONO-35000-Puffs-Good-Sale-Vape-600x600.jpg",600,600,true],"woocommerce_gallery_thumbnail":["https:\/\/vapestornado.com\/wp-content\/uploads\/2024\/12\/AIVONO-35000-Puffs-Good-Sale-Vape-100x100.jpg",100,100,true]},"uagb_author_info":{"display_name":"ESMANDY","author_link":"https:\/\/vapestornado.com\/sl\/author\/"},"uagb_comment_info":0,"uagb_excerpt":"AIVONO Curved Smart Screen 35000 Puff\u00a0 vape pods : Premium disposable vape, 35,000 puffs, customizable features, dual mesh coil, Type-C charging, ideal for European vapers. [caption id=\"attachment_2951\" align=\"alignnone\" width=\"265\"] Pls Contact Mandy's WhatsApp For Discount Price\u00a0 +8618077105796[\/caption] &nbsp;","_links":{"self":[{"href":"https:\/\/vapestornado.com\/sl\/wp-json\/wp\/v2\/product\/3231","targetHints":{"allow":["GET"]}}],"collection":[{"href":"https:\/\/vapestornado.com\/sl\/wp-json\/wp\/v2\/product"}],"about":[{"href":"https:\/\/vapestornado.com\/sl\/wp-json\/wp\/v2\/types\/product"}],"replies":[{"embeddable":true,"href":"https:\/\/vapestornado.com\/sl\/wp-json\/wp\/v2\/comments?post=3231"}],"wp:featuredmedia":[{"embeddable":true,"href":"https:\/\/vapestornado.com\/sl\/wp-json\/wp\/v2\/media\/3479"}],"wp:attachment":[{"href":"https:\/\/vapestornado.com\/sl\/wp-json\/wp\/v2\/media?parent=3231"}],"wp:term":[{"taxonomy":"product_brand","embeddable":true,"href":"https:\/\/vapestornado.com\/sl\/wp-json\/wp\/v2\/product_brand?post=3231"},{"taxonomy":"product_cat","embeddable":true,"href":"https:\/\/vapestornado.com\/sl\/wp-json\/wp\/v2\/product_cat?post=3231"},{"taxonomy":"product_tag","embeddable":true,"href":"https:\/\/vapestornado.com\/sl\/wp-json\/wp\/v2\/product_tag?post=3231"}],"curies":[{"name":"wp","href":"https:\/\/api.w.org\/{rel}","templated":true}]}}