{"id":3223,"date":"2024-12-18T08:28:53","date_gmt":"2024-12-18T08:28:53","guid":{"rendered":"https:\/\/vapestornado.com\/?post_type=product&#038;p=3223"},"modified":"2025-08-23T12:21:59","modified_gmt":"2025-08-23T12:21:59","slug":"vapsolo-triple-30000-puffs-3-flavors-in-1-rechargeable-disposable-vapes-pen-bulk-buy-wholesale","status":"publish","type":"product","link":"https:\/\/vapestornado.com\/sl\/product\/vapsolo-triple-30000-puffs-3-flavors-in-1-rechargeable-disposable-vapes-pen-bulk-buy-wholesale\/","title":{"rendered":"Vapsolo Triple 30000 Vdihov 3 Okusi v 1 Polnilni Razpolo\u017eljivi Vape Pisalo Nakup na Debelo"},"content":{"rendered":"<h1 class=\"product-title\">Vapsolo Triple 30000 Vdihov 3 Okusi v 1 Polnilni Razpolo\u017eljivi Vape Pisalo Nakup na Debelo<\/h1>\n<p>The <strong>Vapsolo Triple 30000<\/strong> revolucionarno spreminja izku\u0161njo vapinga s svojo edinstveno <strong>3 Okusi v 1 Vape za Enkratno Uporabo<\/strong> oblikovanje. U\u017eivajte do <strong>30.000 vpihov<\/strong> z brezhibnim preklapljanjem med tremi razli\u010dnimi okusi, vse v eni elegantni, polnilni napravi. Opremljen s <strong>trojnimi mre\u017eastimi grelci<\/strong> za izbolj\u0161an okus in proizvodnjo pare, ta naprava zagotavlja, da je vsak vpih gladek in zadovoljiv.<\/p>\n<p>Z <strong>45 ml kapacitete e-teko\u010dine<\/strong> (15 ml na okus), <strong>Vapsolo Triple 30000<\/strong> zmanj\u0161uje potrebo po ponovnem polnjenju, medtem ko <strong>650mAh polnilno baterijo<\/strong> z <strong>hitro polnjenje Type-C<\/strong> zagotavlja dosledno delovanje. Vgrajen <strong>LCD zaslonom<\/strong> vas obve\u0161\u010da o nivoju e-teko\u010dine, \u017eivljenjski dobi baterije in nastavitvah okusa za popoln nadzor.<\/p>\n<p>Na voljo v <strong>2% in 5% mo\u017enosti z nizko vsebnostjo nikotina<\/strong>, ta <strong>vrhunski vape za enkratno uporabo<\/strong> je popoln za ob\u010dasne in izku\u0161ene uporabnike vape. Njegova <strong>veleprodajna cena vape za enkratno uporabo<\/strong> omogo\u010da stro\u0161kovno u\u010dinkovito mo\u017enost za kupce v velikih koli\u010dinah, kar zagotavlja, da dobite visokokakovostne funkcije po <strong>poceni vejp<\/strong> cena.<\/p>\n<p>&nbsp;<\/p>\n<p><strong>Dodajte Amy na Whatsapp in prejmite takoj\u0161en odgovor ter kupon za vape!<\/strong><\/p>\n<p><img fetchpriority=\"high\" decoding=\"async\" class=\"size-full wp-image-2932\" src=\"https:\/\/vapestornado.com\/wp-content\/uploads\/2024\/12\/Vape-Wholesale.jpg\" alt=\"Vape Veleprodaja\" width=\"229\" height=\"300\" \/><\/p>\n<h3><a href=\"https:\/\/wa.me\/8617776015835\" target=\"_blank\" rel=\"noopener\"><span style=\"color: #ff0000;\"><strong>WhatsApp: +386 17776015835<\/strong><\/span><\/a><\/h3>\n<p>&nbsp;<\/p>\n<h2><strong>Lastnosti izdelka Vapsolo Triple 30000 Vpihov<\/strong><\/h2>\n<div role=\"article\" data-tabster=\"{&quot;groupper&quot;:{&quot;tabbability&quot;:2},&quot;focusable&quot;:{}}\" data-content=\"ai-message\" aria-labelledby=\"juhNTJ6o7Gk1cgwZMJgv2-author juhNTJ6o7Gk1cgwZMJgv2-content\">\n<div id=\"juhNTJ6o7Gk1cgwZMJgv2-content\">\n<div role=\"article\" data-tabster=\"{&quot;groupper&quot;:{&quot;tabbability&quot;:2},&quot;focusable&quot;:{}}\" data-content=\"ai-message\" aria-labelledby=\"x4EZuCZWrTbh3weWUt7CU-author x4EZuCZWrTbh3weWUt7CU-content\">\n<div id=\"x4EZuCZWrTbh3weWUt7CU-content\">\n<h3><\/h3>\n<ol>\n<li><strong>30.000 Vpihov:<\/strong> Ogromno \u0161tevilo vpihov za podalj\u0161ane seanse vapinga.<\/li>\n<li><strong>3 Okusi v 1 Dizajnu:<\/strong> Brez te\u017eav preklapljajte med tremi okusnimi okusi.<\/li>\n<li><strong>Trojne Mre\u017easte Tuljave:<\/strong> Izbolj\u0161an okus in proizvodnja pare.<\/li>\n<li><strong>Polnilna baterija:<\/strong> Baterija 650mAh s hitrim polnjenjem Type-C.<\/li>\n<li><strong>45ml Kapaciteta E-teko\u010dine:<\/strong> Velika shramba teko\u010dine s 15 ml na okus.<\/li>\n<li><strong>LCD zaslon:<\/strong> Spremljanje v realnem \u010dasu vpihov, baterije in nastavitev okusa.<\/li>\n<li><strong>Mo\u017enosti nizke vsebnosti nikotina:<\/strong> Na voljo v 2% in 5% za prilagodljive ravni nikotina.<\/li>\n<li><strong>Vzdr\u017eljiv<\/strong> Lahka, kompaktna oblika za vaping na poti.<\/li>\n<li><strong>Pripravljeno za veleprodajo:<\/strong> Ugodne cene za trgovce na drobno in preprodajalce.<\/li>\n<li><strong>10 Kombinacij Okusov:<\/strong> \u0160irok izbor mo\u017enosti okusov za vsak okus.<\/li>\n<\/ol>\n<figure id=\"attachment_3224\" aria-describedby=\"caption-attachment-3224\" style=\"width: 600px\" class=\"wp-caption alignnone\"><img decoding=\"async\" class=\"wp-image-3224\" src=\"https:\/\/vapestornado.com\/wp-content\/uploads\/2024\/12\/Vapsolo-Triple-30000-Puffs-3-Flavors-in-1-Disposable-Vape-300x300.jpg\" alt=\"Vapsolo Triple 30000 Vpihov 3 Okusi v 1 Vape za enkratno uporabo\" width=\"600\" height=\"600\" srcset=\"https:\/\/vapestornado.com\/wp-content\/uploads\/2024\/12\/Vapsolo-Triple-30000-Puffs-3-Flavors-in-1-Disposable-Vape-300x300.jpg 300w, https:\/\/vapestornado.com\/wp-content\/uploads\/2024\/12\/Vapsolo-Triple-30000-Puffs-3-Flavors-in-1-Disposable-Vape-1024x1024.jpg 1024w, https:\/\/vapestornado.com\/wp-content\/uploads\/2024\/12\/Vapsolo-Triple-30000-Puffs-3-Flavors-in-1-Disposable-Vape-150x150.jpg 150w, https:\/\/vapestornado.com\/wp-content\/uploads\/2024\/12\/Vapsolo-Triple-30000-Puffs-3-Flavors-in-1-Disposable-Vape-768x768.jpg 768w, https:\/\/vapestornado.com\/wp-content\/uploads\/2024\/12\/Vapsolo-Triple-30000-Puffs-3-Flavors-in-1-Disposable-Vape-600x600.jpg 600w, https:\/\/vapestornado.com\/wp-content\/uploads\/2024\/12\/Vapsolo-Triple-30000-Puffs-3-Flavors-in-1-Disposable-Vape-100x100.jpg 100w, https:\/\/vapestornado.com\/wp-content\/uploads\/2024\/12\/Vapsolo-Triple-30000-Puffs-3-Flavors-in-1-Disposable-Vape.jpg 1126w\" sizes=\"(max-width: 600px) 100vw, 600px\" \/><figcaption id=\"caption-attachment-3224\" class=\"wp-caption-text\">Vapsolo Triple 30000 Vpihov 3 Okusi v 1 Vape za enkratno uporabo<\/figcaption><\/figure>\n<\/div>\n<\/div>\n<\/div>\n<\/div>\n<h2 class=\"product-title\"><strong>Seznam okusov Vapsolo Triple 30000 Vpihov<\/strong><\/h2>\n<p>1. Lubenica led<br \/>\n2. Limona limeta<br \/>\n3. Jagoda banana<br \/>\n4. Jagoda kivi<br \/>\n5. Tropsko sadje<br \/>\n6. Ananas kokos<br \/>\n7. Jagoda malina<br \/>\n8. Malina lubenica<br \/>\n9. Jagoda vanilija kola<br \/>\n10. Sladoled z okusom lubenice<\/p>\n<h3>Zakaj izbrati vapestornado za veleprodajo vape Vapsolo 30000 Puffs?<\/h3>\n<div class=\"flex-shrink-0 flex flex-col relative items-end\">\n<div class=\"pt-0\">\n<div class=\"gizmo-bot-avatar flex h-8 w-8 items-center justify-center overflow-hidden rounded-full\">\n<div class=\"relative p-1 rounded-sm flex items-center justify-center bg-token-main-surface-primary text-token-text-primary h-8 w-8\">\n<p>Dobrodo\u0161li v vapestornadu, va\u0161i zaupanja vredni spletni trgovini z veipi za vrhunske veipe za enkratno uporabo. Z ve\u010d kot 5-letnimi izku\u0161njami vam prina\u0161amo priljubljene blagovne znamke veipov za enkratno uporabo, kot so Fumot RandM Vape, <a href=\"https:\/\/vapestornado.com\/sl\/product\/vapme-crystal-7000-puffs-rechargeable-disposable-vape-wholesale-cheap-price\/\">Vapme<\/a>, Bang Vape, Waspe Vape in WGA Vape, itd.<\/p>\n<p>Na\u0161a ponudba vklju\u010duje vro\u010de prodajane veipe, kot je <a href=\"https:\/\/vapestornado.com\/sl\/product\/fumot-randm-tornado-15000-puffs-rechargeable-disposable-vape-wholesale\/\">RandM Tornado 15000<\/a>, in izbire, bogate z okusi, kot je <a href=\"https:\/\/vapestornado.com\/sl\/product\/vapsolo-dg-18000-puffs-smart-screen-wholesale-disposable-cheap-vapes\/\">\u00a0Vapsolo DG18000 Vpihov<\/a> Vsak izdelek je izbran s poudarkom na kakovosti, vrednosti in raznolikosti, kar zagotavlja, da boste na\u0161li popolno ujemanje za svoje potrebe. Odkrijte izjemno storitev in \u0161iroko paleto vrhunskih izdelkov po veleprodajni ceni pri vapestornado.<\/p>\n<\/div>\n<h3><\/h3>\n<div class=\"relative p-1 rounded-sm flex items-center justify-center bg-token-main-surface-primary text-token-text-primary h-8 w-8\">\n<h3>Pogosta vpra\u0161anja za Vapsolo Triple 30000 Puffs Disposable Vape<\/h3>\n<\/div>\n<\/div>\n<\/div>\n<\/div>\n<div class=\"flex-shrink-0 flex flex-col relative items-end\">\n<div class=\"pt-0\">\n<div class=\"gizmo-bot-avatar flex h-8 w-8 items-center justify-center overflow-hidden rounded-full\">\n<div class=\"relative p-1 rounded-sm flex items-center justify-center bg-token-main-surface-primary text-token-text-primary h-8 w-8\">\n<div class=\"mb-2 flex gap-3 empty:hidden -ml-2\">\n<div role=\"article\" data-tabster=\"{&quot;groupper&quot;:{&quot;tabbability&quot;:2},&quot;focusable&quot;:{}}\" data-content=\"ai-message\" aria-labelledby=\"Vdt5ez4X7Tg813x6rFVha-author Vdt5ez4X7Tg813x6rFVha-content\">\n<div id=\"Vdt5ez4X7Tg813x6rFVha-content\">\n<div role=\"article\" data-tabster=\"{&quot;groupper&quot;:{&quot;tabbability&quot;:2},&quot;focusable&quot;:{}}\" data-content=\"ai-message\" aria-labelledby=\"o968oC7CEo2fGHsGdsRYC-author o968oC7CEo2fGHsGdsRYC-content\">\n<div id=\"o968oC7CEo2fGHsGdsRYC-content\">\n<h3><\/h3>\n<ol>\n<li><strong>Kaj naredi Vapsolo Triple 30000 edinstven?<\/strong><br \/>\nIma <strong>3 okuse v 1 vape za enkratno uporabo<\/strong>, kar uporabnikom omogo\u010da preklapljanje med tremi razli\u010dnimi okusi brez napora.<\/li>\n<li><strong>Kako dolgo naprava traja?<\/strong><br \/>\nZ <strong>Kapaciteta 30.000 vdihov<\/strong> in <strong>650mAh polnilno baterijo<\/strong>, zasnovana je za dolgotrajno uporabo.<\/li>\n<li><strong>Kje lahko kupim ta vape po veleprodajnih cenah?<\/strong><br \/>\nKupite <strong>Vapsolo Triple 30000<\/strong> na vapestornado<strong>\u00a0spletna trgovina z vape izdelki<\/strong>, zaupanja vrednem viru za <strong>veleprodajo e-cigaret za enkratno uporabo<\/strong>.<\/li>\n<li><strong>Ali naprava podpira hitro polnjenje?<\/strong><br \/>\nDa, opremljena je z <strong>priklju\u010dkom za polnjenje tipa C<\/strong> za hitro in u\u010dinkovito polnjenje.<\/li>\n<li><strong>Katere stopnje nikotina so na voljo?<\/strong><br \/>\nNaprava je na voljo v obeh <strong>2% in 5% nizki nikotinski<\/strong> mo\u017enostih, ki ustrezajo razli\u010dnim \u017eeljam.<\/li>\n<\/ol>\n<\/div>\n<\/div>\n<\/div>\n<\/div>\n<\/div>\n<\/div>\n<\/div>\n<\/div>\n<\/div>","protected":false},"excerpt":{"rendered":"<p>Najbolj\u0161i Vapsolo Triple 30000 Vpihov 2% 5% Nizko Nikotinski Vape za Enkratno Uporabo, Nakup v Velikih Koli\u010dinah po Nizki Ceni<br \/>\nVapsolo Triple 30000 Vpihov Polnilni Vape za Enkratno Uporabo na Debelo<br \/>\nPoceni Tovarni\u0161ki Vapsolo Triple 30000 Vpihov 2% 5% Nizko Nikotinski Vape za Enkratno Uporabo<\/p>\n<p><strong>Dodajte Amy na WhatsApp in prejmite takoj\u0161en odgovor ter kupon za vape!<\/strong><\/p>\n<p><img fetchpriority=\"high\" decoding=\"async\" class=\"size-full wp-image-2932\" src=\"https:\/\/vapestornado.com\/wp-content\/uploads\/2024\/12\/Vape-Wholesale.jpg\" alt=\"Vape Veleprodaja\" width=\"229\" height=\"300\" \/><\/p>\n<h3><a href=\"https:\/\/wa.me\/8617776015835\"><span style=\"color: #ff0000;\"><strong>WhatsApp: +386 17776015835<\/strong><\/span><\/a><\/h3>\n<p>&nbsp;<\/p>","protected":false},"featured_media":3230,"comment_status":"open","ping_status":"closed","template":"","meta":{"_acf_changed":false,"_uag_custom_page_level_css":"","_lmt_disableupdate":"no","_lmt_disable":"","_monsterinsights_skip_tracking":false,"_monsterinsights_sitenote_active":false,"_monsterinsights_sitenote_note":"","_monsterinsights_sitenote_category":0,"site-sidebar-layout":"default","site-content-layout":"","ast-site-content-layout":"default","site-content-style":"default","site-sidebar-style":"default","ast-global-header-display":"","ast-banner-title-visibility":"","ast-main-header-display":"","ast-hfb-above-header-display":"","ast-hfb-below-header-display":"","ast-hfb-mobile-header-display":"","site-post-title":"","ast-breadcrumbs-content":"","ast-featured-img":"","footer-sml-layout":"","ast-disable-related-posts":"","theme-transparent-header-meta":"default","adv-header-id-meta":"","stick-header-meta":"","header-above-stick-meta":"","header-main-stick-meta":"","header-below-stick-meta":"","astra-migrate-meta-layouts":"set","ast-page-background-enabled":"default","ast-page-background-meta":{"desktop":{"background-color":"","background-image":"","background-repeat":"repeat","background-position":"center center","background-size":"auto","background-attachment":"scroll","background-type":"","background-media":"","overlay-type":"","overlay-color":"","overlay-opacity":"","overlay-gradient":""},"tablet":{"background-color":"","background-image":"","background-repeat":"repeat","background-position":"center center","background-size":"auto","background-attachment":"scroll","background-type":"","background-media":"","overlay-type":"","overlay-color":"","overlay-opacity":"","overlay-gradient":""},"mobile":{"background-color":"","background-image":"","background-repeat":"repeat","background-position":"center center","background-size":"auto","background-attachment":"scroll","background-type":"","background-media":"","overlay-type":"","overlay-color":"","overlay-opacity":"","overlay-gradient":""}},"ast-content-background-meta":{"desktop":{"background-color":"var(--ast-global-color-5)","background-image":"","background-repeat":"repeat","background-position":"center center","background-size":"auto","background-attachment":"scroll","background-type":"","background-media":"","overlay-type":"","overlay-color":"","overlay-opacity":"","overlay-gradient":""},"tablet":{"background-color":"var(--ast-global-color-5)","background-image":"","background-repeat":"repeat","background-position":"center center","background-size":"auto","background-attachment":"scroll","background-type":"","background-media":"","overlay-type":"","overlay-color":"","overlay-opacity":"","overlay-gradient":""},"mobile":{"background-color":"var(--ast-global-color-5)","background-image":"","background-repeat":"repeat","background-position":"center center","background-size":"auto","background-attachment":"scroll","background-type":"","background-media":"","overlay-type":"","overlay-color":"","overlay-opacity":"","overlay-gradient":""}},"_joinchat":{"telephone":"+8617776015835"}},"product_brand":[],"product_cat":[67,149,151,143,144,277,146,171],"product_tag":[165,97,166,94,139,174,173],"class_list":{"0":"post-3223","1":"product","2":"type-product","3":"status-publish","4":"has-post-thumbnail","6":"product_cat-30000-puff","7":"product_cat-buy-disposable-vapes-in-austria","8":"product_cat-buy-disposable-vapes-in-france","9":"product_cat-dual-mesh-disposable-vapes","10":"product_cat-low-nicotine-disposable-vapes","11":"product_cat-mesii-vape","12":"product_cat-rechargeable-disposable-vapes","13":"product_cat-vapsolo-disposable-vapes","14":"product_tag-cheap-vapes","15":"product_tag-hot-sale-disposable-vape","16":"product_tag-low-nicotine-vape","17":"product_tag-rechargeable-disposable-vape","18":"product_tag-vapsolo","19":"product_tag-vapsolo-30000","20":"product_tag-vapsolo-triple-30000","21":"desktop-align-left","22":"tablet-align-left","23":"mobile-align-left","25":"first","26":"instock","27":"sale","28":"shipping-taxable","29":"purchasable","30":"product-type-simple"},"acf":[],"uagb_featured_image_src":{"full":["https:\/\/vapestornado.com\/wp-content\/uploads\/2024\/12\/Vapsolo-Triple-30000-Puffs-Rechargeable-Disposable-Vape.jpg",1126,1126,false],"thumbnail":["https:\/\/vapestornado.com\/wp-content\/uploads\/2024\/12\/Vapsolo-Triple-30000-Puffs-Rechargeable-Disposable-Vape-150x150.jpg",150,150,true],"medium":["https:\/\/vapestornado.com\/wp-content\/uploads\/2024\/12\/Vapsolo-Triple-30000-Puffs-Rechargeable-Disposable-Vape-300x300.jpg",300,300,true],"medium_large":["https:\/\/vapestornado.com\/wp-content\/uploads\/2024\/12\/Vapsolo-Triple-30000-Puffs-Rechargeable-Disposable-Vape-768x768.jpg",768,768,true],"large":["https:\/\/vapestornado.com\/wp-content\/uploads\/2024\/12\/Vapsolo-Triple-30000-Puffs-Rechargeable-Disposable-Vape-1024x1024.jpg",1024,1024,true],"1536x1536":["https:\/\/vapestornado.com\/wp-content\/uploads\/2024\/12\/Vapsolo-Triple-30000-Puffs-Rechargeable-Disposable-Vape.jpg",1126,1126,false],"2048x2048":["https:\/\/vapestornado.com\/wp-content\/uploads\/2024\/12\/Vapsolo-Triple-30000-Puffs-Rechargeable-Disposable-Vape.jpg",1126,1126,false],"trp-custom-language-flag":["https:\/\/vapestornado.com\/wp-content\/uploads\/2024\/12\/Vapsolo-Triple-30000-Puffs-Rechargeable-Disposable-Vape.jpg",12,12,false],"woocommerce_thumbnail":["https:\/\/vapestornado.com\/wp-content\/uploads\/2024\/12\/Vapsolo-Triple-30000-Puffs-Rechargeable-Disposable-Vape-300x300.jpg",300,300,true],"woocommerce_single":["https:\/\/vapestornado.com\/wp-content\/uploads\/2024\/12\/Vapsolo-Triple-30000-Puffs-Rechargeable-Disposable-Vape-600x600.jpg",600,600,true],"woocommerce_gallery_thumbnail":["https:\/\/vapestornado.com\/wp-content\/uploads\/2024\/12\/Vapsolo-Triple-30000-Puffs-Rechargeable-Disposable-Vape-100x100.jpg",100,100,true]},"uagb_author_info":{"display_name":"ESAMY","author_link":"https:\/\/vapestornado.com\/sl\/author\/"},"uagb_comment_info":0,"uagb_excerpt":"Best Vapsolo Triple 30000 Puffs 2% 5% Low Nicotine Disposable Vape Bulk Buy Price Vapsolo Triple 30000 Puffs Rechargeable Disposable Vape Wholesale Cheap Factory Vapsolo Triple 30000 Puffs 2% 5% Low Nicotine Disposable Vape Add Amy's whatsapp get right reply and vape vape coupon! WhatsApp: +86 17776015835 &nbsp;","_links":{"self":[{"href":"https:\/\/vapestornado.com\/sl\/wp-json\/wp\/v2\/product\/3223","targetHints":{"allow":["GET"]}}],"collection":[{"href":"https:\/\/vapestornado.com\/sl\/wp-json\/wp\/v2\/product"}],"about":[{"href":"https:\/\/vapestornado.com\/sl\/wp-json\/wp\/v2\/types\/product"}],"replies":[{"embeddable":true,"href":"https:\/\/vapestornado.com\/sl\/wp-json\/wp\/v2\/comments?post=3223"}],"wp:featuredmedia":[{"embeddable":true,"href":"https:\/\/vapestornado.com\/sl\/wp-json\/wp\/v2\/media\/3230"}],"wp:attachment":[{"href":"https:\/\/vapestornado.com\/sl\/wp-json\/wp\/v2\/media?parent=3223"}],"wp:term":[{"taxonomy":"product_brand","embeddable":true,"href":"https:\/\/vapestornado.com\/sl\/wp-json\/wp\/v2\/product_brand?post=3223"},{"taxonomy":"product_cat","embeddable":true,"href":"https:\/\/vapestornado.com\/sl\/wp-json\/wp\/v2\/product_cat?post=3223"},{"taxonomy":"product_tag","embeddable":true,"href":"https:\/\/vapestornado.com\/sl\/wp-json\/wp\/v2\/product_tag?post=3223"}],"curies":[{"name":"wp","href":"https:\/\/api.w.org\/{rel}","templated":true}]}}