{"id":3201,"date":"2024-12-18T03:39:14","date_gmt":"2024-12-18T03:39:14","guid":{"rendered":"https:\/\/vapestornado.com\/?post_type=product&#038;p=3201"},"modified":"2025-08-23T09:47:27","modified_gmt":"2025-08-23T09:47:27","slug":"vapsolo-viking-12000-puffs-2-5-low-nicotine-bulk-buy-rechargeable-disposable-vapes-pen-wholesale-price","status":"publish","type":"product","link":"https:\/\/vapestornado.com\/sl\/product\/vapsolo-viking-12000-puffs-2-5-low-nicotine-bulk-buy-rechargeable-disposable-vapes-pen-wholesale-price\/","title":{"rendered":"VapSolo Viking 12000 Vpihov 2% 5% Nizka Vsebnost Nikotina Nakup na Debelo Polnilne Vape za Enkratno Uporabo Pisalo Veleprodajna Cena"},"content":{"rendered":"<h1 class=\"product-title\">VapSolo Viking 12000 Vpihov 2% 5% Nizka Vsebnost Nikotina Nakup na Debelo Polnilne Vape za Enkratno Uporabo Pisalo Veleprodajna Cena<\/h1>\n<p data-start=\"403\" data-end=\"652\">The <strong data-start=\"407\" data-end=\"453\">VapSolo Viking 12000 Vpihov Vape za enkratno uporabo<\/strong> zagotavlja podalj\u0161ano delovanje in prilagodljivost v elegantni, prenosni obliki. Z <strong data-start=\"536\" data-end=\"562\">22ml kapaciteto e-teko\u010dine<\/strong> in do <strong data-start=\"573\" data-end=\"589\">12.000 vpihov<\/strong>, zagotavlja dolgotrajno uporabo brez stalnih zamenjav.<\/p>\n<p data-start=\"654\" data-end=\"909\">Napaja ga <strong data-start=\"667\" data-end=\"698\">650mAh polnilno baterijo<\/strong> z <strong data-start=\"704\" data-end=\"728\">hitro polnjenje Type-C<\/strong>, Viking 12K zagotavlja dosledne seje in u\u010dinkovito polnjenje. Na voljo je v <strong data-start=\"811\" data-end=\"843\">2% in 5% jakosti nikotina<\/strong>, zaradi \u010desar je primeren tako za zmerne kot mo\u010dnej\u0161e preference.<\/p>\n<p data-start=\"911\" data-end=\"1150\">Opremljen z <strong data-start=\"925\" data-end=\"949\">tehnologijo mre\u017easte tuljave<\/strong> in <strong data-start=\"954\" data-end=\"984\">4-stopenjski nastavljiv pretok zraka<\/strong>, ta naprava zagotavlja gladko proizvodnjo pare in prilagodljive vdihe. The <strong data-start=\"1061\" data-end=\"1076\">LCD zaslonom<\/strong> dodaja udobje s prikazovanjem \u0161tevila vpihov in stanja baterije v realnem \u010dasu.<\/p>\n<p data-start=\"1152\" data-end=\"1410\">Lahek in enostaven za prena\u0161anje, <strong data-start=\"1187\" data-end=\"1211\">VapSolo Viking 12000<\/strong> je idealen tako za vsakodnevne uporabnike kot za trgovce na debelo. Njegova kombinacija zmogljivosti, naprednih funkcij in konkuren\u010dne <strong data-start=\"1326\" data-end=\"1347\">veleprodajnimi cenami<\/strong> ga naredi donosno mo\u017enost za trgovce na drobno in distributerje.<\/p>\n<p><strong>Dodajte Amy na Whatsapp in prejmite takoj\u0161en odgovor ter kupon za vape!<\/strong><\/p>\n<p><img fetchpriority=\"high\" decoding=\"async\" class=\"size-full wp-image-2932\" src=\"https:\/\/vapestornado.com\/wp-content\/uploads\/2024\/12\/Vape-Wholesale.jpg\" alt=\"Vape Veleprodaja\" width=\"229\" height=\"300\" \/><\/p>\n<h3><a href=\"https:\/\/wa.me\/8617776015835\" target=\"_blank\" rel=\"noopener\"><span style=\"color: #ff0000;\"><strong>WhatsApp: +386 17776015835<\/strong><\/span><\/a><\/h3>\n<p>&nbsp;<\/p>\n<h2><strong>Lastnosti izdelka VapSolo Viking 12000<\/strong><\/h2>\n<div role=\"article\" data-tabster=\"{&quot;groupper&quot;:{&quot;tabbability&quot;:2},&quot;focusable&quot;:{}}\" data-content=\"ai-message\" aria-labelledby=\"juhNTJ6o7Gk1cgwZMJgv2-author juhNTJ6o7Gk1cgwZMJgv2-content\">\n<div id=\"juhNTJ6o7Gk1cgwZMJgv2-content\">\n<div role=\"article\" data-tabster=\"{&quot;groupper&quot;:{&quot;tabbability&quot;:2},&quot;focusable&quot;:{}}\" data-content=\"ai-message\" aria-labelledby=\"x4EZuCZWrTbh3weWUt7CU-author x4EZuCZWrTbh3weWUt7CU-content\">\n<div id=\"x4EZuCZWrTbh3weWUt7CU-content\">\n<h3><\/h3>\n<ol>\n<li><strong>12.000 vdihov na napravo:<\/strong> Podalj\u0161ana uporaba za brezskrbno izku\u0161njo vapinga.<\/li>\n<li><strong>Mo\u017enosti nizke vsebnosti nikotina:<\/strong> Na voljo v 2 % in 5 % jakosti nikotina, kar ustreza razli\u010dnim \u017eeljam.<\/li>\n<li><strong>Polnilna baterija:<\/strong> Kapaciteta 650 mAh s priro\u010dnim hitrim polnjenjem Type-C.<\/li>\n<li><strong>4-stopenjski nastavljiv pretok zraka:<\/strong> Natan\u010dno prilagodite svoj stil vapinga.<\/li>\n<li><strong>Tehnologija mre\u017ene tuljave:<\/strong> Vsaki\u010d zagotavlja gladek izhlapevanje in izbolj\u0161an okus.<\/li>\n<li><strong>22 ml Kapaciteta e-teko\u010dine:<\/strong> Zagotavlja dalj\u0161e seje vapinga brez pogostega polnjenja.<\/li>\n<li><strong>LCD zaslon:<\/strong> Enostavno spremljajte \u0161tevilo vdihov in stanje baterije v realnem \u010dasu.<\/li>\n<li><strong>Kompakten in lahek:<\/strong> Prenosna zasnova, tehta samo 95 g za enostavno uporabo na poti.<\/li>\n<li><strong>Ugodne veleprodajne cene:<\/strong> Idealno za nakup v velikih koli\u010dinah in nadaljnjo prodajo.<\/li>\n<li><strong>Vrhunska blagovna znamka vape za enkratno uporabo:<\/strong> Zdru\u017euje priro\u010dnost, zmogljivost in stil.<\/li>\n<\/ol>\n<\/div>\n<\/div>\n<\/div>\n<\/div>\n<h2 class=\"product-title\"><strong>Seznam okusov VapSolo 12000 vdihov<\/strong><\/h2>\n<p>1. borovnica malina<br \/>\n2. borovnica<br \/>\n3. gazirana \u010de\u0161nja<br \/>\n4. lubenica led<br \/>\n5. jagoda kivi<br \/>\n6. jagoda lubenica<br \/>\n7. poletne sanje<br \/>\n8. borovnica \u010de\u0161nja brusnica<br \/>\n9. limona limeta<br \/>\n10. gumijasti medvedek<br \/>\n11. Jagoda banana<br \/>\n12. sve\u017ea meta<br \/>\n13. jagoda malina led<br \/>\n14. limona breskev<br \/>\n15. rde\u010de jabolko led<\/p>\n<figure id=\"attachment_3194\" aria-describedby=\"caption-attachment-3194\" style=\"width: 600px\" class=\"wp-caption alignnone\"><img decoding=\"async\" class=\"wp-image-3194\" src=\"https:\/\/vapestornado.com\/wp-content\/uploads\/2024\/12\/VapSolo-12000-Puffs-Disposable-Vape-Wholesale-Cheap-Price-300x300.jpg\" alt=\"VapSolo 12000 Vpihov Razpolo\u017eljiva Vape Veleprodaja Poceni Cena\" width=\"600\" height=\"600\" srcset=\"https:\/\/vapestornado.com\/wp-content\/uploads\/2024\/12\/VapSolo-12000-Puffs-Disposable-Vape-Wholesale-Cheap-Price-300x300.jpg 300w, https:\/\/vapestornado.com\/wp-content\/uploads\/2024\/12\/VapSolo-12000-Puffs-Disposable-Vape-Wholesale-Cheap-Price-1024x1024.jpg 1024w, https:\/\/vapestornado.com\/wp-content\/uploads\/2024\/12\/VapSolo-12000-Puffs-Disposable-Vape-Wholesale-Cheap-Price-150x150.jpg 150w, https:\/\/vapestornado.com\/wp-content\/uploads\/2024\/12\/VapSolo-12000-Puffs-Disposable-Vape-Wholesale-Cheap-Price-768x768.jpg 768w, https:\/\/vapestornado.com\/wp-content\/uploads\/2024\/12\/VapSolo-12000-Puffs-Disposable-Vape-Wholesale-Cheap-Price-600x600.jpg 600w, https:\/\/vapestornado.com\/wp-content\/uploads\/2024\/12\/VapSolo-12000-Puffs-Disposable-Vape-Wholesale-Cheap-Price-100x100.jpg 100w, https:\/\/vapestornado.com\/wp-content\/uploads\/2024\/12\/VapSolo-12000-Puffs-Disposable-Vape-Wholesale-Cheap-Price.jpg 1126w\" sizes=\"(max-width: 600px) 100vw, 600px\" \/><figcaption id=\"caption-attachment-3194\" class=\"wp-caption-text\">VapSolo 12000 Vpihov Razpolo\u017eljiva Vape Veleprodaja Poceni Cena<\/figcaption><\/figure>\n<h3>Zakaj izbrati vapestornado za VapSolo Viking 12000 Vpihov Vape Veleprodaja?<\/h3>\n<div class=\"flex-shrink-0 flex flex-col relative items-end\">\n<div class=\"pt-0\">\n<div class=\"gizmo-bot-avatar flex h-8 w-8 items-center justify-center overflow-hidden rounded-full\">\n<div class=\"relative p-1 rounded-sm flex items-center justify-center bg-token-main-surface-primary text-token-text-primary h-8 w-8\">\n<p>Dobrodo\u0161li v vapestornadu, va\u0161i zaupanja vredni spletni trgovini z veipi za vrhunske veipe za enkratno uporabo. Z ve\u010d kot 5-letnimi izku\u0161njami vam prina\u0161amo priljubljene blagovne znamke veipov za enkratno uporabo, kot so Fumot RandM Vape, <a href=\"https:\/\/vapestornado.com\/sl\/product\/vapme-crystal-7000-puffs-rechargeable-disposable-vape-wholesale-cheap-price\/\">Vapme<\/a>, Bang Vape, Waspe Vape in WGA Vape, itd.<\/p>\n<p>Na\u0161a ponudba vklju\u010duje vro\u010de prodajane veipe, kot je <a href=\"https:\/\/vapestornado.com\/sl\/product\/fumot-randm-tornado-15000-puffs-rechargeable-disposable-vape-wholesale\/\">RandM Tornado 15000<\/a>, in izbire, bogate z okusi, kot je <a href=\"https:\/\/vapestornado.com\/sl\/product\/waspe-40000-puffs-double-flavour-led-display-disposable-vape-wholesale\/\">WASPE Dvojni okus 40000 vdihov<\/a> Vsak izdelek je izbran s poudarkom na kakovosti, vrednosti in raznolikosti, kar zagotavlja, da boste na\u0161li popolno ujemanje za svoje potrebe. Odkrijte izjemno storitev in \u0161iroko paleto vrhunskih izdelkov po veleprodajni ceni pri vapestornado.<\/p>\n<\/div>\n<h3><\/h3>\n<div class=\"relative p-1 rounded-sm flex items-center justify-center bg-token-main-surface-primary text-token-text-primary h-8 w-8\">\n<h3>Pogosta vpra\u0161anja za VapSolo Viking 12k Vpihov Razpolo\u017eljiva Vape<\/h3>\n<\/div>\n<\/div>\n<\/div>\n<\/div>\n<div class=\"flex-shrink-0 flex flex-col relative items-end\">\n<div class=\"pt-0\">\n<div class=\"gizmo-bot-avatar flex h-8 w-8 items-center justify-center overflow-hidden rounded-full\">\n<div class=\"relative p-1 rounded-sm flex items-center justify-center bg-token-main-surface-primary text-token-text-primary h-8 w-8\">\n<div class=\"mb-2 flex gap-3 empty:hidden -ml-2\">\n<div role=\"article\" data-tabster=\"{&quot;groupper&quot;:{&quot;tabbability&quot;:2},&quot;focusable&quot;:{}}\" data-content=\"ai-message\" aria-labelledby=\"Vdt5ez4X7Tg813x6rFVha-author Vdt5ez4X7Tg813x6rFVha-content\">\n<div id=\"Vdt5ez4X7Tg813x6rFVha-content\">\n<div role=\"article\" data-tabster=\"{&quot;groupper&quot;:{&quot;tabbability&quot;:2},&quot;focusable&quot;:{}}\" data-content=\"ai-message\" aria-labelledby=\"o968oC7CEo2fGHsGdsRYC-author o968oC7CEo2fGHsGdsRYC-content\">\n<div id=\"o968oC7CEo2fGHsGdsRYC-content\">\n<ol>\n<li><strong>Kak\u0161na je kapaciteta vpihov VapSolo Viking 12000?<\/strong><br \/>\nThe <strong>VapSolo Viking 12000<\/strong> ponuja do <strong>12.000 vpihov<\/strong>, kar zagotavlja dalj\u0161o uporabo z minimalnim vzdr\u017eevanjem.<\/li>\n<li><strong>Ali lahko ponovno napolnim VapSolo Viking 12000?<\/strong><br \/>\nDa, naprava je opremljena z <strong>650mAh polnilno baterijo<\/strong> in <strong>priklju\u010dkom za polnjenje tipa C<\/strong> za hitro in u\u010dinkovito polnjenje.<\/li>\n<li><strong>Katere stopnje nikotina so na voljo?<\/strong><br \/>\nNaprava je na voljo v <strong>2% in 5% mo\u017enosti z nizko vsebnostjo nikotina<\/strong>, ki ustreza razli\u010dnim uporabni\u0161kim preferencam.<\/li>\n<li><strong>Kako deluje nastavljiv pretok zraka?<\/strong><br \/>\nThe <strong>4-stopenjski nastavljiv pretok zraka<\/strong> vam omogo\u010da preklapljanje med bolj tesnimi in bolj ohlapnimi vleki, kar vam daje popoln nadzor nad va\u0161im stilom vapinga.<\/li>\n<li><strong>Zakaj je VapSolo Viking 12000 idealen za veleprodajne kupce?<\/strong><br \/>\nS svojim <strong>visokim \u0161tevilom vdihov<\/strong>, <strong>LCD zaslonom<\/strong>in <strong>ugodno ceno za nakup v velikih koli\u010dinah<\/strong>, je popoln za trgovce na drobno, ki \u017eelijo zalo\u017eiti visokokakovostne, s funkcijami bogate <strong>e-cigarete za enkratno uporabo<\/strong> izdelke po konkuren\u010dnih cenah.<\/li>\n<\/ol>\n<\/div>\n<\/div>\n<\/div>\n<\/div>\n<\/div>\n<\/div>\n<\/div>\n<\/div>\n<\/div>","protected":false},"excerpt":{"rendered":"<p>VapSolo Viking 12000 Vpihov 2% 5% Nizka Vsebnost Nikotina Vape za Enkratno Uporabo - Nakup v Razsutem Stanju po Ugodni Ceni<br \/>\nVapSolo Viking 12000 Vpihov Polnilni Vape za Enkratno Uporabo - Veleprodaja<br \/>\nPoceni Tovarni\u0161ki VapSolo 12000 Vpihov 2% 5% Nizka Vsebnost Nikotina Vape za Enkratno Uporabo<\/p>\n<p><strong>Dodajte Amy na WhatsApp in prejmite takoj\u0161en odgovor ter kupon za vape!<\/strong><\/p>\n<p><img fetchpriority=\"high\" decoding=\"async\" class=\"size-full wp-image-2932\" src=\"https:\/\/vapestornado.com\/wp-content\/uploads\/2024\/12\/Vape-Wholesale.jpg\" alt=\"Vape Veleprodaja\" width=\"229\" height=\"300\" \/><\/p>\n<h3><a href=\"https:\/\/wa.me\/8617776015835\"><span style=\"color: #ff0000;\"><strong>WhatsApp: +386 17776015835<\/strong><\/span><\/a><\/h3>\n<p>&nbsp;<\/p>","protected":false},"featured_media":3193,"comment_status":"open","ping_status":"closed","template":"","meta":{"_acf_changed":false,"_uag_custom_page_level_css":"","_lmt_disableupdate":"no","_lmt_disable":"","_monsterinsights_skip_tracking":false,"_monsterinsights_sitenote_active":false,"_monsterinsights_sitenote_note":"","_monsterinsights_sitenote_category":0,"site-sidebar-layout":"default","site-content-layout":"","ast-site-content-layout":"default","site-content-style":"default","site-sidebar-style":"default","ast-global-header-display":"","ast-banner-title-visibility":"","ast-main-header-display":"","ast-hfb-above-header-display":"","ast-hfb-below-header-display":"","ast-hfb-mobile-header-display":"","site-post-title":"","ast-breadcrumbs-content":"","ast-featured-img":"","footer-sml-layout":"","ast-disable-related-posts":"","theme-transparent-header-meta":"default","adv-header-id-meta":"","stick-header-meta":"","header-above-stick-meta":"","header-main-stick-meta":"","header-below-stick-meta":"","astra-migrate-meta-layouts":"set","ast-page-background-enabled":"default","ast-page-background-meta":{"desktop":{"background-color":"","background-image":"","background-repeat":"repeat","background-position":"center center","background-size":"auto","background-attachment":"scroll","background-type":"","background-media":"","overlay-type":"","overlay-color":"","overlay-opacity":"","overlay-gradient":""},"tablet":{"background-color":"","background-image":"","background-repeat":"repeat","background-position":"center center","background-size":"auto","background-attachment":"scroll","background-type":"","background-media":"","overlay-type":"","overlay-color":"","overlay-opacity":"","overlay-gradient":""},"mobile":{"background-color":"","background-image":"","background-repeat":"repeat","background-position":"center center","background-size":"auto","background-attachment":"scroll","background-type":"","background-media":"","overlay-type":"","overlay-color":"","overlay-opacity":"","overlay-gradient":""}},"ast-content-background-meta":{"desktop":{"background-color":"var(--ast-global-color-5)","background-image":"","background-repeat":"repeat","background-position":"center center","background-size":"auto","background-attachment":"scroll","background-type":"","background-media":"","overlay-type":"","overlay-color":"","overlay-opacity":"","overlay-gradient":""},"tablet":{"background-color":"var(--ast-global-color-5)","background-image":"","background-repeat":"repeat","background-position":"center center","background-size":"auto","background-attachment":"scroll","background-type":"","background-media":"","overlay-type":"","overlay-color":"","overlay-opacity":"","overlay-gradient":""},"mobile":{"background-color":"var(--ast-global-color-5)","background-image":"","background-repeat":"repeat","background-position":"center center","background-size":"auto","background-attachment":"scroll","background-type":"","background-media":"","overlay-type":"","overlay-color":"","overlay-opacity":"","overlay-gradient":""}},"_joinchat":{"telephone":"+8617776015835"}},"product_brand":[],"product_cat":[72,149,150,156,144,146,171],"product_tag":[165,97,166,94,139,170,169],"class_list":{"0":"post-3201","1":"product","2":"type-product","3":"status-publish","4":"has-post-thumbnail","6":"product_cat-12000-puff","7":"product_cat-buy-disposable-vapes-in-austria","8":"product_cat-buy-disposable-vapes-in-belgium","9":"product_cat-buy-disposable-vapes-in-poland","10":"product_cat-low-nicotine-disposable-vapes","11":"product_cat-rechargeable-disposable-vapes","12":"product_cat-vapsolo-disposable-vapes","13":"product_tag-cheap-vapes","14":"product_tag-hot-sale-disposable-vape","15":"product_tag-low-nicotine-vape","16":"product_tag-rechargeable-disposable-vape","17":"product_tag-vapsolo","18":"product_tag-vapsolo-viking-12000","19":"product_tag-vasolo-12000","20":"desktop-align-left","21":"tablet-align-left","22":"mobile-align-left","24":"first","25":"instock","26":"sale","27":"shipping-taxable","28":"purchasable","29":"product-type-simple"},"acf":[],"uagb_featured_image_src":{"full":["https:\/\/vapestornado.com\/wp-content\/uploads\/2024\/12\/VapSolo-12000-Puffs-Disposable-Vape-Bulk-Buy-Price.jpg",1126,1126,false],"thumbnail":["https:\/\/vapestornado.com\/wp-content\/uploads\/2024\/12\/VapSolo-12000-Puffs-Disposable-Vape-Bulk-Buy-Price-150x150.jpg",150,150,true],"medium":["https:\/\/vapestornado.com\/wp-content\/uploads\/2024\/12\/VapSolo-12000-Puffs-Disposable-Vape-Bulk-Buy-Price-300x300.jpg",300,300,true],"medium_large":["https:\/\/vapestornado.com\/wp-content\/uploads\/2024\/12\/VapSolo-12000-Puffs-Disposable-Vape-Bulk-Buy-Price-768x768.jpg",768,768,true],"large":["https:\/\/vapestornado.com\/wp-content\/uploads\/2024\/12\/VapSolo-12000-Puffs-Disposable-Vape-Bulk-Buy-Price-1024x1024.jpg",1024,1024,true],"1536x1536":["https:\/\/vapestornado.com\/wp-content\/uploads\/2024\/12\/VapSolo-12000-Puffs-Disposable-Vape-Bulk-Buy-Price.jpg",1126,1126,false],"2048x2048":["https:\/\/vapestornado.com\/wp-content\/uploads\/2024\/12\/VapSolo-12000-Puffs-Disposable-Vape-Bulk-Buy-Price.jpg",1126,1126,false],"trp-custom-language-flag":["https:\/\/vapestornado.com\/wp-content\/uploads\/2024\/12\/VapSolo-12000-Puffs-Disposable-Vape-Bulk-Buy-Price.jpg",12,12,false],"woocommerce_thumbnail":["https:\/\/vapestornado.com\/wp-content\/uploads\/2024\/12\/VapSolo-12000-Puffs-Disposable-Vape-Bulk-Buy-Price-300x300.jpg",300,300,true],"woocommerce_single":["https:\/\/vapestornado.com\/wp-content\/uploads\/2024\/12\/VapSolo-12000-Puffs-Disposable-Vape-Bulk-Buy-Price-600x600.jpg",600,600,true],"woocommerce_gallery_thumbnail":["https:\/\/vapestornado.com\/wp-content\/uploads\/2024\/12\/VapSolo-12000-Puffs-Disposable-Vape-Bulk-Buy-Price-100x100.jpg",100,100,true]},"uagb_author_info":{"display_name":"ESAMY","author_link":"https:\/\/vapestornado.com\/sl\/author\/"},"uagb_comment_info":0,"uagb_excerpt":"VapSolo Viking 12000 Puffs 2% 5% Low Nicotine Disposable VapeBulk Buy Price VapSolo Viking 12000 Puffs Rechargeable Disposable Vape Wholesale Cheap Factory VapSolo 12000 Puffs 2% 5% Low Nicotine Disposable Vape Add Amy's whatsapp get right reply and vape vape coupon! WhatsApp: +86 17776015835 &nbsp;","_links":{"self":[{"href":"https:\/\/vapestornado.com\/sl\/wp-json\/wp\/v2\/product\/3201","targetHints":{"allow":["GET"]}}],"collection":[{"href":"https:\/\/vapestornado.com\/sl\/wp-json\/wp\/v2\/product"}],"about":[{"href":"https:\/\/vapestornado.com\/sl\/wp-json\/wp\/v2\/types\/product"}],"replies":[{"embeddable":true,"href":"https:\/\/vapestornado.com\/sl\/wp-json\/wp\/v2\/comments?post=3201"}],"wp:featuredmedia":[{"embeddable":true,"href":"https:\/\/vapestornado.com\/sl\/wp-json\/wp\/v2\/media\/3193"}],"wp:attachment":[{"href":"https:\/\/vapestornado.com\/sl\/wp-json\/wp\/v2\/media?parent=3201"}],"wp:term":[{"taxonomy":"product_brand","embeddable":true,"href":"https:\/\/vapestornado.com\/sl\/wp-json\/wp\/v2\/product_brand?post=3201"},{"taxonomy":"product_cat","embeddable":true,"href":"https:\/\/vapestornado.com\/sl\/wp-json\/wp\/v2\/product_cat?post=3201"},{"taxonomy":"product_tag","embeddable":true,"href":"https:\/\/vapestornado.com\/sl\/wp-json\/wp\/v2\/product_tag?post=3201"}],"curies":[{"name":"wp","href":"https:\/\/api.w.org\/{rel}","templated":true}]}}