{"id":3179,"date":"2024-12-16T03:01:14","date_gmt":"2024-12-16T03:01:14","guid":{"rendered":"https:\/\/vapestornado.com\/?post_type=product&#038;p=3179"},"modified":"2025-08-23T09:54:56","modified_gmt":"2025-08-23T09:54:56","slug":"china-factory-vapsolo-super-15000-puffs-disposable-wholesale-price-disposable-vape-rechargeable-disposable-vapes-pen-bulk-buy-wholesale","status":"publish","type":"product","link":"https:\/\/vapestornado.com\/sl\/product\/china-factory-vapsolo-super-15000-puffs-disposable-wholesale-price-disposable-vape-rechargeable-disposable-vapes-pen-bulk-buy-wholesale\/","title":{"rendered":"Kitajska tovarna Vapsolo Super 15000 Vpihov za enkratno uporabo Veleprodajna cena Vape za enkratno uporabo Polnilni vape za enkratno uporabo Pisalo Nakup v razsutem stanju Veleprodaja"},"content":{"rendered":"<h1 class=\"product-title\">Kitajska tovarna Vapsolo Super 15000 Vpihov za enkratno uporabo Veleprodajna cena Vape za enkratno uporabo Polnilni vape za enkratno uporabo Pisalo Nakup v razsutem stanju Veleprodaja<\/h1>\n<p data-start=\"396\" data-end=\"669\">The <strong data-start=\"400\" data-end=\"445\">Vapsolo Super 15000 Vpihov za Enkratno Uporabo<\/strong> zdru\u017euje kapaciteto, zmogljivost in prilagajanje v kompaktni napravi. Z do <strong data-start=\"528\" data-end=\"544\">15.000 vdihov<\/strong> in <strong data-start=\"551\" data-end=\"584\">25 ml predhodno napolnjenega e-teko\u010dega rezervoarja<\/strong>, zagotavlja dolgotrajno zadovoljstvo tako za osebno uporabo kot za veleprodajne kupce.<\/p>\n<p data-start=\"671\" data-end=\"981\">Napaja ga <strong data-start=\"684\" data-end=\"715\">650mAh polnilno baterijo<\/strong> z <strong data-start=\"721\" data-end=\"745\">hitro polnjenje Type-C<\/strong>, Super 15K zagotavlja dosledno mo\u010d in minimalne izpade. Njegova <strong data-start=\"813\" data-end=\"843\">4-stopenjski nastavljiv pretok zraka<\/strong> omogo\u010da uporabnikom izbiro med tesnej\u0161imi MTL vpihi ali bolj gladkimi, odprtimi vpihi, medtem ko <strong data-start=\"922\" data-end=\"935\">mre\u017easto tuljavo<\/strong> izbolj\u0161a dostavo okusa in gostoto hlapov.<\/p>\n<p data-start=\"983\" data-end=\"1292\">Na voljo v <strong data-start=\"996\" data-end=\"1020\">mo\u017enostih z nizko vsebnostjo nikotina<\/strong>, je <strong data-start=\"1026\" data-end=\"1049\">Vapsolo Super 15000<\/strong> je zasnovan tako, da ustreza razli\u010dnim \u017eeljam. Z zdru\u017eevanjem naprednih funkcij, trpe\u017ene kakovosti izdelave in konkuren\u010dne <strong data-start=\"1159\" data-end=\"1180\">veleprodajnimi cenami<\/strong>, je mo\u010dna izbira za trgovce na drobno, distributerje in kupce na debelo, ki i\u0161\u010dejo zelo iskane vape za enkratno uporabo.<\/p>\n<p><strong>Dodajte Amy na Whatsapp in prejmite takoj\u0161en odgovor ter kupon za vape!<\/strong><\/p>\n<p><img fetchpriority=\"high\" decoding=\"async\" class=\"size-full wp-image-2932\" src=\"https:\/\/vapestornado.com\/wp-content\/uploads\/2024\/12\/Vape-Wholesale.jpg\" alt=\"Vape Veleprodaja\" width=\"229\" height=\"300\" \/><\/p>\n<h3><a href=\"https:\/\/wa.me\/8617776015835\" target=\"_blank\" rel=\"noopener\"><span style=\"color: #ff0000;\"><strong>WhatsApp: +386 17776015835<\/strong><\/span><\/a><\/h3>\n<p>&nbsp;<\/p>\n<h2><strong>Lastnosti izdelka Vapsolo Super 15000<\/strong><\/h2>\n<div role=\"article\" data-tabster=\"{&quot;groupper&quot;:{&quot;tabbability&quot;:2},&quot;focusable&quot;:{}}\" data-content=\"ai-message\" aria-labelledby=\"juhNTJ6o7Gk1cgwZMJgv2-author juhNTJ6o7Gk1cgwZMJgv2-content\">\n<div id=\"juhNTJ6o7Gk1cgwZMJgv2-content\">\n<div role=\"article\" data-tabster=\"{&quot;groupper&quot;:{&quot;tabbability&quot;:2},&quot;focusable&quot;:{}}\" data-content=\"ai-message\" aria-labelledby=\"x4EZuCZWrTbh3weWUt7CU-author x4EZuCZWrTbh3weWUt7CU-content\">\n<div id=\"x4EZuCZWrTbh3weWUt7CU-content\">\n<h3><\/h3>\n<ol>\n<li><strong>Kapaciteta 15.000 vdihov:<\/strong> Dolgotrajna uporaba za neprekinjeno zadovoljstvo.<\/li>\n<li><strong>25ml rezervoar za E-teko\u010dino:<\/strong> Velika kapaciteta za manj pogosto polnjenje in maksimalno udobje.<\/li>\n<li><strong>650mAh polnilna baterija:<\/strong> Zanesljivo delovanje s hitrim polnjenjem Type-C.<\/li>\n<li><strong>4-stopenjski nastavljiv pretok zraka:<\/strong> Prilagodljivo povlekanje za osebno izku\u0161njo vapinga.<\/li>\n<li><strong>Tehnologija mre\u017ene tuljave:<\/strong> Izbolj\u0161a okus in zagotavlja gladko, konsistentno paro.<\/li>\n<li><strong>Kompaktna in prenosna zasnova:<\/strong> Enostavno za prena\u0161anje in uporabo kjerkoli.<\/li>\n<li><strong>Opcije z nizko vsebnostjo nikotina za vape:<\/strong> Idealno za tiste, ki si \u017eelijo ni\u017eje ravni nikotina.<\/li>\n<li><strong>Ugodne veleprodajne cene:<\/strong> Idealno za nakupe na debelo in nadaljnjo prodajo.<\/li>\n<li><strong>Vzdr\u017eljiva izdelava:<\/strong> Zasnovano za dolgotrajno uporabo brez kompromisov pri kakovosti.<\/li>\n<li><strong>Vodilna blagovna znamka za vape za enkratno uporabo:<\/strong> Zaupanja vredna izbira za visokokakovostne vape za enkratno uporabo.<\/li>\n<\/ol>\n<\/div>\n<\/div>\n<\/div>\n<\/div>\n<h2 class=\"product-title\"><strong>Seznam okusov Vapsolo Super 15000 Puffs<\/strong><\/h2>\n<p>1.modra malina<br \/>\n2.borovnica z ledom<br \/>\n3.dvojno jabolko<br \/>\n4. lubenica led<br \/>\n5. jagoda kivi<br \/>\n6.me\u0161ano jagodi\u010devje<br \/>\n7.rde\u010di bik<br \/>\n8. borovnica \u010de\u0161nja brusnica<br \/>\n9. limona limeta<br \/>\n10.skittles<br \/>\n11.Poletne sanje<br \/>\n12.Jagoda banana<br \/>\n13.Malina lubenica<br \/>\n14.Borovnica \u010de\u0161nja kola<br \/>\n15.\u010crni led zmajev sade\u017e jagoda<\/p>\n<h3>Zakaj izbrati vapestornado za Vapsolo Super 15000 Puffs Vape Veleprodaja?<\/h3>\n<div class=\"flex-shrink-0 flex flex-col relative items-end\">\n<div class=\"pt-0\">\n<div class=\"gizmo-bot-avatar flex h-8 w-8 items-center justify-center overflow-hidden rounded-full\">\n<div class=\"relative p-1 rounded-sm flex items-center justify-center bg-token-main-surface-primary text-token-text-primary h-8 w-8\">\n<p>Dobrodo\u0161li v vapestornadu, va\u0161i zaupanja vredni spletni trgovini z veipi za vrhunske veipe za enkratno uporabo. Z ve\u010d kot 5-letnimi izku\u0161njami vam prina\u0161amo priljubljene blagovne znamke veipov za enkratno uporabo, kot so Fumot RandM Vape, <a href=\"https:\/\/vapestornado.com\/sl\/product\/vapme-crystal-7000-puffs-rechargeable-disposable-vape-wholesale-cheap-price\/\">Vapme<\/a>, Bang Vape, Waspe Vape in WGA Vape, itd.<\/p>\n<p>Na\u0161a ponudba vklju\u010duje vro\u010de prodajane veipe, kot je <a href=\"https:\/\/vapestornado.com\/sl\/product\/fumot-randm-tornado-15000-puffs-rechargeable-disposable-vape-wholesale\/\">RandM Tornado 15000<\/a>, in izbire, bogate z okusi, kot je <a href=\"https:\/\/vapestornado.com\/sl\/product\/waspe-40000-puffs-double-flavour-led-display-disposable-vape-wholesale\/\">WASPE Dvojni okus 40000 vdihov<\/a> Vsak izdelek je izbran s poudarkom na kakovosti, vrednosti in raznolikosti, kar zagotavlja, da boste na\u0161li popolno ujemanje za svoje potrebe. Odkrijte izjemno storitev in \u0161iroko paleto vrhunskih izdelkov po veleprodajni ceni pri vapestornado.<\/p>\n<\/div>\n<h3><\/h3>\n<div class=\"relative p-1 rounded-sm flex items-center justify-center bg-token-main-surface-primary text-token-text-primary h-8 w-8\">\n<h3>Pogosta vpra\u0161anja za Vapsolo Super 15000 Puff Vape za enkratno uporabo<\/h3>\n<\/div>\n<\/div>\n<\/div>\n<\/div>\n<div class=\"flex-shrink-0 flex flex-col relative items-end\">\n<div class=\"pt-0\">\n<div class=\"gizmo-bot-avatar flex h-8 w-8 items-center justify-center overflow-hidden rounded-full\">\n<div class=\"relative p-1 rounded-sm flex items-center justify-center bg-token-main-surface-primary text-token-text-primary h-8 w-8\">\n<div class=\"mb-2 flex gap-3 empty:hidden -ml-2\">\n<div role=\"article\" data-tabster=\"{&quot;groupper&quot;:{&quot;tabbability&quot;:2},&quot;focusable&quot;:{}}\" data-content=\"ai-message\" aria-labelledby=\"Vdt5ez4X7Tg813x6rFVha-author Vdt5ez4X7Tg813x6rFVha-content\">\n<div id=\"Vdt5ez4X7Tg813x6rFVha-content\">\n<div role=\"article\" data-tabster=\"{&quot;groupper&quot;:{&quot;tabbability&quot;:2},&quot;focusable&quot;:{}}\" data-content=\"ai-message\" aria-labelledby=\"o968oC7CEo2fGHsGdsRYC-author o968oC7CEo2fGHsGdsRYC-content\">\n<div id=\"o968oC7CEo2fGHsGdsRYC-content\">\n<h3><\/h3>\n<ol>\n<li><strong>Koliko vdihov zagotavlja Vapsolo Super 15k?<\/strong><br \/>\nThe <strong>Vapsolo 15000<\/strong> zagotavlja do <strong>15.000 vdihov<\/strong>, zaradi \u010desar je zelo trpe\u017een in dolgotrajen.<\/li>\n<li><strong>Ali lahko prilagodim pretok zraka?<\/strong><br \/>\nDa, ima <strong>4-stopenjski nastavljiv pretok zraka<\/strong>, kar vam omogo\u010da, da prilagodite vle\u010denje svojim \u017eeljam.<\/li>\n<li><strong>Ali je Vapsolo Super 15000 mogo\u010de ponovno polniti?<\/strong><br \/>\nSeveda! Prilo\u017een je <strong>650mAh polnilno baterijo<\/strong> in <strong>priklju\u010dkom za polnjenje tipa C<\/strong> za hitro polnjenje.<\/li>\n<li><strong>Zakaj je Vapsolo Super 15000 primeren za veleprodajo?<\/strong><br \/>\nZaradi <strong>nizke cene<\/strong>, visoko \u0161tevilo vdihov in vrhunske funkcije, zaradi \u010desar je idealen za <strong>veleprodajo e-cigaret za enkratno uporabo<\/strong> veleprodajne in mno\u017ei\u010dne kupce.<\/li>\n<li><strong>Ali je Vapsolo Super 15000 dobra izbira za uporabnike z nizko vsebnostjo nikotina?<\/strong><br \/>\nDa, ta <strong>e-cigareta za enkratno uporabo z nizko vsebnostjo nikotina<\/strong> je popoln za uporabnike, ki i\u0161\u010dejo zni\u017eane ravni nikotina, hkrati pa u\u017eivajo v vrhunski izku\u0161nji vapinga.<\/li>\n<\/ol>\n<\/div>\n<\/div>\n<\/div>\n<\/div>\n<\/div>\n<\/div>\n<\/div>\n<\/div>\n<\/div>","protected":false},"excerpt":{"rendered":"<p>Vapsolo Super 15000 Puffs 2% 5% nizka vsebnost nikotina cena za mno\u017ei\u010dni nakup<br \/>\nVapsolo Super 15000 Puffs polnilna elektronska cigareta za enkratno uporabo<br \/>\nKitajska tovarna Vapsolo 15000 Puffs 2% 5% nizka vsebnost nikotina e-cigareta za enkratno uporabo<\/p>\n<p><strong>Dodajte Amy na WhatsApp in prejmite takoj\u0161en odgovor ter kupon za vape!<\/strong><\/p>\n<p><img fetchpriority=\"high\" decoding=\"async\" class=\"size-full wp-image-2932\" src=\"https:\/\/vapestornado.com\/wp-content\/uploads\/2024\/12\/Vape-Wholesale.jpg\" alt=\"Vape Veleprodaja\" width=\"229\" height=\"300\" \/><\/p>\n<h3><a href=\"https:\/\/wa.me\/8617776015835\"><span style=\"color: #ff0000;\"><strong>WhatsApp: +386 17776015835<\/strong><\/span><\/a><\/h3>\n<p>&nbsp;<\/p>","protected":false},"featured_media":3189,"comment_status":"open","ping_status":"closed","template":"","meta":{"_acf_changed":false,"_uag_custom_page_level_css":"","_lmt_disableupdate":"no","_lmt_disable":"","_monsterinsights_skip_tracking":false,"_monsterinsights_sitenote_active":false,"_monsterinsights_sitenote_note":"","_monsterinsights_sitenote_category":0,"site-sidebar-layout":"default","site-content-layout":"","ast-site-content-layout":"default","site-content-style":"default","site-sidebar-style":"default","ast-global-header-display":"","ast-banner-title-visibility":"","ast-main-header-display":"","ast-hfb-above-header-display":"","ast-hfb-below-header-display":"","ast-hfb-mobile-header-display":"","site-post-title":"","ast-breadcrumbs-content":"","ast-featured-img":"","footer-sml-layout":"","ast-disable-related-posts":"","theme-transparent-header-meta":"default","adv-header-id-meta":"","stick-header-meta":"","header-above-stick-meta":"","header-main-stick-meta":"","header-below-stick-meta":"","astra-migrate-meta-layouts":"set","ast-page-background-enabled":"default","ast-page-background-meta":{"desktop":{"background-color":"","background-image":"","background-repeat":"repeat","background-position":"center center","background-size":"auto","background-attachment":"scroll","background-type":"","background-media":"","overlay-type":"","overlay-color":"","overlay-opacity":"","overlay-gradient":""},"tablet":{"background-color":"","background-image":"","background-repeat":"repeat","background-position":"center center","background-size":"auto","background-attachment":"scroll","background-type":"","background-media":"","overlay-type":"","overlay-color":"","overlay-opacity":"","overlay-gradient":""},"mobile":{"background-color":"","background-image":"","background-repeat":"repeat","background-position":"center center","background-size":"auto","background-attachment":"scroll","background-type":"","background-media":"","overlay-type":"","overlay-color":"","overlay-opacity":"","overlay-gradient":""}},"ast-content-background-meta":{"desktop":{"background-color":"var(--ast-global-color-5)","background-image":"","background-repeat":"repeat","background-position":"center center","background-size":"auto","background-attachment":"scroll","background-type":"","background-media":"","overlay-type":"","overlay-color":"","overlay-opacity":"","overlay-gradient":""},"tablet":{"background-color":"var(--ast-global-color-5)","background-image":"","background-repeat":"repeat","background-position":"center center","background-size":"auto","background-attachment":"scroll","background-type":"","background-media":"","overlay-type":"","overlay-color":"","overlay-opacity":"","overlay-gradient":""},"mobile":{"background-color":"var(--ast-global-color-5)","background-image":"","background-repeat":"repeat","background-position":"center center","background-size":"auto","background-attachment":"scroll","background-type":"","background-media":"","overlay-type":"","overlay-color":"","overlay-opacity":"","overlay-gradient":""}},"_joinchat":{"telephone":"+8617776015835"}},"product_brand":[],"product_cat":[71,140,157,159,143,146,171],"product_tag":[165,97,166,94,139,168,167],"class_list":{"0":"post-3179","1":"product","2":"type-product","3":"status-publish","4":"has-post-thumbnail","6":"product_cat-15000-puff","7":"product_cat-big-puffs-disposable-vapes","8":"product_cat-buy-disposable-vapes-in-portugal","9":"product_cat-buy-disposable-vapes-in-sweden","10":"product_cat-dual-mesh-disposable-vapes","11":"product_cat-rechargeable-disposable-vapes","12":"product_cat-vapsolo-disposable-vapes","13":"product_tag-cheap-vapes","14":"product_tag-hot-sale-disposable-vape","15":"product_tag-low-nicotine-vape","16":"product_tag-rechargeable-disposable-vape","17":"product_tag-vapsolo","18":"product_tag-vapsolo-15000","19":"product_tag-vapsolo-super-15000","20":"desktop-align-left","21":"tablet-align-left","22":"mobile-align-left","24":"first","25":"instock","26":"sale","27":"shipping-taxable","28":"purchasable","29":"product-type-simple"},"acf":[],"uagb_featured_image_src":{"full":["https:\/\/vapestornado.com\/wp-content\/uploads\/2024\/12\/Vapsolo-Super-15000-Puffs-Disposable-Vapes-Bulk-Buy.jpg",1713,1713,false],"thumbnail":["https:\/\/vapestornado.com\/wp-content\/uploads\/2024\/12\/Vapsolo-Super-15000-Puffs-Disposable-Vapes-Bulk-Buy-150x150.jpg",150,150,true],"medium":["https:\/\/vapestornado.com\/wp-content\/uploads\/2024\/12\/Vapsolo-Super-15000-Puffs-Disposable-Vapes-Bulk-Buy-300x300.jpg",300,300,true],"medium_large":["https:\/\/vapestornado.com\/wp-content\/uploads\/2024\/12\/Vapsolo-Super-15000-Puffs-Disposable-Vapes-Bulk-Buy-768x768.jpg",768,768,true],"large":["https:\/\/vapestornado.com\/wp-content\/uploads\/2024\/12\/Vapsolo-Super-15000-Puffs-Disposable-Vapes-Bulk-Buy-1024x1024.jpg",1024,1024,true],"1536x1536":["https:\/\/vapestornado.com\/wp-content\/uploads\/2024\/12\/Vapsolo-Super-15000-Puffs-Disposable-Vapes-Bulk-Buy-1536x1536.jpg",1536,1536,true],"2048x2048":["https:\/\/vapestornado.com\/wp-content\/uploads\/2024\/12\/Vapsolo-Super-15000-Puffs-Disposable-Vapes-Bulk-Buy.jpg",1713,1713,false],"trp-custom-language-flag":["https:\/\/vapestornado.com\/wp-content\/uploads\/2024\/12\/Vapsolo-Super-15000-Puffs-Disposable-Vapes-Bulk-Buy.jpg",12,12,false],"woocommerce_thumbnail":["https:\/\/vapestornado.com\/wp-content\/uploads\/2024\/12\/Vapsolo-Super-15000-Puffs-Disposable-Vapes-Bulk-Buy-300x300.jpg",300,300,true],"woocommerce_single":["https:\/\/vapestornado.com\/wp-content\/uploads\/2024\/12\/Vapsolo-Super-15000-Puffs-Disposable-Vapes-Bulk-Buy-600x600.jpg",600,600,true],"woocommerce_gallery_thumbnail":["https:\/\/vapestornado.com\/wp-content\/uploads\/2024\/12\/Vapsolo-Super-15000-Puffs-Disposable-Vapes-Bulk-Buy-100x100.jpg",100,100,true]},"uagb_author_info":{"display_name":"ESAMY","author_link":"https:\/\/vapestornado.com\/sl\/author\/"},"uagb_comment_info":0,"uagb_excerpt":"Vapsolo Super 15000 Puffs 2% 5% Low Nicotine Bulk Buy Price Vapsolo Super 15000 Puffs Rechargeable Disposable Vape China Factory Vapsolo 15000 Puffs 2% 5% Low Nicotine Disposable Vape Add Amy's whatsapp get right reply and vape vape coupon! WhatsApp: +86 17776015835 &nbsp;","_links":{"self":[{"href":"https:\/\/vapestornado.com\/sl\/wp-json\/wp\/v2\/product\/3179","targetHints":{"allow":["GET"]}}],"collection":[{"href":"https:\/\/vapestornado.com\/sl\/wp-json\/wp\/v2\/product"}],"about":[{"href":"https:\/\/vapestornado.com\/sl\/wp-json\/wp\/v2\/types\/product"}],"replies":[{"embeddable":true,"href":"https:\/\/vapestornado.com\/sl\/wp-json\/wp\/v2\/comments?post=3179"}],"wp:featuredmedia":[{"embeddable":true,"href":"https:\/\/vapestornado.com\/sl\/wp-json\/wp\/v2\/media\/3189"}],"wp:attachment":[{"href":"https:\/\/vapestornado.com\/sl\/wp-json\/wp\/v2\/media?parent=3179"}],"wp:term":[{"taxonomy":"product_brand","embeddable":true,"href":"https:\/\/vapestornado.com\/sl\/wp-json\/wp\/v2\/product_brand?post=3179"},{"taxonomy":"product_cat","embeddable":true,"href":"https:\/\/vapestornado.com\/sl\/wp-json\/wp\/v2\/product_cat?post=3179"},{"taxonomy":"product_tag","embeddable":true,"href":"https:\/\/vapestornado.com\/sl\/wp-json\/wp\/v2\/product_tag?post=3179"}],"curies":[{"name":"wp","href":"https:\/\/api.w.org\/{rel}","templated":true}]}}