{"id":3178,"date":"2024-12-16T02:59:47","date_gmt":"2024-12-16T02:59:47","guid":{"rendered":"https:\/\/vapestornado.com\/?post_type=product&#038;p=3178"},"modified":"2025-08-23T09:55:35","modified_gmt":"2025-08-23T09:55:35","slug":"waspe-15000-puffs-low-nicotine-tornado-vape-bulk-buy-cheap-price","status":"publish","type":"product","link":"https:\/\/vapestornado.com\/sl\/product\/waspe-15000-puffs-low-nicotine-tornado-vape-bulk-buy-cheap-price\/","title":{"rendered":"Waspe 15000 Puffs Nizka vsebnost nikotina Tornado Vape Nakup na debelo Ugodna cena"},"content":{"rendered":"<h1 class=\"product-title\">Waspe 15000 Puffs Nizka vsebnost nikotina Tornado Vape Nakup na debelo Ugodna cena<\/h1>\n<p data-start=\"297\" data-end=\"604\">he <strong data-start=\"301\" data-end=\"346\">Waspe 15000 Vpihov Tornado Vape za enkratno uporabo<\/strong> zdru\u017euje raz\u0161irjeno zmogljivost, priro\u010dnost in napredne funkcije, zaradi \u010desar je mo\u010dna izbira tako za posamezne uporabnike kot za veleprodajne kupce. Z do <strong data-start=\"496\" data-end=\"512\">15.000 vdihov<\/strong> in kompaktno zasnovo zagotavlja dolgotrajno delovanje brez pogostih zamenjav.<\/p>\n<p data-start=\"606\" data-end=\"854\">Opremljen z <strong data-start=\"622\" data-end=\"642\">jasen LED zaslon<\/strong>lahko uporabniki spremljajo \u0161tevilo vpihov in \u017eivljenjsko dobo baterije v realnem \u010dasu. The <strong data-start=\"708\" data-end=\"726\">0,8\u03a9 mre\u017easta tuljava<\/strong> izbolj\u0161a dostavo okusa in proizvodnjo pare, medtem ko <strong data-start=\"784\" data-end=\"808\">hitro polnjenje Type-C<\/strong> zagotavlja hitro polnjenje za neprekinjeno uporabo.<\/p>\n<p data-start=\"856\" data-end=\"1111\">Na voljo v <strong data-start=\"869\" data-end=\"910\">0%, 2%, 3% in 5% jakosti nikotina<\/strong>, ta <strong data-start=\"917\" data-end=\"938\">vejp z nizko vsebnostjo nikotina<\/strong> zadovoljuje \u0161irok spekter preferenc. Za trgovce na debelo in kupce v razsutem stanju <strong data-start=\"1015\" data-end=\"1033\">Waspe 15K Vape<\/strong> ponuja konkuren\u010dne cene, zanesljivo delovanje in mo\u010dno povpra\u0161evanje na trgu.<\/p>\n<p><strong>Dodajte Amy na Whatsapp in prejmite takoj\u0161en odgovor ter kupon za vape!<\/strong><\/p>\n<p><img fetchpriority=\"high\" decoding=\"async\" class=\"size-full wp-image-2932\" src=\"https:\/\/vapestornado.com\/wp-content\/uploads\/2024\/12\/Vape-Wholesale.jpg\" alt=\"Vape Veleprodaja\" width=\"229\" height=\"300\" \/><\/p>\n<h3><a href=\"https:\/\/wa.me\/8617776015835\" target=\"_blank\" rel=\"noopener\"><span style=\"color: #ff0000;\"><strong>WhatsApp: +386 17776015835<\/strong><\/span><\/a><\/h3>\n<p>&nbsp;<\/p>\n<h2><strong>Lastnosti izdelka Waspe 15000 Puffs<\/strong><\/h2>\n<div role=\"article\" data-tabster=\"{&quot;groupper&quot;:{&quot;tabbability&quot;:2},&quot;focusable&quot;:{}}\" data-content=\"ai-message\" aria-labelledby=\"juhNTJ6o7Gk1cgwZMJgv2-author juhNTJ6o7Gk1cgwZMJgv2-content\">\n<div id=\"juhNTJ6o7Gk1cgwZMJgv2-content\">\n<div role=\"article\" data-tabster=\"{&quot;groupper&quot;:{&quot;tabbability&quot;:2},&quot;focusable&quot;:{}}\" data-content=\"ai-message\" aria-labelledby=\"x4EZuCZWrTbh3weWUt7CU-author x4EZuCZWrTbh3weWUt7CU-content\">\n<div id=\"x4EZuCZWrTbh3weWUt7CU-content\">\n<ul>\n<li><strong>Mo\u017enosti nikotina po meri:<\/strong> Izbirajte med 0%, 2%, 3% ali 5% nikotina za prilagojeno izku\u0161njo.<\/li>\n<li><strong>Podalj\u0161ana zmogljivost vdihov:<\/strong> Do 15.000 vdihov z velikim 22 ml rezervoarjem za e-teko\u010dino.<\/li>\n<li><strong>LED zaslon:<\/strong> Jasni zaslon prikazuje \u017eivljenjsko dobo baterije in \u0161tevilo vdihov.<\/li>\n<li><strong>Hitro polnjenje:<\/strong> Vrata tipa C za hitro in priro\u010dno polnjenje.<\/li>\n<li><strong>Tehnologija mre\u017ene tuljave:<\/strong> Tuljava 0,8\u03a9 zagotavlja bogat okus in gladko paro.<\/li>\n<li><strong>Prenosna in elegantna zasnova:<\/strong> Kompaktna in elegantna za uporabo na poti.<\/li>\n<li><strong>Vape z nizko vsebnostjo nikotina:<\/strong> Popolno za tiste, ki i\u0161\u010dejo mo\u017enosti z zmanj\u0161ano vsebnostjo nikotina.<\/li>\n<li><strong>Prijazno do veleprodaje vape izdelkov:<\/strong> Mo\u017enosti nakupa v razsutem stanju za trgovce na drobno po konkuren\u010dnih cenah.<\/li>\n<li><strong>Vzdr\u017eljiva izdelava:<\/strong> Zasnovano za zanesljivost in dolgoro\u010dno delovanje.<\/li>\n<li><strong>Ugodna kakovost:<\/strong> A <strong>poceni vejp<\/strong> z vrhunskimi funkcijami.<\/li>\n<\/ul>\n<\/div>\n<\/div>\n<\/div>\n<\/div>\n<h2 class=\"product-title\"><strong>Seznam okusov za Waspe Tornado 15000 vdihov<\/strong><\/h2>\n<p>1 Ledena lubenica<br \/>\n2 Jagoda lubenica<br \/>\n3 Pomaran\u010dna soda<br \/>\n4 Dvojno jabolko<br \/>\n5 Jagoda kivi<br \/>\n6 \u010ce\u0161nja<br \/>\n7 Grozdje<br \/>\n8 Me\u0161ano jagodi\u010dje<br \/>\n9 Ledena borovnica<br \/>\n10 Jagoda mango<br \/>\n11 Modra malina limona<br \/>\n12 Ledena breskev<\/p>\n<h3>Zakaj izbrati vapestornado za veleprodajo vejpow Waspe 15k vdihov?<\/h3>\n<div class=\"flex-shrink-0 flex flex-col relative items-end\">\n<div class=\"pt-0\">\n<div class=\"gizmo-bot-avatar flex h-8 w-8 items-center justify-center overflow-hidden rounded-full\">\n<div class=\"relative p-1 rounded-sm flex items-center justify-center bg-token-main-surface-primary text-token-text-primary h-8 w-8\">\n<p>Dobrodo\u0161li v vapestornadu, va\u0161i zaupanja vredni spletni trgovini z veipi za vrhunske veipe za enkratno uporabo. Z ve\u010d kot 5-letnimi izku\u0161njami vam prina\u0161amo priljubljene blagovne znamke veipov za enkratno uporabo, kot so Fumot RandM Vape, <a href=\"https:\/\/vapestornado.com\/sl\/product\/vapme-crystal-7000-puffs-rechargeable-disposable-vape-wholesale-cheap-price\/\">Vapme<\/a>, Bang Vape, Waspe Vape in WGA Vape, itd.<\/p>\n<p>Na\u0161a ponudba vklju\u010duje vro\u010de prodajane veipe, kot je <a href=\"https:\/\/vapestornado.com\/sl\/product\/fumot-randm-tornado-15000-puffs-rechargeable-disposable-vape-wholesale\/\">RandM Tornado 15000<\/a>, in izbire, bogate z okusi, kot je <a href=\"https:\/\/vapestornado.com\/sl\/product\/waspe-40000-puffs-double-flavour-led-display-disposable-vape-wholesale\/\">WASPE Dvojni okus 40000 vdihov<\/a> Vsak izdelek je izbran s poudarkom na kakovosti, vrednosti in raznolikosti, kar zagotavlja, da boste na\u0161li popolno ujemanje za svoje potrebe. Odkrijte izjemno storitev in \u0161iroko paleto vrhunskih izdelkov po veleprodajni ceni pri vapestornado.<\/p>\n<\/div>\n<h3><\/h3>\n<div class=\"relative p-1 rounded-sm flex items-center justify-center bg-token-main-surface-primary text-token-text-primary h-8 w-8\">\n<h3>Pogosta vpra\u0161anja za Waspe 15000 Puffs Disposable Vape<\/h3>\n<\/div>\n<\/div>\n<\/div>\n<\/div>\n<div class=\"flex-shrink-0 flex flex-col relative items-end\">\n<div class=\"pt-0\">\n<div class=\"gizmo-bot-avatar flex h-8 w-8 items-center justify-center overflow-hidden rounded-full\">\n<div class=\"relative p-1 rounded-sm flex items-center justify-center bg-token-main-surface-primary text-token-text-primary h-8 w-8\">\n<div class=\"mb-2 flex gap-3 empty:hidden -ml-2\">\n<div role=\"article\" data-tabster=\"{&quot;groupper&quot;:{&quot;tabbability&quot;:2},&quot;focusable&quot;:{}}\" data-content=\"ai-message\" aria-labelledby=\"Vdt5ez4X7Tg813x6rFVha-author Vdt5ez4X7Tg813x6rFVha-content\">\n<div id=\"Vdt5ez4X7Tg813x6rFVha-content\">\n<div role=\"article\" data-tabster=\"{&quot;groupper&quot;:{&quot;tabbability&quot;:2},&quot;focusable&quot;:{}}\" data-content=\"ai-message\" aria-labelledby=\"o968oC7CEo2fGHsGdsRYC-author o968oC7CEo2fGHsGdsRYC-content\">\n<div id=\"o968oC7CEo2fGHsGdsRYC-content\">\n<h3><\/h3>\n<ol>\n<li><strong>Kak\u0161na je kapaciteta vdihov Waspe 15000?<\/strong><br \/>\nThe <strong>Tornado 15000<\/strong> ponuja do <strong>15.000 vdihov<\/strong> s svojo veliko prostornino 22 ml e-teko\u010dine.<\/li>\n<li><strong>Ali lahko prilagodim raven nikotina?<\/strong><br \/>\nDa, izbirate lahko med <strong>0 %, 2 %, 3 % ali 5 % koncentracijo nikotina<\/strong> za prilagojeno izku\u0161njo vapinga.<\/li>\n<li><strong>Ali Waspe 15000 podpira hitro polnjenje?<\/strong><br \/>\nVsekakor! Opremljen je s <strong>priklju\u010dkom za polnjenje tipa C<\/strong> za hitro in u\u010dinkovito polnjenje.<\/li>\n<li><strong>Zaradi \u010desa je Waspe 15000 idealen za veleprodajo?<\/strong><br \/>\nZaradi <strong>nizke cene<\/strong>, velikega povpra\u0161evanja in vrhunskih lastnosti je idealen za <strong>veleprodaja vape<\/strong> veleprodajne in mno\u017ei\u010dne kupce.<\/li>\n<li><strong>Ali je Waspe 15000 primeren za uporabnike z nizko vsebnostjo nikotina?<\/strong><br \/>\nDa, zasnovan je kot <strong>vejp z nizko vsebnostjo nikotina<\/strong>, zaradi \u010desar je idealen za uporabnike, ki i\u0161\u010dejo mo\u017enosti z zmanj\u0161ano vsebnostjo nikotina.<\/li>\n<\/ol>\n<\/div>\n<\/div>\n<\/div>\n<\/div>\n<\/div>\n<\/div>\n<\/div>\n<\/div>\n<\/div>","protected":false},"excerpt":{"rendered":"<p>Vapsolo DG 18000 Smart Screen E-cigareta za enkratno uporabo na debelo<br \/>\nVapsolo DG 18000 Puffs 2% 5% nizka vsebnost nikotina Veleprodaja e-cigaret<br \/>\nVapsolo DG18000 Puffs 2% 5% nizka vsebnost nikotina Polnilna e-cigareta za enkratno uporabo<\/p>\n<p><strong>Dodajte Amy na WhatsApp in prejmite takoj\u0161en odgovor ter kupon za vape!<\/strong><\/p>\n<p><img fetchpriority=\"high\" decoding=\"async\" class=\"size-full wp-image-2932\" src=\"https:\/\/vapestornado.com\/wp-content\/uploads\/2024\/12\/Vape-Wholesale.jpg\" alt=\"Vape Veleprodaja\" width=\"229\" height=\"300\" \/><\/p>\n<h3><a href=\"https:\/\/wa.me\/8617776015835\"><span style=\"color: #ff0000;\"><strong>WhatsApp: +386 17776015835<\/strong><\/span><\/a><\/h3>\n<p>&nbsp;<\/p>","protected":false},"featured_media":3184,"comment_status":"open","ping_status":"closed","template":"","meta":{"_acf_changed":false,"_uag_custom_page_level_css":"","_lmt_disableupdate":"no","_lmt_disable":"","_monsterinsights_skip_tracking":false,"_monsterinsights_sitenote_active":false,"_monsterinsights_sitenote_note":"","_monsterinsights_sitenote_category":0,"site-sidebar-layout":"default","site-content-layout":"","ast-site-content-layout":"default","site-content-style":"default","site-sidebar-style":"default","ast-global-header-display":"","ast-banner-title-visibility":"","ast-main-header-display":"","ast-hfb-above-header-display":"","ast-hfb-below-header-display":"","ast-hfb-mobile-header-display":"","site-post-title":"","ast-breadcrumbs-content":"","ast-featured-img":"","footer-sml-layout":"","ast-disable-related-posts":"","theme-transparent-header-meta":"default","adv-header-id-meta":"","stick-header-meta":"","header-above-stick-meta":"","header-main-stick-meta":"","header-below-stick-meta":"","astra-migrate-meta-layouts":"set","ast-page-background-enabled":"default","ast-page-background-meta":{"desktop":{"background-color":"","background-image":"","background-repeat":"repeat","background-position":"center center","background-size":"auto","background-attachment":"scroll","background-type":"","background-media":"","overlay-type":"","overlay-color":"","overlay-opacity":"","overlay-gradient":""},"tablet":{"background-color":"","background-image":"","background-repeat":"repeat","background-position":"center center","background-size":"auto","background-attachment":"scroll","background-type":"","background-media":"","overlay-type":"","overlay-color":"","overlay-opacity":"","overlay-gradient":""},"mobile":{"background-color":"","background-image":"","background-repeat":"repeat","background-position":"center center","background-size":"auto","background-attachment":"scroll","background-type":"","background-media":"","overlay-type":"","overlay-color":"","overlay-opacity":"","overlay-gradient":""}},"ast-content-background-meta":{"desktop":{"background-color":"var(--ast-global-color-5)","background-image":"","background-repeat":"repeat","background-position":"center center","background-size":"auto","background-attachment":"scroll","background-type":"","background-media":"","overlay-type":"","overlay-color":"","overlay-opacity":"","overlay-gradient":""},"tablet":{"background-color":"var(--ast-global-color-5)","background-image":"","background-repeat":"repeat","background-position":"center center","background-size":"auto","background-attachment":"scroll","background-type":"","background-media":"","overlay-type":"","overlay-color":"","overlay-opacity":"","overlay-gradient":""},"mobile":{"background-color":"var(--ast-global-color-5)","background-image":"","background-repeat":"repeat","background-position":"center center","background-size":"auto","background-attachment":"scroll","background-type":"","background-media":"","overlay-type":"","overlay-color":"","overlay-opacity":"","overlay-gradient":""}},"_joinchat":{"telephone":"+8617776015835"}},"product_brand":[],"product_cat":[71,152,160,142,144,148,60],"product_tag":[97,94,114,164,163],"class_list":{"0":"post-3178","1":"product","2":"type-product","3":"status-publish","4":"has-post-thumbnail","6":"product_cat-15000-puff","7":"product_cat-buy-disposable-vapes-in-cermany","8":"product_cat-buy-disposable-vapes-in-switzerland","9":"product_cat-digital-box-disposable-vapes","10":"product_cat-low-nicotine-disposable-vapes","11":"product_cat-tornado-disposable-vapes","12":"product_cat-waspe-fihp-vape","13":"product_tag-hot-sale-disposable-vape","14":"product_tag-rechargeable-disposable-vape","15":"product_tag-tornado-vape","16":"product_tag-waspe-15000","17":"product_tag-waspe-vape","18":"desktop-align-left","19":"tablet-align-left","20":"mobile-align-left","22":"first","23":"instock","24":"sale","25":"shipping-taxable","26":"purchasable","27":"product-type-simple"},"acf":[],"uagb_featured_image_src":{"full":["https:\/\/vapestornado.com\/wp-content\/uploads\/2024\/12\/WASPE-15000-Puffs-Disposable-Vape.jpg",1713,1713,false],"thumbnail":["https:\/\/vapestornado.com\/wp-content\/uploads\/2024\/12\/WASPE-15000-Puffs-Disposable-Vape-150x150.jpg",150,150,true],"medium":["https:\/\/vapestornado.com\/wp-content\/uploads\/2024\/12\/WASPE-15000-Puffs-Disposable-Vape-300x300.jpg",300,300,true],"medium_large":["https:\/\/vapestornado.com\/wp-content\/uploads\/2024\/12\/WASPE-15000-Puffs-Disposable-Vape-768x768.jpg",768,768,true],"large":["https:\/\/vapestornado.com\/wp-content\/uploads\/2024\/12\/WASPE-15000-Puffs-Disposable-Vape-1024x1024.jpg",1024,1024,true],"1536x1536":["https:\/\/vapestornado.com\/wp-content\/uploads\/2024\/12\/WASPE-15000-Puffs-Disposable-Vape-1536x1536.jpg",1536,1536,true],"2048x2048":["https:\/\/vapestornado.com\/wp-content\/uploads\/2024\/12\/WASPE-15000-Puffs-Disposable-Vape.jpg",1713,1713,false],"trp-custom-language-flag":["https:\/\/vapestornado.com\/wp-content\/uploads\/2024\/12\/WASPE-15000-Puffs-Disposable-Vape.jpg",12,12,false],"woocommerce_thumbnail":["https:\/\/vapestornado.com\/wp-content\/uploads\/2024\/12\/WASPE-15000-Puffs-Disposable-Vape-300x300.jpg",300,300,true],"woocommerce_single":["https:\/\/vapestornado.com\/wp-content\/uploads\/2024\/12\/WASPE-15000-Puffs-Disposable-Vape-600x600.jpg",600,600,true],"woocommerce_gallery_thumbnail":["https:\/\/vapestornado.com\/wp-content\/uploads\/2024\/12\/WASPE-15000-Puffs-Disposable-Vape-100x100.jpg",100,100,true]},"uagb_author_info":{"display_name":"ESAMY","author_link":"https:\/\/vapestornado.com\/sl\/author\/"},"uagb_comment_info":0,"uagb_excerpt":"Vapsolo DG 18000 Smart Screen Wholesale Disposable Vape Vapsolo DG 18000 Puffs 2% 5% Low Nicotine Bulk Buy Vapes Vapsolo DG18000 Puffs 2% 5% Low Nicotine Rechargeable Disposable Vape Add Amy's whatsapp get right reply and vape vape coupon! WhatsApp: +86 17776015835 &nbsp;","_links":{"self":[{"href":"https:\/\/vapestornado.com\/sl\/wp-json\/wp\/v2\/product\/3178","targetHints":{"allow":["GET"]}}],"collection":[{"href":"https:\/\/vapestornado.com\/sl\/wp-json\/wp\/v2\/product"}],"about":[{"href":"https:\/\/vapestornado.com\/sl\/wp-json\/wp\/v2\/types\/product"}],"replies":[{"embeddable":true,"href":"https:\/\/vapestornado.com\/sl\/wp-json\/wp\/v2\/comments?post=3178"}],"wp:featuredmedia":[{"embeddable":true,"href":"https:\/\/vapestornado.com\/sl\/wp-json\/wp\/v2\/media\/3184"}],"wp:attachment":[{"href":"https:\/\/vapestornado.com\/sl\/wp-json\/wp\/v2\/media?parent=3178"}],"wp:term":[{"taxonomy":"product_brand","embeddable":true,"href":"https:\/\/vapestornado.com\/sl\/wp-json\/wp\/v2\/product_brand?post=3178"},{"taxonomy":"product_cat","embeddable":true,"href":"https:\/\/vapestornado.com\/sl\/wp-json\/wp\/v2\/product_cat?post=3178"},{"taxonomy":"product_tag","embeddable":true,"href":"https:\/\/vapestornado.com\/sl\/wp-json\/wp\/v2\/product_tag?post=3178"}],"curies":[{"name":"wp","href":"https:\/\/api.w.org\/{rel}","templated":true}]}}