{"id":3171,"date":"2024-12-14T09:23:10","date_gmt":"2024-12-14T09:23:10","guid":{"rendered":"https:\/\/vapestornado.com\/?post_type=product&#038;p=3171"},"modified":"2025-08-23T10:02:23","modified_gmt":"2025-08-23T10:02:23","slug":"waspe-40000-puffs-double-flavor-rechargeable-vape-cheap-price","status":"publish","type":"product","link":"https:\/\/vapestornado.com\/sl\/product\/waspe-40000-puffs-double-flavor-rechargeable-vape-cheap-price\/","title":{"rendered":"WASPE 40000 Vdihov Dvojni Okus Polnilni Vape Poceni Cena"},"content":{"rendered":"<h1>WASPE 40000 Vdihov Dvojni Okus Polnilni Vape Poceni Cena<\/h1>\n<p>&nbsp;<\/p>\n<div role=\"article\" data-tabster=\"{&quot;groupper&quot;:{&quot;tabbability&quot;:2},&quot;focusable&quot;:{}}\" data-content=\"ai-message\" aria-labelledby=\"64JRvXrTnY7mRmPkEQLLT-author 64JRvXrTnY7mRmPkEQLLT-content\">\n<div id=\"64JRvXrTnY7mRmPkEQLLT-content\">\n<p>WASPE 40000 Puffs Double Flavor Rechargeable Vape zdru\u017euje napredno tehnologijo z izjemno dostavo okusa. WASPE VAPES, zasnovan za dolgotrajno uporabo, ponuja do 40.000 vdihov, kar zagotavlja dolgotrajno zadovoljstvo. Dvojne 0,9-\u03a9 mre\u017easte tuljave zagotavljajo gladko, polno paro z izbolj\u0161ano intenzivnostjo okusa in zadovoljivim udarcem v grlo. Prostornina e-teko\u010dine 36 ml zmanj\u0161a potrebo po pogostem polnjenju, medtem ko 850 mAh baterija za ponovno polnjenje zagotavlja zanesljivo delovanje. Funkcija hitrega polnjenja Type-C skraj\u0161a \u010das nedelovanja. Pametni LED zaslon ponuja posodobitve o stanju baterije in ravni e-teko\u010dine v realnem \u010dasu za dodatno udobje. S sistemom z dvojnim okusom lahko uporabniki brez te\u017eav preklapljajo med dvema razli\u010dnima okusoma, kar izbolj\u0161a izku\u0161njo vapinga. Na voljo v 2% in 5% jakosti nikotina in 16 edinstvenih okusih, primeren je za nove in izku\u0161ene vaperje. Izberite WASPE FIHP 40000 Puffs Vape za vrhunske funkcije, eleganten dizajn in vrhunsko izku\u0161njo vapinga, prilagojeno va\u0161im \u017eeljam.<\/p>\n<\/div>\n<\/div>\n<p><img fetchpriority=\"high\" decoding=\"async\" class=\"alignnone size-medium wp-image-4245\" src=\"https:\/\/vapestornado.com\/wp-content\/uploads\/2024\/12\/Waspe-DOUBLE-FLAVOUR-40k-Vape-Cheap-Price-300x300.jpg\" alt=\"\" width=\"300\" height=\"300\" srcset=\"https:\/\/vapestornado.com\/wp-content\/uploads\/2024\/12\/Waspe-DOUBLE-FLAVOUR-40k-Vape-Cheap-Price-300x300.jpg 300w, https:\/\/vapestornado.com\/wp-content\/uploads\/2024\/12\/Waspe-DOUBLE-FLAVOUR-40k-Vape-Cheap-Price-1024x1024.jpg 1024w, https:\/\/vapestornado.com\/wp-content\/uploads\/2024\/12\/Waspe-DOUBLE-FLAVOUR-40k-Vape-Cheap-Price-150x150.jpg 150w, https:\/\/vapestornado.com\/wp-content\/uploads\/2024\/12\/Waspe-DOUBLE-FLAVOUR-40k-Vape-Cheap-Price-768x768.jpg 768w, https:\/\/vapestornado.com\/wp-content\/uploads\/2024\/12\/Waspe-DOUBLE-FLAVOUR-40k-Vape-Cheap-Price-12x12.jpg 12w, https:\/\/vapestornado.com\/wp-content\/uploads\/2024\/12\/Waspe-DOUBLE-FLAVOUR-40k-Vape-Cheap-Price-600x600.jpg 600w, https:\/\/vapestornado.com\/wp-content\/uploads\/2024\/12\/Waspe-DOUBLE-FLAVOUR-40k-Vape-Cheap-Price-100x100.jpg 100w, https:\/\/vapestornado.com\/wp-content\/uploads\/2024\/12\/Waspe-DOUBLE-FLAVOUR-40k-Vape-Cheap-Price.jpg 1500w\" sizes=\"(max-width: 300px) 100vw, 300px\" \/><\/p>\n<p><img decoding=\"async\" class=\"wp-image-2951\" src=\"https:\/\/vapestornado.com\/wp-content\/uploads\/2024\/12\/Wholesale-Disposable-Vape-265x300.jpg\" alt=\"Veleprodaja Vape za Enkratno Uporabo\" width=\"295\" height=\"334\" srcset=\"https:\/\/vapestornado.com\/wp-content\/uploads\/2024\/12\/Wholesale-Disposable-Vape-265x300.jpg 265w, https:\/\/vapestornado.com\/wp-content\/uploads\/2024\/12\/Wholesale-Disposable-Vape-768x871.jpg 768w, https:\/\/vapestornado.com\/wp-content\/uploads\/2024\/12\/Wholesale-Disposable-Vape-600x680.jpg 600w, https:\/\/vapestornado.com\/wp-content\/uploads\/2024\/12\/Wholesale-Disposable-Vape.jpg 823w\" sizes=\"(max-width: 295px) 100vw, 295px\" \/><\/p>\n<h6>Za Zni\u017eano Ceno se Obrnite na Mandy na WhatsApp:<a href=\"https:\/\/wa.me\/8618077105796\" target=\"_blank\" rel=\"noopener\">+8618077105796<\/a><\/h6>\n<p>&nbsp;<\/p>\n<h2><strong>Specifikacije WASPE 40000 Puffs Vape za enkratno uporabo<\/strong><\/h2>\n<ul>\n<li><strong>Vsebnost nikotina<\/strong>: Na voljo v mo\u017enostih 2% in 5% za prilagojeno izku\u0161njo vapinga.<\/li>\n<li><strong>Zmogljivost vdihovanja<\/strong>: Do 40.000 vdihov, idealno za dalj\u0161o uporabo z minimalnimi zamenjavami.<\/li>\n<li><strong>Kapaciteta e-teko\u010dine<\/strong>: Predhodno napolnjeno s 36 ml vrhunske vape teko\u010dine za dolgotrajne seanse.<\/li>\n<li><strong>Napredne mre\u017easte tuljave<\/strong>: Dvojne 0,9-\u03a9 mre\u017easte tuljave zagotavljajo gladko, bogato paro in izbolj\u0161an okus.<\/li>\n<li><strong>Polnjenje prek Type-C<\/strong>: Hitro in u\u010dinkovito polnjenje Type-C zmanj\u0161a \u010das nedelovanja.<\/li>\n<li><strong>Kapaciteta Baterije<\/strong>: Zmogljiva 850 mAh baterija za ponovno polnjenje zagotavlja dosledno delovanje.<\/li>\n<li><strong>Pametni LED zaslon<\/strong>: Posodobitve stanja baterije in ravni e-teko\u010dine v realnem \u010dasu za brezhibno uporabnost.<\/li>\n<li><strong>Tehnologija dvojnega okusa<\/strong>: Preklapljajte med dvema razli\u010dnima okusoma za dinami\u010dno in personalizirano izku\u0161njo vapinga.<\/li>\n<\/ul>\n<h2><strong>Seznam okusov WASPE Tornado Vape 40k Puffs:<\/strong><\/h2>\n<p class=\"selectable-text copyable-text x15bjb6t x1n2onr6\" dir=\"ltr\"><span class=\"selectable-text copyable-text false\">1.Lubeni\u010dni led<\/span><\/p>\n<p class=\"selectable-text copyable-text x15bjb6t x1n2onr6\" dir=\"ltr\"><span class=\"selectable-text copyable-text false x1sdyfia xss6m8b\">2.<\/span><span class=\"selectable-text copyable-text false\"> Gazirani \u010de\u0161njev led<\/span><\/p>\n<p class=\"selectable-text copyable-text x15bjb6t x1n2onr6\" dir=\"ltr\"><span class=\"selectable-text copyable-text false x1sdyfia xss6m8b\">3.<\/span><span class=\"selectable-text copyable-text false\"> Jagoda Lubenica<\/span><\/p>\n<p class=\"selectable-text copyable-text x15bjb6t x1n2onr6\" dir=\"ltr\"><span class=\"selectable-text copyable-text false x1sdyfia xss6m8b\">4.<\/span><span class=\"selectable-text copyable-text false\"> Red Bull Led<\/span><\/p>\n<p class=\"selectable-text copyable-text x15bjb6t x1n2onr6\" dir=\"ltr\"><span class=\"selectable-text copyable-text false x1sdyfia xss6m8b\">5.<\/span><span class=\"selectable-text copyable-text false\"> Breskov led<\/span><\/p>\n<p class=\"selectable-text copyable-text x15bjb6t x1n2onr6\" dir=\"ltr\"><span class=\"selectable-text copyable-text false x1sdyfia xss6m8b\">6.<\/span><span class=\"selectable-text copyable-text false\"> Grozdni led<\/span><\/p>\n<p class=\"selectable-text copyable-text x15bjb6t x1n2onr6\" dir=\"ltr\"><span class=\"selectable-text copyable-text false x1sdyfia xss6m8b\">7.<\/span><span class=\"selectable-text copyable-text false\"> Modra malinova limonada<\/span><\/p>\n<p class=\"selectable-text copyable-text x15bjb6t x1n2onr6\" dir=\"ltr\"><span class=\"selectable-text copyable-text false x1sdyfia xss6m8b\">8.<\/span><span class=\"selectable-text copyable-text false\"> Me\u0161ani gozdni sade\u017ei<\/span><\/p>\n<p class=\"selectable-text copyable-text x15bjb6t x1n2onr6\" dir=\"ltr\"><span class=\"selectable-text copyable-text false x1sdyfia xss6m8b\">9.<\/span><span class=\"selectable-text copyable-text false\"> Jagoda Malina \u010ce\u0161nja<\/span><\/p>\n<p class=\"selectable-text copyable-text x15bjb6t x1n2onr6\" dir=\"ltr\"><span class=\"selectable-text copyable-text false x1sdyfia xss6m8b\">10.<\/span><span class=\"selectable-text copyable-text false\"> Jagoda banana<\/span><\/p>\n<p class=\"selectable-text copyable-text x15bjb6t x1n2onr6\" dir=\"ltr\"><span class=\"selectable-text copyable-text false x1sdyfia xss6m8b\">11.<\/span><span class=\"selectable-text copyable-text false\"> \u017dve\u010dilni gumi z jagodo in lubenico<\/span><\/p>\n<p class=\"selectable-text copyable-text x15bjb6t x1n2onr6\" dir=\"ltr\"><span class=\"selectable-text copyable-text false x1sdyfia xss6m8b\">12.<\/span><span class=\"selectable-text copyable-text false\"> Ledena \u010de\u0161nja kola<\/span><\/p>\n<p class=\"selectable-text copyable-text x15bjb6t x1n2onr6\" dir=\"ltr\"><span class=\"selectable-text copyable-text false x1sdyfia xss6m8b\">13.<\/span><span class=\"selectable-text copyable-text false\"> Kislo jabolko malina<\/span><\/p>\n<p class=\"selectable-text copyable-text x15bjb6t x1n2onr6\" dir=\"ltr\"><span class=\"selectable-text copyable-text false x1sdyfia xss6m8b\">14.<\/span><span class=\"selectable-text copyable-text false\"> Breskev gozdni sade\u017ei<\/span><\/p>\n<p class=\"selectable-text copyable-text x15bjb6t x1n2onr6\" dir=\"ltr\"><span class=\"selectable-text copyable-text false x1sdyfia xss6m8b\">15.<\/span><span class=\"selectable-text copyable-text false\"> Blueberry Ice<\/span><\/p>\n<p class=\"selectable-text copyable-text x15bjb6t x1n2onr6\" dir=\"ltr\"><span class=\"selectable-text copyable-text false x1sdyfia xss6m8b\">16.<\/span><span class=\"selectable-text copyable-text false\"> Jagoda \u010ce\u0161nja<\/span><\/p>\n<div role=\"article\" data-tabster=\"{&quot;groupper&quot;:{&quot;tabbability&quot;:2},&quot;focusable&quot;:{}}\" data-content=\"ai-message\" aria-labelledby=\"dARUyEWDoEYhnSPXFwx5A-author dARUyEWDoEYhnSPXFwx5A-content\">\n<div id=\"dARUyEWDoEYhnSPXFwx5A-content\">\n<h2><strong>Zakaj izbrati WASPE 40k Puffs Vape Pods na vapestornado.com?<\/strong><\/h2>\n<ul>\n<li><strong>Neprekosljiva vzdr\u017eljivost<\/strong>: Z impresivnimi 40.000 vdihi je WASPE 40K popoln za vaperje, ki i\u0161\u010dejo podalj\u0161ano uporabo brez pogostih menjav.<\/li>\n<li><strong>Napredna tehnologija vapinga<\/strong>: Z dvojnimi mre\u017enimi tuljavami 0,9\u03a9 ta naprava zagotavlja gladko, okusno paro z vsakim vdihom, kar ponuja vrhunsko izku\u0161njo vapinga.<\/li>\n<li><strong>Velika zmogljivost e-teko\u010dine<\/strong>: Prednapolnjen s 36 ml visokokakovostne vape teko\u010dine, je zasnovan za neprekinjene, dolgotrajne seanse.<\/li>\n<li><strong>Priro\u010dno polnjenje<\/strong>: Opremljen z 850 mAh Type-C polnilno baterijo, WASPE 40000 vpihov zagotavlja zanesljivo mo\u010d in hitro polnjenje, kar zagotavlja, da ste vedno pripravljeni na vape.<\/li>\n<li><strong>Inovativna funkcija dvojnega okusa<\/strong>: U\u017eivajte v dveh okusih v eni napravi, kar ponuja prilagodljivo in dinami\u010dno izku\u0161njo vapinga, prilagojeno va\u0161im \u017eeljam.<\/li>\n<li><strong>Uporabniku prijazen dizajn<\/strong>: Pametni LED zaslon vas obve\u0161\u010da o ravni baterije in e-teko\u010dine, kar dodaja plast udobja va\u0161i rutini vapinga.<\/li>\n<li><strong>Prilagodljive mo\u017enosti nikotina<\/strong>: Na voljo v 2% in 5% nikotinskih jakostih, kar ustreza tako lahkim kot izku\u0161enim vaperjem.<\/li>\n<li><strong>Premium storitev vapestornado<\/strong>: Nakupovanje na vapestornado.com pomeni dostop do pristnih izdelkov, konkuren\u010dnih cen in izjemne podpore strankam.<\/li>\n<\/ul>\n<\/div>\n<\/div>\n<h2>Pogosta vpra\u0161anja o <strong>WASPE 40K Puffs polnilni vapi po veleprodajni ceni<\/strong><\/h2>\n<p><strong>V1: Kako sledim svojemu naro\u010dilu WASPE VAPES 40k Puffs?<\/strong><br \/>\nO: Ko bo va\u0161e naro\u010dilo odposlano, boste po e-po\u0161ti prejeli \u0161tevilko za sledenje, da boste lahko spremljali napredek dostave.<\/p>\n<p><strong>Q2: Kak\u0161en je ocenjen \u010das po\u0161iljanja za WASPE 40000 PUFF?<\/strong><br \/>\nO: Naro\u010dila, poslana iz Kitajske, obi\u010dajno trajajo 7-14 delovnih dni, medtem ko naro\u010dila iz evropskih skladi\u0161\u010d prispejo v 3-6 delovnih dneh.<\/p>\n<p><strong>Q3: Ali lahko dobim hitrej\u0161o dostavo?<\/strong><br \/>\nO: Za hitrej\u0161o dostavo razmislite o naro\u010dilu izdelkov, ki so na zalogi v na\u0161ih evropskih skladi\u0161\u010dih.<\/p>\n<p><strong>Q4: Ali lahko izberem dolo\u010dene okuse za WASPE FIHP VAPE 40000 PUFFS?<\/strong><br \/>\nO: Okusi so obi\u010dajno razporejeni naklju\u010dno, vendar lahko pri blagajni pustite opombo z \u017eeljami in potrudili se bomo, da jih upo\u0161tevamo.<\/p>\n<p><strong>Q5: Ali po\u0161iljate WASPE 40000 puffs v tujino?<\/strong><br \/>\nO: Da, po\u0161iljamo v ve\u010dino dr\u017eav po svetu in poskrbimo za carinjenje.<\/p>\n<p><strong>Q6: Kako lahko stopim v stik s slu\u017ebo za stranke?<\/strong><br \/>\nO: Za hitro pomo\u010d nas kontaktirajte po e-po\u0161ti, WhatsAppu ali prek spletnega klepeta na na\u0161i spletni strani.<\/p>","protected":false},"excerpt":{"rendered":"<ul>\n<li><strong>Kupite WASPE FIHP 40000 Puff vape za ponovno polnjenje po neprekosljivih cenah<\/strong><\/li>\n<li><strong>Veleprodajne ponudbe za WASPE FIHP 40K Puffs vape \u2013 prihranite veliko pri naro\u010dilih v velikih koli\u010dinah<\/strong><\/li>\n<li><strong>Nakupujte WASPE 40000 Puffs Dual Flavor Vape \u2013 napredne funkcije, ugodne cene<\/strong><\/li>\n<\/ul>\n<figure id=\"attachment_2951\" aria-describedby=\"caption-attachment-2951\" style=\"width: 265px\" class=\"wp-caption alignnone\"><img decoding=\"async\" class=\"size-medium wp-image-2951\" src=\"https:\/\/vapestornado.com\/wp-content\/uploads\/2024\/12\/Wholesale-Disposable-Vape-265x300.jpg\" alt=\"Veleprodaja Vape za Enkratno Uporabo\" width=\"265\" height=\"300\" srcset=\"https:\/\/vapestornado.com\/wp-content\/uploads\/2024\/12\/Wholesale-Disposable-Vape-265x300.jpg 265w, https:\/\/vapestornado.com\/wp-content\/uploads\/2024\/12\/Wholesale-Disposable-Vape-768x871.jpg 768w, https:\/\/vapestornado.com\/wp-content\/uploads\/2024\/12\/Wholesale-Disposable-Vape-600x680.jpg 600w, https:\/\/vapestornado.com\/wp-content\/uploads\/2024\/12\/Wholesale-Disposable-Vape.jpg 823w\" sizes=\"(max-width: 265px) 100vw, 265px\" \/><figcaption id=\"caption-attachment-2951\" class=\"wp-caption-text\">Za Zni\u017eano Ceno se Obrnite na Mandy na WhatsApp\u00a0 <a href=\"https:\/\/wa.me\/8618077105796\">+8618077105796<\/a><\/figcaption><\/figure>\n<p>&nbsp;<\/p>","protected":false},"featured_media":4245,"comment_status":"open","ping_status":"closed","template":"","meta":{"_acf_changed":false,"_uag_custom_page_level_css":"","_lmt_disableupdate":"no","_lmt_disable":"","_monsterinsights_skip_tracking":false,"_monsterinsights_sitenote_active":false,"_monsterinsights_sitenote_note":"","_monsterinsights_sitenote_category":0,"site-sidebar-layout":"default","site-content-layout":"","ast-site-content-layout":"default","site-content-style":"default","site-sidebar-style":"default","ast-global-header-display":"","ast-banner-title-visibility":"","ast-main-header-display":"","ast-hfb-above-header-display":"","ast-hfb-below-header-display":"","ast-hfb-mobile-header-display":"","site-post-title":"","ast-breadcrumbs-content":"","ast-featured-img":"","footer-sml-layout":"","ast-disable-related-posts":"","theme-transparent-header-meta":"default","adv-header-id-meta":"","stick-header-meta":"","header-above-stick-meta":"","header-main-stick-meta":"","header-below-stick-meta":"","astra-migrate-meta-layouts":"set","ast-page-background-enabled":"default","ast-page-background-meta":{"desktop":{"background-color":"","background-image":"","background-repeat":"repeat","background-position":"center center","background-size":"auto","background-attachment":"scroll","background-type":"","background-media":"","overlay-type":"","overlay-color":"","overlay-opacity":"","overlay-gradient":""},"tablet":{"background-color":"","background-image":"","background-repeat":"repeat","background-position":"center center","background-size":"auto","background-attachment":"scroll","background-type":"","background-media":"","overlay-type":"","overlay-color":"","overlay-opacity":"","overlay-gradient":""},"mobile":{"background-color":"","background-image":"","background-repeat":"repeat","background-position":"center center","background-size":"auto","background-attachment":"scroll","background-type":"","background-media":"","overlay-type":"","overlay-color":"","overlay-opacity":"","overlay-gradient":""}},"ast-content-background-meta":{"desktop":{"background-color":"var(--ast-global-color-5)","background-image":"","background-repeat":"repeat","background-position":"center center","background-size":"auto","background-attachment":"scroll","background-type":"","background-media":"","overlay-type":"","overlay-color":"","overlay-opacity":"","overlay-gradient":""},"tablet":{"background-color":"var(--ast-global-color-5)","background-image":"","background-repeat":"repeat","background-position":"center center","background-size":"auto","background-attachment":"scroll","background-type":"","background-media":"","overlay-type":"","overlay-color":"","overlay-opacity":"","overlay-gradient":""},"mobile":{"background-color":"var(--ast-global-color-5)","background-image":"","background-repeat":"repeat","background-position":"center center","background-size":"auto","background-attachment":"scroll","background-type":"","background-media":"","overlay-type":"","overlay-color":"","overlay-opacity":"","overlay-gradient":""}},"_joinchat":{"telephone":"+8618077105796"}},"product_brand":[],"product_cat":[65,149,153,156,157,158,60],"product_tag":[97,89],"class_list":{"0":"post-3171","1":"product","2":"type-product","3":"status-publish","4":"has-post-thumbnail","6":"product_cat-40000-puff","7":"product_cat-buy-disposable-vapes-in-austria","8":"product_cat-buy-disposable-vapes-in-italy","9":"product_cat-buy-disposable-vapes-in-poland","10":"product_cat-buy-disposable-vapes-in-portugal","11":"product_cat-buy-disposable-vapes-in-spain","12":"product_cat-waspe-fihp-vape","13":"product_tag-hot-sale-disposable-vape","14":"product_tag-waspe-40000-puffs","15":"desktop-align-left","16":"tablet-align-left","17":"mobile-align-left","19":"first","20":"instock","21":"sale","22":"shipping-taxable","23":"purchasable","24":"product-type-simple"},"acf":[],"uagb_featured_image_src":{"full":["https:\/\/vapestornado.com\/wp-content\/uploads\/2024\/12\/Waspe-DOUBLE-FLAVOUR-40k-Vape-Cheap-Price.jpg",1500,1500,false],"thumbnail":["https:\/\/vapestornado.com\/wp-content\/uploads\/2024\/12\/Waspe-DOUBLE-FLAVOUR-40k-Vape-Cheap-Price-150x150.jpg",150,150,true],"medium":["https:\/\/vapestornado.com\/wp-content\/uploads\/2024\/12\/Waspe-DOUBLE-FLAVOUR-40k-Vape-Cheap-Price-300x300.jpg",300,300,true],"medium_large":["https:\/\/vapestornado.com\/wp-content\/uploads\/2024\/12\/Waspe-DOUBLE-FLAVOUR-40k-Vape-Cheap-Price-768x768.jpg",768,768,true],"large":["https:\/\/vapestornado.com\/wp-content\/uploads\/2024\/12\/Waspe-DOUBLE-FLAVOUR-40k-Vape-Cheap-Price-1024x1024.jpg",1024,1024,true],"1536x1536":["https:\/\/vapestornado.com\/wp-content\/uploads\/2024\/12\/Waspe-DOUBLE-FLAVOUR-40k-Vape-Cheap-Price.jpg",1500,1500,false],"2048x2048":["https:\/\/vapestornado.com\/wp-content\/uploads\/2024\/12\/Waspe-DOUBLE-FLAVOUR-40k-Vape-Cheap-Price.jpg",1500,1500,false],"trp-custom-language-flag":["https:\/\/vapestornado.com\/wp-content\/uploads\/2024\/12\/Waspe-DOUBLE-FLAVOUR-40k-Vape-Cheap-Price-12x12.jpg",12,12,true],"woocommerce_thumbnail":["https:\/\/vapestornado.com\/wp-content\/uploads\/2024\/12\/Waspe-DOUBLE-FLAVOUR-40k-Vape-Cheap-Price-300x300.jpg",300,300,true],"woocommerce_single":["https:\/\/vapestornado.com\/wp-content\/uploads\/2024\/12\/Waspe-DOUBLE-FLAVOUR-40k-Vape-Cheap-Price-600x600.jpg",600,600,true],"woocommerce_gallery_thumbnail":["https:\/\/vapestornado.com\/wp-content\/uploads\/2024\/12\/Waspe-DOUBLE-FLAVOUR-40k-Vape-Cheap-Price-100x100.jpg",100,100,true]},"uagb_author_info":{"display_name":"ESMANDY","author_link":"https:\/\/vapestornado.com\/sl\/author\/"},"uagb_comment_info":0,"uagb_excerpt":"Get WASPE FIHP 40000 Puff Rechargeable Vape at Unbeatable Prices Wholesale Deals on WASPE FIHP 40K Puffs Vapes \u2013 Save Big on Bulk Orders Shop WASPE 40000 Puffs Dual Flavor Vape \u2013 Advanced Features, Affordable Prices [caption id=\"attachment_2951\" align=\"alignnone\" width=\"265\"] Pls Contact Mandy's WhatsApp For Discount Price\u00a0 +8618077105796[\/caption] &nbsp;","_links":{"self":[{"href":"https:\/\/vapestornado.com\/sl\/wp-json\/wp\/v2\/product\/3171","targetHints":{"allow":["GET"]}}],"collection":[{"href":"https:\/\/vapestornado.com\/sl\/wp-json\/wp\/v2\/product"}],"about":[{"href":"https:\/\/vapestornado.com\/sl\/wp-json\/wp\/v2\/types\/product"}],"replies":[{"embeddable":true,"href":"https:\/\/vapestornado.com\/sl\/wp-json\/wp\/v2\/comments?post=3171"}],"wp:featuredmedia":[{"embeddable":true,"href":"https:\/\/vapestornado.com\/sl\/wp-json\/wp\/v2\/media\/4245"}],"wp:attachment":[{"href":"https:\/\/vapestornado.com\/sl\/wp-json\/wp\/v2\/media?parent=3171"}],"wp:term":[{"taxonomy":"product_brand","embeddable":true,"href":"https:\/\/vapestornado.com\/sl\/wp-json\/wp\/v2\/product_brand?post=3171"},{"taxonomy":"product_cat","embeddable":true,"href":"https:\/\/vapestornado.com\/sl\/wp-json\/wp\/v2\/product_cat?post=3171"},{"taxonomy":"product_tag","embeddable":true,"href":"https:\/\/vapestornado.com\/sl\/wp-json\/wp\/v2\/product_tag?post=3171"}],"curies":[{"name":"wp","href":"https:\/\/api.w.org\/{rel}","templated":true}]}}