{"id":3107,"date":"2024-12-13T02:59:26","date_gmt":"2024-12-13T02:59:26","guid":{"rendered":"https:\/\/vapestornado.com\/?post_type=product&#038;p=3107"},"modified":"2025-08-22T10:31:24","modified_gmt":"2025-08-22T10:31:24","slug":"randm-tornado-music-30000-puffs-fumot-bulk-sale-disposable","status":"publish","type":"product","link":"https:\/\/vapestornado.com\/sl\/product\/randm-tornado-music-30000-puffs-fumot-bulk-sale-disposable\/","title":{"rendered":"Randm Tornado Music 30000 Fumot E-cigareta za enkratno uporabo Razsuta prodaja"},"content":{"rendered":"<h1>Randm Tornado Music 30000 Vdihov Fumot Razprodaja na debelo Vape za enkratno uporabo<\/h1>\n<p data-start=\"293\" data-end=\"626\">The <strong data-start=\"297\" data-end=\"364\">Randm Tornado Music 30000 Vdihov Fumot Razprodaja na debelo Vape za enkratno uporabo<\/strong> je zasnovan za uporabnike vape, ki \u017eelijo dolgotrajno delovanje in priro\u010dnost. Z impresivnim <strong data-start=\"458\" data-end=\"482\">Kapaciteta 30.000 vdihov<\/strong>, a <strong data-start=\"486\" data-end=\"517\">600 mAh polnilna baterija<\/strong>in napredno <strong data-start=\"532\" data-end=\"569\">tehnologijo zra\u010dnega toka z mre\u017easto tuljavo 1,0 \u03a9<\/strong>zagotavlja gladek, dosleden izpust pare pri vsakem vdihu.<\/p>\n<p data-start=\"628\" data-end=\"848\">Kompakten in eleganten, Tornado Music 30K je enostaven za prena\u0161anje in idealen za celodnevno vejpanje. Predhodno napolnjen s \u0161iroko paleto <strong data-start=\"750\" data-end=\"771\">30 edinstvenih okusov<\/strong>ponuja nekaj za vsak okus \u2013 od sadnih do ledenih me\u0161anic.<\/p>\n<p data-start=\"850\" data-end=\"1048\">Za trgovce na debelo in drobno <strong data-start=\"885\" data-end=\"920\">Fumot Randm 30k Vape za enkratno uporabo<\/strong> zdru\u017euje visoko zmogljivost, mo\u010dno prepoznavnost blagovne znamke in vrednost prodaje na debelo, zaradi \u010desar je donosna izbira za slovenski trg.<\/p>\n<p><img fetchpriority=\"high\" decoding=\"async\" class=\"wp-image-3114 alignleft\" src=\"https:\/\/vapestornado.com\/wp-content\/uploads\/2024\/12\/Randm-tornado-vape-30000-puffs.jpg\" alt=\"Randm tornado vape 30000 puffs veleprodajna cena\" width=\"559\" height=\"559\" srcset=\"https:\/\/vapestornado.com\/wp-content\/uploads\/2024\/12\/Randm-tornado-vape-30000-puffs.jpg 800w, https:\/\/vapestornado.com\/wp-content\/uploads\/2024\/12\/Randm-tornado-vape-30000-puffs-300x300.jpg 300w, https:\/\/vapestornado.com\/wp-content\/uploads\/2024\/12\/Randm-tornado-vape-30000-puffs-150x150.jpg 150w, https:\/\/vapestornado.com\/wp-content\/uploads\/2024\/12\/Randm-tornado-vape-30000-puffs-768x768.jpg 768w, https:\/\/vapestornado.com\/wp-content\/uploads\/2024\/12\/Randm-tornado-vape-30000-puffs-600x600.jpg 600w, https:\/\/vapestornado.com\/wp-content\/uploads\/2024\/12\/Randm-tornado-vape-30000-puffs-100x100.jpg 100w\" sizes=\"(max-width: 559px) 100vw, 559px\" \/><\/p>\n<p style=\"padding-left: 40px;\">\u00a0<img decoding=\"async\" class=\"wp-image-3124 alignleft\" src=\"https:\/\/vapestornado.com\/wp-content\/uploads\/2024\/12\/LYN-whatsapp-846x1024.jpg\" alt=\"LYN whatsapp\" width=\"290\" height=\"351\" srcset=\"https:\/\/vapestornado.com\/wp-content\/uploads\/2024\/12\/LYN-whatsapp-846x1024.jpg 846w, https:\/\/vapestornado.com\/wp-content\/uploads\/2024\/12\/LYN-whatsapp-248x300.jpg 248w, https:\/\/vapestornado.com\/wp-content\/uploads\/2024\/12\/LYN-whatsapp-768x930.jpg 768w, https:\/\/vapestornado.com\/wp-content\/uploads\/2024\/12\/LYN-whatsapp-600x726.jpg 600w, https:\/\/vapestornado.com\/wp-content\/uploads\/2024\/12\/LYN-whatsapp.jpg 1046w\" sizes=\"(max-width: 290px) 100vw, 290px\" \/><\/p>\n<p><em><strong><span style=\"color: #ff0000;\">Kontaktirajte me s skeniranjem te kode za ve\u010d informacij o vpihih<\/span><\/strong><\/em><\/p>\n<p><em><strong>Whatsapp\uff1a<a href=\"https:\/\/wa.me\/8617840853976\" target=\"_blank\" rel=\"noopener\">+86178 4085 3976<\/a><\/strong><\/em><\/p>\n<p>&nbsp;<\/p>\n<h2><\/h2>\n<h2><strong>Poudarki izdelka Za 30k Music Fumot Vape.<br \/>\n<\/strong><\/h2>\n<p>(1) baterija:<span style=\"color: #ff0000;\">600 mAh<\/span> polnilna za zagotavljanje dolgotrajne mo\u010di.<\/p>\n<p>(2) Nikotin: zagotavlja <span style=\"color: #ff0000;\">2%\/5% nikotin<\/span> za izbiro za razli\u010dne uporabnike.<\/p>\n<p>(3) Vdihov: ponuja<span style=\"color: #ff0000;\">30000 vdihov<\/span>, se lahko uporablja dolgo \u010dasa in brez potrebe po pogosti zamenjavi.<\/p>\n<p>(4) <span style=\"color: #ff0000;\">30 okusov<\/span>: lahko izbirate med ve\u010d okusi, pri 50 kosih pa lahko izberete vsaj 5 okusov.<\/p>\n<p>(5) Vrata za polnjenje:<span style=\"color: #ff0000;\">Type-C<\/span> vmesnik za hitro polnjenje, podpira funkcijo polnjenja.<\/p>\n<p>(6) <span style=\"color: #ff0000;\">Glasbena lu\u010d<\/span>: Lu\u010dka Randm 30k se bo med uporabo spreminjala sinhrono z glasbo, kar bo ustvarilo izbolj\u0161ano izku\u0161njo vejpanja.<\/p>\n<h2><strong>Kateri okusi so na voljo za 30k Fumot vape za enkratno uporabo?<br \/>\n<\/strong><\/h2>\n<p><em><span style=\"color: #000000;\"><strong>1. Banana Led: <\/strong><\/span><\/em>Gladka me\u0161anica zrelih banan z osve\u017eujo\u010dim ledenim zaklju\u010dkom.<br \/>\n<span style=\"color: #000000;\"><strong><em>2. \u010crni led:<\/em> <\/strong><\/span>Drzen \u010drni ribez s hladnim mentolovim pridihom.<br \/>\n<em><strong><span style=\"color: #000000;\">3. Modri Razz led:<\/span> <\/strong><\/em>Sladka in pikantna modra malina z ledenim udarcem.<br \/>\n<em><strong><span style=\"color: #000000;\">4. Borovnica na ledu:<\/span><\/strong> <\/em>So\u010dne borovnice v kombinaciji s hladnim mentolovim vetri\u010dem.<br \/>\n<em><strong><span style=\"color: #000000;\">5. Borovnica Malina:<\/span><\/strong><\/em> \u010cudovita me\u0161anica sladkih borovnic in trpke maline.<br \/>\n<em><strong><span style=\"color: #000000;\">6. Kisla borovnica malina:<\/span> <\/strong><\/em>Borovnice in maline s kislim robom.<br \/>\n<em><strong><span style=\"color: #000000;\">7. \u010ce\u0161njev led:<\/span> <\/strong><\/em>Sladke \u010de\u0161nje z osve\u017eujo\u010dim ledenim dotikom.<br \/>\n<em><strong><span style=\"color: #000000;\">8. \u010ce\u0161njeva kola:<\/span> <\/strong><\/em>Klasi\u010den okus kole s pridihom \u010de\u0161nje.<br \/>\n<em><strong><span style=\"color: #000000;\">9. Kola led:<\/span> <\/strong><\/em>Gazirana kola s hladnim mentolovim zaklju\u010dkom.<br \/>\n<em><strong><span style=\"color: #000000;\">10. Hladna meta:<\/span><\/strong> <\/em>Hrustljav in osve\u017eujo\u010d okus mete.<br \/>\n<em><strong><span style=\"color: #000000;\">11. Dvojno jabolko:<\/span><\/strong> <\/em>Me\u0161anica sladkih in kislih jabolk.<br \/>\n<em><strong><span style=\"color: #000000;\">12. Dr. Blue:<\/span><\/strong> <\/em>Skrivnostna me\u0161anica jagodi\u010dja s hladnim zaklju\u010dkom.<br \/>\n<em><strong><span style=\"color: #000000;\">13. Ledeno grozdje:<\/span> <\/strong><\/em>Sladko grozdje z ledeno mentolovo noto.<br \/>\n<em><strong><span style=\"color: #000000;\">14. Ledena lizika:<\/span> <\/strong><\/em>Nostalgi\u010dna me\u0161anica sadnih okusov ledene lizike.<br \/>\n<em><strong><span style=\"color: #000000;\">15. Kivi, pasijonka in guava:<\/span><\/strong> <\/em>Eksoti\u010dna me\u0161anica kivija, pasijonke in guave.<br \/>\n<em><strong><span style=\"color: #000000;\">16. Ljubezen 66:<\/span> <\/strong><\/em>Edinstvena me\u0161anica tropskega sadja s pridihom mentola.<br \/>\n<em><strong><span style=\"color: #000000;\">17. Bujni led:<\/span><\/strong> <\/em>Lubenica z osve\u017eujo\u010dim ledenim zaklju\u010dkom.<br \/>\n<em><strong><span style=\"color: #000000;\">18. Me\u0161ano jagodi\u010devje:<\/span><\/strong><\/em> Me\u0161anica razli\u010dnih jagod.<br \/>\n<em><strong><span style=\"color: #000000;\">19. Breskova jagoda:<\/span> <\/strong><\/em>So\u010dne breskve z jagodnim pridihom.<br \/>\n<em><strong><span style=\"color: #000000;\">20. Breskov led:<\/span> <\/strong><\/em>Sladke breskve s hladnim mentolovim zaklju\u010dkom.<br \/>\n<em><strong><span style=\"color: #000000;\">21. Breskov Mango Ananas:<\/span><\/strong> <\/em>Tropska me\u0161anica breskve, manga in ananasa.<br \/>\n<em><strong><span style=\"color: #000000;\">22. Ananasov led:<\/span> <\/strong><\/em>Sladek in pikanten ananas z ledenim dotikom.<br \/>\n<em><strong><span style=\"color: #000000;\">23. Roza limonada:<\/span> <\/strong><\/em>Pikantna limonada s pridihom jagodi\u010devja.<br \/>\n<em><strong><span style=\"color: #000000;\">24. Skittles:<\/span> <\/strong><\/em>Mavrica sadnih okusov.<br \/>\n<em><strong><span style=\"color: #000000;\">25. Jagodna banana:<\/span> <\/strong><\/em>Klasi\u010dna me\u0161anica sladkih jagod in kremastih banan.<br \/>\n<em><strong><span style=\"color: #000000;\">26. Jagodno grozdje:<\/span><\/strong> <\/em>Sladke jagode v kombinaciji s so\u010dnim grozdjem.<br \/>\n<em><strong><span style=\"color: #000000;\">27. Jagodni led:<\/span><\/strong> <\/em>Sve\u017ee jagode s hladnim mentolovim zaklju\u010dkom.<br \/>\n<em><strong><span style=\"color: #000000;\">28. Jagodna lubenica:<\/span> <\/strong><\/em>Osve\u017eujo\u010da me\u0161anica jagod in lubenice.<br \/>\n<em><strong><span style=\"color: #000000;\">29. Trojni mango:<\/span> <\/strong><\/em>Intenziven okus manga s trikratno mo\u010djo.<br \/>\n<em><strong><span style=\"color: #000000;\">30. Vimto:<\/span> <\/strong><\/em>Edinstvena me\u0161anica me\u0161anega sadja, ki jo je navdihnila klasi\u010dna pija\u010da.<\/p>\n<div class=\"flex-shrink-0 flex flex-col relative items-end\">\n<div class=\"pt-0\">\n<div class=\"gizmo-bot-avatar flex h-8 w-8 items-center justify-center overflow-hidden rounded-full\">\n<div class=\"relative p-1 rounded-sm flex items-center justify-center bg-token-main-surface-primary text-token-text-primary h-8 w-8\">\n<h2><strong>Pogosta vpra\u0161anja:<\/strong><\/h2>\n<h4>V: Zakaj izbrati Fumot RANDM Tornado 30000 vdihov za enkratno uporabo?<\/h4>\n<p><span style=\"color: #000000;\"><b>A\uff1a<\/b><\/span>Izberite Fumot RANDM Tornado 15000 Puffs za dolgotrajno, okusno in enostavno vaping. Popoln za nakup v velikem obsegu.<\/p>\n<h4>V: Kak\u0161no je minimalno naro\u010dilo na debelo za e-cigareto za enkratno uporabo Fumot 30k?<\/h4>\n<p><span style=\"color: #000000;\"><b>A\uff1a<\/b><\/span>Minimalno naro\u010dilo za e-cigareto za enkratno uporabo Fumot 30k Tornado Music je 50 kosov, ve\u010dja kot je koli\u010dina, ki jo naro\u010dite, bolj\u0161a je cena.<\/p>\n<h4>V: Se popust pove\u010da s \u0161tevilom naro\u010dil?<\/h4>\n<p><span style=\"color: #000000;\"><b>A\uff1a<\/b>Popust ponujamo \u017ee po zelo nizki ceni, vendar se cena ne bo zni\u017eala s pove\u010danjem koli\u010dine naro\u010dila. Vendar se bomo potrudili, da vam priskrbimo vzorec, in upamo, da vam bo to dalo dobro izku\u0161njo.<\/span><\/p>\n<h4>V: Ali lahko sami sledimo paketu?<\/h4>\n<p><strong><span style=\"color: #000000;\"><b>A\uff1a<\/b><\/span><\/strong><span style=\"color: #000000;\">Da, ko bo paket poslan, vam bomo poslali \u0161tevilko za sledenje <\/span><span style=\"color: #000000;\">tako da lahko preverite njegovo stanje. Poleg tega bomo sledili paketu, dokler ga ne prejmete, in vam zagotavljamo, da boste ves \u010das obve\u0161\u010deni o postopku.<\/span><\/p>\n<p>druge vape, ki bi vam bile morda v\u0161e\u010d<br \/>\n<a href=\"https:\/\/vapestornado.com\/sl\/product-category\/30000-puff\/\">E-cigareta s 30000 vdihi<\/a><\/p>\n<\/div>\n<\/div>\n<\/div>\n<\/div>","protected":false},"excerpt":{"rendered":"<p><em><strong>Randm 30k naprava za enkratno uporabo z glasbo, ki lahko ponudi 30.000 vdihov in 30 okusov na izbiro.\u00a0 <\/strong><\/em><\/p>\n<p><em><strong>Imamo 2% ali 5% ravni nikotina, ki jih lahko izberete v Fumot 15k vapih. Poleg tega prodajamo veleprodajne cene in nudimo najbolj\u0161o storitev.<\/strong><\/em><\/p>\n<figure id=\"attachment_3124\" aria-describedby=\"caption-attachment-3124\" style=\"width: 248px\" class=\"wp-caption alignleft\"><img decoding=\"async\" class=\"size-medium wp-image-3124\" src=\"https:\/\/vapestornado.com\/wp-content\/uploads\/2024\/12\/LYN-whatsapp-248x300.jpg\" alt=\"LYN whatsapp\" width=\"248\" height=\"300\" srcset=\"https:\/\/vapestornado.com\/wp-content\/uploads\/2024\/12\/LYN-whatsapp-248x300.jpg 248w, https:\/\/vapestornado.com\/wp-content\/uploads\/2024\/12\/LYN-whatsapp-846x1024.jpg 846w, https:\/\/vapestornado.com\/wp-content\/uploads\/2024\/12\/LYN-whatsapp-768x930.jpg 768w, https:\/\/vapestornado.com\/wp-content\/uploads\/2024\/12\/LYN-whatsapp-600x726.jpg 600w, https:\/\/vapestornado.com\/wp-content\/uploads\/2024\/12\/LYN-whatsapp.jpg 1046w\" sizes=\"(max-width: 248px) 100vw, 248px\" \/><figcaption id=\"caption-attachment-3124\" class=\"wp-caption-text\"><a href=\"https:\/\/wa.me\/8617840853976\"><em><strong>Kontaktirajte Lyn za ve\u010d informacij o vpihih<\/strong><\/em><\/a><\/figcaption><\/figure>","protected":false},"featured_media":3109,"comment_status":"open","ping_status":"closed","template":"","meta":{"_acf_changed":false,"_uag_custom_page_level_css":"","_lmt_disableupdate":"no","_lmt_disable":"","_monsterinsights_skip_tracking":false,"_monsterinsights_sitenote_active":false,"_monsterinsights_sitenote_note":"","_monsterinsights_sitenote_category":0,"site-sidebar-layout":"default","site-content-layout":"","ast-site-content-layout":"default","site-content-style":"default","site-sidebar-style":"default","ast-global-header-display":"","ast-banner-title-visibility":"","ast-main-header-display":"","ast-hfb-above-header-display":"","ast-hfb-below-header-display":"","ast-hfb-mobile-header-display":"","site-post-title":"","ast-breadcrumbs-content":"","ast-featured-img":"","footer-sml-layout":"","ast-disable-related-posts":"","theme-transparent-header-meta":"default","adv-header-id-meta":"","stick-header-meta":"","header-above-stick-meta":"","header-main-stick-meta":"","header-below-stick-meta":"","astra-migrate-meta-layouts":"set","ast-page-background-enabled":"default","ast-page-background-meta":{"desktop":{"background-color":"","background-image":"","background-repeat":"repeat","background-position":"center center","background-size":"auto","background-attachment":"scroll","background-type":"","background-media":"","overlay-type":"","overlay-color":"","overlay-opacity":"","overlay-gradient":""},"tablet":{"background-color":"","background-image":"","background-repeat":"repeat","background-position":"center center","background-size":"auto","background-attachment":"scroll","background-type":"","background-media":"","overlay-type":"","overlay-color":"","overlay-opacity":"","overlay-gradient":""},"mobile":{"background-color":"","background-image":"","background-repeat":"repeat","background-position":"center center","background-size":"auto","background-attachment":"scroll","background-type":"","background-media":"","overlay-type":"","overlay-color":"","overlay-opacity":"","overlay-gradient":""}},"ast-content-background-meta":{"desktop":{"background-color":"var(--ast-global-color-5)","background-image":"","background-repeat":"repeat","background-position":"center center","background-size":"auto","background-attachment":"scroll","background-type":"","background-media":"","overlay-type":"","overlay-color":"","overlay-opacity":"","overlay-gradient":""},"tablet":{"background-color":"var(--ast-global-color-5)","background-image":"","background-repeat":"repeat","background-position":"center center","background-size":"auto","background-attachment":"scroll","background-type":"","background-media":"","overlay-type":"","overlay-color":"","overlay-opacity":"","overlay-gradient":""},"mobile":{"background-color":"var(--ast-global-color-5)","background-image":"","background-repeat":"repeat","background-position":"center center","background-size":"auto","background-attachment":"scroll","background-type":"","background-media":"","overlay-type":"","overlay-color":"","overlay-opacity":"","overlay-gradient":""}},"_joinchat":{"telephone":"17776015835"}},"product_brand":[],"product_cat":[19,67,58],"product_tag":[83,125,124,126,78,114],"class_list":{"0":"post-3107","1":"product","2":"type-product","3":"status-publish","4":"has-post-thumbnail","6":"product_cat-vapes","7":"product_cat-30000-puff","8":"product_cat-fumot-vape","9":"product_tag-fumot-vape","10":"product_tag-randm-30000","11":"product_tag-randm-tornado-30000","12":"product_tag-randm-tornado-30k","13":"product_tag-randm-vape","14":"product_tag-tornado-vape","15":"desktop-align-left","16":"tablet-align-left","17":"mobile-align-left","19":"first","20":"instock","21":"sale","22":"shipping-taxable","23":"purchasable","24":"product-type-simple"},"acf":[],"uagb_featured_image_src":{"full":["https:\/\/vapestornado.com\/wp-content\/uploads\/2024\/12\/Randm-disposable-vape-30k-puffs.jpg",800,800,false],"thumbnail":["https:\/\/vapestornado.com\/wp-content\/uploads\/2024\/12\/Randm-disposable-vape-30k-puffs-150x150.jpg",150,150,true],"medium":["https:\/\/vapestornado.com\/wp-content\/uploads\/2024\/12\/Randm-disposable-vape-30k-puffs-300x300.jpg",300,300,true],"medium_large":["https:\/\/vapestornado.com\/wp-content\/uploads\/2024\/12\/Randm-disposable-vape-30k-puffs-768x768.jpg",768,768,true],"large":["https:\/\/vapestornado.com\/wp-content\/uploads\/2024\/12\/Randm-disposable-vape-30k-puffs.jpg",800,800,false],"1536x1536":["https:\/\/vapestornado.com\/wp-content\/uploads\/2024\/12\/Randm-disposable-vape-30k-puffs.jpg",800,800,false],"2048x2048":["https:\/\/vapestornado.com\/wp-content\/uploads\/2024\/12\/Randm-disposable-vape-30k-puffs.jpg",800,800,false],"trp-custom-language-flag":["https:\/\/vapestornado.com\/wp-content\/uploads\/2024\/12\/Randm-disposable-vape-30k-puffs.jpg",12,12,false],"woocommerce_thumbnail":["https:\/\/vapestornado.com\/wp-content\/uploads\/2024\/12\/Randm-disposable-vape-30k-puffs-300x300.jpg",300,300,true],"woocommerce_single":["https:\/\/vapestornado.com\/wp-content\/uploads\/2024\/12\/Randm-disposable-vape-30k-puffs-600x600.jpg",600,600,true],"woocommerce_gallery_thumbnail":["https:\/\/vapestornado.com\/wp-content\/uploads\/2024\/12\/Randm-disposable-vape-30k-puffs-100x100.jpg",100,100,true]},"uagb_author_info":{"display_name":"ESLYN","author_link":"https:\/\/vapestornado.com\/sl\/author\/"},"uagb_comment_info":0,"uagb_excerpt":"Randm 30k disaposable music vape that can offer 30,000 puffs and 30 flavors to choose.\u00a0 We have 2% or 5% Nicotine level can be choose in Fumot 30k vapes. Beside,we are sale Bulk price and have best service. [caption id=\"attachment_3124\" align=\"alignleft\" width=\"248\"] Contact Lyn to know more about puffs[\/caption]","_links":{"self":[{"href":"https:\/\/vapestornado.com\/sl\/wp-json\/wp\/v2\/product\/3107","targetHints":{"allow":["GET"]}}],"collection":[{"href":"https:\/\/vapestornado.com\/sl\/wp-json\/wp\/v2\/product"}],"about":[{"href":"https:\/\/vapestornado.com\/sl\/wp-json\/wp\/v2\/types\/product"}],"replies":[{"embeddable":true,"href":"https:\/\/vapestornado.com\/sl\/wp-json\/wp\/v2\/comments?post=3107"}],"wp:featuredmedia":[{"embeddable":true,"href":"https:\/\/vapestornado.com\/sl\/wp-json\/wp\/v2\/media\/3109"}],"wp:attachment":[{"href":"https:\/\/vapestornado.com\/sl\/wp-json\/wp\/v2\/media?parent=3107"}],"wp:term":[{"taxonomy":"product_brand","embeddable":true,"href":"https:\/\/vapestornado.com\/sl\/wp-json\/wp\/v2\/product_brand?post=3107"},{"taxonomy":"product_cat","embeddable":true,"href":"https:\/\/vapestornado.com\/sl\/wp-json\/wp\/v2\/product_cat?post=3107"},{"taxonomy":"product_tag","embeddable":true,"href":"https:\/\/vapestornado.com\/sl\/wp-json\/wp\/v2\/product_tag?post=3107"}],"curies":[{"name":"wp","href":"https:\/\/api.w.org\/{rel}","templated":true}]}}