{"id":3103,"date":"2024-12-12T09:36:42","date_gmt":"2024-12-12T09:36:42","guid":{"rendered":"https:\/\/vapestornado.com\/?post_type=product&#038;p=3103"},"modified":"2025-08-23T11:16:54","modified_gmt":"2025-08-23T11:16:54","slug":"randm-tornado-7k-puffs-hot-sale-rechargeable-vape","status":"publish","type":"product","link":"https:\/\/vapestornado.com\/sl\/product\/randm-tornado-7k-puffs-hot-sale-rechargeable-vape\/","title":{"rendered":"Randm Tornado 7k Vpihov Vro\u010da Razprodaja Polnilni Vape"},"content":{"rendered":"<h1>Randm Tornado 7k Vpihov Vro\u010da Razprodaja Polnilni Vape<\/h1>\n<p>&nbsp;<\/p>\n<div role=\"article\" data-tabster=\"{&quot;groupper&quot;:{&quot;tabbability&quot;:2},&quot;focusable&quot;:{}}\" data-content=\"ai-message\" aria-labelledby=\"64JRvXrTnY7mRmPkEQLLT-author 64JRvXrTnY7mRmPkEQLLT-content\">\n<div id=\"64JRvXrTnY7mRmPkEQLLT-content\">\n<p>Izbolj\u0161ajte svojo izku\u0161njo vapinga z Randm Tornado 7000 Vpihov Vnaprej napolnjenim polnilnim vapeom, vrhuncem razko\u0161ja in zmogljivosti. Ta vrhunska naprava se pona\u0161a z izjemno prostornino rezervoarja 15 ml, ki zagotavlja dolgotrajno u\u017eivanje v vapingu brez nenehne potrebe po ponovnem polnjenju. Robustna baterija 850 mAh zagotavlja nemoteno in neprekinjeno uporabo, zaradi \u010desar je zanesljiv spremljevalec doma ali na poti.<\/p>\n<p>Ena od izjemnih lastnosti RandM Vape Tornado 7000 je njegova vsestranskost z e-teko\u010dinami. To vam omogo\u010da, da razi\u0161\u010dete raznoliko paleto okusov, od po\u017eivljajo\u010dih sadnih me\u0161anic do bogatega, zadovoljujo\u010dega tobaka. Prilagodite svojo pot vapinga, da bo ustrezala va\u0161emu prefinjenemu okusu in zagotovite, da bo vsak vpih edinstvena izku\u0161nja.<\/p>\n<p>Napredna tehnologija mre\u017easte tuljave, vgrajena v RandM Tornado 7k vpihov, pove\u010da okus in proizvodnjo hlapov, s \u010dimer spremeni vsak vdih v izvrstno okusno senzacionalnost. Njegova uporabniku prijazna zasnova, skupaj s priro\u010dnim sistemom polnjenja USB-C, naredi to napravo tako prakti\u010dno kot mo\u010dno.<\/p>\n<p>Za tiste, ki zahtevajo najbolj\u0161o kakovost in zmogljivost, je RandM Tornado 7000 vape za enkratno uporabo najbolj\u0161a izbira. Njegova me\u0161anica vrhunske izdelave, inovativnih funkcij in vsestranskosti okusa postavlja nov standard v luksuznem vapingu. Izkusite razliko z napravo, zasnovano za poznavalce, ki cenijo lep\u0161e stvari v \u017eivljenju.<\/p>\n<\/div>\n<\/div>\n<p>&nbsp;<\/p>\n<p><img fetchpriority=\"high\" decoding=\"async\" class=\"wp-image-2951\" src=\"https:\/\/vapestornado.com\/wp-content\/uploads\/2024\/12\/Wholesale-Disposable-Vape-265x300.jpg\" alt=\"Veleprodaja Vape za Enkratno Uporabo\" width=\"295\" height=\"334\" srcset=\"https:\/\/vapestornado.com\/wp-content\/uploads\/2024\/12\/Wholesale-Disposable-Vape-265x300.jpg 265w, https:\/\/vapestornado.com\/wp-content\/uploads\/2024\/12\/Wholesale-Disposable-Vape-768x871.jpg 768w, https:\/\/vapestornado.com\/wp-content\/uploads\/2024\/12\/Wholesale-Disposable-Vape-600x680.jpg 600w, https:\/\/vapestornado.com\/wp-content\/uploads\/2024\/12\/Wholesale-Disposable-Vape.jpg 823w\" sizes=\"(max-width: 295px) 100vw, 295px\" \/><\/p>\n<h6>Za Zni\u017eano Ceno se Obrnite na Mandy na WhatsApp:<a href=\"https:\/\/wa.me\/8618077105796\" target=\"_blank\" rel=\"noopener\">+8618077105796<\/a><\/h6>\n<h2><strong>Randm Vape 7000 Vpihov \u2013 Klju\u010dne Specifikacije<\/strong><\/h2>\n<ul>\n<li><strong>Kapaciteta Baterije<\/strong>: 850 mAh za dalj\u0161e seje vapinga.<\/li>\n<li><strong>Prostornina E-teko\u010dine<\/strong>: 15 ml rezervoar zagotavlja trajen okus in zadovoljstvo.<\/li>\n<li><strong>\u0160tevilo Vpihov<\/strong>: Do 7.000 vpihov za dolgotrajno uporabo.<\/li>\n<li><strong>Polnjenje<\/strong>: Opremljen z vrati USB-C za hitro in priro\u010dno polnjenje.<\/li>\n<li><strong>Vrsta Tuljave<\/strong>: Napredna mre\u017easta tuljava za bolj gladek in okusen izhlapevanje.<\/li>\n<li><strong>Funkcija osvetlitve<\/strong>: RGB osvetlitev rezervoarja doda eleganten in dinami\u010den vizualni element.<\/li>\n<\/ul>\n<h2><strong>Seznam okusov Tornado Vape Randm 7k Vpihov:<\/strong><\/h2>\n<p>1 Hladen mentol<br \/>\n2 Bujna ledena<br \/>\n3 Mandarina z ledom<br \/>\n4 Jagodni krof<br \/>\n5 Gumijasti medvedek<br \/>\n6 Borovnica na ledu<br \/>\n7 Mango na ledu<br \/>\n8 Breskev na ledu<br \/>\n9 Banana na ledu<br \/>\n10 Grozdje na ledu<br \/>\n11 Roza limonada<br \/>\n12 Pina Colada Rum<br \/>\n13 Me\u0161ano jagodi\u010devje<br \/>\n14 Bananin milkshake<br \/>\n15 Jagodna lubenica<br \/>\n16 Rde\u010de jabolko limona<br \/>\n17 Ananasov led<br \/>\n18 Sladkorna pena<br \/>\n19 Jagoda Banana<br \/>\n20 Jagodni led<br \/>\n21 Jagoda Kiwi<br \/>\n22.Rde\u010di energijski led<br \/>\n23.Modra malina limonada<br \/>\n24.Rde\u010de jabolko led<br \/>\n25.Jagodna limonada<br \/>\n26.Borovni\u010dni \u017eve\u010dilni gumi<br \/>\n27. Bluesour Malina<br \/>\n28. Dr. Blue<br \/>\n29. Jabolko Breskev Hru\u0161ka<br \/>\n30. Borovnica Granatno jabolko<br \/>\n31. Vimto<br \/>\n32. Kivi Marakuja Guava<br \/>\n33. Colaice<br \/>\n34. Kislo jabolko<br \/>\n35. \u010crni ribez Mentol<br \/>\n36. Tigrova kri<br \/>\n37. Breskev Borovni\u010dni bonbon<br \/>\n38. Breskev Mango<br \/>\n39. Jagoda Red Bull<br \/>\n40. \u010crni ribez Led<br \/>\n41. Jagoda Lubenica Limonada<br \/>\n42. \u010ce\u0161nja<br \/>\n43. Blue Razz \u010ce\u0161nja<br \/>\n44. Skittles<br \/>\n45. Borovnica Malina<br \/>\n46. Jagoda Grozdje<br \/>\n47. Borovnica \u010ce\u0161nja Brusnica<br \/>\n48. Eksplozija jabol\u010dnih jagod<br \/>\n49. \u010ce\u0161njeva kola<br \/>\n50. Limona<br \/>\n51. Roza eksplozija<br \/>\n52. Pacifi\u0161ki hladilnik<br \/>\n53. Ledena lizika<br \/>\n54. Bingo Crush<br \/>\n55. Vimto Crush<br \/>\n56. Tobak<\/p>\n<div role=\"article\" data-tabster=\"{&quot;groupper&quot;:{&quot;tabbability&quot;:2},&quot;focusable&quot;:{}}\" data-content=\"ai-message\" aria-labelledby=\"dARUyEWDoEYhnSPXFwx5A-author dARUyEWDoEYhnSPXFwx5A-content\">\n<div id=\"dARUyEWDoEYhnSPXFwx5A-content\">\n<h2>Zakaj izbrati RandM Tornado 7000 Vapes pri <a href=\"https:\/\/vapestornado.com\/sl\/store\/\">vapestornado.si<\/a>?<\/h2>\n<p><strong>1. Vrhunska prostornina rezervoarja<\/strong>: RandM Tornado 7000 Puffs Vape ima izjemno prostornino rezervoarja 15 ml, kar zagotavlja dalj\u0161e seje vapinga brez potrebe po nenehnem polnjenju. Popoln za dolge dni in nemoteno u\u017eivanje.<\/p>\n<p><strong>2. Robustna zmogljivost baterije<\/strong>: Ta naprava, opremljena z 850 mAh polnilno baterijo, zagotavlja neprekinjeno in zanesljivo delovanje, kar zagotavlja, da nikoli ne zamudite utripa, ne glede na to, ali ste doma ali na poti.<\/p>\n<p><strong>3. Vsestranskost okusa<\/strong>: RandM Tornado 7000, ki je zdru\u017eljiv z razli\u010dnimi e-teko\u010dinami, vam omogo\u010da, da prilagodite svojo izku\u0161njo vapinga. Od sve\u017eih sadnih me\u0161anic do bogatih okusov tobaka, va\u0161e mo\u017enosti so neomejene.<\/p>\n<p><strong>4. Napredna tehnologija mre\u017easte tuljave<\/strong>: Inovativna tehnologija mre\u017easte tuljave zagotavlja optimalen razvoj okusa in proizvodnjo hlapov, kar vsak vpih spremeni v vrhunsko okusno senzori\u010dno izku\u0161njo. Do\u017eivite vrhunec intenzivnosti okusa z vsakim vdihom.<\/p>\n<p><strong>5. Uporabniku prijazen dizajn<\/strong>: Z enostavnim polnjenjem in prakti\u010dnim sistemom polnjenja USB-C je RandM Tornado 7000 zasnovan za priro\u010dnost in u\u010dinkovitost. Ni samo mo\u010dan; je tudi neverjetno enostaven za uporabo.<\/p>\n<p>Izberite Vape Pod RandM Tornado 7000 Puffs pri <a href=\"https:\/\/vapestornado.com\/sl\/store\/\">vapestornado.si<\/a> za izku\u0161njo vapinga, ki zdru\u017euje razko\u0161je, zmogljivost in vsestranskost.<\/p>\n<\/div>\n<\/div>\n<h2>Pogosta vpra\u0161anja o RandM Tornado 7000 Puffs polnilnem vapeu<\/h2>\n<p><strong>V: Koliko vdihov lahko pri\u010dakujem od RandM Tornado 7000?<\/strong><\/p>\n<p><strong>A:<\/strong> RandM Tornado 7000 ponuja pribli\u017eno 7.000 vdihov na napravo, kar zagotavlja dolgotrajno izku\u0161njo vapinga.<\/p>\n<p><strong>V: Kak\u0161na je kapaciteta baterije RandM Tornado 7000?<\/strong><\/p>\n<p><strong>A:<\/strong> RandM Tornado 7000 je opremljen z 850 mAh polnilno baterijo, ki zagotavlja dosledno delovanje in zanesljivost.<\/p>\n<p><strong>V: Kako napolnim vape pisalo RandM Tornado 7000 puff?<\/strong><\/p>\n<p><strong>A:<\/strong> Naprava ima priklju\u010dek za polnjenje USB-C, kar omogo\u010da enostavno polnjenje. Preprosto priklju\u010dite napravo na zdru\u017eljiv polnilec in jo po potrebi napolnite.<\/p>\n<p><strong>V: Kak\u0161no kapaciteto e-teko\u010dine ima RandM Vape Tornado 7000 vpihov?<\/strong><\/p>\n<p><strong>A:<\/strong> Prostornina rezervoarja RandM Tornado 7k puff je 15 ml, kar omogo\u010da dalj\u0161o uporabo brez pogostega polnjenja.<\/p>\n<p>&nbsp;<\/p>","protected":false},"excerpt":{"rendered":"<p><strong>Kupite Randm Tornado 7000 Vpihov po Zni\u017eani Ceni Danes<\/strong><\/p>\n<p><strong>Ugodna Veleprodajna Cena za Vape Randm Tornado 7000 Vpihov<\/strong><\/p>\n<p><strong>Nakup Vape Randm Tornado 7000 Vpihov v Razsutem Stanju za Najve\u010dji Prihranek<\/strong><\/p>\n<figure id=\"attachment_2951\" aria-describedby=\"caption-attachment-2951\" style=\"width: 265px\" class=\"wp-caption alignnone\"><img decoding=\"async\" class=\"size-medium wp-image-2951\" src=\"https:\/\/vapestornado.com\/wp-content\/uploads\/2024\/12\/Wholesale-Disposable-Vape-265x300.jpg\" alt=\"Veleprodaja Vape za Enkratno Uporabo\" width=\"265\" height=\"300\" srcset=\"https:\/\/vapestornado.com\/wp-content\/uploads\/2024\/12\/Wholesale-Disposable-Vape-265x300.jpg 265w, https:\/\/vapestornado.com\/wp-content\/uploads\/2024\/12\/Wholesale-Disposable-Vape-768x871.jpg 768w, https:\/\/vapestornado.com\/wp-content\/uploads\/2024\/12\/Wholesale-Disposable-Vape-600x680.jpg 600w, https:\/\/vapestornado.com\/wp-content\/uploads\/2024\/12\/Wholesale-Disposable-Vape.jpg 823w\" sizes=\"(max-width: 265px) 100vw, 265px\" \/><figcaption id=\"caption-attachment-2951\" class=\"wp-caption-text\">Za Zni\u017eano Ceno se Obrnite na Mandy na WhatsApp\u00a0 <a href=\"https:\/\/wa.me\/8618077105796\">+8618077105796<\/a><\/figcaption><\/figure>\n<p>&nbsp;<\/p>","protected":false},"featured_media":3117,"comment_status":"open","ping_status":"closed","template":"","meta":{"_acf_changed":false,"_uag_custom_page_level_css":"","_lmt_disableupdate":"no","_lmt_disable":"","_monsterinsights_skip_tracking":false,"_monsterinsights_sitenote_active":false,"_monsterinsights_sitenote_note":"","_monsterinsights_sitenote_category":0,"site-sidebar-layout":"default","site-content-layout":"","ast-site-content-layout":"default","site-content-style":"default","site-sidebar-style":"default","ast-global-header-display":"","ast-banner-title-visibility":"","ast-main-header-display":"","ast-hfb-above-header-display":"","ast-hfb-below-header-display":"","ast-hfb-mobile-header-display":"","site-post-title":"","ast-breadcrumbs-content":"","ast-featured-img":"","footer-sml-layout":"","ast-disable-related-posts":"","theme-transparent-header-meta":"default","adv-header-id-meta":"","stick-header-meta":"","header-above-stick-meta":"","header-main-stick-meta":"","header-below-stick-meta":"","astra-migrate-meta-layouts":"set","ast-page-background-enabled":"default","ast-page-background-meta":{"desktop":{"background-color":"","background-image":"","background-repeat":"repeat","background-position":"center center","background-size":"auto","background-attachment":"scroll","background-type":"","background-media":"","overlay-type":"","overlay-color":"","overlay-opacity":"","overlay-gradient":""},"tablet":{"background-color":"","background-image":"","background-repeat":"repeat","background-position":"center center","background-size":"auto","background-attachment":"scroll","background-type":"","background-media":"","overlay-type":"","overlay-color":"","overlay-opacity":"","overlay-gradient":""},"mobile":{"background-color":"","background-image":"","background-repeat":"repeat","background-position":"center center","background-size":"auto","background-attachment":"scroll","background-type":"","background-media":"","overlay-type":"","overlay-color":"","overlay-opacity":"","overlay-gradient":""}},"ast-content-background-meta":{"desktop":{"background-color":"var(--ast-global-color-5)","background-image":"","background-repeat":"repeat","background-position":"center center","background-size":"auto","background-attachment":"scroll","background-type":"","background-media":"","overlay-type":"","overlay-color":"","overlay-opacity":"","overlay-gradient":""},"tablet":{"background-color":"var(--ast-global-color-5)","background-image":"","background-repeat":"repeat","background-position":"center center","background-size":"auto","background-attachment":"scroll","background-type":"","background-media":"","overlay-type":"","overlay-color":"","overlay-opacity":"","overlay-gradient":""},"mobile":{"background-color":"var(--ast-global-color-5)","background-image":"","background-repeat":"repeat","background-position":"center center","background-size":"auto","background-attachment":"scroll","background-type":"","background-media":"","overlay-type":"","overlay-color":"","overlay-opacity":"","overlay-gradient":""}},"_joinchat":{"telephone":"+8618077105796"}},"product_brand":[],"product_cat":[58,74,153,154,148],"product_tag":[97,127],"class_list":{"0":"post-3103","1":"product","2":"type-product","3":"status-publish","4":"has-post-thumbnail","6":"product_cat-fumot-vape","7":"product_cat-7000-puff","8":"product_cat-buy-disposable-vapes-in-italy","9":"product_cat-buy-disposable-vapes-in-netherlands","10":"product_cat-tornado-disposable-vapes","11":"product_tag-hot-sale-disposable-vape","12":"product_tag-randm-tornado-7000","13":"desktop-align-left","14":"tablet-align-left","15":"mobile-align-left","17":"first","18":"instock","19":"sale","20":"shipping-taxable","21":"purchasable","22":"product-type-simple"},"acf":[],"uagb_featured_image_src":{"full":["https:\/\/vapestornado.com\/wp-content\/uploads\/2024\/12\/Randm-7000-Puff-Strawberry-Watermelon-Lemonade.jpg",800,800,false],"thumbnail":["https:\/\/vapestornado.com\/wp-content\/uploads\/2024\/12\/Randm-7000-Puff-Strawberry-Watermelon-Lemonade-150x150.jpg",150,150,true],"medium":["https:\/\/vapestornado.com\/wp-content\/uploads\/2024\/12\/Randm-7000-Puff-Strawberry-Watermelon-Lemonade-300x300.jpg",300,300,true],"medium_large":["https:\/\/vapestornado.com\/wp-content\/uploads\/2024\/12\/Randm-7000-Puff-Strawberry-Watermelon-Lemonade-768x768.jpg",768,768,true],"large":["https:\/\/vapestornado.com\/wp-content\/uploads\/2024\/12\/Randm-7000-Puff-Strawberry-Watermelon-Lemonade.jpg",800,800,false],"1536x1536":["https:\/\/vapestornado.com\/wp-content\/uploads\/2024\/12\/Randm-7000-Puff-Strawberry-Watermelon-Lemonade.jpg",800,800,false],"2048x2048":["https:\/\/vapestornado.com\/wp-content\/uploads\/2024\/12\/Randm-7000-Puff-Strawberry-Watermelon-Lemonade.jpg",800,800,false],"trp-custom-language-flag":["https:\/\/vapestornado.com\/wp-content\/uploads\/2024\/12\/Randm-7000-Puff-Strawberry-Watermelon-Lemonade.jpg",12,12,false],"woocommerce_thumbnail":["https:\/\/vapestornado.com\/wp-content\/uploads\/2024\/12\/Randm-7000-Puff-Strawberry-Watermelon-Lemonade-300x300.jpg",300,300,true],"woocommerce_single":["https:\/\/vapestornado.com\/wp-content\/uploads\/2024\/12\/Randm-7000-Puff-Strawberry-Watermelon-Lemonade-600x600.jpg",600,600,true],"woocommerce_gallery_thumbnail":["https:\/\/vapestornado.com\/wp-content\/uploads\/2024\/12\/Randm-7000-Puff-Strawberry-Watermelon-Lemonade-100x100.jpg",100,100,true]},"uagb_author_info":{"display_name":"ESMANDY","author_link":"https:\/\/vapestornado.com\/sl\/author\/"},"uagb_comment_info":0,"uagb_excerpt":"Grab Randm Tornado 7000 Puffs at a Discount Price Today Affordable Wholesale Price for Randm Tornado 7000 Puffs Vapes Bulk Buy Randm Tornado 7000 Puff Vape for Maximum Savings [caption id=\"attachment_2951\" align=\"alignnone\" width=\"265\"] Pls Contact Mandy's WhatsApp For Discount Price\u00a0 +8618077105796[\/caption] &nbsp;","_links":{"self":[{"href":"https:\/\/vapestornado.com\/sl\/wp-json\/wp\/v2\/product\/3103","targetHints":{"allow":["GET"]}}],"collection":[{"href":"https:\/\/vapestornado.com\/sl\/wp-json\/wp\/v2\/product"}],"about":[{"href":"https:\/\/vapestornado.com\/sl\/wp-json\/wp\/v2\/types\/product"}],"replies":[{"embeddable":true,"href":"https:\/\/vapestornado.com\/sl\/wp-json\/wp\/v2\/comments?post=3103"}],"wp:featuredmedia":[{"embeddable":true,"href":"https:\/\/vapestornado.com\/sl\/wp-json\/wp\/v2\/media\/3117"}],"wp:attachment":[{"href":"https:\/\/vapestornado.com\/sl\/wp-json\/wp\/v2\/media?parent=3103"}],"wp:term":[{"taxonomy":"product_brand","embeddable":true,"href":"https:\/\/vapestornado.com\/sl\/wp-json\/wp\/v2\/product_brand?post=3103"},{"taxonomy":"product_cat","embeddable":true,"href":"https:\/\/vapestornado.com\/sl\/wp-json\/wp\/v2\/product_cat?post=3103"},{"taxonomy":"product_tag","embeddable":true,"href":"https:\/\/vapestornado.com\/sl\/wp-json\/wp\/v2\/product_tag?post=3103"}],"curies":[{"name":"wp","href":"https:\/\/api.w.org\/{rel}","templated":true}]}}