{"id":3101,"date":"2024-12-12T09:12:28","date_gmt":"2024-12-12T09:12:28","guid":{"rendered":"https:\/\/vapestornado.com\/?post_type=product&#038;p=3101"},"modified":"2025-12-05T08:52:27","modified_gmt":"2025-12-05T08:52:27","slug":"jnr-falcon-x-18000-puffs-disposable-vape-wholesale-price","status":"publish","type":"product","link":"https:\/\/vapestornado.com\/sl\/product\/jnr-falcon-x-18000-puffs-disposable-vape-wholesale-price\/","title":{"rendered":"Veleprodajna cena za JNR Falcon X 18000 Vpihov za enkratno uporabo"},"content":{"rendered":"<h1 class=\"product-title\">Veleprodajna cena za JNR Falcon X 18000 Vpihov za enkratno uporabo<\/h1>\n<p data-start=\"1154\" data-end=\"1343\">JNR Falcon X 18000 zagotavlja 18.000 vdihov z dvojno mre\u017eno tuljavo, 950mAh baterijo Type-C za polnjenje in HD zaslon za status\u2014zgrajen za stabilen okus in dolgo dnevno uporabo brez padca pri pe\u010denju.<\/p>\n<p data-start=\"567\" data-end=\"897\"><strong data-start=\"567\" data-end=\"608\">Kapaciteta 18K, ki ustreza resni\u010dnim rutinam.<\/strong><br data-start=\"608\" data-end=\"611\" \/>The <strong data-start=\"615\" data-end=\"653\">JNR Falcon X 18000 enkratna e-cigaretka<\/strong> je narejena za dalj\u0161e vo\u017enje, ne za kratke. Pri <strong data-start=\"700\" data-end=\"722\">do 18.000 vdihov<\/strong>, zmanj\u0161uje pogostost zamenjave v primerjavi z manj\u0161imi enkratnimi. Za vsakogar, ki vape skozi delovne dni in vikende, je to pomembneje od razko\u0161nih dodatkov.<\/p>\n<p data-start=\"899\" data-end=\"1149\"><strong data-start=\"899\" data-end=\"936\">Dvojne mre\u017ene tuljave za stabilen okus.<\/strong><br data-start=\"936\" data-end=\"939\" \/>Znotraj, <strong data-start=\"949\" data-end=\"974\">sistem z dvojno mre\u017easto tuljavo<\/strong> enakomerno razporeja toploto. To ohranja gladek poteg in pomaga prepre\u010diti ostre, pe\u010dene robove, ki se pojavijo pri \u0161ibkej\u0161ih napravah z veliko vdihi. Okus ostaja dosleden globlje v rezervoarju.<\/p>\n<p data-start=\"1151\" data-end=\"1400\"><strong data-start=\"1151\" data-end=\"1192\">Velika baterija za polnjenje z Type-C.<\/strong><br data-start=\"1192\" data-end=\"1195\" \/>A <strong data-start=\"1197\" data-end=\"1215\">950mAh baterija<\/strong> poganja to napravo, in je polnljiva. Ko se baterija izprazni, hitro <strong data-start=\"1294\" data-end=\"1311\">polnjenje s Type-C<\/strong> narediti, da se vrne v uporabo, tako da teko\u010dina ne gre v ni\u010desar, ker se napajanje najprej izklopi.<\/p>\n<p data-start=\"1402\" data-end=\"1619\"><strong data-start=\"1402\" data-end=\"1437\">HD zaslon za preprostost.<\/strong><br data-start=\"1437\" data-end=\"1440\" \/>Zaslon prikazuje <strong data-start=\"1457\" data-end=\"1493\">nivo baterije in nivo e teko\u010dine<\/strong> v realnem \u010dasu. Uporabniki lahko hitro vidijo, kaj je preostalo, se napolnijo pred izpustom mo\u010di in se izognejo presene\u010denim suhim vdihom proti koncu.<\/p>\n<p data-start=\"1621\" data-end=\"1892\"><strong data-start=\"1621\" data-end=\"1660\">Mo\u017enosti z nizko nikotinom za nadzorovano uporabo.<\/strong><br data-start=\"1660\" data-end=\"1663\" \/>Ta model je na voljo z ni\u017ejimi izbiro nikotina za ljudi, ki \u017eelijo bolj stabilen, manj agresiven vdih. To naredi <strong data-start=\"1782\" data-end=\"1802\">JNR 18K Falcon X<\/strong> prakti\u010den korak za kadilce, ki \u017eelijo ve\u010d nadzora nad vnosom brez opu\u0161\u010danja \u010dasa delovanja.<\/p>\n<p><strong>Dodajte Amy na Whatsapp in prejmite takoj\u0161en odgovor ter kupon za vape!<\/strong><\/p>\n<p><img fetchpriority=\"high\" decoding=\"async\" class=\"size-full wp-image-2932\" src=\"https:\/\/vapestornado.com\/wp-content\/uploads\/2024\/12\/Vape-Wholesale.jpg\" alt=\"Vape Veleprodaja\" width=\"229\" height=\"300\" \/><\/p>\n<h3><a href=\"https:\/\/wa.me\/8617776015835\" target=\"_blank\" rel=\"noopener\"><span style=\"color: #ff0000;\"><strong>WhatsApp: +386 17776015835<\/strong><\/span><\/a><\/h3>\n<p>&nbsp;<\/p>\n<h2><strong>JNR Falcon X 18000 Lastnosti izdelka<\/strong><\/h2>\n<div role=\"article\" data-tabster=\"{&quot;groupper&quot;:{&quot;tabbability&quot;:2},&quot;focusable&quot;:{}}\" data-content=\"ai-message\" aria-labelledby=\"juhNTJ6o7Gk1cgwZMJgv2-author juhNTJ6o7Gk1cgwZMJgv2-content\">\n<div id=\"juhNTJ6o7Gk1cgwZMJgv2-content\">\n<div role=\"article\" data-tabster=\"{&quot;groupper&quot;:{&quot;tabbability&quot;:2},&quot;focusable&quot;:{}}\" data-content=\"ai-message\" aria-labelledby=\"x4EZuCZWrTbh3weWUt7CU-author x4EZuCZWrTbh3weWUt7CU-content\">\n<div id=\"x4EZuCZWrTbh3weWUt7CU-content\">\n<table>\n<thead>\n<tr>\n<th>Zna\u010dilnost \/ Parameter<\/th>\n<th align=\"right\">Spec<\/th>\n<th>Razlaga<\/th>\n<\/tr>\n<\/thead>\n<tbody>\n<tr>\n<td>Ime izdelka<\/td>\n<td align=\"right\">JNR Falcon X 18000 Vpihov Vape za Enkratno Uporabo<\/td>\n<td>Jasno poimenovanje za ponovne naro\u010dila in iskanje.<\/td>\n<\/tr>\n<tr>\n<td>Zmogljivost vdihovanja<\/td>\n<td align=\"right\">Do 18.000 potiskov<\/td>\n<td>Dolgotrajna uporaba; manj zamenjav naprav.<\/td>\n<\/tr>\n<tr>\n<td>Vrsta Tuljave<\/td>\n<td align=\"right\">Dvojne mre\u017easte tuljave<\/td>\n<td>Enakomerno segrevanje = bolj gladek vapor, stabilnej\u0161i okus, manj za\u017eganih udarcev.<\/td>\n<\/tr>\n<tr>\n<td>Baterija<\/td>\n<td align=\"right\">950mAh polnljiva baterija<\/td>\n<td>Dovolj mo\u010dan za uporabo z visokim \u0161tevilom potiskov; ponovno polnjenje za dokon\u010danje rezervoarja.<\/td>\n<\/tr>\n<tr>\n<td>Polnjenje<\/td>\n<td align=\"right\">USB Type-C hitri polnilec<\/td>\n<td>Standardni kabel; kraj\u0161i \u010das izpada delovanja.<\/td>\n<\/tr>\n<tr>\n<td>Zaslon<\/td>\n<td align=\"right\">HD zaslon (baterija + e-teko\u010dina)<\/td>\n<td>Prikazuje preostalo mo\u010d in teko\u010dino, da ostanete pod nadzorom.<\/td>\n<\/tr>\n<tr>\n<td>Mo\u017enosti nikotina<\/td>\n<td align=\"right\">Variantne z nizko vsebnostjo nikotina<\/td>\n<td>Primeren za uporabnike, ki \u017eelijo la\u017eji dnevni udarec.<\/td>\n<\/tr>\n<tr>\n<td>Zgradba<\/td>\n<td align=\"right\">Kompaktno, vzdr\u017eljivo telo<\/td>\n<td>Enostavno za prena\u0161anje; zdr\u017ei do dnevne uporabe v \u017eepu.<\/td>\n<\/tr>\n<tr>\n<td>Target Fit<\/td>\n<td align=\"right\">Maloprodaja in veleprodaja v Sloveniji 2025<\/td>\n<td>Segment z visoko kapaciteto z zahtevami po ponovni prodaji.<\/td>\n<\/tr>\n<\/tbody>\n<\/table>\n<\/div>\n<\/div>\n<\/div>\n<\/div>\n<h2 class=\"product-title\"><strong>JNR Falcon X 18000 Seznam okusov<\/strong><\/h2>\n<p>1. Modra Razz Ice<br \/>\n2. Borovnica Rde\u010da malina<br \/>\n3. Cool Mint<br \/>\n4. Kivi Lubenica Led<br \/>\n5. Grozdni Led<br \/>\n6. Jagoda Kivi<br \/>\n7. Jagoda Lubenica Led<br \/>\n8. Lubenica Led<br \/>\n9. Jagodni Led<br \/>\n10. Me\u0161ano Jagodi\u010devje<br \/>\n11. Lubeni\u010dni \u017dve\u010dilni Gumi<br \/>\n12. Kislo Jabolko Led<br \/>\n13. Breskev Led<br \/>\n14. Berry Burst<br \/>\n15. Borovnica Malina \u010ce\u0161nja<br \/>\n16. \u010ce\u0161nja Berry<br \/>\n17. Jagoda Banana<br \/>\n18. Borovnica Kivi<br \/>\n19. Pasijonka Kivi<br \/>\n20. Bela Breskev Razz<br \/>\n21. Modra Razz \u010ce\u0161nja<br \/>\n22. \u010ce\u0161nja Lubenica Freeze<br \/>\n23. \u010ce\u0161nja Cola<br \/>\n24. Banana Ice<br \/>\n25. Skittles<br \/>\n26. Trojna Melona<br \/>\n27. Mr.Blue<br \/>\n28. \u010ce\u0161nja Ice<br \/>\n29. Lubenica Li\u010di<\/p>\n<h3>Zakaj izbrati vapestornado za veleprodajo JNR 18000 Puff Vape?<\/h3>\n<div class=\"flex-shrink-0 flex flex-col relative items-end\">\n<div class=\"pt-0\">\n<div class=\"gizmo-bot-avatar flex h-8 w-8 items-center justify-center overflow-hidden rounded-full\">\n<div class=\"relative p-1 rounded-sm flex items-center justify-center bg-token-main-surface-primary text-token-text-primary h-8 w-8\">\n<p>Dobrodo\u0161li v vapestornadu, va\u0161i zaupanja vredni spletni trgovini z veipi za vrhunske veipe za enkratno uporabo. Z ve\u010d kot 5-letnimi izku\u0161njami vam prina\u0161amo priljubljene blagovne znamke veipov za enkratno uporabo, kot so Fumot RandM Vape, <a href=\"https:\/\/vapestornado.com\/sl\/product\/vapme-crystal-7000-puffs-rechargeable-disposable-vape-wholesale-cheap-price\/\">Vapme<\/a>, Bang Vape, Waspe Vape in WGA Vape, itd.<\/p>\n<p>Na\u0161a ponudba vklju\u010duje vro\u010de prodajane veipe, kot je <a href=\"https:\/\/vapestornado.com\/sl\/product\/fumot-randm-tornado-15000-puffs-rechargeable-disposable-vape-wholesale\/\">RandM Tornado 15000<\/a>, in izbire, bogate z okusi, kot je <a href=\"https:\/\/vapestornado.com\/sl\/product\/waspe-40000-puffs-double-flavour-led-display-disposable-vape-wholesale\/\">WASPE Dvojni okus 40000 vdihov<\/a> Vsak izdelek je izbran s poudarkom na kakovosti, vrednosti in raznolikosti, kar zagotavlja, da boste na\u0161li popolno ujemanje za svoje potrebe. Odkrijte izjemno storitev in \u0161iroko paleto vrhunskih izdelkov po veleprodajni ceni pri vapestornado.<\/p>\n<\/div>\n<h3><\/h3>\n<div class=\"relative p-1 rounded-sm flex items-center justify-center bg-token-main-surface-primary text-token-text-primary h-8 w-8\">\n<h3>Pogosta vpra\u0161anja za JNR Falcon X 18k Puff Disposable Vape<\/h3>\n<p data-start=\"2922\" data-end=\"3135\"><strong data-start=\"2922\" data-end=\"2995\">1. Ali potrebujem poseben polnilec za JNR Falcon X 18K disposable?<\/strong><br data-start=\"2995\" data-end=\"2998\" \/>Ne. The <strong data-start=\"3006\" data-end=\"3042\">JNR Falcon X 18K disposable vape<\/strong> se polni z obi\u010dajnim <strong data-start=\"3065\" data-end=\"3079\">USB Tip-C<\/strong>, zato bo deloval kateri koli obi\u010dajen kabel Type-C in varen adapter.<\/p>\n<p data-start=\"3137\" data-end=\"3403\"><strong data-start=\"3137\" data-end=\"3216\">2. Kako dolgo traja JNR Falcon X 18000 potiskov vape za dnevnega kadilca?<\/strong><br data-start=\"3216\" data-end=\"3219\" \/>To je odvisno od uporabe, vendar ve\u010dina vsakodnevnih uporabnikov dose\u017ee precej dalj\u0161o delovno dobo kot z 5k\u201310k napravami, ker je <strong data-start=\"3321\" data-end=\"3349\">JNR Falcon X 18000 Vdihov<\/strong> zdru\u017euje visoko oceno vdihov z mo\u017enostjo polnjenja z baterijo.<\/p>\n<p data-start=\"3405\" data-end=\"3635\"><strong data-start=\"3405\" data-end=\"3471\">3. Ali JNR Falcon X 18K prepre\u010duje pe\u010den okus blizu konca?<\/strong><br data-start=\"3471\" data-end=\"3474\" \/>The <strong data-start=\"3478\" data-end=\"3497\">dvojne mre\u017easte tuljave<\/strong> v <strong data-start=\"3505\" data-end=\"3525\">JNR 18K Falcon X<\/strong> enakomerno segreva in je zasnovan za zmanj\u0161anje poznih pe\u010denih vdihov, ki se pogosto pojavijo pri napravah z visoko kapaciteto.<\/p>\n<p data-start=\"3637\" data-end=\"3918\"><strong data-start=\"3637\" data-end=\"3714\">4. Je razli\u010dica JNR Falcon X 18000 z nizko vsebnostjo nikotina primerna za zmanj\u0161evanje?<\/strong><br data-start=\"3714\" data-end=\"3717\" \/>Da. <strong data-start=\"3726\" data-end=\"3772\">JNR Falcon X 18000 disposable vape z nizko vsebnostjo nikotina<\/strong> je pogosto izbrana s strani uporabnikov, ki \u017eelijo la\u017eji dnevni vdih, hkrati pa \u017eelijo imeti trajno napravo, da ne bi preve\u010d zamenjevali (ali preve\u010d uporabljali) manj\u0161ih enot.<\/p>\n<p data-start=\"3920\" data-end=\"4186\"><strong data-start=\"3920\" data-end=\"3989\">5. Ali lahko prinesem enoto JNR Falcon X 18000 na letalo?<\/strong><br data-start=\"3989\" data-end=\"3992\" \/>Ve\u010dina letalskih dru\u017eb dovoljuje disposable naprave samo v <strong data-start=\"4032\" data-end=\"4052\">ro\u010dna prtljaga<\/strong>, ne v oddani prtljagi, zaradi pravil o baterijah. Ohranite <strong data-start=\"4103\" data-end=\"4141\">JNR Falcon X 18000 enkratna e-cigaretka<\/strong> zaprt in sledite letalskim\/regionalnim predpisom.<\/p>\n<\/div>\n<\/div>\n<\/div>\n<\/div>","protected":false},"excerpt":{"rendered":"<p>Veleprodaja JNR Falcon X 18000 Vpihov za Enkratno Uporabo<br \/>\nJNR Bar 18000 VPIHOV Kristalni Vape za Enkratno Uporabo<br \/>\nJNR Falcon X 18000 Vpihov Digitalni Vape za Enkratno Uporabo<\/p>\n<p><strong>Dodajte Amy na WhatsApp in prejmite takoj\u0161en odgovor ter kupon za vape!<\/strong><\/p>\n<p><img fetchpriority=\"high\" decoding=\"async\" class=\"size-full wp-image-2932\" src=\"https:\/\/vapestornado.com\/wp-content\/uploads\/2024\/12\/Vape-Wholesale.jpg\" alt=\"Vape Veleprodaja\" width=\"229\" height=\"300\" \/><\/p>\n<h3><a href=\"https:\/\/wa.me\/8617776015835\"><span style=\"color: #ff0000;\"><strong>WhatsApp: +386 17776015835<\/strong><\/span><\/a><\/h3>\n<p>&nbsp;<\/p>","protected":false},"featured_media":3089,"comment_status":"open","ping_status":"closed","template":"","meta":{"_acf_changed":false,"_uag_custom_page_level_css":"","_lmt_disableupdate":"no","_lmt_disable":"","_monsterinsights_skip_tracking":false,"_monsterinsights_sitenote_active":false,"_monsterinsights_sitenote_note":"","_monsterinsights_sitenote_category":0,"site-sidebar-layout":"default","site-content-layout":"","ast-site-content-layout":"default","site-content-style":"default","site-sidebar-style":"default","ast-global-header-display":"","ast-banner-title-visibility":"","ast-main-header-display":"","ast-hfb-above-header-display":"","ast-hfb-below-header-display":"","ast-hfb-mobile-header-display":"","site-post-title":"","ast-breadcrumbs-content":"","ast-featured-img":"","footer-sml-layout":"","ast-disable-related-posts":"","theme-transparent-header-meta":"default","adv-header-id-meta":"","stick-header-meta":"","header-above-stick-meta":"","header-main-stick-meta":"","header-below-stick-meta":"","astra-migrate-meta-layouts":"set","ast-page-background-enabled":"default","ast-page-background-meta":{"desktop":{"background-color":"","background-image":"","background-repeat":"repeat","background-position":"center center","background-size":"auto","background-attachment":"scroll","background-type":"","background-media":"","overlay-type":"","overlay-color":"","overlay-opacity":"","overlay-gradient":""},"tablet":{"background-color":"","background-image":"","background-repeat":"repeat","background-position":"center center","background-size":"auto","background-attachment":"scroll","background-type":"","background-media":"","overlay-type":"","overlay-color":"","overlay-opacity":"","overlay-gradient":""},"mobile":{"background-color":"","background-image":"","background-repeat":"repeat","background-position":"center center","background-size":"auto","background-attachment":"scroll","background-type":"","background-media":"","overlay-type":"","overlay-color":"","overlay-opacity":"","overlay-gradient":""}},"ast-content-background-meta":{"desktop":{"background-color":"var(--ast-global-color-5)","background-image":"","background-repeat":"repeat","background-position":"center center","background-size":"auto","background-attachment":"scroll","background-type":"","background-media":"","overlay-type":"","overlay-color":"","overlay-opacity":"","overlay-gradient":""},"tablet":{"background-color":"var(--ast-global-color-5)","background-image":"","background-repeat":"repeat","background-position":"center center","background-size":"auto","background-attachment":"scroll","background-type":"","background-media":"","overlay-type":"","overlay-color":"","overlay-opacity":"","overlay-gradient":""},"mobile":{"background-color":"var(--ast-global-color-5)","background-image":"","background-repeat":"repeat","background-position":"center center","background-size":"auto","background-attachment":"scroll","background-type":"","background-media":"","overlay-type":"","overlay-color":"","overlay-opacity":"","overlay-gradient":""}},"_joinchat":{"telephone":"+8617776015835"}},"product_brand":[],"product_cat":[70,151,141,76],"product_tag":[97,136,479,134,135,94],"class_list":{"0":"post-3101","1":"product","2":"type-product","3":"status-publish","4":"has-post-thumbnail","6":"product_cat-18000-puff","7":"product_cat-buy-disposable-vapes-in-france","8":"product_cat-crystal-disposable-vapes","9":"product_cat-jnr-vape","10":"product_tag-hot-sale-disposable-vape","11":"product_tag-jnr-18000","12":"product_tag-jnr-18k","13":"product_tag-jnr-falcon-x-18000","14":"product_tag-jnr-vape","15":"product_tag-rechargeable-disposable-vape","16":"desktop-align-left","17":"tablet-align-left","18":"mobile-align-left","20":"first","21":"instock","22":"sale","23":"shipping-taxable","24":"purchasable","25":"product-type-simple"},"acf":[],"uagb_featured_image_src":{"full":["https:\/\/vapestornado.com\/wp-content\/uploads\/2024\/12\/JNR-Falcon-X-18000-Digital-Disposable-Vape.jpg",1126,1130,false],"thumbnail":["https:\/\/vapestornado.com\/wp-content\/uploads\/2024\/12\/JNR-Falcon-X-18000-Digital-Disposable-Vape-150x150.jpg",150,150,true],"medium":["https:\/\/vapestornado.com\/wp-content\/uploads\/2024\/12\/JNR-Falcon-X-18000-Digital-Disposable-Vape-300x300.jpg",300,300,true],"medium_large":["https:\/\/vapestornado.com\/wp-content\/uploads\/2024\/12\/JNR-Falcon-X-18000-Digital-Disposable-Vape-768x771.jpg",768,771,true],"large":["https:\/\/vapestornado.com\/wp-content\/uploads\/2024\/12\/JNR-Falcon-X-18000-Digital-Disposable-Vape-1020x1024.jpg",1020,1024,true],"1536x1536":["https:\/\/vapestornado.com\/wp-content\/uploads\/2024\/12\/JNR-Falcon-X-18000-Digital-Disposable-Vape.jpg",1126,1130,false],"2048x2048":["https:\/\/vapestornado.com\/wp-content\/uploads\/2024\/12\/JNR-Falcon-X-18000-Digital-Disposable-Vape.jpg",1126,1130,false],"trp-custom-language-flag":["https:\/\/vapestornado.com\/wp-content\/uploads\/2024\/12\/JNR-Falcon-X-18000-Digital-Disposable-Vape.jpg",12,12,false],"woocommerce_thumbnail":["https:\/\/vapestornado.com\/wp-content\/uploads\/2024\/12\/JNR-Falcon-X-18000-Digital-Disposable-Vape-300x300.jpg",300,300,true],"woocommerce_single":["https:\/\/vapestornado.com\/wp-content\/uploads\/2024\/12\/JNR-Falcon-X-18000-Digital-Disposable-Vape-600x602.jpg",600,602,true],"woocommerce_gallery_thumbnail":["https:\/\/vapestornado.com\/wp-content\/uploads\/2024\/12\/JNR-Falcon-X-18000-Digital-Disposable-Vape-100x100.jpg",100,100,true]},"uagb_author_info":{"display_name":"ESAMY","author_link":"https:\/\/vapestornado.com\/sl\/author\/"},"uagb_comment_info":0,"uagb_excerpt":"JNR Falcon X 18000 Puffs Disposable Vape Wholesale JNR Bar 18000 PUFFS Crystal Disposable Vape JNR Falcon X 18000 Puffs Digital Disposable Vape Add Amy's whatsapp get right reply and vape vape coupon! WhatsApp: +86 17776015835 &nbsp;","_links":{"self":[{"href":"https:\/\/vapestornado.com\/sl\/wp-json\/wp\/v2\/product\/3101","targetHints":{"allow":["GET"]}}],"collection":[{"href":"https:\/\/vapestornado.com\/sl\/wp-json\/wp\/v2\/product"}],"about":[{"href":"https:\/\/vapestornado.com\/sl\/wp-json\/wp\/v2\/types\/product"}],"replies":[{"embeddable":true,"href":"https:\/\/vapestornado.com\/sl\/wp-json\/wp\/v2\/comments?post=3101"}],"wp:featuredmedia":[{"embeddable":true,"href":"https:\/\/vapestornado.com\/sl\/wp-json\/wp\/v2\/media\/3089"}],"wp:attachment":[{"href":"https:\/\/vapestornado.com\/sl\/wp-json\/wp\/v2\/media?parent=3101"}],"wp:term":[{"taxonomy":"product_brand","embeddable":true,"href":"https:\/\/vapestornado.com\/sl\/wp-json\/wp\/v2\/product_brand?post=3101"},{"taxonomy":"product_cat","embeddable":true,"href":"https:\/\/vapestornado.com\/sl\/wp-json\/wp\/v2\/product_cat?post=3101"},{"taxonomy":"product_tag","embeddable":true,"href":"https:\/\/vapestornado.com\/sl\/wp-json\/wp\/v2\/product_tag?post=3101"}],"curies":[{"name":"wp","href":"https:\/\/api.w.org\/{rel}","templated":true}]}}