{"id":3083,"date":"2024-12-11T09:26:24","date_gmt":"2024-12-11T09:26:24","guid":{"rendered":"https:\/\/vapestornado.com\/?post_type=product&#038;p=3083"},"modified":"2025-08-23T11:13:51","modified_gmt":"2025-08-23T11:13:51","slug":"randm-vape-tornado-7000-puffs-disposable-vape-bulk-buy-price-germany","status":"publish","type":"product","link":"https:\/\/vapestornado.com\/sl\/product\/randm-vape-tornado-7000-puffs-disposable-vape-bulk-buy-price-germany\/","title":{"rendered":"RandM Vape Tornado 7000 Vpihov Vape za Enkratno Uporabo Nakup v Razsutem Stanju Cena Nem\u010dija"},"content":{"rendered":"<h1 class=\"product-title\">RandM Vape Tornado 7000 Vpihov Vape za Enkratno Uporabo Nakup v Razsutem Stanju Cena Nem\u010dija<\/h1>\n<p data-start=\"178\" data-end=\"507\">The <strong data-start=\"182\" data-end=\"220\">RandM Tornado 7000 Vape za enkratno uporabo<\/strong> je mo\u010dan prodajalec na nem\u0161kem trgu, ki zdru\u017euje zanesljivo delovanje s \u0161iroko paleto okusov po konkuren\u010dni ceni <strong data-start=\"336\" data-end=\"354\">veleprodajno ceno<\/strong>. Z do <strong data-start=\"367\" data-end=\"391\">7.000 vpihov na enoto<\/strong>, ta model ponuja trgovcem na drobno cenovno ugodno, a trpe\u017eno mo\u017enost za stranke, ki i\u0161\u010dejo okus in udobje.<span id=\"1\" class=\"notranslate immersive-translate-target-wrapper\" lang=\"zh-CN\" translate=\"no\" data-immersive-translate-loading-id=\"\">\u00a0 <\/span><\/p>\n<p data-start=\"509\" data-end=\"785\">Opremljen z <strong data-start=\"525\" data-end=\"557\">baterija za ponovno polnjenje 1000 mAh<\/strong> in <strong data-start=\"562\" data-end=\"586\">hitro polnjenje Type-C<\/strong>, RandM 7K zagotavlja neprekinjeno uporabo brez izgubljene e-teko\u010dine. En <strong data-start=\"654\" data-end=\"683\">nastavljiv sistem pretoka zraka<\/strong> omogo\u010da uporabnikom preklapljanje med tesnej\u0161imi ali bolj odprtimi vleki, zaradi \u010desar je primeren za razli\u010dne preference.<\/p>\n<p data-start=\"787\" data-end=\"1022\">S <strong data-start=\"792\" data-end=\"816\">56 razli\u010dnih okusov<\/strong> od sadnih do sladic, ta naprava zadovoljuje razli\u010dne nem\u0161ke baze strank. The <strong data-start=\"915\" data-end=\"938\">format z nizko vsebnostjo nikotina<\/strong> (2% ali manj) je privla\u010dna mo\u017enost za uporabnike vape, ki i\u0161\u010dejo bolj gladke seje.<\/p>\n<p data-start=\"1024\" data-end=\"1096\">Za distributerje in lastnike trgovin <strong data-start=\"1062\" data-end=\"1084\">RandM Tornado 7000<\/strong> zagotavlja:<\/p>\n<ul data-start=\"1097\" data-end=\"1349\">\n<li data-start=\"1097\" data-end=\"1151\">\n<p data-start=\"1099\" data-end=\"1151\">Srednje velika zmogljivost vpihov, idealna za vsakodnevno prodajo<\/p>\n<\/li>\n<li data-start=\"1152\" data-end=\"1200\">\n<p data-start=\"1154\" data-end=\"1200\">\u0160irok katalog okusov za ponovne nakupe<\/p>\n<\/li>\n<li data-start=\"1201\" data-end=\"1257\">\n<p data-start=\"1203\" data-end=\"1257\">Polnilna zasnova, ki zmanj\u0161uje vra\u010dila in prito\u017ebe<\/p>\n<\/li>\n<li data-start=\"1258\" data-end=\"1349\">\n<p data-start=\"1260\" data-end=\"1349\"><strong data-start=\"1260\" data-end=\"1312\">Veleprodajno pakiranje in konkuren\u010dne cene za velike koli\u010dine<\/strong> prilagojeno trgoma EU in Nem\u010dije<\/p>\n<\/li>\n<\/ul>\n<p><strong>Dodajte Amy na Whatsapp in prejmite takoj\u0161en odgovor ter kupon za vape!<\/strong><\/p>\n<p><img fetchpriority=\"high\" decoding=\"async\" class=\"size-full wp-image-2932\" src=\"https:\/\/vapestornado.com\/wp-content\/uploads\/2024\/12\/Vape-Wholesale.jpg\" alt=\"Vape Veleprodaja\" width=\"229\" height=\"300\" \/><\/p>\n<h3><a href=\"https:\/\/wa.me\/8617776015835\" target=\"_blank\" rel=\"noopener\"><span style=\"color: #ff0000;\"><strong>WhatsApp: +386 17776015835<\/strong><\/span><\/a><\/h3>\n<p>&nbsp;<\/p>\n<h2><strong>RandM Tornado 7000 lastnosti izdelka<\/strong><\/h2>\n<p>Vgrajena 1000 mAh baterija<br \/>\nBaterija za ponovno polnjenje<br \/>\n7000 vdihov na napravo<br \/>\nNadzor pretoka zraka<br \/>\nNa voljo 56 okusov<br \/>\nPolnjenje prek kabla Type-C<\/p>\n<h2 class=\"product-title\"><strong>Seznam okusov RandM Tornado 7000<\/strong><\/h2>\n<p>1 Hladen mentol<br \/>\n2 Bujna ledena<br \/>\n3 Mandarina z ledom<br \/>\n4 Jagodni krof<br \/>\n5 Gumijasti medvedek<br \/>\n6 Borovnica na ledu<br \/>\n7 Mango na ledu<br \/>\n8 Breskev na ledu<br \/>\n9 Banana na ledu<br \/>\n10 Grozdje na ledu<br \/>\n11 Roza limonada<br \/>\n12 Pina Colada Rum<br \/>\n13 Me\u0161ano jagodi\u010devje<br \/>\n14 Bananin milkshake<br \/>\n15 Jagodna lubenica<br \/>\n16 Rde\u010de jabolko limona<br \/>\n17 Ananasov led<br \/>\n18 Sladkorna pena<br \/>\n19 Jagoda Banana<br \/>\n20 Jagodni led<br \/>\n21 Jagoda Kiwi<br \/>\n22.Rde\u010di energijski led<br \/>\n23.Modra malina limonada<br \/>\n24.Rde\u010de jabolko led<br \/>\n25.Jagodna limonada<br \/>\n26.Borovni\u010dni \u017eve\u010dilni gumi<br \/>\n27. Bluesour Malina<br \/>\n28. Dr. Blue<br \/>\n29. Jabolko Breskev Hru\u0161ka<br \/>\n30. Borovnica Granatno jabolko<br \/>\n31. Vimto<br \/>\n32. Kivi Marakuja Guava<br \/>\n33. Colaice<br \/>\n34. Kislo jabolko<br \/>\n35. \u010crni ribez Mentol<br \/>\n36. Tigrova kri<br \/>\n37. Breskev Borovni\u010dni bonbon<br \/>\n38. Breskev Mango<br \/>\n39. Jagoda Red Bull<br \/>\n40. \u010crni ribez Led<br \/>\n41. Jagoda Lubenica Limonada<br \/>\n42. \u010ce\u0161nja<br \/>\n43. Blue Razz \u010ce\u0161nja<br \/>\n44. Skittles<br \/>\n45. Borovnica Malina<br \/>\n46. Jagoda Grozdje<br \/>\n47. Borovnica \u010ce\u0161nja Brusnica<br \/>\n48. Eksplozija jabol\u010dnih jagod<br \/>\n49. \u010ce\u0161njeva kola<br \/>\n50. Limona<br \/>\n51. Roza eksplozija<br \/>\n52. Pacifi\u0161ki hladilnik<br \/>\n53. Ledena lizika<br \/>\n54. Bingo Crush<\/p>\n<h2>Zakaj izbrati vapestornado za veleprodajo vejpev Fumot RandM 7k?<\/h2>\n<div class=\"flex-shrink-0 flex flex-col relative items-end\">\n<div class=\"pt-0\">\n<div class=\"gizmo-bot-avatar flex h-8 w-8 items-center justify-center overflow-hidden rounded-full\">\n<div class=\"relative p-1 rounded-sm flex items-center justify-center bg-token-main-surface-primary text-token-text-primary h-8 w-8\">\n<p>Dobrodo\u0161li v vapestornadu, va\u0161i zaupanja vredni spletni trgovini z veipi za vrhunske veipe za enkratno uporabo. Z ve\u010d kot 5-letnimi izku\u0161njami vam prina\u0161amo priljubljene blagovne znamke veipov za enkratno uporabo, kot so Fumot RandM Vape, <a href=\"https:\/\/vapestornado.com\/sl\/product\/vapme-crystal-7000-puffs-rechargeable-disposable-vape-wholesale-cheap-price\/\">Vapme<\/a>, Bang Vape, Waspe Vape in WGA Vape, itd.<\/p>\n<p>Na\u0161a ponudba vklju\u010duje vro\u010de prodajane veipe, kot je <a href=\"https:\/\/vapestornado.com\/sl\/product\/fumot-randm-tornado-15000-puffs-rechargeable-disposable-vape-wholesale\/\">RandM Tornado 15000<\/a>, in izbire, bogate z okusi, kot je <a href=\"https:\/\/vapestornado.com\/sl\/product\/waspe-40000-puffs-double-flavour-led-display-disposable-vape-wholesale\/\">WASPE Dvojni okus 40000 vdihov<\/a> Vsak izdelek je izbran s poudarkom na kakovosti, vrednosti in raznolikosti, kar zagotavlja, da boste na\u0161li popolno ujemanje za svoje potrebe. Odkrijte izjemno storitev in \u0161iroko paleto vrhunskih izdelkov po veleprodajni ceni pri vapestornado.<\/p>\n<\/div>\n<h3><\/h3>\n<div class=\"relative p-1 rounded-sm flex items-center justify-center bg-token-main-surface-primary text-token-text-primary h-8 w-8\">\n<h2>Pogosta vpra\u0161anja za Vape za enkratno uporabo RandM 7000 Music<\/h2>\n<\/div>\n<\/div>\n<\/div>\n<\/div>\n<div class=\"flex-shrink-0 flex flex-col relative items-end\">\n<div class=\"pt-0\">\n<div class=\"gizmo-bot-avatar flex h-8 w-8 items-center justify-center overflow-hidden rounded-full\">\n<div class=\"relative p-1 rounded-sm flex items-center justify-center bg-token-main-surface-primary text-token-text-primary h-8 w-8\">\n<div class=\"mb-2 flex gap-3 empty:hidden -ml-2\">\n<h3><\/h3>\n<ol>\n<li><strong>Koliko vdihov zagotavlja RandM 7000?<\/strong><br \/>\nRandM 7000 ponuja impresivnih 7000 vdihov na napravo, kar zagotavlja dolgotrajno uporabo pri vsakem vapu.<\/li>\n<li><strong>Ali je mogo\u010de RandM 7000 ponovno napolniti?<\/strong><br \/>\nDa, naprava je opremljena z 1000 mAh baterijo za ponovno polnjenje in podpira hitro polnjenje prek kabla Type-C za udobje.<\/li>\n<li><strong>Koliko okusov je na voljo za Fumot Tornado 7000?<\/strong><br \/>\nFumot Tornado 7000 je na voljo s 56 razli\u010dnimi okusi, ki ponujajo \u0161iroko izbiro za zadovoljitev razli\u010dnih preferenc.<\/li>\n<li><strong>Ali je RandM Tornado 7k primeren za uporabnike z nizko vsebnostjo nikotina?<\/strong><br \/>\nDa, RandM Tornado 7k je <strong>e-cigareta za enkratno uporabo z nizko vsebnostjo nikotina<\/strong>, zaradi \u010desar je odli\u010dna mo\u017enost za tiste, ki imajo raje bolj gladko in bla\u017ejo izku\u0161njo vapinga.<\/li>\n<li><strong>Ali lahko RandM Tornado 7000 kupim v velikih koli\u010dinah po veleprodajnih cenah?<\/strong><br \/>\nSeveda! RandM Tornado 7000 je na voljo za <strong>veleprodaja vape<\/strong>, saj ponuja konkuren\u010dne veleprodajne cene za trgovce na drobno v Sloveniji in drugod.<\/li>\n<\/ol>\n<p>&nbsp;<\/p>\n<\/div>\n<\/div>\n<\/div>\n<\/div>\n<\/div>\n<div class=\"group\/conversation-turn relative flex w-full min-w-0 flex-col agent-turn\">\n<div class=\"flex-col gap-1 md:gap-3\">\n<div class=\"flex max-w-full flex-col flex-grow\">\n<div class=\"min-h-8 text-message flex w-full flex-col items-end gap-2 whitespace-normal break-words [.text-message+&amp;]:mt-5\" dir=\"auto\" data-message-author-role=\"assistant\" data-message-id=\"db716a1c-9ed0-4b8d-b3b0-7bdb913c3d42\" data-message-model-slug=\"gpt-4o\">\n<div class=\"flex w-full flex-col gap-1 empty:hidden first:pt-[3px]\">\n<div class=\"markdown prose w-full break-words dark:prose-invert light\">\n<p>&nbsp;<\/p>\n<\/div>\n<\/div>\n<\/div>\n<\/div>\n<\/div>\n<\/div>","protected":false},"excerpt":{"rendered":"<p>The <strong data-start=\"1398\" data-end=\"1426\">RandM Tornado 7000 Vpihov<\/strong> ponuja 56 okusov, 1000mAh polnilno baterijo in nastavljiv pretok zraka. Srednje zmogljiva vape za enkratno uporabo, zasnovana za <strong data-start=\"1545\" data-end=\"1578\">nem\u0161ke veleprodajne kupce<\/strong> po konkuren\u010dnih cenah.<\/p>\n<p><strong>Dodajte Amy na WhatsApp in prejmite takoj\u0161en odgovor ter kupon za vape!<\/strong><\/p>\n<p><img fetchpriority=\"high\" decoding=\"async\" class=\"size-full wp-image-2932\" src=\"https:\/\/vapestornado.com\/wp-content\/uploads\/2024\/12\/Vape-Wholesale.jpg\" alt=\"Vape Veleprodaja\" width=\"229\" height=\"300\" \/><\/p>\n<h3><a href=\"https:\/\/wa.me\/8617776015835\"><span style=\"color: #ff0000;\"><strong>WhatsApp: +386 17776015835<\/strong><\/span><\/a><\/h3>\n<p>&nbsp;<\/p>","protected":false},"featured_media":3080,"comment_status":"open","ping_status":"closed","template":"","meta":{"_acf_changed":false,"_uag_custom_page_level_css":"","_lmt_disableupdate":"no","_lmt_disable":"","_monsterinsights_skip_tracking":false,"_monsterinsights_sitenote_active":false,"_monsterinsights_sitenote_note":"","_monsterinsights_sitenote_category":0,"site-sidebar-layout":"default","site-content-layout":"","ast-site-content-layout":"default","site-content-style":"default","site-sidebar-style":"default","ast-global-header-display":"","ast-banner-title-visibility":"","ast-main-header-display":"","ast-hfb-above-header-display":"","ast-hfb-below-header-display":"","ast-hfb-mobile-header-display":"","site-post-title":"","ast-breadcrumbs-content":"","ast-featured-img":"","footer-sml-layout":"","ast-disable-related-posts":"","theme-transparent-header-meta":"default","adv-header-id-meta":"","stick-header-meta":"","header-above-stick-meta":"","header-main-stick-meta":"","header-below-stick-meta":"","astra-migrate-meta-layouts":"set","ast-page-background-enabled":"default","ast-page-background-meta":{"desktop":{"background-color":"","background-image":"","background-repeat":"repeat","background-position":"center center","background-size":"auto","background-attachment":"scroll","background-type":"","background-media":"","overlay-type":"","overlay-color":"","overlay-opacity":"","overlay-gradient":""},"tablet":{"background-color":"","background-image":"","background-repeat":"repeat","background-position":"center center","background-size":"auto","background-attachment":"scroll","background-type":"","background-media":"","overlay-type":"","overlay-color":"","overlay-opacity":"","overlay-gradient":""},"mobile":{"background-color":"","background-image":"","background-repeat":"repeat","background-position":"center center","background-size":"auto","background-attachment":"scroll","background-type":"","background-media":"","overlay-type":"","overlay-color":"","overlay-opacity":"","overlay-gradient":""}},"ast-content-background-meta":{"desktop":{"background-color":"var(--ast-global-color-5)","background-image":"","background-repeat":"repeat","background-position":"center center","background-size":"auto","background-attachment":"scroll","background-type":"","background-media":"","overlay-type":"","overlay-color":"","overlay-opacity":"","overlay-gradient":""},"tablet":{"background-color":"var(--ast-global-color-5)","background-image":"","background-repeat":"repeat","background-position":"center center","background-size":"auto","background-attachment":"scroll","background-type":"","background-media":"","overlay-type":"","overlay-color":"","overlay-opacity":"","overlay-gradient":""},"mobile":{"background-color":"var(--ast-global-color-5)","background-image":"","background-repeat":"repeat","background-position":"center center","background-size":"auto","background-attachment":"scroll","background-type":"","background-media":"","overlay-type":"","overlay-color":"","overlay-opacity":"","overlay-gradient":""}},"_joinchat":{"telephone":"+8617776015835"}},"product_brand":[],"product_cat":[74,151,152,143,58,144,148],"product_tag":[83,128,127,129,78,114,93],"class_list":{"0":"post-3083","1":"product","2":"type-product","3":"status-publish","4":"has-post-thumbnail","6":"product_cat-7000-puff","7":"product_cat-buy-disposable-vapes-in-france","8":"product_cat-buy-disposable-vapes-in-cermany","9":"product_cat-dual-mesh-disposable-vapes","10":"product_cat-fumot-vape","11":"product_cat-low-nicotine-disposable-vapes","12":"product_cat-tornado-disposable-vapes","13":"product_tag-fumot-vape","14":"product_tag-randm-7000","15":"product_tag-randm-tornado-7000","16":"product_tag-randm-tornado-7000-germany","17":"product_tag-randm-vape","18":"product_tag-tornado-vape","19":"product_tag-vape-wholesale","20":"desktop-align-left","21":"tablet-align-left","22":"mobile-align-left","24":"first","25":"instock","26":"sale","27":"shipping-taxable","28":"purchasable","29":"product-type-simple"},"acf":[],"uagb_featured_image_src":{"full":["https:\/\/vapestornado.com\/wp-content\/uploads\/2024\/12\/RandM-Tornado-7000-Puffs-Disposable-Vape.jpg",1126,1126,false],"thumbnail":["https:\/\/vapestornado.com\/wp-content\/uploads\/2024\/12\/RandM-Tornado-7000-Puffs-Disposable-Vape-150x150.jpg",150,150,true],"medium":["https:\/\/vapestornado.com\/wp-content\/uploads\/2024\/12\/RandM-Tornado-7000-Puffs-Disposable-Vape-300x300.jpg",300,300,true],"medium_large":["https:\/\/vapestornado.com\/wp-content\/uploads\/2024\/12\/RandM-Tornado-7000-Puffs-Disposable-Vape-768x768.jpg",768,768,true],"large":["https:\/\/vapestornado.com\/wp-content\/uploads\/2024\/12\/RandM-Tornado-7000-Puffs-Disposable-Vape-1024x1024.jpg",1024,1024,true],"1536x1536":["https:\/\/vapestornado.com\/wp-content\/uploads\/2024\/12\/RandM-Tornado-7000-Puffs-Disposable-Vape.jpg",1126,1126,false],"2048x2048":["https:\/\/vapestornado.com\/wp-content\/uploads\/2024\/12\/RandM-Tornado-7000-Puffs-Disposable-Vape.jpg",1126,1126,false],"trp-custom-language-flag":["https:\/\/vapestornado.com\/wp-content\/uploads\/2024\/12\/RandM-Tornado-7000-Puffs-Disposable-Vape.jpg",12,12,false],"woocommerce_thumbnail":["https:\/\/vapestornado.com\/wp-content\/uploads\/2024\/12\/RandM-Tornado-7000-Puffs-Disposable-Vape-300x300.jpg",300,300,true],"woocommerce_single":["https:\/\/vapestornado.com\/wp-content\/uploads\/2024\/12\/RandM-Tornado-7000-Puffs-Disposable-Vape-600x600.jpg",600,600,true],"woocommerce_gallery_thumbnail":["https:\/\/vapestornado.com\/wp-content\/uploads\/2024\/12\/RandM-Tornado-7000-Puffs-Disposable-Vape-100x100.jpg",100,100,true]},"uagb_author_info":{"display_name":"ESAMY","author_link":"https:\/\/vapestornado.com\/sl\/author\/"},"uagb_comment_info":0,"uagb_excerpt":"The RandM Tornado 7000 Puffs offers 56 flavours, 1000mAh rechargeable battery, and adjustable airflow. A mid-capacity disposable vape designed for Germany wholesale bulk buyers at competitive prices. Add Amy's whatsapp get right reply and vape vape coupon! WhatsApp: +86 17776015835 &nbsp;","_links":{"self":[{"href":"https:\/\/vapestornado.com\/sl\/wp-json\/wp\/v2\/product\/3083","targetHints":{"allow":["GET"]}}],"collection":[{"href":"https:\/\/vapestornado.com\/sl\/wp-json\/wp\/v2\/product"}],"about":[{"href":"https:\/\/vapestornado.com\/sl\/wp-json\/wp\/v2\/types\/product"}],"replies":[{"embeddable":true,"href":"https:\/\/vapestornado.com\/sl\/wp-json\/wp\/v2\/comments?post=3083"}],"wp:featuredmedia":[{"embeddable":true,"href":"https:\/\/vapestornado.com\/sl\/wp-json\/wp\/v2\/media\/3080"}],"wp:attachment":[{"href":"https:\/\/vapestornado.com\/sl\/wp-json\/wp\/v2\/media?parent=3083"}],"wp:term":[{"taxonomy":"product_brand","embeddable":true,"href":"https:\/\/vapestornado.com\/sl\/wp-json\/wp\/v2\/product_brand?post=3083"},{"taxonomy":"product_cat","embeddable":true,"href":"https:\/\/vapestornado.com\/sl\/wp-json\/wp\/v2\/product_cat?post=3083"},{"taxonomy":"product_tag","embeddable":true,"href":"https:\/\/vapestornado.com\/sl\/wp-json\/wp\/v2\/product_tag?post=3083"}],"curies":[{"name":"wp","href":"https:\/\/api.w.org\/{rel}","templated":true}]}}