{"id":3076,"date":"2024-12-11T08:15:21","date_gmt":"2024-12-11T08:15:21","guid":{"rendered":"https:\/\/vapestornado.com\/?post_type=product&#038;p=3076"},"modified":"2025-12-09T09:39:23","modified_gmt":"2025-12-09T09:39:23","slug":"randm-tornado-30000-puffs-music-rechargeable-disposable-vape-pen-wholesale","status":"publish","type":"product","link":"https:\/\/vapestornado.com\/sl\/product\/randm-tornado-30000-puffs-music-rechargeable-disposable-vape-pen-wholesale\/","title":{"rendered":"RandM Tornado 30000 Puffs Glasbena ponovno napolnjiva Vape pisala za enkratno uporabo Veleprodaja"},"content":{"rendered":"<h1 class=\"product-title\">RandM Tornado 30000 Puffs Glasbena ponovno napolnjiva Vape pisala za enkratno uporabo Veleprodaja<\/h1>\n<p data-start=\"1141\" data-end=\"1425\">Fumot RandM Tornado 30000 vdihov je polnilec za enkratno uporabo z 30.000 vdihi, z 1.0\u03a9 mre\u017eno tuljavo in LED osvetlitvijo s sinhronizacijo z glasbo, namenjen za dolge seje, stabilen okus in izstopajo\u010d slog.<\/p>\n<p data-start=\"915\" data-end=\"1120\"><strong data-start=\"915\" data-end=\"946\">Dolga \u017eivljenjska doba brez obsega.<\/strong> The <strong data-start=\"951\" data-end=\"1000\">RandM Tornado 30000 vdihov enkratni vape pen<\/strong> je namenjen rednim uporabnikom, ki \u017eelijo napravo, ki zdr\u017ei tedne, ne dni, hkrati pa ostaja enostavna za prena\u0161anje za vsakodnevne rutine.<\/p>\n<p data-start=\"1124\" data-end=\"1346\"><strong data-start=\"1124\" data-end=\"1172\">Stabilnost mre\u017ene tuljave pri visokih \u0161tevilkah vdihov.<\/strong> Ta FUMOT<strong data-start=\"1177\" data-end=\"1232\">\u00a030K mre\u017ena tuljava, polnilec za enkratno uporabo<\/strong> uporablja <strong data-start=\"1240\" data-end=\"1258\">Mre\u017ena tuljava 1,0 \u03a9<\/strong> za zagotavljanje gladkih vdihov, gostega pare in po\u010dasnej\u0161ega izginjanja okusa globoko v obmo\u010dju 30K.<\/p>\n<p data-start=\"1350\" data-end=\"1534\"><strong data-start=\"1350\" data-end=\"1397\">Napajanje Type-C, ki prepre\u010duje izgubo e-teko\u010dine.<\/strong> Z <strong data-start=\"1405\" data-end=\"1455\">650mAh Type-C polnjenje Tornado Vape 30k<\/strong>, ga dopolnjujete po potrebi in nadaljujete z vajanjem, dokler naprava ni popolnoma izpraznjena.<\/p>\n<p data-start=\"1538\" data-end=\"1781\"><strong data-start=\"1538\" data-end=\"1577\">LED s sinhronizacijo z glasbo za dru\u017eabne prireditve.<\/strong> Fumot <strong data-start=\"1582\" data-end=\"1616\">Vihra Tornado<\/strong> pulsira lu\u010di v skladu z va\u0161o glasbo, kar je funkcija, ki se mo\u010dno prodaja v <strong data-start=\"1682\" data-end=\"1736\">Sloveniji, na Poljskem, \u0160paniji, Italiji in Nizozemskem<\/strong>, zlasti v no\u010dnem \u017eivljenju in vikend scenah.<\/p>\n<p data-start=\"1785\" data-end=\"1987\"><strong data-start=\"1785\" data-end=\"1820\">Vgrajena \u0161iroka izbira okusov.<\/strong> 20 okusov pokriva sadje, led in klasi\u010dne profile, tako da <strong data-start=\"1884\" data-end=\"1922\">RandM 30K enkratna uporaba<\/strong> ostaja zanimiv skozi dolgo uporabo brez potrebe po drugem napravi.<\/p>\n<p><strong>Dodajte Amy na Whatsapp in prejmite takoj\u0161en odgovor ter kupon za vape!<\/strong><\/p>\n<p><img fetchpriority=\"high\" decoding=\"async\" class=\"size-full wp-image-2932\" src=\"https:\/\/vapestornado.com\/wp-content\/uploads\/2024\/12\/Vape-Wholesale.jpg\" alt=\"Vape Veleprodaja\" width=\"229\" height=\"300\" \/><\/p>\n<h3><a href=\"https:\/\/wa.me\/8617776015835\" target=\"_blank\" rel=\"noopener\"><span style=\"color: #ff0000;\"><strong>WhatsApp: +386 17776015835<\/strong><\/span><\/a><\/h3>\n<p>&nbsp;<\/p>\n<h2><strong>Zna\u010dilnosti izdelka RandM Tornado 30000<\/strong><\/h2>\n<table>\n<thead>\n<tr>\n<th>Zna\u010dilnosti<\/th>\n<th>Spec<\/th>\n<th>Podrobnosti<\/th>\n<\/tr>\n<\/thead>\n<tbody>\n<tr>\n<td>Ime izdelka<\/td>\n<td>RandM Tornado 30000 vdihov Glasbeni Vape<\/td>\n<td>Visoko zmogljiva polnljiva enkratna uporaba z lahkimi funkcijami.<\/td>\n<\/tr>\n<tr>\n<td>Zmogljivost vdihovanja<\/td>\n<td>Do 30.000 potiskov<\/td>\n<td>Zasnovano za dalj\u0161o dnevno uporabo z manj zamenjavami.<\/td>\n<\/tr>\n<tr>\n<td>Vrsta Tuljave<\/td>\n<td>Mre\u017ena tuljava 1,0 \u03a9<\/td>\n<td>Enakomerno segrevanje za gladno paro in dosledni okus.<\/td>\n<\/tr>\n<tr>\n<td>Baterija<\/td>\n<td>650 mAh mo\u017enost ponovnega polnjenja<\/td>\n<td>Zanesljiv izhod; ponovno polnjenje za uporabo celotnega \u017eivljenjskega cikla naprave.<\/td>\n<\/tr>\n<tr>\n<td>Polnjenje<\/td>\n<td>hitro polnjenje Type-C<\/td>\n<td>Hitra dopolnjevanja z modernimi EU-standardnimi kabli.<\/td>\n<\/tr>\n<tr>\n<td>Funkcija osvetlitve<\/td>\n<td>Sistem LED-sinhronizacije z glasbo<\/td>\n<td>LED diode utripajo ob glasbi za vizualni, interaktivni u\u010dinek.<\/td>\n<\/tr>\n<tr>\n<td>Razpon okusov<\/td>\n<td>30 okusov<\/td>\n<td>\u0160irok izbor za dolgoro\u010dno rotacijo.<\/td>\n<\/tr>\n<tr>\n<td>Nikotinski stil<\/td>\n<td>Podprta mo\u017enost z nizko vsebnostjo nikotina<\/td>\n<td>Primeren za uporabnike, ki imajo raje milej\u0161i udarec.<\/td>\n<\/tr>\n<tr>\n<td>Postavitev<\/td>\n<td>Maloprodaja in veleprodaja model z visoko prehodnostjo<\/td>\n<td>Oblikovanje za vidni u\u010dinek na polici in dolgo trajanje baterije.<\/td>\n<\/tr>\n<\/tbody>\n<\/table>\n<h2 class=\"product-title\"><strong>Seznam okusov RandM Tornado 30000<\/strong><\/h2>\n<p>1. Banana Ice (banana z ledom)<br \/>\n2. Black Ice (\u010drni led)<br \/>\n3. Blue Razz Ice (modra malina z ledom)<br \/>\n4. Blueberry On Ice (borovnica na ledu)<br \/>\n5. Blueberry Raspberry (borovnica malina)<br \/>\n6. Blueberry Sour Raspberry (kisla borovnica malina)<br \/>\n7. \u010ce\u0161njev led<br \/>\n8. \u010ce\u0161njeva kola<br \/>\n9. Kola led<br \/>\n10. Hladna meta<br \/>\n11. Dvojno jabolko<br \/>\n12. Dr. Blue<br \/>\n13. Grozdni led<br \/>\n14. Ledena lizika<br \/>\n15. Kivi, pasijonka, guava<br \/>\n16. Ljubezen 66<br \/>\n17. Bujni led<br \/>\n18. Me\u0161ano jagodi\u010devje<br \/>\n19. Breskova jagoda<br \/>\n20. Breskov led<br \/>\n21. Breskev, mango, ananas<br \/>\n22. Ananasov led<br \/>\n23. Roza limonada<br \/>\n24. Skittles<br \/>\n25. Jagoda banana<br \/>\n26. Jagoda grozdje<br \/>\n27. Jagodna ledena<br \/>\n28. Jagoda Lubenica<br \/>\n29. Trojni Mango<br \/>\n30. Vimto<\/p>\n<h2>Zakaj izbrati vapestornado za veleprodajo vape Fumot 30k?<\/h2>\n<div class=\"flex-shrink-0 flex flex-col relative items-end\">\n<div class=\"pt-0\">\n<div class=\"gizmo-bot-avatar flex h-8 w-8 items-center justify-center overflow-hidden rounded-full\">\n<div class=\"relative p-1 rounded-sm flex items-center justify-center bg-token-main-surface-primary text-token-text-primary h-8 w-8\">\n<p>Dobrodo\u0161li v vapestornadu, va\u0161i zaupanja vredni spletni trgovini z veipi za vrhunske veipe za enkratno uporabo. Z ve\u010d kot 5-letnimi izku\u0161njami vam prina\u0161amo priljubljene blagovne znamke veipov za enkratno uporabo, kot so Fumot RandM Vape, <a href=\"https:\/\/vapestornado.com\/sl\/product\/vapme-crystal-7000-puffs-rechargeable-disposable-vape-wholesale-cheap-price\/\">Vapme<\/a>, Bang Vape, Waspe Vape in WGA Vape, itd.<\/p>\n<p>Na\u0161a ponudba vklju\u010duje vro\u010de prodajane veipe, kot je <a href=\"https:\/\/vapestornado.com\/sl\/product\/fumot-randm-tornado-15000-puffs-rechargeable-disposable-vape-wholesale\/\">RandM Tornado 15000<\/a>, in izbire, bogate z okusi, kot je <a href=\"https:\/\/vapestornado.com\/sl\/product\/waspe-40000-puffs-double-flavour-led-display-disposable-vape-wholesale\/\">WASPE Dvojni okus 40000 vdihov<\/a> Vsak izdelek je izbran s poudarkom na kakovosti, vrednosti in raznolikosti, kar zagotavlja, da boste na\u0161li popolno ujemanje za svoje potrebe. Odkrijte izjemno storitev in \u0161iroko paleto vrhunskih izdelkov po veleprodajni ceni pri vapestornado.<\/p>\n<\/div>\n<h3><\/h3>\n<div class=\"relative p-1 rounded-sm flex items-center justify-center bg-token-main-surface-primary text-token-text-primary h-8 w-8\">\n<h2>Pogosta vpra\u0161anja za RandM 30k Music Disposable Vape<\/h2>\n<\/div>\n<\/div>\n<\/div>\n<\/div>\n<div class=\"flex-shrink-0 flex flex-col relative items-end\">\n<div class=\"pt-0\">\n<div class=\"gizmo-bot-avatar flex h-8 w-8 items-center justify-center overflow-hidden rounded-full\">\n<div class=\"relative p-1 rounded-sm flex items-center justify-center bg-token-main-surface-primary text-token-text-primary h-8 w-8\">\n<div class=\"mb-2 flex gap-3 empty:hidden -ml-2\">\n<h2 data-start=\"2910\" data-end=\"2929\"><\/h2>\n<ol data-start=\"2931\" data-end=\"4128\">\n<li data-start=\"2931\" data-end=\"3167\">\n<p data-start=\"2934\" data-end=\"3167\"><strong data-start=\"2934\" data-end=\"3034\">Kako RandM Tornado 30000 vdihov mesh tuljava enkratna uporaba ohranja okus stabilen skozi dolgo uporabo?<\/strong><br data-start=\"3034\" data-end=\"3037\" \/>The <strong data-start=\"3041\" data-end=\"3059\">Mre\u017ena tuljava 1,0 \u03a9<\/strong> enakomerno razporeja toploto, kar pomaga, da para ostane gladka in okus ostane prisoten globlje v \u017eivljenjski dobi naprave.<\/p>\n<\/li>\n<li data-start=\"3169\" data-end=\"3415\">\n<p data-start=\"3172\" data-end=\"3415\"><strong data-start=\"3172\" data-end=\"3281\">Kaj razlikuje ponovno polnljivo enkratno napravo RandM Tornado 30K Music od standardne 30K naprave?<\/strong><br data-start=\"3281\" data-end=\"3284\" \/>The <strong data-start=\"3288\" data-end=\"3315\">LED osvetlitev v skladu z glasbo<\/strong> reagira na va\u0161o glasbeno listo, daje vizualni ritem efekt, ki ustreza dru\u017ebenim in no\u010dnim okoljem.<\/p>\n<\/li>\n<li data-start=\"3417\" data-end=\"3661\">\n<p data-start=\"3420\" data-end=\"3661\"><strong data-start=\"3420\" data-end=\"3533\">Ali Fumot Tornado 30000 Type-C ponovno polnljiva naprava dose\u017ee svojo polno kapaciteto vdihov brez izpada baterije?<\/strong><br data-start=\"3533\" data-end=\"3536\" \/>Ponovno polnjenje re\u0161uje te\u017eavo z zgodnjim izpraznjenjem baterije. Ko je mo\u010d nizka, Type-C polnjenje ohranja delovanje, dokler niso porabljeni vsi vdihi.<\/p>\n<\/li>\n<li data-start=\"3663\" data-end=\"3885\">\n<p data-start=\"3666\" data-end=\"3885\"><strong data-start=\"3666\" data-end=\"3768\">Ali je Fumot 30K LED enkratna naprava primerna za vsakodnevno uporabo in za no\u010ditve ven?<\/strong><br data-start=\"3768\" data-end=\"3771\" \/>Da. Ostaja prenosna za vsakodnevno uporabo, medtem ko LED funkcija doda privla\u010dnost v barih, klubih in ob vikendih.<\/p>\n<\/li>\n<li data-start=\"3887\" data-end=\"4128\">\n<p data-start=\"3890\" data-end=\"4128\"><strong data-start=\"3890\" data-end=\"3982\">Kako 30 okusov v RandM Tornado 30000 Puffs Music Vape pomaga dolgoro\u010dnim uporabnikom?<\/strong><br data-start=\"3982\" data-end=\"3985\" \/>Velik izbor okusov naredi naprave za dolgo uporabo bolj prijetne, uporabnikom pa omogo\u010da izmenjavo profilov namesto, da bi ostali ujeti z enim okusom tedne.<\/p>\n<\/li>\n<\/ol>\n<\/div>\n<\/div>\n<\/div>\n<\/div>\n<\/div>\n<div class=\"group\/conversation-turn relative flex w-full min-w-0 flex-col agent-turn\">\n<div class=\"flex-col gap-1 md:gap-3\">\n<div class=\"flex max-w-full flex-col flex-grow\">\n<div class=\"min-h-8 text-message flex w-full flex-col items-end gap-2 whitespace-normal break-words [.text-message+&amp;]:mt-5\" dir=\"auto\" data-message-author-role=\"assistant\" data-message-id=\"db716a1c-9ed0-4b8d-b3b0-7bdb913c3d42\" data-message-model-slug=\"gpt-4o\">\n<div class=\"flex w-full flex-col gap-1 empty:hidden first:pt-[3px]\">\n<div class=\"markdown prose w-full break-words dark:prose-invert light\">\n<p>&nbsp;<\/p>\n<\/div>\n<\/div>\n<\/div>\n<\/div>\n<\/div>\n<\/div>","protected":false},"excerpt":{"rendered":"<p data-start=\"1465\" data-end=\"1662\">Fumot RandM Tornado 30000 Vdihov Muzika polnilec za enkratno uporabo vape z 1.0\u03a9 mre\u017eno tuljavo, 650mAh hitro polnjenje Type-C, LED osvetlitev s sinhronizacijo z glasbo in 20 okusi. Zgrajen za dolge, gladke seje in mo\u010dno povpra\u0161evanje na slovenskem trgu. Izstopajo\u010d enkratni izdelek, zasnovan za <strong data-start=\"1624\" data-end=\"1659\">veleprodajne kupce v Evropi<\/strong>.<\/p>\n<p><strong>Dodajte Amy na WhatsApp in prejmite takoj\u0161en odgovor ter kupon za vape!<\/strong><\/p>\n<p><img fetchpriority=\"high\" decoding=\"async\" class=\"size-full wp-image-2932\" src=\"https:\/\/vapestornado.com\/wp-content\/uploads\/2024\/12\/Vape-Wholesale.jpg\" alt=\"Vape Veleprodaja\" width=\"229\" height=\"300\" \/><\/p>\n<h3><a href=\"https:\/\/wa.me\/8617776015835\"><span style=\"color: #ff0000;\"><strong>WhatsApp: +386 17776015835<\/strong><\/span><\/a><\/h3>\n<p>&nbsp;<\/p>","protected":false},"featured_media":3025,"comment_status":"open","ping_status":"closed","template":"","meta":{"_acf_changed":false,"_uag_custom_page_level_css":"","_lmt_disableupdate":"no","_lmt_disable":"","_monsterinsights_skip_tracking":false,"_monsterinsights_sitenote_active":false,"_monsterinsights_sitenote_note":"","_monsterinsights_sitenote_category":0,"site-sidebar-layout":"default","site-content-layout":"","ast-site-content-layout":"default","site-content-style":"default","site-sidebar-style":"default","ast-global-header-display":"","ast-banner-title-visibility":"","ast-main-header-display":"","ast-hfb-above-header-display":"","ast-hfb-below-header-display":"","ast-hfb-mobile-header-display":"","site-post-title":"","ast-breadcrumbs-content":"","ast-featured-img":"","footer-sml-layout":"","ast-disable-related-posts":"","theme-transparent-header-meta":"default","adv-header-id-meta":"","stick-header-meta":"","header-above-stick-meta":"","header-main-stick-meta":"","header-below-stick-meta":"","astra-migrate-meta-layouts":"set","ast-page-background-enabled":"default","ast-page-background-meta":{"desktop":{"background-color":"","background-image":"","background-repeat":"repeat","background-position":"center center","background-size":"auto","background-attachment":"scroll","background-type":"","background-media":"","overlay-type":"","overlay-color":"","overlay-opacity":"","overlay-gradient":""},"tablet":{"background-color":"","background-image":"","background-repeat":"repeat","background-position":"center center","background-size":"auto","background-attachment":"scroll","background-type":"","background-media":"","overlay-type":"","overlay-color":"","overlay-opacity":"","overlay-gradient":""},"mobile":{"background-color":"","background-image":"","background-repeat":"repeat","background-position":"center center","background-size":"auto","background-attachment":"scroll","background-type":"","background-media":"","overlay-type":"","overlay-color":"","overlay-opacity":"","overlay-gradient":""}},"ast-content-background-meta":{"desktop":{"background-color":"var(--ast-global-color-5)","background-image":"","background-repeat":"repeat","background-position":"center center","background-size":"auto","background-attachment":"scroll","background-type":"","background-media":"","overlay-type":"","overlay-color":"","overlay-opacity":"","overlay-gradient":""},"tablet":{"background-color":"var(--ast-global-color-5)","background-image":"","background-repeat":"repeat","background-position":"center center","background-size":"auto","background-attachment":"scroll","background-type":"","background-media":"","overlay-type":"","overlay-color":"","overlay-opacity":"","overlay-gradient":""},"mobile":{"background-color":"var(--ast-global-color-5)","background-image":"","background-repeat":"repeat","background-position":"center center","background-size":"auto","background-attachment":"scroll","background-type":"","background-media":"","overlay-type":"","overlay-color":"","overlay-opacity":"","overlay-gradient":""}},"_joinchat":{"telephone":"+8617776015835"}},"product_brand":[],"product_cat":[67,153,154,160,142,58,148],"product_tag":[83,125,124,126,78,114],"class_list":{"0":"post-3076","1":"product","2":"type-product","3":"status-publish","4":"has-post-thumbnail","6":"product_cat-30000-puff","7":"product_cat-buy-disposable-vapes-in-italy","8":"product_cat-buy-disposable-vapes-in-netherlands","9":"product_cat-buy-disposable-vapes-in-switzerland","10":"product_cat-digital-box-disposable-vapes","11":"product_cat-fumot-vape","12":"product_cat-tornado-disposable-vapes","13":"product_tag-fumot-vape","14":"product_tag-randm-30000","15":"product_tag-randm-tornado-30000","16":"product_tag-randm-tornado-30k","17":"product_tag-randm-vape","18":"product_tag-tornado-vape","19":"desktop-align-left","20":"tablet-align-left","21":"mobile-align-left","23":"first","24":"instock","25":"sale","26":"shipping-taxable","27":"purchasable","28":"product-type-simple"},"acf":[],"uagb_featured_image_src":{"full":["https:\/\/vapestornado.com\/wp-content\/uploads\/2024\/12\/Randm-Tornado-30K-Puffs-Rechargeable-Disposable-Vapes.jpg",1126,1126,false],"thumbnail":["https:\/\/vapestornado.com\/wp-content\/uploads\/2024\/12\/Randm-Tornado-30K-Puffs-Rechargeable-Disposable-Vapes-150x150.jpg",150,150,true],"medium":["https:\/\/vapestornado.com\/wp-content\/uploads\/2024\/12\/Randm-Tornado-30K-Puffs-Rechargeable-Disposable-Vapes-300x300.jpg",300,300,true],"medium_large":["https:\/\/vapestornado.com\/wp-content\/uploads\/2024\/12\/Randm-Tornado-30K-Puffs-Rechargeable-Disposable-Vapes-768x768.jpg",768,768,true],"large":["https:\/\/vapestornado.com\/wp-content\/uploads\/2024\/12\/Randm-Tornado-30K-Puffs-Rechargeable-Disposable-Vapes-1024x1024.jpg",1024,1024,true],"1536x1536":["https:\/\/vapestornado.com\/wp-content\/uploads\/2024\/12\/Randm-Tornado-30K-Puffs-Rechargeable-Disposable-Vapes.jpg",1126,1126,false],"2048x2048":["https:\/\/vapestornado.com\/wp-content\/uploads\/2024\/12\/Randm-Tornado-30K-Puffs-Rechargeable-Disposable-Vapes.jpg",1126,1126,false],"trp-custom-language-flag":["https:\/\/vapestornado.com\/wp-content\/uploads\/2024\/12\/Randm-Tornado-30K-Puffs-Rechargeable-Disposable-Vapes.jpg",12,12,false],"woocommerce_thumbnail":["https:\/\/vapestornado.com\/wp-content\/uploads\/2024\/12\/Randm-Tornado-30K-Puffs-Rechargeable-Disposable-Vapes-300x300.jpg",300,300,true],"woocommerce_single":["https:\/\/vapestornado.com\/wp-content\/uploads\/2024\/12\/Randm-Tornado-30K-Puffs-Rechargeable-Disposable-Vapes-600x600.jpg",600,600,true],"woocommerce_gallery_thumbnail":["https:\/\/vapestornado.com\/wp-content\/uploads\/2024\/12\/Randm-Tornado-30K-Puffs-Rechargeable-Disposable-Vapes-100x100.jpg",100,100,true]},"uagb_author_info":{"display_name":"ESAMY","author_link":"https:\/\/vapestornado.com\/sl\/author\/"},"uagb_comment_info":0,"uagb_excerpt":"Fumot RandM Tornado 30000 Puffs Music rechargeable disposable vape with 1.0\u03a9 mesh coil, 650mAh Type-C fast charging, music-sync LED lighting, and 20 flavours. Built for long, smooth sessions and strong EU retail demand.\u00a0A standout disposable designed for wholesale bulk buyers in Europe. Add Amy's whatsapp get right reply and vape vape coupon! WhatsApp: +86 17776015835&hellip;","_links":{"self":[{"href":"https:\/\/vapestornado.com\/sl\/wp-json\/wp\/v2\/product\/3076","targetHints":{"allow":["GET"]}}],"collection":[{"href":"https:\/\/vapestornado.com\/sl\/wp-json\/wp\/v2\/product"}],"about":[{"href":"https:\/\/vapestornado.com\/sl\/wp-json\/wp\/v2\/types\/product"}],"replies":[{"embeddable":true,"href":"https:\/\/vapestornado.com\/sl\/wp-json\/wp\/v2\/comments?post=3076"}],"wp:featuredmedia":[{"embeddable":true,"href":"https:\/\/vapestornado.com\/sl\/wp-json\/wp\/v2\/media\/3025"}],"wp:attachment":[{"href":"https:\/\/vapestornado.com\/sl\/wp-json\/wp\/v2\/media?parent=3076"}],"wp:term":[{"taxonomy":"product_brand","embeddable":true,"href":"https:\/\/vapestornado.com\/sl\/wp-json\/wp\/v2\/product_brand?post=3076"},{"taxonomy":"product_cat","embeddable":true,"href":"https:\/\/vapestornado.com\/sl\/wp-json\/wp\/v2\/product_cat?post=3076"},{"taxonomy":"product_tag","embeddable":true,"href":"https:\/\/vapestornado.com\/sl\/wp-json\/wp\/v2\/product_tag?post=3076"}],"curies":[{"name":"wp","href":"https:\/\/api.w.org\/{rel}","templated":true}]}}