{"id":3074,"date":"2024-12-11T07:30:25","date_gmt":"2024-12-11T07:30:25","guid":{"rendered":"https:\/\/vapestornado.com\/?post_type=product&#038;p=3074"},"modified":"2025-12-05T09:24:08","modified_gmt":"2025-12-05T09:24:08","slug":"vapme-crystal-7000-puffs-rechargeable-disposable-vape-wholesale-cheap-price","status":"publish","type":"product","link":"https:\/\/vapestornado.com\/sl\/product\/vapme-crystal-7000-puffs-rechargeable-disposable-vape-wholesale-cheap-price\/","title":{"rendered":"Vapme Crystal 7000 Vdihov Polnilni Vape za enkratno uporabo Veleprodajna ugodna cena"},"content":{"rendered":"<h1 class=\"product-title\">Vapme Crystal 7000 Vdihov Polnilni Vape za enkratno uporabo Veleprodajna ugodna cena<\/h1>\n<p data-start=\"1107\" data-end=\"1320\">Vapme Crystal 7000 je ponovno polnljiva kristalna enkratna naprava s 7.000 vdihi, 14 ml vnaprej napolnjenega rezervoarja, 650 mAh napajanja s Type-C in mre\u017eno tuljavo 0,8\u03a9\u2014zami\u0161ljena za stalno vsakodnevno uporabo in \u010disto aromo brez nenehnih zamenjav.<\/p>\n<p data-start=\"585\" data-end=\"884\"><strong data-start=\"585\" data-end=\"638\">7.000 vdihov z rezervoarjem, ki podpira to \u0161tevilo.<\/strong><br data-start=\"638\" data-end=\"641\" \/>The <strong data-start=\"645\" data-end=\"683\">Vapme Crystal 7000 enkratna e-cigaretka<\/strong> deluje na <strong data-start=\"692\" data-end=\"723\">14 ml vnaprej napolnjene e-teko\u010dine<\/strong>, zato \u0161tevilo vdihov ni le oznaka. Traja dlje kot majhne enkratne naprave in je primerna za vsakodnevne uporabnike, ki \u017eelijo napravo, ki zdr\u017eijo delovne dni in vikende.<\/p>\n<p data-start=\"886\" data-end=\"1167\"><strong data-start=\"886\" data-end=\"934\">Ponovno polnljiva baterija, preprosti polnjenji s Type-C.<\/strong><br data-start=\"934\" data-end=\"937\" \/>A <strong data-start=\"939\" data-end=\"970\">650mAh polnilno baterijo<\/strong> napaja napravo. Ko se izprazni, ga hitro <strong data-start=\"1010\" data-end=\"1031\">USB Type-C polnjenje<\/strong> vrne nazaj, kar omogo\u010da uporabo celotnega rezervoarja namesto zgodnjega zavr\u017eanja naprave. Za napravo razreda 7K je to prakti\u010dna prednost.<\/p>\n<p data-start=\"1169\" data-end=\"1423\"><strong data-start=\"1169\" data-end=\"1210\">Mre\u017ena tuljava 0,8\u03a9 ohranja gladko vle\u010denje.<\/strong><br data-start=\"1210\" data-end=\"1213\" \/>The <strong data-start=\"1217\" data-end=\"1235\">0,8\u03a9 mre\u017easta tuljava<\/strong> enakomerno segreva teko\u010dino, zagotavlja stalni tok pare in pomaga, da okusi ostanejo jasni skozi \u010das. Prav tako zmanj\u0161uje suho, za\u017egano rob, ki ga pri cenej\u0161ih tuljavah pogosto razvijejo pozno v napravi.<\/p>\n<p data-start=\"1425\" data-end=\"1669\"><strong data-start=\"1425\" data-end=\"1471\">Kristalno telo, ki je primerno za vsakodnevno no\u0161enje.<\/strong><br data-start=\"1471\" data-end=\"1474\" \/>Kristalni dizajn ni le za izgled. Oblika je kompaktna, lahka in enostavna za uporabo\u2014\u017eep, avto, pisarna, no\u010dno izhod. Ob\u010dutek je kot \u010dist, kon\u010dan izdelek, ne pa enkratna naprava, ki jo skrije\u0161.<\/p>\n<p data-start=\"1671\" data-end=\"1939\"><strong data-start=\"1671\" data-end=\"1719\">30 okusov za razli\u010dne okuse in trge.<\/strong><br data-start=\"1719\" data-end=\"1722\" \/>S <strong data-start=\"1727\" data-end=\"1755\">pribli\u017eno 30 mo\u017enosti okusov<\/strong>, <strong data-start=\"1757\" data-end=\"1783\">Vapme Crystal 7K vdihov<\/strong> ponovno polnljiva e-cigaretka, ki je primerna za uporabnike, ki radi ostanejo pri enem profilu ali izmenjujejo med sadnimi, ledenimi in sladkimi me\u0161anicami. Trgovci lahko pokrijejo \u0161iroko bazo brez menjave modelov.<\/p>\n<p>&nbsp;<\/p>\n<p><strong>Dodajte Amy\u2019s Whatsapp, da dobite pravi odgovor in kupon za vape!<\/strong><\/p>\n<p><img fetchpriority=\"high\" decoding=\"async\" class=\"size-full wp-image-2932\" src=\"https:\/\/vapestornado.com\/wp-content\/uploads\/2024\/12\/Vape-Wholesale.jpg\" alt=\"Vape Veleprodaja\" width=\"229\" height=\"300\" \/><\/p>\n<h3><a href=\"https:\/\/wa.me\/8617776015835\" target=\"_blank\" rel=\"noopener\"><span style=\"color: #ff0000;\"><strong>WhatsApp: +386 17776015835<\/strong><\/span><\/a><\/h3>\n<p>&nbsp;<\/p>\n<h2><strong>Lastnosti izdelka Vapme Crystal 7000<\/strong><\/h2>\n<table>\n<thead>\n<tr>\n<th>Zna\u010dilnost \/ Parameter<\/th>\n<th align=\"right\">Spec<\/th>\n<th>Razlaga<\/th>\n<\/tr>\n<\/thead>\n<tbody>\n<tr>\n<td>Ime izdelka<\/td>\n<td align=\"right\">Vapme Crystal 7000<\/td>\n<td>Jasno ime modela za ponovne naro\u010dila in iskanje.<\/td>\n<\/tr>\n<tr>\n<td>Zmogljivost vdihovanja<\/td>\n<td align=\"right\">Do 7.000 vdihov<\/td>\n<td>Dalj\u0161a uporaba kot standardni disposable; manj zamenjav.<\/td>\n<\/tr>\n<tr>\n<td>Prostornina E-teko\u010dine<\/td>\n<td align=\"right\">14 ml vnaprej napolnjenega<\/td>\n<td>Dovolj velik, da podpira oceno 7K.<\/td>\n<\/tr>\n<tr>\n<td>Cevka \/ Upornost<\/td>\n<td align=\"right\">0,8\u03a9 mre\u017easta tuljava<\/td>\n<td>Enakomerno segrevanje = bolj gladek poteg in stabilen okus.<\/td>\n<\/tr>\n<tr>\n<td>Baterija<\/td>\n<td align=\"right\">650 mAh mo\u017enost ponovnega polnjenja<\/td>\n<td>Polnjenje za dokon\u010danje rezervoarja namesto zapravljanja vdihov.<\/td>\n<\/tr>\n<tr>\n<td>Polnjenje<\/td>\n<td align=\"right\">USB Type-C hitri polnilec<\/td>\n<td>Standardni kabel; hitri polnki.<\/td>\n<\/tr>\n<tr>\n<td>Oblikovanje<\/td>\n<td align=\"right\">Kristalni slog, lahek ohi\u0161je<\/td>\n<td>Enostavno za prena\u0161anje z \u010distim, vzdr\u017eljivim ob\u010dutkom.<\/td>\n<\/tr>\n<tr>\n<td>Mo\u017enosti okusa<\/td>\n<td align=\"right\">~30 okusov<\/td>\n<td>\u0160irok izbor za razli\u010dne preference in trge EU.<\/td>\n<\/tr>\n<tr>\n<td>Aktivacija<\/td>\n<td align=\"right\">Aktivirano z vle\u010denjem<\/td>\n<td>Brez gumbov; vdihnite za vaping.<\/td>\n<\/tr>\n<\/tbody>\n<\/table>\n<h2 class=\"product-title\"><strong>Seznam okusov Vapme 7000 vdihov<\/strong><\/h2>\n<p>1. Borovnica Malina<br \/>\n2. Grozdne jagode<br \/>\n3. \u017dve\u010dilni gumi z okusom jagode in lubenice<br \/>\n4. Sladkarije z okusom jagode in maline<br \/>\n5. Jagoda banana<br \/>\n6. Jagoda mango<br \/>\n7. Breskev mango ananas<br \/>\n8. Lubenica led<br \/>\n9. Trojni mango<br \/>\n10. \u010ce\u0161nja led<br \/>\n11. Pasijonka Melona led<br \/>\n12. Kivi Pasijonka guava<br \/>\n13. Jagoda led<br \/>\n14. Breskev led<br \/>\n15. Blue razz limonada<br \/>\n16. Jagoda kivi<br \/>\n17. Energijska pija\u010da<br \/>\n18. \u010ce\u0161nja kola<br \/>\n19. Me\u0161ano jagodi\u010devje led<br \/>\n20. Limona<br \/>\n21. Jagoda grozdje<br \/>\n22. \u010crni ribez led<br \/>\n23. Borovnica Brusnica \u010de\u0161nja<br \/>\n24. Lubenica kivi led<br \/>\n25. \u010de\u0161njeva jagoda<br \/>\n26. meta<br \/>\n27. tropski sadni pun\u010d<br \/>\n28. gospod modri<br \/>\n29. dvojno jabolko<br \/>\n30. banana led<\/p>\n<h3>Zakaj izbrati vapestornado za veleprodajo Vapme Crystal 7k Vape?<\/h3>\n<div class=\"flex-shrink-0 flex flex-col relative items-end\">\n<div class=\"pt-0\">\n<div class=\"gizmo-bot-avatar flex h-8 w-8 items-center justify-center overflow-hidden rounded-full\">\n<div class=\"relative p-1 rounded-sm flex items-center justify-center bg-token-main-surface-primary text-token-text-primary h-8 w-8\">\n<p>Dobrodo\u0161li v vapestornado, va\u0161i zaupanja vredni spletni trgovini z vrhunskimi vape napravami za enkratno uporabo. Z ve\u010d kot 5 leti strokovnega znanja vam ponujamo priljubljene blagovne znamke vape naprav za enkratno uporabo, kot so Fumot RandM Vape, Vapme, Bang Vape, Waspe Vape in WGA Vape, itd.<\/p>\n<p>Na\u0161a ponudba vklju\u010duje vro\u010de prodajane veipe, kot je <a href=\"https:\/\/vapestornado.com\/sl\/product\/fumot-randm-tornado-15000-puffs-rechargeable-disposable-vape-wholesale\/\">RandM Tornado 15000<\/a>, in izbire, bogate z okusi, kot je <a href=\"https:\/\/vapestornado.com\/sl\/product\/waspe-40000-puffs-double-flavour-led-display-disposable-vape-wholesale\/\">WASPE Dvojni okus 40000 vdihov<\/a> Vsak izdelek je izbran s poudarkom na kakovosti, vrednosti in raznolikosti, kar zagotavlja, da boste na\u0161li popolno ujemanje za svoje potrebe. Odkrijte izjemno storitev in \u0161iroko paleto vrhunskih izdelkov po veleprodajni ceni pri vapestornado.<\/p>\n<\/div>\n<h3><\/h3>\n<div class=\"relative p-1 rounded-sm flex items-center justify-center bg-token-main-surface-primary text-token-text-primary h-8 w-8\">\n<h3>Pogosta vpra\u0161anja o Vapme 7000 Vape za enkratno uporabo<\/h3>\n<p data-start=\"2880\" data-end=\"3068\"><strong data-start=\"2880\" data-end=\"2941\">1. Ali Vapme Crystal 7000 potrebuje polnjenje pred prvo uporabo<\/strong><br data-start=\"2941\" data-end=\"2944\" \/>Ne. <strong data-start=\"2948\" data-end=\"2986\">Vapme Crystal 7000 enkratna e-cigaretka<\/strong> pripravljeni za uporabo. Polnjenje je potrebno \u0161ele kasneje za dokon\u010danje celotnega 14 ml rezervoarja.<\/p>\n<p data-start=\"3070\" data-end=\"3341\"><strong data-start=\"3070\" data-end=\"3148\">2. Kako dolgo traja naprava Vapme Crystal 7K s 14.000 vdihi za obi\u010dajnega kadilca<\/strong><br data-start=\"3148\" data-end=\"3151\" \/>Odvisno od uporabe, vendar ve\u010dina dnevnih uporabnikov dose\u017ee opazno dalj\u0161o \u017eivljenjsko dobo kot modeli s 3.000\u20135.000 vdihi, ker <strong data-start=\"3250\" data-end=\"3276\">Vapme Crystal 7K vdihov<\/strong> nastavitev zdru\u017euje vi\u0161jo oceno vdihov z mo\u017enostjo polnjenja z baterijo.<\/p>\n<p data-start=\"3343\" data-end=\"3564\"><strong data-start=\"3343\" data-end=\"3415\">3. Ali je Vapme Crystal 7000 primeren za tesnej\u0161i cigaretni slog vle\u010denja<\/strong><br data-start=\"3415\" data-end=\"3418\" \/>Da. <strong data-start=\"3427\" data-end=\"3445\">0,8\u03a9 mre\u017easta tuljava<\/strong> v <strong data-start=\"3453\" data-end=\"3475\">Vapme Crystal 7000<\/strong> podpira gladko, uravnote\u017eeno vle\u010denje, ki ga mnogi nekadilci najdejo udobno za dnevne odmore.<\/p>\n<p data-start=\"3566\" data-end=\"3754\"><strong data-start=\"3566\" data-end=\"3616\">4. Ali se okusi pri Vapme Crystal 7000 zgodaj izpraznijo<\/strong><br data-start=\"3616\" data-end=\"3619\" \/>Mre\u017ena tuljava je zasnovana za enakomerno segrevanje, kar pomaga ohranjati okus stabilen globlje v napravi v primerjavi z osnovnimi tuljavami za enkratno uporabo.<\/p>\n<p data-start=\"3756\" data-end=\"3972\"><strong data-start=\"3756\" data-end=\"3824\">5. Ali lahko prodajalci me\u0161ajo okuse v eni \u0161katli Vapme Crystal 7000<\/strong><br data-start=\"3824\" data-end=\"3827\" \/>Ve\u010dina veletrgovcev dovoljuje me\u0161ane \u0161katle z okusi, in z <strong data-start=\"3881\" data-end=\"3895\">30 okusov<\/strong> v <strong data-start=\"3903\" data-end=\"3931\">Vapme Crystal 7000 serijo<\/strong>, trgovine lahko prilagodijo zalogo glede na lokalno povpra\u0161evanje.<\/p>\n<\/div>\n<\/div>\n<\/div>\n<\/div>","protected":false},"excerpt":{"rendered":"<p>Vapme Crystal 7K Vpihljajev Polnilna Vape za Enkratno Uporabo<br \/>\nVapme Crystal 7000 Vape za Enkratno Uporabo Veleprodajna Cena<br \/>\nVapme Vape Crystal 7000 Nizka Vsebnost Nikotina Vape za Enkratno Uporabo<\/p>\n<p><strong>Dodajte Amy na WhatsApp in prejmite takoj\u0161en odgovor ter kupon za vape!<\/strong><\/p>\n<p><img fetchpriority=\"high\" decoding=\"async\" class=\"size-full wp-image-2932\" src=\"https:\/\/vapestornado.com\/wp-content\/uploads\/2024\/12\/Vape-Wholesale.jpg\" alt=\"Vape Veleprodaja\" width=\"229\" height=\"300\" \/><\/p>\n<h3><a href=\"https:\/\/wa.me\/8617776015835\"><span style=\"color: #ff0000;\"><strong>WhatsApp: +386 17776015835<\/strong><\/span><\/a><\/h3>\n<p>&nbsp;<\/p>","protected":false},"featured_media":3071,"comment_status":"open","ping_status":"closed","template":"","meta":{"_acf_changed":false,"_uag_custom_page_level_css":"","_lmt_disableupdate":"no","_lmt_disable":"","_monsterinsights_skip_tracking":false,"_monsterinsights_sitenote_active":false,"_monsterinsights_sitenote_note":"","_monsterinsights_sitenote_category":0,"site-sidebar-layout":"default","site-content-layout":"","ast-site-content-layout":"default","site-content-style":"default","site-sidebar-style":"default","ast-global-header-display":"","ast-banner-title-visibility":"","ast-main-header-display":"","ast-hfb-above-header-display":"","ast-hfb-below-header-display":"","ast-hfb-mobile-header-display":"","site-post-title":"","ast-breadcrumbs-content":"","ast-featured-img":"","footer-sml-layout":"","ast-disable-related-posts":"","theme-transparent-header-meta":"default","adv-header-id-meta":"","stick-header-meta":"","header-above-stick-meta":"","header-main-stick-meta":"","header-below-stick-meta":"","astra-migrate-meta-layouts":"set","ast-page-background-enabled":"default","ast-page-background-meta":{"desktop":{"background-color":"","background-image":"","background-repeat":"repeat","background-position":"center center","background-size":"auto","background-attachment":"scroll","background-type":"","background-media":"","overlay-type":"","overlay-color":"","overlay-opacity":"","overlay-gradient":""},"tablet":{"background-color":"","background-image":"","background-repeat":"repeat","background-position":"center center","background-size":"auto","background-attachment":"scroll","background-type":"","background-media":"","overlay-type":"","overlay-color":"","overlay-opacity":"","overlay-gradient":""},"mobile":{"background-color":"","background-image":"","background-repeat":"repeat","background-position":"center center","background-size":"auto","background-attachment":"scroll","background-type":"","background-media":"","overlay-type":"","overlay-color":"","overlay-opacity":"","overlay-gradient":""}},"ast-content-background-meta":{"desktop":{"background-color":"var(--ast-global-color-5)","background-image":"","background-repeat":"repeat","background-position":"center center","background-size":"auto","background-attachment":"scroll","background-type":"","background-media":"","overlay-type":"","overlay-color":"","overlay-opacity":"","overlay-gradient":""},"tablet":{"background-color":"var(--ast-global-color-5)","background-image":"","background-repeat":"repeat","background-position":"center center","background-size":"auto","background-attachment":"scroll","background-type":"","background-media":"","overlay-type":"","overlay-color":"","overlay-opacity":"","overlay-gradient":""},"mobile":{"background-color":"var(--ast-global-color-5)","background-image":"","background-repeat":"repeat","background-position":"center center","background-size":"auto","background-attachment":"scroll","background-type":"","background-media":"","overlay-type":"","overlay-color":"","overlay-opacity":"","overlay-gradient":""}},"_joinchat":{"telephone":"+8617776015835"}},"product_brand":[],"product_cat":[19,74,141,146,61],"product_tag":[120,122,121,123,93,119,118],"class_list":{"0":"post-3074","1":"product","2":"type-product","3":"status-publish","4":"has-post-thumbnail","6":"product_cat-vapes","7":"product_cat-7000-puff","8":"product_cat-crystal-disposable-vapes","9":"product_cat-rechargeable-disposable-vapes","10":"product_cat-vapme-shisha","11":"product_tag-crystal-vape","12":"product_tag-disposable-vape","13":"product_tag-puff-70000","14":"product_tag-rechargeable-vape","15":"product_tag-vape-wholesale","16":"product_tag-vapme-crystal-7000","17":"product_tag-vapme-vape","18":"desktop-align-left","19":"tablet-align-left","20":"mobile-align-left","22":"first","23":"instock","24":"sale","25":"shipping-taxable","26":"purchasable","27":"product-type-simple"},"acf":[],"uagb_featured_image_src":{"full":["https:\/\/vapestornado.com\/wp-content\/uploads\/2024\/12\/Vapme-Crystal-7000-Puffs-Disposable-Vape-Wholesale.jpg",1126,1126,false],"thumbnail":["https:\/\/vapestornado.com\/wp-content\/uploads\/2024\/12\/Vapme-Crystal-7000-Puffs-Disposable-Vape-Wholesale-150x150.jpg",150,150,true],"medium":["https:\/\/vapestornado.com\/wp-content\/uploads\/2024\/12\/Vapme-Crystal-7000-Puffs-Disposable-Vape-Wholesale-300x300.jpg",300,300,true],"medium_large":["https:\/\/vapestornado.com\/wp-content\/uploads\/2024\/12\/Vapme-Crystal-7000-Puffs-Disposable-Vape-Wholesale-768x768.jpg",768,768,true],"large":["https:\/\/vapestornado.com\/wp-content\/uploads\/2024\/12\/Vapme-Crystal-7000-Puffs-Disposable-Vape-Wholesale-1024x1024.jpg",1024,1024,true],"1536x1536":["https:\/\/vapestornado.com\/wp-content\/uploads\/2024\/12\/Vapme-Crystal-7000-Puffs-Disposable-Vape-Wholesale.jpg",1126,1126,false],"2048x2048":["https:\/\/vapestornado.com\/wp-content\/uploads\/2024\/12\/Vapme-Crystal-7000-Puffs-Disposable-Vape-Wholesale.jpg",1126,1126,false],"trp-custom-language-flag":["https:\/\/vapestornado.com\/wp-content\/uploads\/2024\/12\/Vapme-Crystal-7000-Puffs-Disposable-Vape-Wholesale.jpg",12,12,false],"woocommerce_thumbnail":["https:\/\/vapestornado.com\/wp-content\/uploads\/2024\/12\/Vapme-Crystal-7000-Puffs-Disposable-Vape-Wholesale-300x300.jpg",300,300,true],"woocommerce_single":["https:\/\/vapestornado.com\/wp-content\/uploads\/2024\/12\/Vapme-Crystal-7000-Puffs-Disposable-Vape-Wholesale-600x600.jpg",600,600,true],"woocommerce_gallery_thumbnail":["https:\/\/vapestornado.com\/wp-content\/uploads\/2024\/12\/Vapme-Crystal-7000-Puffs-Disposable-Vape-Wholesale-100x100.jpg",100,100,true]},"uagb_author_info":{"display_name":"ESAMY","author_link":"https:\/\/vapestornado.com\/sl\/author\/"},"uagb_comment_info":0,"uagb_excerpt":"Vapme Crystal 7K Puffs Rechargeable Disposable Vape Vapme Crystal 7000 Disposable Vape Wholesale Price Vapme Vape Crystal 7000 Low Nicotine Disposable Vape Add Amy's whatsapp get right reply and vape vape coupon! WhatsApp: +86 17776015835 &nbsp;","_links":{"self":[{"href":"https:\/\/vapestornado.com\/sl\/wp-json\/wp\/v2\/product\/3074","targetHints":{"allow":["GET"]}}],"collection":[{"href":"https:\/\/vapestornado.com\/sl\/wp-json\/wp\/v2\/product"}],"about":[{"href":"https:\/\/vapestornado.com\/sl\/wp-json\/wp\/v2\/types\/product"}],"replies":[{"embeddable":true,"href":"https:\/\/vapestornado.com\/sl\/wp-json\/wp\/v2\/comments?post=3074"}],"wp:featuredmedia":[{"embeddable":true,"href":"https:\/\/vapestornado.com\/sl\/wp-json\/wp\/v2\/media\/3071"}],"wp:attachment":[{"href":"https:\/\/vapestornado.com\/sl\/wp-json\/wp\/v2\/media?parent=3074"}],"wp:term":[{"taxonomy":"product_brand","embeddable":true,"href":"https:\/\/vapestornado.com\/sl\/wp-json\/wp\/v2\/product_brand?post=3074"},{"taxonomy":"product_cat","embeddable":true,"href":"https:\/\/vapestornado.com\/sl\/wp-json\/wp\/v2\/product_cat?post=3074"},{"taxonomy":"product_tag","embeddable":true,"href":"https:\/\/vapestornado.com\/sl\/wp-json\/wp\/v2\/product_tag?post=3074"}],"curies":[{"name":"wp","href":"https:\/\/api.w.org\/{rel}","templated":true}]}}