{"id":3064,"date":"2024-12-10T08:39:40","date_gmt":"2024-12-10T08:39:40","guid":{"rendered":"https:\/\/vapestornado.com\/?post_type=product&#038;p=3064"},"modified":"2025-12-04T07:06:41","modified_gmt":"2025-12-04T07:06:41","slug":"fumot-randm-tornado-25000-puffs-touch-disposable-vape-wholesale-online","status":"publish","type":"product","link":"https:\/\/vapestornado.com\/sl\/product\/fumot-randm-tornado-25000-puffs-touch-disposable-vape-wholesale-online\/","title":{"rendered":"Fumot RandM Tornado 25000 Puffs Touch Disposable Vape Veleprodaja Spletna trgovina"},"content":{"rendered":"<h2 class=\"product-title\">Fumot RandM Tornado 25000 Puff Disposable Vape \u2014 Pametna mo\u010d, dolgo trajanje, vrhunski okus<\/h2>\n<p data-start=\"285\" data-end=\"669\">\u010ce i\u0161\u010dete <strong data-start=\"309\" data-end=\"337\">25k puff disposable vape<\/strong> ki resni\u010dno traja in je \u0161e vedno moden za uporabo, <strong data-start=\"390\" data-end=\"430\">Fumot RandM Tornado 25000 Puff disposable vape<\/strong> je zasnovan tako, da presega obi\u010dajne visokozmogljive mo\u017enosti. Z <strong data-start=\"491\" data-end=\"508\">ve\u010d kot 25.000 potiskov<\/strong>, gladkim sistemom dvojne mre\u017ene tuljave in odzivnim zaslonom Smart Touch, zagotavlja dolge seje, dosleden okus in enostavno upravljanje v eni napravi, pripravljeni za \u017eep.<\/p>\n<h3 data-start=\"671\" data-end=\"723\">Zakaj je to najbolj\u0161i 25K puff vape za vsakodnevne uporabnike<\/h3>\n<p data-start=\"724\" data-end=\"1134\">Ve\u010dina najdalj trajajo\u010dih disposable naprav \u017ertvuje okus ali preneha delovati, preden se teko\u010dina izprazni. <strong data-start=\"809\" data-end=\"854\">Fumot RandM Tornado 25000 Puff Touch vape<\/strong> re\u0161uje to ravnovesje z <strong data-start=\"882\" data-end=\"920\">disposable vape 25k z dvojno mre\u017eno tuljavo<\/strong> ki enakomerno segreva in ohranja okus \u010dist od prvega do zadnjega potiska. Ne glede na to, ali imate radi sadne me\u0161anice, hladne ledene profile ali sladkosti v sladoledu, okus ostaja stabilen in ne zbledi sredi naprave.<\/p>\n<p data-start=\"1136\" data-end=\"1312\">Ker je zasnovan za dalj\u0161o uporabo, ga mnogi kupci uvr\u0161\u010dajo med <strong data-start=\"1206\" data-end=\"1228\">najbolj\u0161e 25k puff vape<\/strong> za intenzivno vsakodnevno vapanje, medtem ko ga spro\u0161\u010deni uporabniki redko potrebujejo zamenjati.<\/p>\n<h3 data-start=\"1314\" data-end=\"1383\">Pameten zaslon na dotik + nastavljiva mo\u010d (Preprosto, ni zapleteno)<\/h3>\n<p data-start=\"1384\" data-end=\"1533\">To je ve\u010d kot standardna enkratna uporaba. Je <strong data-start=\"1432\" data-end=\"1476\">zaslon na dotik enkratna uporaba vape 25000 vdihov<\/strong> s pametnim vmesnikom na dotik, zasnovanim za resni\u010dno udobje:<\/p>\n<ul data-start=\"1535\" data-end=\"1669\">\n<li data-start=\"1535\" data-end=\"1598\">\n<p data-start=\"1537\" data-end=\"1598\"><strong data-start=\"1537\" data-end=\"1551\">Dvakratni dotik<\/strong> za takoj\u0161en pregled \u017eivljenjske dobe baterije in mo\u010di.<\/p>\n<\/li>\n<li data-start=\"1599\" data-end=\"1669\">\n<p data-start=\"1601\" data-end=\"1669\"><strong data-start=\"1601\" data-end=\"1615\">Trikratni dotik<\/strong> za prilagoditev izhoda za bolj gladke vdihavanje ali bolj mo\u010dne oblake.<\/p>\n<\/li>\n<\/ul>\n<p data-start=\"1671\" data-end=\"1969\">To jo naredi pravi <strong data-start=\"1692\" data-end=\"1742\">pametni dotik enkratna uporaba vape z nastavljivo mo\u010djo<\/strong> mo\u017enost \u2014 popolno za uporabnike, ki \u017eelijo nadzor brez menijev ali aplikacij. \u010ce radi jasno vidite stanje naprave, boste cenili <strong data-start=\"1877\" data-end=\"1912\">enkratno uporabo vape z TFT zaslonom<\/strong> stil prikaza, ki vse dr\u017ei na vidiku na prvi pogled.<\/p>\n<h3 data-start=\"1971\" data-end=\"2012\">Polnjenje s Type-C za uporabo pri vsakem vdihu<\/h3>\n<p data-start=\"2013\" data-end=\"2239\">The <strong data-start=\"2017\" data-end=\"2067\">RandM 25K Type-C polnljiva enkratna uporaba vape<\/strong> deluje na vzdr\u017eljivo <strong data-start=\"2086\" data-end=\"2104\">700mAh baterijo<\/strong> z hitrim polnjenjem s Type-C. To pomeni, da lahko polnite po potrebi in dokon\u010date celoten rezervoar \u2014 brez izgubljenih vdihov, brez zgodnjega izpada baterije.<\/p>\n<h3 data-start=\"2241\" data-end=\"2269\">Zabaven dodatek: na\u010din za igre<\/h3>\n<p data-start=\"2270\" data-end=\"2523\">Za uporabnike, ki \u017eelijo nekaj druga\u010dnega, opcijski <strong data-start=\"2323\" data-end=\"2363\">RandM Tornado 25000 na\u010din za igre vape<\/strong> doda interaktivni pridih. Ni obvezen za vaping \u2014 le edinstven dodatek, ki napravi daje ob\u010dutek bolj presti\u017ene in ji pomaga, da se izstopa na policah.<\/p>\n<p>&nbsp;<\/p>\n<p><strong>Dodajte Amy na Whatsapp in prejmite takoj\u0161en odgovor ter kupon za vape!<\/strong><\/p>\n<p><img fetchpriority=\"high\" decoding=\"async\" class=\"size-full wp-image-2932\" src=\"https:\/\/vapestornado.com\/wp-content\/uploads\/2024\/12\/Vape-Wholesale.jpg\" alt=\"Vape Veleprodaja\" width=\"229\" height=\"300\" \/><\/p>\n<h3><a href=\"https:\/\/wa.me\/8617776015835\" target=\"_blank\" rel=\"noopener\"><span style=\"color: #ff0000;\"><strong>WhatsApp: +386 17776015835<\/strong><\/span><\/a><\/h3>\n<p>&nbsp;<\/p>\n<h2><strong>Zna\u010dilnosti izdelka RandM Tornado 25000<\/strong><\/h2>\n<table>\n<thead>\n<tr>\n<th>Parameter<\/th>\n<th align=\"right\">Spec<\/th>\n<th>\u010clove\u0161ko razlago<\/th>\n<\/tr>\n<\/thead>\n<tbody>\n<tr>\n<td>Zmogljivost vdihovanja<\/td>\n<td align=\"right\">ve\u010d kot 25.000 potiskov<\/td>\n<td>Traja tedni za ve\u010dino uporabnikov; manj zamenjav.<\/td>\n<\/tr>\n<tr>\n<td>Baterija<\/td>\n<td align=\"right\">700mAh polnljiva baterija<\/td>\n<td>Ve\u010dja baterija podpira celoten \u0161tetje vdihov; ponovno polnjenje za dokon\u010danje vsega soka.<\/td>\n<\/tr>\n<tr>\n<td>Polnjenje<\/td>\n<td align=\"right\">USB Tip-C<\/td>\n<td>Sodobni standard hitrega polnjenja; enostavno najti kable.<\/td>\n<\/tr>\n<tr>\n<td>Vrsta Tuljave<\/td>\n<td align=\"right\">Dvojne mre\u017easte tuljave<\/td>\n<td>Enakomerno segrevanje = mo\u010dnej\u0161a konsistenca okusa in gladek vapor.<\/td>\n<\/tr>\n<tr>\n<td>Zaslon \/ Upravljanje<\/td>\n<td align=\"right\">Pametni dotik + digitalni zaslon<\/td>\n<td>Dotaknite se za preverjanje baterije\/wattage; prilagodite mo\u010d brez menijev.<\/td>\n<\/tr>\n<tr>\n<td>Prilagoditev mo\u010di<\/td>\n<td align=\"right\">Trojni dotik za spremembo izhoda<\/td>\n<td>Omogo\u010da izbiro mehkej\u0161ih vdihov ali bolj mo\u010dnih oblakov.<\/td>\n<\/tr>\n<tr>\n<td>Na\u010din igranja<\/td>\n<td align=\"right\">Interaktivni opcijski na\u010din<\/td>\n<td>Doda novost in privla\u010dnost na polici za mlaj\u0161e\/uporabnike s tehnologijo.<\/td>\n<\/tr>\n<tr>\n<td>Aktivacija<\/td>\n<td align=\"right\">Aktivirano z vle\u010denjem<\/td>\n<td>Za uporabo vapinga ni potrebnih gumbov; vdihnite za uporabo.<\/td>\n<\/tr>\n<tr>\n<td>Ciljni uporabniki<\/td>\n<td align=\"right\">Priljubljeni do intenzivni vapoterji<\/td>\n<td>Deluje tako za celodnevne uporabnike kot ob\u010dasne vapoterje.<\/td>\n<\/tr>\n<tr>\n<td>Prilagoditev na trg<\/td>\n<td align=\"right\">EU maloprodaja in veleprodaja<\/td>\n<td>Visoka zmogljivost + vrhunske funkcije poganjajo ponovne nakupe.<\/td>\n<\/tr>\n<\/tbody>\n<\/table>\n<h2 class=\"product-title\"><strong>Seznam okusov RandM 25000<\/strong><\/h2>\n<p>1. Banana Ice (banana z ledom)<br \/>\n2. Jagoda lubenica<br \/>\n3. Miami Mint<br \/>\n4. Borovnica Malina<br \/>\n5. \u010crni led<br \/>\n6. Beli gumijasti led<br \/>\n7. Lubenica led<br \/>\n8. So\u010den breskov led<br \/>\n9. Roza limonada<br \/>\n10. Jagoda mango<br \/>\n11. Breskev Mango Lubenica<br \/>\n12. Grozdna limona<br \/>\n13. Tropski mavri\u010dni izbruh<br \/>\n14. \u010ce\u0161njeva bomba<br \/>\n15. Jagodna meta bonbon<br \/>\n16. Dvojno jabolko<br \/>\n17. Borovnica na ledu<br \/>\n18. Jagodni led<br \/>\n19. Bujni led<br \/>\n20. Ananasov led<br \/>\n21. Grozdni led<br \/>\n22. Dr. Blue<br \/>\n23. Kivi, pasijonka, guava<br \/>\n24. \u010ce\u0161njeva kola<\/p>\n<figure id=\"attachment_3266\" aria-describedby=\"caption-attachment-3266\" style=\"width: 300px\" class=\"wp-caption alignnone\"><img decoding=\"async\" class=\"size-medium wp-image-3266\" src=\"https:\/\/vapestornado.com\/wp-content\/uploads\/2024\/12\/Buy-RandM-Tornado-25K-Vape-300x201.png\" alt=\"Kupi Fumot RandM Tornado 250000 Vape\" width=\"300\" height=\"201\" srcset=\"https:\/\/vapestornado.com\/wp-content\/uploads\/2024\/12\/Buy-RandM-Tornado-25K-Vape-300x201.png 300w, https:\/\/vapestornado.com\/wp-content\/uploads\/2024\/12\/Buy-RandM-Tornado-25K-Vape-768x515.png 768w, https:\/\/vapestornado.com\/wp-content\/uploads\/2024\/12\/Buy-RandM-Tornado-25K-Vape-600x403.png 600w, https:\/\/vapestornado.com\/wp-content\/uploads\/2024\/12\/Buy-RandM-Tornado-25K-Vape.png 900w\" sizes=\"(max-width: 300px) 100vw, 300px\" \/><figcaption id=\"caption-attachment-3266\" class=\"wp-caption-text\">Kupi Fumot RandM Tornado 250000 Vape<\/figcaption><\/figure>\n<figure id=\"attachment_3266\" aria-describedby=\"caption-attachment-3266\" style=\"width: 300px\" class=\"wp-caption alignnone\"><img decoding=\"async\" class=\"size-medium wp-image-3266\" src=\"https:\/\/vapestornado.com\/wp-content\/uploads\/2024\/12\/Buy-RandM-Tornado-25K-Vape-300x201.png\" alt=\"Kupi Fumot RandM Tornado 250000 Vape\" width=\"300\" height=\"201\" srcset=\"https:\/\/vapestornado.com\/wp-content\/uploads\/2024\/12\/Buy-RandM-Tornado-25K-Vape-300x201.png 300w, https:\/\/vapestornado.com\/wp-content\/uploads\/2024\/12\/Buy-RandM-Tornado-25K-Vape-768x515.png 768w, https:\/\/vapestornado.com\/wp-content\/uploads\/2024\/12\/Buy-RandM-Tornado-25K-Vape-600x403.png 600w, https:\/\/vapestornado.com\/wp-content\/uploads\/2024\/12\/Buy-RandM-Tornado-25K-Vape.png 900w\" sizes=\"(max-width: 300px) 100vw, 300px\" \/><figcaption id=\"caption-attachment-3266\" class=\"wp-caption-text\">Kupi Fumot RandM Tornado 250000 Vape<\/figcaption><\/figure>\n<h3>Zakaj izbrati vapestornado za veleprodajo vape Fumot 25k?<\/h3>\n<div class=\"flex-shrink-0 flex flex-col relative items-end\">\n<div class=\"pt-0\">\n<div class=\"gizmo-bot-avatar flex h-8 w-8 items-center justify-center overflow-hidden rounded-full\">\n<div class=\"relative p-1 rounded-sm flex items-center justify-center bg-token-main-surface-primary text-token-text-primary h-8 w-8\">\n<p>Dobrodo\u0161li v vapestornado, va\u0161i zaupanja vredni spletni trgovini z vrhunskimi vape napravami za enkratno uporabo. Z ve\u010d kot 5 leti strokovnega znanja vam ponujamo priljubljene blagovne znamke vape naprav za enkratno uporabo, kot so Fumot RandM Vape, Vapme, Bang Vape, Waspe Vape in WGA Vape, itd.<\/p>\n<p>Na\u0161a ponudba vklju\u010duje vro\u010de prodajane veipe, kot je <a href=\"https:\/\/vapestornado.com\/sl\/product\/fumot-randm-tornado-15000-puffs-rechargeable-disposable-vape-wholesale\/\">RandM Tornado 15000<\/a>, in izbire, bogate z okusi, kot je <a href=\"https:\/\/vapestornado.com\/sl\/product\/waspe-40000-puffs-double-flavour-led-display-disposable-vape-wholesale\/\">WASPE Dvojni okus 40000 vdihov<\/a> Vsak izdelek je izbran s poudarkom na kakovosti, vrednosti in raznolikosti, kar zagotavlja, da boste na\u0161li popolno ujemanje za svoje potrebe. Odkrijte izjemno storitev in \u0161iroko paleto vrhunskih izdelkov po veleprodajni ceni pri vapestornado.<\/p>\n<\/div>\n<h3><\/h3>\n<div class=\"relative p-1 rounded-sm flex items-center justify-center bg-token-main-surface-primary text-token-text-primary h-8 w-8\">\n<h3>Pogosta vpra\u0161anja o RandM 25k Disposable Vape<\/h3>\n<p data-start=\"4913\" data-end=\"5124\"><strong data-start=\"4913\" data-end=\"4989\">1. Ali disposable naprave potrebujejo poseben polnilec za Fumot RandM 25K Puff?<\/strong><br data-start=\"4989\" data-end=\"4992\" \/>Ne. The <strong data-start=\"5000\" data-end=\"5046\">Fumot RandM 25K Puff Touch Disposable Vape<\/strong> uporablja standardno <strong data-start=\"5061\" data-end=\"5075\">USB Tip-C<\/strong>, zato deluje vsak kabel Type-C in varen USB adapter.<\/p>\n<p data-start=\"5126\" data-end=\"5380\"><strong data-start=\"5126\" data-end=\"5212\">2. Ali disposable naprave hitreje povzro\u010dijo odvisnost \u2014 vklju\u010dno s Fumot RandM 25K Puff?<\/strong><br data-start=\"5212\" data-end=\"5215\" \/>Tveganje odvisnosti je od <strong data-start=\"5241\" data-end=\"5287\">jakosti nikotina in pogostosti uporabe<\/strong>, ne le od \u0161tevila vdiha. \u010ce ste zaskrbljeni, izberite ni\u017ejo mo\u017enost nikotina in zmerno uporabo.<\/p>\n<p data-start=\"5382\" data-end=\"5657\"><strong data-start=\"5382\" data-end=\"5462\">3. Katera disposable naprava traja dlje: Fumot RandM 25K Puff ali 10k\/20k naprave?<\/strong><br data-start=\"5462\" data-end=\"5465\" \/>V resni\u010dni uporabi <strong data-start=\"5482\" data-end=\"5506\">Fumot RandM 25K Puff<\/strong> obi\u010dajno traja dlje, ker zdru\u017euje <strong data-start=\"5550\" data-end=\"5612\">ve\u010d kot 25.000 vdihov, dvojne mre\u017ene tuljave in polnljivo baterijo<\/strong>, medtem ko naprave z ni\u017ejim \u0161tevilom vdihov kon\u010dajo prej.<\/p>\n<p data-start=\"5659\" data-end=\"5949\"><strong data-start=\"5659\" data-end=\"5743\">4. Katere so najbolj\u0161e arome v liniji Fumot 25K Puff Touch trenutno?<\/strong><br data-start=\"5743\" data-end=\"5746\" \/>Najbolj prodajane obi\u010dajno prihajajo iz <strong data-start=\"5776\" data-end=\"5814\">sadni-led in me\u0161ani sadni profili<\/strong>, ker ostanejo osve\u017eujo\u010di skozi dolge seje. Razpolo\u017eljivost se razlikuje glede na regijo, zato preverite trenutno seznam okusov na strani izdelka.<\/p>\n<p data-start=\"5951\" data-end=\"6200\"><strong data-start=\"5951\" data-end=\"6022\">5. Ali lahko na letalo prinesem enkratno e-cigaretno napravo RandM 25000 Puff?<\/strong><br data-start=\"6022\" data-end=\"6025\" \/>Ve\u010dina letalskih prevoznikov dovoljuje enkratne naprave <strong data-start=\"6057\" data-end=\"6085\">samo v ro\u010dni prtljagi<\/strong>, ne v oddani prtljagi, zaradi pravil o baterijah. Ostanite zape\u010dateni in pred potovanjem preverite najnovej\u0161o politiko va\u0161e letalske dru\u017ebe.<\/p>\n<\/div>\n<\/div>\n<\/div>\n<\/div>","protected":false},"excerpt":{"rendered":"<p>Fumot RandM Tornado 25000 Vpihov Zaslon na Dotik za Enkratno Uporabo<br \/>\nPUFF 25000 RandM Vape Tornado Veleprodajna Cena<br \/>\nRandM Vape Tornado 25000 Digitalni Zaslon za Enkratno Uporabo<\/p>\n<p><strong>Dodajte Amy na WhatsApp in prejmite takoj\u0161en odgovor ter kupon za vape!<\/strong><\/p>\n<p><img fetchpriority=\"high\" decoding=\"async\" class=\"size-full wp-image-2932\" src=\"https:\/\/vapestornado.com\/wp-content\/uploads\/2024\/12\/Vape-Wholesale.jpg\" alt=\"Vape Veleprodaja\" width=\"229\" height=\"300\" \/><\/p>\n<h3><a href=\"https:\/\/wa.me\/8617776015835\"><span style=\"color: #ff0000;\"><strong>WhatsApp: +386 17776015835<\/strong><\/span><\/a><\/h3>\n<p>&nbsp;<\/p>","protected":false},"featured_media":3038,"comment_status":"open","ping_status":"closed","template":"","meta":{"_acf_changed":false,"_uag_custom_page_level_css":"","_lmt_disableupdate":"no","_lmt_disable":"","_monsterinsights_skip_tracking":false,"_monsterinsights_sitenote_active":false,"_monsterinsights_sitenote_note":"","_monsterinsights_sitenote_category":0,"site-sidebar-layout":"default","site-content-layout":"","ast-site-content-layout":"default","site-content-style":"default","site-sidebar-style":"default","ast-global-header-display":"","ast-banner-title-visibility":"","ast-main-header-display":"","ast-hfb-above-header-display":"","ast-hfb-below-header-display":"","ast-hfb-mobile-header-display":"","site-post-title":"","ast-breadcrumbs-content":"","ast-featured-img":"","footer-sml-layout":"","ast-disable-related-posts":"","theme-transparent-header-meta":"default","adv-header-id-meta":"","stick-header-meta":"","header-above-stick-meta":"","header-main-stick-meta":"","header-below-stick-meta":"","astra-migrate-meta-layouts":"set","ast-page-background-enabled":"default","ast-page-background-meta":{"desktop":{"background-color":"","background-image":"","background-repeat":"repeat","background-position":"center center","background-size":"auto","background-attachment":"scroll","background-type":"","background-media":"","overlay-type":"","overlay-color":"","overlay-opacity":"","overlay-gradient":""},"tablet":{"background-color":"","background-image":"","background-repeat":"repeat","background-position":"center center","background-size":"auto","background-attachment":"scroll","background-type":"","background-media":"","overlay-type":"","overlay-color":"","overlay-opacity":"","overlay-gradient":""},"mobile":{"background-color":"","background-image":"","background-repeat":"repeat","background-position":"center center","background-size":"auto","background-attachment":"scroll","background-type":"","background-media":"","overlay-type":"","overlay-color":"","overlay-opacity":"","overlay-gradient":""}},"ast-content-background-meta":{"desktop":{"background-color":"var(--ast-global-color-5)","background-image":"","background-repeat":"repeat","background-position":"center center","background-size":"auto","background-attachment":"scroll","background-type":"","background-media":"","overlay-type":"","overlay-color":"","overlay-opacity":"","overlay-gradient":""},"tablet":{"background-color":"var(--ast-global-color-5)","background-image":"","background-repeat":"repeat","background-position":"center center","background-size":"auto","background-attachment":"scroll","background-type":"","background-media":"","overlay-type":"","overlay-color":"","overlay-opacity":"","overlay-gradient":""},"mobile":{"background-color":"var(--ast-global-color-5)","background-image":"","background-repeat":"repeat","background-position":"center center","background-size":"auto","background-attachment":"scroll","background-type":"","background-media":"","overlay-type":"","overlay-color":"","overlay-opacity":"","overlay-gradient":""}},"_joinchat":{"telephone":"+8617776015835"}},"product_brand":[],"product_cat":[68,58,19],"product_tag":[83,115,117,116,78,114],"class_list":{"0":"post-3064","1":"product","2":"type-product","3":"status-publish","4":"has-post-thumbnail","6":"product_cat-25000-puff","7":"product_cat-fumot-vape","8":"product_cat-vapes","9":"product_tag-fumot-vape","10":"product_tag-randm-25000","11":"product_tag-randm-25k","12":"product_tag-randm-tornado-25000","13":"product_tag-randm-vape","14":"product_tag-tornado-vape","15":"desktop-align-left","16":"tablet-align-left","17":"mobile-align-left","19":"first","20":"instock","21":"sale","22":"shipping-taxable","23":"purchasable","24":"product-type-simple"},"acf":[],"uagb_featured_image_src":{"full":["https:\/\/vapestornado.com\/wp-content\/uploads\/2024\/12\/PUFF-25000-Tornado-RandM-Vape.jpg",1182,1182,false],"thumbnail":["https:\/\/vapestornado.com\/wp-content\/uploads\/2024\/12\/PUFF-25000-Tornado-RandM-Vape-150x150.jpg",150,150,true],"medium":["https:\/\/vapestornado.com\/wp-content\/uploads\/2024\/12\/PUFF-25000-Tornado-RandM-Vape-300x300.jpg",300,300,true],"medium_large":["https:\/\/vapestornado.com\/wp-content\/uploads\/2024\/12\/PUFF-25000-Tornado-RandM-Vape-768x768.jpg",768,768,true],"large":["https:\/\/vapestornado.com\/wp-content\/uploads\/2024\/12\/PUFF-25000-Tornado-RandM-Vape-1024x1024.jpg",1024,1024,true],"1536x1536":["https:\/\/vapestornado.com\/wp-content\/uploads\/2024\/12\/PUFF-25000-Tornado-RandM-Vape.jpg",1182,1182,false],"2048x2048":["https:\/\/vapestornado.com\/wp-content\/uploads\/2024\/12\/PUFF-25000-Tornado-RandM-Vape.jpg",1182,1182,false],"trp-custom-language-flag":["https:\/\/vapestornado.com\/wp-content\/uploads\/2024\/12\/PUFF-25000-Tornado-RandM-Vape.jpg",12,12,false],"woocommerce_thumbnail":["https:\/\/vapestornado.com\/wp-content\/uploads\/2024\/12\/PUFF-25000-Tornado-RandM-Vape-300x300.jpg",300,300,true],"woocommerce_single":["https:\/\/vapestornado.com\/wp-content\/uploads\/2024\/12\/PUFF-25000-Tornado-RandM-Vape-600x600.jpg",600,600,true],"woocommerce_gallery_thumbnail":["https:\/\/vapestornado.com\/wp-content\/uploads\/2024\/12\/PUFF-25000-Tornado-RandM-Vape-100x100.jpg",100,100,true]},"uagb_author_info":{"display_name":"ESAMY","author_link":"https:\/\/vapestornado.com\/sl\/author\/"},"uagb_comment_info":0,"uagb_excerpt":"Fumot RandM Tornado 25000 Puffs Touch Disposable Vape PUFF 25000 RandM Vape Tornado Wholesale Price RandM Vape Tornado 25000 Digital Display Disposable Vape Add Amy's whatsapp get right reply and vape vape coupon! WhatsApp: +86 17776015835 &nbsp;","_links":{"self":[{"href":"https:\/\/vapestornado.com\/sl\/wp-json\/wp\/v2\/product\/3064","targetHints":{"allow":["GET"]}}],"collection":[{"href":"https:\/\/vapestornado.com\/sl\/wp-json\/wp\/v2\/product"}],"about":[{"href":"https:\/\/vapestornado.com\/sl\/wp-json\/wp\/v2\/types\/product"}],"replies":[{"embeddable":true,"href":"https:\/\/vapestornado.com\/sl\/wp-json\/wp\/v2\/comments?post=3064"}],"wp:featuredmedia":[{"embeddable":true,"href":"https:\/\/vapestornado.com\/sl\/wp-json\/wp\/v2\/media\/3038"}],"wp:attachment":[{"href":"https:\/\/vapestornado.com\/sl\/wp-json\/wp\/v2\/media?parent=3064"}],"wp:term":[{"taxonomy":"product_brand","embeddable":true,"href":"https:\/\/vapestornado.com\/sl\/wp-json\/wp\/v2\/product_brand?post=3064"},{"taxonomy":"product_cat","embeddable":true,"href":"https:\/\/vapestornado.com\/sl\/wp-json\/wp\/v2\/product_cat?post=3064"},{"taxonomy":"product_tag","embeddable":true,"href":"https:\/\/vapestornado.com\/sl\/wp-json\/wp\/v2\/product_tag?post=3064"}],"curies":[{"name":"wp","href":"https:\/\/api.w.org\/{rel}","templated":true}]}}