{"id":3062,"date":"2024-12-10T08:21:23","date_gmt":"2024-12-10T08:21:23","guid":{"rendered":"https:\/\/vapestornado.com\/?post_type=product&#038;p=3062"},"modified":"2025-12-05T09:32:41","modified_gmt":"2025-12-05T09:32:41","slug":"randm-tornado-9000-puffs-rechargeable-disposable-vape-wholesale-online","status":"publish","type":"product","link":"https:\/\/vapestornado.com\/sl\/product\/randm-tornado-9000-puffs-rechargeable-disposable-vape-wholesale-online\/","title":{"rendered":"RandM Tornado 9000 Vpihov Polnilni Vape za Enkratno Uporabo na Debelo na Spletu"},"content":{"rendered":"<h1 class=\"product-title\">RandM Tornado 9000 Vpihov Polnilni Vape za Enkratno Uporabo na Debelo na Spletu<\/h1>\n<p data-start=\"1186\" data-end=\"1344\">RandM Tornado 9000 je kompaktni enkratni vaper z mo\u017enostjo polnjenja, s 9.000+ vdihi, 18 ml vnaprej napolnjene teko\u010dine, baterijo 850mAh Type-C, izhodom s mre\u017eno tuljavo in RGB zaslonom \u2014 zasnovan za dolgo dnevno uporabo in jasno sledenje.<\/p>\n<p data-start=\"545\" data-end=\"882\"><strong data-start=\"545\" data-end=\"591\">Ve\u010d kot 9.000 vdihov, ki podalj\u0161ajo \u017eivljenjsko dobo naprave.<\/strong><br data-start=\"591\" data-end=\"594\" \/>The <strong data-start=\"598\" data-end=\"636\">RandM Tornado 9000 enkratni vaper<\/strong> spada v razred 'uporabi ga za nekaj \u010dasa'. Njegov <strong data-start=\"680\" data-end=\"699\">ocenjeni 9K+ vdihov<\/strong> ga naredi trd korak naprej od majhnih odpadnih naprav, tako da ne morate menjavati vapov vsak drugi dan. Za redne kadilce, ki vapejo med delovnimi odmorih in zve\u010der, je ta doslednost pomembna.<\/p>\n<p data-start=\"884\" data-end=\"1120\"><strong data-start=\"884\" data-end=\"919\">18 ml rezervoar, brez polnjenja, brez nereda.<\/strong><br data-start=\"919\" data-end=\"922\" \/>Vsaka enota prihaja <strong data-start=\"938\" data-end=\"971\">vnaprej napolnjena z 18 ml e-teko\u010dine<\/strong>, usklajena s \u0161tevilom vdihov. Ideja je preprosta: odpri paket, vapej, napolni, ko je potrebno, in ga porabi brez steklenic ali vlo\u017ekov za menjavo.<\/p>\n<p data-start=\"1122\" data-end=\"1338\"><strong data-start=\"1122\" data-end=\"1159\">Mre\u017ena tuljava, ki ostaja gladka.<\/strong><br data-start=\"1159\" data-end=\"1162\" \/>A <strong data-start=\"1164\" data-end=\"1177\">mre\u017easto tuljavo<\/strong> enakomerno razporeja toploto, tako da para ostaja stabilna in okus dlje \u010dasa ohrani. Prav tako pomaga prepre\u010diti suho, za\u017egano rob, ki ga lahko razvijejo osnovne tuljave, ko rezervoar postane prazn.<\/p>\n<p data-start=\"1340\" data-end=\"1599\"><strong data-start=\"1340\" data-end=\"1384\">Polnljiva baterija 850mAh s Type-C priklju\u010dkom.<\/strong><br data-start=\"1384\" data-end=\"1387\" \/>The <strong data-start=\"1391\" data-end=\"1409\">850 mAh<\/strong> je polnljiva in <strong data-start=\"1431\" data-end=\"1459\">hitro polnjenje USB Type-C<\/strong> ostaja prakti\u010dna. Ko pade mo\u010d, kratko polnjenje povrne polno mo\u010d, kar vam omogo\u010da, da dokon\u010date celih 18 ml brez odpadkov.<\/p>\n<p data-start=\"1822\" data-end=\"2064\"><strong data-start=\"1822\" data-end=\"1857\">54 okusov in mo\u017enosti z nizko nikotinsko vsebnostjo.<\/strong><br data-start=\"1857\" data-end=\"1860\" \/>S <strong data-start=\"1865\" data-end=\"1879\">54 okusov<\/strong>, RandM Tornado 9K pokriva obi\u010dajne priljubljene okuse v EU \u2014 sadje, led, sladke me\u0161anice \u2014 tako da lahko ljudje ostanejo pri tistem, kar jim je v\u0161e\u010d. Na voljo so tudi razli\u010dice z nizko nikotinsko vsebnostjo za uporabnike, ki \u017eelijo la\u017eji dnevni odmerek.<\/p>\n<p>&nbsp;<\/p>\n<p><strong>Dodajte Amy na Whatsapp in prejmite takoj\u0161en odgovor ter kupon za vape!<\/strong><\/p>\n<p><img fetchpriority=\"high\" decoding=\"async\" class=\"size-full wp-image-2932\" src=\"https:\/\/vapestornado.com\/wp-content\/uploads\/2024\/12\/Vape-Wholesale.jpg\" alt=\"Vape Veleprodaja\" width=\"229\" height=\"300\" \/><\/p>\n<h3><a href=\"https:\/\/wa.me\/8617776015835\" target=\"_blank\" rel=\"noopener\"><span style=\"color: #ff0000;\"><strong>WhatsApp: +386 17776015835<\/strong><\/span><\/a><\/h3>\n<p>&nbsp;<\/p>\n<h2><strong>RandM Tornado 9000 Lastnosti izdelka<\/strong><\/h2>\n<table>\n<thead>\n<tr>\n<th>Zna\u010dilnost \/ Parameter<\/th>\n<th align=\"right\">Spec<\/th>\n<th>Razlaga<\/th>\n<\/tr>\n<\/thead>\n<tbody>\n<tr>\n<td>Ime izdelka<\/td>\n<td align=\"right\">RandM Tornado 9000<\/td>\n<td>Jasno ime modela za ponovne naro\u010dila in iskanje.<\/td>\n<\/tr>\n<tr>\n<td>Zmogljivost vdihovanja<\/td>\n<td align=\"right\">9.000+ vdihov<\/td>\n<td>Dalj\u0161a uporaba kot standardni disposable; manj zamenjav.<\/td>\n<\/tr>\n<tr>\n<td>Prostornina E-teko\u010dine<\/td>\n<td align=\"right\">18ml vnaprej napolnjen<\/td>\n<td>Dovolj velik, da podpira oceno 9K brez polnjenj.<\/td>\n<\/tr>\n<tr>\n<td>Vrsta Tuljave<\/td>\n<td align=\"right\">Mre\u017easta tuljava<\/td>\n<td>Enakomerno segrevanje = bolj gladek poteg in stabilen okus.<\/td>\n<\/tr>\n<tr>\n<td>Baterija<\/td>\n<td align=\"right\">850mAh polnljiva baterija<\/td>\n<td>Nadomestite do konca rezervoarja z polnjenjem namesto zgodnjega zavr\u017eanja.<\/td>\n<\/tr>\n<tr>\n<td>Polnjenje<\/td>\n<td align=\"right\">USB Type-C hitri polnilec<\/td>\n<td>Standardni kabel; hitri polnki.<\/td>\n<\/tr>\n<tr>\n<td>Zaslon<\/td>\n<td align=\"right\">RGB zaslon z informacijami o vdihu + bateriji<\/td>\n<td>Sledi uporabi in preostali mo\u010di na prvi pogled.<\/td>\n<\/tr>\n<tr>\n<td>Okusi<\/td>\n<td align=\"right\">54 mo\u017enosti<\/td>\n<td>\u0160irok izbor za razli\u010dne okuse in trge.<\/td>\n<\/tr>\n<tr>\n<td>Nikotin<\/td>\n<td align=\"right\">Na voljo so razli\u010dice z nizko vsebnostjo nikotina<\/td>\n<td>Primeren za la\u017eji dnevni vnos ali uporabnike, ki zmanj\u0161ujejo vnos.<\/td>\n<\/tr>\n<tr>\n<td>Oblika<\/td>\n<td align=\"right\">Kompaktno, prenosno telo<\/td>\n<td>Enostavno za prena\u0161anje za delovne dni in potovanja.<\/td>\n<\/tr>\n<tr>\n<td>Aktivacija<\/td>\n<td align=\"right\">Aktivirano z vle\u010denjem<\/td>\n<td>Brez gumbov; vdihnite za vaping.<\/td>\n<\/tr>\n<\/tbody>\n<\/table>\n<h2 class=\"product-title\"><strong>Seznam okusov RandM 9000<\/strong><\/h2>\n<p>1 Borovnica Malina<br \/>\n2 Gospod Modri<br \/>\n3 Jagoda Lubenica<br \/>\n4 Pomaran\u010dna soda<br \/>\n5 Lubeni\u010dni \u017eve\u010dilni gumi<br \/>\n6 Mavri\u010dni bombon<br \/>\n7 Ro\u017enata limonada<br \/>\n8 Breskev mango ananas<br \/>\n9 Jagoda banana<br \/>\n10 Hladen led<br \/>\n11 Led \u010drni zmaj<br \/>\n12 Aloja grozdje<br \/>\n13 Modri malinov led<br \/>\n14 Kivi pasijonka guava<br \/>\n15 Gumi medvedek<br \/>\n16 Me\u0161ano jagodi\u010devje<br \/>\n17 Hladna meta<br \/>\n18 Malina lubenica<br \/>\n19 Breskova limonada<br \/>\n20 Guava led<br \/>\n21 Jagodna limonada<br \/>\n22 Lubenica malinov led<br \/>\n23 Banana kremni puding<br \/>\n24 Breskev jagodi\u010devje<br \/>\n25 Jagodna smetana<br \/>\n26 Kisli bonbon<br \/>\n27 Limona<br \/>\n28 \u010ce\u0161nja<br \/>\n29 Gazirana \u010de\u0161nja<br \/>\n30 Borovnica \u010de\u0161nja brusnica<br \/>\n31 Vimto<br \/>\n32 Skittles<br \/>\n33 \u010crni led<br \/>\n34 Grozdje<br \/>\n35 Bluelicious led<br \/>\n36 Jagodni led<br \/>\n37 Modri razz kush<br \/>\n38 Ledena lizika<br \/>\n39 Borovnica kisla malina<br \/>\n40 Ananas<br \/>\n41 \u010ce\u0161nja breskev limonada<br \/>\n42 Jagoda malina \u010de\u0161nja led<br \/>\n43 Trojni mango<br \/>\n44 Jagoda malina led<br \/>\n45 Jagoda lubenica \u017eve\u010dilni gumi<br \/>\n46 Prime Strawberry Watermelon<br \/>\n47 Watermelon Ice<\/p>\n<h3>Zakaj izbrati vapestornado za veleprodajo RandM Tornado 9k Vape?<\/h3>\n<div class=\"flex-shrink-0 flex flex-col relative items-end\">\n<div class=\"pt-0\">\n<div class=\"gizmo-bot-avatar flex h-8 w-8 items-center justify-center overflow-hidden rounded-full\">\n<div class=\"relative p-1 rounded-sm flex items-center justify-center bg-token-main-surface-primary text-token-text-primary h-8 w-8\">\n<p>Dobrodo\u0161li v vapestornado, va\u0161i zaupanja vredni spletni trgovini z vrhunskimi vape napravami za enkratno uporabo. Z ve\u010d kot 5 leti strokovnega znanja vam ponujamo priljubljene blagovne znamke vape naprav za enkratno uporabo, kot so Fumot RandM Vape, Vapme, Bang Vape, Waspe Vape in WGA Vape, itd.<\/p>\n<p>Na\u0161a ponudba vklju\u010duje vro\u010de prodajane veipe, kot je <a href=\"https:\/\/vapestornado.com\/sl\/product\/randm-12000-puffs-fumot-digital-disposable-vape-wholesale-price\/\">RandM Tornado 12000<\/a>, in izbire, bogate z okusi, kot je <a href=\"https:\/\/vapestornado.com\/sl\/product\/fumot-randm-tornado-15000-puffs-rechargeable-disposable-vape-wholesale\/\">Randm 15000 Vlekov<\/a> . Vsak izdelek je izbran s poudarkom na kakovosti, vrednosti in raznolikosti, kar zagotavlja, da boste na\u0161li popolno ujemanje za svoje potrebe. Odkrijte izjemne storitve in \u0161iroko paleto vrhunskih izdelkov pri vapestornado.<\/p>\n<\/div>\n<h3><\/h3>\n<div class=\"relative p-1 rounded-sm flex items-center justify-center bg-token-main-surface-primary text-token-text-primary h-8 w-8\">\n<h3>Pogosta vpra\u0161anja za Fumot 9k Vape za enkratno uporabo<\/h3>\n<\/div>\n<\/div>\n<\/div>\n<\/div>\n<div class=\"flex-shrink-0 flex flex-col relative items-end\">\n<div class=\"pt-0\">\n<div class=\"gizmo-bot-avatar flex h-8 w-8 items-center justify-center overflow-hidden rounded-full\">\n<p data-start=\"3174\" data-end=\"3366\"><strong data-start=\"3174\" data-end=\"3237\">1. Ali mora RandM Tornado 9K biti napolnjen pred prvo uporabo<\/strong><br data-start=\"3237\" data-end=\"3240\" \/>Ne. The <strong data-start=\"3248\" data-end=\"3279\">RandM Tornado 9K disposable<\/strong> je pripravljen takoj po odprtju. Polnjenje je potrebno kasneje za dokon\u010danje celotne zaloge 18 ml.<\/p>\n<p data-start=\"3368\" data-end=\"3611\"><strong data-start=\"3368\" data-end=\"3444\">2. Kako dolgo traja vape RandM Tornado 9000 vdihov za dnevnega kadilca<\/strong><br data-start=\"3444\" data-end=\"3447\" \/>Uporaba se razlikuje, vendar je <strong data-start=\"3469\" data-end=\"3497\">RandM Tornado 9000 vdihov<\/strong> model obi\u010dajno traja precej dlje kot disposable z 3k\u20135k vdihov zaradi vi\u0161je ocene vdihov in rechargeable baterije.<\/p>\n<p data-start=\"3613\" data-end=\"3838\"><strong data-start=\"3613\" data-end=\"3683\">3. Je mre\u017ena tuljava RandM Tornado 9000 bolj\u0161a od standardne tuljave<\/strong><br data-start=\"3683\" data-end=\"3686\" \/>Da, v praksi. The <strong data-start=\"3707\" data-end=\"3739\">RandM Tornado 9000 mre\u017ena tuljava<\/strong> se enakomerno segreva, kar podpira bolj gladko paro in pomaga zmanj\u0161ati izgubo okusa kasneje v napravi.<\/p>\n<p data-start=\"3840\" data-end=\"4039\"><strong data-start=\"3840\" data-end=\"3901\">4. Ali je RandM Tornado 9.000+ mogo\u010de uporabljati z nizko nikotinsko vsebnostjo<\/strong><br data-start=\"3901\" data-end=\"3904\" \/>Da. <strong data-start=\"3909\" data-end=\"3950\">Razli\u010dice RandM Tornado 9.000+ z nizko nikotinsko vsebnostjo<\/strong> so na voljo za uporabnike, ki raje imajo la\u017eji dnevni vnos ali \u017eelijo ve\u010d nadzora nad vnosom.<\/p>\n<p data-start=\"4041\" data-end=\"4330\"><strong data-start=\"4041\" data-end=\"4113\">5. Kaj naredi RandM Tornado 9000 druga\u010dnega od drugih 9K enkratnih naprav<\/strong><br data-start=\"4113\" data-end=\"4116\" \/>The <strong data-start=\"4120\" data-end=\"4142\">RandM Tornado 9000<\/strong> zdru\u017euje visoko oceno potegov z <strong data-start=\"4179\" data-end=\"4210\">850 mAh baterijo za ponovno polnjenje<\/strong>, <strong data-start=\"4212\" data-end=\"4231\">polnjenje tipa C<\/strong>, in <strong data-start=\"4240\" data-end=\"4254\">RGB zaslon<\/strong> ki spremlja tako potegne kot mo\u010d\u2014lastnosti, ki niso vedno prisotne v tej razred.<\/p>\n<\/div>\n<\/div>\n<\/div>","protected":false},"excerpt":{"rendered":"<p>RandM Tornado 9000 Disposable Vape \u2014 9K+ Vdihov za zanesljivost vsak dan<br \/>\nRandM Tornado 9K Mesh Coil Okus in Vrsta-Polnjenje s Type-C Mo\u010djo<br \/>\nFumot Tornado 9000 Okusi (54 mo\u017enosti) z RGB \u017divo zaslonsko Kontrolo<\/p>\n<p><strong>Dodajte Amy na WhatsApp in prejmite takoj\u0161en odgovor ter kupon za vape!<\/strong><\/p>\n<p><img fetchpriority=\"high\" decoding=\"async\" class=\"size-full wp-image-2932\" src=\"https:\/\/vapestornado.com\/wp-content\/uploads\/2024\/12\/Vape-Wholesale.jpg\" alt=\"Vape Veleprodaja\" width=\"229\" height=\"300\" \/><\/p>\n<h3><a href=\"https:\/\/wa.me\/8617776015835\"><span style=\"color: #ff0000;\"><strong>WhatsApp: +386 17776015835<\/strong><\/span><\/a><\/h3>\n<p>&nbsp;<\/p>","protected":false},"featured_media":3050,"comment_status":"open","ping_status":"closed","template":"","meta":{"_acf_changed":false,"_uag_custom_page_level_css":"","_lmt_disableupdate":"no","_lmt_disable":"","_monsterinsights_skip_tracking":false,"_monsterinsights_sitenote_active":false,"_monsterinsights_sitenote_note":"","_monsterinsights_sitenote_category":0,"site-sidebar-layout":"default","site-content-layout":"","ast-site-content-layout":"default","site-content-style":"default","site-sidebar-style":"default","ast-global-header-display":"","ast-banner-title-visibility":"","ast-main-header-display":"","ast-hfb-above-header-display":"","ast-hfb-below-header-display":"","ast-hfb-mobile-header-display":"","site-post-title":"","ast-breadcrumbs-content":"","ast-featured-img":"","footer-sml-layout":"","ast-disable-related-posts":"","theme-transparent-header-meta":"default","adv-header-id-meta":"","stick-header-meta":"","header-above-stick-meta":"","header-main-stick-meta":"","header-below-stick-meta":"","astra-migrate-meta-layouts":"set","ast-page-background-enabled":"default","ast-page-background-meta":{"desktop":{"background-color":"","background-image":"","background-repeat":"repeat","background-position":"center center","background-size":"auto","background-attachment":"scroll","background-type":"","background-media":"","overlay-type":"","overlay-color":"","overlay-opacity":"","overlay-gradient":""},"tablet":{"background-color":"","background-image":"","background-repeat":"repeat","background-position":"center center","background-size":"auto","background-attachment":"scroll","background-type":"","background-media":"","overlay-type":"","overlay-color":"","overlay-opacity":"","overlay-gradient":""},"mobile":{"background-color":"","background-image":"","background-repeat":"repeat","background-position":"center center","background-size":"auto","background-attachment":"scroll","background-type":"","background-media":"","overlay-type":"","overlay-color":"","overlay-opacity":"","overlay-gradient":""}},"ast-content-background-meta":{"desktop":{"background-color":"var(--ast-global-color-5)","background-image":"","background-repeat":"repeat","background-position":"center center","background-size":"auto","background-attachment":"scroll","background-type":"","background-media":"","overlay-type":"","overlay-color":"","overlay-opacity":"","overlay-gradient":""},"tablet":{"background-color":"var(--ast-global-color-5)","background-image":"","background-repeat":"repeat","background-position":"center center","background-size":"auto","background-attachment":"scroll","background-type":"","background-media":"","overlay-type":"","overlay-color":"","overlay-opacity":"","overlay-gradient":""},"mobile":{"background-color":"var(--ast-global-color-5)","background-image":"","background-repeat":"repeat","background-position":"center center","background-size":"auto","background-attachment":"scroll","background-type":"","background-media":"","overlay-type":"","overlay-color":"","overlay-opacity":"","overlay-gradient":""}},"_joinchat":{"telephone":"+8617776015835"}},"product_brand":[],"product_cat":[73,154,157,160,58,148],"product_tag":[83,113,112,78,114],"class_list":{"0":"post-3062","1":"product","2":"type-product","3":"status-publish","4":"has-post-thumbnail","6":"product_cat-9000-puff","7":"product_cat-buy-disposable-vapes-in-netherlands","8":"product_cat-buy-disposable-vapes-in-portugal","9":"product_cat-buy-disposable-vapes-in-switzerland","10":"product_cat-fumot-vape","11":"product_cat-tornado-disposable-vapes","12":"product_tag-fumot-vape","13":"product_tag-randm-9000","14":"product_tag-randm-tornado-9000","15":"product_tag-randm-vape","16":"product_tag-tornado-vape","17":"desktop-align-left","18":"tablet-align-left","19":"mobile-align-left","21":"first","22":"instock","23":"sale","24":"shipping-taxable","25":"purchasable","26":"product-type-simple"},"acf":[],"uagb_featured_image_src":{"full":["https:\/\/vapestornado.com\/wp-content\/uploads\/2024\/12\/RandM-9000-Tornado-Fumot-Vape.jpg",800,800,false],"thumbnail":["https:\/\/vapestornado.com\/wp-content\/uploads\/2024\/12\/RandM-9000-Tornado-Fumot-Vape-150x150.jpg",150,150,true],"medium":["https:\/\/vapestornado.com\/wp-content\/uploads\/2024\/12\/RandM-9000-Tornado-Fumot-Vape-300x300.jpg",300,300,true],"medium_large":["https:\/\/vapestornado.com\/wp-content\/uploads\/2024\/12\/RandM-9000-Tornado-Fumot-Vape-768x768.jpg",768,768,true],"large":["https:\/\/vapestornado.com\/wp-content\/uploads\/2024\/12\/RandM-9000-Tornado-Fumot-Vape.jpg",800,800,false],"1536x1536":["https:\/\/vapestornado.com\/wp-content\/uploads\/2024\/12\/RandM-9000-Tornado-Fumot-Vape.jpg",800,800,false],"2048x2048":["https:\/\/vapestornado.com\/wp-content\/uploads\/2024\/12\/RandM-9000-Tornado-Fumot-Vape.jpg",800,800,false],"trp-custom-language-flag":["https:\/\/vapestornado.com\/wp-content\/uploads\/2024\/12\/RandM-9000-Tornado-Fumot-Vape.jpg",12,12,false],"woocommerce_thumbnail":["https:\/\/vapestornado.com\/wp-content\/uploads\/2024\/12\/RandM-9000-Tornado-Fumot-Vape-300x300.jpg",300,300,true],"woocommerce_single":["https:\/\/vapestornado.com\/wp-content\/uploads\/2024\/12\/RandM-9000-Tornado-Fumot-Vape-600x600.jpg",600,600,true],"woocommerce_gallery_thumbnail":["https:\/\/vapestornado.com\/wp-content\/uploads\/2024\/12\/RandM-9000-Tornado-Fumot-Vape-100x100.jpg",100,100,true]},"uagb_author_info":{"display_name":"ESAMY","author_link":"https:\/\/vapestornado.com\/sl\/author\/"},"uagb_comment_info":0,"uagb_excerpt":"RandM Tornado 9000 Disposable Vape \u2014 9K+ Puffs for Day-to-Day Reliability RandM Tornado 9K Mesh Coil Flavor and Type-C Rechargeable Power Fumot Tornado 9000 Flavors (54 Options) with RGB Live Screen Control Add Amy's whatsapp get right reply and vape vape coupon! WhatsApp: +86 17776015835 &nbsp;","_links":{"self":[{"href":"https:\/\/vapestornado.com\/sl\/wp-json\/wp\/v2\/product\/3062","targetHints":{"allow":["GET"]}}],"collection":[{"href":"https:\/\/vapestornado.com\/sl\/wp-json\/wp\/v2\/product"}],"about":[{"href":"https:\/\/vapestornado.com\/sl\/wp-json\/wp\/v2\/types\/product"}],"replies":[{"embeddable":true,"href":"https:\/\/vapestornado.com\/sl\/wp-json\/wp\/v2\/comments?post=3062"}],"wp:featuredmedia":[{"embeddable":true,"href":"https:\/\/vapestornado.com\/sl\/wp-json\/wp\/v2\/media\/3050"}],"wp:attachment":[{"href":"https:\/\/vapestornado.com\/sl\/wp-json\/wp\/v2\/media?parent=3062"}],"wp:term":[{"taxonomy":"product_brand","embeddable":true,"href":"https:\/\/vapestornado.com\/sl\/wp-json\/wp\/v2\/product_brand?post=3062"},{"taxonomy":"product_cat","embeddable":true,"href":"https:\/\/vapestornado.com\/sl\/wp-json\/wp\/v2\/product_cat?post=3062"},{"taxonomy":"product_tag","embeddable":true,"href":"https:\/\/vapestornado.com\/sl\/wp-json\/wp\/v2\/product_tag?post=3062"}],"curies":[{"name":"wp","href":"https:\/\/api.w.org\/{rel}","templated":true}]}}