{"id":3033,"date":"2024-12-10T06:54:50","date_gmt":"2024-12-10T06:54:50","guid":{"rendered":"https:\/\/vapestornado.com\/?post_type=product&#038;p=3033"},"modified":"2025-08-23T10:12:12","modified_gmt":"2025-08-23T10:12:12","slug":"wga-crystal-pro-max-15k-puffs-wholesale-price-vape-pods","status":"publish","type":"product","link":"https:\/\/vapestornado.com\/sl\/product\/wga-crystal-pro-max-15k-puffs-wholesale-price-vape-pods\/","title":{"rendered":"WGA Crystal Pro Max 15k Puffs Veleprodajna cena Vape Pods"},"content":{"rendered":"<h1>WGA Crystal Pro Max 15k Puffs Veleprodajna cena Vape Pods<\/h1>\n<p data-start=\"286\" data-end=\"581\">The <strong data-start=\"290\" data-end=\"339\">WGA Crystal Pro Max 15K Vpihov za enkratno uporabo<\/strong> je zasnovan za trgovce na debelo in drobno, ki i\u0161\u010dejo zanesljive izdelke z visokim povpra\u0161evanjem za evropski trg. Z do <strong data-start=\"457\" data-end=\"484\">15.000 vdihi na napravo<\/strong> in <strong data-start=\"491\" data-end=\"524\">25 ml predhodno napolnjenega e-teko\u010dega rezervoarja<\/strong>vpihi, zagotavlja dolgotrajno uporabo in mo\u010dan potencial za nadaljnjo prodajo.<\/p>\n<p data-start=\"583\" data-end=\"874\">Napaja ga <strong data-start=\"596\" data-end=\"627\">650mAh polnilno baterijo<\/strong> z <strong data-start=\"633\" data-end=\"657\">hitro polnjenje Type-C<\/strong>Crystal Pro Max zagotavlja dosledne seje brez prekinitev. A <strong data-start=\"732\" data-end=\"759\">LED indikator v realnem \u010dasu<\/strong> uporabnike obve\u0161\u010da o stanju baterije, medtem ko <strong data-start=\"810\" data-end=\"828\">0,8\u03a9 mre\u017easta tuljava<\/strong> izbolj\u0161uje gostoto pare in prenos okusa.<\/p>\n<p data-start=\"876\" data-end=\"1231\">Kompakten in prenosen pri <strong data-start=\"900\" data-end=\"923\">43 mm \u00d7 23 mm \u00d7 105 mm<\/strong>, je <strong data-start=\"929\" data-end=\"961\">WGA Crystal Pro Max 15K Vape<\/strong> je enostaven za prena\u0161anje, eleganten na zaslonu in na voljo v \u0161iroki paleti okusov, ki ustrezajo razli\u010dnim \u017eeljam. Njegova kombinacija zmogljivosti, dizajna in konkuren\u010dnosti <strong data-start=\"1133\" data-end=\"1154\">veleprodajnimi cenami<\/strong> ga naredi odli\u010dno izbiro za trgovce na drobno in distributerje po vsej Evropi.<\/p>\n<p>&nbsp;<\/p>\n<p><img fetchpriority=\"high\" decoding=\"async\" class=\"size-medium wp-image-2951\" src=\"https:\/\/vapestornado.com\/wp-content\/uploads\/2024\/12\/Wholesale-Disposable-Vape-265x300.jpg\" alt=\"Veleprodaja Vape za Enkratno Uporabo\" width=\"265\" height=\"300\" srcset=\"https:\/\/vapestornado.com\/wp-content\/uploads\/2024\/12\/Wholesale-Disposable-Vape-265x300.jpg 265w, https:\/\/vapestornado.com\/wp-content\/uploads\/2024\/12\/Wholesale-Disposable-Vape-768x871.jpg 768w, https:\/\/vapestornado.com\/wp-content\/uploads\/2024\/12\/Wholesale-Disposable-Vape-600x680.jpg 600w, https:\/\/vapestornado.com\/wp-content\/uploads\/2024\/12\/Wholesale-Disposable-Vape.jpg 823w\" sizes=\"(max-width: 265px) 100vw, 265px\" \/><\/p>\n<h6><span style=\"font-size: 1.1em; font-weight: bold;\">Za Zni\u017eano Ceno se Obrnite na Mandy na WhatsApp<\/span><a style=\"font-size: 1.1em; font-weight: bold; background-color: #ffffff;\" href=\"https:\/\/wa.me\/8618077105796\" target=\"_blank\" rel=\"noopener\">+8618077105796<\/a><\/h6>\n<p>&nbsp;<\/p>\n<h2><strong>WGA The Crystal Pro Max Extra 15.000 Puffs Vape \u2013 Klju\u010dne specifikacije<\/strong><\/h2>\n<ul>\n<li><strong>Obse\u017ena zmogljivost vdihov<\/strong>: Zagotavlja do 15.000 potegov na napravo, kar omogo\u010da dalj\u0161o uporabo in zmanj\u0161ano potrebo po zamenjavah.<\/li>\n<li><strong>650mAh polnilna baterija<\/strong>: Vsebuje vzdr\u017eljivo baterijo 650 mAh za stabilno dobavo energije skozi vsako sejo.<\/li>\n<li><strong>U\u010dinkovito polnjenje Type-C<\/strong>: Vklju\u010duje sodobna vrata Type-C za hitro in priro\u010dno polnjenje, da bo va\u0161a naprava vedno pripravljena.<\/li>\n<li><strong>Velika prostornina e-teko\u010dine<\/strong>: Opremljen z 25 ml rezervoarjem za e-teko\u010dino, ki podpira dolge seje vapinga brez nenehnega ponovnega polnjenja.<\/li>\n<li><strong>Zaslon stanja LED baterije<\/strong>: Vklju\u010duje LED indikator v realnem \u010dasu za spremljanje ravni baterije in izogibanje nepri\u010dakovanim prekinitvam.<\/li>\n<li><strong>Prenosna in elegantna zasnova<\/strong>: Kompaktne dimenzije 43 mm x 23 mm x 105 mm zagotavljajo enostavno rokovanje in prenosljivost, idealno za uporabo na poti.<\/li>\n<\/ul>\n<h2><strong>WGA Crystal Pro Max 15k Puffs Seznam okusov:<\/strong><\/h2>\n<p>1.LUBENICA LED<br \/>\n2.BOROVNICA MALINA<br \/>\n3.GAZIRANA \u010cE\u0160NJA<br \/>\n4.\u017dELE BONBON<br \/>\n5.LIMONA LIMETA<br \/>\n6.JAGODA LED<br \/>\n7.BOROVNICA KISLA MALINA<br \/>\n8.MODRA MALINA LED<br \/>\n9.GOSPOD MODRI<br \/>\n10.SKITTLES<br \/>\n11.BOROVNICA \u010cE\u0160NJA BRUSNICA<br \/>\n12.SO\u010cNA BRESKEV<br \/>\n13.Jagoda malina \u010de\u0161nja led<br \/>\n14.HUBBA BUBBA<br \/>\n15.Robida borovnica malina<br \/>\n16.Jagodni sladoled na pal\u010dki<br \/>\n17.Borovni\u010dev sladoled na pal\u010dki<br \/>\n18.Prime jagoda lubenica<br \/>\n19.Jagoda \u010de\u0161nja \u017eve\u010dilni gumi<br \/>\n20.Malina \u010de\u0161nja led<br \/>\n21.ANANAS LED<br \/>\n22.POLETNE SANJE<br \/>\n23.WGA ROZA<br \/>\n24.SVE\u017dA MENTA<br \/>\n25.DVOJNO JABOLKO<br \/>\n26.TROJNI MANGO<br \/>\n27.LEDENI \u010cRNI ZMAJ<br \/>\n28.KOLA LED<br \/>\n29.ANANAS LIMONA<br \/>\n30.GOSPOD \u010cRNI<br \/>\n31.KIVI MARAKUJA GUAVA<\/p>\n<h3><strong>Zakaj izbrati WGA The Crystal Pro Max 15,000 Puffs Vapes?<\/strong><\/h3>\n<ul>\n<li><strong>Izjemni profili okusov<\/strong>: Potopite se v izbran izbor \u017eivahnih in osve\u017eilnih sadnih okusov, od katerih je vsak ustvarjen za dosledno prijetno izku\u0161njo vapinga.<\/li>\n<li><strong>Udobje brez napora<\/strong>: Zasnovan z mislijo na preprostost, ta vape za enkratno uporabo ponuja preprost in spro\u0161\u010den na\u010din za u\u017eivanje v vrhunskem vapingu kadarkoli in kjerkoli.<\/li>\n<li><strong>Vzdr\u017eljivost in zmogljivost<\/strong>: Z do 15.000 vdihi, vzdr\u017eljivo 650 mAh polnilno baterijo in 25 ml prostornino za e-teko\u010dino je ta vape zasnovan tako, da zagotavlja zanesljivo delovanje v dalj\u0161em \u010dasovnem obdobju.<\/li>\n<li><strong>Sodoben in kompakten dizajn<\/strong>: Njegove elegantne dimenzije in prefinjena zasnova zagotavljajo prenosljivost, ne da bi pri tem \u017ertvovali stil ali funkcionalnost.<\/li>\n<\/ul>\n<p>The <strong>WGA The Crystal Pro Max Extra 15000 vdihov Vape Pod\u00a0<\/strong> je vrhunska izbira za vaperje, ki i\u0161\u010dejo udobje, zmogljivost in izjemno \u010dutno izku\u0161njo. \u010caka vas popolna zdru\u017eitev vrhunske tehnologije in superiornega okusa.<\/p>\n<p>&nbsp;<\/p>\n<h3><strong>Pogosta vpra\u0161anja o WGA The Crystal Pro Max 15,000 Puffs polnilnem vapeu<\/strong><\/h3>\n<ol>\n<li><strong>Koliko vdihov ponuja WGA Crystal Pro Max 15k puff?<\/strong><br \/>\nNaprava zagotavlja do 15.000 vdihov, zaradi \u010desar je idealna za dolgotrajno uporabo brez pogostih zamenjav.<\/li>\n<li><strong>Kak\u0161no baterijo uporablja?<\/strong><br \/>\nIma 650 mAh polnilno baterijo s polnilnim vhodom tipa C, kar zagotavlja hitro in u\u010dinkovito polnjenje.<\/li>\n<li><strong>Kak\u0161na je prostornina e-teko\u010dine v Vape 15000 Puffs? <a href=\"https:\/\/vapestornado.com\/sl\/product\/wga-crystal-pro-max-15k-puffs-wholesale-price-vape-pods\/\">WGA Vape<\/a>?<\/strong><br \/>\nCrystal Pro Max je opremljen z izdatno 25 ml prostornino za e-teko\u010dino, ki omogo\u010da dolgotrajno vaping seanse.<\/li>\n<li><strong>Ali ima WGA Crystal Vape 15000 Puffs indikator baterije?<\/strong><br \/>\nDa, vklju\u010duje LED indikator baterije v realnem \u010dasu, tako da lahko spremljate raven baterije in jo po potrebi napolnite.<\/li>\n<li><strong>Ali je mogo\u010de e-teko\u010dino v WGA 15000 Puffs ponovno napolniti?<\/strong><br \/>\nNe, WGA Crystal Pro Max 15000 Puffs je vnaprej napolnjena naprava za enkratno uporabo in ne podpira ponovnega polnjenja.<\/li>\n<\/ol>","protected":false},"excerpt":{"rendered":"<p>WGA Crystal Pro Max 15k Puffs vape podi po veleprodajnih cenah. U\u017eivajte v dolgotrajnih potegih, vrhunskih okusih in mo\u017enostih nakupa v razsutem stanju za va\u0161e podjetje.<\/p>\n<figure id=\"attachment_2951\" aria-describedby=\"caption-attachment-2951\" style=\"width: 265px\" class=\"wp-caption alignnone\"><img fetchpriority=\"high\" decoding=\"async\" class=\"size-medium wp-image-2951\" src=\"https:\/\/vapestornado.com\/wp-content\/uploads\/2024\/12\/Wholesale-Disposable-Vape-265x300.jpg\" alt=\"Veleprodaja Vape za Enkratno Uporabo\" width=\"265\" height=\"300\" srcset=\"https:\/\/vapestornado.com\/wp-content\/uploads\/2024\/12\/Wholesale-Disposable-Vape-265x300.jpg 265w, https:\/\/vapestornado.com\/wp-content\/uploads\/2024\/12\/Wholesale-Disposable-Vape-768x871.jpg 768w, https:\/\/vapestornado.com\/wp-content\/uploads\/2024\/12\/Wholesale-Disposable-Vape-600x680.jpg 600w, https:\/\/vapestornado.com\/wp-content\/uploads\/2024\/12\/Wholesale-Disposable-Vape.jpg 823w\" sizes=\"(max-width: 265px) 100vw, 265px\" \/><figcaption id=\"caption-attachment-2951\" class=\"wp-caption-text\">Za Zni\u017eano Ceno se Obrnite na Mandy na WhatsApp<a href=\"https:\/\/wa.me\/8618077105796\">+8618077105796<\/a><\/figcaption><\/figure>\n<p>&nbsp;<\/p>","protected":false},"featured_media":3052,"comment_status":"open","ping_status":"closed","template":"","meta":{"_acf_changed":false,"_uag_custom_page_level_css":"","_lmt_disableupdate":"no","_lmt_disable":"","_monsterinsights_skip_tracking":false,"_monsterinsights_sitenote_active":false,"_monsterinsights_sitenote_note":"","_monsterinsights_sitenote_category":0,"site-sidebar-layout":"default","site-content-layout":"","ast-site-content-layout":"default","site-content-style":"default","site-sidebar-style":"default","ast-global-header-display":"","ast-banner-title-visibility":"","ast-main-header-display":"","ast-hfb-above-header-display":"","ast-hfb-below-header-display":"","ast-hfb-mobile-header-display":"","site-post-title":"","ast-breadcrumbs-content":"","ast-featured-img":"","footer-sml-layout":"","ast-disable-related-posts":"","theme-transparent-header-meta":"default","adv-header-id-meta":"","stick-header-meta":"","header-above-stick-meta":"","header-main-stick-meta":"","header-below-stick-meta":"","astra-migrate-meta-layouts":"set","ast-page-background-enabled":"default","ast-page-background-meta":{"desktop":{"background-color":"","background-image":"","background-repeat":"repeat","background-position":"center center","background-size":"auto","background-attachment":"scroll","background-type":"","background-media":"","overlay-type":"","overlay-color":"","overlay-opacity":"","overlay-gradient":""},"tablet":{"background-color":"","background-image":"","background-repeat":"repeat","background-position":"center center","background-size":"auto","background-attachment":"scroll","background-type":"","background-media":"","overlay-type":"","overlay-color":"","overlay-opacity":"","overlay-gradient":""},"mobile":{"background-color":"","background-image":"","background-repeat":"repeat","background-position":"center center","background-size":"auto","background-attachment":"scroll","background-type":"","background-media":"","overlay-type":"","overlay-color":"","overlay-opacity":"","overlay-gradient":""}},"ast-content-background-meta":{"desktop":{"background-color":"var(--ast-global-color-5)","background-image":"","background-repeat":"repeat","background-position":"center center","background-size":"auto","background-attachment":"scroll","background-type":"","background-media":"","overlay-type":"","overlay-color":"","overlay-opacity":"","overlay-gradient":""},"tablet":{"background-color":"var(--ast-global-color-5)","background-image":"","background-repeat":"repeat","background-position":"center center","background-size":"auto","background-attachment":"scroll","background-type":"","background-media":"","overlay-type":"","overlay-color":"","overlay-opacity":"","overlay-gradient":""},"mobile":{"background-color":"var(--ast-global-color-5)","background-image":"","background-repeat":"repeat","background-position":"center center","background-size":"auto","background-attachment":"scroll","background-type":"","background-media":"","overlay-type":"","overlay-color":"","overlay-opacity":"","overlay-gradient":""}},"_joinchat":{"telephone":"+8618077105796"}},"product_brand":[],"product_cat":[71,140,153,158,159,160,141,59],"product_tag":[97,111],"class_list":{"0":"post-3033","1":"product","2":"type-product","3":"status-publish","4":"has-post-thumbnail","6":"product_cat-15000-puff","7":"product_cat-big-puffs-disposable-vapes","8":"product_cat-buy-disposable-vapes-in-italy","9":"product_cat-buy-disposable-vapes-in-spain","10":"product_cat-buy-disposable-vapes-in-sweden","11":"product_cat-buy-disposable-vapes-in-switzerland","12":"product_cat-crystal-disposable-vapes","13":"product_cat-wga-crystal-vape","14":"product_tag-hot-sale-disposable-vape","15":"product_tag-wga-15k-puffs","16":"desktop-align-left","17":"tablet-align-left","18":"mobile-align-left","20":"first","21":"instock","22":"sale","23":"shipping-taxable","24":"purchasable","25":"product-type-simple"},"acf":[],"uagb_featured_image_src":{"full":["https:\/\/vapestornado.com\/wp-content\/uploads\/2024\/12\/WGA-15000-PUFFS-JUICY-PEACH-Disposable-Vape.jpg",800,800,false],"thumbnail":["https:\/\/vapestornado.com\/wp-content\/uploads\/2024\/12\/WGA-15000-PUFFS-JUICY-PEACH-Disposable-Vape-150x150.jpg",150,150,true],"medium":["https:\/\/vapestornado.com\/wp-content\/uploads\/2024\/12\/WGA-15000-PUFFS-JUICY-PEACH-Disposable-Vape-300x300.jpg",300,300,true],"medium_large":["https:\/\/vapestornado.com\/wp-content\/uploads\/2024\/12\/WGA-15000-PUFFS-JUICY-PEACH-Disposable-Vape-768x768.jpg",768,768,true],"large":["https:\/\/vapestornado.com\/wp-content\/uploads\/2024\/12\/WGA-15000-PUFFS-JUICY-PEACH-Disposable-Vape.jpg",800,800,false],"1536x1536":["https:\/\/vapestornado.com\/wp-content\/uploads\/2024\/12\/WGA-15000-PUFFS-JUICY-PEACH-Disposable-Vape.jpg",800,800,false],"2048x2048":["https:\/\/vapestornado.com\/wp-content\/uploads\/2024\/12\/WGA-15000-PUFFS-JUICY-PEACH-Disposable-Vape.jpg",800,800,false],"trp-custom-language-flag":["https:\/\/vapestornado.com\/wp-content\/uploads\/2024\/12\/WGA-15000-PUFFS-JUICY-PEACH-Disposable-Vape.jpg",12,12,false],"woocommerce_thumbnail":["https:\/\/vapestornado.com\/wp-content\/uploads\/2024\/12\/WGA-15000-PUFFS-JUICY-PEACH-Disposable-Vape-300x300.jpg",300,300,true],"woocommerce_single":["https:\/\/vapestornado.com\/wp-content\/uploads\/2024\/12\/WGA-15000-PUFFS-JUICY-PEACH-Disposable-Vape-600x600.jpg",600,600,true],"woocommerce_gallery_thumbnail":["https:\/\/vapestornado.com\/wp-content\/uploads\/2024\/12\/WGA-15000-PUFFS-JUICY-PEACH-Disposable-Vape-100x100.jpg",100,100,true]},"uagb_author_info":{"display_name":"ESMANDY","author_link":"https:\/\/vapestornado.com\/sl\/author\/"},"uagb_comment_info":0,"uagb_excerpt":"WGA Crystal Pro Max 15k Puffs vape pods at wholesale prices. Enjoy long-lasting puffs, premium flavors, and bulk purchase options for your business. [caption id=\"attachment_2951\" align=\"alignnone\" width=\"265\"] Pls Contact Mandy's WhatsApp For Discount Price+8618077105796[\/caption] &nbsp;","_links":{"self":[{"href":"https:\/\/vapestornado.com\/sl\/wp-json\/wp\/v2\/product\/3033","targetHints":{"allow":["GET"]}}],"collection":[{"href":"https:\/\/vapestornado.com\/sl\/wp-json\/wp\/v2\/product"}],"about":[{"href":"https:\/\/vapestornado.com\/sl\/wp-json\/wp\/v2\/types\/product"}],"replies":[{"embeddable":true,"href":"https:\/\/vapestornado.com\/sl\/wp-json\/wp\/v2\/comments?post=3033"}],"wp:featuredmedia":[{"embeddable":true,"href":"https:\/\/vapestornado.com\/sl\/wp-json\/wp\/v2\/media\/3052"}],"wp:attachment":[{"href":"https:\/\/vapestornado.com\/sl\/wp-json\/wp\/v2\/media?parent=3033"}],"wp:term":[{"taxonomy":"product_brand","embeddable":true,"href":"https:\/\/vapestornado.com\/sl\/wp-json\/wp\/v2\/product_brand?post=3033"},{"taxonomy":"product_cat","embeddable":true,"href":"https:\/\/vapestornado.com\/sl\/wp-json\/wp\/v2\/product_cat?post=3033"},{"taxonomy":"product_tag","embeddable":true,"href":"https:\/\/vapestornado.com\/sl\/wp-json\/wp\/v2\/product_tag?post=3033"}],"curies":[{"name":"wp","href":"https:\/\/api.w.org\/{rel}","templated":true}]}}