{"id":3021,"date":"2024-12-09T09:52:59","date_gmt":"2024-12-09T09:52:59","guid":{"rendered":"https:\/\/vapestornado.com\/?post_type=product&#038;p=3021"},"modified":"2025-12-05T09:42:57","modified_gmt":"2025-12-05T09:42:57","slug":"bang-36000-smart-disposable-vape-wholesale-shop-online","status":"publish","type":"product","link":"https:\/\/vapestornado.com\/sl\/product\/bang-36000-smart-disposable-vape-wholesale-shop-online\/","title":{"rendered":"Bang 36000 Pametni vpihalnik za enkratno uporabo, spletna trgovina na debelo"},"content":{"rendered":"<div class=\"flex-shrink-0 flex flex-col relative items-end\">\n<div>\n<div class=\"pt-0\">\n<div class=\"gizmo-bot-avatar flex h-8 w-8 items-center justify-center overflow-hidden rounded-full\">\n<div class=\"relative p-1 rounded-sm flex items-center justify-center bg-token-main-surface-primary text-token-text-primary h-8 w-8\"><\/div>\n<\/div>\n<\/div>\n<\/div>\n<\/div>\n<div class=\"group\/conversation-turn relative flex w-full min-w-0 flex-col agent-turn\">\n<div class=\"flex-col gap-1 md:gap-3\">\n<div class=\"flex max-w-full flex-col flex-grow\">\n<div class=\"min-h-8 text-message flex w-full flex-col items-end gap-2 whitespace-normal break-words text-start [.text-message+&amp;]:mt-5\" dir=\"auto\" data-message-author-role=\"assistant\" data-message-id=\"24923bbb-bc24-49c4-aeeb-a72cf182457d\" data-message-model-slug=\"gpt-4o\">\n<div class=\"flex w-full flex-col gap-1 empty:hidden first:pt-[3px]\">\n<div class=\"markdown prose w-full break-words dark:prose-invert light\">\n<h3><strong>Bang 36000 Pametni vpihalnik za enkratno uporabo, spletna trgovina na debelo<\/strong><\/h3>\n<\/div>\n<\/div>\n<\/div>\n<\/div>\n<\/div>\n<\/div>\n<p data-start=\"289\" data-end=\"603\">Bang 36000 Pametni enkratni vape zagotavlja dolgo \u017eivljenjsko dobo z 36.000 vdihi, s 30 ml rezervoarjem, 0,6\u03a9 mre\u017eno tuljavo, nastavljivim pretokom zraka, \u017eivo LED statusnim zaslonom in 650mAh baterijo s polnjenjem s Type-C v eni kompaktni napravi.<\/p>\n<p data-start=\"571\" data-end=\"921\"><strong data-start=\"571\" data-end=\"615\">36.000 vdihov, podprto z 30 ml polnjenim rezervoarjem.<\/strong><br data-start=\"615\" data-end=\"618\" \/>The <strong data-start=\"622\" data-end=\"658\">Bang 36000 Smart Vape za enkratno uporabo<\/strong> spada v razred z visoko kapaciteto za ljudi, ki vsak dan uporabljajo vape in no\u010dejo neprestano menjavati majhnih enot. A <strong data-start=\"768\" data-end=\"797\">30 ml vnaprej napolnjen rezervoar<\/strong> podpira oceno vdihov pri obi\u010dajni uporabi, zato naprava zdr\u017ei dlje kot standardni enkratni vape in ohranja va\u0161o rutino stabilno.<\/p>\n<p data-start=\"923\" data-end=\"1193\"><strong data-start=\"923\" data-end=\"971\">Pametni LED zaslon, ki vam pove, koliko je \u0161e ostalo.<\/strong><br data-start=\"971\" data-end=\"974\" \/>Vgrajen <strong data-start=\"985\" data-end=\"1010\">LED indikatorni zaslon<\/strong> prikazuje <strong data-start=\"1017\" data-end=\"1067\">ravni baterije in stanje e-teko\u010dine v realnem \u010dasu<\/strong>. To je preprosta funkcija, a uporabna: ve\u0161, kdaj je treba napolniti baterijo in kdaj je rezervoar pri koncu, brez ugibanja med sejo.<\/p>\n<p data-start=\"1195\" data-end=\"1456\"><strong data-start=\"1195\" data-end=\"1238\">0,6\u03a9 mre\u017ena tuljava za gost, gladek dim.<\/strong><br data-start=\"1238\" data-end=\"1241\" \/>The <strong data-start=\"1245\" data-end=\"1265\">0,6ohm mre\u017ena tuljava<\/strong> je prilagojena za odprt poteg in gostej\u0161i dim. Mre\u017eno ogrevanje enakomerno razporeja temperaturo, kar pomaga, da okus ostane jasen in zmanj\u0161a suhi, za\u017egani rob, ki ga imajo mnogi visokodihni enkratni vape ob koncu.<\/p>\n<p data-start=\"1458\" data-end=\"1688\"><strong data-start=\"1458\" data-end=\"1496\">Nastavitev pretoka zraka za va\u0161 stil.<\/strong><br data-start=\"1496\" data-end=\"1499\" \/>Nastavitev pretoka zraka vam omogo\u010da, da izberete tesnej\u0161i poteg ali bolj odprt vdih. Kadilci, ki \u017eelijo odpor podoben cigareti, ga lahko nastavijo ni\u017eje; uporabniki, ki raje imajo bolj prost poteg, ga lahko odprejo.<\/p>\n<p data-start=\"1690\" data-end=\"1987\"><strong data-start=\"1690\" data-end=\"1740\">Polnjenje Type-C plus mo\u010d nikotina<\/strong><br data-start=\"1740\" data-end=\"1743\" \/>Bang 36k pametni enkratni vape prihaja z <strong data-start=\"1745\" data-end=\"1776\">650mAh polnilno baterijo<\/strong> z <strong data-start=\"1782\" data-end=\"1810\">hitro polnjenje USB Type-C<\/strong> skraj\u0161a \u010das mirovanja in vam omogo\u010da, da dokon\u010date rezervoar namesto zgodnjega odmetavanja vape. Mo\u017enosti nikotina pokrivajo <strong data-start=\"1919\" data-end=\"1941\">0%, 2%, 3% in 5%<\/strong>, tako da lahko uporabniki prilagodijo mo\u010d svojim vsakodnevnim navadam.<\/p>\n<p>&nbsp;<\/p>\n<p><strong>Dodajte Amy\u2019s Whatsapp, da dobite pravi odgovor in kupon za vape!<\/strong><\/p>\n<p><img fetchpriority=\"high\" decoding=\"async\" class=\"size-full wp-image-2932\" src=\"https:\/\/vapestornado.com\/wp-content\/uploads\/2024\/12\/Vape-Wholesale.jpg\" alt=\"Vape Veleprodaja\" width=\"229\" height=\"300\" \/><\/p>\n<h3><a href=\"https:\/\/wa.me\/8617776015835\" target=\"_blank\" rel=\"noopener\"><span style=\"color: #ff0000;\"><strong>WhatsApp: +386 17776015835<\/strong><\/span><\/a><\/h3>\n<p>&nbsp;<\/p>\n<h4><strong style=\"font-size: 1.7em;\">\u00a0Zna\u010dilnosti izdelka Bang 36000<\/strong><\/h4>\n<table>\n<thead>\n<tr>\n<th>Zna\u010dilnost \/ Parameter<\/th>\n<th align=\"right\">Spec<\/th>\n<th>Razlaga<\/th>\n<\/tr>\n<\/thead>\n<tbody>\n<tr>\n<td>Ime izdelka<\/td>\n<td align=\"right\">Bang 36000 Smart Vape za enkratno uporabo<\/td>\n<td>Jasno poimenovanje modelov za ponovne naro\u010dila in iskanje.<\/td>\n<\/tr>\n<tr>\n<td>Zmogljivost vdihovanja<\/td>\n<td align=\"right\">Do 36.000 vdihov<\/td>\n<td>Visoko zmogljiv enkratni; manj zamenjav.<\/td>\n<\/tr>\n<tr>\n<td>Prostornina E-teko\u010dine<\/td>\n<td align=\"right\">30 ml vnaprej napolnjen<\/td>\n<td>Velik rezervoar podpira oceno 36K.<\/td>\n<\/tr>\n<tr>\n<td>Cevka \/ Upornost<\/td>\n<td align=\"right\">0.6\u03a9 mre\u017easta tuljava<\/td>\n<td>Odprta poteg, gost dim, stabilnej\u0161i okus.<\/td>\n<\/tr>\n<tr>\n<td>Zra\u010dni tok<\/td>\n<td align=\"right\">Prilagodljivo<\/td>\n<td>Tesno poteg ali odprt vdih, odlo\u010di uporabnik.<\/td>\n<\/tr>\n<tr>\n<td>Baterija<\/td>\n<td align=\"right\">650 mAh mo\u017enost ponovnega polnjenja<\/td>\n<td>Polnjenje za uporabo celotnega rezervoarja.<\/td>\n<\/tr>\n<tr>\n<td>Polnjenje<\/td>\n<td align=\"right\">USB Type-C hitri polnilec<\/td>\n<td>Standardni kabel in hitri polnjenji.<\/td>\n<\/tr>\n<tr>\n<td>Mo\u017enosti nikotina<\/td>\n<td align=\"right\">0% \/ 2% \/ 3% \/ 5%<\/td>\n<td>Izberite ni\u010d nikotina ali mo\u010dnej\u0161i udarec.<\/td>\n<\/tr>\n<tr>\n<td>Okusi<\/td>\n<td align=\"right\">12 mo\u017enosti<\/td>\n<td>Pokrije glavne trende okusa v EU.<\/td>\n<\/tr>\n<tr>\n<td>Zaslon<\/td>\n<td align=\"right\">Pametna LED baterija + zaslon za e-tekilo<\/td>\n<td>Sledenje statusa v realnem \u010dasu med vapiranjem.<\/td>\n<\/tr>\n<tr>\n<td>Oblika<\/td>\n<td align=\"right\">Kompaktno, za \u017eep pripravljeno telo<\/td>\n<td>Prakti\u010dno za vsakodnevno no\u0161enje in potovanja.<\/td>\n<\/tr>\n<\/tbody>\n<\/table>\n<p>&nbsp;<\/p>\n<h2 class=\"product-title\"><strong>\u00a0Seznam okusov Bang 36000<\/strong><\/h2>\n<p>1. Jagoda Kiwi<br \/>\n2. Me\u0161ano jagodi\u010devje<br \/>\n3. Borovnica na ledu<br \/>\n4. Grozdje led<br \/>\n5. \u010ce\u0161nja led<br \/>\n6. Borovnica Malina Limonada<br \/>\n7.Breskev Led<br \/>\n8. Jagoda Lubenica<br \/>\n9. Breskev Mango Lubenica<br \/>\n10. Lubenica Ice<\/p>\n<h3>Zakaj izbrati vapestornado za veleprodajo vpihalnikov Bang 36k?<\/h3>\n<div class=\"flex-shrink-0 flex flex-col relative items-end\">\n<div class=\"pt-0\">\n<div class=\"gizmo-bot-avatar flex h-8 w-8 items-center justify-center overflow-hidden rounded-full\">\n<div class=\"relative p-1 rounded-sm flex items-center justify-center bg-token-main-surface-primary text-token-text-primary h-8 w-8\">\n<p>Dobrodo\u0161li v vapestornado, va\u0161i zaupanja vredni spletni trgovini z vrhunskimi vape napravami za enkratno uporabo. Z ve\u010d kot 5 leti strokovnega znanja vam ponujamo priljubljene blagovne znamke vape naprav za enkratno uporabo, kot so Fumot RandM Vape, Vapme, Bang Vape, Waspe Vape in WGA Vape, itd.<\/p>\n<p>Na\u0161a ponudba vklju\u010duje vro\u010de prodajane veipe, kot je <a href=\"https:\/\/vapestornado.com\/sl\/product\/fumot-randm-tornado-15000-puffs-rechargeable-disposable-vape-wholesale\/\">RandM Tornado 15000<\/a>, in izbire, bogate z okusi, kot je <a href=\"https:\/\/vapestornado.com\/sl\/product\/waspe-40000-puffs-double-flavour-led-display-disposable-vape-wholesale\/\">WASPE Dvojni okus 40000 vdihov<\/a> . Vsak izdelek je izbran s poudarkom na kakovosti, vrednosti in raznolikosti, kar zagotavlja, da boste na\u0161li popolno ujemanje za svoje potrebe. Odkrijte izjemne storitve in \u0161iroko paleto vrhunskih izdelkov pri vapestornado.<\/p>\n<\/div>\n<h3><\/h3>\n<div class=\"relative p-1 rounded-sm flex items-center justify-center bg-token-main-surface-primary text-token-text-primary h-8 w-8\">\n<h3>Pogosta vpra\u0161anja o Bang 36000 polnilni vape za enkratno uporabo<\/h3>\n<\/div>\n<\/div>\n<\/div>\n<\/div>\n<div class=\"group\/conversation-turn relative flex w-full min-w-0 flex-col agent-turn\">\n<div class=\"flex-col gap-1 md:gap-3\">\n<div class=\"flex max-w-full flex-col flex-grow\">\n<div class=\"min-h-8 text-message flex w-full flex-col items-end gap-2 whitespace-normal break-words [.text-message+&amp;]:mt-5\" dir=\"auto\" data-message-author-role=\"assistant\" data-message-id=\"db716a1c-9ed0-4b8d-b3b0-7bdb913c3d42\" data-message-model-slug=\"gpt-4o\">\n<div class=\"flex w-full flex-col gap-1 empty:hidden first:pt-[3px]\">\n<div class=\"markdown prose w-full break-words dark:prose-invert light\">\n<div class=\"flex max-w-full flex-col flex-grow\">\n<div class=\"min-h-8 text-message flex w-full flex-col items-end gap-2 whitespace-normal break-words text-start [.text-message+&amp;]:mt-5\" dir=\"auto\" data-message-author-role=\"assistant\" data-message-id=\"2dbf2369-71ab-44c2-8168-31d5a517a1e4\" data-message-model-slug=\"gpt-4o-mini\">\n<div class=\"flex w-full flex-col gap-1 empty:hidden first:pt-[3px]\">\n<div class=\"markdown prose w-full break-words dark:prose-invert light\">\n<article class=\"text-token-text-primary w-full focus:outline-none [--shadow-height:45px] has-data-writing-block:pointer-events-none has-data-writing-block:-mt-(--shadow-height) has-data-writing-block:pt-(--shadow-height) [&amp;:has([data-writing-block])&gt;*]:pointer-events-auto scroll-mt-[calc(var(--header-height)+min(200px,max(70px,20svh)))]\" dir=\"auto\" tabindex=\"-1\" data-turn-id=\"ee759558-2db1-4861-8932-66c87485c242\" data-testid=\"conversation-turn-82\" data-scroll-anchor=\"true\" data-turn=\"assistant\">\n<div class=\"text-base my-auto mx-auto pb-10 [--thread-content-margin:--spacing(4)] @w-sm\/main:[--thread-content-margin:--spacing(6)] @w-lg\/main:[--thread-content-margin:--spacing(16)] px-(--thread-content-margin)\">\n<div class=\"[--thread-content-max-width:40rem] @w-lg\/main:[--thread-content-max-width:48rem] mx-auto max-w-(--thread-content-max-width) flex-1 group\/turn-messages focus-visible:outline-hidden relative flex w-full min-w-0 flex-col agent-turn\" tabindex=\"-1\">\n<div class=\"flex max-w-full flex-col grow\">\n<div class=\"min-h-8 text-message relative flex w-full flex-col items-end gap-2 text-start break-words whitespace-normal [.text-message+&amp;]:mt-1\" dir=\"auto\" data-message-author-role=\"assistant\" data-message-id=\"370325a1-2e03-4ed2-9b16-18960ddf0293\" data-message-model-slug=\"gpt-5-1\">\n<div class=\"flex w-full flex-col gap-1 empty:hidden first:pt-[1px]\">\n<div class=\"markdown prose dark:prose-invert w-full break-words light markdown-new-styling\">\n<p data-start=\"0\" data-end=\"139\">\n<ol data-start=\"141\" data-end=\"1633\">\n<li data-start=\"141\" data-end=\"427\">\n<p data-start=\"144\" data-end=\"427\"><strong data-start=\"144\" data-end=\"221\">Je Bang 36000 Smart Disposable Vape primeren za MTL ali ohlapen vdih?<\/strong><br data-start=\"221\" data-end=\"224\" \/>Da. <strong data-start=\"233\" data-end=\"269\" data-is-only-node=\"\">Bang 36000 Smart Vape za enkratno uporabo<\/strong> ima nastavljiv pretok zraka, zato ga je mogo\u010de nastaviti za tesnej\u0161i MTL-\u0161portni poteg ali odpreti za ohlapen vdih. To pomaga ex-odvisnikom od tobaka uskladiti poteg, na katerega so navajeni.<\/p>\n<\/li>\n<li data-start=\"429\" data-end=\"754\">\n<p data-start=\"432\" data-end=\"754\"><strong data-start=\"432\" data-end=\"517\">Ali lahko Bang King 36K uporabljam do zadnje kapljice, ne da bi padele zmogljivost?<\/strong><br data-start=\"517\" data-end=\"520\" \/>The <strong data-start=\"524\" data-end=\"552\" data-is-only-node=\"\">Bang King 36K disposable<\/strong> uporablja mre\u017eno tuljavo 0,6\u03a9 in polnljivo baterijo. Mre\u017eno ogrevanje ohranja izhod bolj stabilen skozi velik rezervoar, polnjenje pa prepre\u010duje zgodnje izpraznjenje baterije, tako da zmogljivost ostaja bolj dosledna globoko v uporabi.<\/p>\n<\/li>\n<li data-start=\"756\" data-end=\"1035\">\n<p data-start=\"759\" data-end=\"1035\"><strong data-start=\"759\" data-end=\"839\">Zakaj se moj Bang 36.000 potegov disposable v\u010dasih zdi \u0161ibkej\u0161i po polnjenju?<\/strong><br data-start=\"839\" data-end=\"842\" \/>Takoj po polnjenju lahko kondenzacija zraka rahlo zmeh\u010da prve nekaj potegov. Vzemite nekaj kratkih potegov in obi\u010dajno se o\u010disti. \u010ce ostane \u0161ibko, preverite, ali pretok zraka ni nastavljen pretesno.<\/p>\n<\/li>\n<li data-start=\"1037\" data-end=\"1313\">\n<p data-start=\"1040\" data-end=\"1313\"><strong data-start=\"1040\" data-end=\"1120\">Ali Bang 36000 Smart Disposable prihaja z me\u0161animi okusi za velike koli\u010dine naro\u010dil?<\/strong><br data-start=\"1120\" data-end=\"1123\" \/>Ve\u010dina veleprodajalcev omogo\u010da me\u0161ane kartone z okusi za <strong data-start=\"1175\" data-end=\"1206\" data-is-only-node=\"\">Bang 36000 Smart Disposable<\/strong> linijo. Z 12 razpolo\u017eljivimi okusi trgovine pogosto me\u0161ajo najbolj prodajane izdelke z nekaj regionalnimi priljubljenostmi za testiranje povpra\u0161evanja.<\/p>\n<\/li>\n<li data-start=\"1315\" data-end=\"1633\">\n<p data-start=\"1318\" data-end=\"1633\"><strong data-start=\"1318\" data-end=\"1399\">Kako naj shranjujem Bang 36K Smart Disposable, da se izognem pu\u0161\u010danju ali suhim vdihom?<\/strong><br data-start=\"1399\" data-end=\"1402\" \/>Shranjujte <strong data-start=\"1412\" data-end=\"1446\" data-is-only-node=\"\">Bang 36K Smart Disposable Vape<\/strong> pokonci, \u010de je mogo\u010de, in ga hranite stran od vro\u010dih avtomobilov ali zmrzovalnih pogojev. Ekstremne temperaturne spremembe lahko povzro\u010dijo kondenzacijo ali red\u010denje e-teko\u010dine, kar je obi\u010dajen vzrok manj\u0161ih pu\u0161\u010danj.<\/p>\n<\/li>\n<\/ol>\n<\/div>\n<\/div>\n<\/div>\n<\/div>\n<\/div>\n<\/div>\n<\/article>\n<\/div>\n<\/div>\n<\/div>\n<\/div>\n<\/div>\n<\/div>\n<\/div>\n<\/div>\n<\/div>\n<\/div>","protected":false},"excerpt":{"rendered":"<p>Bang 36000 Pametni enkratni vape \u2014 36K vdihov, zasnovan za dolgotrajno dnevno uporabo<br \/>\nBang 36K mre\u017ena tuljava in nastavljiv pretok zraka za gladek, gost dim<br \/>\nBang 36000 Pametni enkratni z LED zaslonom in polnjenjem s Type-C<\/p>\n<p><strong>Dodajte Amy na WhatsApp in prejmite takoj\u0161en odgovor ter kupon za vape!<\/strong><\/p>\n<p><img fetchpriority=\"high\" decoding=\"async\" class=\"size-full wp-image-2932\" src=\"https:\/\/vapestornado.com\/wp-content\/uploads\/2024\/12\/Vape-Wholesale.jpg\" alt=\"Vape Veleprodaja\" width=\"229\" height=\"300\" \/><\/p>\n<h3><a href=\"https:\/\/wa.me\/8617776015835\"><span style=\"color: #ff0000;\"><strong>WhatsApp: +386 17776015835<\/strong><\/span><\/a><\/h3>\n<p>&nbsp;<\/p>","protected":false},"featured_media":3006,"comment_status":"open","ping_status":"closed","template":"","meta":{"_acf_changed":false,"_uag_custom_page_level_css":"","_lmt_disableupdate":"no","_lmt_disable":"","_monsterinsights_skip_tracking":false,"_monsterinsights_sitenote_active":false,"_monsterinsights_sitenote_note":"","_monsterinsights_sitenote_category":0,"site-sidebar-layout":"default","site-content-layout":"","ast-site-content-layout":"default","site-content-style":"default","site-sidebar-style":"default","ast-global-header-display":"","ast-banner-title-visibility":"","ast-main-header-display":"","ast-hfb-above-header-display":"","ast-hfb-below-header-display":"","ast-hfb-mobile-header-display":"","site-post-title":"","ast-breadcrumbs-content":"","ast-featured-img":"","footer-sml-layout":"","ast-disable-related-posts":"","theme-transparent-header-meta":"default","adv-header-id-meta":"","stick-header-meta":"","header-above-stick-meta":"","header-main-stick-meta":"","header-below-stick-meta":"","astra-migrate-meta-layouts":"set","ast-page-background-enabled":"default","ast-page-background-meta":{"desktop":{"background-color":"","background-image":"","background-repeat":"repeat","background-position":"center center","background-size":"auto","background-attachment":"scroll","background-type":"","background-media":"","overlay-type":"","overlay-color":"","overlay-opacity":"","overlay-gradient":""},"tablet":{"background-color":"","background-image":"","background-repeat":"repeat","background-position":"center center","background-size":"auto","background-attachment":"scroll","background-type":"","background-media":"","overlay-type":"","overlay-color":"","overlay-opacity":"","overlay-gradient":""},"mobile":{"background-color":"","background-image":"","background-repeat":"repeat","background-position":"center center","background-size":"auto","background-attachment":"scroll","background-type":"","background-media":"","overlay-type":"","overlay-color":"","overlay-opacity":"","overlay-gradient":""}},"ast-content-background-meta":{"desktop":{"background-color":"var(--ast-global-color-5)","background-image":"","background-repeat":"repeat","background-position":"center center","background-size":"auto","background-attachment":"scroll","background-type":"","background-media":"","overlay-type":"","overlay-color":"","overlay-opacity":"","overlay-gradient":""},"tablet":{"background-color":"var(--ast-global-color-5)","background-image":"","background-repeat":"repeat","background-position":"center center","background-size":"auto","background-attachment":"scroll","background-type":"","background-media":"","overlay-type":"","overlay-color":"","overlay-opacity":"","overlay-gradient":""},"mobile":{"background-color":"var(--ast-global-color-5)","background-image":"","background-repeat":"repeat","background-position":"center center","background-size":"auto","background-attachment":"scroll","background-type":"","background-media":"","overlay-type":"","overlay-color":"","overlay-opacity":"","overlay-gradient":""}},"_joinchat":{"telephone":"+8617776015835"}},"product_brand":[],"product_cat":[66,62,149,154,160,146],"product_tag":[109,108,110,105,93],"class_list":{"0":"post-3021","1":"product","2":"type-product","3":"status-publish","4":"has-post-thumbnail","6":"product_cat-36000-puff","7":"product_cat-bang-vape","8":"product_cat-buy-disposable-vapes-in-austria","9":"product_cat-buy-disposable-vapes-in-netherlands","10":"product_cat-buy-disposable-vapes-in-switzerland","11":"product_cat-rechargeable-disposable-vapes","12":"product_tag-bang-36000","13":"product_tag-bang-vape-36000","14":"product_tag-bang-vape-36k","15":"product_tag-digital-disposable-vape","16":"product_tag-vape-wholesale","17":"desktop-align-left","18":"tablet-align-left","19":"mobile-align-left","21":"first","22":"instock","23":"sale","24":"shipping-taxable","25":"purchasable","26":"product-type-simple"},"acf":[],"uagb_featured_image_src":{"full":["https:\/\/vapestornado.com\/wp-content\/uploads\/2024\/12\/Bang-36000-Puffs-Disposable-Vape-Wholesale-Price.jpg",1126,1126,false],"thumbnail":["https:\/\/vapestornado.com\/wp-content\/uploads\/2024\/12\/Bang-36000-Puffs-Disposable-Vape-Wholesale-Price-150x150.jpg",150,150,true],"medium":["https:\/\/vapestornado.com\/wp-content\/uploads\/2024\/12\/Bang-36000-Puffs-Disposable-Vape-Wholesale-Price-300x300.jpg",300,300,true],"medium_large":["https:\/\/vapestornado.com\/wp-content\/uploads\/2024\/12\/Bang-36000-Puffs-Disposable-Vape-Wholesale-Price-768x768.jpg",768,768,true],"large":["https:\/\/vapestornado.com\/wp-content\/uploads\/2024\/12\/Bang-36000-Puffs-Disposable-Vape-Wholesale-Price-1024x1024.jpg",1024,1024,true],"1536x1536":["https:\/\/vapestornado.com\/wp-content\/uploads\/2024\/12\/Bang-36000-Puffs-Disposable-Vape-Wholesale-Price.jpg",1126,1126,false],"2048x2048":["https:\/\/vapestornado.com\/wp-content\/uploads\/2024\/12\/Bang-36000-Puffs-Disposable-Vape-Wholesale-Price.jpg",1126,1126,false],"trp-custom-language-flag":["https:\/\/vapestornado.com\/wp-content\/uploads\/2024\/12\/Bang-36000-Puffs-Disposable-Vape-Wholesale-Price.jpg",12,12,false],"woocommerce_thumbnail":["https:\/\/vapestornado.com\/wp-content\/uploads\/2024\/12\/Bang-36000-Puffs-Disposable-Vape-Wholesale-Price-300x300.jpg",300,300,true],"woocommerce_single":["https:\/\/vapestornado.com\/wp-content\/uploads\/2024\/12\/Bang-36000-Puffs-Disposable-Vape-Wholesale-Price-600x600.jpg",600,600,true],"woocommerce_gallery_thumbnail":["https:\/\/vapestornado.com\/wp-content\/uploads\/2024\/12\/Bang-36000-Puffs-Disposable-Vape-Wholesale-Price-100x100.jpg",100,100,true]},"uagb_author_info":{"display_name":"ESAMY","author_link":"https:\/\/vapestornado.com\/sl\/author\/"},"uagb_comment_info":0,"uagb_excerpt":"Bang 36000 Smart Disposable Vape \u2014 36K Puffs Built for Long Daily Use Bang 36K Mesh Coil and Adjustable Airflow for Smooth, Dense Vapor Bang 36000 Smart Disposable with LED Screen and Type-C Rechargeable Power Add Amy's whatsapp to get right reply and vape vape coupon! WhatsApp: +86 17776015835 &nbsp;","_links":{"self":[{"href":"https:\/\/vapestornado.com\/sl\/wp-json\/wp\/v2\/product\/3021","targetHints":{"allow":["GET"]}}],"collection":[{"href":"https:\/\/vapestornado.com\/sl\/wp-json\/wp\/v2\/product"}],"about":[{"href":"https:\/\/vapestornado.com\/sl\/wp-json\/wp\/v2\/types\/product"}],"replies":[{"embeddable":true,"href":"https:\/\/vapestornado.com\/sl\/wp-json\/wp\/v2\/comments?post=3021"}],"wp:featuredmedia":[{"embeddable":true,"href":"https:\/\/vapestornado.com\/sl\/wp-json\/wp\/v2\/media\/3006"}],"wp:attachment":[{"href":"https:\/\/vapestornado.com\/sl\/wp-json\/wp\/v2\/media?parent=3021"}],"wp:term":[{"taxonomy":"product_brand","embeddable":true,"href":"https:\/\/vapestornado.com\/sl\/wp-json\/wp\/v2\/product_brand?post=3021"},{"taxonomy":"product_cat","embeddable":true,"href":"https:\/\/vapestornado.com\/sl\/wp-json\/wp\/v2\/product_cat?post=3021"},{"taxonomy":"product_tag","embeddable":true,"href":"https:\/\/vapestornado.com\/sl\/wp-json\/wp\/v2\/product_tag?post=3021"}],"curies":[{"name":"wp","href":"https:\/\/api.w.org\/{rel}","templated":true}]}}