{"id":3020,"date":"2024-12-09T09:13:52","date_gmt":"2024-12-09T09:13:52","guid":{"rendered":"https:\/\/vapestornado.com\/?post_type=product&#038;p=3020"},"modified":"2025-08-23T10:17:17","modified_gmt":"2025-08-23T10:17:17","slug":"vapme-uwin-crystal-10000-puff-vape-pen-cheap-price-2-5-nicotine","status":"publish","type":"product","link":"https:\/\/vapestornado.com\/sl\/product\/vapme-uwin-crystal-10000-puff-vape-pen-cheap-price-2-5-nicotine\/","title":{"rendered":"Vapme UWIN Crystal 10000 PUFF Vape Pen Poceni Cena 2% 5% Nikotin"},"content":{"rendered":"<h1>Vapme UWIN Crystal 10000 PUFF Vape Pen Poceni Cena 2% 5% Nikotin<\/h1>\n<p data-start=\"391\" data-end=\"692\">The <strong data-start=\"395\" data-end=\"439\">UWIN Crystal 10000 Vpihov za enkratno uporabo<\/strong> zdru\u017euje kapaciteto, dizajn in zanesljivo delovanje, zaradi \u010desar je mo\u010dna izbira za <strong data-start=\"523\" data-end=\"562\">trgovce na debelo in drobno v Evropi<\/strong>. Z do <strong data-start=\"575\" data-end=\"591\">10.000 vdihi<\/strong> in <strong data-start=\"599\" data-end=\"632\">18 ml prednapolnjen rezervoar za e-teko\u010dino<\/strong>, ponuja dalj\u0161o uporabo v primerjavi s standardnimi izdelki za enkratno uporabo.<\/p>\n<p data-start=\"694\" data-end=\"952\">Napaja ga <strong data-start=\"707\" data-end=\"738\">650mAh polnilno baterijo<\/strong> z <strong data-start=\"744\" data-end=\"768\">hitro polnjenje Type-C<\/strong>, UWIN 10K zagotavlja stabilen izhod in zmanj\u0161an \u010das nedelovanja. Njegova <strong data-start=\"831\" data-end=\"849\">0,8\u03a9 mre\u017easta tuljava<\/strong> zagotavlja gladko proizvodnjo pare in dosledno podajanje okusa, kar je v\u0161e\u010d \u0161irokemu krogu uporabnikov.<\/p>\n<p data-start=\"954\" data-end=\"1246\">Ima <strong data-start=\"966\" data-end=\"994\">prozorno kristalno ohi\u0161je<\/strong> z <strong data-start=\"1000\" data-end=\"1016\">RGB osvetlitev<\/strong>, ta vape izstopa na trgovskih policah, hkrati pa ostaja kompakten in enostaven za prena\u0161anje. Na voljo v <strong data-start=\"1112\" data-end=\"1144\">2% in 5% jakosti nikotina<\/strong>, je <strong data-start=\"1150\" data-end=\"1177\">UWIN Crystal 10000 Vdihov<\/strong> zadovoljuje razli\u010dne potrebe strank, od ob\u010dasnih do rednih uporabnikov.<\/p>\n<p data-start=\"1248\" data-end=\"1373\">Za trgovce na debelo je njegova <strong data-start=\"1269\" data-end=\"1297\">konkuren\u010dne cene za velike koli\u010dine<\/strong> in mo\u010dna privla\u010dnost za potro\u0161nike pa ga naredita za donosen izdelek za zalogo v letu 2025.<\/p>\n<p><img fetchpriority=\"high\" decoding=\"async\" class=\"size-medium wp-image-2951\" src=\"https:\/\/vapestornado.com\/wp-content\/uploads\/2024\/12\/Wholesale-Disposable-Vape-265x300.jpg\" alt=\"Veleprodaja Vape za Enkratno Uporabo\" width=\"265\" height=\"300\" srcset=\"https:\/\/vapestornado.com\/wp-content\/uploads\/2024\/12\/Wholesale-Disposable-Vape-265x300.jpg 265w, https:\/\/vapestornado.com\/wp-content\/uploads\/2024\/12\/Wholesale-Disposable-Vape-768x871.jpg 768w, https:\/\/vapestornado.com\/wp-content\/uploads\/2024\/12\/Wholesale-Disposable-Vape-600x680.jpg 600w, https:\/\/vapestornado.com\/wp-content\/uploads\/2024\/12\/Wholesale-Disposable-Vape.jpg 823w\" sizes=\"(max-width: 265px) 100vw, 265px\" \/><\/p>\n<h6>Za Zni\u017eano Ceno se Obrnite na Mandy na WhatsApp<a href=\"https:\/\/wa.me\/8618077105796\" target=\"_blank\" rel=\"noopener\">+8618077105796<\/a><\/h6>\n<p>&nbsp;<\/p>\n<h2><strong>Uwin Crystal 10000 Vdihov vape stroki Klju\u010dne lastnosti<\/strong><\/h2>\n<ul>\n<li><strong>Do 10000 Vdihov<\/strong>: Dolgotrajna zmogljivost za dalj\u0161o uporabo.<\/li>\n<li><strong>Ve\u010d jakosti nikotina<\/strong>: Na voljo v mo\u017enostih nikotina 0%, 2%, 3% in 5%.<\/li>\n<li><strong>18 ml prostornine e-teko\u010dine<\/strong>: Velik rezervoar za manj polnjenj.<\/li>\n<li><strong>650mAh polnilna baterija<\/strong>: Hitro polnjenje Type-C za hitro polnjenje.<\/li>\n<li><strong>0.8\u03a9 Mesh tuljava<\/strong>: Izbolj\u0161an okus in proizvodnja hlapov.<\/li>\n<li><strong>RGB lu\u010di<\/strong>: Dinami\u010dna osvetlitev za sodoben videz.<\/li>\n<li><strong>Nakup v razsutem stanju<\/strong>: Mo\u017enosti veleprodaje z 200 enotami na karton.<\/li>\n<li><strong>Prenosljiv in lahek<\/strong>: Enostaven za prena\u0161anje in idealen tako za za\u010detnike kot za izku\u0161ene uporabnike.<\/li>\n<\/ul>\n<h2><strong>Raznolika paleta okusov<\/strong><\/h2>\n<p>Uwin Crystal 10000 Vpihov ponuja skrbno izbrano paleto 15 razli\u010dnih okusov, zasnovanih za zadovoljitev vsakega okusa. Ne glede na to, ali imate raje sladke, sadne me\u0161anice ali osve\u017eujo\u010de mentole, se za vsakogar najde primeren okus. Tukaj je podrobnej\u0161i pogled na razpolo\u017eljive mo\u017enosti:<\/p>\n<p>1. Borovnica Malina<br \/>\n2. Grozdni led<br \/>\n3. Jagodna lubenica<br \/>\n4. Borovnica na ledu<br \/>\n5. Lubeni\u010dni led<br \/>\n6. \u010ce\u0161njev led<br \/>\n7. Jagoda malina \u010de\u0161nja<br \/>\n8. Kivi pasijonka guava<br \/>\n9. Jagodni led<br \/>\n10. Breskov led<br \/>\n11. Jagoda kivi<br \/>\n12. Breskova jagoda<br \/>\n13. \u010ce\u0161njeva kola<br \/>\n14. Me\u0161ano jagodi\u010devje<br \/>\n15. G. blue<\/p>\n<h3><strong>Zakaj izbrati <a href=\"https:\/\/vapestornado.com\/sl\/product\/vapme-uwin-crystal-10000-puff-vape-pen-cheap-price-2-5-nicotine\/\">Uwin Crystal 10000 Vpihov<\/a> od <a href=\"https:\/\/vapestornado.com\/sl\/store\/\">vapestornado.si<\/a>?<\/strong><\/h3>\n<ul>\n<li><strong>Vrhunska kakovost<\/strong>: Uwin Crystal 10000 Vpihov ponuja izjemno zmogljivost z napredno tehnologijo mre\u017easte tuljave, ki zagotavlja gladek okus in gosto paro pri vsakem vdihu.<\/li>\n<li><strong>Dolgotrajno<\/strong>: Z do 10.000 vpihi in veliko prostornino e-teko\u010dine 18 ml ta naprava zagotavlja dalj\u0161o uporabo, zaradi \u010desar je stro\u0161kovno u\u010dinkovita mo\u017enost za ob\u010dasne in redne uporabnike.<\/li>\n<li><strong>Prilagodljive ravni nikotina<\/strong>: Na voljo v jakostih nikotina 0%, 2%, 3% in 5%, ki ustrezajo \u0161irokemu spektru preferenc.<\/li>\n<li><strong>Hitro polnjenje<\/strong>: 650 mAh polnilna baterija s polnjenjem Type-C zagotavlja hitro in zanesljivo polnjenje, kar vam omogo\u010da dalj\u0161e vapenje.<\/li>\n<li><strong>Eleganten in moden<\/strong>: Prozorna oblika z \u017eivahnimi RGB lu\u010dmi ne le izbolj\u0161a estetiko, temve\u010d jo tudi naredi izstopajo\u010d dodatek.<\/li>\n<li><strong>Priro\u010dnost<\/strong>: Enostaven za prena\u0161anje in pripravljen za uporabo, idealen za vapenje na poti.<\/li>\n<li><strong>Konkuren\u010dne cene<\/strong>: vapestornado ponuja Uwin Crystal 10000 Puffs po neprekosljivi ceni, z mo\u017enostmi nakupa v razsutem stanju za trgovce na debelo.<\/li>\n<li><strong>Zanesljiva storitev<\/strong>: U\u017eivajte v hitri dostavi, odli\u010dni podpori strankam in enostavni nakupovalni izku\u0161nji na vapestornado.com.<\/li>\n<\/ul>\n<p>&nbsp;<\/p>\n<h3><strong>Prednosti nakupa v velikih koli\u010dinah pri vapestornado.com<\/strong><\/h3>\n<ul>\n<li><strong>Prihranek stro\u0161kov<\/strong>: Nakup v velikih koli\u010dinah zni\u017euje stro\u0161ke na enoto, kar pove\u010duje va\u0161o splo\u0161no dobi\u010dkonosnost.<\/li>\n<li><strong>Dosledna razpolo\u017eljivost<\/strong>: Zagotovite si zanesljivo zalogo za zadovoljevanje povpra\u0161evanja strank brez prekinitev, kar je idealno za ohranjanje poslovnega toka.<\/li>\n<li><strong>Prilagodljiva naro\u010dila<\/strong>: Prilagodite svoj nakup v velikih koli\u010dinah z razli\u010dnimi okusi in jakostmi nikotina, da boste zadovoljili svojo bazo strank.<\/li>\n<li><strong>Ekskluzivni veleprodajni popusti<\/strong>: U\u017eivajte v posebnih cenah za naro\u010dila v velikih koli\u010dinah, kar zagotavlja najbolj\u0161o vrednost za vrhunske izdelke.<\/li>\n<\/ul>\n<div class=\"flex-shrink-0 flex flex-col relative items-end\">\n<div>\n<div class=\"pt-0\">\n<div class=\"gizmo-bot-avatar flex h-8 w-8 items-center justify-center overflow-hidden rounded-full\">\n<div class=\"relative p-1 rounded-sm flex items-center justify-center bg-token-main-surface-primary text-token-text-primary h-8 w-8\"><\/div>\n<\/div>\n<\/div>\n<\/div>\n<\/div>\n<div class=\"group\/conversation-turn relative flex w-full min-w-0 flex-col agent-turn\">\n<div class=\"flex-col gap-1 md:gap-3\">\n<div class=\"flex max-w-full flex-col flex-grow\">\n<div class=\"min-h-8 text-message flex w-full flex-col items-end gap-2 whitespace-normal break-words text-start [.text-message+&amp;]:mt-5\" dir=\"auto\" data-message-author-role=\"assistant\" data-message-id=\"782e374d-2cea-4922-b41d-46c77a1b831e\" data-message-model-slug=\"gpt-4o\">\n<div class=\"flex w-full flex-col gap-1 empty:hidden first:pt-[3px]\">\n<div class=\"markdown prose w-full break-words dark:prose-invert light\">\n<h3><strong>Pogosta vpra\u0161anja o Uwin Crystal 10000 Vdihov Polnilni Vape<\/strong><\/h3>\n<\/div>\n<\/div>\n<\/div>\n<\/div>\n<\/div>\n<\/div>\n<div class=\"flex max-w-full flex-col flex-grow\">\n<div class=\"min-h-8 text-message flex w-full flex-col items-end gap-2 whitespace-normal break-words text-start [.text-message+&amp;]:mt-5\" dir=\"auto\" data-message-author-role=\"assistant\" data-message-id=\"782e374d-2cea-4922-b41d-46c77a1b831e\" data-message-model-slug=\"gpt-4o\">\n<div class=\"flex w-full flex-col gap-1 empty:hidden first:pt-[3px]\">\n<div class=\"markdown prose w-full break-words dark:prose-invert light\">\n<ol>\n<li><strong>Kako dolgo zdr\u017ei Uwin Crystal Vape 10000 Vdihov?<\/strong><br \/>\nS kar 10.000 vdihi je ta naprava zasnovana tako, da zdr\u017ei ve\u010d dni ali celo tednov, odvisno od navad uporabe.<\/li>\n<li><strong>Ali je Uwin Crystal 10k Vdihov mogo\u010de ponovno napolniti?<\/strong><br \/>\nDa, ima 650 mAh polnilno baterijo s polnjenjem Type-C za hitro in u\u010dinkovito polnjenje.<\/li>\n<li><strong>Katere jakosti nikotina so na voljo za Uwin Crystal 10000 Vdihov?<\/strong><br \/>\nTa naprava je na voljo v nivojih nikotina 0%, 2%, 3% in 5%, ki ponujajo mo\u017enosti za razli\u010dne \u017eelje.<\/li>\n<li><strong>Po \u010dem je Uwin Crystal 10000 Vdihov edinstven?<\/strong><br \/>\nUwin Crystal izstopa s svojo 18 ml prostornino e-teko\u010dine, napredno 0,8 \u03a9 mre\u017easto tuljavo za izbolj\u0161an okus, elegantno kristalno \u010disto obliko in dinami\u010dno RGB osvetlitvijo.<\/li>\n<li><strong>Ali lahko kupim Uwin Crystal 10000 Puffs v razsutem stanju?<\/strong><br \/>\nDa, vapestornado ponuja mo\u017enosti veleprodaje z 200 enotami na karton, kar je idealno za trgovce na drobno ali podjetja.<\/li>\n<li><strong>Je Uwin Crystal 10000 Puffs Disposable Vape primeren za za\u010detnike?<\/strong><br \/>\nSeveda! Njegova uporabniku prijazna zasnova, ki se aktivira z vdihom, je popolna tako za nove kot tudi za izku\u0161ene uporabnike.<\/li>\n<\/ol>\n<\/div>\n<\/div>\n<\/div>\n<\/div>\n<div class=\"mb-2 flex gap-3 empty:hidden -ml-2\">\n<div class=\"items-center justify-start rounded-xl p-1 flex\"><\/div>\n<\/div>","protected":false},"excerpt":{"rendered":"<p>UWIN Crystal 10000 Vdihov Polnilni vape ponuja dolgotrajno delovanje, \u017eivahno obliko in vrhunski okus z napredno tehnologijo vapinga.<\/p>\n<figure id=\"attachment_2951\" aria-describedby=\"caption-attachment-2951\" style=\"width: 265px\" class=\"wp-caption alignnone\"><img fetchpriority=\"high\" decoding=\"async\" class=\"size-medium wp-image-2951\" src=\"https:\/\/vapestornado.com\/wp-content\/uploads\/2024\/12\/Wholesale-Disposable-Vape-265x300.jpg\" alt=\"Veleprodaja Vape za Enkratno Uporabo\" width=\"265\" height=\"300\" srcset=\"https:\/\/vapestornado.com\/wp-content\/uploads\/2024\/12\/Wholesale-Disposable-Vape-265x300.jpg 265w, https:\/\/vapestornado.com\/wp-content\/uploads\/2024\/12\/Wholesale-Disposable-Vape-768x871.jpg 768w, https:\/\/vapestornado.com\/wp-content\/uploads\/2024\/12\/Wholesale-Disposable-Vape-600x680.jpg 600w, https:\/\/vapestornado.com\/wp-content\/uploads\/2024\/12\/Wholesale-Disposable-Vape.jpg 823w\" sizes=\"(max-width: 265px) 100vw, 265px\" \/><figcaption id=\"caption-attachment-2951\" class=\"wp-caption-text\">Za popust se obrnite na Mandy<a href=\"https:\/\/wa.me\/8618077105796\">+86 18077105796<\/a><\/figcaption><\/figure>\n<p>&nbsp;<\/p>","protected":false},"featured_media":3009,"comment_status":"open","ping_status":"closed","template":"","meta":{"_acf_changed":false,"_uag_custom_page_level_css":"","_lmt_disableupdate":"no","_lmt_disable":"","_monsterinsights_skip_tracking":false,"_monsterinsights_sitenote_active":false,"_monsterinsights_sitenote_note":"","_monsterinsights_sitenote_category":0,"site-sidebar-layout":"default","site-content-layout":"","ast-site-content-layout":"default","site-content-style":"default","site-sidebar-style":"default","ast-global-header-display":"","ast-banner-title-visibility":"","ast-main-header-display":"","ast-hfb-above-header-display":"","ast-hfb-below-header-display":"","ast-hfb-mobile-header-display":"","site-post-title":"","ast-breadcrumbs-content":"","ast-featured-img":"","footer-sml-layout":"","ast-disable-related-posts":"","theme-transparent-header-meta":"default","adv-header-id-meta":"","stick-header-meta":"","header-above-stick-meta":"","header-main-stick-meta":"","header-below-stick-meta":"","astra-migrate-meta-layouts":"set","ast-page-background-enabled":"default","ast-page-background-meta":{"desktop":{"background-color":"","background-image":"","background-repeat":"repeat","background-position":"center center","background-size":"auto","background-attachment":"scroll","background-type":"","background-media":"","overlay-type":"","overlay-color":"","overlay-opacity":"","overlay-gradient":""},"tablet":{"background-color":"","background-image":"","background-repeat":"repeat","background-position":"center center","background-size":"auto","background-attachment":"scroll","background-type":"","background-media":"","overlay-type":"","overlay-color":"","overlay-opacity":"","overlay-gradient":""},"mobile":{"background-color":"","background-image":"","background-repeat":"repeat","background-position":"center center","background-size":"auto","background-attachment":"scroll","background-type":"","background-media":"","overlay-type":"","overlay-color":"","overlay-opacity":"","overlay-gradient":""}},"ast-content-background-meta":{"desktop":{"background-color":"var(--ast-global-color-5)","background-image":"","background-repeat":"repeat","background-position":"center center","background-size":"auto","background-attachment":"scroll","background-type":"","background-media":"","overlay-type":"","overlay-color":"","overlay-opacity":"","overlay-gradient":""},"tablet":{"background-color":"var(--ast-global-color-5)","background-image":"","background-repeat":"repeat","background-position":"center center","background-size":"auto","background-attachment":"scroll","background-type":"","background-media":"","overlay-type":"","overlay-color":"","overlay-opacity":"","overlay-gradient":""},"mobile":{"background-color":"var(--ast-global-color-5)","background-image":"","background-repeat":"repeat","background-position":"center center","background-size":"auto","background-attachment":"scroll","background-type":"","background-media":"","overlay-type":"","overlay-color":"","overlay-opacity":"","overlay-gradient":""}},"_joinchat":{"telephone":"+8618077105796"}},"product_brand":[],"product_cat":[106,140,149,150,153,155,158,141,233],"product_tag":[97,107],"class_list":{"0":"post-3020","1":"product","2":"type-product","3":"status-publish","4":"has-post-thumbnail","6":"product_cat-10000-puff","7":"product_cat-big-puffs-disposable-vapes","8":"product_cat-buy-disposable-vapes-in-austria","9":"product_cat-buy-disposable-vapes-in-belgium","10":"product_cat-buy-disposable-vapes-in-italy","11":"product_cat-buy-disposable-vapes-in-norway","12":"product_cat-buy-disposable-vapes-in-spain","13":"product_cat-crystal-disposable-vapes","14":"product_cat-uwin-vape","15":"product_tag-hot-sale-disposable-vape","16":"product_tag-uwin-crystal-10000-puffs","17":"desktop-align-left","18":"tablet-align-left","19":"mobile-align-left","21":"first","22":"instock","23":"sale","24":"shipping-taxable","25":"purchasable","26":"product-type-simple"},"acf":[],"uagb_featured_image_src":{"full":["https:\/\/vapestornado.com\/wp-content\/uploads\/2024\/12\/UWIN-Crystal-10000-Puffs-Vape-Pen-cherry-cola.jpg",800,800,false],"thumbnail":["https:\/\/vapestornado.com\/wp-content\/uploads\/2024\/12\/UWIN-Crystal-10000-Puffs-Vape-Pen-cherry-cola-150x150.jpg",150,150,true],"medium":["https:\/\/vapestornado.com\/wp-content\/uploads\/2024\/12\/UWIN-Crystal-10000-Puffs-Vape-Pen-cherry-cola-300x300.jpg",300,300,true],"medium_large":["https:\/\/vapestornado.com\/wp-content\/uploads\/2024\/12\/UWIN-Crystal-10000-Puffs-Vape-Pen-cherry-cola-768x768.jpg",768,768,true],"large":["https:\/\/vapestornado.com\/wp-content\/uploads\/2024\/12\/UWIN-Crystal-10000-Puffs-Vape-Pen-cherry-cola.jpg",800,800,false],"1536x1536":["https:\/\/vapestornado.com\/wp-content\/uploads\/2024\/12\/UWIN-Crystal-10000-Puffs-Vape-Pen-cherry-cola.jpg",800,800,false],"2048x2048":["https:\/\/vapestornado.com\/wp-content\/uploads\/2024\/12\/UWIN-Crystal-10000-Puffs-Vape-Pen-cherry-cola.jpg",800,800,false],"trp-custom-language-flag":["https:\/\/vapestornado.com\/wp-content\/uploads\/2024\/12\/UWIN-Crystal-10000-Puffs-Vape-Pen-cherry-cola.jpg",12,12,false],"woocommerce_thumbnail":["https:\/\/vapestornado.com\/wp-content\/uploads\/2024\/12\/UWIN-Crystal-10000-Puffs-Vape-Pen-cherry-cola-300x300.jpg",300,300,true],"woocommerce_single":["https:\/\/vapestornado.com\/wp-content\/uploads\/2024\/12\/UWIN-Crystal-10000-Puffs-Vape-Pen-cherry-cola-600x600.jpg",600,600,true],"woocommerce_gallery_thumbnail":["https:\/\/vapestornado.com\/wp-content\/uploads\/2024\/12\/UWIN-Crystal-10000-Puffs-Vape-Pen-cherry-cola-100x100.jpg",100,100,true]},"uagb_author_info":{"display_name":"ESMANDY","author_link":"https:\/\/vapestornado.com\/sl\/author\/"},"uagb_comment_info":0,"uagb_excerpt":"UWIN Crystal 10000 Puffs Rechargeable vape offers long-lasting performance, vibrant design, and premium flavor with advanced vaping technology. [caption id=\"attachment_2951\" align=\"alignnone\" width=\"265\"] Contact Mandy For Discount Price+86 18077105796[\/caption] &nbsp;","_links":{"self":[{"href":"https:\/\/vapestornado.com\/sl\/wp-json\/wp\/v2\/product\/3020","targetHints":{"allow":["GET"]}}],"collection":[{"href":"https:\/\/vapestornado.com\/sl\/wp-json\/wp\/v2\/product"}],"about":[{"href":"https:\/\/vapestornado.com\/sl\/wp-json\/wp\/v2\/types\/product"}],"replies":[{"embeddable":true,"href":"https:\/\/vapestornado.com\/sl\/wp-json\/wp\/v2\/comments?post=3020"}],"wp:featuredmedia":[{"embeddable":true,"href":"https:\/\/vapestornado.com\/sl\/wp-json\/wp\/v2\/media\/3009"}],"wp:attachment":[{"href":"https:\/\/vapestornado.com\/sl\/wp-json\/wp\/v2\/media?parent=3020"}],"wp:term":[{"taxonomy":"product_brand","embeddable":true,"href":"https:\/\/vapestornado.com\/sl\/wp-json\/wp\/v2\/product_brand?post=3020"},{"taxonomy":"product_cat","embeddable":true,"href":"https:\/\/vapestornado.com\/sl\/wp-json\/wp\/v2\/product_cat?post=3020"},{"taxonomy":"product_tag","embeddable":true,"href":"https:\/\/vapestornado.com\/sl\/wp-json\/wp\/v2\/product_tag?post=3020"}],"curies":[{"name":"wp","href":"https:\/\/api.w.org\/{rel}","templated":true}]}}