{"id":3000,"date":"2024-12-09T07:00:42","date_gmt":"2024-12-09T07:00:42","guid":{"rendered":"https:\/\/vapestornado.com\/?post_type=product&#038;p=3000"},"modified":"2025-08-23T10:18:27","modified_gmt":"2025-08-23T10:18:27","slug":"waspe-25000-puffs-digital-disposable-vape-wholesale-price-in-poland","status":"publish","type":"product","link":"https:\/\/vapestornado.com\/sl\/product\/waspe-25000-puffs-digital-disposable-vape-wholesale-price-in-poland\/","title":{"rendered":"Waspe 25000 Vdihljajev Digitalna E-cigareta za Enkratno Uporabo Veleprodajna Cena na Poljskem"},"content":{"rendered":"<h1 class=\"product-title\">Waspe 25000 Vdihljajev Digitalna E-cigareta za Enkratno Uporabo Veleprodajna Cena na Poljskem<\/h1>\n<p data-start=\"525\" data-end=\"808\">The <strong data-start=\"529\" data-end=\"574\">Waspe 25000 Vpihov Digitalni Vape za enkratno uporabo<\/strong> je prakti\u010dna izbira za trgovce na debelo in drobno na Poljskem, ki i\u0161\u010dejo dolgotrajne zaloge, bogate s funkcijami. Z do <strong data-start=\"690\" data-end=\"715\">25.000 vpihov na enoto<\/strong> in <strong data-start=\"722\" data-end=\"744\">sistem z dvojnim okusom<\/strong>, strankam zagotavlja dalj\u0161o uporabo in ve\u010djo raznolikost.<\/p>\n<p data-start=\"810\" data-end=\"1090\">Opremljen z <strong data-start=\"826\" data-end=\"848\">digitalni LED zaslon<\/strong>, Waspe 25K uporabnike sproti obve\u0161\u010da o \u017eivljenjski dobi baterije in \u0161tevilu vpihov. Njegova <strong data-start=\"937\" data-end=\"960\">polnilna zasnova<\/strong> z <strong data-start=\"966\" data-end=\"990\">hitro polnjenje Type-C<\/strong> zagotavlja dosledno delovanje in zmanj\u0161uje koli\u010dino odpadkov, zaradi \u010desar je stro\u0161kovno u\u010dinkovit in okolju prijazen.<\/p>\n<p data-start=\"1092\" data-end=\"1373\">Na voljo v ve\u010d <strong data-start=\"1114\" data-end=\"1133\">nivojih nikotina<\/strong> in <strong data-start=\"1138\" data-end=\"1161\">kombinacij okusov<\/strong>, je <strong data-start=\"1167\" data-end=\"1185\">Waspe 25K Vape<\/strong> je privla\u010den za \u0161iroko bazo potro\u0161nikov, od za\u010detnikov do izku\u0161enih uporabnikov. Kompakten in prenosen, primeren je za vsakodnevno uporabo, hkrati pa zagotavlja dosleden okus zahvaljujo\u010d napredni tehnologiji tuljave.<\/p>\n<p data-start=\"1375\" data-end=\"1604\">Za distributerje in lastnike trgovin na Poljskem je <strong data-start=\"1423\" data-end=\"1449\">Waspe 25000 Vpihov Vape<\/strong> zdru\u017euje visoko zmogljivost vpihov, inovativne funkcije in <strong data-start=\"1504\" data-end=\"1537\">konkuren\u010dne veleprodajne cene<\/strong>, zaradi \u010desar je donosen dodatek k zalogam vape za enkratno uporabo.<\/p>\n<p>&nbsp;<\/p>\n<p><strong>Dodajte Amy\u2019s Whatsapp, da dobite pravi odgovor in kupon za vape!<\/strong><\/p>\n<p><img fetchpriority=\"high\" decoding=\"async\" class=\"size-full wp-image-2932\" src=\"https:\/\/vapestornado.com\/wp-content\/uploads\/2024\/12\/Vape-Wholesale.jpg\" alt=\"Vape Veleprodaja\" width=\"229\" height=\"300\" \/><\/p>\n<h3><a href=\"https:\/\/wa.me\/8617776015835\" target=\"_blank\" rel=\"noopener\"><span style=\"color: #ff0000;\"><strong>WhatsApp: +386 17776015835<\/strong><\/span><\/a><\/h3>\n<p>&nbsp;<\/p>\n<h4><strong style=\"font-size: 1.7em;\">Lastnosti izdelka Waspe Vape 25000<\/strong><\/h4>\n<ul>\n<li><strong>25.000 Vpihov \u010cistega Zadovoljstva<\/strong>: U\u017eivajte v podalj\u0161anih seansah vapinga z do <strong>25.000 vpihov<\/strong>, zaradi \u010desar je <strong>WASPE 25000 vpihov<\/strong> idealna izbira za ob\u010dasne in redne uporabnike.<\/li>\n<li><strong>Ve\u010d jakosti nikotina<\/strong>: Izbirajte med <strong>0%, 2% ali 5% nikotina<\/strong>, ki ponuja prilagojeno izku\u0161njo za uporabnike, ki i\u0161\u010dejo <strong>e-cigareta za enkratno uporabo z nizko vsebnostjo nikotina<\/strong> ali mo\u010dnej\u0161i udarec.<\/li>\n<li><strong>25 ml Kapaciteta E-teko\u010dine<\/strong>: Prednalo\u017eeno z izdatnimi <strong>25 ml e-teko\u010dine<\/strong>, kar zagotavlja manj prekinitev in dalj\u0161e u\u017eivanje.<\/li>\n<li><strong>Napredne Dvojne Mre\u017easte Tuljave<\/strong>: Integrirane dvojne mre\u017easte tuljave zagotavljajo gladko proizvodnjo pare, dosledno dostavo okusa in vrhunsko izku\u0161njo pri vsakem vdihu.<\/li>\n<li><strong>Digitalni LED Zaslon<\/strong>: <strong>LED Zaslon Vape za Enkratno Uporabo<\/strong> ima pameten LCD zaslon, ki vam omogo\u010da spremljanje <strong>\u017eivljenjsko dobo baterije in \u0161tevilo vdihov<\/strong> brez te\u017eav.<\/li>\n<li><strong>Polnilna in trpe\u017ena<\/strong>: Napaja ga <strong>650mAh baterija<\/strong> in podprta s strani <strong>hitro polnjenje Type-C<\/strong>, ta <strong>polnilni vape<\/strong> vam zagotavlja energijo za dalj\u0161o uporabo brez dolgih prekinitev.<\/li>\n<li><strong>Kompaktna zasnova za nakup v velikih koli\u010dinah<\/strong>: Lahek in enostaven za uporabo, Waspe 25k je popoln za nakup v velikih koli\u010dinah, zaradi \u010desar je idealen za distributerje, ki i\u0161\u010dejo zanesljiv izdelek za <strong>veleprodaja vape<\/strong>.<\/li>\n<\/ul>\n<p>&nbsp;<\/p>\n<h2 class=\"product-title\"><strong>Seznam okusov WASPE 25000<\/strong><\/h2>\n<p>1. Jagoda Kiwi<br \/>\n2. Me\u0161ano jagodi\u010devje<br \/>\n3. Borovnica na ledu<br \/>\n4. Grozdje led<br \/>\n5. \u010ce\u0161nja led<br \/>\n6. Borovnica Malina Limonada<br \/>\n7.Breskev Led<br \/>\n8. Jagoda Lubenica<br \/>\n9. Breskev Mango Lubenica<br \/>\n10. Lubenica Ice<\/p>\n<h3>Zakaj izbrati vapestornado za veleprodajo WASPE 25k Vape?<\/h3>\n<div class=\"flex-shrink-0 flex flex-col relative items-end\">\n<div class=\"pt-0\">\n<div class=\"gizmo-bot-avatar flex h-8 w-8 items-center justify-center overflow-hidden rounded-full\">\n<div class=\"relative p-1 rounded-sm flex items-center justify-center bg-token-main-surface-primary text-token-text-primary h-8 w-8\">\n<p>Dobrodo\u0161li v vapestornado, va\u0161i zaupanja vredni spletni trgovini z vrhunskimi vape napravami za enkratno uporabo. Z ve\u010d kot 5 leti strokovnega znanja vam ponujamo priljubljene blagovne znamke vape naprav za enkratno uporabo, kot so Fumot RandM Vape, Vapme, Bang Vape, Waspe Vape in WGA Vape, itd.<\/p>\n<p>Na\u0161a ponudba vklju\u010duje vro\u010de prodajane veipe, kot je <a href=\"https:\/\/vapestornado.com\/sl\/product\/fumot-randm-tornado-15000-puffs-rechargeable-disposable-vape-wholesale\/\">RandM Tornado 15000<\/a>, in izbire, bogate z okusi, kot je <a href=\"https:\/\/vapestornado.com\/sl\/product\/waspe-40000-puffs-double-flavour-led-display-disposable-vape-wholesale\/\">WASPE Dvojni okus 40000 vdihov<\/a> . Vsak izdelek je izbran s poudarkom na kakovosti, vrednosti in raznolikosti, kar zagotavlja, da boste na\u0161li popolno ujemanje za svoje potrebe. Odkrijte izjemne storitve in \u0161iroko paleto vrhunskih izdelkov pri vapestornado.<\/p>\n<\/div>\n<h3><\/h3>\n<div class=\"relative p-1 rounded-sm flex items-center justify-center bg-token-main-surface-primary text-token-text-primary h-8 w-8\">\n<h3>Pogosta vpra\u0161anja o WASPE 25k polnilni vape za enkratno uporabo<\/h3>\n<\/div>\n<\/div>\n<\/div>\n<\/div>\n<div class=\"group\/conversation-turn relative flex w-full min-w-0 flex-col agent-turn\">\n<div class=\"flex-col gap-1 md:gap-3\">\n<div class=\"flex max-w-full flex-col flex-grow\">\n<div class=\"min-h-8 text-message flex w-full flex-col items-end gap-2 whitespace-normal break-words [.text-message+&amp;]:mt-5\" dir=\"auto\" data-message-author-role=\"assistant\" data-message-id=\"db716a1c-9ed0-4b8d-b3b0-7bdb913c3d42\" data-message-model-slug=\"gpt-4o\">\n<div class=\"flex w-full flex-col gap-1 empty:hidden first:pt-[3px]\">\n<div class=\"markdown prose w-full break-words dark:prose-invert light\">\n<h3><\/h3>\n<ol>\n<li><strong>Kje lahko kupim Waspe 25000 Puffs Digital Vape za enkratno uporabo po veleprodajni ceni v Sloveniji?<\/strong><br \/>\nWaspe 25000 Puffs Digital Vape za enkratno uporabo lahko kupite po konkuren\u010dnih veleprodajnih cenah pri zaupanja vrednih distributerjih, specializiranih za <strong>veleprodaja vape<\/strong> v Sloveniji.<\/li>\n<li><strong>Koliko vdihov ponuja Waspe 25000 Puffs Digital Vape za enkratno uporabo?<\/strong><br \/>\nWaspe 25k zagotavlja impresivno <strong>25.000 vpihov<\/strong>, kar zagotavlja dolgotrajno uporabo in odli\u010dno vrednost za denar.<\/li>\n<li><strong>Zakaj je Waspe 25000 Puffs vape edinstven v primerjavi z drugimi vape za enkratno uporabo?<\/strong><br \/>\nWaspe 25k izstopa s svojim <strong>LED digitalni zaslon<\/strong> za spremljanje \u0161tevila vdihov in \u017eivljenjske dobe baterije, <strong>dvojni okus<\/strong> mo\u017enosti in <strong>polnilna zasnova<\/strong> ki jo poganja hitro polnjenje <strong>priklju\u010dkom Type-C<\/strong>.<\/li>\n<li><strong>Katere ravni nikotina so na voljo za Waspe 25000 Puffs Vape za enkratno uporabo?<\/strong><br \/>\nWaspe 25k ponuja tri mo\u017enosti jakosti nikotina: <strong>0%, 2% in 5%<\/strong>, namenjen uporabnikom, ki imajo raje <strong>e-cigareta za enkratno uporabo z nizko vsebnostjo nikotina<\/strong> ali mo\u010dnej\u0161e udarce.<\/li>\n<li><strong>Kako Waspe 25k zagotavlja vrhunsko izku\u0161njo vapinga?<\/strong><br \/>\nOpremljen z <strong>dvojne mre\u017easte tuljave<\/strong> za izbolj\u0161ano proizvodnjo pare, velik <strong>25 ml prostornine e-teko\u010dine<\/strong>in prilagodljivim pretokom zraka, Waspe 25k zagotavlja dosledne, okusne vdihe za izjemno izku\u0161njo vapinga.<\/li>\n<\/ol>\n<\/div>\n<\/div>\n<\/div>\n<\/div>\n<\/div>\n<\/div>","protected":false},"excerpt":{"rendered":"<p>The <strong data-start=\"290\" data-end=\"327\">Waspe 25000 Vpihov Vape za enkratno uporabo<\/strong> ponuja dvojne okuse, LED zaslon in do 25K vpihov. Popoln za <strong data-start=\"395\" data-end=\"425\">veleprodajne kupce na Poljskem<\/strong>, zdru\u017euje zmogljivost, raznolikost okusov in konkuren\u010dne veleprodajne cene.<\/p>\n<p><strong>Dodajte Amy na WhatsApp in prejmite takoj\u0161en odgovor ter kupon za vape!<\/strong><\/p>\n<p><img fetchpriority=\"high\" decoding=\"async\" class=\"size-full wp-image-2932\" src=\"https:\/\/vapestornado.com\/wp-content\/uploads\/2024\/12\/Vape-Wholesale.jpg\" alt=\"Vape Veleprodaja\" width=\"229\" height=\"300\" \/><\/p>\n<h3><a href=\"https:\/\/wa.me\/8617776015835\"><span style=\"color: #ff0000;\"><strong>WhatsApp: +386 17776015835<\/strong><\/span><\/a><\/h3>\n<p>&nbsp;<\/p>","protected":false},"featured_media":2995,"comment_status":"open","ping_status":"closed","template":"","meta":{"_acf_changed":false,"_uag_custom_page_level_css":"","_lmt_disableupdate":"no","_lmt_disable":"","_monsterinsights_skip_tracking":false,"_monsterinsights_sitenote_active":false,"_monsterinsights_sitenote_note":"","_monsterinsights_sitenote_category":0,"site-sidebar-layout":"default","site-content-layout":"","ast-site-content-layout":"default","site-content-style":"default","site-sidebar-style":"default","ast-global-header-display":"","ast-banner-title-visibility":"","ast-main-header-display":"","ast-hfb-above-header-display":"","ast-hfb-below-header-display":"","ast-hfb-mobile-header-display":"","site-post-title":"","ast-breadcrumbs-content":"","ast-featured-img":"","footer-sml-layout":"","ast-disable-related-posts":"","theme-transparent-header-meta":"default","adv-header-id-meta":"","stick-header-meta":"","header-above-stick-meta":"","header-main-stick-meta":"","header-below-stick-meta":"","astra-migrate-meta-layouts":"set","ast-page-background-enabled":"default","ast-page-background-meta":{"desktop":{"background-color":"","background-image":"","background-repeat":"repeat","background-position":"center center","background-size":"auto","background-attachment":"scroll","background-type":"","background-media":"","overlay-type":"","overlay-color":"","overlay-opacity":"","overlay-gradient":""},"tablet":{"background-color":"","background-image":"","background-repeat":"repeat","background-position":"center center","background-size":"auto","background-attachment":"scroll","background-type":"","background-media":"","overlay-type":"","overlay-color":"","overlay-opacity":"","overlay-gradient":""},"mobile":{"background-color":"","background-image":"","background-repeat":"repeat","background-position":"center center","background-size":"auto","background-attachment":"scroll","background-type":"","background-media":"","overlay-type":"","overlay-color":"","overlay-opacity":"","overlay-gradient":""}},"ast-content-background-meta":{"desktop":{"background-color":"var(--ast-global-color-5)","background-image":"","background-repeat":"repeat","background-position":"center center","background-size":"auto","background-attachment":"scroll","background-type":"","background-media":"","overlay-type":"","overlay-color":"","overlay-opacity":"","overlay-gradient":""},"tablet":{"background-color":"var(--ast-global-color-5)","background-image":"","background-repeat":"repeat","background-position":"center center","background-size":"auto","background-attachment":"scroll","background-type":"","background-media":"","overlay-type":"","overlay-color":"","overlay-opacity":"","overlay-gradient":""},"mobile":{"background-color":"var(--ast-global-color-5)","background-image":"","background-repeat":"repeat","background-position":"center center","background-size":"auto","background-attachment":"scroll","background-type":"","background-media":"","overlay-type":"","overlay-color":"","overlay-opacity":"","overlay-gradient":""}},"_joinchat":{"telephone":"+8617776015835"}},"product_brand":[],"product_cat":[68,151,158,159,144,60],"product_tag":[105,100,103,104],"class_list":{"0":"post-3000","1":"product","2":"type-product","3":"status-publish","4":"has-post-thumbnail","6":"product_cat-25000-puff","7":"product_cat-buy-disposable-vapes-in-france","8":"product_cat-buy-disposable-vapes-in-spain","9":"product_cat-buy-disposable-vapes-in-sweden","10":"product_cat-low-nicotine-disposable-vapes","11":"product_cat-waspe-fihp-vape","12":"product_tag-digital-disposable-vape","13":"product_tag-wasoe-vape","14":"product_tag-waspe-25000","15":"product_tag-waspe-25k","16":"desktop-align-left","17":"tablet-align-left","18":"mobile-align-left","20":"first","21":"instock","22":"sale","23":"shipping-taxable","24":"purchasable","25":"product-type-simple"},"acf":[],"uagb_featured_image_src":{"full":["https:\/\/vapestornado.com\/wp-content\/uploads\/2024\/12\/WASPE-25000-Puffs-Disposable-Vape-Wholesale-Price.jpg",1126,1137,false],"thumbnail":["https:\/\/vapestornado.com\/wp-content\/uploads\/2024\/12\/WASPE-25000-Puffs-Disposable-Vape-Wholesale-Price-150x150.jpg",150,150,true],"medium":["https:\/\/vapestornado.com\/wp-content\/uploads\/2024\/12\/WASPE-25000-Puffs-Disposable-Vape-Wholesale-Price-297x300.jpg",297,300,true],"medium_large":["https:\/\/vapestornado.com\/wp-content\/uploads\/2024\/12\/WASPE-25000-Puffs-Disposable-Vape-Wholesale-Price-768x776.jpg",768,776,true],"large":["https:\/\/vapestornado.com\/wp-content\/uploads\/2024\/12\/WASPE-25000-Puffs-Disposable-Vape-Wholesale-Price-1014x1024.jpg",1014,1024,true],"1536x1536":["https:\/\/vapestornado.com\/wp-content\/uploads\/2024\/12\/WASPE-25000-Puffs-Disposable-Vape-Wholesale-Price.jpg",1126,1137,false],"2048x2048":["https:\/\/vapestornado.com\/wp-content\/uploads\/2024\/12\/WASPE-25000-Puffs-Disposable-Vape-Wholesale-Price.jpg",1126,1137,false],"trp-custom-language-flag":["https:\/\/vapestornado.com\/wp-content\/uploads\/2024\/12\/WASPE-25000-Puffs-Disposable-Vape-Wholesale-Price.jpg",12,12,false],"woocommerce_thumbnail":["https:\/\/vapestornado.com\/wp-content\/uploads\/2024\/12\/WASPE-25000-Puffs-Disposable-Vape-Wholesale-Price-300x300.jpg",300,300,true],"woocommerce_single":["https:\/\/vapestornado.com\/wp-content\/uploads\/2024\/12\/WASPE-25000-Puffs-Disposable-Vape-Wholesale-Price-600x606.jpg",600,606,true],"woocommerce_gallery_thumbnail":["https:\/\/vapestornado.com\/wp-content\/uploads\/2024\/12\/WASPE-25000-Puffs-Disposable-Vape-Wholesale-Price-100x100.jpg",100,100,true]},"uagb_author_info":{"display_name":"ESAMY","author_link":"https:\/\/vapestornado.com\/sl\/author\/"},"uagb_comment_info":0,"uagb_excerpt":"The Waspe 25000 Puffs Disposable Vape offers dual flavors, LED display, and up to 25K puffs. Perfect for wholesale buyers in Poland, combining capacity, flavor variety, and competitive bulk pricing. Add Amy's whatsapp to get right reply and vape vape coupon! WhatsApp: +86 17776015835 &nbsp;","_links":{"self":[{"href":"https:\/\/vapestornado.com\/sl\/wp-json\/wp\/v2\/product\/3000","targetHints":{"allow":["GET"]}}],"collection":[{"href":"https:\/\/vapestornado.com\/sl\/wp-json\/wp\/v2\/product"}],"about":[{"href":"https:\/\/vapestornado.com\/sl\/wp-json\/wp\/v2\/types\/product"}],"replies":[{"embeddable":true,"href":"https:\/\/vapestornado.com\/sl\/wp-json\/wp\/v2\/comments?post=3000"}],"wp:featuredmedia":[{"embeddable":true,"href":"https:\/\/vapestornado.com\/sl\/wp-json\/wp\/v2\/media\/2995"}],"wp:attachment":[{"href":"https:\/\/vapestornado.com\/sl\/wp-json\/wp\/v2\/media?parent=3000"}],"wp:term":[{"taxonomy":"product_brand","embeddable":true,"href":"https:\/\/vapestornado.com\/sl\/wp-json\/wp\/v2\/product_brand?post=3000"},{"taxonomy":"product_cat","embeddable":true,"href":"https:\/\/vapestornado.com\/sl\/wp-json\/wp\/v2\/product_cat?post=3000"},{"taxonomy":"product_tag","embeddable":true,"href":"https:\/\/vapestornado.com\/sl\/wp-json\/wp\/v2\/product_tag?post=3000"}],"curies":[{"name":"wp","href":"https:\/\/api.w.org\/{rel}","templated":true}]}}