{"id":2993,"date":"2024-12-06T08:51:10","date_gmt":"2024-12-06T08:51:10","guid":{"rendered":"https:\/\/vapestornado.com\/?post_type=product&#038;p=2993"},"modified":"2025-08-23T10:20:29","modified_gmt":"2025-08-23T10:20:29","slug":"randm-tornado-25000-puffs-2-nicotine-bulk-buy-vape-pods","status":"publish","type":"product","link":"https:\/\/vapestornado.com\/sl\/product\/randm-tornado-25000-puffs-2-nicotine-bulk-buy-vape-pods\/","title":{"rendered":"Randm Tornado 25000 Vpihov 2% Nikotinski Vape Podi za Nakup v Velikih Koli\u010dinah"},"content":{"rendered":"<h1>Randm Tornado 25000 Vpihov 2% Nikotinski Vape Podi za Nakup v Velikih Koli\u010dinah<\/h1>\n<p>&nbsp;<\/p>\n<p data-start=\"281\" data-end=\"553\">The <strong data-start=\"285\" data-end=\"323\">Randm Tornado 25000 Vpihov Vape Pod<\/strong> je zasnovan za trgovce na debelo in lastnike trgovin, ki i\u0161\u010dejo visoko zmogljiv, s funkcijami opremljen vape za enkratno uporabo. Z do <strong data-start=\"436\" data-end=\"463\">25.000 vpihov na napravo<\/strong> in <strong data-start=\"470\" data-end=\"492\">20 ml rezervoar za e-teko\u010dino<\/strong>, zagotavlja dolgotrajno uporabo in mo\u010dan potencial za nadaljnjo prodajo.<\/p>\n<p data-start=\"555\" data-end=\"811\">Opremljen z <strong data-start=\"571\" data-end=\"602\">700mAh polnilno baterijo<\/strong> in <strong data-start=\"607\" data-end=\"631\">hitro polnjenje Type-C<\/strong>, Randm 25K zmanj\u0161uje \u010das nedelovanja. Njegova <strong data-start=\"671\" data-end=\"698\">tehnologija stikala na dotik<\/strong> in <strong data-start=\"703\" data-end=\"720\">zabavni na\u010din igre<\/strong> dodaja interaktivnost, zaradi \u010desar je priljubljen med mlaj\u0161imi evropskimi potro\u0161niki. Funkcije vklju\u010dujejo:<\/p>\n<ul data-start=\"812\" data-end=\"925\">\n<li data-start=\"812\" data-end=\"849\">\n<p data-start=\"814\" data-end=\"849\"><strong data-start=\"814\" data-end=\"828\">Dvakratni dotik<\/strong> za prebuditev zaslona<\/p>\n<\/li>\n<li data-start=\"850\" data-end=\"886\">\n<p data-start=\"852\" data-end=\"886\"><strong data-start=\"852\" data-end=\"866\">Trikratni dotik<\/strong> za nastavitev mo\u010di<\/p>\n<\/li>\n<li data-start=\"887\" data-end=\"925\">\n<p data-start=\"889\" data-end=\"925\"><strong data-start=\"889\" data-end=\"901\">\u0160tirikratni dotik<\/strong> za aktiviranje na\u010dina igre<\/p>\n<\/li>\n<\/ul>\n<p data-start=\"927\" data-end=\"1181\">Na voljo v <strong data-start=\"940\" data-end=\"979\">0%, 2%, 3% in 5% mo\u017enosti nikotina<\/strong>, je <strong data-start=\"985\" data-end=\"1006\">Randm Tornado 25K<\/strong> zadovoljuje tako ob\u010dasne kot tudi redne uporabnike. Kompakten, eleganten in prenosen, zdru\u017euje zmogljivost s priro\u010dnostjo, zaradi \u010desar je mo\u010dan prodajalec na evropskem trgu vape na debelo.<\/p>\n<p><img fetchpriority=\"high\" decoding=\"async\" class=\"size-medium wp-image-2951\" src=\"https:\/\/vapestornado.com\/wp-content\/uploads\/2024\/12\/Wholesale-Disposable-Vape-265x300.jpg\" alt=\"Veleprodaja Vape za Enkratno Uporabo\" width=\"265\" height=\"300\" srcset=\"https:\/\/vapestornado.com\/wp-content\/uploads\/2024\/12\/Wholesale-Disposable-Vape-265x300.jpg 265w, https:\/\/vapestornado.com\/wp-content\/uploads\/2024\/12\/Wholesale-Disposable-Vape-768x871.jpg 768w, https:\/\/vapestornado.com\/wp-content\/uploads\/2024\/12\/Wholesale-Disposable-Vape-600x680.jpg 600w, https:\/\/vapestornado.com\/wp-content\/uploads\/2024\/12\/Wholesale-Disposable-Vape.jpg 823w\" sizes=\"(max-width: 265px) 100vw, 265px\" \/><\/p>\n<h6>Za Zni\u017eano Ceno se Obrnite na Mandy na WhatsApp<a href=\"https:\/\/wa.me\/8618077105796\" target=\"_blank\" rel=\"noopener\">+8618077105796<\/a><\/h6>\n<p>&nbsp;<\/p>\n<h2><strong>Fumot Tornado Vape 25000 Vpihov \u2013 Klju\u010dne lastnosti<\/strong><\/h2>\n<ul>\n<li><strong>\u0160tevilo vpihov:<\/strong> 25.000 vpihov<\/li>\n<li><strong>Baterija:<\/strong> 700 mAh, mo\u017enost ponovnega polnjenja<\/li>\n<li><strong>Kapaciteta e-teko\u010dine:<\/strong> 20 ml<\/li>\n<li><strong>Stopnje nikotina:<\/strong> 0%, 2%, 3%, 5%<\/li>\n<li><strong>Polnjenje:<\/strong> hitro polnjenje Type-C<\/li>\n<li><strong>Na\u010din igre:<\/strong> Interaktivna zabavna funkcija igre<\/li>\n<li><strong>Funkcije stikala na dotik:<\/strong>\n<ul>\n<li>Dvakratni dotik: Vklop zaslona<\/li>\n<li>Trikratni dotik: Prilagajanje mo\u010di<\/li>\n<li>\u0160tirikratni dotik: Vstop v na\u010din igre; kliknite enkrat za igranje<\/li>\n<\/ul>\n<\/li>\n<li><strong>Oblikovanje:<\/strong> Prenosljiv in uporabniku prijazen vape pod<\/li>\n<\/ul>\n<h2><strong>Seznam okusov za RandM Tornado 25k Puff Disposable Vape:<\/strong><\/h2>\n<p>1. Banana Ice (banana z ledom)<br \/>\n2. Jagoda lubenica<br \/>\n3. Miami Mint<br \/>\n4. Borovnica Malina<br \/>\n5. \u010crni led<br \/>\n6. Beli gumijasti led<br \/>\n7. Lubenica led<br \/>\n8. So\u010den breskov led<br \/>\n9. Roza limonada<br \/>\n10. Jagoda mango<br \/>\n11. Breskev Mango Lubenica<br \/>\n12. Grozdna limona<br \/>\n13. Tropski mavri\u010dni izbruh<br \/>\n14. \u010ce\u0161njeva bomba<br \/>\n15. Jagodna meta bonbon<br \/>\n16. Dvojno jabolko<br \/>\n17. Borovnica na ledu<br \/>\n18. Jagodni led<br \/>\n19. Bujni led<br \/>\n20. Ananasov led<br \/>\n21. Grozdni led<br \/>\n22. Dr. Blue<br \/>\n23. Kivi, pasijonka, guava<br \/>\n24. \u010ce\u0161njeva kola<\/p>\n<h3>Zakaj izbrati RandM Tornado 25000 Puff pri <a href=\"https:\/\/vapestornado.com\/sl\/\">vapestornado<\/a>?<\/h3>\n<p><strong>1. Prednosti nakupovanja pri vapestornado<\/strong><\/p>\n<ul>\n<li><strong>\u0160irok izbor<\/strong>: vapestornado ponuja obse\u017een izbor visokokakovostnih blagovnih znamk in modelov vape, ki izpolnjujejo vse potrebe kupcev na enem mestu.<\/li>\n<li><strong>Odli\u010dna storitev<\/strong>: U\u017eivajte v hitri dostavi in zanesljivi poprodajni podpori za brezskrbno nakupovalno izku\u0161njo.<\/li>\n<li><strong>Transparentne cene<\/strong>: Vsak izdelek je naveden z jasno in podrobno ceno \u2013 brez skritih stro\u0161kov.<\/li>\n<li><strong>Posebne ponudbe<\/strong>: Redni popusti in promocije z ekskluzivnimi ponudbami za \u010dlane.<\/li>\n<li><strong>Uporabniku prijazna platforma<\/strong>: Spletna stran, po kateri je enostavno krmariti, podpira ve\u010d jezikov in na\u010dinov pla\u010dila, vklju\u010dno s kreditnimi karticami in PayPal.<\/li>\n<\/ul>\n<p><strong>2. Poudarki RandM Tornado 25k Vpihov<\/strong><\/p>\n<ul>\n<li><strong>Dolgotrajna uporaba<\/strong>: Zasnovan s 25.000 vpihi, kar zagotavlja vzdr\u017eljivost in podalj\u0161ano uporabo za pogoste uporabnike.<\/li>\n<li><strong>Zmogljiva baterija<\/strong>: Opremljen s 700 mAh polnilno baterijo in Type-C hitrim polnjenjem za okolju prijazno udobje.<\/li>\n<li><strong>Bogate mo\u017enosti okusa<\/strong>: Ponuja do 30 okusov, vklju\u010dno s sadnimi, mentolovimi in pija\u010dami navdihnjenimi profili, ki ustrezajo razli\u010dnim okusom.<\/li>\n<li><strong>Eleganten dizajn<\/strong>: Vklju\u010duje LED lu\u010di za trendovski in privla\u010den videz.<\/li>\n<li><strong>Enostavnost uporabe<\/strong>: Pripravljen za uporabo takoj iz \u0161katle, brez potrebne nastavitve, idealen za za\u010detnike in izku\u0161ene uporabnike.<\/li>\n<\/ul>\n<p><strong>3. Posebne cene vapestornado<\/strong><\/p>\n<ul>\n<li><strong>Ugodna cena<\/strong>: RandM Tornado 25000 Vpihov je na voljo po promocijski ceni v trgovini vapestornado, kar vam prihrani X% v primerjavi s tr\u017enimi cenami.<\/li>\n<li><strong>Koli\u010dinski popusti<\/strong>: Dodatni prihranki za nakupe na debelo, idealno za distributerje in kupce v velikih koli\u010dinah.<\/li>\n<li><strong>\u010casovno omejene ponudbe<\/strong>: Preverite doma\u010do stran za ekskluzivne kupon za popust na izdelke RandM.<\/li>\n<\/ul>\n<p>Kupujte zdaj na vapestornado in u\u017eivajte v neprekosljivih ponudbah in izjemni izku\u0161nji vapinga z RandM Tornado 25000 Vpihov!<\/p>\n<h3><\/h3>\n<h3>Pogosta vpra\u0161anja o Randm Vape 25000 Vpihov Polnilni Vape:<\/h3>\n<ul>\n<li><strong>Kako dolgo naj bi zdr\u017eal RandM Tornado 25000 Vpihov?<\/strong><br \/>\nRandM Tornado 25000 Vpihov ponuja dolgotrajno izku\u0161njo vapinga, ki zagotavlja do 25.000 vpihov, zaradi \u010desar je popoln za dolgotrajno uporabo brez pogostih zamenjav.<\/li>\n<li><strong>Kako aktivirate RandM Tornado 25000 Vpihov?<\/strong><br \/>\nRandM Tornado 25000 Vpihov je pripravljen za uporabo takoj iz \u0161katle. Preprosto vdihnite skozi ustnik, da aktivirate napravo \u2013 brez gumbov ali zapletenih nastavitev.<\/li>\n<li><strong>Ali je RandM Tornado 25000 Vpihov mogo\u010de ponovno napolniti?<\/strong><br \/>\nDa, RandM Tornado 25000 Vpihov ima polnilno baterijo 700 mAh, ki zagotavlja dosledno delovanje s hitrim polnjenjem Type-C.<\/li>\n<li><strong>Kako vem, kdaj je baterija ali e-teko\u010dina v mojem RandM Tornado 25000 Vpihov skoraj prazna?<\/strong><br \/>\nKo se proizvodnja pare zmanj\u0161a ali okus postane manj intenziven, je to znak, da se baterija ali e-teko\u010dina bli\u017ea izpraznitvi. Napolnite baterijo ali zamenjajte napravo, ko je e-teko\u010dina porabljena.<\/li>\n<\/ul>","protected":false},"excerpt":{"rendered":"<p data-start=\"1221\" data-end=\"1388\">The <strong data-start=\"1225\" data-end=\"1263\">Randm Tornado 25000 Vpihov Vape Pod<\/strong> ponuja dvojne mo\u017enosti nikotina, pametne kontrole na dotik in 25K vpihov. Zanesljiva izbira za <strong data-start=\"1353\" data-end=\"1385\">nakup na debelo v Evropi<\/strong>.<\/p>\n<figure id=\"attachment_2951\" aria-describedby=\"caption-attachment-2951\" style=\"width: 265px\" class=\"wp-caption alignnone\"><img fetchpriority=\"high\" decoding=\"async\" class=\"size-medium wp-image-2951\" src=\"https:\/\/vapestornado.com\/wp-content\/uploads\/2024\/12\/Wholesale-Disposable-Vape-265x300.jpg\" alt=\"Veleprodaja Vape za Enkratno Uporabo\" width=\"265\" height=\"300\" srcset=\"https:\/\/vapestornado.com\/wp-content\/uploads\/2024\/12\/Wholesale-Disposable-Vape-265x300.jpg 265w, https:\/\/vapestornado.com\/wp-content\/uploads\/2024\/12\/Wholesale-Disposable-Vape-768x871.jpg 768w, https:\/\/vapestornado.com\/wp-content\/uploads\/2024\/12\/Wholesale-Disposable-Vape-600x680.jpg 600w, https:\/\/vapestornado.com\/wp-content\/uploads\/2024\/12\/Wholesale-Disposable-Vape.jpg 823w\" sizes=\"(max-width: 265px) 100vw, 265px\" \/><figcaption id=\"caption-attachment-2951\" class=\"wp-caption-text\">Za Zni\u017eano Ceno se Obrnite na Mandy na WhatsApp<a href=\"https:\/\/wa.me\/8618077105796\">+8618077105796<\/a><\/figcaption><\/figure>\n<p>&nbsp;<\/p>","protected":false},"featured_media":2987,"comment_status":"open","ping_status":"closed","template":"","meta":{"_acf_changed":false,"_uag_custom_page_level_css":"","_lmt_disableupdate":"no","_lmt_disable":"","_monsterinsights_skip_tracking":false,"_monsterinsights_sitenote_active":false,"_monsterinsights_sitenote_note":"","_monsterinsights_sitenote_category":0,"site-sidebar-layout":"default","site-content-layout":"","ast-site-content-layout":"default","site-content-style":"default","site-sidebar-style":"default","ast-global-header-display":"","ast-banner-title-visibility":"","ast-main-header-display":"","ast-hfb-above-header-display":"","ast-hfb-below-header-display":"","ast-hfb-mobile-header-display":"","site-post-title":"","ast-breadcrumbs-content":"","ast-featured-img":"","footer-sml-layout":"","ast-disable-related-posts":"","theme-transparent-header-meta":"default","adv-header-id-meta":"","stick-header-meta":"","header-above-stick-meta":"","header-main-stick-meta":"","header-below-stick-meta":"","astra-migrate-meta-layouts":"set","ast-page-background-enabled":"default","ast-page-background-meta":{"desktop":{"background-color":"","background-image":"","background-repeat":"repeat","background-position":"center center","background-size":"auto","background-attachment":"scroll","background-type":"","background-media":"","overlay-type":"","overlay-color":"","overlay-opacity":"","overlay-gradient":""},"tablet":{"background-color":"","background-image":"","background-repeat":"repeat","background-position":"center center","background-size":"auto","background-attachment":"scroll","background-type":"","background-media":"","overlay-type":"","overlay-color":"","overlay-opacity":"","overlay-gradient":""},"mobile":{"background-color":"","background-image":"","background-repeat":"repeat","background-position":"center center","background-size":"auto","background-attachment":"scroll","background-type":"","background-media":"","overlay-type":"","overlay-color":"","overlay-opacity":"","overlay-gradient":""}},"ast-content-background-meta":{"desktop":{"background-color":"var(--ast-global-color-5)","background-image":"","background-repeat":"repeat","background-position":"center center","background-size":"auto","background-attachment":"scroll","background-type":"","background-media":"","overlay-type":"","overlay-color":"","overlay-opacity":"","overlay-gradient":""},"tablet":{"background-color":"var(--ast-global-color-5)","background-image":"","background-repeat":"repeat","background-position":"center center","background-size":"auto","background-attachment":"scroll","background-type":"","background-media":"","overlay-type":"","overlay-color":"","overlay-opacity":"","overlay-gradient":""},"mobile":{"background-color":"var(--ast-global-color-5)","background-image":"","background-repeat":"repeat","background-position":"center center","background-size":"auto","background-attachment":"scroll","background-type":"","background-media":"","overlay-type":"","overlay-color":"","overlay-opacity":"","overlay-gradient":""}},"_joinchat":{"telephone":"+8618077105796"}},"product_brand":[],"product_cat":[68,153,156,58,148],"product_tag":[97,102],"class_list":{"0":"post-2993","1":"product","2":"type-product","3":"status-publish","4":"has-post-thumbnail","6":"product_cat-25000-puff","7":"product_cat-buy-disposable-vapes-in-italy","8":"product_cat-buy-disposable-vapes-in-poland","9":"product_cat-fumot-vape","10":"product_cat-tornado-disposable-vapes","11":"product_tag-hot-sale-disposable-vape","12":"product_tag-randm-tornado-25k","13":"desktop-align-left","14":"tablet-align-left","15":"mobile-align-left","17":"first","18":"instock","19":"sale","20":"shipping-taxable","21":"purchasable","22":"product-type-simple"},"acf":[],"uagb_featured_image_src":{"full":["https:\/\/vapestornado.com\/wp-content\/uploads\/2024\/12\/RandM-Fumot-25000-Dr-Blue-Disposable-Vape.jpg",800,800,false],"thumbnail":["https:\/\/vapestornado.com\/wp-content\/uploads\/2024\/12\/RandM-Fumot-25000-Dr-Blue-Disposable-Vape-150x150.jpg",150,150,true],"medium":["https:\/\/vapestornado.com\/wp-content\/uploads\/2024\/12\/RandM-Fumot-25000-Dr-Blue-Disposable-Vape-300x300.jpg",300,300,true],"medium_large":["https:\/\/vapestornado.com\/wp-content\/uploads\/2024\/12\/RandM-Fumot-25000-Dr-Blue-Disposable-Vape-768x768.jpg",768,768,true],"large":["https:\/\/vapestornado.com\/wp-content\/uploads\/2024\/12\/RandM-Fumot-25000-Dr-Blue-Disposable-Vape.jpg",800,800,false],"1536x1536":["https:\/\/vapestornado.com\/wp-content\/uploads\/2024\/12\/RandM-Fumot-25000-Dr-Blue-Disposable-Vape.jpg",800,800,false],"2048x2048":["https:\/\/vapestornado.com\/wp-content\/uploads\/2024\/12\/RandM-Fumot-25000-Dr-Blue-Disposable-Vape.jpg",800,800,false],"trp-custom-language-flag":["https:\/\/vapestornado.com\/wp-content\/uploads\/2024\/12\/RandM-Fumot-25000-Dr-Blue-Disposable-Vape.jpg",12,12,false],"woocommerce_thumbnail":["https:\/\/vapestornado.com\/wp-content\/uploads\/2024\/12\/RandM-Fumot-25000-Dr-Blue-Disposable-Vape-300x300.jpg",300,300,true],"woocommerce_single":["https:\/\/vapestornado.com\/wp-content\/uploads\/2024\/12\/RandM-Fumot-25000-Dr-Blue-Disposable-Vape-600x600.jpg",600,600,true],"woocommerce_gallery_thumbnail":["https:\/\/vapestornado.com\/wp-content\/uploads\/2024\/12\/RandM-Fumot-25000-Dr-Blue-Disposable-Vape-100x100.jpg",100,100,true]},"uagb_author_info":{"display_name":"ESMANDY","author_link":"https:\/\/vapestornado.com\/sl\/author\/"},"uagb_comment_info":0,"uagb_excerpt":"The Randm Tornado 25000 Puffs Vape Pod offers dual nicotine options, smart touch controls, and 25K puffs. A reliable choice for wholesale bulk buy in Europe. [caption id=\"attachment_2951\" align=\"alignnone\" width=\"265\"] Pls Contact Mandy's WhatsApp For Discount Price+8618077105796[\/caption] &nbsp;","_links":{"self":[{"href":"https:\/\/vapestornado.com\/sl\/wp-json\/wp\/v2\/product\/2993","targetHints":{"allow":["GET"]}}],"collection":[{"href":"https:\/\/vapestornado.com\/sl\/wp-json\/wp\/v2\/product"}],"about":[{"href":"https:\/\/vapestornado.com\/sl\/wp-json\/wp\/v2\/types\/product"}],"replies":[{"embeddable":true,"href":"https:\/\/vapestornado.com\/sl\/wp-json\/wp\/v2\/comments?post=2993"}],"wp:featuredmedia":[{"embeddable":true,"href":"https:\/\/vapestornado.com\/sl\/wp-json\/wp\/v2\/media\/2987"}],"wp:attachment":[{"href":"https:\/\/vapestornado.com\/sl\/wp-json\/wp\/v2\/media?parent=2993"}],"wp:term":[{"taxonomy":"product_brand","embeddable":true,"href":"https:\/\/vapestornado.com\/sl\/wp-json\/wp\/v2\/product_brand?post=2993"},{"taxonomy":"product_cat","embeddable":true,"href":"https:\/\/vapestornado.com\/sl\/wp-json\/wp\/v2\/product_cat?post=2993"},{"taxonomy":"product_tag","embeddable":true,"href":"https:\/\/vapestornado.com\/sl\/wp-json\/wp\/v2\/product_tag?post=2993"}],"curies":[{"name":"wp","href":"https:\/\/api.w.org\/{rel}","templated":true}]}}