{"id":2980,"date":"2024-12-06T06:49:43","date_gmt":"2024-12-06T06:49:43","guid":{"rendered":"https:\/\/vapestornado.com\/?post_type=product&#038;p=2980"},"modified":"2025-08-23T12:26:33","modified_gmt":"2025-08-23T12:26:33","slug":"waspe-vape-30000-fihp-30k-puffs-disposable-vape-wholesale-price-in-germany","status":"publish","type":"product","link":"https:\/\/vapestornado.com\/sl\/product\/waspe-vape-30000-fihp-30k-puffs-disposable-vape-wholesale-price-in-germany\/","title":{"rendered":"Waspe Vape 30000 FIHP 30K Puffs E-cigareta za enkratno uporabo Veleprodajna cena v Sloveniji"},"content":{"rendered":"<h1 class=\"product-title\">Waspe Vape 30000 FIHP 30K Puffs E-cigareta za enkratno uporabo Veleprodajna cena v Sloveniji<\/h1>\n<p>I\u0161\u010dete vrhunsko re\u0161itev za vaping, ki zdru\u017euje visoko zmogljivost z izjemnimi mo\u017enostmi okusa? Potem je <strong>Waspe Vape FIHP 30000 Vpihov Vape za Enkratno Uporabo<\/strong> tukaj, da izbolj\u0161a va\u0161o izku\u0161njo vapinga. Z <strong>dvojnimi na\u010dini<\/strong>, nastavljivimi nivoji nikotina in elegantnim LED zaslonom je ta naprava popolna za tiste, ki i\u0161\u010dejo kakovost in prilagodljivost po konkuren\u010dni veleprodajni ceni v Sloveniji.<\/p>\n<p>Ne glede na to, ali ste prodajalec, ki i\u0161\u010de <strong>veleprodajne ponudbe vape v Sloveniji<\/strong> ali posameznik, ki i\u0161\u010de visoko zmogljiv <strong>e-cigareta za enkratno uporabo z nizko vsebnostjo nikotina<\/strong>, Waspe 30K ponuja neprimerljivo vrednost. Njegova <strong>polnilni vape<\/strong> zasnova in inovativne funkcije ga naredijo izjemnega na trgu.<\/p>\n<p>Waspe FIHP je na voljo v razli\u010dnih <strong>kombinacijah dvojnega okusa<\/strong>, ki zagotavljajo bogate in zadovoljive okuse, ki ustrezajo vsakemu okusu.<\/p>\n<p>Izkoristite <strong>Waspe Vape 30000 FIHP 30K Puffs E-cigareta za enkratno uporabo Veleprodajna cena v Sloveniji<\/strong> in pripeljite ta vrhunski izdelek do svojih strank \u0161e danes!<\/p>\n<p>&nbsp;<\/p>\n<p><strong>Dodajte Amy\u2019s Whatsapp, da dobite pravi odgovor in kupon za vape!<\/strong><\/p>\n<p><img fetchpriority=\"high\" decoding=\"async\" class=\"size-full wp-image-2932\" src=\"https:\/\/vapestornado.com\/wp-content\/uploads\/2024\/12\/Vape-Wholesale.jpg\" alt=\"Vape Veleprodaja\" width=\"229\" height=\"300\" \/><\/p>\n<h3><a href=\"https:\/\/wa.me\/8617776015835\" target=\"_blank\" rel=\"noopener\"><span style=\"color: #ff0000;\"><strong>WhatsApp: +386 17776015835<\/strong><\/span><\/a><\/h3>\n<p>&nbsp;<\/p>\n<h4><strong style=\"font-size: 1.7em;\">Lastnosti izdelka Waspe Vape 30000<\/strong><\/h4>\n<h4><\/h4>\n<ul>\n<li><strong>30000 Vpihov z dvojnim na\u010dinom<\/strong>:<br \/>\nU\u017eivajte do <strong>30.000 vpihov<\/strong> v obi\u010dajnem na\u010dinu za dolgotrajne seanse ali preklopite na <strong>pulzni na\u010din<\/strong> za bolj intenzivno izku\u0161njo, ki zagotavlja 15.000 vpihov. Popolno za uporabnike, ki cenijo prilagodljivost.<\/li>\n<li><strong>Ve\u010d mo\u017enosti nikotina<\/strong>:<br \/>\nPrilagodite svojo izku\u0161njo vapinga z <strong>0%, 2% ali 5% nivoji nikotina<\/strong>, ki zadovoljujejo tako navdu\u0161ence z nizko vsebnostjo nikotina kot tiste, ki imajo raje mo\u010dnej\u0161i udarec.<\/li>\n<li><strong>28 ml Kapaciteta e-teko\u010dine<\/strong>:<br \/>\nTa naprava ima velikodu\u0161nih <strong>28 ml e-teko\u010dine<\/strong>, kar zmanj\u0161uje potrebo po pogostem polnjenju in zagotavlja dalj\u0161o uporabo.<\/li>\n<li><strong>Tehnologija dvojne mre\u017easte tuljave<\/strong>:<br \/>\nOpremljen z naprednimi <strong>1ohm + 1ohm dvojnimi mre\u017eastimi tuljavami<\/strong>, Waspe 30K zagotavlja bolj gladko paro in dosledno bogat okus.<\/li>\n<li><strong>Polnilna in u\u010dinkovita<\/strong>:<br \/>\nIma <strong>850 mAh baterijo za ponovno polnjenje<\/strong> z <strong>hitro polnjenje Type-C<\/strong>, ta vape zagotavlja, da ostanete napajani ves dan z minimalnimi prekinitvami.<\/li>\n<li><strong>LED zaslon za enostavno spremljanje<\/strong>:<br \/>\nVgrajeni <strong>LED zaslon<\/strong> prikazuje \u0161tevilo vdihov v realnem \u010dasu in \u017eivljenjsko dobo baterije, kar vam omogo\u010da popoln nadzor nad va\u0161imi sejami vapinga.<\/li>\n<li><strong>Nastavljiv pretok zraka za prilagajanje<\/strong>:<br \/>\nZ <strong>nastavljiv sistem pretoka zraka<\/strong>lahko spremenite intenzivnost svojega vle\u010denja za prilagojeno izku\u0161njo vapinga.<\/li>\n<\/ul>\n<h2 class=\"product-title\"><strong>Seznam okusov WASPE 30000<\/strong><\/h2>\n<p>1. Jagoda Mango<br \/>\n2. Me\u0161ano jagodi\u010devje<br \/>\n3. Lubenica z ledom<br \/>\n4. Jagoda Lubenica<br \/>\n5. Jagoda Red Bull<br \/>\n6. Kivi, pasijonka, guava<br \/>\n7. Grozdje z ledom<br \/>\n8. Dvojno jabolko z ledom<br \/>\n9. Borovnica, malina<br \/>\n10. Lubenica, mango z ledom<br \/>\n11. Borovnica z ledom<br \/>\n12. Breskev, jagodi\u010devje<br \/>\n13. Jagoda, kivi<br \/>\n14. \u010ce\u0161nja z ledom<br \/>\n15. Jagoda Superburst \u010ce\u0161nja<br \/>\n16. Lubenica, \u017eve\u010dilni gumi<\/p>\n<h3>Zakaj izbrati vapestornado za veleprodajo WASPE 30k Vape?<\/h3>\n<div class=\"flex-shrink-0 flex flex-col relative items-end\">\n<div class=\"pt-0\">\n<div class=\"gizmo-bot-avatar flex h-8 w-8 items-center justify-center overflow-hidden rounded-full\">\n<div class=\"relative p-1 rounded-sm flex items-center justify-center bg-token-main-surface-primary text-token-text-primary h-8 w-8\">\n<p>Dobrodo\u0161li v vapestornado, va\u0161i zaupanja vredni spletni trgovini z vrhunskimi vape napravami za enkratno uporabo. Z ve\u010d kot 5 leti strokovnega znanja vam ponujamo priljubljene blagovne znamke vape naprav za enkratno uporabo, kot so Fumot RandM Vape, Vapme, Bang Vape, Waspe Vape in WGA Vape, itd.<\/p>\n<p>Na\u0161a ponudba vklju\u010duje vro\u010de prodajane veipe, kot je <a href=\"https:\/\/vapestornado.com\/sl\/product\/fumot-randm-tornado-15000-puffs-rechargeable-disposable-vape-wholesale\/\">RandM Tornado 15000<\/a>, in izbire, bogate z okusi, kot je <a href=\"https:\/\/vapestornado.com\/sl\/product\/waspe-40000-puffs-double-flavour-led-display-disposable-vape-wholesale\/\">WASPE Dvojni okus 40000 vdihov<\/a> . Vsak izdelek je izbran s poudarkom na kakovosti, vrednosti in raznolikosti, kar zagotavlja, da boste na\u0161li popolno ujemanje za svoje potrebe. Odkrijte izjemne storitve in \u0161iroko paleto vrhunskih izdelkov pri vapestornado.<\/p>\n<\/div>\n<h3><\/h3>\n<div class=\"relative p-1 rounded-sm flex items-center justify-center bg-token-main-surface-primary text-token-text-primary h-8 w-8\">\n<h3>Pogosta vpra\u0161anja o WASPE 40k polnilni vape za enkratno uporabo<\/h3>\n<\/div>\n<\/div>\n<\/div>\n<\/div>\n<div class=\"group\/conversation-turn relative flex w-full min-w-0 flex-col agent-turn\">\n<div class=\"flex-col gap-1 md:gap-3\">\n<div class=\"flex max-w-full flex-col flex-grow\">\n<div class=\"min-h-8 text-message flex w-full flex-col items-end gap-2 whitespace-normal break-words [.text-message+&amp;]:mt-5\" dir=\"auto\" data-message-author-role=\"assistant\" data-message-id=\"db716a1c-9ed0-4b8d-b3b0-7bdb913c3d42\" data-message-model-slug=\"gpt-4o\">\n<div class=\"flex w-full flex-col gap-1 empty:hidden first:pt-[3px]\">\n<div class=\"markdown prose w-full break-words dark:prose-invert light\">\n<ul>\n<li><strong>Kje kupiti WASPE FIHP 30000 Vdihljajev vape za enkratno uporabo po veleprodajni ceni v Nem\u010diji?<\/strong><br \/>\nWASPE FIHP 30000 Vdihljajev vape za enkratno uporabo lahko kupite po veleprodajnih cenah v Nem\u010diji pri zaupanja vrednih <strong>dobaviteljih vape izdelkov na debelo<\/strong> ali spletnih veleprodajnih platformah, kot je vapestornado, ki so specializirane za izdelke za vaping.<\/li>\n<li><strong>Koliko vdihljajev ponuja WASPE FIHP 30k Vdihljajev?<\/strong><br \/>\nWASPE FIHP 30K ponuja <strong>30.000 vpihov<\/strong> v obi\u010dajnem na\u010dinu ali <strong>15.000 vdihov<\/strong> v pulznem na\u010dinu za intenzivnej\u0161o izku\u0161njo vapinga.<\/li>\n<li><strong>Kako dolgo zdr\u017ei priljubljena WASPE vape 30000 puffs Ultra naprava za enkratno uporabo?<\/strong><br \/>\n\u017divljenjska doba naprave je odvisna od pogostosti uporabe. Za zmerne uporabnike vape, bo <strong>30.000 vpihov<\/strong> lahko zdr\u017eala ve\u010d tednov, zaradi \u010desar je idealna izbira za dolgotrajno uporabo.<\/li>\n<li><strong>Katere so priljubljene arome za WASPE 30000 digital box vape?<\/strong><br \/>\nWASPE 30000 digital box vape ponuja <strong>dvojno izku\u0161njo okusa<\/strong>, ki ponuja raznolike in zadovoljive kombinacije. Priljubljene izbire se razlikujejo, vendar pogosto vklju\u010dujejo sadne, mentolove in sladice, ki ustrezajo razli\u010dnim okusom.<\/li>\n<li><strong>Koliko \u010dasa traja polnjenje WASPE FIHP 30k naprave za enkratno uporabo?<\/strong><br \/>\nThe <strong>850 mAh baterijo za ponovno polnjenje<\/strong> se hitro polni preko <strong>priklju\u010dkom za polnjenje tipa C<\/strong>, obi\u010dajno traja pribli\u017eno <strong>1 do 1,5 ure<\/strong> za popolno polnjenje.<\/li>\n<li><strong>Koliko nikotina je v WASPE 30000 Digital screen box napravi za enkratno uporabo?<\/strong><br \/>\nWASPE 30000 ponuja <strong>mo\u017enosti nikotina 0%, 2% ali 5%<\/strong>, kar uporabnikom omogo\u010da, da izberejo jakost nikotina, ki najbolj ustreza njihovim \u017eeljam.<\/li>\n<\/ul>\n<\/div>\n<\/div>\n<\/div>\n<\/div>\n<\/div>\n<\/div>","protected":false},"excerpt":{"rendered":"<p>WASPE FIHP 30000 Vpihov LED Zaslon Vape za Enkratno Uporabo<br \/>\nWaspe 30000 Vpihov FIHP Vape Elektri\u010dna Cigareta 30k<br \/>\nWASPE Vape 30000 Vpihov Dvojna Mre\u017eica 0% 2% 5% Nikotin<\/p>\n<p><strong>Dodajte Amy na WhatsApp in prejmite takoj\u0161en odgovor ter kupon za vape!<\/strong><\/p>\n<p><img fetchpriority=\"high\" decoding=\"async\" class=\"size-full wp-image-2932\" src=\"https:\/\/vapestornado.com\/wp-content\/uploads\/2024\/12\/Vape-Wholesale.jpg\" alt=\"Vape Veleprodaja\" width=\"229\" height=\"300\" \/><\/p>\n<h3><a href=\"https:\/\/wa.me\/8617776015835\"><span style=\"color: #ff0000;\"><strong>WhatsApp: +386 17776015835<\/strong><\/span><\/a><\/h3>\n<p>&nbsp;<\/p>","protected":false},"featured_media":2977,"comment_status":"open","ping_status":"closed","template":"","meta":{"_acf_changed":false,"_uag_custom_page_level_css":"","_lmt_disableupdate":"no","_lmt_disable":"","_monsterinsights_skip_tracking":false,"_monsterinsights_sitenote_active":false,"_monsterinsights_sitenote_note":"","_monsterinsights_sitenote_category":0,"site-sidebar-layout":"default","site-content-layout":"","ast-site-content-layout":"default","site-content-style":"default","site-sidebar-style":"default","ast-global-header-display":"","ast-banner-title-visibility":"","ast-main-header-display":"","ast-hfb-above-header-display":"","ast-hfb-below-header-display":"","ast-hfb-mobile-header-display":"","site-post-title":"","ast-breadcrumbs-content":"","ast-featured-img":"","footer-sml-layout":"","ast-disable-related-posts":"","theme-transparent-header-meta":"default","adv-header-id-meta":"","stick-header-meta":"","header-above-stick-meta":"","header-main-stick-meta":"","header-below-stick-meta":"","astra-migrate-meta-layouts":"set","ast-page-background-enabled":"default","ast-page-background-meta":{"desktop":{"background-color":"","background-image":"","background-repeat":"repeat","background-position":"center center","background-size":"auto","background-attachment":"scroll","background-type":"","background-media":"","overlay-type":"","overlay-color":"","overlay-opacity":"","overlay-gradient":""},"tablet":{"background-color":"","background-image":"","background-repeat":"repeat","background-position":"center center","background-size":"auto","background-attachment":"scroll","background-type":"","background-media":"","overlay-type":"","overlay-color":"","overlay-opacity":"","overlay-gradient":""},"mobile":{"background-color":"","background-image":"","background-repeat":"repeat","background-position":"center center","background-size":"auto","background-attachment":"scroll","background-type":"","background-media":"","overlay-type":"","overlay-color":"","overlay-opacity":"","overlay-gradient":""}},"ast-content-background-meta":{"desktop":{"background-color":"var(--ast-global-color-5)","background-image":"","background-repeat":"repeat","background-position":"center center","background-size":"auto","background-attachment":"scroll","background-type":"","background-media":"","overlay-type":"","overlay-color":"","overlay-opacity":"","overlay-gradient":""},"tablet":{"background-color":"var(--ast-global-color-5)","background-image":"","background-repeat":"repeat","background-position":"center center","background-size":"auto","background-attachment":"scroll","background-type":"","background-media":"","overlay-type":"","overlay-color":"","overlay-opacity":"","overlay-gradient":""},"mobile":{"background-color":"var(--ast-global-color-5)","background-image":"","background-repeat":"repeat","background-position":"center center","background-size":"auto","background-attachment":"scroll","background-type":"","background-media":"","overlay-type":"","overlay-color":"","overlay-opacity":"","overlay-gradient":""}},"_joinchat":{"telephone":"+8617776015835"}},"product_brand":[],"product_cat":[67,152,157,158,142,146,60],"product_tag":[100,99,101],"class_list":{"0":"post-2980","1":"product","2":"type-product","3":"status-publish","4":"has-post-thumbnail","6":"product_cat-30000-puff","7":"product_cat-buy-disposable-vapes-in-cermany","8":"product_cat-buy-disposable-vapes-in-portugal","9":"product_cat-buy-disposable-vapes-in-spain","10":"product_cat-digital-box-disposable-vapes","11":"product_cat-rechargeable-disposable-vapes","12":"product_cat-waspe-fihp-vape","13":"product_tag-wasoe-vape","14":"product_tag-waspe-30000-puffs","15":"product_tag-waspe-30k","16":"desktop-align-left","17":"tablet-align-left","18":"mobile-align-left","20":"first","21":"instock","22":"sale","23":"shipping-taxable","24":"purchasable","25":"product-type-simple"},"acf":[],"uagb_featured_image_src":{"full":["https:\/\/vapestornado.com\/wp-content\/uploads\/2024\/12\/Waspe-FIHP-30000-30K-Puffs-Disposable-Vape.jpg",800,800,false],"thumbnail":["https:\/\/vapestornado.com\/wp-content\/uploads\/2024\/12\/Waspe-FIHP-30000-30K-Puffs-Disposable-Vape-150x150.jpg",150,150,true],"medium":["https:\/\/vapestornado.com\/wp-content\/uploads\/2024\/12\/Waspe-FIHP-30000-30K-Puffs-Disposable-Vape-300x300.jpg",300,300,true],"medium_large":["https:\/\/vapestornado.com\/wp-content\/uploads\/2024\/12\/Waspe-FIHP-30000-30K-Puffs-Disposable-Vape-768x768.jpg",768,768,true],"large":["https:\/\/vapestornado.com\/wp-content\/uploads\/2024\/12\/Waspe-FIHP-30000-30K-Puffs-Disposable-Vape.jpg",800,800,false],"1536x1536":["https:\/\/vapestornado.com\/wp-content\/uploads\/2024\/12\/Waspe-FIHP-30000-30K-Puffs-Disposable-Vape.jpg",800,800,false],"2048x2048":["https:\/\/vapestornado.com\/wp-content\/uploads\/2024\/12\/Waspe-FIHP-30000-30K-Puffs-Disposable-Vape.jpg",800,800,false],"trp-custom-language-flag":["https:\/\/vapestornado.com\/wp-content\/uploads\/2024\/12\/Waspe-FIHP-30000-30K-Puffs-Disposable-Vape.jpg",12,12,false],"woocommerce_thumbnail":["https:\/\/vapestornado.com\/wp-content\/uploads\/2024\/12\/Waspe-FIHP-30000-30K-Puffs-Disposable-Vape-300x300.jpg",300,300,true],"woocommerce_single":["https:\/\/vapestornado.com\/wp-content\/uploads\/2024\/12\/Waspe-FIHP-30000-30K-Puffs-Disposable-Vape-600x600.jpg",600,600,true],"woocommerce_gallery_thumbnail":["https:\/\/vapestornado.com\/wp-content\/uploads\/2024\/12\/Waspe-FIHP-30000-30K-Puffs-Disposable-Vape-100x100.jpg",100,100,true]},"uagb_author_info":{"display_name":"ESAMY","author_link":"https:\/\/vapestornado.com\/sl\/author\/"},"uagb_comment_info":0,"uagb_excerpt":"WASPE FIHP 30000 Puffs LED Display Disposable Vape Waspe 30000 Puffs FIHP Vape Electric Cigarette 30k WASPE Vape 30000 Puffs Dual Mesh 0% 2% 5% Nicotine Add Amy's whatsapp to get right reply and vape vape coupon! WhatsApp: +86 17776015835 &nbsp;","_links":{"self":[{"href":"https:\/\/vapestornado.com\/sl\/wp-json\/wp\/v2\/product\/2980","targetHints":{"allow":["GET"]}}],"collection":[{"href":"https:\/\/vapestornado.com\/sl\/wp-json\/wp\/v2\/product"}],"about":[{"href":"https:\/\/vapestornado.com\/sl\/wp-json\/wp\/v2\/types\/product"}],"replies":[{"embeddable":true,"href":"https:\/\/vapestornado.com\/sl\/wp-json\/wp\/v2\/comments?post=2980"}],"wp:featuredmedia":[{"embeddable":true,"href":"https:\/\/vapestornado.com\/sl\/wp-json\/wp\/v2\/media\/2977"}],"wp:attachment":[{"href":"https:\/\/vapestornado.com\/sl\/wp-json\/wp\/v2\/media?parent=2980"}],"wp:term":[{"taxonomy":"product_brand","embeddable":true,"href":"https:\/\/vapestornado.com\/sl\/wp-json\/wp\/v2\/product_brand?post=2980"},{"taxonomy":"product_cat","embeddable":true,"href":"https:\/\/vapestornado.com\/sl\/wp-json\/wp\/v2\/product_cat?post=2980"},{"taxonomy":"product_tag","embeddable":true,"href":"https:\/\/vapestornado.com\/sl\/wp-json\/wp\/v2\/product_tag?post=2980"}],"curies":[{"name":"wp","href":"https:\/\/api.w.org\/{rel}","templated":true}]}}