{"id":2974,"date":"2024-12-05T03:54:55","date_gmt":"2024-12-05T03:54:55","guid":{"rendered":"https:\/\/vapestornado.com\/?post_type=product&#038;p=2974"},"modified":"2025-08-23T11:41:10","modified_gmt":"2025-08-23T11:41:10","slug":"vopk-ultra-40000-puffs-2-in-1-digital-screen-rechargeable-disposable-vape","status":"publish","type":"product","link":"https:\/\/vapestornado.com\/sl\/product\/vopk-ultra-40000-puffs-2-in-1-digital-screen-rechargeable-disposable-vape\/","title":{"rendered":"VOPK ULTRA 40000 vdihov 2 v 1 digitalni zaslon polnilna e-cigareta za enkratno uporabo"},"content":{"rendered":"<h1 class=\"product-title\">VOPK ULTRA 40000 vdihov 2 v 1 digitalni zaslon polnilna e-cigareta za enkratno uporabo<\/h1>\n<p>Do\u017eivite naslednjo raven vejpkanja z <strong>VOPK ULTRA 40000<\/strong>, vrhunskim <strong>ponovno polnljiva e-cigareta za enkratno uporabo<\/strong> zasnovanim za neprimerljivo udobje, okus in zmogljivost. Z izjemnim <strong>40000 vdihov<\/strong> in <strong>sistemom dvojnega okusa 2 v 1<\/strong> ta naprava uporabnikom omogo\u010da nemoteno preklapljanje med dvema razli\u010dnima okusoma, kar na novo definira koncept raznolikosti okusov.<\/p>\n<p>Opremljen z masivnim <strong>36 ml prostornine e-teko\u010dine<\/strong> in na voljo v <strong>jakostih nikotina 2% ali 5%<\/strong>, je <strong>VOPK 40K<\/strong> zagotavlja, da je vsak vdih gladek, zadovoljiv in prilagojen va\u0161im \u017eeljam. Inovativni <strong>LED zaslon<\/strong> dvigne udobje na vi\u0161jo raven, saj zagotavlja sprotne informacije o \u017eivljenjski dobi baterije in preostalih ravneh e-teko\u010dine, tako da lahko brezskrbno vejperirate.<\/p>\n<p>The <strong>Polnilna baterija Type-C<\/strong> zagotavlja hitro in zanesljivo polnjenje, medtem ko zaradi kompaktne in prenosne zasnove je <strong>VOPK ULTRA 40000<\/strong> idealen za vejpanje na poti. Izbirajte med 10 privla\u010dnimi okusi in si privo\u0161\u010dite resni\u010dno prilagodljivo izku\u0161njo, medtem ko u\u017eivate v prednostih <strong>e-cigareta za enkratno uporabo z nizko vsebnostjo nikotina<\/strong>.<\/p>\n<p>Ne glede na to, ali ste trgovec na drobno ali i\u0161\u010dete mno\u017ei\u010dne nakupe, <strong>VOPK ULTRA 40000<\/strong> izstopa v <strong>veleprodaja vape<\/strong> trg na trg kot popolno kombinacijo vzdr\u017eljivosti, inovativnosti in dostopnosti. Izbolj\u0161ajte svojo izku\u0161njo vapinga z napravo, ki je zasnovana, da traja in zagotavlja dvojni okus, hkrati pa vas obve\u0161\u010da s svojim pametnim <strong>digitalni zaslon<\/strong>.<\/p>\n<p>Preklopite na <strong>VOPK ULTRA 40000 vdihov<\/strong> in u\u017eivajte v najbolj\u0161em sodobnem vapingu s stilom in udobjem!<\/p>\n<p>&nbsp;<\/p>\n<p><strong>Dodajte Amy\u2019s Whatsapp, da dobite pravi odgovor in kupon za vape!<\/strong><\/p>\n<p><img fetchpriority=\"high\" decoding=\"async\" class=\"size-full wp-image-2932\" src=\"https:\/\/vapestornado.com\/wp-content\/uploads\/2024\/12\/Vape-Wholesale.jpg\" alt=\"Vape Veleprodaja\" width=\"229\" height=\"300\" \/><\/p>\n<h3><a href=\"https:\/\/wa.me\/8617776015835\" target=\"_blank\" rel=\"noopener\"><span style=\"color: #ff0000;\"><strong>WhatsApp: +386 17776015835<\/strong><\/span><\/a><\/h3>\n<p>&nbsp;<\/p>\n<h2><strong>VOPK ULTRA 40000 Vdihov Zna\u010dilnosti izdelka<\/strong><\/h2>\n<p>Vpihov: 40000 vpihov<br \/>\nKapaciteta E-teko\u010dine: 36 mL<br \/>\nNikotin: 2%\/5%<br \/>\nPolnjenje tipa C za hitro polnjenje<br \/>\nPametni LED zaslon prikazuje \u017eivljenjsko dobo baterije in nivoje e-teko\u010dine<br \/>\nIzku\u0161nja z dvojnim okusom<br \/>\n10 okusov na izbiro<\/p>\n<h2 class=\"product-title\"><strong>Seznam okusov VOPK ULTRA 40000<\/strong><\/h2>\n<p>1.Jagoda Lubenica\/ Kivi Pasijonka Guava<br \/>\n2.Borovnica Malina \/Breskev Mango Lubenica<br \/>\n3.Modri Razz Gummy Bear\/Jagoda Kivi<br \/>\n4.Modri Razz \u010ce\u0161nja\/Jagoda Malina<br \/>\n5.\u0160ume\u010da Limona<br \/>\n6.Lubenica led \/Modri Razz led<br \/>\n7.Modri Razz Ananas \/Trojni Mango<br \/>\n8.Grozdje Jagodi\u010dje Izbruh \/Hru\u0161ka Jabolko Malina<br \/>\n9.Jagoda Brusnica \u010ce\u0161nja\/Ananas Pasijonka Limeta<br \/>\n10.Borovnica Jagoda Mentol\/Borovnica Malina Mentol<\/p>\n<p>&nbsp;<\/p>\n<h2>Zakaj izbrati vapestornado za VOPK 40k Veleprodajo vapov?<\/h2>\n<div class=\"flex-shrink-0 flex flex-col relative items-end\">\n<div class=\"pt-0\">\n<div class=\"gizmo-bot-avatar flex h-8 w-8 items-center justify-center overflow-hidden rounded-full\">\n<div class=\"relative p-1 rounded-sm flex items-center justify-center bg-token-main-surface-primary text-token-text-primary h-8 w-8\">\n<p>Dobrodo\u0161li v vapestornado, va\u0161i zaupanja vredni spletni trgovini z vrhunskimi vape napravami za enkratno uporabo. Z ve\u010d kot 5 leti strokovnega znanja vam ponujamo priljubljene blagovne znamke vape naprav za enkratno uporabo, kot so Fumot RandM Vape, Vapme, Bang Vape, Waspe Vape in WGA Vape, itd.<\/p>\n<p>Na\u0161a ponudba vklju\u010duje vro\u010de prodajane veipe, kot je <a href=\"https:\/\/vapestornado.com\/sl\/product\/fumot-randm-tornado-15000-puffs-rechargeable-disposable-vape-wholesale\/\">RandM Tornado 15000<\/a>, in izbire, bogate z okusi, kot je <a href=\"https:\/\/vapestornado.com\/sl\/product\/waspe-40000-puffs-double-flavour-led-display-disposable-vape-wholesale\/\">WASPE Dvojni okus 40000 vdihov<\/a> . Vsak izdelek je izbran s poudarkom na kakovosti, vrednosti in raznolikosti, kar zagotavlja, da boste na\u0161li popolno ujemanje za svoje potrebe. Odkrijte izjemne storitve in \u0161iroko paleto vrhunskih izdelkov pri vapestornado.<\/p>\n<\/div>\n<h3><\/h3>\n<div class=\"relative p-1 rounded-sm flex items-center justify-center bg-token-main-surface-primary text-token-text-primary h-8 w-8\">\n<h2>POGOSTO ZASTAVLJENA VPRA\u0160ANJA za VOPK 40k Polnilni vape za enkratno uporabo<\/h2>\n<\/div>\n<\/div>\n<\/div>\n<\/div>\n<div class=\"group\/conversation-turn relative flex w-full min-w-0 flex-col agent-turn\">\n<div class=\"flex-col gap-1 md:gap-3\">\n<div class=\"flex max-w-full flex-col flex-grow\">\n<div class=\"min-h-8 text-message flex w-full flex-col items-end gap-2 whitespace-normal break-words [.text-message+&amp;]:mt-5\" dir=\"auto\" data-message-author-role=\"assistant\" data-message-id=\"db716a1c-9ed0-4b8d-b3b0-7bdb913c3d42\" data-message-model-slug=\"gpt-4o\">\n<div class=\"flex w-full flex-col gap-1 empty:hidden first:pt-[3px]\">\n<div class=\"markdown prose w-full break-words dark:prose-invert light\">\n<p>&nbsp;<\/p>\n<p><strong>1. Kje kupiti vape VOPK 40000 vdihov za enkratno uporabo po veleprodajni ceni v Sloveniji<\/strong><br \/>\nLahko kupite <strong>VOPK 40000 Puffs e-cigareta za enkratno uporabo<\/strong> po veleprodajnih cenah prek spletnih <strong>veleprodaja vape<\/strong> platform, ki so namenjene Sloveniji.<\/p>\n<p><strong>2. Koliko vdihov zagotavlja VOPK Ultra 40k Puffs?<\/strong><br \/>\nThe <strong>VOPK Ultra 40k Puffs e-cigareta za enkratno uporabo<\/strong> zagotavlja do <strong>40.000 vpihov<\/strong>, zaradi \u010desar je ena najdlje obstojnih naprav, ki so na voljo.<\/p>\n<p><strong>3. Kako dolgo zdr\u017ei priljubljena VOPK 40000 puffs Ultra e-cigareta za enkratno uporabo?<\/strong><br \/>\nTrajanje <strong>VOPK Ultra 40000<\/strong> je odvisno od navad uporabe, vendar s svojo masivno <strong>36 ml prostornine e-teko\u010dine<\/strong> in polnilno baterijo, je zasnovan tako, da traja bistveno dlje kot ve\u010dina vape naprav za enkratno uporabo.<\/p>\n<p><strong>4. Kateri so priljubljeni okusi za digitalno \u0161katlico VOPK 40000 Puffs?<\/strong><br \/>\nThe <strong>VOPK 40k Pufov<\/strong> ponuja 10 vznemirljivih okusov, s svojim <strong>dvojnim okusom<\/strong> sistemom, ki uporabnikom omogo\u010da, da u\u017eivajo v dveh okusih v eni napravi. Priljubljeni okusi se razlikujejo glede na preference, vendar so sadne in mentolne kombinacije \u0161e posebej priljubljene.<\/p>\n<p><strong>5. Koliko \u010dasa traja polnjenje VOPK 40k Puffs Spaceman vape naprave za enkratno uporabo?<\/strong><br \/>\nThe <strong>VOPK Ultra 40k Pufov<\/strong> uporablja <strong>Polnilna baterija Type-C<\/strong>, ki se obi\u010dajno popolnoma napolni v pribli\u017eno <strong>1-2 uri<\/strong> , odvisno od vira napajanja.<\/p>\n<p><strong>6. Koliko nikotina je v VOPK 40k Digital screen box vape napravi za enkratno uporabo?<\/strong><br \/>\nThe <strong>VOPK Ultra 40000<\/strong> je na voljo v <strong>2% (20mg)<\/strong> or <strong>5 % (50 mg)<\/strong> koncentracijo nikotina, ki ustreza razli\u010dnim preferencam.<\/p>\n<\/div>\n<\/div>\n<\/div>\n<\/div>\n<\/div>\n<\/div>","protected":false},"excerpt":{"rendered":"<p>VOPK 40000 vdihov 2 v 1 vape za enkratno uporabo, dvojni okus 40K, veleprodaja<br \/>\nVOPK dvojni okus 40000 vdihov, ponovno polnjenje, vape za enkratno uporabo<br \/>\nVOPK 40000 vdihov, dvojni okus z LED zaslonom<\/p>\n<p><strong>Dodajte Amy na WhatsApp in prejmite takoj\u0161en odgovor ter kupon za vape!<\/strong><\/p>\n<p><img fetchpriority=\"high\" decoding=\"async\" class=\"size-full wp-image-2932\" src=\"https:\/\/vapestornado.com\/wp-content\/uploads\/2024\/12\/Vape-Wholesale.jpg\" alt=\"Vape Veleprodaja\" width=\"229\" height=\"300\" \/><\/p>","protected":false},"featured_media":2973,"comment_status":"open","ping_status":"closed","template":"","meta":{"_acf_changed":false,"_uag_custom_page_level_css":"","_lmt_disableupdate":"no","_lmt_disable":"","_monsterinsights_skip_tracking":false,"_monsterinsights_sitenote_active":false,"_monsterinsights_sitenote_note":"","_monsterinsights_sitenote_category":0,"site-sidebar-layout":"default","site-content-layout":"","ast-site-content-layout":"default","site-content-style":"default","site-sidebar-style":"default","ast-global-header-display":"","ast-banner-title-visibility":"","ast-main-header-display":"","ast-hfb-above-header-display":"","ast-hfb-below-header-display":"","ast-hfb-mobile-header-display":"","site-post-title":"","ast-breadcrumbs-content":"","ast-featured-img":"","footer-sml-layout":"","ast-disable-related-posts":"","theme-transparent-header-meta":"default","adv-header-id-meta":"","stick-header-meta":"","header-above-stick-meta":"","header-main-stick-meta":"","header-below-stick-meta":"","astra-migrate-meta-layouts":"set","ast-page-background-enabled":"default","ast-page-background-meta":{"desktop":{"background-color":"","background-image":"","background-repeat":"repeat","background-position":"center center","background-size":"auto","background-attachment":"scroll","background-type":"","background-media":"","overlay-type":"","overlay-color":"","overlay-opacity":"","overlay-gradient":""},"tablet":{"background-color":"","background-image":"","background-repeat":"repeat","background-position":"center center","background-size":"auto","background-attachment":"scroll","background-type":"","background-media":"","overlay-type":"","overlay-color":"","overlay-opacity":"","overlay-gradient":""},"mobile":{"background-color":"","background-image":"","background-repeat":"repeat","background-position":"center center","background-size":"auto","background-attachment":"scroll","background-type":"","background-media":"","overlay-type":"","overlay-color":"","overlay-opacity":"","overlay-gradient":""}},"ast-content-background-meta":{"desktop":{"background-color":"var(--ast-global-color-5)","background-image":"","background-repeat":"repeat","background-position":"center center","background-size":"auto","background-attachment":"scroll","background-type":"","background-media":"","overlay-type":"","overlay-color":"","overlay-opacity":"","overlay-gradient":""},"tablet":{"background-color":"var(--ast-global-color-5)","background-image":"","background-repeat":"repeat","background-position":"center center","background-size":"auto","background-attachment":"scroll","background-type":"","background-media":"","overlay-type":"","overlay-color":"","overlay-opacity":"","overlay-gradient":""},"mobile":{"background-color":"var(--ast-global-color-5)","background-image":"","background-repeat":"repeat","background-position":"center center","background-size":"auto","background-attachment":"scroll","background-type":"","background-media":"","overlay-type":"","overlay-color":"","overlay-opacity":"","overlay-gradient":""}},"_joinchat":{"telephone":"+8617776015835"}},"product_brand":[],"product_cat":[65,140,153,157,158,142,144,290],"product_tag":[94,95,93,96,92],"class_list":{"0":"post-2974","1":"product","2":"type-product","3":"status-publish","4":"has-post-thumbnail","6":"product_cat-40000-puff","7":"product_cat-big-puffs-disposable-vapes","8":"product_cat-buy-disposable-vapes-in-italy","9":"product_cat-buy-disposable-vapes-in-portugal","10":"product_cat-buy-disposable-vapes-in-spain","11":"product_cat-digital-box-disposable-vapes","12":"product_cat-low-nicotine-disposable-vapes","13":"product_cat-vopk-vape","14":"product_tag-rechargeable-disposable-vape","15":"product_tag-spaceman-disposable-vape","16":"product_tag-vape-wholesale","17":"product_tag-vopk-40000","18":"product_tag-vopk-vape","19":"desktop-align-left","20":"tablet-align-left","21":"mobile-align-left","23":"first","24":"instock","25":"sale","26":"shipping-taxable","27":"purchasable","28":"product-type-simple"},"acf":[],"uagb_featured_image_src":{"full":["https:\/\/vapestornado.com\/wp-content\/uploads\/2024\/12\/VOPK-ULTRA-40000-Disposable-Vape.jpg",1126,1126,false],"thumbnail":["https:\/\/vapestornado.com\/wp-content\/uploads\/2024\/12\/VOPK-ULTRA-40000-Disposable-Vape-150x150.jpg",150,150,true],"medium":["https:\/\/vapestornado.com\/wp-content\/uploads\/2024\/12\/VOPK-ULTRA-40000-Disposable-Vape-300x300.jpg",300,300,true],"medium_large":["https:\/\/vapestornado.com\/wp-content\/uploads\/2024\/12\/VOPK-ULTRA-40000-Disposable-Vape-768x768.jpg",768,768,true],"large":["https:\/\/vapestornado.com\/wp-content\/uploads\/2024\/12\/VOPK-ULTRA-40000-Disposable-Vape-1024x1024.jpg",1024,1024,true],"1536x1536":["https:\/\/vapestornado.com\/wp-content\/uploads\/2024\/12\/VOPK-ULTRA-40000-Disposable-Vape.jpg",1126,1126,false],"2048x2048":["https:\/\/vapestornado.com\/wp-content\/uploads\/2024\/12\/VOPK-ULTRA-40000-Disposable-Vape.jpg",1126,1126,false],"trp-custom-language-flag":["https:\/\/vapestornado.com\/wp-content\/uploads\/2024\/12\/VOPK-ULTRA-40000-Disposable-Vape.jpg",12,12,false],"woocommerce_thumbnail":["https:\/\/vapestornado.com\/wp-content\/uploads\/2024\/12\/VOPK-ULTRA-40000-Disposable-Vape-300x300.jpg",300,300,true],"woocommerce_single":["https:\/\/vapestornado.com\/wp-content\/uploads\/2024\/12\/VOPK-ULTRA-40000-Disposable-Vape-600x600.jpg",600,600,true],"woocommerce_gallery_thumbnail":["https:\/\/vapestornado.com\/wp-content\/uploads\/2024\/12\/VOPK-ULTRA-40000-Disposable-Vape-100x100.jpg",100,100,true]},"uagb_author_info":{"display_name":"ESAMY","author_link":"https:\/\/vapestornado.com\/sl\/author\/"},"uagb_comment_info":0,"uagb_excerpt":"VOPK 40000 Puffs 2 in 1 Disposable Vape Dual Taste 40K Wholesale VOPK Double Flavor 40000 Puffs Rechargeable Disposable Vape VOPK 40000 Puffs Double Flavor with LED Display Add Amy's whatsapp to get right reply and vape vape coupon!","_links":{"self":[{"href":"https:\/\/vapestornado.com\/sl\/wp-json\/wp\/v2\/product\/2974","targetHints":{"allow":["GET"]}}],"collection":[{"href":"https:\/\/vapestornado.com\/sl\/wp-json\/wp\/v2\/product"}],"about":[{"href":"https:\/\/vapestornado.com\/sl\/wp-json\/wp\/v2\/types\/product"}],"replies":[{"embeddable":true,"href":"https:\/\/vapestornado.com\/sl\/wp-json\/wp\/v2\/comments?post=2974"}],"wp:featuredmedia":[{"embeddable":true,"href":"https:\/\/vapestornado.com\/sl\/wp-json\/wp\/v2\/media\/2973"}],"wp:attachment":[{"href":"https:\/\/vapestornado.com\/sl\/wp-json\/wp\/v2\/media?parent=2974"}],"wp:term":[{"taxonomy":"product_brand","embeddable":true,"href":"https:\/\/vapestornado.com\/sl\/wp-json\/wp\/v2\/product_brand?post=2974"},{"taxonomy":"product_cat","embeddable":true,"href":"https:\/\/vapestornado.com\/sl\/wp-json\/wp\/v2\/product_cat?post=2974"},{"taxonomy":"product_tag","embeddable":true,"href":"https:\/\/vapestornado.com\/sl\/wp-json\/wp\/v2\/product_tag?post=2974"}],"curies":[{"name":"wp","href":"https:\/\/api.w.org\/{rel}","templated":true}]}}