{"id":2968,"date":"2024-12-04T04:02:23","date_gmt":"2024-12-04T04:02:23","guid":{"rendered":"https:\/\/vapestornado.com\/?post_type=product&#038;p=2968"},"modified":"2025-12-08T04:02:53","modified_gmt":"2025-12-08T04:02:53","slug":"waspe-40000-puffs-double-flavour-led-display-disposable-vape-wholesale","status":"publish","type":"product","link":"https:\/\/vapestornado.com\/sl\/product\/waspe-40000-puffs-double-flavour-led-display-disposable-vape-wholesale\/","title":{"rendered":"WASPE 40000 vdihov dvojni okus LED zaslon e-cigareta za enkratno uporabo veleprodaja"},"content":{"rendered":"<h1 class=\"product-title\">WASPE 40000 Vdihov Dvojni okus Enkratni Vape \u2014 Preklop dveh okusov in pametna LED kontrola<\/h1>\n<p data-start=\"1070\" data-end=\"1397\">The <strong data-start=\"108\" data-end=\"154\">WASPE 40000 Vdihov Dvojni okus Enkratni Vape<\/strong> je narejen za ljudi, ki \u017eelijo dolgotrajen enkratni izdelek brez \u017ertvovanja izbire ali nadzora. Dobite <strong data-start=\"254\" data-end=\"276\">do 40.000 pufov<\/strong>, a <strong data-start=\"280\" data-end=\"303\">sistem dvojnega okusa<\/strong> lahko preklapljate v \u017eivo, in <strong data-start=\"337\" data-end=\"357\">pametni LED zaslon<\/strong> ki vam natan\u010dno pove, kje sta va\u0161a baterija in teko\u010dina. Na kratko: manj zamenjav, ve\u010d raznolikosti in naprava, ki se obna\u0161a predvidljivo v vsakdanji uporabi.<\/p>\n<h3 data-start=\"755\" data-end=\"807\">Zakaj lahko zaupate Waspe 40000 vdihov vape \u2014 in zakaj je vredno kupiti<\/h3>\n<ul data-start=\"809\" data-end=\"1956\">\n<li data-start=\"809\" data-end=\"1099\">\n<p data-start=\"811\" data-end=\"1099\"><strong data-start=\"811\" data-end=\"874\">Je zasnovan za resni\u010dno uporabo, ne le za velik \u0161tevil\u010dni podatek vdihov.<\/strong> 36 ml prednapolnjen rezervoar in dvojne 0,9\u03a9 mre\u017ene tuljave sta zasnovani tako, da ohranjata okus in paro dosledno skozi dolge seje. To je klju\u010dna razlika med velikim enkratnim izdelkom, ki <em data-start=\"1054\" data-end=\"1061\">traja<\/em> in tistim, ki preprosto <em data-start=\"1082\" data-end=\"1090\">trdi<\/em> da bo trajal.<\/p>\n<\/li>\n<li data-start=\"1101\" data-end=\"1356\">\n<p data-start=\"1103\" data-end=\"1356\"><strong data-start=\"1103\" data-end=\"1163\">Preklop dveh okusov naredi ga prakti\u010dnega, ne pa le za show.<\/strong> Namesto nakupa dveh naprav ali dolg\u010dasa v sredini, lahko preklapljate med dvema okusoma v eni enoti. Za mnoge uporabnike je to funkcija, ki prepre\u010di, da bi vape postal<\/p>\n<\/li>\n<li data-start=\"1358\" data-end=\"1596\">\n<p data-start=\"1360\" data-end=\"1596\"><strong data-start=\"1360\" data-end=\"1436\">Polnjenje z mo\u017enostjo polnjenja odstrani glavno slabost visokopuhalnih enkratnih naprav.<\/strong> Z <strong data-start=\"1445\" data-end=\"1476\">850 mAh baterijo za ponovno polnjenje<\/strong> in <strong data-start=\"1481\" data-end=\"1505\">hitro polnjenje Type-C<\/strong>, ne boste ostali z ostankom teko\u010dine, a brez napajanja. To je pomembno, \u010de redno vape-ate.<\/p>\n<\/li>\n<li data-start=\"1598\" data-end=\"1800\">\n<p data-start=\"1600\" data-end=\"1800\"><strong data-start=\"1600\" data-end=\"1638\">LED zaslon dodaja transparentnost.<\/strong> Ni vam treba ugibati preostalo baterijo ali teko\u010dino. Vedeli boste, kdaj dopolniti ali ko ste blizu konca \u2014 uporabno za potovanja, no\u010dne izhode in potovanja.<\/p>\n<\/li>\n<li data-start=\"1802\" data-end=\"1956\">\n<p data-start=\"1804\" data-end=\"1956\"><strong data-start=\"1804\" data-end=\"1850\">Koli\u010dine nikotina pokrivajo razli\u010dne navade.<\/strong> Mo\u017enosti nikotina v obliki soli 2% in 5% omogo\u010dajo, da je primeren tako za la\u017eji vsakodnevni vaping kot za mo\u010dnej\u0161i udarec.<\/p>\n<\/li>\n<\/ul>\n<p>&nbsp;<\/p>\n<p><strong>Dodajte Amy\u2019s Whatsapp, da dobite pravi odgovor in kupon za vape!<\/strong><\/p>\n<p><img fetchpriority=\"high\" decoding=\"async\" class=\"size-full wp-image-2932\" src=\"https:\/\/vapestornado.com\/wp-content\/uploads\/2024\/12\/Vape-Wholesale.jpg\" alt=\"Vape Veleprodaja\" width=\"229\" height=\"300\" \/><\/p>\n<h3><a href=\"https:\/\/wa.me\/8617776015835\" target=\"_blank\" rel=\"noopener\"><span style=\"color: #ff0000;\"><strong>WhatsApp: +386 17776015835<\/strong><\/span><\/a><\/h3>\n<p>&nbsp;<\/p>\n<h2><strong>WASPE 40000 Puffs Lastnosti izdelka<\/strong><\/h2>\n<table>\n<thead>\n<tr>\n<th>Spec<\/th>\n<th>Podrobnosti<\/th>\n<th><\/th>\n<\/tr>\n<\/thead>\n<tbody>\n<tr>\n<td>Kapaciteta potiska<\/td>\n<td>Do 40.000 potegov<\/td>\n<td>Zasnovano za dolgoro\u010dno uporabo; manj zamenjav in bolj\u0161i stro\u0161ek na vdih.<\/td>\n<\/tr>\n<tr>\n<td>Volumen e-teko\u010dine<\/td>\n<td>36 ml vnaprej napolnjeno<\/td>\n<td>Velik rezervoar podpira dalj\u0161e seje in upo\u010dasnjuje padec okusa.<\/td>\n<\/tr>\n<tr>\n<td>Baterija<\/td>\n<td>850mAh polnljiva baterija<\/td>\n<td>Dovolj mo\u010di za visoke \u0161tevce vdihov; polnjenje namesto zavr\u017eka zgodaj.<\/td>\n<\/tr>\n<tr>\n<td>Polnjenje<\/td>\n<td>hitro polnjenje Type-C<\/td>\n<td>Hiter, \u0161iroko zdru\u017eljiv polnilec po Evropi.<\/td>\n<\/tr>\n<tr>\n<td>Sistem tuljav<\/td>\n<td>Dvojni 0,9\u03a9 mre\u017eni tuljki<\/td>\n<td>Bolj enakomerno segrevanje, bogatej\u0161i okus, gladkej\u0161i ob\u010dutek v grlu, dosleden vapour.<\/td>\n<\/tr>\n<tr>\n<td>Mo\u017enosti nikotina<\/td>\n<td>2% \/ 5% solni nikotin<\/td>\n<td>Omogo\u010da vam prilagoditev intenzivnosti va\u0161i navadi.<\/td>\n<\/tr>\n<tr>\n<td>Zaslon<\/td>\n<td>Pametna LED zaslonka (baterija + teko\u010dina)<\/td>\n<td>Sledenje v realnem \u010dasu, da nikoli ne boste ugibali.<\/td>\n<\/tr>\n<tr>\n<td>Sistem okusa<\/td>\n<td>Dvojni preklop okusa<\/td>\n<td>Dva okusa v eni napravi; menjajte kadarkoli \u017eelite.<\/td>\n<\/tr>\n<tr>\n<td>Mo\u017enosti okusa<\/td>\n<td>16 mo\u017enosti okusov<\/td>\n<td>\u0160irok izbor za razli\u010dne preference in ponovne nakupe.<\/td>\n<\/tr>\n<\/tbody>\n<\/table>\n<h2 class=\"product-title\"><strong>WASPE 40000 Vdihov Seznam okusov<\/strong><\/h2>\n<p>1 lubenica led \/ Limona limeta<br \/>\n2 gazirana \u010de\u0161nja led \/ borovni\u010deva sladkorna pena<br \/>\n3 jagoda lubenica \/ borovnica malina<br \/>\n4 red bull led \/ jagoda mango<br \/>\n5 breskev led \/ ananas mango breskev<br \/>\n6 grozdje led \/ jagoda kivi<br \/>\n7 me\u0161ani jagodi\u010devje \/ dvojno jabolko led<br \/>\n8 modra Razz limonada \/ lubenica \u017eve\u010dilni gumi<br \/>\n9 jagoda malina \u010de\u0161nja \/ ljubezen 666<br \/>\n10 jagoda banana \/ ananas kokos led<br \/>\n11 jagoda lubenica \u017eve\u010dilni gumi \/ me\u0161ano sadje<br \/>\n12 \u010de\u0161nja kola led \/ jagoda malina bombon<br \/>\n13 kislo jabolko malina \/ jagoda velik pok<br \/>\n14 breskev jagodi\u010devje \/ lubenica mango breskev<br \/>\n15 borovnica led \/ \u010drni zmaj led<br \/>\n16 jagoda \u010de\u0161nja \/ kivi pasijonka guava<\/p>\n<figure id=\"attachment_4660\" aria-describedby=\"caption-attachment-4660\" style=\"width: 225px\" class=\"wp-caption alignnone\"><img decoding=\"async\" class=\"size-medium wp-image-4660\" src=\"https:\/\/vapestornado.com\/wp-content\/uploads\/2025\/12\/WASPE-40k-Disposable-Vape-1-225x300.jpg\" alt=\"WASPE 40k Vdihov Enkratna vape\" width=\"225\" height=\"300\" srcset=\"https:\/\/vapestornado.com\/wp-content\/uploads\/2025\/12\/WASPE-40k-Disposable-Vape-1-225x300.jpg 225w, https:\/\/vapestornado.com\/wp-content\/uploads\/2025\/12\/WASPE-40k-Disposable-Vape-1-768x1024.jpg 768w, https:\/\/vapestornado.com\/wp-content\/uploads\/2025\/12\/WASPE-40k-Disposable-Vape-1-1152x1536.jpg 1152w, https:\/\/vapestornado.com\/wp-content\/uploads\/2025\/12\/WASPE-40k-Disposable-Vape-1-9x12.jpg 9w, https:\/\/vapestornado.com\/wp-content\/uploads\/2025\/12\/WASPE-40k-Disposable-Vape-1-600x800.jpg 600w, https:\/\/vapestornado.com\/wp-content\/uploads\/2025\/12\/WASPE-40k-Disposable-Vape-1.jpg 1280w\" sizes=\"(max-width: 225px) 100vw, 225px\" \/><figcaption id=\"caption-attachment-4660\" class=\"wp-caption-text\">WASPE 40k Vdihov Enkratna vape<\/figcaption><\/figure>\n<figure id=\"attachment_4661\" aria-describedby=\"caption-attachment-4661\" style=\"width: 300px\" class=\"wp-caption alignnone\"><img decoding=\"async\" class=\"size-medium wp-image-4661\" src=\"https:\/\/vapestornado.com\/wp-content\/uploads\/2025\/12\/WASPE-40000-Wholesale-300x300.jpg\" alt=\"WASPE 40000 Vdihov Velikoprodajna vape Slovenija\" width=\"300\" height=\"300\" srcset=\"https:\/\/vapestornado.com\/wp-content\/uploads\/2025\/12\/WASPE-40000-Wholesale-300x300.jpg 300w, https:\/\/vapestornado.com\/wp-content\/uploads\/2025\/12\/WASPE-40000-Wholesale-1024x1024.jpg 1024w, https:\/\/vapestornado.com\/wp-content\/uploads\/2025\/12\/WASPE-40000-Wholesale-150x150.jpg 150w, https:\/\/vapestornado.com\/wp-content\/uploads\/2025\/12\/WASPE-40000-Wholesale-768x768.jpg 768w, https:\/\/vapestornado.com\/wp-content\/uploads\/2025\/12\/WASPE-40000-Wholesale-1536x1536.jpg 1536w, https:\/\/vapestornado.com\/wp-content\/uploads\/2025\/12\/WASPE-40000-Wholesale-2048x2048.jpg 2048w, https:\/\/vapestornado.com\/wp-content\/uploads\/2025\/12\/WASPE-40000-Wholesale-12x12.jpg 12w, https:\/\/vapestornado.com\/wp-content\/uploads\/2025\/12\/WASPE-40000-Wholesale-600x600.jpg 600w, https:\/\/vapestornado.com\/wp-content\/uploads\/2025\/12\/WASPE-40000-Wholesale-100x100.jpg 100w\" sizes=\"(max-width: 300px) 100vw, 300px\" \/><figcaption id=\"caption-attachment-4661\" class=\"wp-caption-text\">WASPE 40000 Vdihov Velikoprodajna vape Slovenija<\/figcaption><\/figure>\n<h2>Zakaj izbrati vapestornado za WASPE 40000 Puffs Vape na debelo?<\/h2>\n<div class=\"flex-shrink-0 flex flex-col relative items-end\">\n<div class=\"pt-0\">\n<div class=\"gizmo-bot-avatar flex h-8 w-8 items-center justify-center overflow-hidden rounded-full\">\n<div class=\"relative p-1 rounded-sm flex items-center justify-center bg-token-main-surface-primary text-token-text-primary h-8 w-8\">\n<p>Dobrodo\u0161li v vapestornado, va\u0161i zaupanja vredni spletni trgovini z vrhunskimi vape napravami za enkratno uporabo. Z ve\u010d kot 5 leti strokovnega znanja vam ponujamo priljubljene blagovne znamke vape naprav za enkratno uporabo, kot so Fumot RandM Vape, Vapme, Bang Vape, Waspe Vape in WGA Vape, itd.<\/p>\n<p>Na\u0161a ponudba vklju\u010duje vro\u010de prodajane veipe, kot je <a href=\"https:\/\/vapestornado.com\/sl\/product\/fumot-randm-tornado-15000-puffs-rechargeable-disposable-vape-wholesale\/\">RandM Tornado 15000<\/a>in izbire, bogate z okusom, kot je WASPE Double Flavor 40000 Vpihov. Vsak izdelek je izbran s poudarkom na kakovosti, vrednosti in raznolikosti, kar zagotavlja, da boste na\u0161li popolno ujemanje za svoje potrebe. Odkrijte izjemne storitve in \u0161iroko paleto vrhunskih izdelkov pri vapestornado.<\/p>\n<\/div>\n<h3><\/h3>\n<div class=\"relative p-1 rounded-sm flex items-center justify-center bg-token-main-surface-primary text-token-text-primary h-8 w-8\">\n<h2>Pogosta vpra\u0161anja o WASPE 40k polnilni vape za enkratno uporabo<\/h2>\n<\/div>\n<\/div>\n<\/div>\n<\/div>\n<div class=\"group\/conversation-turn relative flex w-full min-w-0 flex-col agent-turn\">\n<div class=\"flex-col gap-1 md:gap-3\">\n<div class=\"flex max-w-full flex-col flex-grow\">\n<div class=\"min-h-8 text-message flex w-full flex-col items-end gap-2 whitespace-normal break-words [.text-message+&amp;]:mt-5\" dir=\"auto\" data-message-author-role=\"assistant\" data-message-id=\"db716a1c-9ed0-4b8d-b3b0-7bdb913c3d42\" data-message-model-slug=\"gpt-4o\">\n<div class=\"flex w-full flex-col gap-1 empty:hidden first:pt-[3px]\">\n<div class=\"markdown prose w-full break-words dark:prose-invert light\">\n<ol data-start=\"4048\" data-end=\"5439\">\n<li data-start=\"4048\" data-end=\"4347\">\n<p data-start=\"4051\" data-end=\"4347\"><strong data-start=\"4051\" data-end=\"4153\">Kako WASPE 40000 Double Flavour Disposable Vape ohranja okus dosledno skozi 40.000 vdihov?<\/strong><br data-start=\"4153\" data-end=\"4156\" \/>Uporablja <strong data-start=\"4164\" data-end=\"4188\">dvojne mre\u017easte tuljave 0,9 \u03a9<\/strong> ki enakomerno razporeja toploto skozi teko\u010dino. To zmanj\u0161uje vro\u010de to\u010dke in pomaga prepre\u010diti okus po \u00bbtanko ali za\u017egano\u00ab, ki ga imajo mnogi visokokapacitetni disposable vape pozneje.<\/p>\n<\/li>\n<li data-start=\"4349\" data-end=\"4610\">\n<p data-start=\"4352\" data-end=\"4610\"><strong data-start=\"4352\" data-end=\"4430\">Je sistem za menjavo dvojnih okusov WASPE 40K dejansko uporaben vsak dan?<\/strong><br data-start=\"4430\" data-end=\"4433\" \/>Da. Mo\u017enost menjave okusov znotraj ene naprave pomeni, da lahko <strong data-start=\"4500\" data-end=\"4561\">spremenite okus, kadar \u017eelite, brez no\u0161enja drugega vape-a<\/strong>, kar ohranja izku\u0161njo sve\u017eo skozi dolgo uporabo.<\/p>\n<\/li>\n<li data-start=\"4612\" data-end=\"4889\">\n<p data-start=\"4615\" data-end=\"4889\"><strong data-start=\"4615\" data-end=\"4701\">Z baterijo 850mAh, bo vape WASPE 40000 zdr\u017eal celoten 36ml rezervoar?<\/strong><br data-start=\"4701\" data-end=\"4704\" \/>Zato je tudi polnljiv. \u010ce veliko vape-ate, boste morda morali pred\u010dasno napolniti, preden se teko\u010dina izprazni \u2014 <strong data-start=\"4812\" data-end=\"4848\">Polnjenje s Type-C omogo\u010da hitro<\/strong>, tako da lahko \u0161e vedno izkoristite polno kapaciteto.<\/p>\n<\/li>\n<li data-start=\"4891\" data-end=\"5143\">\n<p data-start=\"4894\" data-end=\"5143\"><strong data-start=\"4894\" data-end=\"5002\">Kaj prikazuje LED zaslon na disposable vape-u WASPE 40000 Double Flavour in zakaj je to pomembno?<\/strong><br data-start=\"5002\" data-end=\"5005\" \/>Prikazuje <strong data-start=\"5014\" data-end=\"5063\">ravni baterije in ravni e-soka v realnem \u010dasu<\/strong>, tako da lahko na\u010drtujete polnjenje ali zamenjavo, namesto da vas ujame sredi dneva.<\/p>\n<\/li>\n<li data-start=\"5145\" data-end=\"5439\">\n<p data-start=\"5148\" data-end=\"5439\"><strong data-start=\"5148\" data-end=\"5245\">Je disposable vape WASPE 40000 z veliko vdihi primeren za te\u017eke uporabnike, ki \u017eelijo mo\u010dan hlap?<\/strong><br data-start=\"5245\" data-end=\"5248\" \/>Absolutno. Nastavitev tuljave in nizka odpornost podpirata <strong data-start=\"5302\" data-end=\"5341\">gosto paro in mo\u010dan zadetek v grlo<\/strong>, \u0161e posebej z mo\u017enostjo 5%. Te\u017eki uporabniki so tisti, ki najbolj koristijo dolgo \u017eivljenjsko dobo.<\/p>\n<\/li>\n<\/ol>\n<\/div>\n<\/div>\n<\/div>\n<\/div>\n<\/div>\n<\/div>","protected":false},"excerpt":{"rendered":"<p data-start=\"1437\" data-end=\"1596\"><strong data-start=\"1441\" data-end=\"1476\">WASPE 40000 Dvojni okus Vape,<\/strong> visoko zmogljiv 36 ml, enkratni vpojnik z dvema okusoma, z mo\u017enostjo polnjenja z Type-C napajanjem in dvojno mre\u017eno tuljavo, ki zagotavlja do 40.000 gladkih, polnih okusnih vdihov z jasnim sledenjem baterije\/teko\u010dine. Dolgotrajna mo\u017enost za <strong data-start=\"1558\" data-end=\"1593\">veleprodajne kupce vape v Evropi<\/strong>.<\/p>\n<p><strong>Dodajte Amy na WhatsApp in prejmite takoj\u0161en odgovor ter kupon za vape!<\/strong><\/p>\n<p><img fetchpriority=\"high\" decoding=\"async\" class=\"size-full wp-image-2932\" src=\"https:\/\/vapestornado.com\/wp-content\/uploads\/2024\/12\/Vape-Wholesale.jpg\" alt=\"Vape Veleprodaja\" width=\"229\" height=\"300\" \/><\/p>\n<h3><a href=\"https:\/\/wa.me\/8617776015835\"><span style=\"color: #ff0000;\"><strong>WhatsApp: +386 17776015835<\/strong><\/span><\/a><\/h3>\n<p>&nbsp;<\/p>","protected":false},"featured_media":2961,"comment_status":"open","ping_status":"closed","template":"","meta":{"_acf_changed":false,"_uag_custom_page_level_css":"","_lmt_disableupdate":"no","_lmt_disable":"","_monsterinsights_skip_tracking":false,"_monsterinsights_sitenote_active":false,"_monsterinsights_sitenote_note":"","_monsterinsights_sitenote_category":0,"site-sidebar-layout":"default","site-content-layout":"","ast-site-content-layout":"default","site-content-style":"default","site-sidebar-style":"default","ast-global-header-display":"","ast-banner-title-visibility":"","ast-main-header-display":"","ast-hfb-above-header-display":"","ast-hfb-below-header-display":"","ast-hfb-mobile-header-display":"","site-post-title":"","ast-breadcrumbs-content":"","ast-featured-img":"","footer-sml-layout":"","ast-disable-related-posts":"","theme-transparent-header-meta":"default","adv-header-id-meta":"","stick-header-meta":"","header-above-stick-meta":"","header-main-stick-meta":"","header-below-stick-meta":"","astra-migrate-meta-layouts":"set","ast-page-background-enabled":"default","ast-page-background-meta":{"desktop":{"background-color":"","background-image":"","background-repeat":"repeat","background-position":"center center","background-size":"auto","background-attachment":"scroll","background-type":"","background-media":"","overlay-type":"","overlay-color":"","overlay-opacity":"","overlay-gradient":""},"tablet":{"background-color":"","background-image":"","background-repeat":"repeat","background-position":"center center","background-size":"auto","background-attachment":"scroll","background-type":"","background-media":"","overlay-type":"","overlay-color":"","overlay-opacity":"","overlay-gradient":""},"mobile":{"background-color":"","background-image":"","background-repeat":"repeat","background-position":"center center","background-size":"auto","background-attachment":"scroll","background-type":"","background-media":"","overlay-type":"","overlay-color":"","overlay-opacity":"","overlay-gradient":""}},"ast-content-background-meta":{"desktop":{"background-color":"var(--ast-global-color-5)","background-image":"","background-repeat":"repeat","background-position":"center center","background-size":"auto","background-attachment":"scroll","background-type":"","background-media":"","overlay-type":"","overlay-color":"","overlay-opacity":"","overlay-gradient":""},"tablet":{"background-color":"var(--ast-global-color-5)","background-image":"","background-repeat":"repeat","background-position":"center center","background-size":"auto","background-attachment":"scroll","background-type":"","background-media":"","overlay-type":"","overlay-color":"","overlay-opacity":"","overlay-gradient":""},"mobile":{"background-color":"var(--ast-global-color-5)","background-image":"","background-repeat":"repeat","background-position":"center center","background-size":"auto","background-attachment":"scroll","background-type":"","background-media":"","overlay-type":"","overlay-color":"","overlay-opacity":"","overlay-gradient":""}},"_joinchat":{"telephone":"+8617776015835"}},"product_brand":[],"product_cat":[65,149,150,157,146,60],"product_tag":[91,89,90],"class_list":{"0":"post-2968","1":"product","2":"type-product","3":"status-publish","4":"has-post-thumbnail","6":"product_cat-40000-puff","7":"product_cat-buy-disposable-vapes-in-austria","8":"product_cat-buy-disposable-vapes-in-belgium","9":"product_cat-buy-disposable-vapes-in-portugal","10":"product_cat-rechargeable-disposable-vapes","11":"product_cat-waspe-fihp-vape","12":"product_tag-double-flavour","13":"product_tag-waspe-40000-puffs","14":"product_tag-waspe-40k","15":"desktop-align-left","16":"tablet-align-left","17":"mobile-align-left","19":"first","20":"instock","21":"sale","22":"shipping-taxable","23":"purchasable","24":"product-type-simple"},"acf":[],"uagb_featured_image_src":{"full":["https:\/\/vapestornado.com\/wp-content\/uploads\/2024\/12\/WASPE-40k-Puffs-Disposalbe-Vape-Bulk-Buy-Price.jpg",800,800,false],"thumbnail":["https:\/\/vapestornado.com\/wp-content\/uploads\/2024\/12\/WASPE-40k-Puffs-Disposalbe-Vape-Bulk-Buy-Price-150x150.jpg",150,150,true],"medium":["https:\/\/vapestornado.com\/wp-content\/uploads\/2024\/12\/WASPE-40k-Puffs-Disposalbe-Vape-Bulk-Buy-Price-300x300.jpg",300,300,true],"medium_large":["https:\/\/vapestornado.com\/wp-content\/uploads\/2024\/12\/WASPE-40k-Puffs-Disposalbe-Vape-Bulk-Buy-Price-768x768.jpg",768,768,true],"large":["https:\/\/vapestornado.com\/wp-content\/uploads\/2024\/12\/WASPE-40k-Puffs-Disposalbe-Vape-Bulk-Buy-Price.jpg",800,800,false],"1536x1536":["https:\/\/vapestornado.com\/wp-content\/uploads\/2024\/12\/WASPE-40k-Puffs-Disposalbe-Vape-Bulk-Buy-Price.jpg",800,800,false],"2048x2048":["https:\/\/vapestornado.com\/wp-content\/uploads\/2024\/12\/WASPE-40k-Puffs-Disposalbe-Vape-Bulk-Buy-Price.jpg",800,800,false],"trp-custom-language-flag":["https:\/\/vapestornado.com\/wp-content\/uploads\/2024\/12\/WASPE-40k-Puffs-Disposalbe-Vape-Bulk-Buy-Price.jpg",12,12,false],"woocommerce_thumbnail":["https:\/\/vapestornado.com\/wp-content\/uploads\/2024\/12\/WASPE-40k-Puffs-Disposalbe-Vape-Bulk-Buy-Price-300x300.jpg",300,300,true],"woocommerce_single":["https:\/\/vapestornado.com\/wp-content\/uploads\/2024\/12\/WASPE-40k-Puffs-Disposalbe-Vape-Bulk-Buy-Price-600x600.jpg",600,600,true],"woocommerce_gallery_thumbnail":["https:\/\/vapestornado.com\/wp-content\/uploads\/2024\/12\/WASPE-40k-Puffs-Disposalbe-Vape-Bulk-Buy-Price-100x100.jpg",100,100,true]},"uagb_author_info":{"display_name":"ESAMY","author_link":"https:\/\/vapestornado.com\/sl\/author\/"},"uagb_comment_info":0,"uagb_excerpt":"WASPE 40000 Double Flavour Vape, a high-capacity 36ml, dual-flavour disposable with rechargeable Type-C power and dual mesh coils, delivering up to 40,000 smooth, full-taste puffs with clear battery\/liquid tracking. A long-lasting option for wholesale vape buyers in Europe. Add Amy's whatsapp to get right reply and vape vape coupon! WhatsApp: +86 17776015835 &nbsp;","_links":{"self":[{"href":"https:\/\/vapestornado.com\/sl\/wp-json\/wp\/v2\/product\/2968","targetHints":{"allow":["GET"]}}],"collection":[{"href":"https:\/\/vapestornado.com\/sl\/wp-json\/wp\/v2\/product"}],"about":[{"href":"https:\/\/vapestornado.com\/sl\/wp-json\/wp\/v2\/types\/product"}],"replies":[{"embeddable":true,"href":"https:\/\/vapestornado.com\/sl\/wp-json\/wp\/v2\/comments?post=2968"}],"wp:featuredmedia":[{"embeddable":true,"href":"https:\/\/vapestornado.com\/sl\/wp-json\/wp\/v2\/media\/2961"}],"wp:attachment":[{"href":"https:\/\/vapestornado.com\/sl\/wp-json\/wp\/v2\/media?parent=2968"}],"wp:term":[{"taxonomy":"product_brand","embeddable":true,"href":"https:\/\/vapestornado.com\/sl\/wp-json\/wp\/v2\/product_brand?post=2968"},{"taxonomy":"product_cat","embeddable":true,"href":"https:\/\/vapestornado.com\/sl\/wp-json\/wp\/v2\/product_cat?post=2968"},{"taxonomy":"product_tag","embeddable":true,"href":"https:\/\/vapestornado.com\/sl\/wp-json\/wp\/v2\/product_tag?post=2968"}],"curies":[{"name":"wp","href":"https:\/\/api.w.org\/{rel}","templated":true}]}}