{"id":2926,"date":"2024-12-03T08:03:07","date_gmt":"2024-12-03T08:03:07","guid":{"rendered":"https:\/\/vapestornado.com\/?post_type=product&#038;p=2926"},"modified":"2025-08-23T10:05:34","modified_gmt":"2025-08-23T10:05:34","slug":"fumot-digital-box-12000-puffs-cheap-price-disposable-vape","status":"publish","type":"product","link":"https:\/\/vapestornado.com\/sl\/product\/fumot-digital-box-12000-puffs-cheap-price-disposable-vape\/","title":{"rendered":"Fumot Digital Box 12000 Vpihov Poceni Cena Vape za Enkratno Uporabo"},"content":{"rendered":"<h1>Fumot Digital Box 12000 Vpihov Poceni Cena Vape za Enkratno Uporabo<\/h1>\n<p>&nbsp;<\/p>\n<p data-start=\"298\" data-end=\"609\">The <strong data-start=\"302\" data-end=\"351\">Fumot Digital Box 12000 Vpihov Vape za enkratno uporabo<\/strong> ponuja dolgotrajno delovanje in mo\u010dno veleprodajno privla\u010dnost. Z <strong data-start=\"420\" data-end=\"453\">20 ml predhodno napolnjen rezervoar za e-teko\u010dino<\/strong> in do <strong data-start=\"464\" data-end=\"491\">12.000 vpihov na napravo<\/strong>, zagotavlja podalj\u0161ano uporabo in dosleden okus, zaradi \u010desar je privla\u010dna izbira za trgovce na drobno in kupce na debelo.<\/p>\n<p data-start=\"611\" data-end=\"868\">Napaja ga <strong data-start=\"624\" data-end=\"655\">550mAh polnilna baterija<\/strong> z <strong data-start=\"661\" data-end=\"685\">hitro polnjenje Type-C<\/strong>, ta vape zmanj\u0161uje \u010das nedelovanja, hkrati pa zagotavlja zanesljivo delovanje. Njegova <strong data-start=\"759\" data-end=\"789\">nastavljivim nadzorom pretoka zraka<\/strong> omogo\u010da strankam, da prilagodijo izhod pare, kar je v\u0161e\u010d \u0161irokemu krogu uporabnikov.<\/p>\n<p data-start=\"870\" data-end=\"1111\">Edinstvena lastnost <strong data-start=\"894\" data-end=\"919\">Fumot 12K Digitalna \u0160katla<\/strong> je <strong data-start=\"927\" data-end=\"943\">6 RGB lu\u010di<\/strong>, ki se aktivirajo med uporabo in dodajo vizualno privla\u010dnost \u2013 priljubljena med mlaj\u0161imi evropskimi potro\u0161niki. Kompakten, trpe\u017een in enostaven za prena\u0161anje, primeren je za vsakodnevno in dru\u017eabno uporabo.<\/p>\n<p data-start=\"1113\" data-end=\"1315\">S svojim ravnovesjem visoke zmogljivosti vdihov, prilagodljivih funkcij in <strong data-start=\"1180\" data-end=\"1213\">konkuren\u010dne veleprodajne cene<\/strong>, je <strong data-start=\"1219\" data-end=\"1246\">Fumot Digitalna \u0160katla 12000<\/strong> je pameten dodatek za trgovine z vape izdelki in distributerje po vsej Evropi.<\/p>\n<p><img fetchpriority=\"high\" decoding=\"async\" class=\"size-medium wp-image-2951\" src=\"https:\/\/vapestornado.com\/wp-content\/uploads\/2024\/12\/Wholesale-Disposable-Vape-265x300.jpg\" alt=\"Veleprodaja Vape za Enkratno Uporabo\" width=\"265\" height=\"300\" srcset=\"https:\/\/vapestornado.com\/wp-content\/uploads\/2024\/12\/Wholesale-Disposable-Vape-265x300.jpg 265w, https:\/\/vapestornado.com\/wp-content\/uploads\/2024\/12\/Wholesale-Disposable-Vape-768x871.jpg 768w, https:\/\/vapestornado.com\/wp-content\/uploads\/2024\/12\/Wholesale-Disposable-Vape-600x680.jpg 600w, https:\/\/vapestornado.com\/wp-content\/uploads\/2024\/12\/Wholesale-Disposable-Vape.jpg 823w\" sizes=\"(max-width: 265px) 100vw, 265px\" \/><\/p>\n<h6>Za Zni\u017eano Ceno se Obrnite na Mandy na WhatsApp<a href=\"https:\/\/wa.me\/8618077105796\" target=\"_blank\" rel=\"noopener\">+8618077105796<\/a><\/h6>\n<p>&nbsp;<\/p>\n<h3>Zna\u010dilnosti izdelka<\/h3>\n<ul>\n<li><strong>20 ml e-teko\u010dine<\/strong>: Zagotavlja izjemen okus in do 12.000 vdihov.<\/li>\n<li><strong>550mAh polnilna baterija<\/strong>: Zagotavlja dolgotrajno mo\u010d s hitrim polnjenjem Type-C.<\/li>\n<li><strong>6 RGB lu\u010di<\/strong>: Izbolj\u0161ajte svojo izku\u0161njo vapinga s hladnim in elegantnim sijajem.<\/li>\n<li><strong>Stikalo za nadzor pretoka zraka<\/strong>: Enostavno prilagodite intenzivnost pare svojim \u017eeljam.<\/li>\n<li><strong>Kompaktno in vzdr\u017eljivo<\/strong>: Popolno za uporabo na poti z elegantnim, vrhunskim dizajnom.<\/li>\n<\/ul>\n<h4><strong>Okusi Fumot 12000<\/strong><\/h4>\n<p>1 Hladen mentol<br \/>\n2 Ledena lubenica<br \/>\n3 Ledeno grozdje<br \/>\n4 Borovnica Malina<br \/>\n5 Jagoda Lubenica<br \/>\n6 Jagoda Banana<br \/>\n7 Bujni led<br \/>\n8 \u010ce\u0161nja<br \/>\n9 Jagodni led<br \/>\n10 Ledena lizika<br \/>\n11 Roza limonada<br \/>\n12 Mango na ledu<br \/>\n13 Me\u0161ano jagodi\u010devje<br \/>\n14 Jagodni krof<br \/>\n15 Jagoda Grozdje<br \/>\n16 \u010ce\u0161njeva Cola<br \/>\n17 Dr. blue<br \/>\n18 Borovnica na ledu<br \/>\n19 Kivi marakuja guava<br \/>\n20 Jagoda kivi<br \/>\n21 Breskev mango<br \/>\n22 Breskev led<br \/>\n23 Rde\u010de jabolko led<br \/>\n24 Borovni\u010dni \u017eve\u010dilni gumi<br \/>\n25 Jagodna limonada<br \/>\n26 Blue razz limonada<br \/>\n27 Bluesour malina<br \/>\n28 Jagoda Red bull<br \/>\n29 Jabol\u010dna jagodna eksplozija<br \/>\n30 Lubeni\u010dni \u017eve\u010dilni gumi<br \/>\n31 Malinova lubenica<br \/>\n32 \u010crni led<br \/>\n33 Borovnica \u010de\u0161nja brusnica<br \/>\n34 Jagodni granatno jabolko<br \/>\n35 Vimto<br \/>\n36 \u010ce\u0161nja jagoda<br \/>\n37 Limona<br \/>\n38 Bingo Crush<br \/>\n39 Borovnica kivi<br \/>\n40 Jabolko cimet<\/p>\n<p>&nbsp;<\/p>\n<h3>Pogosto zastavljena vpra\u0161anja o Fumot Digital Box 12000 Puffs za enkratno uporabo<\/h3>\n<p><strong>V: Ali so vape naprave Fumot visoke kakovosti?<\/strong><br \/>\n<strong>A:<\/strong> Da, naprave Fumot so znane po svoji vrhunski kakovosti in izjemni zmogljivosti. Opremljene so z napredno tehnologijo za zagotavljanje doslednega okusa, zadovoljive izku\u0161nje vapinga in impresivnega \u0161tevila vdihov, zaradi \u010desar so zanesljiva izbira za navdu\u0161ence nad vapingom.<\/p>\n<p><strong>V: Kako dolgo traja vape randm z 12.000 vdihi?<\/strong><br \/>\n<strong>A:<\/strong> Trajanje je odvisno od individualnih navad uporabe. Za te\u017eke uporabnike lahko traja ve\u010d tednov, medtem ko je za zmerne uporabnike lahko zadostno za en do dva meseca. Lahki uporabniki bi lahko potencialno u\u017eivali v svoji napravi do tri mesece, zaradi \u010desar je idealna za tiste, ki imajo raje dolgotrajno mo\u017enost vapinga brez pogostih zamenjav.<\/p>\n<p><strong>V: Kak\u0161na je cena vape naprave Fumot z 12.000 vdihi?<\/strong><br \/>\n<strong>A:<\/strong> Cena za vape z 12.000 vdihi se razlikuje glede na blagovno znamko, funkcije in prodajalca. Obi\u010dajno se v Sloveniji giblje med 15 in 30 \u20ac. Na ceno lahko vplivajo tudi sezonski popusti, razpolo\u017eljivost in razli\u010dice modelov.<\/p>\n<p><strong>V: Koliko nikotina je v 12.000-vdihnem vapu?<\/strong><br \/>\n<strong>A:<\/strong> Fumot Digital Box ponuja ve\u010d mo\u017enosti jakosti nikotina, vklju\u010dno z 0%, 2%, 3% in 5%. Ta raznolikost uporabnikom omogo\u010da, da izberejo raven, ki ustreza njihovim \u017eeljam in navadam vapinga.<\/p>\n<p><strong>V: Koliko \u010dasa traja polnjenje Fumot vapa?<\/strong><br \/>\n<strong>A:<\/strong> \u010cas polnjenja za Fumot vape je pribli\u017eno 1 do 2 uri, odvisno od kapacitete baterije naprave in vrste polnilnika. Funkcija hitrega polnjenja zagotavlja minimalen \u010das izpada, tako da lahko uporabniki hitro nadaljujejo z vapingom.<\/p>\n<p>&nbsp;<\/p>\n<h3>Razlogi za izbiro veleprodajne cene <a href=\"https:\/\/vapestornado.com\/sl\/product\/fumot-digital-box-12000-puffs-cheap-price-disposable-vape\/\">Fumot Digital Box 12000 vpihov<\/a> Vape za enkratno uporabo pri <a href=\"https:\/\/vapestornado.com\/sl\/store\/\">vapestornado<\/a><\/h3>\n<ol>\n<li><strong>Visoko \u0161tevilo vpihov za dolgo \u017eivljenjsko dobo<\/strong><br \/>\nZ impresivno kapaciteto 12.000 vpihov ta naprava zagotavlja podalj\u0161ano uporabo, kar je idealno za tiste, ki i\u0161\u010dejo dolgotrajen vape brez pogostih zamenjav.<\/li>\n<li><strong>Prilagodljive mo\u017enosti nikotina<\/strong><br \/>\nNa voljo v jakostih nikotina 0%, 2%, 3% in 5%, Fumot Digital Box ustreza \u0161irokemu spektru preferenc, ne glede na to, ali i\u0161\u010dete izku\u0161njo brez nikotina ali mo\u010dnej\u0161o.<\/li>\n<li><strong>Kompaktna zasnova z naprednimi funkcijami<\/strong><br \/>\nElegantna, lahka zasnova je zdru\u017eena s sodobnimi funkcijami, kot sta nadzor pretoka zraka in 6 RGB lu\u010di, kar zagotavlja funkcionalnost in slog.<\/li>\n<li><strong>Priro\u010dna polnilna baterija<\/strong><br \/>\nOpremljen s 550mAh polnilno baterijo in priklju\u010dkom za polnjenje tipa C, ponuja hitro polnjenje, kar zmanj\u0161uje \u010das izpada na minimum.<\/li>\n<li><strong>Ugodna cena<\/strong><br \/>\nFumot Digital Box ponuja vrhunske funkcije po konkuren\u010dni ceni in zagotavlja odli\u010dno vrednost za tiste, ki i\u0161\u010dejo cenovno ugodno in visoko zmogljivo re\u0161itev za vaping.<\/li>\n<\/ol>","protected":false},"excerpt":{"rendered":"<p>Odkrijte neverjetne ponudbe za vape za ponovno polnjenje Fumot Digital Box 12000. Stopite v stik \u0161e danes in si zagotovite svoj poseben popust!<strong>(MOQ je 50 kosov)<\/strong><\/p>\n<figure id=\"attachment_2951\" aria-describedby=\"caption-attachment-2951\" style=\"width: 265px\" class=\"wp-caption alignnone\"><img fetchpriority=\"high\" decoding=\"async\" class=\"size-medium wp-image-2951\" src=\"https:\/\/vapestornado.com\/wp-content\/uploads\/2024\/12\/Wholesale-Disposable-Vape-265x300.jpg\" alt=\"Veleprodaja Vape za Enkratno Uporabo\" width=\"265\" height=\"300\" srcset=\"https:\/\/vapestornado.com\/wp-content\/uploads\/2024\/12\/Wholesale-Disposable-Vape-265x300.jpg 265w, https:\/\/vapestornado.com\/wp-content\/uploads\/2024\/12\/Wholesale-Disposable-Vape-768x871.jpg 768w, https:\/\/vapestornado.com\/wp-content\/uploads\/2024\/12\/Wholesale-Disposable-Vape-600x680.jpg 600w, https:\/\/vapestornado.com\/wp-content\/uploads\/2024\/12\/Wholesale-Disposable-Vape.jpg 823w\" sizes=\"(max-width: 265px) 100vw, 265px\" \/><figcaption id=\"caption-attachment-2951\" class=\"wp-caption-text\">Za Zni\u017eano Ceno se Obrnite na Mandy na WhatsApp<a href=\"https:\/\/wa.me\/8618077105796\">+8618077105796<\/a><\/figcaption><\/figure>","protected":false},"featured_media":2943,"comment_status":"open","ping_status":"closed","template":"","meta":{"_acf_changed":false,"_uag_custom_page_level_css":"","_lmt_disableupdate":"no","_lmt_disable":"","_monsterinsights_skip_tracking":false,"_monsterinsights_sitenote_active":false,"_monsterinsights_sitenote_note":"","_monsterinsights_sitenote_category":0,"site-sidebar-layout":"default","site-content-layout":"","ast-site-content-layout":"default","site-content-style":"default","site-sidebar-style":"default","ast-global-header-display":"","ast-banner-title-visibility":"","ast-main-header-display":"","ast-hfb-above-header-display":"","ast-hfb-below-header-display":"","ast-hfb-mobile-header-display":"","site-post-title":"","ast-breadcrumbs-content":"","ast-featured-img":"","footer-sml-layout":"","ast-disable-related-posts":"","theme-transparent-header-meta":"default","adv-header-id-meta":"","stick-header-meta":"","header-above-stick-meta":"","header-main-stick-meta":"","header-below-stick-meta":"","astra-migrate-meta-layouts":"set","ast-page-background-enabled":"default","ast-page-background-meta":{"desktop":{"background-color":"","background-image":"","background-repeat":"repeat","background-position":"center center","background-size":"auto","background-attachment":"scroll","background-type":"","background-media":"","overlay-type":"","overlay-color":"","overlay-opacity":"","overlay-gradient":""},"tablet":{"background-color":"","background-image":"","background-repeat":"repeat","background-position":"center center","background-size":"auto","background-attachment":"scroll","background-type":"","background-media":"","overlay-type":"","overlay-color":"","overlay-opacity":"","overlay-gradient":""},"mobile":{"background-color":"","background-image":"","background-repeat":"repeat","background-position":"center center","background-size":"auto","background-attachment":"scroll","background-type":"","background-media":"","overlay-type":"","overlay-color":"","overlay-opacity":"","overlay-gradient":""}},"ast-content-background-meta":{"desktop":{"background-color":"var(--ast-global-color-5)","background-image":"","background-repeat":"repeat","background-position":"center center","background-size":"auto","background-attachment":"scroll","background-type":"","background-media":"","overlay-type":"","overlay-color":"","overlay-opacity":"","overlay-gradient":""},"tablet":{"background-color":"var(--ast-global-color-5)","background-image":"","background-repeat":"repeat","background-position":"center center","background-size":"auto","background-attachment":"scroll","background-type":"","background-media":"","overlay-type":"","overlay-color":"","overlay-opacity":"","overlay-gradient":""},"mobile":{"background-color":"var(--ast-global-color-5)","background-image":"","background-repeat":"repeat","background-position":"center center","background-size":"auto","background-attachment":"scroll","background-type":"","background-media":"","overlay-type":"","overlay-color":"","overlay-opacity":"","overlay-gradient":""}},"_joinchat":{"telephone":"+8618077105796"}},"product_brand":[],"product_cat":[72,154,155,142,58],"product_tag":[82,98],"class_list":{"0":"post-2926","1":"product","2":"type-product","3":"status-publish","4":"has-post-thumbnail","6":"product_cat-12000-puff","7":"product_cat-buy-disposable-vapes-in-netherlands","8":"product_cat-buy-disposable-vapes-in-norway","9":"product_cat-digital-box-disposable-vapes","10":"product_cat-fumot-vape","11":"product_tag-fumot-digital-box-12000-puffs","12":"product_tag-wholesale-price-disposable-vape","13":"desktop-align-left","14":"tablet-align-left","15":"mobile-align-left","17":"first","18":"instock","19":"sale","20":"shipping-taxable","21":"purchasable","22":"product-type-simple"},"acf":[],"uagb_featured_image_src":{"full":["https:\/\/vapestornado.com\/wp-content\/uploads\/2024\/12\/Fumot-Digital-Box-12000-Puffs-Grape-Ice.jpg",800,800,false],"thumbnail":["https:\/\/vapestornado.com\/wp-content\/uploads\/2024\/12\/Fumot-Digital-Box-12000-Puffs-Grape-Ice-150x150.jpg",150,150,true],"medium":["https:\/\/vapestornado.com\/wp-content\/uploads\/2024\/12\/Fumot-Digital-Box-12000-Puffs-Grape-Ice-300x300.jpg",300,300,true],"medium_large":["https:\/\/vapestornado.com\/wp-content\/uploads\/2024\/12\/Fumot-Digital-Box-12000-Puffs-Grape-Ice-768x768.jpg",768,768,true],"large":["https:\/\/vapestornado.com\/wp-content\/uploads\/2024\/12\/Fumot-Digital-Box-12000-Puffs-Grape-Ice.jpg",800,800,false],"1536x1536":["https:\/\/vapestornado.com\/wp-content\/uploads\/2024\/12\/Fumot-Digital-Box-12000-Puffs-Grape-Ice.jpg",800,800,false],"2048x2048":["https:\/\/vapestornado.com\/wp-content\/uploads\/2024\/12\/Fumot-Digital-Box-12000-Puffs-Grape-Ice.jpg",800,800,false],"trp-custom-language-flag":["https:\/\/vapestornado.com\/wp-content\/uploads\/2024\/12\/Fumot-Digital-Box-12000-Puffs-Grape-Ice.jpg",12,12,false],"woocommerce_thumbnail":["https:\/\/vapestornado.com\/wp-content\/uploads\/2024\/12\/Fumot-Digital-Box-12000-Puffs-Grape-Ice-300x300.jpg",300,300,true],"woocommerce_single":["https:\/\/vapestornado.com\/wp-content\/uploads\/2024\/12\/Fumot-Digital-Box-12000-Puffs-Grape-Ice-600x600.jpg",600,600,true],"woocommerce_gallery_thumbnail":["https:\/\/vapestornado.com\/wp-content\/uploads\/2024\/12\/Fumot-Digital-Box-12000-Puffs-Grape-Ice-100x100.jpg",100,100,true]},"uagb_author_info":{"display_name":"ESMANDY","author_link":"https:\/\/vapestornado.com\/sl\/author\/"},"uagb_comment_info":0,"uagb_excerpt":"Discover unbeatable deals on the Fumot Digital Box 12000 puff Rechargeable Vape. Reach out today to secure your special discount!(MOQ is 50pcs) [caption id=\"attachment_2951\" align=\"alignnone\" width=\"265\"] Pls Contact Mandy's WhatsApp For Discount Price+8618077105796[\/caption]","_links":{"self":[{"href":"https:\/\/vapestornado.com\/sl\/wp-json\/wp\/v2\/product\/2926","targetHints":{"allow":["GET"]}}],"collection":[{"href":"https:\/\/vapestornado.com\/sl\/wp-json\/wp\/v2\/product"}],"about":[{"href":"https:\/\/vapestornado.com\/sl\/wp-json\/wp\/v2\/types\/product"}],"replies":[{"embeddable":true,"href":"https:\/\/vapestornado.com\/sl\/wp-json\/wp\/v2\/comments?post=2926"}],"wp:featuredmedia":[{"embeddable":true,"href":"https:\/\/vapestornado.com\/sl\/wp-json\/wp\/v2\/media\/2943"}],"wp:attachment":[{"href":"https:\/\/vapestornado.com\/sl\/wp-json\/wp\/v2\/media?parent=2926"}],"wp:term":[{"taxonomy":"product_brand","embeddable":true,"href":"https:\/\/vapestornado.com\/sl\/wp-json\/wp\/v2\/product_brand?post=2926"},{"taxonomy":"product_cat","embeddable":true,"href":"https:\/\/vapestornado.com\/sl\/wp-json\/wp\/v2\/product_cat?post=2926"},{"taxonomy":"product_tag","embeddable":true,"href":"https:\/\/vapestornado.com\/sl\/wp-json\/wp\/v2\/product_tag?post=2926"}],"curies":[{"name":"wp","href":"https:\/\/api.w.org\/{rel}","templated":true}]}}