{"id":2922,"date":"2024-12-02T03:41:29","date_gmt":"2024-12-02T03:41:29","guid":{"rendered":"https:\/\/vapestornado.com\/?post_type=product&#038;p=2922"},"modified":"2025-10-31T09:41:30","modified_gmt":"2025-10-31T09:41:30","slug":"fumot-randm-tornado-15000-puffs-rechargeable-disposable-vape-wholesale","status":"publish","type":"product","link":"https:\/\/vapestornado.com\/sl\/product\/fumot-randm-tornado-15000-puffs-rechargeable-disposable-vape-wholesale\/","title":{"rendered":"Fumot RandM Tornado 15000 Puffs Polnilni Vape za Enkratno Uporabo na Debelo"},"content":{"rendered":"<h1 class=\"product-title\">Fumot RandM Tornado 15000 Puffs Polnilni Vape za Enkratno Uporabo na Debelo<\/h1>\n<p data-start=\"0\" data-end=\"528\">The <strong data-start=\"4\" data-end=\"55\">Fumot RandM Tornado 15000 Vpihov Vape za enkratno uporabo<\/strong> je zmogljiv <strong data-start=\"70\" data-end=\"82\">15K vapor<\/strong> zgrajen za zmogljivost, zanesljivost in vrednost. Vsaka <strong data-start=\"135\" data-end=\"158\">RandM Tornado 15000<\/strong> enota zagotavlja do <strong data-start=\"179\" data-end=\"195\">15.000 vdihov<\/strong> s ogromnim <strong data-start=\"211\" data-end=\"235\">22 ml prednapolnjen rezervoar<\/strong>, ponuja izjemno dolgo \u017eivljenjsko dobo za prodajalce na debelo in veleprodajne trgovce, ki i\u0161\u010dejo izdelke z visoko povpra\u0161evanjem. Z natan\u010dnostjo zasnovan, ta <strong data-start=\"355\" data-end=\"375\">15K Tornado vapor<\/strong> zagotavlja dosledno proizvodnjo pare in bogat okus, zaradi \u010desar je eden najbolj priljubljenih <strong data-start=\"473\" data-end=\"495\">tornado vapor 15000<\/strong> modelov na evropskem trgu.<\/p>\n<p data-start=\"530\" data-end=\"866\">Opremljen z <strong data-start=\"547\" data-end=\"578\">850 mAh baterijo za ponovno polnjenje<\/strong> in <strong data-start=\"583\" data-end=\"607\">hitro polnjenje Type-C<\/strong>, naprava minimizira \u010das izpada in hkrati ohranja stabilen izhod skozi celotno sejo. The <strong data-start=\"700\" data-end=\"720\">mre\u017eastim sistemom grelne spirale<\/strong> pove\u010duje intenzivnost okusa in gladkost pare, medtem ko <strong data-start=\"779\" data-end=\"797\">LED indikatorji<\/strong> obve\u0161\u010da uporabnike o stanju e-tekline in baterije na prvi pogled.<\/p>\n<p data-start=\"868\" data-end=\"1247\" data-is-last-node=\"\" data-is-only-node=\"\">Na voljo v <strong data-start=\"881\" data-end=\"910\">2% in 5% nikotinskih mo\u017enostih<\/strong> z ve\u010d kot <strong data-start=\"926\" data-end=\"940\">45 okusov<\/strong>, je <strong data-start=\"946\" data-end=\"966\">Fumot vapor 15000<\/strong> ustreza tako ob\u010dasnim uporabnikom kot tudi te\u017ekim vaperjem. Kompaktna, elegantna in enostavna za prena\u0161anje, je popoln dodatek v katerikoli veleprodajni katalog. Za distributerje po vsej Sloveniji, <strong data-start=\"1132\" data-end=\"1166\">RandM Tornado 15000 Vdihljajev Vape<\/strong> nudi vrhunsko zmogljivost, raznolikost okusov in neprekosljive veleprodajne cene.<\/p>\n<p>&nbsp;<\/p>\n<p><strong>Dodajte Amy na Whatsapp in prejmite takoj\u0161en odgovor ter kupon za vape!<\/strong><\/p>\n<p><img fetchpriority=\"high\" decoding=\"async\" class=\"size-full wp-image-2932\" src=\"https:\/\/vapestornado.com\/wp-content\/uploads\/2024\/12\/Vape-Wholesale.jpg\" alt=\"Vape Veleprodaja\" width=\"229\" height=\"300\" \/><\/p>\n<h3><a href=\"https:\/\/wa.me\/8617776015835\" target=\"_blank\" rel=\"noopener\"><span style=\"color: #ff0000;\"><strong>WhatsApp: +386 17776015835<\/strong><\/span><\/a><\/h3>\n<p>&nbsp;<\/p>\n<h2><strong>Lastnosti izdelka RandM Tornado 15000<\/strong><\/h2>\n<p>\u0160tevilo vdihov: Do 15000 vdihov.<br \/>\nKapaciteta baterije: 850mAh polnilna baterija<br \/>\nHitro polnjenje: USB TyeC<br \/>\nLED indikator baterije in nivoja teko\u010dine.<br \/>\nMre\u017easta tuljava<br \/>\nNa voljo je 45 okusov.<br \/>\nNikotin: 2% 5%<br \/>\nKompakten<\/p>\n<h2 class=\"product-title\"><strong>Seznam okusov vapinga RandM 15k<\/strong><\/h2>\n<p>1.Modra malinova limonada<br \/>\n2.Breskev na ledu<br \/>\n3.Kislo jabolko<br \/>\n4.Lubenica Led<br \/>\n5.Borovnica na ledu<br \/>\n6. Borovnica Malina<br \/>\n7.Ananas na ledu<br \/>\n8.\u010ce\u0161nja<br \/>\n9. Jagodni Led<br \/>\n10.Vimto<br \/>\n11.Grozdje na ledu<br \/>\n12.Kola na ledu<br \/>\n13.Jagoda Lubenica<br \/>\n14.Ro\u017enata limonada<br \/>\n15.Me\u0161ano jagodi\u010devje<br \/>\n16.Breskev Mango<br \/>\n17.Zmajev sade\u017e<br \/>\n18.Jagoda grozdje<br \/>\n19.Gospod Modri<br \/>\n20.Bujni led<br \/>\n21.Ledena lizika<br \/>\n22.Jagoda kivi<br \/>\n23.Kivi pasijonka guave<br \/>\n24.Trojna Jagoda<br \/>\n25.Banana Led<br \/>\n26.Breskev Borovnica Sladkarije<br \/>\n27.Jabolko Breskev Hru\u0161ka<br \/>\n28.Jagodna Limonada<br \/>\n29.Modra Malina \u010ce\u0161nja<br \/>\n30.Borovni\u010dev \u017dve\u010dilni Gumi<br \/>\n31.Borovnica \u010ce\u0161nja Brusnica<br \/>\n32.Borovnica Granatno Jabolko<br \/>\n33.Modra Kisla Malina<br \/>\n34.\u010ce\u0161njeva Kola<br \/>\n35.Gumijasti Medo<br \/>\n36.Limona<br \/>\n37.Mango Na Ledu<br \/>\n38.Rde\u010di Energijski Led<br \/>\n39.Jagoda Banana<br \/>\n40.Jagoda Red Bull<br \/>\n41.Jagoda Lubenica Limonada<br \/>\n42.LedenI \u010caj Limona Led<br \/>\n43.LedenI \u010caj Breskev Led<br \/>\n44.Pene\u010da \u010de\u0161nja<br \/>\n45.Skittles<\/p>\n<h3>Zakaj izbrati vapestornado za veleprodajo Fumot 15k Tornado Vape?<\/h3>\n<div class=\"flex-shrink-0 flex flex-col relative items-end\">\n<div class=\"pt-0\">\n<div class=\"gizmo-bot-avatar flex h-8 w-8 items-center justify-center overflow-hidden rounded-full\">\n<div class=\"relative p-1 rounded-sm flex items-center justify-center bg-token-main-surface-primary text-token-text-primary h-8 w-8\">\n<p>Dobrodo\u0161li pri vapestornado, va\u0161em zaupanja vrednem spletnem trgovcu za vrhunske enkratne vape. Z ve\u010d kot 5 leti strokovnosti vam predstavljamo priljubljene blagovne znamke enkratnih vape-ov, kot so <a href=\"https:\/\/vapestornado.com\/sl\/product\/jnr-ragegorilla-55000-puffs-55k-vape-disposables-42ml-2-nicotine-wholesale-price\/\">JNR Vape<\/a>, Vapme, Bang Vape, Waspe Vape, in <a href=\"https:\/\/vapestornado.com\/sl\/product\/original-wga-ultra-35k-35000-puff-rechargeable-crystal-disposable-nicotine-vape-best-discount-price\/\">WGA Vape<\/a>, itd.<\/p>\n<p>Na\u0161a ponudba vklju\u010duje vro\u010de prodajane vejpe, kot sta RandM Tornado 15000, in bogate okusne izbire, kot je WASPE Double Flavor 40000 Puffs. Vsak izdelek je izbran s poudarkom na kakovosti, vrednosti in raznolikosti, kar zagotavlja, da boste na\u0161li popolno ujemanje za svoje potrebe. Odkrijte izjemno storitev in \u0161iroko paleto vrhunskih izdelkov pri vapestornado.<\/p>\n<\/div>\n<h3><\/h3>\n<div class=\"relative p-1 rounded-sm flex items-center justify-center bg-token-main-surface-primary text-token-text-primary h-8 w-8\">\n<h3>Pogosta vpra\u0161anja za RandM 15k vejpe za enkratno uporabo<\/h3>\n<\/div>\n<\/div>\n<\/div>\n<\/div>\n<div class=\"flex-shrink-0 flex flex-col relative items-end\">\n<div class=\"pt-0\">\n<div class=\"gizmo-bot-avatar flex h-8 w-8 items-center justify-center overflow-hidden rounded-full\">\n<div class=\"relative p-1 rounded-sm flex items-center justify-center bg-token-main-surface-primary text-token-text-primary h-8 w-8\"><\/div>\n<\/div>\n<\/div>\n<\/div>\n<div class=\"group\/conversation-turn relative flex w-full min-w-0 flex-col agent-turn\">\n<div class=\"flex-col gap-1 md:gap-3\">\n<div class=\"flex max-w-full flex-col flex-grow\">\n<div class=\"min-h-8 text-message flex w-full flex-col items-end gap-2 whitespace-normal break-words [.text-message+&amp;]:mt-5\" dir=\"auto\" data-message-author-role=\"assistant\" data-message-id=\"db716a1c-9ed0-4b8d-b3b0-7bdb913c3d42\" data-message-model-slug=\"gpt-4o\">\n<div class=\"flex w-full flex-col gap-1 empty:hidden first:pt-[3px]\">\n<div class=\"markdown prose w-full break-words dark:prose-invert light\">\n<p><strong>Kje kupiti vejpe RandM Tornado 15000 po veleprodajni ceni v Sloveniji<\/strong><br \/>\nZa nakup vejpe RandM Tornado 15000 po veleprodajnih cenah v Sloveniji se obrnite na poobla\u0161\u010dene veleprodajne distributerje vejpev ali spletne dobavitelje, specializirane za izdelke RandM Vape. Zagotovite, da so v skladu z lokalnimi predpisi in ponujajo pristne izdelke.<\/p>\n<p><strong>Koliko vdihov zagotavlja Fumot Vape 15k?<\/strong><br \/>\nFumot Vape 15k ponuja do 15.000 vdihov, kar zagotavlja izjemno dolgo \u017eivljenjsko dobo za dolgotrajno uporabo.<\/p>\n<p><strong>Kako dolgo traja priljubljen RandM 15000 vejpe za enkratno uporabo?<\/strong><br \/>\nTrajanje RandM 15000 je odvisno od navad uporabnika. Za zmerne uporabnike obi\u010dajno traja dva do tri tedne, zahvaljujo\u010d visoki zmogljivosti vdihov in polnilni zasnovi.<\/p>\n<p><strong>Kateri so priljubljeni okusi za \u0161katlo za enkratno uporabo Fumot 15k Puffs?<\/strong><br \/>\nPriljubljeni okusi za Fumot 15k vklju\u010dujejo sadne mo\u017enosti, kot so Mango led, jagodna lubenica in borovnica malina, pa tudi hladne mentolove me\u0161anice in profile, ki jih navdihujejo sladice.<\/p>\n<p><strong>Kako dolgo traja polnjenje RandM 15k polnilnega vejpe?<\/strong><br \/>\nPolnjenje RandM 15k polnilnega vejpe traja pribli\u017eno 1-2 uri z uporabo USB Type-C priklju\u010dka za hitro polnjenje, kar zagotavlja hitro in u\u010dinkovito obnovo energije.<\/p>\n<p><strong>Koliko nikotina je v RandM Tornado 15000 vdihov vejpah za enkratno uporabo?<\/strong><br \/>\nRandM Tornado 15000 ponuja prilagodljivo izku\u0161njo nikotina, z mo\u010dmi, ki segajo do 50 mg, odvisno od razli\u010dice, kar ustreza razli\u010dnim \u017eeljam uporabnikov.<\/p>\n<\/div>\n<\/div>\n<\/div>\n<\/div>\n<\/div>\n<\/div>","protected":false},"excerpt":{"rendered":"<p>Najbolj\u0161i okusi RandM Tornado 15000 Puffs Najni\u017eja cena<br \/>\nFumot RandM 15000 Puffs Disposable Vape Veleprodaja<br \/>\nRandM Tornado 15000 Polnilni vape za enkratno uporabo Cena za nakup v razsutem stanju<\/p>\n<p><strong>Dodajte Amy na WhatsApp in prejmite takoj\u0161en odgovor ter kupon za vape!<\/strong><\/p>\n<p><img fetchpriority=\"high\" decoding=\"async\" class=\"size-full wp-image-2932\" src=\"https:\/\/vapestornado.com\/wp-content\/uploads\/2024\/12\/Vape-Wholesale.jpg\" alt=\"Vape Veleprodaja\" width=\"229\" height=\"300\" \/><\/p>\n<h3><a href=\"https:\/\/wa.me\/8617776015835\"><span style=\"color: #ff0000;\"><strong>WhatsApp: +386 17776015835<\/strong><\/span><\/a><\/h3>\n<p>&nbsp;<\/p>","protected":false},"featured_media":2929,"comment_status":"open","ping_status":"closed","template":"","meta":{"_acf_changed":false,"_uag_custom_page_level_css":"","_lmt_disableupdate":"no","_lmt_disable":"","_monsterinsights_skip_tracking":false,"_monsterinsights_sitenote_active":false,"_monsterinsights_sitenote_note":"","_monsterinsights_sitenote_category":0,"site-sidebar-layout":"default","site-content-layout":"","ast-site-content-layout":"default","site-content-style":"default","site-sidebar-style":"default","ast-global-header-display":"","ast-banner-title-visibility":"","ast-main-header-display":"","ast-hfb-above-header-display":"","ast-hfb-below-header-display":"","ast-hfb-mobile-header-display":"","site-post-title":"","ast-breadcrumbs-content":"","ast-featured-img":"","footer-sml-layout":"","ast-disable-related-posts":"","theme-transparent-header-meta":"default","adv-header-id-meta":"","stick-header-meta":"","header-above-stick-meta":"","header-main-stick-meta":"","header-below-stick-meta":"","astra-migrate-meta-layouts":"set","ast-page-background-enabled":"default","ast-page-background-meta":{"desktop":{"background-color":"","background-image":"","background-repeat":"repeat","background-position":"center center","background-size":"auto","background-attachment":"scroll","background-type":"","background-media":"","overlay-type":"","overlay-color":"","overlay-opacity":"","overlay-gradient":""},"tablet":{"background-color":"","background-image":"","background-repeat":"repeat","background-position":"center center","background-size":"auto","background-attachment":"scroll","background-type":"","background-media":"","overlay-type":"","overlay-color":"","overlay-opacity":"","overlay-gradient":""},"mobile":{"background-color":"","background-image":"","background-repeat":"repeat","background-position":"center center","background-size":"auto","background-attachment":"scroll","background-type":"","background-media":"","overlay-type":"","overlay-color":"","overlay-opacity":"","overlay-gradient":""}},"ast-content-background-meta":{"desktop":{"background-color":"var(--ast-global-color-5)","background-image":"","background-repeat":"repeat","background-position":"center center","background-size":"auto","background-attachment":"scroll","background-type":"","background-media":"","overlay-type":"","overlay-color":"","overlay-opacity":"","overlay-gradient":""},"tablet":{"background-color":"var(--ast-global-color-5)","background-image":"","background-repeat":"repeat","background-position":"center center","background-size":"auto","background-attachment":"scroll","background-type":"","background-media":"","overlay-type":"","overlay-color":"","overlay-opacity":"","overlay-gradient":""},"mobile":{"background-color":"var(--ast-global-color-5)","background-image":"","background-repeat":"repeat","background-position":"center center","background-size":"auto","background-attachment":"scroll","background-type":"","background-media":"","overlay-type":"","overlay-color":"","overlay-opacity":"","overlay-gradient":""}},"_joinchat":{"telephone":"+8617776015835"}},"product_brand":[],"product_cat":[71,140,149,150,152,157,58],"product_tag":[414,415,79,416,81,80,77,78,214],"class_list":{"0":"post-2922","1":"product","2":"type-product","3":"status-publish","4":"has-post-thumbnail","6":"product_cat-15000-puff","7":"product_cat-big-puffs-disposable-vapes","8":"product_cat-buy-disposable-vapes-in-austria","9":"product_cat-buy-disposable-vapes-in-belgium","10":"product_cat-buy-disposable-vapes-in-cermany","11":"product_cat-buy-disposable-vapes-in-portugal","12":"product_cat-fumot-vape","13":"product_tag-15k-tornado-vape","14":"product_tag-15k-vape","15":"product_tag-fumot-15k","16":"product_tag-fumot-vape-15000","17":"product_tag-randm-15000","18":"product_tag-randm-15k","19":"product_tag-randm-tornado-15000","20":"product_tag-randm-vape","21":"product_tag-tornado-vape-15000","22":"desktop-align-left","23":"tablet-align-left","24":"mobile-align-left","26":"first","27":"instock","28":"sale","29":"shipping-taxable","30":"purchasable","31":"product-type-simple"},"acf":[],"uagb_featured_image_src":{"full":["https:\/\/vapestornado.com\/wp-content\/uploads\/2024\/12\/RandM-15000-Tornado-Vape-Wholesale.jpg",1182,1182,false],"thumbnail":["https:\/\/vapestornado.com\/wp-content\/uploads\/2024\/12\/RandM-15000-Tornado-Vape-Wholesale-150x150.jpg",150,150,true],"medium":["https:\/\/vapestornado.com\/wp-content\/uploads\/2024\/12\/RandM-15000-Tornado-Vape-Wholesale-300x300.jpg",300,300,true],"medium_large":["https:\/\/vapestornado.com\/wp-content\/uploads\/2024\/12\/RandM-15000-Tornado-Vape-Wholesale-768x768.jpg",768,768,true],"large":["https:\/\/vapestornado.com\/wp-content\/uploads\/2024\/12\/RandM-15000-Tornado-Vape-Wholesale-1024x1024.jpg",1024,1024,true],"1536x1536":["https:\/\/vapestornado.com\/wp-content\/uploads\/2024\/12\/RandM-15000-Tornado-Vape-Wholesale.jpg",1182,1182,false],"2048x2048":["https:\/\/vapestornado.com\/wp-content\/uploads\/2024\/12\/RandM-15000-Tornado-Vape-Wholesale.jpg",1182,1182,false],"trp-custom-language-flag":["https:\/\/vapestornado.com\/wp-content\/uploads\/2024\/12\/RandM-15000-Tornado-Vape-Wholesale.jpg",12,12,false],"woocommerce_thumbnail":["https:\/\/vapestornado.com\/wp-content\/uploads\/2024\/12\/RandM-15000-Tornado-Vape-Wholesale-300x300.jpg",300,300,true],"woocommerce_single":["https:\/\/vapestornado.com\/wp-content\/uploads\/2024\/12\/RandM-15000-Tornado-Vape-Wholesale-600x600.jpg",600,600,true],"woocommerce_gallery_thumbnail":["https:\/\/vapestornado.com\/wp-content\/uploads\/2024\/12\/RandM-15000-Tornado-Vape-Wholesale-100x100.jpg",100,100,true]},"uagb_author_info":{"display_name":"ESAMY","author_link":"https:\/\/vapestornado.com\/sl\/author\/"},"uagb_comment_info":1,"uagb_excerpt":"Best RandM Tornado 15000 Puffs Flavours Lowest Price Fumot RandM 15000 Puffs Disposable Vape Wholesale RandM Tornado 15000 Rechargeable Disposable Vape Bulk Buy Price Add Amy's whatsapp get right reply and vape vape coupon! WhatsApp: +86 17776015835 &nbsp;","_links":{"self":[{"href":"https:\/\/vapestornado.com\/sl\/wp-json\/wp\/v2\/product\/2922","targetHints":{"allow":["GET"]}}],"collection":[{"href":"https:\/\/vapestornado.com\/sl\/wp-json\/wp\/v2\/product"}],"about":[{"href":"https:\/\/vapestornado.com\/sl\/wp-json\/wp\/v2\/types\/product"}],"replies":[{"embeddable":true,"href":"https:\/\/vapestornado.com\/sl\/wp-json\/wp\/v2\/comments?post=2922"}],"wp:featuredmedia":[{"embeddable":true,"href":"https:\/\/vapestornado.com\/sl\/wp-json\/wp\/v2\/media\/2929"}],"wp:attachment":[{"href":"https:\/\/vapestornado.com\/sl\/wp-json\/wp\/v2\/media?parent=2922"}],"wp:term":[{"taxonomy":"product_brand","embeddable":true,"href":"https:\/\/vapestornado.com\/sl\/wp-json\/wp\/v2\/product_brand?post=2922"},{"taxonomy":"product_cat","embeddable":true,"href":"https:\/\/vapestornado.com\/sl\/wp-json\/wp\/v2\/product_cat?post=2922"},{"taxonomy":"product_tag","embeddable":true,"href":"https:\/\/vapestornado.com\/sl\/wp-json\/wp\/v2\/product_tag?post=2922"}],"curies":[{"name":"wp","href":"https:\/\/api.w.org\/{rel}","templated":true}]}}