{"id":2784,"date":"2024-11-12T10:04:17","date_gmt":"2024-11-12T10:04:17","guid":{"rendered":"https:\/\/vapestornado.com\/?page_id=2784"},"modified":"2024-11-12T10:04:19","modified_gmt":"2024-11-12T10:04:19","slug":"payment-methods-at-vapestornado","status":"publish","type":"page","link":"https:\/\/vapestornado.com\/sl\/payment-methods-at-vapestornado\/","title":{"rendered":"Na\u010dini pla\u010dila pri vapestornado"},"content":{"rendered":"<p>Hvala, ker ste izbrali <strong>vapestornado<\/strong>, va\u0161o zaupanja vredno spletno trgovino za vrhunske e-cigarete za enkratno uporabo. Z dolgoletnimi izku\u0161njami v panogi smo ponosni, da ponujamo \u0161irok izbor vrhunskih blagovnih znamk in po\u0161iljamo na\u0161e izdelke po vsem svetu v razli\u010dne dr\u017eave. Zavezani smo k temu, da vam zagotovimo varno, priro\u010dno in brezhibno nakupovalno izku\u0161njo.<\/p>\n\n\n\n<p>Sprejemamo naslednje na\u010dine pla\u010dila:<\/p>\n\n\n\n<ol class=\"wp-block-list\">\n<li><strong>PayPal<\/strong>: U\u017eivajte v varnem in enostavnem pla\u010devanju prek PayPal-a za va\u0161a naro\u010dila. <em>(velja 20 % DDV)<\/em><\/li>\n\n\n\n<li><strong>Kreditna kartica<\/strong>: Sprejemamo ve\u010dje kreditne kartice, kar zagotavlja preprost postopek nakupa. <em>(velja 20 % DDV)<\/em><\/li>\n\n\n\n<li><strong>Ban\u010dno nakazilo<\/strong>: Za tradicionalna pla\u010dila so na voljo ban\u010dna nakazila. <em>(brez DDV)<\/em><\/li>\n\n\n\n<li><strong>Kriptovaluta<\/strong>: Ponujamo pla\u010dila s kriptovalutami za moderno, v prihodnost usmerjeno mo\u017enost pla\u010dila. <em>(brez DDV)<\/em><\/li>\n\n\n\n<li><strong>Wise nakazilo<\/strong>: Uporabite Wise za u\u010dinkovite in stro\u0161kovno ugodne storitve nakazil. <em>(brez DDV)<\/em><\/li>\n<\/ol>\n\n\n\n<p>\u010ce imate kakr\u0161na koli posebna vpra\u0161anja ali zahteve glede pla\u010dila, vam je na\u0161a ekipa za pomo\u010d strankam vedno na voljo. Tukaj smo, da zagotovimo, da bo va\u0161a nakupovalna izku\u0161nja pri vapestornado gladka in varna!<\/p>\n\n\n\n<p><\/p>","protected":false},"excerpt":{"rendered":"<p>Hvala, ker ste izbrali vapestornado, va\u0161o zaupanja vredno spletno trgovino za vrhunske izdelke za vape za enkratno uporabo. Z dolgoletnimi izku\u0161njami v panogi smo ponosni, da ponujamo \u0161irok izbor vrhunskih blagovnih znamk in po\u0161iljamo na\u0161e izdelke po vsem svetu v razli\u010dne dr\u017eave. Zavezani smo k zagotavljanju varne, priro\u010dne in brezhibne nakupovalne izku\u0161nje.<\/p>","protected":false},"author":1,"featured_media":0,"parent":0,"menu_order":0,"comment_status":"closed","ping_status":"closed","template":"","meta":{"_acf_changed":false,"_uag_custom_page_level_css":"","_lmt_disableupdate":"","_lmt_disable":"","_monsterinsights_skip_tracking":false,"_monsterinsights_sitenote_active":false,"_monsterinsights_sitenote_note":"","_monsterinsights_sitenote_category":0,"site-sidebar-layout":"default","site-content-layout":"","ast-site-content-layout":"default","site-content-style":"default","site-sidebar-style":"default","ast-global-header-display":"","ast-banner-title-visibility":"","ast-main-header-display":"","ast-hfb-above-header-display":"","ast-hfb-below-header-display":"","ast-hfb-mobile-header-display":"","site-post-title":"","ast-breadcrumbs-content":"","ast-featured-img":"","footer-sml-layout":"","ast-disable-related-posts":"","theme-transparent-header-meta":"","adv-header-id-meta":"","stick-header-meta":"","header-above-stick-meta":"","header-main-stick-meta":"","header-below-stick-meta":"","astra-migrate-meta-layouts":"set","ast-page-background-enabled":"default","ast-page-background-meta":{"desktop":{"background-color":"","background-image":"","background-repeat":"repeat","background-position":"center center","background-size":"auto","background-attachment":"scroll","background-type":"","background-media":"","overlay-type":"","overlay-color":"","overlay-opacity":"","overlay-gradient":""},"tablet":{"background-color":"","background-image":"","background-repeat":"repeat","background-position":"center center","background-size":"auto","background-attachment":"scroll","background-type":"","background-media":"","overlay-type":"","overlay-color":"","overlay-opacity":"","overlay-gradient":""},"mobile":{"background-color":"","background-image":"","background-repeat":"repeat","background-position":"center center","background-size":"auto","background-attachment":"scroll","background-type":"","background-media":"","overlay-type":"","overlay-color":"","overlay-opacity":"","overlay-gradient":""}},"ast-content-background-meta":{"desktop":{"background-color":"var(--ast-global-color-5)","background-image":"","background-repeat":"repeat","background-position":"center center","background-size":"auto","background-attachment":"scroll","background-type":"","background-media":"","overlay-type":"","overlay-color":"","overlay-opacity":"","overlay-gradient":""},"tablet":{"background-color":"var(--ast-global-color-5)","background-image":"","background-repeat":"repeat","background-position":"center center","background-size":"auto","background-attachment":"scroll","background-type":"","background-media":"","overlay-type":"","overlay-color":"","overlay-opacity":"","overlay-gradient":""},"mobile":{"background-color":"var(--ast-global-color-5)","background-image":"","background-repeat":"repeat","background-position":"center center","background-size":"auto","background-attachment":"scroll","background-type":"","background-media":"","overlay-type":"","overlay-color":"","overlay-opacity":"","overlay-gradient":""}},"_joinchat":[],"footnotes":""},"class_list":["post-2784","page","type-page","status-publish","hentry"],"acf":[],"uagb_featured_image_src":{"full":false,"thumbnail":false,"medium":false,"medium_large":false,"large":false,"1536x1536":false,"2048x2048":false,"trp-custom-language-flag":false,"woocommerce_thumbnail":false,"woocommerce_single":false,"woocommerce_gallery_thumbnail":false},"uagb_author_info":{"display_name":"yannazhan@gmail.com","author_link":"https:\/\/vapestornado.com\/sl\/author\/yannazhangmail-com\/"},"uagb_comment_info":0,"uagb_excerpt":"Thank you for choosing vapestornado, your trusted online store for premium disposable vape products. With years of expertise in the industry, we are proud to offer a wide selection of top brands and ship our products globally to various countries. We are committed to providing you with a secure, convenient, and seamless shopping experience. We&hellip;","_links":{"self":[{"href":"https:\/\/vapestornado.com\/sl\/wp-json\/wp\/v2\/pages\/2784","targetHints":{"allow":["GET"]}}],"collection":[{"href":"https:\/\/vapestornado.com\/sl\/wp-json\/wp\/v2\/pages"}],"about":[{"href":"https:\/\/vapestornado.com\/sl\/wp-json\/wp\/v2\/types\/page"}],"author":[{"embeddable":true,"href":"https:\/\/vapestornado.com\/sl\/wp-json\/wp\/v2\/users\/1"}],"replies":[{"embeddable":true,"href":"https:\/\/vapestornado.com\/sl\/wp-json\/wp\/v2\/comments?post=2784"}],"version-history":[{"count":1,"href":"https:\/\/vapestornado.com\/sl\/wp-json\/wp\/v2\/pages\/2784\/revisions"}],"predecessor-version":[{"id":2785,"href":"https:\/\/vapestornado.com\/sl\/wp-json\/wp\/v2\/pages\/2784\/revisions\/2785"}],"wp:attachment":[{"href":"https:\/\/vapestornado.com\/sl\/wp-json\/wp\/v2\/media?parent=2784"}],"curies":[{"name":"wp","href":"https:\/\/api.w.org\/{rel}","templated":true}]}}