{"id":2776,"date":"2024-11-12T09:55:46","date_gmt":"2024-11-12T09:55:46","guid":{"rendered":"https:\/\/vapestornado.com\/?page_id=2776"},"modified":"2024-11-12T09:55:48","modified_gmt":"2024-11-12T09:55:48","slug":"terms-conditions","status":"publish","type":"page","link":"https:\/\/vapestornado.com\/sl\/terms-conditions\/","title":{"rendered":"Pogoji uporabe"},"content":{"rendered":"<p>Dobrodo\u0161li na vapestornado! Z dostopom do na\u0161ega spletnega mesta in njegovo uporabo se strinjate, da boste upo\u0161tevali naslednje pogoje in dolo\u010dila, skupaj z veljavnimi zakoni. \u010ce se s temi pogoji ne strinjate, ne uporabljajte na\u0161ega spletnega mesta. Z nakupom na na\u0161em spletnem mestu se strinjate s pogoji.<\/p>\n\n\n\n<p><strong>Mednarodna naro\u010dila<\/strong><\/p>\n\n\n\n<p>vapestornado ima sede\u017e v Hong Kongu in deluje globalno. Stranke, ki nakupujejo pri nas in jim po\u0161iljamo v dr\u017eave izven Hong Konga, se \u0161tejejo za mednarodne stranke. Pred nakupom se prepri\u010dajte, da razumete predpise va\u0161e dr\u017eave glede posedovanja, uvoza, izvoza in uporabe izdelkov za uparjanje. Dodatne politike za posamezne dr\u017eave so navedene v na\u0161ih politikah po\u0161iljanja, vra\u010dil in garancije.<\/p>\n\n\n\n<p><strong>Avtorske pravice<\/strong><\/p>\n\n\n\n<p>Vsa vsebina na tem spletnem mestu, vklju\u010dno z besedilom, grafikami in kodo, je avtorsko za\u0161\u010ditena kot kolektivno delo v skladu z zakoni o avtorskih pravicah. To kolektivno delo vklju\u010duje dela, licencirana za vapestornado. Avtorske pravice 2022, vapestornado. Vse pravice pridr\u017eane. Elektronsko lahko kopirate in natisnete dele tega spletnega mesta izklju\u010dno za namen oddaje naro\u010dila pri vapestornado ali nakupa izdelkov vapestornado. Vsaka druga uporaba, vklju\u010dno z reprodukcijo, distribucijo, prikazovanjem ali prenosom vsebine spletnega mesta, je strogo prepovedana brez izrecnega dovoljenja dru\u017ebe vapestornado Inc.<\/p>\n\n\n\n<p><strong>Blagovne znamke<\/strong><\/p>\n\n\n\n<p>Vse blagovne znamke, storitvene znamke in trgovska imena, uporabljena na spletnem mestu, so blagovne znamke ali registrirane blagovne znamke dru\u017ebe vapestornado.<\/p>\n\n\n\n<p><strong>Izjava o omejitvi odgovornosti v zvezi z garancijo<\/strong><\/p>\n\n\n\n<p>Na\u0161e spletno mesto ter materiali in izdelki, ki so na voljo, so ponujeni \"tak\u0161ni, kot so\", brez kakr\u0161nih koli jamstev, bodisi izrecnih ali implicitnih. vapestornado zavra\u010da vsa jamstva, vklju\u010dno s prodajnostjo, primernostjo za dolo\u010den namen in nekr\u0161itvijo. Ne jam\u010dimo, da bodo funkcije spletnega mesta neprekinjene ali brez napak ali da bodo morebitne napake odpravljene. Prav tako ne jam\u010dimo za to\u010dnost, pravo\u010dasnost ali zanesljivost materialov na spletnem mestu.<\/p>\n\n\n\n<p><strong>Omejitev odgovornosti<\/strong><\/p>\n\n\n\n<p>vapestornado ne odgovarja za kakr\u0161no koli posebno ali posledi\u010dno \u0161kodo, ki bi nastala zaradi uporabe materialov na tem spletnem mestu ali delovanja izdelkov, tudi \u010de je bila obve\u0161\u010dena o mo\u017enosti tak\u0161ne \u0161kode. Nekatere jurisdikcije ne dovoljujejo omejitev garancij ali izklju\u010ditev odgovornosti za posledi\u010dno \u0161kodo, zato te omejitve morda ne veljajo za vas.<\/p>\n\n\n\n<p><strong>Prekinitev<\/strong><\/p>\n\n\n\n<p>Ti pogoji veljajo za vas ob dostopu do spletnega mesta ali ob zaklju\u010dku katerega koli postopka registracije ali nakupovanja. vapestornado lahko kadar koli in iz katerega koli razloga prekli\u010de te pogoje ali kateri koli njihov del brez predhodnega obvestila. Dolo\u010dene dolo\u010dbe, vklju\u010dno z avtorskimi pravicami, blagovnimi znamkami, izjavo o omejitvi odgovornosti, omejitvijo odgovornosti, od\u0161kodnino in razli\u010dnim, pre\u017eivijo prenehanje veljavnosti.<\/p>\n\n\n\n<p><strong>Obvestilo<\/strong><\/p>\n\n\n\n<p>vapestornado vas lahko obvesti po e-po\u0161ti, z splo\u0161nim obvestilom na spletnem mestu ali z drugimi zanesljivimi metodami z uporabo kontaktnih podatkov, ki ste jih posredovali.<\/p>\n\n\n\n<p><strong>Razno<\/strong><\/p>\n\n\n\n<p>Va\u0161o uporabo tega spletnega mesta urejajo zakoni Hong Konga, ne glede na dolo\u010dbe o izbiri zakona. Vsi pravni postopki, povezani s tem spletnim mestom, se vodijo na sodi\u0161\u010dih v Hong Kongu. Vse zahtevke, povezane s spletnim mestom, je treba vlo\u017eiti v enem letu od nastanka zahtevka. \u010ce vapestornado ne uveljavlja katere koli dolo\u010dbe teh pogojev, to ne pomeni odpovedi nobeni pravici. vapestornado lahko brez obvestila prenese svoje pravice in obveznosti iz te pogodbe.<\/p>\n\n\n\n<p><strong>Uporaba spletnega mesta<\/strong><\/p>\n\n\n\n<p>Nadlegovanje v kakr\u0161ni koli obliki na spletnem mestu je prepovedano. Ne smete nalagati sporne vsebine ali nagovarjati drugih za komercialne storitve. vapestornado si pridr\u017euje pravico, da po lastni presoji blokira ali odstrani neprimerno vsebino.<\/p>\n\n\n\n<p><strong>Izjava o omejitvi odgovornosti pri sodelovanju<\/strong><\/p>\n\n\n\n<p>vapestornado ni odgovoren za vsebino, ki jo ustvarijo uporabniki na spletnem mestu. Delujemo kot posrednik za distribucijo in si pridr\u017eujemo pravico, da odstranimo kakr\u0161no koli sporno gradivo.<\/p>\n\n\n\n<p><strong>Uporaba izdelkov<\/strong><\/p>\n\n\n\n<p>vapestornado ne daje nobenih trditev glede u\u010dinkovitosti na\u0161ih izdelkov za kakr\u0161no koli specifi\u010dno uporabo. Z nakupom na\u0161ih izdelkov se strinjate, da jih uporabljate na lastno odgovornost. Nikotinski izdelki so namenjeni samo odraslim. Pred uporabo nikotinskih izdelkov se posvetujte z zdravnikom.<\/p>\n\n\n\n<p><strong>Od\u0161kodnina<\/strong><\/p>\n\n\n\n<p>Strinjate se, da boste vapestornado in njegove ponudnike storitev za\u0161\u010ditili pred vsemi izgubami, stro\u0161ki, po\u0161kodbami in stro\u0161ki, ki izhajajo iz kr\u0161itve teh pogojev ali dejavnosti, povezanih z va\u0161im ra\u010dunom.<\/p>\n\n\n\n<p><strong>Povezave tretjih oseb<\/strong><\/p>\n\n\n\n<p>vapestornado lahko za udobje obiskovalcev ponuja povezave do spletnih mest tretjih oseb. Nimamo nadzora nad temi spletnimi mesti in nismo odgovorni za njihove prakse.<\/p>\n\n\n\n<p><strong>Izjava o omejitvi odgovornosti za izdelek<\/strong><\/p>\n\n\n\n<p>Nekateri izdelki imajo lahko posebne izjave o omejitvi odgovornosti glede upravi\u010denosti do zamenjav ali povra\u010dil. Pred nakupom preberite vse izjave o omejitvi odgovornosti za izdelek. S strinjanjem z na\u0161imi pogoji in dolo\u010dili na blagajni potrjujete, da ste prebrali in razumeli vse izjave o omejitvi odgovornosti za izdelek.<\/p>\n\n\n\n<p>Hvala, ker ste izbrali vapestornado!<\/p>","protected":false},"excerpt":{"rendered":"<p>Welcome to vapestornado! By accessing and using our website, you agree to comply with the following terms and conditions, along with applicable laws. If you do not agree with these terms, please do not use our site. By making a purchase on our website, you agree to the Terms &amp; Conditions below, as well as [&hellip;]<\/p>","protected":false},"author":1,"featured_media":0,"parent":0,"menu_order":0,"comment_status":"closed","ping_status":"closed","template":"","meta":{"_acf_changed":false,"_uag_custom_page_level_css":"","_lmt_disableupdate":"","_lmt_disable":"","_monsterinsights_skip_tracking":false,"_monsterinsights_sitenote_active":false,"_monsterinsights_sitenote_note":"","_monsterinsights_sitenote_category":0,"site-sidebar-layout":"default","site-content-layout":"","ast-site-content-layout":"default","site-content-style":"default","site-sidebar-style":"default","ast-global-header-display":"","ast-banner-title-visibility":"","ast-main-header-display":"","ast-hfb-above-header-display":"","ast-hfb-below-header-display":"","ast-hfb-mobile-header-display":"","site-post-title":"","ast-breadcrumbs-content":"","ast-featured-img":"","footer-sml-layout":"","ast-disable-related-posts":"","theme-transparent-header-meta":"","adv-header-id-meta":"","stick-header-meta":"","header-above-stick-meta":"","header-main-stick-meta":"","header-below-stick-meta":"","astra-migrate-meta-layouts":"set","ast-page-background-enabled":"default","ast-page-background-meta":{"desktop":{"background-color":"","background-image":"","background-repeat":"repeat","background-position":"center center","background-size":"auto","background-attachment":"scroll","background-type":"","background-media":"","overlay-type":"","overlay-color":"","overlay-opacity":"","overlay-gradient":""},"tablet":{"background-color":"","background-image":"","background-repeat":"repeat","background-position":"center center","background-size":"auto","background-attachment":"scroll","background-type":"","background-media":"","overlay-type":"","overlay-color":"","overlay-opacity":"","overlay-gradient":""},"mobile":{"background-color":"","background-image":"","background-repeat":"repeat","background-position":"center center","background-size":"auto","background-attachment":"scroll","background-type":"","background-media":"","overlay-type":"","overlay-color":"","overlay-opacity":"","overlay-gradient":""}},"ast-content-background-meta":{"desktop":{"background-color":"var(--ast-global-color-5)","background-image":"","background-repeat":"repeat","background-position":"center center","background-size":"auto","background-attachment":"scroll","background-type":"","background-media":"","overlay-type":"","overlay-color":"","overlay-opacity":"","overlay-gradient":""},"tablet":{"background-color":"var(--ast-global-color-5)","background-image":"","background-repeat":"repeat","background-position":"center center","background-size":"auto","background-attachment":"scroll","background-type":"","background-media":"","overlay-type":"","overlay-color":"","overlay-opacity":"","overlay-gradient":""},"mobile":{"background-color":"var(--ast-global-color-5)","background-image":"","background-repeat":"repeat","background-position":"center center","background-size":"auto","background-attachment":"scroll","background-type":"","background-media":"","overlay-type":"","overlay-color":"","overlay-opacity":"","overlay-gradient":""}},"_joinchat":[],"footnotes":""},"class_list":["post-2776","page","type-page","status-publish","hentry"],"acf":[],"uagb_featured_image_src":{"full":false,"thumbnail":false,"medium":false,"medium_large":false,"large":false,"1536x1536":false,"2048x2048":false,"trp-custom-language-flag":false,"woocommerce_thumbnail":false,"woocommerce_single":false,"woocommerce_gallery_thumbnail":false},"uagb_author_info":{"display_name":"yannazhan@gmail.com","author_link":"https:\/\/vapestornado.com\/sl\/author\/yannazhangmail-com\/"},"uagb_comment_info":0,"uagb_excerpt":"Welcome to vapestornado! By accessing and using our website, you agree to comply with the following terms and conditions, along with applicable laws. If you do not agree with these terms, please do not use our site. By making a purchase on our website, you agree to the Terms &amp; Conditions below, as well as&hellip;","_links":{"self":[{"href":"https:\/\/vapestornado.com\/sl\/wp-json\/wp\/v2\/pages\/2776","targetHints":{"allow":["GET"]}}],"collection":[{"href":"https:\/\/vapestornado.com\/sl\/wp-json\/wp\/v2\/pages"}],"about":[{"href":"https:\/\/vapestornado.com\/sl\/wp-json\/wp\/v2\/types\/page"}],"author":[{"embeddable":true,"href":"https:\/\/vapestornado.com\/sl\/wp-json\/wp\/v2\/users\/1"}],"replies":[{"embeddable":true,"href":"https:\/\/vapestornado.com\/sl\/wp-json\/wp\/v2\/comments?post=2776"}],"version-history":[{"count":1,"href":"https:\/\/vapestornado.com\/sl\/wp-json\/wp\/v2\/pages\/2776\/revisions"}],"predecessor-version":[{"id":2777,"href":"https:\/\/vapestornado.com\/sl\/wp-json\/wp\/v2\/pages\/2776\/revisions\/2777"}],"wp:attachment":[{"href":"https:\/\/vapestornado.com\/sl\/wp-json\/wp\/v2\/media?parent=2776"}],"curies":[{"name":"wp","href":"https:\/\/api.w.org\/{rel}","templated":true}]}}