{"id":2772,"date":"2024-11-12T09:48:42","date_gmt":"2024-11-12T09:48:42","guid":{"rendered":"https:\/\/vapestornado.com\/?page_id=2772"},"modified":"2024-11-12T09:52:13","modified_gmt":"2024-11-12T09:52:13","slug":"vapestornado-shipping-policy","status":"publish","type":"page","link":"https:\/\/vapestornado.com\/sl\/vapestornado-shipping-policy\/","title":{"rendered":"Politika po\u0161iljanja vapestornado"},"content":{"rendered":"<ol class=\"wp-block-list\">\n<li><strong>\u010cas obdelave in po\u0161iljanja:<\/strong><br>Naro\u010dila se obdelajo in odpo\u0161ljejo v 1-3 delovnih dneh. \u010cas dostave obi\u010dajno traja od 7 do 15 delovnih dni. Upo\u0161tevajte, da ne po\u0161iljamo ob koncih tedna.<\/li>\n\n\n\n<li><strong>Informacije o sledenju:<\/strong><br>Ko je va\u0161e naro\u010dilo odposlano, boste prejeli e-po\u0161to z informacijami o sledenju. Svojo po\u0161iljko lahko sledite z uporabo \u0161tevilke za sledenje na <a href=\"https:\/\/www.17track.net\/en\" target=\"_blank\" rel=\"noopener\">https:\/\/www.17track.net\/en<\/a>. Po odpremi po\u010dakajte 1-2 dni, da se prika\u017eejo posodobitve sledenja.<\/li>\n\n\n\n<li><strong>Preklic naro\u010dila ali spremembe naslova:<\/strong><br>Naro\u010dilo lahko prekli\u010dete ali posodobite naslov za dostavo kadar koli, preden je va\u0161e naro\u010dilo odposlano. Ko pa je bilo odposlano, ne moremo obdelati povra\u010dil ali sprememb naslova.<\/li>\n\n\n\n<li><strong>Po\u0161iljanje z vklju\u010denimi dajatvami (DDP):<\/strong><br>Za izbrane dr\u017eave ponujamo po\u0161iljanje DDP, kar pomeni, da vam ne bo treba urejati carinjenja ali pla\u010dati dajatev.<ul><li><strong>Slovenija<\/strong> \u2013 UPS Express<\/li><li><strong>UK<\/strong> \u2013 Lokalni DPD Express<\/li><li><strong>Evropa<\/strong> \u2013 UPS Express\/DPD Express\/DHL Express<\/li><\/ul><strong>Dr\u017eave, ki so upravi\u010dene do DDP v Evropi<\/strong> vklju\u010dujejo: Nem\u010dijo, Belgijo, Luksemburg, Nizozemsko, \u010ce\u0161ko, Poljsko, Hrva\u0161ko, Slova\u0161ko, Slovenijo, Finsko, Dansko, \u0160vedsko, Avstrijo, Francijo, Italijo, Mad\u017earsko, Bolgarijo, Litvo, Estonijo, Latvijo, Gr\u010dijo, Irsko, Portugalsko in \u0160panijo.<\/li>\n\n\n\n<li><strong>Prosimo, upo\u0161tevajte:<\/strong> Za po\u0161iljke na Finsko, \u0160vedsko, Dansko, Norve\u0161ko, Islandijo, v \u0160vico in Srbijo obstaja tveganje sekundarnega carinjenja. \u010ce lokalna carina med pregledom zase\u017ee blago, zavarovanje carinjenja ne bo pokrilo izgube.<\/li>\n<\/ol>\n\n\n\n<p>Hvala, ker ste za svoje potrebe po vapingu izbrali vapestornado!<\/p>\n\n\n\n<hr class=\"wp-block-separator has-alpha-channel-opacity\"\/>\n\n\n\n<p><strong>\u010cas po\u0161iljanja Puff za dolo\u010dene dr\u017eave<\/strong><\/p>\n\n\n\n<figure class=\"wp-block-table\"><table class=\"has-fixed-layout\"><thead><tr><th>Dr\u017eava<\/th><th>Na\u010din po\u0161iljanja<\/th><th>\u010cas po\u0161iljanja<\/th><\/tr><\/thead><tbody><tr><td>Slovenija<\/td><td>Lokalni UPS Ground<\/td><td>10-15 dni<\/td><\/tr><tr><td>UK<\/td><td>Lokalni DPD Express<\/td><td>7-12 dni<\/td><\/tr><tr><td>Sloveniji<\/td><td>UPS\/DPD\/DHL<\/td><td>8-13 dni<\/td><\/tr><tr><td>Franciji<\/td><td>UPS\/DPD\/DHL<\/td><td>8-13 dni<\/td><\/tr><tr><td>Belgiji<\/td><td>UPS\/DPD\/DHL<\/td><td>8-13 dni<\/td><\/tr><tr><td>Luksemburg<\/td><td>UPS\/DPD\/DHL<\/td><td>8-13 dni<\/td><\/tr><tr><td>Nizozemski<\/td><td>UPS\/DPD\/DHL<\/td><td>8-13 dni<\/td><\/tr><tr><td>\u010ce\u0161ka<\/td><td>UPS\/DPD\/DHL<\/td><td>8-13 dni<\/td><\/tr><tr><td>Poljski<\/td><td>UPS\/DPD\/DHL<\/td><td>8-13 dni<\/td><\/tr><tr><td>Hrva\u0161ka<\/td><td>UPS\/DPD\/DHL<\/td><td>8-13 dni<\/td><\/tr><tr><td>Slova\u0161ka<\/td><td>UPS\/DPD\/DHL<\/td><td>8-13 dni<\/td><\/tr><tr><td>Slovenija<\/td><td>UPS\/DPD\/DHL<\/td><td>8-13 dni<\/td><\/tr><tr><td>Finska<\/td><td>UPS\/DPD\/DHL<\/td><td>8-13 dni<\/td><\/tr><tr><td>Danska<\/td><td>UPS\/DPD\/DHL<\/td><td>8-13 dni<\/td><\/tr><tr><td>\u0160vedski<\/td><td>UPS\/DPD\/DHL<\/td><td>8-13 dni<\/td><\/tr><tr><td>Avstrija<\/td><td>UPS\/DPD\/DHL<\/td><td>8-13 dni<\/td><\/tr><tr><td>Italiji<\/td><td>UPS\/DPD\/DHL<\/td><td>8-13 dni<\/td><\/tr><tr><td>Mad\u017earska<\/td><td>UPS\/DPD\/DHL<\/td><td>8-13 dni<\/td><\/tr><tr><td>Litva<\/td><td>UPS\/DPD\/DHL<\/td><td>8-13 dni<\/td><\/tr><tr><td>Estonija<\/td><td>UPS\/DPD\/DHL<\/td><td>8-13 dni<\/td><\/tr><tr><td>Latvija<\/td><td>UPS\/DPD\/DHL<\/td><td>8-13 dni<\/td><\/tr><tr><td>Gr\u010dijo<\/td><td>UPS\/DPD\/DHL<\/td><td>8-13 dni<\/td><\/tr><tr><td>Irska<\/td><td>UPS\/DPD\/DHL<\/td><td>8-13 dni<\/td><\/tr><tr><td>Portugalska<\/td><td>UPS\/DPD\/DHL<\/td><td>8-13 dni<\/td><\/tr><tr><td>\u0160paniji<\/td><td>UPS\/DPD\/DHL<\/td><td>8-13 dni<\/td><\/tr><tr><td>ZAE (Dubaj)<\/td><td>Namenska linija Dubaj<\/td><td>12-18 dni<\/td><\/tr><tr><td>Ju\u017ena Afrika<\/td><td>Namenska linija za Ju\u017eno Afriko<\/td><td>15-25 dni<\/td><\/tr><tr><td>Vietnam<\/td><td>Namenska linija za Vietnam<\/td><td>3-5 dni<\/td><\/tr><tr><td>Zahodna Malezija<\/td><td>Namenska linija za Malezijo<\/td><td>4-8 dni<\/td><\/tr><\/tbody><\/table><\/figure>\n\n\n\n<p><\/p>","protected":false},"excerpt":{"rendered":"<p>Hvala, ker ste za svoje potrebe po vapingu izbrali vapestornado! \u010cas po\u0161iljanja Puff za dolo\u010dene dr\u017eave Dr\u017eava Na\u010din po\u0161iljanja \u010cas po\u0161iljanja Slovenija Lokalni UPS Ground 10-15 dni Velika Britanija Lokalni DPD Express 7-12 dni Nem\u010dija UPS\/DPD\/DHL 8-13 dni Francija UPS\/DPD\/DHL 8-13 dni Belgija UPS\/DPD\/DHL 8-13 dni Luksemburg UPS\/DPD\/DHL 8-13 dni Nizozemska UPS\/DPD\/DHL 8-13 dni \u010ce\u0161ka UPS\/DPD\/DHL [\u2026]<\/p>","protected":false},"author":1,"featured_media":0,"parent":0,"menu_order":0,"comment_status":"closed","ping_status":"closed","template":"","meta":{"_acf_changed":false,"_uag_custom_page_level_css":"","_lmt_disableupdate":"","_lmt_disable":"","_monsterinsights_skip_tracking":false,"_monsterinsights_sitenote_active":false,"_monsterinsights_sitenote_note":"","_monsterinsights_sitenote_category":0,"site-sidebar-layout":"default","site-content-layout":"","ast-site-content-layout":"default","site-content-style":"default","site-sidebar-style":"default","ast-global-header-display":"","ast-banner-title-visibility":"","ast-main-header-display":"","ast-hfb-above-header-display":"","ast-hfb-below-header-display":"","ast-hfb-mobile-header-display":"","site-post-title":"","ast-breadcrumbs-content":"","ast-featured-img":"","footer-sml-layout":"","ast-disable-related-posts":"","theme-transparent-header-meta":"","adv-header-id-meta":"","stick-header-meta":"","header-above-stick-meta":"","header-main-stick-meta":"","header-below-stick-meta":"","astra-migrate-meta-layouts":"set","ast-page-background-enabled":"default","ast-page-background-meta":{"desktop":{"background-color":"","background-image":"","background-repeat":"repeat","background-position":"center center","background-size":"auto","background-attachment":"scroll","background-type":"","background-media":"","overlay-type":"","overlay-color":"","overlay-opacity":"","overlay-gradient":""},"tablet":{"background-color":"","background-image":"","background-repeat":"repeat","background-position":"center center","background-size":"auto","background-attachment":"scroll","background-type":"","background-media":"","overlay-type":"","overlay-color":"","overlay-opacity":"","overlay-gradient":""},"mobile":{"background-color":"","background-image":"","background-repeat":"repeat","background-position":"center center","background-size":"auto","background-attachment":"scroll","background-type":"","background-media":"","overlay-type":"","overlay-color":"","overlay-opacity":"","overlay-gradient":""}},"ast-content-background-meta":{"desktop":{"background-color":"var(--ast-global-color-5)","background-image":"","background-repeat":"repeat","background-position":"center center","background-size":"auto","background-attachment":"scroll","background-type":"","background-media":"","overlay-type":"","overlay-color":"","overlay-opacity":"","overlay-gradient":""},"tablet":{"background-color":"var(--ast-global-color-5)","background-image":"","background-repeat":"repeat","background-position":"center center","background-size":"auto","background-attachment":"scroll","background-type":"","background-media":"","overlay-type":"","overlay-color":"","overlay-opacity":"","overlay-gradient":""},"mobile":{"background-color":"var(--ast-global-color-5)","background-image":"","background-repeat":"repeat","background-position":"center center","background-size":"auto","background-attachment":"scroll","background-type":"","background-media":"","overlay-type":"","overlay-color":"","overlay-opacity":"","overlay-gradient":""}},"_joinchat":[],"footnotes":""},"class_list":["post-2772","page","type-page","status-publish","hentry"],"acf":[],"uagb_featured_image_src":{"full":false,"thumbnail":false,"medium":false,"medium_large":false,"large":false,"1536x1536":false,"2048x2048":false,"trp-custom-language-flag":false,"woocommerce_thumbnail":false,"woocommerce_single":false,"woocommerce_gallery_thumbnail":false},"uagb_author_info":{"display_name":"yannazhan@gmail.com","author_link":"https:\/\/vapestornado.com\/sl\/author\/yannazhangmail-com\/"},"uagb_comment_info":0,"uagb_excerpt":"Thank you for choosing vapestornado for your vaping needs! Puff Shipping Times for Specific Countries Country Shipping Method Shipping Time USA Local UPS Ground 10-15 Days UK Local DPD Express 7-12 Days Germany UPS\/DPD\/DHL 8-13 Days France UPS\/DPD\/DHL 8-13 Days Belgium UPS\/DPD\/DHL 8-13 Days Luxembourg UPS\/DPD\/DHL 8-13 Days Netherlands UPS\/DPD\/DHL 8-13 Days Czech Republic UPS\/DPD\/DHL&hellip;","_links":{"self":[{"href":"https:\/\/vapestornado.com\/sl\/wp-json\/wp\/v2\/pages\/2772","targetHints":{"allow":["GET"]}}],"collection":[{"href":"https:\/\/vapestornado.com\/sl\/wp-json\/wp\/v2\/pages"}],"about":[{"href":"https:\/\/vapestornado.com\/sl\/wp-json\/wp\/v2\/types\/page"}],"author":[{"embeddable":true,"href":"https:\/\/vapestornado.com\/sl\/wp-json\/wp\/v2\/users\/1"}],"replies":[{"embeddable":true,"href":"https:\/\/vapestornado.com\/sl\/wp-json\/wp\/v2\/comments?post=2772"}],"version-history":[{"count":3,"href":"https:\/\/vapestornado.com\/sl\/wp-json\/wp\/v2\/pages\/2772\/revisions"}],"predecessor-version":[{"id":2775,"href":"https:\/\/vapestornado.com\/sl\/wp-json\/wp\/v2\/pages\/2772\/revisions\/2775"}],"wp:attachment":[{"href":"https:\/\/vapestornado.com\/sl\/wp-json\/wp\/v2\/media?parent=2772"}],"curies":[{"name":"wp","href":"https:\/\/api.w.org\/{rel}","templated":true}]}}