{"id":2769,"date":"2024-11-12T09:44:18","date_gmt":"2024-11-12T09:44:18","guid":{"rendered":"https:\/\/vapestornado.com\/?page_id=2769"},"modified":"2024-11-12T09:45:01","modified_gmt":"2024-11-12T09:45:01","slug":"refund-policy","status":"publish","type":"page","link":"https:\/\/vapestornado.com\/sl\/refund-policy\/","title":{"rendered":"Politika vra\u010dil"},"content":{"rendered":"<p>Hvala vam za nakup pri vapestornado. Prosimo, pozorno preglejte na\u0161o politiko vra\u010dil:<\/p>\n\n\n\n<p><strong>Zahteve za povra\u010dilo v 24 urah:<\/strong><br>Zahtevo za povra\u010dilo lahko vlo\u017eite v 24 urah po oddaji naro\u010dila. Takoj nas kontaktirajte, da prejmete celotno povra\u010dilo.<\/p>\n\n\n\n<p><strong>Zahteve za povra\u010dilo po 24 urah:<\/strong><br>Za naro\u010dila, oddana pred ve\u010d kot 24 urami, celotno povra\u010dilo morda ne bo mogo\u010de, saj so naro\u010dila obi\u010dajno pripravljena za carino. V teh primerih lahko zagotovimo delno povra\u010dilo do 50 % zneska naro\u010dila zaradi stro\u0161kov odpoklica paketa.<\/p>\n\n\n\n<p><strong>Brez povra\u010dila po odpremi:<\/strong><br>Ko je va\u0161 paket odposlan in je izdana \u0161tevilka za sledenje, ne boste ve\u010d upravi\u010deni do povra\u010dila.<\/p>\n\n\n\n<p><strong>Zavarovanje in carinska vpra\u0161anja:<\/strong><br>Vsi paketi so zavarovani. \u010ce va\u0161 paket zadr\u017ei carina in ni spro\u0161\u010den, bomo izdali celotno povra\u010dilo.<\/p>\n\n\n\n<p><strong>Nepravilen naslov ali te\u017eave z dostavo:<\/strong><br>\u010ce paketa ni mogo\u010de dostaviti zaradi nepravilnega naslova ali drugih te\u017eav, povezanih s stranko, je stranka odgovorna za stro\u0161ke ponovnega po\u0161iljanja.<\/p>\n\n\n\n<p>Za vsa vpra\u0161anja ali pomisleke glede na\u0161e politike vra\u010dil se obrnite na na\u0161o ekipo za podporo strankam na vapestornado.<\/p>\n\n\n\n<p><\/p>","protected":false},"excerpt":{"rendered":"<p>Hvala, ker nakupujete pri vapestornado. Prosimo, da natan\u010dno preberete na\u0161o politiko vra\u010dil: Zahteve za povra\u010dilo v 24 urah: Zahtevo za povra\u010dilo lahko vlo\u017eite v 24 urah po oddaji naro\u010dila. Takoj nas kontaktirajte, da prejmete celotno povra\u010dilo. Zahteve za povra\u010dilo po 24 urah: Za naro\u010dila, oddana pred ve\u010d kot 24 urami, celotno povra\u010dilo morda ne bo mogo\u010de [\u2026]<\/p>","protected":false},"author":1,"featured_media":0,"parent":0,"menu_order":0,"comment_status":"closed","ping_status":"closed","template":"","meta":{"_acf_changed":false,"_uag_custom_page_level_css":"","_lmt_disableupdate":"","_lmt_disable":"","_monsterinsights_skip_tracking":false,"_monsterinsights_sitenote_active":false,"_monsterinsights_sitenote_note":"","_monsterinsights_sitenote_category":0,"site-sidebar-layout":"default","site-content-layout":"","ast-site-content-layout":"default","site-content-style":"default","site-sidebar-style":"default","ast-global-header-display":"","ast-banner-title-visibility":"","ast-main-header-display":"","ast-hfb-above-header-display":"","ast-hfb-below-header-display":"","ast-hfb-mobile-header-display":"","site-post-title":"","ast-breadcrumbs-content":"","ast-featured-img":"","footer-sml-layout":"","ast-disable-related-posts":"","theme-transparent-header-meta":"","adv-header-id-meta":"","stick-header-meta":"","header-above-stick-meta":"","header-main-stick-meta":"","header-below-stick-meta":"","astra-migrate-meta-layouts":"set","ast-page-background-enabled":"default","ast-page-background-meta":{"desktop":{"background-color":"","background-image":"","background-repeat":"repeat","background-position":"center center","background-size":"auto","background-attachment":"scroll","background-type":"","background-media":"","overlay-type":"","overlay-color":"","overlay-opacity":"","overlay-gradient":""},"tablet":{"background-color":"","background-image":"","background-repeat":"repeat","background-position":"center center","background-size":"auto","background-attachment":"scroll","background-type":"","background-media":"","overlay-type":"","overlay-color":"","overlay-opacity":"","overlay-gradient":""},"mobile":{"background-color":"","background-image":"","background-repeat":"repeat","background-position":"center center","background-size":"auto","background-attachment":"scroll","background-type":"","background-media":"","overlay-type":"","overlay-color":"","overlay-opacity":"","overlay-gradient":""}},"ast-content-background-meta":{"desktop":{"background-color":"var(--ast-global-color-5)","background-image":"","background-repeat":"repeat","background-position":"center center","background-size":"auto","background-attachment":"scroll","background-type":"","background-media":"","overlay-type":"","overlay-color":"","overlay-opacity":"","overlay-gradient":""},"tablet":{"background-color":"var(--ast-global-color-5)","background-image":"","background-repeat":"repeat","background-position":"center center","background-size":"auto","background-attachment":"scroll","background-type":"","background-media":"","overlay-type":"","overlay-color":"","overlay-opacity":"","overlay-gradient":""},"mobile":{"background-color":"var(--ast-global-color-5)","background-image":"","background-repeat":"repeat","background-position":"center center","background-size":"auto","background-attachment":"scroll","background-type":"","background-media":"","overlay-type":"","overlay-color":"","overlay-opacity":"","overlay-gradient":""}},"_joinchat":[],"footnotes":""},"class_list":["post-2769","page","type-page","status-publish","hentry"],"acf":[],"uagb_featured_image_src":{"full":false,"thumbnail":false,"medium":false,"medium_large":false,"large":false,"1536x1536":false,"2048x2048":false,"trp-custom-language-flag":false,"woocommerce_thumbnail":false,"woocommerce_single":false,"woocommerce_gallery_thumbnail":false},"uagb_author_info":{"display_name":"yannazhan@gmail.com","author_link":"https:\/\/vapestornado.com\/sl\/author\/yannazhangmail-com\/"},"uagb_comment_info":0,"uagb_excerpt":"Thank you for shopping with vapestornado. Please review our refund policy carefully: Refund Requests Within 24 Hours:You may request a refund within 24 hours of placing your order. Contact us promptly to receive a full refund. Refund Requests After 24 Hours:For orders placed more than 24 hours ago, a full refund may not be possible&hellip;","_links":{"self":[{"href":"https:\/\/vapestornado.com\/sl\/wp-json\/wp\/v2\/pages\/2769","targetHints":{"allow":["GET"]}}],"collection":[{"href":"https:\/\/vapestornado.com\/sl\/wp-json\/wp\/v2\/pages"}],"about":[{"href":"https:\/\/vapestornado.com\/sl\/wp-json\/wp\/v2\/types\/page"}],"author":[{"embeddable":true,"href":"https:\/\/vapestornado.com\/sl\/wp-json\/wp\/v2\/users\/1"}],"replies":[{"embeddable":true,"href":"https:\/\/vapestornado.com\/sl\/wp-json\/wp\/v2\/comments?post=2769"}],"version-history":[{"count":2,"href":"https:\/\/vapestornado.com\/sl\/wp-json\/wp\/v2\/pages\/2769\/revisions"}],"predecessor-version":[{"id":2771,"href":"https:\/\/vapestornado.com\/sl\/wp-json\/wp\/v2\/pages\/2769\/revisions\/2771"}],"wp:attachment":[{"href":"https:\/\/vapestornado.com\/sl\/wp-json\/wp\/v2\/media?parent=2769"}],"curies":[{"name":"wp","href":"https:\/\/api.w.org\/{rel}","templated":true}]}}